{"id":59,"date":"2019-02-28T13:52:13","date_gmt":"2019-02-28T12:52:13","guid":{"rendered":"http:\/\/www.ull.es\/formacion-permanente\/diploma-gastronomia\/?page_id=59"},"modified":"2022-07-12T15:47:58","modified_gmt":"2022-07-12T13:47:58","slug":"equipo-docente","status":"publish","type":"page","link":"https:\/\/www.ull.es\/formacion-permanente\/master-propio-agroecologia-soberania-alimentaria\/equipo-docente\/","title":{"rendered":"Equipo Docente"},"content":{"rendered":"<p>[vc_row][vc_column width=\u00bb2\/3&#8243;][vc_column_text]<\/p>\n<h1>Equipo Docente<\/h1>\n<p>Para ver el Equipo Docente de este M\u00e1ster, pulse este <a href=\"https:\/\/drive.google.com\/file\/d\/1VMCzcWzFdJkYt_gPhOjUTF3RglyQjAZL\/view?usp=sharing\" target=\"_blank\" rel=\"noopener\" target=\"_blank\" rel=\"noopener\">enlace<\/a>.[\/vc_column_text][\/vc_column][vc_column width=\u00bb1\/3&#8243;][vc_column_text]\n<ul class=\"widget-box\">\n<li class='contacto-header'>Informaci\u00f3n de contacto<\/li><li><i class=\"fa fa-map-marker\"><\/i> Avda. Astrof\u00edsico Francisco S\u00e1nchez, SN. Edificio Calabaza - AN.2D Apdo. 456 38200 San Crist\u00f3bal de La Laguna.<\/li><li><i class=\"fa fa-phone\"><\/i> (+34) 922 31 79 00 \/ 95 38<\/li>\n<\/ul>\n\n[\/vc_column_text][\/vc_column][\/vc_row]<\/p>\n","protected":false},"excerpt":{"rendered":"<p>[vc_row][vc_column width=\u00bb2\/3&#8243;][vc_column_text] Equipo Docente Para ver el Equipo Docente de este M\u00e1ster, pulse este enlace.[\/vc_column_text][\/vc_column][vc_column width=\u00bb1\/3&#8243;][vc_column_text][\/vc_column_text][\/vc_column][\/vc_row]<\/p>\n","protected":false},"author":4,"featured_media":0,"parent":0,"menu_order":0,"comment_status":"closed","ping_status":"closed","template":"","meta":{"footnotes":""},"class_list":["post-59","page","type-page","status-publish","hentry"],"_links":{"self":[{"href":"https:\/\/www.ull.es\/formacion-permanente\/master-propio-agroecologia-soberania-alimentaria\/wp-json\/wp\/v2\/pages\/59","targetHints":{"allow":["GET"]}}],"collection":[{"href":"https:\/\/www.ull.es\/formacion-permanente\/master-propio-agroecologia-soberania-alimentaria\/wp-json\/wp\/v2\/pages"}],"about":[{"href":"https:\/\/www.ull.es\/formacion-permanente\/master-propio-agroecologia-soberania-alimentaria\/wp-json\/wp\/v2\/types\/page"}],"author":[{"embeddable":true,"href":"https:\/\/www.ull.es\/formacion-permanente\/master-propio-agroecologia-soberania-alimentaria\/wp-json\/wp\/v2\/users\/4"}],"replies":[{"embeddable":true,"href":"https:\/\/www.ull.es\/formacion-permanente\/master-propio-agroecologia-soberania-alimentaria\/wp-json\/wp\/v2\/comments?post=59"}],"version-history":[{"count":11,"href":"https:\/\/www.ull.es\/formacion-permanente\/master-propio-agroecologia-soberania-alimentaria\/wp-json\/wp\/v2\/pages\/59\/revisions"}],"predecessor-version":[{"id":302,"href":"https:\/\/www.ull.es\/formacion-permanente\/master-propio-agroecologia-soberania-alimentaria\/wp-json\/wp\/v2\/pages\/59\/revisions\/302"}],"wp:attachment":[{"href":"https:\/\/www.ull.es\/formacion-permanente\/master-propio-agroecologia-soberania-alimentaria\/wp-json\/wp\/v2\/media?parent=59"}],"curies":[{"name":"wp","href":"https:\/\/api.w.org\/{rel}","templated":true}]}}