{"id":26,"date":"2018-03-15T09:25:25","date_gmt":"2018-03-15T09:25:25","guid":{"rendered":"http:\/\/www.ull.es\/formacion-permanente\/master-propio-gestion-agua\/?page_id=26"},"modified":"2018-07-20T11:41:53","modified_gmt":"2018-07-20T11:41:53","slug":"justificacion-del-titulo","status":"publish","type":"page","link":"https:\/\/www.ull.es\/formacion-permanente\/master-propio-gestion-agua\/en\/justificacion-del-titulo\/","title":{"rendered":"Title justification"},"content":{"rendered":"<h1>Title justification<\/h1>\n<p>Currently, several undergraduate programs at the University of La Laguna offer water-related subjects in their curriculum. Upon completion of undergraduate studies, it seems appropriate to offer an eminently practical training program that provides students with a multidisciplinary approach. This training should be geared toward preparing students for leadership and management positions in public organizations responsible for the entire water cycle, municipal or joint services that manage parts or all of the entire water cycle, as well as in hydraulic engineering consulting firms.<\/p>","protected":false},"excerpt":{"rendered":"<p>Justificaci\u00f3n del t\u00edtulo En la actualidad son varios los t\u00edtulos de Grado de la Universidad de La Laguna en cuyo curriculum se imparten materias relacionadas con el agua. Al completar los estudios de Grado parece adecuado ofertar una formaci\u00f3n de car\u00e1cter eminentemente pr\u00e1ctico que aporte al estudiante formaci\u00f3n multidisciplinar. Dicha formaci\u00f3n debe ir encaminada a&#8230;<\/p>","protected":false},"author":1,"featured_media":0,"parent":0,"menu_order":0,"comment_status":"closed","ping_status":"closed","template":"","meta":{"footnotes":""},"class_list":["post-26","page","type-page","status-publish","hentry"],"_links":{"self":[{"href":"https:\/\/www.ull.es\/formacion-permanente\/master-propio-gestion-agua\/en\/wp-json\/wp\/v2\/pages\/26","targetHints":{"allow":["GET"]}}],"collection":[{"href":"https:\/\/www.ull.es\/formacion-permanente\/master-propio-gestion-agua\/en\/wp-json\/wp\/v2\/pages"}],"about":[{"href":"https:\/\/www.ull.es\/formacion-permanente\/master-propio-gestion-agua\/en\/wp-json\/wp\/v2\/types\/page"}],"author":[{"embeddable":true,"href":"https:\/\/www.ull.es\/formacion-permanente\/master-propio-gestion-agua\/en\/wp-json\/wp\/v2\/users\/1"}],"replies":[{"embeddable":true,"href":"https:\/\/www.ull.es\/formacion-permanente\/master-propio-gestion-agua\/en\/wp-json\/wp\/v2\/comments?post=26"}],"version-history":[{"count":5,"href":"https:\/\/www.ull.es\/formacion-permanente\/master-propio-gestion-agua\/en\/wp-json\/wp\/v2\/pages\/26\/revisions"}],"predecessor-version":[{"id":127,"href":"https:\/\/www.ull.es\/formacion-permanente\/master-propio-gestion-agua\/en\/wp-json\/wp\/v2\/pages\/26\/revisions\/127"}],"wp:attachment":[{"href":"https:\/\/www.ull.es\/formacion-permanente\/master-propio-gestion-agua\/en\/wp-json\/wp\/v2\/media?parent=26"}],"curies":[{"name":"wp","href":"https:\/\/api.w.org\/{rel}","templated":true}]}}