{"id":33,"date":"2018-03-15T09:45:15","date_gmt":"2018-03-15T09:45:15","guid":{"rendered":"http:\/\/www.ull.es\/formacion-permanente\/master-propio-gestion-agua\/?page_id=33"},"modified":"2025-08-08T09:29:37","modified_gmt":"2025-08-08T09:29:37","slug":"estructura-del-plan-de-estudios","status":"publish","type":"page","link":"https:\/\/www.ull.es\/formacion-permanente\/master-propio-gestion-agua\/fr\/estructura-del-plan-de-estudios\/","title":{"rendered":"Structure du programme"},"content":{"rendered":"\n<div class=\"wp-block-stackable-columns alignfull stk-block-columns stk-block stk-8657999\" data-block-id=\"8657999\"><style>.stk-8657999 {padding-bottom:0px !important;margin-top:-30px !important;margin-bottom:0px !important;}@media screen and (max-width: 767px){.stk-8657999 {margin-top:-10% !important;}}<\/style><div class=\"stk-row stk-inner-blocks stk-block-content stk-content-align stk-8657999-column alignfull\">\n<div class=\"wp-block-stackable-column stk-block-column stk-column stk-block stk-914f03e\" data-v=\"4\" data-block-id=\"914f03e\"><div class=\"stk-column-wrapper stk-block-column__content stk-container stk-914f03e-container stk--no-background stk--no-padding\"><div class=\"stk-block-content stk-inner-blocks stk-914f03e-inner-blocks\"><style id=\"depicter-2-inline-pre-css\">\n\n.depicter-2:not(.depicter-ready){\n\theight:450px;\n}\n\n\/***** Tablet *****\/\n@media screen and (max-width: 1024px){\n\n.depicter-2:not(.depicter-ready){\n\theight:700px;\n}\n\n}\n\/***** Mobile *****\/\n@media screen and (max-width: 767px){\n\n.depicter-2:not(.depicter-ready){\n\theight:450px;\n}\n\n}\n<\/style>\n<div id=\"depicter-2\" class=\"depicter depicter-document depicter-revert depicter-2 depicter-layout-fullwidth\">\n\n<div class=\"depicter-loading-container depicter-loading dotFlashing-dark\"><div class=\"depicter-loading-dark depicter-dot-flashing\">\n   <span><\/span>\n   <span><\/span>\n   <span><\/span>\n<\/div>\n<\/div>\n<div id=\"depicter-2-section-1\" class=\"depicter-section depicter-2-section-1\" data-name=\"Section 1\" data-type=\"section\" data-local-id=\"section-1\">\n<picture class=\"depicter-bg\">\n<source data-depicter-srcset=\"https:\/\/www.ull.es\/formacion-permanente\/master-propio-gestion-agua\/wp-content\/uploads\/sites\/19\/2025\/08\/@PeXi40784-768x512.jpg, https:\/\/www.ull.es\/formacion-permanente\/master-propio-gestion-agua\/wp-content\/uploads\/sites\/19\/2025\/08\/@PeXi40784.jpg 2x\" srcset=\"data:image\/gif;base64,R0lGODlhAQABAIAAAAAAAP\/\/\/yH5BAEAAAAALAAAAAABAAEAAAIBRAA7\" media=\"(max-width: 1024px)\" \/>\n\n<source data-depicter-srcset=\"https:\/\/www.ull.es\/formacion-permanente\/master-propio-gestion-agua\/wp-content\/uploads\/sites\/19\/2025\/08\/@PeXi40784.jpg, https:\/\/www.ull.es\/formacion-permanente\/master-propio-gestion-agua\/wp-content\/uploads\/sites\/19\/2025\/08\/@PeXi40784-1920x1280.jpg 2x\" srcset=\"data:image\/gif;base64,R0lGODlhAQABAIAAAAAAAP\/\/\/yH5BAEAAAAALAAAAAABAAEAAAIBRAA7\" media=\"(min-width: 1025px)\" \/>\n<img decoding=\"async\" src=\"data:image\/gif;base64,R0lGODlhAQABAIAAAAAAAP\/\/\/yH5BAEAAAAALAAAAAABAAEAAAIBRAA7\" data-ken-burns=\"false\" data-tablet-ken-burns=\"false\" data-mobile-ken-burns=\"false\" alt=\"\" data-depicter-src=\"https:\/\/www.ull.es\/formacion-permanente\/master-propio-gestion-agua\/wp-content\/uploads\/sites\/19\/2025\/08\/@PeXi40784.jpg\" data-object-fit=\"custom,custom,\" data-object-position=\"center top,,\" data-crop=\"{'focalPoint':{'x':0.5,'y':0.5},'mediaSize':{'width':1200,'height':800}}\" data-tablet-crop=\"{'focalPoint':{'x':0.5,'y':0.5},'mediaSize':{'width':1050,'height':700}}\" data-mobile-crop=\"{'focalPoint':{'x':0.5,'y':0.5},'mediaSize':{'width':675,'height':450}}\" \/>\n<\/picture>\n\n\n<h1 id=\"depicter-2-element-5\" class=\"depicter-element depicter-layer depicter-2-element-5\" data-type=\"text\" data-wrap=\"true\" data-name=\"Text 2\" data-local-id=\"element-5\" data-offset=\"x:6px;y:141px;origin:tl\" data-tablet-offset=\"x:234px;y:291px;origin:tl\" data-mobile-offset=\"x:28px;y:189px;origin:tl\" data-width=\"1004px,646px,376px\" data-height=\"auto,auto,auto\" data-responsive-scale=\"true,,\">M\u00e1ster Propio en Gesti\u00f3n del Agua<br><\/h1>\n\n<div id=\"depicter-2-element-10\" class=\"depicter-element depicter-layer depicter-2-element-10\" data-type=\"shape\" data-wrap=\"true\" data-name=\"Shape 1\" data-local-id=\"element-10\" data-offset=\"x:0px;y:366px;origin:tl\" data-tablet-offset=\"x:188px;y:475px;origin:tl\" data-mobile-offset=\"x:0px;y:286px;origin:tl\" data-width=\"968px,647px,360px\" data-height=\"8px,8px,8px\" data-responsive-scale=\"true,,\"><\/div>\n<\/div>\n<\/div>\n<script>\n(window.depicterSetups = window.depicterSetups || []).push(function(){\n\tDepicter.basePath = 'https:\/\/www.ull.es\/formacion-permanente\/master-propio-gestion-agua\/wp-content\/plugins\/depicter\/resources\/scripts\/player\/';\n\tconst dpPlayer = Depicter.setup('.depicter-2',\n\t\t{\"width\":[\"1200\",\"1024\",\"360\"],\"height\":[\"450\",\"700\",\"450\"],\"view\":\"basic\",\"keepAspectRatio\":true,\"preload\":0,\"layout\":\"fullwidth\",\"rtl\":false,\"initAfterAppear\":false,\"ajaxApiUrl\":\"https:\\\/\\\/www.ull.es\\\/formacion-permanente\\\/master-propio-gestion-agua\\\/wp-admin\\\/admin-ajax.php\",\"mouseSwipe\":true,\"touchSwipe\":true,\"useWatermark\":false}\n\t);\n});\n<\/script><\/div><\/div><\/div>\n<\/div><\/div>\n\n\n\n<div class=\"wp-block-stackable-columns alignfull stk-block-columns stk--hide-mobile stk-block stk-ceecbdc stk-block-background\" data-block-id=\"ceecbdc\"><style>.stk-ceecbdc {background-color:#e2be27 !important;padding-top:65px !important;padding-right:0px !important;padding-bottom:2px !important;padding-left:0px !important;margin-top:-20px !important;margin-bottom:0px !important;}.stk-ceecbdc:before{background-color:#e2be27 !important;}<\/style><div class=\"stk-row stk-inner-blocks stk-block-content stk-content-align stk-ceecbdc-column alignfull\">\n<div class=\"wp-block-stackable-column stk-block-column stk-column stk-block stk-fc60a5d\" data-v=\"4\" data-block-id=\"fc60a5d\"><div class=\"stk-column-wrapper stk-block-column__content stk-container stk-fc60a5d-container stk--no-background stk--no-padding\"><div class=\"stk-block-content stk-inner-blocks stk-fc60a5d-inner-blocks\">\n<div class=\"wp-block-stackable-spacer stk-block-spacer stk--no-padding stk-block stk-a3a8a68\" data-block-id=\"a3a8a68\"><style>.stk-a3a8a68 {height:0px !important;}<\/style><\/div>\n<\/div><\/div><\/div>\n<\/div><\/div>\n\n\n\n<div class=\"wp-block-stackable-columns stk-block-columns stk-block stk-8b59b96\" data-block-id=\"8b59b96\"><style>.stk-8b59b96 .stk--block-align-8b59b96{align-items:flex-start !important;}.stk-8b59b96 {margin-top:50px !important;}.stk-8b59b96-column{--stk-columns-spacing:0px !important;--stk-column-gap:50px !important;}@media screen and (max-width: 767px){.stk-8b59b96-column{row-gap:var(--stk--preset--spacing--60, 2.25rem) !important;}}<\/style><div class=\"stk-row stk-inner-blocks stk--block-align-8b59b96 stk-block-content stk-content-align stk-8b59b96-column\">\n<div class=\"wp-block-stackable-column stk-block-column stk-column stk-block stk-dbb7e15\" data-v=\"4\" data-block-id=\"dbb7e15\"><style>@media screen and (min-width: 768px){.stk-dbb7e15 {flex:var(--stk-flex-grow, 1) 1 66.7% !important;}}<\/style><div class=\"stk-column-wrapper stk-block-column__content stk-container stk-dbb7e15-container stk--no-background stk--no-padding\"><div class=\"stk-block-content stk-inner-blocks stk-dbb7e15-inner-blocks\">\n<div class=\"wp-block-stackable-heading stk-block-heading stk-block-heading--v2 stk-block stk-fc6338c\" id=\"estructura-del-plan-de-estudios\" data-block-id=\"fc6338c\"><style>.stk-fc6338c {margin-bottom:50px !important;}.stk-fc6338c .stk-block-heading__text{color:#000000 !important;}<\/style><h1 class=\"stk-block-heading__text has-text-color\">Estructura del plan de estudios<\/h1><\/div>\n\n\n\n<table>\n<tbody>\n<tr>\n<td colspan=\"4\" width=\"606\"><strong>DESGLOSE CURRICULAR DE LA TITULACI\u00d3N<\/strong><\/td>\n<\/tr>\n<tr>\n<td width=\"321\"><strong>ASIGNATURA<\/strong><\/td>\n<td width=\"95\"><strong>TIPOLOG\u00cdA<\/strong><\/td>\n<td width=\"75\"><strong>CR\u00c9DITOS<\/strong><\/td>\n<td width=\"115\"><strong>CAR\u00c1CTER<\/strong><\/td>\n<\/tr>\n<tr>\n<td width=\"321\">\n<p style=\"text-align: left;\">INTRODUCCI\u00d3N A LA QU\u00cdMICA DEL AGUA<\/p>\n<\/td>\n<td style=\"text-align: left;\" width=\"95\">OBLIGATORIA<\/td>\n<td style=\"text-align: left;\" width=\"75\">3<\/td>\n<td style=\"text-align: left;\" width=\"115\">CUATRIMESTRE 1<\/td>\n<\/tr>\n<tr>\n<td width=\"321\">GEOLOG\u00cdA E HIDROGEOLOG\u00cdA<\/td>\n<td width=\"95\">OBLIGATORIA<\/td>\n<td width=\"75\">3<\/td>\n<td width=\"115\">CUATRIMESTRE 1<\/td>\n<\/tr>\n<tr>\n<td width=\"321\">FUNDAMENTOS DE INGENIER\u00cdA CIVIL<\/td>\n<td width=\"95\">OBLIGATORIA<\/td>\n<td width=\"75\">3<\/td>\n<td width=\"115\">CUATRIMESTRE 1<\/td>\n<\/tr>\n<tr>\n<td width=\"321\">GESTI\u00d3N DE PROYECTOS e I+D+i<\/td>\n<td width=\"95\">OBLIGATORIA<\/td>\n<td width=\"75\">4<\/td>\n<td width=\"115\">CUATRIMESTRE 1<\/td>\n<\/tr>\n<tr>\n<td width=\"321\">DIRECCI\u00d3N, GESTI\u00d3N ECON\u00d3MICA Y FINANCIERA DE\n\nEMPRESAS DEL SECTOR DEL AGUA<\/td>\n<td width=\"95\">OBLIGATORIA<\/td>\n<td width=\"75\">3<\/td>\n<td width=\"115\">CUATRIMESTRE 1<\/td>\n<\/tr>\n<tr>\n<td width=\"321\">RECURSOS H\u00cdDRICOS<\/td>\n<td width=\"95\">OBLIGATORIA<\/td>\n<td width=\"75\">3<\/td>\n<td width=\"115\">CUATRIMESTRE 1<\/td>\n<\/tr>\n<tr>\n<td width=\"321\">TECNOLOG\u00cdAS DE PRODUCCI\u00d3N DEL RECURSO AGUA<\/td>\n<td width=\"95\">OBLIGATORIA<\/td>\n<td width=\"75\">4<\/td>\n<td width=\"115\">CUATRIMESTRE 1<\/td>\n<\/tr>\n<tr>\n<td width=\"321\">DISTRIBUCI\u00d3N DE AGUA<\/td>\n<td width=\"95\">OBLIGATORIA<\/td>\n<td width=\"75\">4<\/td>\n<td width=\"115\">CUATRIMESTRE 1<\/td>\n<\/tr>\n<tr>\n<td width=\"321\">DRENAJES Y SANEAMIENTO<\/td>\n<td width=\"95\">OBLIGATORIA<\/td>\n<td width=\"75\">4<\/td>\n<td width=\"115\">CUATRIMESTRE 1<\/td>\n<\/tr>\n<tr>\n<td width=\"321\">TRATAMIENTO DE AGUAS<\/td>\n<td width=\"95\">OBLIGATORIA<\/td>\n<td width=\"75\">5<\/td>\n<td width=\"115\">CUATRIMESTRE 2<\/td>\n<\/tr>\n<tr>\n<td width=\"321\">MARCO NORMATIVO DEL AGUA<\/td>\n<td width=\"95\">OBLIGATORIA<\/td>\n<td width=\"75\">3<\/td>\n<td width=\"115\">CUATRIMESTRE 2<\/td>\n<\/tr>\n<tr>\n<td width=\"321\">CALIDAD DEL AGUA Y AIRE. CONTROL DE VERTIDOS<\/td>\n<td width=\"95\">OBLIGATORIA<\/td>\n<td width=\"75\">3<\/td>\n<td width=\"115\">CUATRIMESTRE 2<\/td>\n<\/tr>\n<tr>\n<td width=\"321\">BINOMIO AGUA-ENERG\u00cdA<\/td>\n<td width=\"95\">OBLIGATORIA<\/td>\n<td width=\"75\">3<\/td>\n<td width=\"115\">CUATRIMESTRE 2<\/td>\n<\/tr>\n<tr>\n<td width=\"321\">Pr\u00e1cticas Externas<\/td>\n<td width=\"95\">OBLIGATORIA<\/td>\n<td width=\"75\">6<\/td>\n<td width=\"115\">CUATRIMESTRE 2<\/td>\n<\/tr>\n<tr>\n<td style=\"text-align: left;\" width=\"321\">Trabajo Fin de M\u00e1ster<\/td>\n<td style=\"text-align: left;\" width=\"95\">OBLIGATORIA<\/td>\n<td style=\"text-align: left;\" width=\"75\">9<\/td>\n<td style=\"text-align: left;\" width=\"115\">CUATRIMESTRE 2<\/td>\n<\/tr>\n<\/tbody>\n<\/table>\n\n\n\n<p>En lo que se refiere a la estructura temporal, se impartir\u00e1 desde el 3 de octubre de 2022 al 30 de septiembre de 2023, hasta completar un total de 60 cr\u00e9ditos.<br>Las clases presenciales se desarrollar\u00e1n 5 tardes semanales en sesiones de 4 horas de manera on-line s\u00edncrona a trav\u00e9s de Google Meet, tal y como recomienda la ULL. En todos los casos, con descansos de 20 minutos cada 2 horas presenciales.<\/p>\n\n\n\n<p>Adem\u00e1s, se desarrollar\u00e1n de manera presencial, 30 horas de pr\u00e1cticas de campo de diferentes materias a desarrollar a principios del mes de mayo 2023, as\u00ed como la asignatura Pr\u00e1cticas Externas durante el segundo cuatrimestre.<\/p>\n<\/div><\/div><\/div>\n\n\n\n<div class=\"wp-block-stackable-column stk-block-column stk-column stk-block stk-53ec762\" data-v=\"4\" data-block-id=\"53ec762\"><style>.stk-53ec762-inner-blocks{row-gap:0px !important;}.stk-53ec762 {padding-top:0px !important;padding-right:0px !important;padding-bottom:0px !important;padding-left:0px !important;margin-top:1.75% !important;}@media screen and (min-width: 768px){.stk-53ec762 {flex:var(--stk-flex-grow, 1) 1 33.3% !important;}}<\/style><div class=\"stk-column-wrapper stk-block-column__content stk-container stk-53ec762-container stk--no-background stk--no-padding\"><div class=\"stk-block-content stk-inner-blocks stk-53ec762-inner-blocks\">\n<ul class=\"widget-box\">\n<li class='contacto-header'>Informaci\u00f3n de contacto<\/li><li><i class=\"fa fa-map-marker\"><\/i> Avda. Astrof\u00edsico Francisco S\u00e1nchez, SN. Edificio Calabaza - AN.2D Apdo. 456 38200 San Crist\u00f3bal de La Laguna.<\/li><li><i class=\"fa fa-phone\"><\/i> (+34) 922 31 79 00 \/ 95 38<\/li><li><i class=\"fa fa-envelope\"><\/i>  <a href=mailto:tpropios@ull.es>tpropios@ull.es<\/a><\/li>\n<\/ul>\n\n\n\n\n\n<div class=\"wp-block-stackable-spacer stk-block-spacer stk--no-padding stk-block stk-6d33d0e\" data-block-id=\"6d33d0e\"><style>.stk-6d33d0e {height:25px !important;}<\/style><\/div>\n<\/div><\/div><\/div>\n<\/div><\/div>\n","protected":false},"excerpt":{"rendered":"<p>Estructura del plan de estudios DESGLOSE CURRICULAR DE LA TITULACI\u00d3N ASIGNATURA TIPOLOG\u00cdA CR\u00c9DITOS CAR\u00c1CTER INTRODUCCI\u00d3N A LA QU\u00cdMICA DEL AGUA OBLIGATORIA 3 CUATRIMESTRE 1 GEOLOG\u00cdA E HIDROGEOLOG\u00cdA OBLIGATORIA 3 CUATRIMESTRE 1 FUNDAMENTOS DE INGENIER\u00cdA CIVIL OBLIGATORIA 3 CUATRIMESTRE 1 GESTI\u00d3N DE PROYECTOS e I+D+i OBLIGATORIA 4 CUATRIMESTRE 1 DIRECCI\u00d3N, GESTI\u00d3N ECON\u00d3MICA Y FINANCIERA DE EMPRESAS&#8230;<\/p>","protected":false},"author":1,"featured_media":0,"parent":0,"menu_order":0,"comment_status":"closed","ping_status":"closed","template":"templates\/template-frontpage.php","meta":{"footnotes":""},"class_list":["post-33","page","type-page","status-publish","hentry"],"_links":{"self":[{"href":"https:\/\/www.ull.es\/formacion-permanente\/master-propio-gestion-agua\/fr\/wp-json\/wp\/v2\/pages\/33","targetHints":{"allow":["GET"]}}],"collection":[{"href":"https:\/\/www.ull.es\/formacion-permanente\/master-propio-gestion-agua\/fr\/wp-json\/wp\/v2\/pages"}],"about":[{"href":"https:\/\/www.ull.es\/formacion-permanente\/master-propio-gestion-agua\/fr\/wp-json\/wp\/v2\/types\/page"}],"author":[{"embeddable":true,"href":"https:\/\/www.ull.es\/formacion-permanente\/master-propio-gestion-agua\/fr\/wp-json\/wp\/v2\/users\/1"}],"replies":[{"embeddable":true,"href":"https:\/\/www.ull.es\/formacion-permanente\/master-propio-gestion-agua\/fr\/wp-json\/wp\/v2\/comments?post=33"}],"version-history":[{"count":9,"href":"https:\/\/www.ull.es\/formacion-permanente\/master-propio-gestion-agua\/fr\/wp-json\/wp\/v2\/pages\/33\/revisions"}],"predecessor-version":[{"id":290,"href":"https:\/\/www.ull.es\/formacion-permanente\/master-propio-gestion-agua\/fr\/wp-json\/wp\/v2\/pages\/33\/revisions\/290"}],"wp:attachment":[{"href":"https:\/\/www.ull.es\/formacion-permanente\/master-propio-gestion-agua\/fr\/wp-json\/wp\/v2\/media?parent=33"}],"curies":[{"name":"wp","href":"https:\/\/api.w.org\/{rel}","templated":true}]}}