{"id":26,"date":"2018-03-15T09:25:25","date_gmt":"2018-03-15T09:25:25","guid":{"rendered":"http:\/\/www.ull.es\/formacion-permanente\/master-propio-gestion-agua\/?page_id=26"},"modified":"2018-07-20T11:41:53","modified_gmt":"2018-07-20T11:41:53","slug":"justificacion-del-titulo","status":"publish","type":"page","link":"https:\/\/www.ull.es\/formacion-permanente\/master-propio-gestion-agua\/justificacion-del-titulo\/","title":{"rendered":"Justificaci\u00f3n del t\u00edtulo"},"content":{"rendered":"<h1>Justificaci\u00f3n del t\u00edtulo<\/h1>\n<p>En la actualidad son varios los t\u00edtulos de Grado de la Universidad de La Laguna en cuyo curriculum se imparten materias relacionadas con el agua. Al completar los estudios de Grado parece adecuado ofertar una formaci\u00f3n de car\u00e1cter eminentemente pr\u00e1ctico que aporte al estudiante formaci\u00f3n multidisciplinar. Dicha formaci\u00f3n debe ir encaminada a que el estudiante se prepare para desarrollar trabajos de direcci\u00f3n y gesti\u00f3n en organismos p\u00fablicos responsables del ciclo integral del agua, servicios municipales o mancomunados que gestionen partes o la totalidad del ciclo integral del agua, as\u00ed como en empresas consultoras de ingenier\u00eda hidr\u00e1ulica.<\/p>\n","protected":false},"excerpt":{"rendered":"<p>Justificaci\u00f3n del t\u00edtulo En la actualidad son varios los t\u00edtulos de Grado de la Universidad de La Laguna en cuyo curriculum se imparten materias relacionadas con el agua. Al completar los estudios de Grado parece adecuado ofertar una formaci\u00f3n de car\u00e1cter eminentemente pr\u00e1ctico que aporte al estudiante formaci\u00f3n multidisciplinar. Dicha formaci\u00f3n debe ir encaminada a&#8230;<\/p>\n","protected":false},"author":1,"featured_media":0,"parent":0,"menu_order":0,"comment_status":"closed","ping_status":"closed","template":"","meta":{"footnotes":""},"class_list":["post-26","page","type-page","status-publish","hentry"],"_links":{"self":[{"href":"https:\/\/www.ull.es\/formacion-permanente\/master-propio-gestion-agua\/wp-json\/wp\/v2\/pages\/26","targetHints":{"allow":["GET"]}}],"collection":[{"href":"https:\/\/www.ull.es\/formacion-permanente\/master-propio-gestion-agua\/wp-json\/wp\/v2\/pages"}],"about":[{"href":"https:\/\/www.ull.es\/formacion-permanente\/master-propio-gestion-agua\/wp-json\/wp\/v2\/types\/page"}],"author":[{"embeddable":true,"href":"https:\/\/www.ull.es\/formacion-permanente\/master-propio-gestion-agua\/wp-json\/wp\/v2\/users\/1"}],"replies":[{"embeddable":true,"href":"https:\/\/www.ull.es\/formacion-permanente\/master-propio-gestion-agua\/wp-json\/wp\/v2\/comments?post=26"}],"version-history":[{"count":5,"href":"https:\/\/www.ull.es\/formacion-permanente\/master-propio-gestion-agua\/wp-json\/wp\/v2\/pages\/26\/revisions"}],"predecessor-version":[{"id":127,"href":"https:\/\/www.ull.es\/formacion-permanente\/master-propio-gestion-agua\/wp-json\/wp\/v2\/pages\/26\/revisions\/127"}],"wp:attachment":[{"href":"https:\/\/www.ull.es\/formacion-permanente\/master-propio-gestion-agua\/wp-json\/wp\/v2\/media?parent=26"}],"curies":[{"name":"wp","href":"https:\/\/api.w.org\/{rel}","templated":true}]}}