{"id":26,"date":"2018-03-15T09:25:25","date_gmt":"2018-03-15T09:25:25","guid":{"rendered":"http:\/\/www.ull.es\/formacion-permanente\/master-universitario-ingenieria-puerto-costas\/?page_id=26"},"modified":"2018-04-19T08:32:17","modified_gmt":"2018-04-19T08:32:17","slug":"justificacion-del-titulo","status":"publish","type":"page","link":"https:\/\/www.ull.es\/formacion-permanente\/master-propio-ingenieria-puerto-costas\/fr\/justificacion-del-titulo\/","title":{"rendered":"Justification du titre"},"content":{"rendered":"<h1>Justification du titre<\/h1>\n<div>Les \u00eeles Canaries sont une communaut\u00e9 autonome \u00e9troitement li\u00e9e \u00e0 la mer. Avec une superficie de seulement 7\u00a0500 km\u00b2 et plus de 1\u00a0100 km de c\u00f4tes, elles comptent parmi les territoires les plus maritimes au monde. La mer influence ainsi l&#039;activit\u00e9 humaine \u00e0 tous les niveaux\u00a0: de la culture et de la gastronomie \u00e0 l&#039;activit\u00e9 \u00e9conomique et \u00e0 la mobilit\u00e9, en passant par les sports et les loisirs.<\/div>\n<div>L&#039;oc\u00e9an s\u00e9pare les \u00eeles entre elles et du continent, tout en les unissant par des voies maritimes pour le transport de passagers et de marchandises. Source de ressources naturelles et principal moteur du climat insulaire, il influence ainsi de mani\u00e8re d\u00e9cisive le secteur \u00e9conomique le plus important de l&#039;archipel. La position g\u00e9ostrat\u00e9gique des \u00eeles, la diversit\u00e9 de leurs c\u00f4tes et de leurs fonds marins, ainsi que leur singularit\u00e9 d&#039;\u00eatre le seul archipel oc\u00e9anique du pays, sont des facteurs \u00e0 prendre en compte lors de la planification, de la gestion et de l&#039;entretien des infrastructures portuaires et de protection c\u00f4ti\u00e8re des Canaries. Ces infrastructures permettent \u00e9galement d&#039;exploiter pleinement le potentiel que la mer peut offrir aux \u00eeles, et ce de mani\u00e8re durable.<\/div>\n<div>Le Master interuniversitaire en ing\u00e9nierie portuaire et c\u00f4ti\u00e8re est pleinement justifi\u00e9 sur les \u00eeles Canaries, car il vise \u00e0 former des sp\u00e9cialistes de ces infrastructures au sein des deux universit\u00e9s publiques canariennes. Le programme s&#039;appuie sur un large \u00e9ventail de professeurs et d&#039;enseignants, issus de centres de recherche de pointe et de professionnels travaillant dans les entreprises, l&#039;administration et les autorit\u00e9s portuaires. L&#039;objectif est pr\u00e9cis\u00e9ment de capitaliser l&#039;exp\u00e9rience du plus grand nombre de ces professionnels (tout en respectant les exigences minimales du programme 30%, qui comprend des professeurs des deux universit\u00e9s et du programme de doctorat 30%). De plus, il comporte une importante composante pratique, allant du d\u00e9veloppement de projets pratiques par les \u00e9tudiants \u00e0 l&#039;utilisation d&#039;instruments de bathym\u00e9trie, d&#039;analyse de la corrosion en laboratoire, d&#039;analyse de l&#039;activit\u00e9 des vagues c\u00f4ti\u00e8res, ainsi qu&#039;\u00e0 des visites de ports et d&#039;ouvrages maritimes.<\/div>","protected":false},"excerpt":{"rendered":"<p>Justificaci\u00f3n del t\u00edtulo Canarias es una comunidad aut\u00f3noma necesariamente ligada al mar. Con apenas \u00a07500 km2 de extensi\u00f3n superficial, los m\u00e1s e 1100 km de l\u00ednea de costa hacen de las islas uno de los territorios con mayor presencia del mar en la geograf\u00eda.Es por eso que el mar condiciona la actividad humana en las&#8230;<\/p>","protected":false},"author":1,"featured_media":0,"parent":0,"menu_order":0,"comment_status":"closed","ping_status":"closed","template":"","meta":{"footnotes":""},"class_list":["post-26","page","type-page","status-publish","hentry"],"_links":{"self":[{"href":"https:\/\/www.ull.es\/formacion-permanente\/master-propio-ingenieria-puerto-costas\/fr\/wp-json\/wp\/v2\/pages\/26","targetHints":{"allow":["GET"]}}],"collection":[{"href":"https:\/\/www.ull.es\/formacion-permanente\/master-propio-ingenieria-puerto-costas\/fr\/wp-json\/wp\/v2\/pages"}],"about":[{"href":"https:\/\/www.ull.es\/formacion-permanente\/master-propio-ingenieria-puerto-costas\/fr\/wp-json\/wp\/v2\/types\/page"}],"author":[{"embeddable":true,"href":"https:\/\/www.ull.es\/formacion-permanente\/master-propio-ingenieria-puerto-costas\/fr\/wp-json\/wp\/v2\/users\/1"}],"replies":[{"embeddable":true,"href":"https:\/\/www.ull.es\/formacion-permanente\/master-propio-ingenieria-puerto-costas\/fr\/wp-json\/wp\/v2\/comments?post=26"}],"version-history":[{"count":3,"href":"https:\/\/www.ull.es\/formacion-permanente\/master-propio-ingenieria-puerto-costas\/fr\/wp-json\/wp\/v2\/pages\/26\/revisions"}],"predecessor-version":[{"id":78,"href":"https:\/\/www.ull.es\/formacion-permanente\/master-propio-ingenieria-puerto-costas\/fr\/wp-json\/wp\/v2\/pages\/26\/revisions\/78"}],"wp:attachment":[{"href":"https:\/\/www.ull.es\/formacion-permanente\/master-propio-ingenieria-puerto-costas\/fr\/wp-json\/wp\/v2\/media?parent=26"}],"curies":[{"name":"wp","href":"https:\/\/api.w.org\/{rel}","templated":true}]}}