{"id":26,"date":"2018-03-15T09:25:25","date_gmt":"2018-03-15T09:25:25","guid":{"rendered":"http:\/\/www.ull.es\/formacion-permanente\/master-universitario-ingenieria-puerto-costas\/?page_id=26"},"modified":"2018-04-19T08:32:17","modified_gmt":"2018-04-19T08:32:17","slug":"justificacion-del-titulo","status":"publish","type":"page","link":"https:\/\/www.ull.es\/formacion-permanente\/master-propio-ingenieria-puerto-costas\/justificacion-del-titulo\/","title":{"rendered":"Justificaci\u00f3n del t\u00edtulo"},"content":{"rendered":"<h1>Justificaci\u00f3n del t\u00edtulo<\/h1>\n<div>Canarias es una comunidad aut\u00f3noma necesariamente ligada al mar. Con apenas \u00a07500 km2 de extensi\u00f3n superficial, los m\u00e1s e 1100 km de l\u00ednea de costa hacen de las islas uno de los territorios con mayor presencia del mar en la geograf\u00eda.Es por eso que el mar condiciona la actividad humana en las islas a todos los niveles: desde la cultura y la gastronom\u00eda, hasta la actividad econ\u00f3mica y la movilidad, pasando por los deportes y el ocio.<\/div>\n<div>El oc\u00e9ano separa las islas entre s\u00ed y del continente, y al mismo tiempo las une a trav\u00e9s de las rutas mar\u00edtimas de transporte de los pasajeros y mercanc\u00edas. Es fuente de recursos naturales y el principales responsable dl clima de las islas, influyendo definitivmente de esta forma en el sector econ\u00f3mico m\u00e1s importante del archipi\u00e9lago. La posici\u00f3n geoestrat\u00e9gica de las islas, la diversidad en la orograg\u00eda de sus costtas y fondos costeros, y la particularidad \u00a0de ser el \u00fanico archipi\u00e9lago oce\u00e1nico del territorio nacional son factores que hay que considerar la hora de plantear, proyectar gestionar y mantener las infraestructuras portuarias y de protecci\u00f3n de costas en Canarias. Estas infraestructuras son adem\u00e1s el edio a trav\u00e9s del cual es posible extraer todo el potencial que el mar puede ofrecer a las islas, y hacerlo de form sostenible.<\/div>\n<div>Los estudios del t\u00edtulo propio de M\u00e1ster Interuniversidtario en Ingenier\u00eda de Puertos y Costas tienen plena justificaci\u00f3n en las islas, en tanto que persiguen formar especialistas en ests infraestruturas en ambas universidades p\u00fablicas canarias. El t\u00edtulo cuenta con un amplio abanico de profesores y ponentes, procedentes tanto de centros de investigaci\u00f3n de primera l\u00ednea, como profesionales en ejercicio en empresas en la administraci\u00f3n y en la autoridad portuaria. Precisamente con el objeto de canalizar la experiencia del mayor n\u00famero de estos profesionales ( aunque respetando el m\u00ednimo del \u00a030% de docentes procedentes de las dos universidades y del 30% de doctores). Adem\u00e1s, cuenta con una coponente pr\u00e1ctica importante, incluyendo desde la elaboraci\u00f3n de proyectos pr\u00e1cticos por parte de los estudiantes hasta el manejo de instrumental para realizaci\u00f3n de batimetr\u00edas, an\u00e1lisis de la corrosi\u00f3n en laboratorio, oleaje en la costa, adem\u00e1s de visitas a puertos y obras mar\u00edtimas.<\/div>\n","protected":false},"excerpt":{"rendered":"<p>Justificaci\u00f3n del t\u00edtulo Canarias es una comunidad aut\u00f3noma necesariamente ligada al mar. Con apenas \u00a07500 km2 de extensi\u00f3n superficial, los m\u00e1s e 1100 km de l\u00ednea de costa hacen de las islas uno de los territorios con mayor presencia del mar en la geograf\u00eda.Es por eso que el mar condiciona la actividad humana en las&#8230;<\/p>\n","protected":false},"author":1,"featured_media":0,"parent":0,"menu_order":0,"comment_status":"closed","ping_status":"closed","template":"","meta":{"footnotes":""},"class_list":["post-26","page","type-page","status-publish","hentry"],"_links":{"self":[{"href":"https:\/\/www.ull.es\/formacion-permanente\/master-propio-ingenieria-puerto-costas\/wp-json\/wp\/v2\/pages\/26","targetHints":{"allow":["GET"]}}],"collection":[{"href":"https:\/\/www.ull.es\/formacion-permanente\/master-propio-ingenieria-puerto-costas\/wp-json\/wp\/v2\/pages"}],"about":[{"href":"https:\/\/www.ull.es\/formacion-permanente\/master-propio-ingenieria-puerto-costas\/wp-json\/wp\/v2\/types\/page"}],"author":[{"embeddable":true,"href":"https:\/\/www.ull.es\/formacion-permanente\/master-propio-ingenieria-puerto-costas\/wp-json\/wp\/v2\/users\/1"}],"replies":[{"embeddable":true,"href":"https:\/\/www.ull.es\/formacion-permanente\/master-propio-ingenieria-puerto-costas\/wp-json\/wp\/v2\/comments?post=26"}],"version-history":[{"count":3,"href":"https:\/\/www.ull.es\/formacion-permanente\/master-propio-ingenieria-puerto-costas\/wp-json\/wp\/v2\/pages\/26\/revisions"}],"predecessor-version":[{"id":78,"href":"https:\/\/www.ull.es\/formacion-permanente\/master-propio-ingenieria-puerto-costas\/wp-json\/wp\/v2\/pages\/26\/revisions\/78"}],"wp:attachment":[{"href":"https:\/\/www.ull.es\/formacion-permanente\/master-propio-ingenieria-puerto-costas\/wp-json\/wp\/v2\/media?parent=26"}],"curies":[{"name":"wp","href":"https:\/\/api.w.org\/{rel}","templated":true}]}}