{"id":17,"date":"2019-02-28T11:44:12","date_gmt":"2019-02-28T10:44:12","guid":{"rendered":"http:\/\/www.ull.es\/formacion-permanente\/diploma-gastronomia\/?page_id=17"},"modified":"2025-08-11T12:37:11","modified_gmt":"2025-08-11T10:37:11","slug":"descripcion-del-titulo","status":"publish","type":"page","link":"https:\/\/www.ull.es\/formacion-permanente\/master-propio-transporte-logistica-movilidad\/descripcion-del-titulo\/","title":{"rendered":"Descripci\u00f3n del t\u00edtulo"},"content":{"rendered":"\n<div class=\"wp-block-stackable-columns alignfull stk-block-columns stk-block stk-8657999\" data-block-id=\"8657999\"><style>.stk-8657999 {padding-bottom:0px !important;margin-top:-30px !important;margin-bottom:0px !important;}@media screen and (max-width: 767px){.stk-8657999 {margin-top:-10% !important;}}<\/style><div class=\"stk-row stk-inner-blocks stk-block-content stk-content-align stk-8657999-column alignfull\">\n<div class=\"wp-block-stackable-column stk-block-column stk-column stk-block stk-914f03e\" data-v=\"4\" data-block-id=\"914f03e\"><div class=\"stk-column-wrapper stk-block-column__content stk-container stk-914f03e-container stk--no-background stk--no-padding\"><div class=\"stk-block-content stk-inner-blocks stk-914f03e-inner-blocks\"><style id=\"depicter-2-inline-pre-css\">\n\n.depicter-2:not(.depicter-ready){\n\theight:450px;\n}\n\n\/***** Tablet *****\/\n@media screen and (max-width: 1024px){\n\n.depicter-2:not(.depicter-ready){\n\theight:700px;\n}\n\n}\n\/***** Mobile *****\/\n@media screen and (max-width: 767px){\n\n.depicter-2:not(.depicter-ready){\n\theight:450px;\n}\n\n}\n<\/style>\n<div id=\"depicter-2\" class=\"depicter depicter-document depicter-revert depicter-2 depicter-layout-fullwidth\">\n\n<div class=\"depicter-loading-container depicter-loading dotFlashing-dark\"><div class=\"depicter-loading-dark depicter-dot-flashing\">\n   <span><\/span>\n   <span><\/span>\n   <span><\/span>\n<\/div>\n<\/div>\n<div id=\"depicter-2-section-1\" class=\"depicter-section depicter-2-section-1\" data-name=\"Section 1\" data-type=\"section\" data-local-id=\"section-1\">\n<picture class=\"depicter-bg\">\n<source data-depicter-srcset=\"https:\/\/www.ull.es\/formacion-permanente\/master-propio-transporte-logistica-movilidad\/wp-content\/uploads\/sites\/27\/2025\/08\/@UnSioh0DITWoHi4-768x512.jpg, https:\/\/www.ull.es\/formacion-permanente\/master-propio-transporte-logistica-movilidad\/wp-content\/uploads\/sites\/27\/2025\/08\/@UnSioh0DITWoHi4.jpg 2x\" srcset=\"data:image\/gif;base64,R0lGODlhAQABAIAAAAAAAP\/\/\/yH5BAEAAAAALAAAAAABAAEAAAIBRAA7\" media=\"(max-width: 1024px)\" \/>\n\n<source data-depicter-srcset=\"https:\/\/www.ull.es\/formacion-permanente\/master-propio-transporte-logistica-movilidad\/wp-content\/uploads\/sites\/27\/2025\/08\/@UnSioh0DITWoHi4.jpg, https:\/\/www.ull.es\/formacion-permanente\/master-propio-transporte-logistica-movilidad\/wp-content\/uploads\/sites\/27\/2025\/08\/@UnSioh0DITWoHi4-1920x1279.jpg 2x\" srcset=\"data:image\/gif;base64,R0lGODlhAQABAIAAAAAAAP\/\/\/yH5BAEAAAAALAAAAAABAAEAAAIBRAA7\" media=\"(min-width: 1025px)\" \/>\n<img decoding=\"async\" src=\"data:image\/gif;base64,R0lGODlhAQABAIAAAAAAAP\/\/\/yH5BAEAAAAALAAAAAABAAEAAAIBRAA7\" data-ken-burns=\"false\" data-tablet-ken-burns=\"false\" data-mobile-ken-burns=\"false\" alt=\"\" data-depicter-src=\"https:\/\/www.ull.es\/formacion-permanente\/master-propio-transporte-logistica-movilidad\/wp-content\/uploads\/sites\/27\/2025\/08\/@UnSioh0DITWoHi4.jpg\" data-object-fit=\"custom,custom,\" data-object-position=\"center top,,\" data-crop=\"{'focalPoint':{'x':0.5,'y':0.5},'mediaSize':{'width':1200,'height':799.4143484626647477853111922740936279296875}}\" data-tablet-crop=\"{'focalPoint':{'x':0.5,'y':0.5},'mediaSize':{'width':1050.769230769230716759921051561832427978515625,'height':700}}\" data-mobile-crop=\"{'focalPoint':{'x':0.5,'y':0.5},'mediaSize':{'width':675.4945054945055744610726833343505859375,'height':450}}\" \/>\n<\/picture>\n\n\n<h1 id=\"depicter-2-element-5\" class=\"depicter-element depicter-layer depicter-2-element-5\" data-type=\"text\" data-wrap=\"true\" data-name=\"Text 2\" data-local-id=\"element-5\" data-offset=\"x:0px;y:141px;origin:tl\" data-tablet-offset=\"x:189px;y:206px;origin:tl\" data-mobile-offset=\"x:-2px;y:171px;origin:tl\" data-width=\"1060px,646px,376px\" data-height=\"auto,auto,auto\" data-responsive-scale=\"true,,\">M\u00e1ster propio en Transporte, log\u00edstica y movilidad<br><\/h1>\n\n<div id=\"depicter-2-element-10\" class=\"depicter-element depicter-layer depicter-2-element-10\" data-type=\"shape\" data-wrap=\"true\" data-name=\"Shape 1\" data-local-id=\"element-10\" data-offset=\"x:0px;y:337px;origin:tl\" data-tablet-offset=\"x:189px;y:506px;origin:tl\" data-mobile-offset=\"x:0px;y:313px;origin:tl\" data-width=\"968px,647px,360px\" data-height=\"8px,8px,8px\" data-responsive-scale=\"true,,\"><\/div>\n<\/div>\n<\/div>\n<script>\n(window.depicterSetups = window.depicterSetups || []).push(function(){\n\tDepicter.basePath = 'https:\/\/www.ull.es\/formacion-permanente\/master-propio-transporte-logistica-movilidad\/wp-content\/plugins\/depicter\/resources\/scripts\/player\/';\n\tconst dpPlayer = Depicter.setup('.depicter-2',\n\t\t{\"width\":[\"1200\",\"1024\",\"360\"],\"height\":[\"450\",\"700\",\"450\"],\"view\":\"basic\",\"keepAspectRatio\":true,\"preload\":0,\"layout\":\"fullwidth\",\"rtl\":false,\"initAfterAppear\":false,\"ajaxApiUrl\":\"https:\\\/\\\/www.ull.es\\\/formacion-permanente\\\/master-propio-transporte-logistica-movilidad\\\/wp-admin\\\/admin-ajax.php\",\"mouseSwipe\":true,\"touchSwipe\":true,\"useWatermark\":false}\n\t);\n});\n<\/script><\/div><\/div><\/div>\n<\/div><\/div>\n\n\n\n<div class=\"wp-block-stackable-columns alignfull stk-block-columns stk--hide-mobile stk-block stk-ceecbdc stk-block-background\" data-block-id=\"ceecbdc\"><style>.stk-ceecbdc {background-color:#e2be27 !important;padding-top:65px !important;padding-right:0px !important;padding-bottom:2px !important;padding-left:0px !important;margin-top:-20px !important;margin-bottom:0px !important;}.stk-ceecbdc:before{background-color:#e2be27 !important;}<\/style><div class=\"stk-row stk-inner-blocks stk-block-content stk-content-align stk-ceecbdc-column alignfull\">\n<div class=\"wp-block-stackable-column stk-block-column stk-column stk-block stk-fc60a5d\" data-v=\"4\" data-block-id=\"fc60a5d\"><div class=\"stk-column-wrapper stk-block-column__content stk-container stk-fc60a5d-container stk--no-background stk--no-padding\"><div class=\"stk-block-content stk-inner-blocks stk-fc60a5d-inner-blocks\">\n<div class=\"wp-block-stackable-spacer stk-block-spacer stk--no-padding stk-block stk-a3a8a68\" data-block-id=\"a3a8a68\"><style>.stk-a3a8a68 {height:0px !important;}<\/style><\/div>\n<\/div><\/div><\/div>\n<\/div><\/div>\n\n\n\n<div class=\"wp-block-stackable-columns stk-block-columns stk-block stk-d73d9a8 stk-block-background\" data-block-id=\"d73d9a8\"><style>.stk-d73d9a8 {background-color:#ffffff !important;margin-top:15px !important;}.stk-d73d9a8:before{background-color:#ffffff !important;}<\/style><div class=\"stk-row stk-inner-blocks stk-block-content stk-content-align stk-d73d9a8-column\">\n<div class=\"wp-block-stackable-column stk-block-column stk-column stk-block stk-b3b8294\" data-v=\"4\" data-block-id=\"b3b8294\"><style>@media screen and (min-width: 768px){.stk-b3b8294 {flex:var(--stk-flex-grow, 1) 1 calc(70% - var(--stk-column-gap, 0px) * 1 \/ 2 ) !important;}}<\/style><div class=\"stk-column-wrapper stk-block-column__content stk-container stk-b3b8294-container stk--no-background stk--no-padding\"><div class=\"stk-block-content stk-inner-blocks stk-b3b8294-inner-blocks\">\n<h2 style=\"color:black;\">Descripci\u00f3n del t\u00edtulo<\/h2>\n<span style=\"font-weight: 400;\">Este T\u00edtulo Propio de M\u00e1ster forma parte de una estructura modular que se vincula con otros tres t\u00edtulos propios de posgrado de nivel de Expertos Universitarios, denominados \u201cExperto en Gesti\u00f3n Integral de la Cadena de Suministro\u201d, \u201cExperto en Sistemas Inteligentes de Transporte\u201d y \u201cExperto en Movilidad Inteligente \u201d. La estructura modular favorece que los alumnos puedan optar por dos estrategias a la hora de afrontar sus estudios de m\u00e1ster, pudiendo bien matricularse del m\u00e1ster desde el inicio del curso, o pueden acceder al m\u00e1ster tras cursar alguno (o todos) los expertos relacionados anteriormente.<\/span>\n<h3><span style=\"font-weight: 400;\">Opci\u00f3n 1. M\u00e1ster = M\u00f3dulo com\u00fan + Asignaturas espec\u00edficas de M\u00f3dulos (M1 + M2 + M3) + TFM<\/span><\/h3>\n<table class=\"table table-striped\" width=\"100%\">\n<tbody>\n<tr>\n<td>Nombre del t\u00edtulo:<\/td>\n<td><span style=\"font-weight: 400;\">M\u00e1ster propio en Transporte, Log\u00edstica y Movilidad<\/span><\/td>\n<\/tr>\n<tr>\n<td>Universidad y centros responsables:<\/td>\n<td><span style=\"font-weight: 400;\">Universidad de La Laguna. Fundaci\u00f3n General de la Universidad de La Laguna (FGULL)<\/span><\/td>\n<\/tr>\n<tr>\n<td>Tipo de ense\u00f1anza:<\/td>\n<td>Semipresencial &#8211; 60% docencia presencial \/ 40% docencia virtual<\/td>\n<\/tr>\n<tr>\n<td>Plazas ofertadas:<\/td>\n<td>15<\/td>\n<\/tr>\n<tr>\n<td>N\u00famero de cr\u00e9ditos:<\/td>\n<td>60<\/td>\n<\/tr>\n<tr>\n<td>Lugar de impartici\u00f3n:<\/td>\n<td>Fundaci\u00f3n General de la Universidad de La Laguna<\/td>\n<\/tr>\n<tr>\n<td>Duraci\u00f3n del t\u00edtulo:<\/td>\n<td>1 curso acad\u00e9mico<\/td>\n<\/tr>\n<tr>\n<td>Idiomas en los que se imparte:<\/td>\n<td>Espa\u00f1ol<\/td>\n<\/tr>\n<tr>\n<td>Tasas:<\/td>\n<td>3000\u20ac\u00a0 <a href=\"http:\/\/www.ull.es\/titulospropios\/master-propio-transporte-logistica-movilidad\/formas-de-pago\/\" target=\"_blank\" rel=\"noopener\">Ver facilidades de pago<\/a><\/td>\n<\/tr>\n<tr>\n<td>Precio del cr\u00e9dito:<\/td>\n<td>50\u20ac<\/td>\n<\/tr>\n<tr>\n<td>Justificaci\u00f3n del t\u00edtulo<\/td>\n<td><a href=\"https:\/\/drive.google.com\/open?id=1PeAHEtyjpwkvL66lDejlZl0910mQqu6u\" target=\"_blank\" rel=\"noopener\">Acceso a la jusf<\/a><a href=\"https:\/\/drive.google.com\/open?id=1PeAHEtyjpwkvL66lDejlZl0910mQqu6u\" target=\"_blank\" rel=\"noopener\">ificaci\u00f3n<\/a><\/td>\n<\/tr>\n<\/tbody>\n<\/table>\n<br><br>\n\n\n\n<h3>Opci\u00f3n 2. Cursando todos los Expertos = Experto 1 + Experto 2+ Experto 3 + TFM<\/h3>\n<table class=\"table table-striped\" width=\"100%\">\n<tbody>\n<tr>\n<td>Nombre del t\u00edtulo:<\/td>\n<td><span style=\"font-weight: 400;\"><a href=\"https:\/\/www.ull.es\/titulospropios\/experto-universitario-gestion-suministros\/\" target=\"_blank\" rel=\"noopener\"><strong>Experto en gesti\u00f3n integral de la cadena de suministro<\/strong><\/a> o <a href=\"https:\/\/www.ull.es\/titulospropios\/experto-universitario-sistemas-inteligentes-transporte\/\" target=\"_blank\" rel=\"noopener\"><strong>Experto en sistemas inteligentes de transporte<\/strong><\/a> o <a href=\"https:\/\/www.ull.es\/titulospropios\/experto-universitario-movilidad-inteligente\/\" target=\"_blank\" rel=\"noopener\"><strong>Experto en movilidad inteligente<\/strong><\/a><\/span><\/td>\n<\/tr>\n<tr>\n<td>Universidad y centros responsables:<\/td>\n<td><span style=\"font-weight: 400;\">Universidad de La Laguna. Fundaci\u00f3n General de la Universidad de La Laguna (FGULL)<\/span><\/td>\n<\/tr>\n<tr>\n<td>Tipo de ense\u00f1anza:<\/td>\n<td>Semipresencial &#8211; 60% docencia presencial \/ 40% docencia virtual<\/td>\n<\/tr>\n<tr>\n<td>Plazas ofertadas:<\/td>\n<td>15 por experto<\/td>\n<\/tr>\n<tr>\n<td>N\u00famero de cr\u00e9ditos:<\/td>\n<td>30<\/td>\n<\/tr>\n<tr>\n<td>Lugar de impartici\u00f3n:<\/td>\n<td>Fundaci\u00f3n General de la Universidad de La Laguna<\/td>\n<\/tr>\n<tr>\n<td>Duraci\u00f3n del t\u00edtulo:<\/td>\n<td>1 curso acad\u00e9mico<\/td>\n<\/tr>\n<tr>\n<td>Idiomas en los que se imparte:<\/td>\n<td>Espa\u00f1ol<\/td>\n<\/tr>\n<tr>\n<td>Tasas:<\/td>\n<td>1500\u20ac *\u00a0 <a href=\"http:\/\/www.ull.es\/titulospropios\/master-propio-transporte-logistica-movilidad\/formas-de-pago\/\" target=\"_blank\" rel=\"noopener\">Ver facilidades de pago<\/a><\/td>\n<\/tr>\n<tr>\n<td>Precio del cr\u00e9dito:<\/td>\n<td>50\u20ac<\/td>\n<\/tr>\n<tr>\n<td>Justificaci\u00f3n del t\u00edtulo<\/td>\n<td><a href=\"https:\/\/drive.google.com\/open?id=1PeAHEtyjpwkvL66lDejlZl0910mQqu6u\" target=\"_blank\" rel=\"noopener\">Acceso a la jusftificaci\u00f3n<\/a><\/td>\n<\/tr>\n<\/tbody>\n<\/table>\n&nbsp;\n\n* Dado que el m\u00f3dulo com\u00fan se cursa obligatoriamente en los expertos, el alumno s\u00f3lo deber\u00eda solicitar el reconocimiento de los cr\u00e9ditos comunes cursados en la primera titulaci\u00f3n, cuando matricule en la siguiente.\n<br><br>\n\n\n\n<h3>Opci\u00f3n 3. Cursando alg\u00fan Experto y el m\u00e1ster = Experto 1 + Asignaturas espec\u00edficas (M\u00f3dulos 2 y 3) + TFM<\/h3>\n<table class=\"table table-striped\" width=\"100%\">\n<tbody>\n<tr>\n<td>Nombre del t\u00edtulo:<\/td>\n<td><strong>M\u00e1ster propio en Transporte, Log\u00edstica y Movilidad + <\/strong><a href=\"https:\/\/www.ull.es\/titulospropios\/experto-universitario-gestion-suministros\/\" target=\"_blank\" rel=\"noopener\"><strong style=\"font-family: inherit; font-size: inherit;\">Experto en gesti\u00f3n integral de la cadena de suministro<\/strong><\/a><span style=\"font-family: inherit; font-size: inherit;\"> o <\/span><a href=\"https:\/\/www.ull.es\/titulospropios\/experto-universitario-sistemas-inteligentes-transporte\/\" target=\"_blank\" rel=\"noopener\"><strong style=\"font-family: inherit; font-size: inherit;\">Experto en sistemas inteligentes de transporte<\/strong><\/a><span style=\"font-family: inherit; font-size: inherit;\"> o <\/span><a href=\"https:\/\/www.ull.es\/titulospropios\/experto-universitario-movilidad-inteligente\/\" target=\"_blank\" rel=\"noopener\"><strong style=\"font-family: inherit; font-size: inherit;\">Experto en movilidad inteligente<\/strong><\/a><\/td>\n<\/tr>\n<tr>\n<td>Universidad y centros responsables:<\/td>\n<td><span style=\"font-weight: 400;\">Universidad de La Laguna. Fundaci\u00f3n General de la Universidad de La Laguna (FGULL)<\/span><\/td>\n<\/tr>\n<tr>\n<td>Tipo de ense\u00f1anza:<\/td>\n<td>Semipresencial &#8211; 60% docencia presencial \/ 40% docencia virtual<\/td>\n<\/tr>\n<tr>\n<td>Plazas ofertadas:<\/td>\n<td><span style=\"font-weight: 400;\">15 (M\u00e1ster) \/ 15 (cada Experto)<\/span><\/td>\n<\/tr>\n<tr>\n<td>N\u00famero de cr\u00e9ditos:<\/td>\n<td><span style=\"font-weight: 400;\">60 (M\u00e1ster) \/ 30 (cada Experto)<\/span><\/td>\n<\/tr>\n<tr>\n<td>Lugar de impartici\u00f3n:<\/td>\n<td>Fundaci\u00f3n General de la Universidad de La Laguna<\/td>\n<\/tr>\n<tr>\n<td>Duraci\u00f3n del t\u00edtulo:<\/td>\n<td>1 curso acad\u00e9mico<\/td>\n<\/tr>\n<tr>\n<td>Idiomas en los que se imparte:<\/td>\n<td>Espa\u00f1ol<\/td>\n<\/tr>\n<tr>\n<td>Tasas:<\/td>\n<td><span style=\"font-weight: 400;\">3000 euros (M\u00e1ster) \/ 1500 euros (cada Experto) <\/span><span style=\"font-family: inherit; font-size: inherit;\">*\u00a0 <\/span><a style=\"font-family: inherit; font-size: inherit;\" href=\"http:\/\/www.ull.es\/titulospropios\/master-propio-transporte-logistica-movilidad\/formas-de-pago\/\" target=\"_blank\" rel=\"noopener\">Ver facilidades de pago<\/a><\/td>\n<\/tr>\n<tr>\n<td>Precio del cr\u00e9dito:<\/td>\n<td>50\u20ac<\/td>\n<\/tr>\n<tr>\n<td>Justificaci\u00f3n del t\u00edtulo<\/td>\n<td><a href=\"https:\/\/drive.google.com\/open?id=1PeAHEtyjpwkvL66lDejlZl0910mQqu6u\" target=\"_blank\" rel=\"noopener\">Acceso a la jusftificaci\u00f3n<\/a><\/td>\n<\/tr>\n<\/tbody>\n<\/table>\n&nbsp;\n\n<span style=\"font-weight: 400;\">* Dado que el m\u00f3dulo com\u00fan se cursa obligatoriamente en los expertos, el alumno s\u00f3lo deber\u00eda solicitar el reconocimiento de los cr\u00e9ditos comunes cursados en la primera titulaci\u00f3n, cuando matricule en la siguiente.<\/span>\n\n<span style=\"font-weight: 400;\">Es importante aclarar que se puede realizar m\u00e1s de un experto por a\u00f1o, o en a\u00f1os independientes. Si se selecciona la opci\u00f3n de realizar diferentes expertos en a\u00f1os distintos, o realizar alg\u00fan experto y con posterioridad el m\u00e1ster, alumnado solo pagar\u00eda las asignaturas que no hubiera cursado con anterioridad, y deber\u00eda solicitar el reconocimiento de los cr\u00e9ditos comunes entre titulaciones matriculadas. <\/span>\n\n<span style=\"font-weight: 400;\">Para m\u00e1s informaci\u00f3n consulta la <\/span><a href=\"https:\/\/drive.google.com\/file\/d\/1yoalzaM48stXgABOKqlVxa2XTjh1R0-z\/view\" target=\"_blank\" rel=\"noopener\"><span style=\"font-weight: 400;\">memoria acad\u00e9mica del curso<\/span><\/a><span style=\"font-weight: 400;\">.<\/span>\n\n<span style=\"font-weight: 400;\">Es importante considerar que los requisitos de acceso y titulaci\u00f3n, a los Expertos Universitarios y al M\u00e1ster son diferentes. Puede consultar los requisitos de acceso al M\u00e1ster propio en Transporte, log\u00edstica y movilidad en el <\/span><a href=\"https:\/\/www.ull.es\/titulospropios\/master-propio-transporte-logistica-movilidad\/acceso-y-admision\/\" target=\"_blank\" rel=\"noopener\"><span style=\"font-weight: 400;\">siguiente enlace.<\/span><\/a>\n<br><br>\n<\/div><\/div><\/div>\n\n\n\n<div class=\"wp-block-stackable-column stk-block-column stk-column stk-block stk-603205b\" data-v=\"4\" data-block-id=\"603205b\"><style>@media screen and (min-width: 768px){.stk-603205b {flex:var(--stk-flex-grow, 1) 1 calc(30% - var(--stk-column-gap, 0px) * 1 \/ 2 ) !important;}}<\/style><div class=\"stk-column-wrapper stk-block-column__content stk-container stk-603205b-container stk--no-background stk--no-padding\"><div class=\"stk-block-content stk-inner-blocks stk-603205b-inner-blocks\">\n<div class=\"wp-block-stackable-columns stk-block-columns stk-block stk-e412d38\" data-block-id=\"e412d38\"><style>.stk-e412d38 .stk--block-align-e412d38{align-items:center !important;}.stk-e412d38 {margin-bottom:10px !important;}<\/style><div class=\"stk-row stk-inner-blocks stk--block-align-e412d38 stk-block-content stk-content-align stk-e412d38-column\">\n<div class=\"wp-block-stackable-column stk-block-column stk-column stk-block stk-7241ed4 stk-block-background\" data-v=\"4\" data-block-id=\"7241ed4\"><style>.stk-7241ed4-inner-blocks{justify-content:center !important;}.stk-7241ed4 {background-color:#333333 !important;padding-top:2% !important;padding-right:0% !important;padding-bottom:5% !important;padding-left:5% !important;}.stk-7241ed4:before{background-color:#333333 !important;}<\/style><div class=\"stk-column-wrapper stk-block-column__content stk-container stk-7241ed4-container stk--no-background stk--no-padding\"><div class=\"stk--column-flex stk-block-content stk-inner-blocks stk-7241ed4-inner-blocks\">\n<div class=\"wp-block-stackable-text stk-block-text stk-block stk-bdd3a63\" data-block-id=\"bdd3a63\"><style>.stk-bdd3a63 {margin-top:12px !important;margin-bottom:10px !important;}.stk-bdd3a63 .stk-block-text__text{font-size:20px !important;color:#ffffff !important;}@media screen and (max-width: 1023px){.stk-bdd3a63 .stk-block-text__text{font-size:20px !important;}}<\/style><p class=\"stk-block-text__text has-text-color\">Inscripci\u00f3n<\/p><\/div>\n<\/div><a class=\"stk-link stk-block-link stk--transparent-overlay\" href=\"https:\/\/www.ull.es\/formacion-permanente\/master-propio-transporte-logistica-movilidad\/acceso-inscripcion\/\" aria-hidden=\"true\" tabindex=\"-1\" target=\"_blank\" rel=\"noopener\"><\/a><\/div><\/div>\n<\/div><\/div>\n\n\n\n<div class=\"wp-block-stackable-columns stk-block-columns stk-block stk-8cdd907\" data-block-id=\"8cdd907\"><style>.stk-8cdd907 .stk--block-align-8cdd907{align-items:center !important;}.stk-8cdd907 {margin-bottom:10px !important;}<\/style><div class=\"stk-row stk-inner-blocks stk--block-align-8cdd907 stk-block-content stk-content-align stk-8cdd907-column\">\n<div class=\"wp-block-stackable-column stk-block-column stk-column stk-block stk-77f6e0a stk-block-background\" data-v=\"4\" data-block-id=\"77f6e0a\"><style>.stk-77f6e0a {background-color:#e2be27 !important;padding-top:2% !important;padding-right:0% !important;padding-bottom:5% !important;padding-left:5% !important;}.stk-77f6e0a:before{background-color:#e2be27 !important;}<\/style><div class=\"stk-column-wrapper stk-block-column__content stk-container stk-77f6e0a-container stk--no-background stk--no-padding\"><div class=\"stk-block-content stk-inner-blocks stk-77f6e0a-inner-blocks\">\n<div class=\"wp-block-stackable-text stk-block-text stk-block stk-c3df505\" data-block-id=\"c3df505\"><style>.stk-c3df505 {margin-top:12px !important;margin-bottom:10px !important;}.stk-c3df505 .stk-block-text__text{font-size:20px !important;color:#ffffff !important;}@media screen and (max-width: 1023px){.stk-c3df505 .stk-block-text__text{font-size:20px !important;}}<\/style><p class=\"stk-block-text__text has-text-color\">Contacto<\/p><\/div>\n<\/div><a class=\"stk-link stk-block-link stk--transparent-overlay\" href=\"https:\/\/www.ull.es\/formacion-permanente\/master-propio-transporte-logistica-movilidad\/formulario-de-contacto\/\" aria-hidden=\"true\" tabindex=\"-1\" target=\"_blank\" rel=\"noopener\"><\/a><\/div><\/div>\n<\/div><\/div>\n\n\n\n<div class=\"wp-block-stackable-columns stk-block-columns stk-block stk-9115aa5\" data-block-id=\"9115aa5\"><style>.stk-9115aa5 .stk--block-align-9115aa5{align-items:center !important;}.stk-9115aa5 {margin-bottom:10px !important;}<\/style><div class=\"stk-row stk-inner-blocks stk--block-align-9115aa5 stk-block-content stk-content-align stk-9115aa5-column\">\n<div class=\"wp-block-stackable-column stk-block-column stk-column stk-block stk-a75a71a stk-block-background\" data-v=\"4\" data-block-id=\"a75a71a\"><style>.stk-a75a71a-inner-blocks{justify-content:center !important;}.stk-a75a71a {background-color:#333333 !important;padding-top:2% !important;padding-right:0% !important;padding-bottom:5% !important;padding-left:5% !important;}.stk-a75a71a:before{background-color:#333333 !important;}<\/style><div class=\"stk-column-wrapper stk-block-column__content stk-container stk-a75a71a-container stk--no-background stk--no-padding\"><div class=\"stk--column-flex stk-block-content stk-inner-blocks stk-a75a71a-inner-blocks\">\n<div class=\"wp-block-stackable-text stk-block-text stk-block stk-25b91c6\" data-block-id=\"25b91c6\"><style>.stk-25b91c6 {margin-top:12px !important;margin-bottom:10px !important;}.stk-25b91c6 .stk-block-text__text{font-size:20px !important;color:#ffffff !important;}@media screen and (max-width: 1023px){.stk-25b91c6 .stk-block-text__text{font-size:20px !important;}}<\/style><p class=\"stk-block-text__text has-text-color\">Contacto (Whatsapp)<\/p><\/div>\n<\/div><a class=\"stk-link stk-block-link stk--transparent-overlay\" href=\"https:\/\/api.whatsapp.com\/send?phone=34922319200&amp;text=%C2%A1Hola!%20Te%20escribo%20para%20saber%20m%C3%A1s%20sobre%20M%C3%A1ster%20propio%20en%20Transporte,%20log%C3%ADstica%20y%20movilidad.%20%C2%BFPuedes%20ayudarme?\" aria-hidden=\"true\" tabindex=\"-1\" target=\"_blank\" rel=\"noopener\"><\/a><\/div><\/div>\n<\/div><\/div>\n\n\n\n<div class=\"wp-block-stackable-columns stk-block-columns stk-block stk-f7a68b6\" data-block-id=\"f7a68b6\"><style>.stk-f7a68b6 .stk--block-align-f7a68b6{align-items:center !important;}<\/style><div class=\"stk-row stk-inner-blocks stk--block-align-f7a68b6 stk-block-content stk-content-align stk-f7a68b6-column\">\n<div class=\"wp-block-stackable-column stk-block-column stk-column stk-block stk-4f04ca3 stk-block-background\" data-v=\"4\" data-block-id=\"4f04ca3\"><style>.stk-4f04ca3 {background-color:#e2be27 !important;padding-top:2% !important;padding-right:0% !important;padding-bottom:5% !important;padding-left:5% !important;}.stk-4f04ca3:before{background-color:#e2be27 !important;}<\/style><div class=\"stk-column-wrapper stk-block-column__content stk-container stk-4f04ca3-container stk--no-background stk--no-padding\"><div class=\"stk-block-content stk-inner-blocks stk-4f04ca3-inner-blocks\">\n<div class=\"wp-block-stackable-text stk-block-text stk-block stk-5b1298b\" data-block-id=\"5b1298b\"><style>.stk-5b1298b {margin-top:12px !important;margin-bottom:10px !important;}.stk-5b1298b .stk-block-text__text{font-size:20px !important;color:#ffffff !important;}@media screen and (max-width: 1023px){.stk-5b1298b .stk-block-text__text{font-size:20px !important;}}<\/style><p class=\"stk-block-text__text has-text-color\">Folleto informativo<\/p><\/div>\n<\/div><a class=\"stk-link stk-block-link stk--transparent-overlay\" href=\"https:\/\/drive.google.com\/open?id=1LGX7-rP1tRrxRhbBeqpcpZzbbJchgg3s\" aria-hidden=\"true\" tabindex=\"-1\" target=\"_blank\" rel=\"noopener\"><\/a><\/div><\/div>\n<\/div><\/div>\n<\/div><\/div><\/div>\n<\/div><\/div>\n","protected":false},"excerpt":{"rendered":"<p>Descripci\u00f3n del t\u00edtulo Este T\u00edtulo Propio de M\u00e1ster forma parte de una estructura modular que se vincula con otros tres t\u00edtulos propios de posgrado de nivel de Expertos Universitarios, denominados \u201cExperto en Gesti\u00f3n Integral de la Cadena de Suministro\u201d, \u201cExperto en Sistemas Inteligentes de Transporte\u201d y \u201cExperto en Movilidad Inteligente \u201d. La estructura modular favorece&#8230;<\/p>\n","protected":false},"author":4,"featured_media":0,"parent":0,"menu_order":0,"comment_status":"closed","ping_status":"closed","template":"templates\/template-frontpage.php","meta":{"footnotes":""},"class_list":["post-17","page","type-page","status-publish","hentry"],"_links":{"self":[{"href":"https:\/\/www.ull.es\/formacion-permanente\/master-propio-transporte-logistica-movilidad\/wp-json\/wp\/v2\/pages\/17","targetHints":{"allow":["GET"]}}],"collection":[{"href":"https:\/\/www.ull.es\/formacion-permanente\/master-propio-transporte-logistica-movilidad\/wp-json\/wp\/v2\/pages"}],"about":[{"href":"https:\/\/www.ull.es\/formacion-permanente\/master-propio-transporte-logistica-movilidad\/wp-json\/wp\/v2\/types\/page"}],"author":[{"embeddable":true,"href":"https:\/\/www.ull.es\/formacion-permanente\/master-propio-transporte-logistica-movilidad\/wp-json\/wp\/v2\/users\/4"}],"replies":[{"embeddable":true,"href":"https:\/\/www.ull.es\/formacion-permanente\/master-propio-transporte-logistica-movilidad\/wp-json\/wp\/v2\/comments?post=17"}],"version-history":[{"count":10,"href":"https:\/\/www.ull.es\/formacion-permanente\/master-propio-transporte-logistica-movilidad\/wp-json\/wp\/v2\/pages\/17\/revisions"}],"predecessor-version":[{"id":321,"href":"https:\/\/www.ull.es\/formacion-permanente\/master-propio-transporte-logistica-movilidad\/wp-json\/wp\/v2\/pages\/17\/revisions\/321"}],"wp:attachment":[{"href":"https:\/\/www.ull.es\/formacion-permanente\/master-propio-transporte-logistica-movilidad\/wp-json\/wp\/v2\/media?parent=17"}],"curies":[{"name":"wp","href":"https:\/\/api.w.org\/{rel}","templated":true}]}}