{"id":71,"date":"2019-02-28T14:53:20","date_gmt":"2019-02-28T13:53:20","guid":{"rendered":"http:\/\/www.ull.es\/formacion-permanente\/diploma-gastronomia\/?page_id=71"},"modified":"2025-08-11T12:50:00","modified_gmt":"2025-08-11T10:50:00","slug":"formulario-de-contacto","status":"publish","type":"page","link":"https:\/\/www.ull.es\/formacion-permanente\/master-propio-transporte-logistica-movilidad\/formulario-de-contacto\/","title":{"rendered":"Formulario de contacto"},"content":{"rendered":"\n<div class=\"wp-block-stackable-columns alignfull stk-block-columns stk-block stk-8657999\" data-block-id=\"8657999\"><style>.stk-8657999 {padding-bottom:0px !important;margin-top:-30px !important;margin-bottom:0px !important;}@media screen and (max-width: 767px){.stk-8657999 {margin-top:-10% !important;}}<\/style><div class=\"stk-row stk-inner-blocks stk-block-content stk-content-align stk-8657999-column alignfull\">\n<div class=\"wp-block-stackable-column stk-block-column stk-column stk-block stk-914f03e\" data-v=\"4\" data-block-id=\"914f03e\"><div class=\"stk-column-wrapper stk-block-column__content stk-container stk-914f03e-container stk--no-background stk--no-padding\"><div class=\"stk-block-content stk-inner-blocks stk-914f03e-inner-blocks\"><style id=\"depicter-2-inline-pre-css\">\n\n.depicter-2:not(.depicter-ready){\n\theight:450px;\n}\n\n\/***** Tablet *****\/\n@media screen and (max-width: 1024px){\n\n.depicter-2:not(.depicter-ready){\n\theight:700px;\n}\n\n}\n\/***** Mobile *****\/\n@media screen and (max-width: 767px){\n\n.depicter-2:not(.depicter-ready){\n\theight:450px;\n}\n\n}\n<\/style>\n<div id=\"depicter-2\" class=\"depicter depicter-document depicter-revert depicter-2 depicter-layout-fullwidth\">\n\n<div class=\"depicter-loading-container depicter-loading dotFlashing-dark\"><div class=\"depicter-loading-dark depicter-dot-flashing\">\n   <span><\/span>\n   <span><\/span>\n   <span><\/span>\n<\/div>\n<\/div>\n<div id=\"depicter-2-section-1\" class=\"depicter-section depicter-2-section-1\" data-name=\"Section 1\" data-type=\"section\" data-local-id=\"section-1\">\n<picture class=\"depicter-bg\">\n<source data-depicter-srcset=\"https:\/\/www.ull.es\/formacion-permanente\/master-propio-transporte-logistica-movilidad\/wp-content\/uploads\/sites\/27\/2025\/08\/@UnSioh0DITWoHi4-768x512.jpg, https:\/\/www.ull.es\/formacion-permanente\/master-propio-transporte-logistica-movilidad\/wp-content\/uploads\/sites\/27\/2025\/08\/@UnSioh0DITWoHi4.jpg 2x\" srcset=\"data:image\/gif;base64,R0lGODlhAQABAIAAAAAAAP\/\/\/yH5BAEAAAAALAAAAAABAAEAAAIBRAA7\" media=\"(max-width: 1024px)\" \/>\n\n<source data-depicter-srcset=\"https:\/\/www.ull.es\/formacion-permanente\/master-propio-transporte-logistica-movilidad\/wp-content\/uploads\/sites\/27\/2025\/08\/@UnSioh0DITWoHi4.jpg, https:\/\/www.ull.es\/formacion-permanente\/master-propio-transporte-logistica-movilidad\/wp-content\/uploads\/sites\/27\/2025\/08\/@UnSioh0DITWoHi4-1920x1279.jpg 2x\" srcset=\"data:image\/gif;base64,R0lGODlhAQABAIAAAAAAAP\/\/\/yH5BAEAAAAALAAAAAABAAEAAAIBRAA7\" media=\"(min-width: 1025px)\" \/>\n<img decoding=\"async\" src=\"data:image\/gif;base64,R0lGODlhAQABAIAAAAAAAP\/\/\/yH5BAEAAAAALAAAAAABAAEAAAIBRAA7\" data-ken-burns=\"false\" data-tablet-ken-burns=\"false\" data-mobile-ken-burns=\"false\" alt=\"\" data-depicter-src=\"https:\/\/www.ull.es\/formacion-permanente\/master-propio-transporte-logistica-movilidad\/wp-content\/uploads\/sites\/27\/2025\/08\/@UnSioh0DITWoHi4.jpg\" data-object-fit=\"custom,custom,\" data-object-position=\"center top,,\" data-crop=\"{'focalPoint':{'x':0.5,'y':0.5},'mediaSize':{'width':1200,'height':799.4143484626647477853111922740936279296875}}\" data-tablet-crop=\"{'focalPoint':{'x':0.5,'y':0.5},'mediaSize':{'width':1050.769230769230716759921051561832427978515625,'height':700}}\" data-mobile-crop=\"{'focalPoint':{'x':0.5,'y':0.5},'mediaSize':{'width':675.4945054945055744610726833343505859375,'height':450}}\" \/>\n<\/picture>\n\n\n<h1 id=\"depicter-2-element-5\" class=\"depicter-element depicter-layer depicter-2-element-5\" data-type=\"text\" data-wrap=\"true\" data-name=\"Text 2\" data-local-id=\"element-5\" data-offset=\"x:0px;y:141px;origin:tl\" data-tablet-offset=\"x:189px;y:206px;origin:tl\" data-mobile-offset=\"x:-2px;y:171px;origin:tl\" data-width=\"1060px,646px,376px\" data-height=\"auto,auto,auto\" data-responsive-scale=\"true,,\">M\u00e1ster propio en Transporte, log\u00edstica y movilidad<br><\/h1>\n\n<div id=\"depicter-2-element-10\" class=\"depicter-element depicter-layer depicter-2-element-10\" data-type=\"shape\" data-wrap=\"true\" data-name=\"Shape 1\" data-local-id=\"element-10\" data-offset=\"x:0px;y:337px;origin:tl\" data-tablet-offset=\"x:189px;y:506px;origin:tl\" data-mobile-offset=\"x:0px;y:313px;origin:tl\" data-width=\"968px,647px,360px\" data-height=\"8px,8px,8px\" data-responsive-scale=\"true,,\"><\/div>\n<\/div>\n<\/div>\n<script>\n(window.depicterSetups = window.depicterSetups || []).push(function(){\n\tDepicter.basePath = 'https:\/\/www.ull.es\/formacion-permanente\/master-propio-transporte-logistica-movilidad\/wp-content\/plugins\/depicter\/resources\/scripts\/player\/';\n\tconst dpPlayer = Depicter.setup('.depicter-2',\n\t\t{\"width\":[\"1200\",\"1024\",\"360\"],\"height\":[\"450\",\"700\",\"450\"],\"view\":\"basic\",\"keepAspectRatio\":true,\"preload\":0,\"layout\":\"fullwidth\",\"rtl\":false,\"initAfterAppear\":false,\"ajaxApiUrl\":\"https:\\\/\\\/www.ull.es\\\/formacion-permanente\\\/master-propio-transporte-logistica-movilidad\\\/wp-admin\\\/admin-ajax.php\",\"mouseSwipe\":true,\"touchSwipe\":true,\"useWatermark\":false}\n\t);\n});\n<\/script><\/div><\/div><\/div>\n<\/div><\/div>\n\n\n\n<div class=\"wp-block-stackable-columns alignfull stk-block-columns stk--hide-mobile stk-block stk-ceecbdc stk-block-background\" data-block-id=\"ceecbdc\"><style>.stk-ceecbdc {background-color:#e2be27 !important;padding-top:65px !important;padding-right:0px !important;padding-bottom:2px !important;padding-left:0px !important;margin-top:-20px !important;margin-bottom:0px !important;}.stk-ceecbdc:before{background-color:#e2be27 !important;}<\/style><div class=\"stk-row stk-inner-blocks stk-block-content stk-content-align stk-ceecbdc-column alignfull\">\n<div class=\"wp-block-stackable-column stk-block-column stk-column stk-block stk-fc60a5d\" data-v=\"4\" data-block-id=\"fc60a5d\"><div class=\"stk-column-wrapper stk-block-column__content stk-container stk-fc60a5d-container stk--no-background stk--no-padding\"><div class=\"stk-block-content stk-inner-blocks stk-fc60a5d-inner-blocks\">\n<div class=\"wp-block-stackable-spacer stk-block-spacer stk--no-padding stk-block stk-a3a8a68\" data-block-id=\"a3a8a68\"><style>.stk-a3a8a68 {height:0px !important;}<\/style><\/div>\n<\/div><\/div><\/div>\n<\/div><\/div>\n\n\n\n<div class=\"wp-block-stackable-columns stk-block-columns stk-block stk-8b59b96\" data-block-id=\"8b59b96\"><style>.stk-8b59b96 .stk--block-align-8b59b96{align-items:flex-start !important;}.stk-8b59b96 {margin-top:50px !important;}.stk-8b59b96-column{--stk-columns-spacing:0px !important;--stk-column-gap:50px !important;}@media screen and (max-width: 767px){.stk-8b59b96-column{row-gap:var(--stk--preset--spacing--60, 2.25rem) !important;}}<\/style><div class=\"stk-row stk-inner-blocks stk--block-align-8b59b96 stk-block-content stk-content-align stk-8b59b96-column\">\n<div class=\"wp-block-stackable-column stk-block-column stk-column stk-block stk-dbb7e15\" data-v=\"4\" data-block-id=\"dbb7e15\"><style>@media screen and (min-width: 768px){.stk-dbb7e15 {flex:var(--stk-flex-grow, 1) 1 66.7% !important;}}<\/style><div class=\"stk-column-wrapper stk-block-column__content stk-container stk-dbb7e15-container stk--no-background stk--no-padding\"><div class=\"stk-block-content stk-inner-blocks stk-dbb7e15-inner-blocks\">\n<div class=\"wp-block-stackable-heading stk-block-heading stk-block-heading--v2 stk-block stk-fc6338c\" id=\"contactar\" data-block-id=\"fc6338c\"><style>.stk-fc6338c .stk-block-heading__text{color:#000000 !important;}<\/style><h1 class=\"stk-block-heading__text has-text-color\">Contactar<\/h1><\/div>\n\n\n\n<div class=\"wp-block-stackable-text stk-block-text stk-block stk-83a8b2a\" data-block-id=\"83a8b2a\"><p class=\"stk-block-text__text\">Si tienes cualquier tipo de duda puedes contactar con nosotros a trav\u00e9s de:<\/p><\/div>\n\n\n\n<ul class=\"wp-block-list\">\n<li>&nbsp;Tel\u00e9fono: (+34)922319927<\/li>\n\n\n\n<li>Correo electr\u00f3nico:&nbsp;<a href=\"mailto:gestpropios@ull.es\" target=\"_blank\" rel=\"noreferrer noopener\" target=\"_blank\" rel=\"noopener\">gestpropios@ull.es<\/a><\/li>\n\n\n\n<li>A trav\u00e9s del&nbsp;<a href=\"https:\/\/docs.google.com\/forms\/d\/e\/1FAIpQLSf6kCYD4nwxdRkA30e37i0nTJ7cPGhnl2q-T0r8UnufvhE7Hg\/viewform\" target=\"_blank\" rel=\"noreferrer noopener\" target=\"_blank\" rel=\"noopener\"><strong>formulario de solicitud de informaci\u00f3n y\/o ayuda<\/strong><\/a><\/li>\n\n\n\n<li>Presencialmente en la secretar\u00eda, situada en la Avenida de la Trinidad, 61. Aulario Torre Profesor Agust\u00edn Ar\u00e9valo, Planta 0, Campus Central Universidad de la Laguna, 38204, San Crist\u00f3bal de La Laguna<\/li>\n<\/ul>\n\n\n\n<p>Horario&nbsp;de atenci\u00f3n al p\u00fablico:<br>Lunes a viernes de 9:00 a 14:00 horas.<br>Lunes de 16:30 a 19:00 horas.<\/p>\n\n\n\n<p>Por el contrario, si quieres comenzar el proceso de<strong>&nbsp;preinscripci\u00f3n<\/strong>&nbsp;debes hacerlo&nbsp;<a href=\"https:\/\/www.ull.es\/titulospropios\/procedimiento-de-preinscripcion\/\" target=\"_blank\" rel=\"noreferrer noopener\" target=\"_blank\" rel=\"noopener\"><strong>a trav\u00e9s de la Sede Electr\u00f3nica de la ULL<\/strong><\/a><\/p>\n<\/div><\/div><\/div>\n\n\n\n<div class=\"wp-block-stackable-column stk-block-column stk-column stk-block stk-53ec762\" data-v=\"4\" data-block-id=\"53ec762\"><style>.stk-53ec762-inner-blocks{row-gap:0px !important;}.stk-53ec762 {padding-top:0px !important;padding-right:0px !important;padding-bottom:0px !important;padding-left:0px !important;margin-top:1.75% !important;}@media screen and (min-width: 768px){.stk-53ec762 {flex:var(--stk-flex-grow, 1) 1 33.3% !important;}}<\/style><div class=\"stk-column-wrapper stk-block-column__content stk-container stk-53ec762-container stk--no-background stk--no-padding\"><div class=\"stk-block-content stk-inner-blocks stk-53ec762-inner-blocks\">\n<div class=\"wp-block-stackable-columns stk-block-columns stk-block stk-e412d38\" data-block-id=\"e412d38\"><style>.stk-e412d38 .stk--block-align-e412d38{align-items:center !important;}.stk-e412d38 {margin-bottom:10px !important;}<\/style><div class=\"stk-row stk-inner-blocks stk--block-align-e412d38 stk-block-content stk-content-align stk-e412d38-column\">\n<div class=\"wp-block-stackable-column stk-block-column stk-column stk-block stk-7241ed4 stk-block-background\" data-v=\"4\" data-block-id=\"7241ed4\"><style>.stk-7241ed4-inner-blocks{justify-content:center !important;}.stk-7241ed4 {background-color:#333333 !important;padding-top:2% !important;padding-right:0% !important;padding-bottom:5% !important;padding-left:5% !important;}.stk-7241ed4:before{background-color:#333333 !important;}<\/style><div class=\"stk-column-wrapper stk-block-column__content stk-container stk-7241ed4-container stk--no-background stk--no-padding\"><div class=\"stk--column-flex stk-block-content stk-inner-blocks stk-7241ed4-inner-blocks\">\n<div class=\"wp-block-stackable-text stk-block-text stk-block stk-bdd3a63\" data-block-id=\"bdd3a63\"><style>.stk-bdd3a63 {margin-top:12px !important;margin-bottom:10px !important;}.stk-bdd3a63 .stk-block-text__text{font-size:20px !important;color:#ffffff !important;}@media screen and (max-width: 1023px){.stk-bdd3a63 .stk-block-text__text{font-size:20px !important;}}<\/style><p class=\"stk-block-text__text has-text-color\">Inscripci\u00f3n<\/p><\/div>\n<\/div><a class=\"stk-link stk-block-link stk--transparent-overlay\" href=\"https:\/\/www.ull.es\/formacion-permanente\/master-propio-transporte-logistica-movilidad\/acceso-inscripcion\/\" aria-hidden=\"true\" tabindex=\"-1\" target=\"_blank\" rel=\"noopener\"><\/a><\/div><\/div>\n<\/div><\/div>\n\n\n\n<div class=\"wp-block-stackable-columns stk-block-columns stk-block stk-8cdd907\" data-block-id=\"8cdd907\"><style>.stk-8cdd907 .stk--block-align-8cdd907{align-items:center !important;}.stk-8cdd907 {margin-bottom:10px !important;}<\/style><div class=\"stk-row stk-inner-blocks stk--block-align-8cdd907 stk-block-content stk-content-align stk-8cdd907-column\">\n<div class=\"wp-block-stackable-column stk-block-column stk-column stk-block stk-77f6e0a stk-block-background\" data-v=\"4\" data-block-id=\"77f6e0a\"><style>.stk-77f6e0a {background-color:#e2be27 !important;padding-top:2% !important;padding-right:0% !important;padding-bottom:5% !important;padding-left:5% !important;}.stk-77f6e0a:before{background-color:#e2be27 !important;}<\/style><div class=\"stk-column-wrapper stk-block-column__content stk-container stk-77f6e0a-container stk--no-background stk--no-padding\"><div class=\"stk-block-content stk-inner-blocks stk-77f6e0a-inner-blocks\">\n<div class=\"wp-block-stackable-text stk-block-text stk-block stk-c3df505\" data-block-id=\"c3df505\"><style>.stk-c3df505 {margin-top:12px !important;margin-bottom:10px !important;}.stk-c3df505 .stk-block-text__text{font-size:20px !important;color:#ffffff !important;}@media screen and (max-width: 1023px){.stk-c3df505 .stk-block-text__text{font-size:20px !important;}}<\/style><p class=\"stk-block-text__text has-text-color\">Contacto<\/p><\/div>\n<\/div><a class=\"stk-link stk-block-link stk--transparent-overlay\" href=\"https:\/\/www.ull.es\/formacion-permanente\/master-propio-transporte-logistica-movilidad\/formulario-de-contacto\/\" aria-hidden=\"true\" tabindex=\"-1\" target=\"_blank\" rel=\"noopener\"><\/a><\/div><\/div>\n<\/div><\/div>\n\n\n\n<div class=\"wp-block-stackable-columns stk-block-columns stk-block stk-9115aa5\" data-block-id=\"9115aa5\"><style>.stk-9115aa5 .stk--block-align-9115aa5{align-items:center !important;}.stk-9115aa5 {margin-bottom:10px !important;}<\/style><div class=\"stk-row stk-inner-blocks stk--block-align-9115aa5 stk-block-content stk-content-align stk-9115aa5-column\">\n<div class=\"wp-block-stackable-column stk-block-column stk-column stk-block stk-a75a71a stk-block-background\" data-v=\"4\" data-block-id=\"a75a71a\"><style>.stk-a75a71a-inner-blocks{justify-content:center !important;}.stk-a75a71a {background-color:#333333 !important;padding-top:2% !important;padding-right:0% !important;padding-bottom:5% !important;padding-left:5% !important;}.stk-a75a71a:before{background-color:#333333 !important;}<\/style><div class=\"stk-column-wrapper stk-block-column__content stk-container stk-a75a71a-container stk--no-background stk--no-padding\"><div class=\"stk--column-flex stk-block-content stk-inner-blocks stk-a75a71a-inner-blocks\">\n<div class=\"wp-block-stackable-text stk-block-text stk-block stk-25b91c6\" data-block-id=\"25b91c6\"><style>.stk-25b91c6 {margin-top:12px !important;margin-bottom:10px !important;}.stk-25b91c6 .stk-block-text__text{font-size:20px !important;color:#ffffff !important;}@media screen and (max-width: 1023px){.stk-25b91c6 .stk-block-text__text{font-size:20px !important;}}<\/style><p class=\"stk-block-text__text has-text-color\">Contacto (Whatsapp)<\/p><\/div>\n<\/div><a class=\"stk-link stk-block-link stk--transparent-overlay\" href=\"https:\/\/api.whatsapp.com\/send?phone=34922319200&amp;text=%C2%A1Hola!%20Te%20escribo%20para%20saber%20m%C3%A1s%20sobre%20M%C3%A1ster%20propio%20en%20Transporte,%20log%C3%ADstica%20y%20movilidad.%20%C2%BFPuedes%20ayudarme?\" aria-hidden=\"true\" tabindex=\"-1\" target=\"_blank\" rel=\"noopener\"><\/a><\/div><\/div>\n<\/div><\/div>\n\n\n\n<div class=\"wp-block-stackable-columns stk-block-columns stk-block stk-f7a68b6\" data-block-id=\"f7a68b6\"><style>.stk-f7a68b6 .stk--block-align-f7a68b6{align-items:center !important;}<\/style><div class=\"stk-row stk-inner-blocks stk--block-align-f7a68b6 stk-block-content stk-content-align stk-f7a68b6-column\">\n<div class=\"wp-block-stackable-column stk-block-column stk-column stk-block stk-4f04ca3 stk-block-background\" data-v=\"4\" data-block-id=\"4f04ca3\"><style>.stk-4f04ca3 {background-color:#e2be27 !important;padding-top:2% !important;padding-right:0% !important;padding-bottom:5% !important;padding-left:5% !important;}.stk-4f04ca3:before{background-color:#e2be27 !important;}<\/style><div class=\"stk-column-wrapper stk-block-column__content stk-container stk-4f04ca3-container stk--no-background stk--no-padding\"><div class=\"stk-block-content stk-inner-blocks stk-4f04ca3-inner-blocks\">\n<div class=\"wp-block-stackable-text stk-block-text stk-block stk-5b1298b\" data-block-id=\"5b1298b\"><style>.stk-5b1298b {margin-top:12px !important;margin-bottom:10px !important;}.stk-5b1298b .stk-block-text__text{font-size:20px !important;color:#ffffff !important;}@media screen and (max-width: 1023px){.stk-5b1298b .stk-block-text__text{font-size:20px !important;}}<\/style><p class=\"stk-block-text__text has-text-color\">Folleto informativo<\/p><\/div>\n<\/div><a class=\"stk-link stk-block-link stk--transparent-overlay\" href=\"https:\/\/drive.google.com\/open?id=1LGX7-rP1tRrxRhbBeqpcpZzbbJchgg3s\" aria-hidden=\"true\" tabindex=\"-1\" target=\"_blank\" rel=\"noopener\"><\/a><\/div><\/div>\n<\/div><\/div>\n\n\n\n<div class=\"wp-block-stackable-spacer stk-block-spacer stk--no-padding stk-block stk-6d33d0e\" data-block-id=\"6d33d0e\"><style>.stk-6d33d0e {height:25px !important;}<\/style><\/div>\n\n\n\n<ul class=\"widget-box\">\n<li class='contacto-header'>Informaci\u00f3n de contacto<\/li><li><i class=\"fa fa-map-marker\"><\/i> Avda. Astrof\u00edsico Francisco S\u00e1nchez, SN. Edificio Calabaza - AN.2D Apdo. 456 38200 San Crist\u00f3bal de La Laguna.<\/li><li><i class=\"fa fa-phone\"><\/i> (+34) 922 31 79 00 \/ 95 38<\/li><li><i class=\"fa fa-envelope\"><\/i>  <a href=mailto:gestpropios@ull.es>gestpropios@ull.es<\/a><\/li>\n<\/ul>\n\n\n<\/div><\/div><\/div>\n<\/div><\/div>\n","protected":false},"excerpt":{"rendered":"<p>Contactar Si tienes cualquier tipo de duda puedes contactar con nosotros a trav\u00e9s de: Horario&nbsp;de atenci\u00f3n al p\u00fablico:Lunes a viernes de 9:00 a 14:00 horas.Lunes de 16:30 a 19:00 horas. Por el contrario, si quieres comenzar el proceso de&nbsp;preinscripci\u00f3n&nbsp;debes hacerlo&nbsp;a trav\u00e9s de la Sede Electr\u00f3nica de la ULL Inscripci\u00f3n Contacto Contacto (Whatsapp) Folleto informativo<\/p>\n","protected":false},"author":4,"featured_media":0,"parent":0,"menu_order":0,"comment_status":"closed","ping_status":"closed","template":"templates\/template-frontpage.php","meta":{"footnotes":""},"class_list":["post-71","page","type-page","status-publish","hentry"],"_links":{"self":[{"href":"https:\/\/www.ull.es\/formacion-permanente\/master-propio-transporte-logistica-movilidad\/wp-json\/wp\/v2\/pages\/71","targetHints":{"allow":["GET"]}}],"collection":[{"href":"https:\/\/www.ull.es\/formacion-permanente\/master-propio-transporte-logistica-movilidad\/wp-json\/wp\/v2\/pages"}],"about":[{"href":"https:\/\/www.ull.es\/formacion-permanente\/master-propio-transporte-logistica-movilidad\/wp-json\/wp\/v2\/types\/page"}],"author":[{"embeddable":true,"href":"https:\/\/www.ull.es\/formacion-permanente\/master-propio-transporte-logistica-movilidad\/wp-json\/wp\/v2\/users\/4"}],"replies":[{"embeddable":true,"href":"https:\/\/www.ull.es\/formacion-permanente\/master-propio-transporte-logistica-movilidad\/wp-json\/wp\/v2\/comments?post=71"}],"version-history":[{"count":12,"href":"https:\/\/www.ull.es\/formacion-permanente\/master-propio-transporte-logistica-movilidad\/wp-json\/wp\/v2\/pages\/71\/revisions"}],"predecessor-version":[{"id":333,"href":"https:\/\/www.ull.es\/formacion-permanente\/master-propio-transporte-logistica-movilidad\/wp-json\/wp\/v2\/pages\/71\/revisions\/333"}],"wp:attachment":[{"href":"https:\/\/www.ull.es\/formacion-permanente\/master-propio-transporte-logistica-movilidad\/wp-json\/wp\/v2\/media?parent=71"}],"curies":[{"name":"wp","href":"https:\/\/api.w.org\/{rel}","templated":true}]}}