{"id":151,"date":"2019-05-21T11:40:18","date_gmt":"2019-05-21T11:40:18","guid":{"rendered":"http:\/\/www.ull.es\/formacion-permanente\/master-universitario-direccion-empresas-mba\/?page_id=151"},"modified":"2019-05-21T11:45:06","modified_gmt":"2019-05-21T11:45:06","slug":"para-quien","status":"publish","type":"page","link":"https:\/\/www.ull.es\/formacion-permanente\/master-universitario-direccion-empresas-mba\/en\/para-quien\/","title":{"rendered":"For Whom"},"content":{"rendered":"<p>[vc_row][vc_column][vc_column_text]<\/p>\n<h5 style=\"margin-top: 0px; margin-bottom: 5px; font-size: 20px; line-height: 1.2;\">\u00bfA qui\u00e9n va dirigido el M\u00e1ster?<\/h5>\n<p>A titulados universitarios que desempe\u00f1an una actividad profesional y desean actualizar sus conocimientos y a reci\u00e9n graduado, diplomado, licenciado, ingeniero o arquitecto.<\/p>\n<p>Tambi\u00e9n a todos aquellos alumnos que acrediten haber superado al menos 180 cr\u00e9ditos de las ense\u00f1anzas oficiales de Grado.[\/vc_column_text][vc_empty_space height=\u00bb50px\u00bb][vc_column_text]<\/p>\n<div id=\"mce_10\" class=\"editContent\" spellcheck=\"false\" data-selector=\".editContent\">\n<h5 style=\"margin-top: 0px; margin-bottom: 5px; font-size: 20px; line-height: 1.2;\">\u00bfPor qu\u00e9 estudiar este M\u00e1ster?<\/h5>\n<\/div>\n<div id=\"mce_11\" class=\"editContent\" spellcheck=\"false\" data-selector=\".editContent\">\n<p>Este programa se ha dise\u00f1ado para dar respuesta a los retos que actualmente se plantean en cada una de las \u00e1reas de inter\u00e9s para la empresa.<\/p>\n<p>La sociedad de la globalizaci\u00f3n en la que estamos inmersos en la actualidad exige que tanto los reci\u00e9n titulados como los directivos est\u00e9n en continuo proceso de formaci\u00f3n y\/o reciclaje, para de esta forma poder acometer los retos que plantea esa globalizaci\u00f3n y poder competir ventajosamente en la era de las nuevas tecnolog\u00edas.<\/p>\n<p>Creemos que este Programa contribuye decisivamente al logro de los objetivos y retos de formaci\u00f3n directiva que presenta una econom\u00eda de servicios y de exigente competitividad empresarial como la canaria.<\/p>\n<\/div>\n<p>[\/vc_column_text][vc_empty_space height=\u00bb50px\u00bb][vc_column_text]<\/p>\n<div id=\"mce_16\" class=\"editContent mce-content-body\" spellcheck=\"false\" data-selector=\".editContent\">\n<h5 style=\"margin-top: 0px; margin-bottom: 5px; font-size: 20px; line-height: 1.2;\">\u00bfQu\u00e9 ofrece este M\u00e1ster?<\/h5>\n<\/div>\n<div id=\"mce_17\" class=\"editContent mce-content-body\" spellcheck=\"false\" data-selector=\".editContent\">\n<p>La singularidad del m\u00e1ster MBA se apoya en <strong>tres grandes ejes<\/strong>: un enfoque integral desde la perspectiva de la direcci\u00f3n general, un contenido riguroso y orientado a la acci\u00f3n, y una clara visi\u00f3n de la responsabilidad del directivo con las personas de su equipo.<\/p>\n<p>A lo largo de todo el programa se estudian materias que potencian el desarrollo de competencias directivas b\u00e1sicas, como, por ejemplo: an\u00e1lisis de decisiones, habilidades de comunicaci\u00f3n y de negociaci\u00f3n y dise\u00f1o de la carrera profesional; adem\u00e1s de transmitir los conocimientos y herramientas necesarios para transforman las aptitudes y actitudes de modo que la toma de decisiones empresariales y personales se lleve a cabo de la mejor forma posible.<\/p>\n<p>En consecuencia, se desarrollan las siguientes competencias b\u00e1sicas:<\/p>\n<ol>\n<li>Poseer y comprender conocimientos que aporten una base u oportunidad de ser originales en el desarrollo y\/o aplicaci\u00f3n de ideas, en un contexto profesional.<\/li>\n<\/ol>\n<p style=\"padding-left: 40px;\">2. Que los estudiantes sepan aplicar los conocimientos adquiridos y su capacidad de resoluci\u00f3n de problemas en entornos nuevos o poco conocidos en el \u00e1mbito de la empresa.<\/p>\n<p style=\"padding-left: 40px;\">3. Que los estudiantes sean capaces de integrar conocimientos y enfrentarse a la complejidad de formular juicios a partir de una informaci\u00f3n que, siendo incompleta o limitada, incluya reflexiones sobre las responsabilidades sociales y \u00e9ticas vinculadas a la aplicaci\u00f3n de sus conocimientos y juicios.<\/p>\n<p style=\"padding-left: 40px;\">4. Que los estudiantes sepan comunicar sus conclusiones \u2013y los conocimientos y razones \u00faltimas que las sustentan\u2013 a p\u00fablicos especializados y no especializados de un modo claro y sin ambig\u00fcedades.<\/p>\n<p style=\"padding-left: 40px;\">5. Poseer y comprender conocimientos que aporten una base u oportunidad de ser originales en el desarrollo y\/o aplicaci\u00f3n de ideas, en el mundo de la empresa.<\/p>\n<p style=\"padding-left: 40px;\">6. Que los estudiantes sean capaces de integrar conocimientos y enfrentarse a la complejidad de formular juicios a partir de una informaci\u00f3n que, siendo incompleta o limitada, incluya reflexiones sobre las responsabilidades sociales y \u00e9ticas vinculadas a la aplicaci\u00f3n de sus conocimientos y juicios.<\/p>\n<p>Los alumnos que finalicen con \u00e9xito el Programa ser\u00e1n capaces de liderar y gestionar equipos de trabajo y dar respuesta a los problemas empresariales. Asimismo, hace hincapi\u00e9 en mostrar la empresa como centro de decisiones donde deber\u00e1n establecerse objetivos, pol\u00edticas y estrategias. El programa tambi\u00e9n persigue familiarizar al alumno con el entorno local, nacional e internacional de la empresa.<\/p>\n<p>El objetivo principal del MBA es la formaci\u00f3n de directivos y empresarios capaces de dirigir y liderar organizaciones en entornos competitivos, globales y din\u00e1micos, preservando la \u00e9tica profesional. Este objetivo se logra adquiriendo un s\u00f3lido conocimiento de las t\u00e9cnicas m\u00e1s innovadoras de gesti\u00f3n empresarial, con un especial \u00e9nfasis en las nuevas tecnolog\u00edas, y desarrollando habilidades directivas, que cada vez son m\u00e1s el factor diferencial en los profesionales que triunfan.<\/p>\n<p>M\u00e1s espec\u00edficamente, <strong>los objetivos<\/strong> de este Programa son:<\/p>\n<ol>\n<li>Capacitar en la formulaci\u00f3n de pol\u00edticas y estrategias,<\/li>\n<\/ol>\n<p style=\"padding-left: 40px;\">2. Profundizar en los instrumentos y t\u00e9cnicas de cada \u00e1rea funcional,<\/p>\n<p style=\"padding-left: 40px;\">3. Aportar las herramientas e instrumentos suficientes para la toma de decisiones y la soluci\u00f3n de problemas en entornos complejos,<\/p>\n<p style=\"padding-left: 40px;\">4. Desarrollar las habilidades directivas y de liderazgo,<\/p>\n<p style=\"padding-left: 40px;\">5. \u00a0\u00a0Ofrecer una visi\u00f3n global de la direcci\u00f3n empresarial<\/p>\n<\/div>\n<p>[\/vc_column_text][vc_empty_space height=\u00bb50px\u00bb][\/vc_column][\/vc_row]<\/p>\n","protected":false},"excerpt":{"rendered":"<p>[vc_row][vc_column][vc_column_text] \u00bfA qui\u00e9n va dirigido el M\u00e1ster? A titulados universitarios que desempe\u00f1an una actividad profesional y desean actualizar sus conocimientos y a reci\u00e9n graduado, diplomado, licenciado, ingeniero o arquitecto. Tambi\u00e9n a todos aquellos alumnos que acrediten haber superado al menos 180 cr\u00e9ditos de las ense\u00f1anzas oficiales de Grado.[\/vc_column_text][vc_empty_space height=\u00bb50px\u00bb][vc_column_text] \u00bfPor qu\u00e9 estudiar este M\u00e1ster? Este&#8230;<\/p>\n","protected":false},"author":15,"featured_media":0,"parent":0,"menu_order":0,"comment_status":"closed","ping_status":"closed","template":"","meta":{"footnotes":""},"class_list":["post-151","page","type-page","status-publish","hentry"],"_links":{"self":[{"href":"https:\/\/www.ull.es\/formacion-permanente\/master-universitario-direccion-empresas-mba\/en\/wp-json\/wp\/v2\/pages\/151","targetHints":{"allow":["GET"]}}],"collection":[{"href":"https:\/\/www.ull.es\/formacion-permanente\/master-universitario-direccion-empresas-mba\/en\/wp-json\/wp\/v2\/pages"}],"about":[{"href":"https:\/\/www.ull.es\/formacion-permanente\/master-universitario-direccion-empresas-mba\/en\/wp-json\/wp\/v2\/types\/page"}],"author":[{"embeddable":true,"href":"https:\/\/www.ull.es\/formacion-permanente\/master-universitario-direccion-empresas-mba\/en\/wp-json\/wp\/v2\/users\/15"}],"replies":[{"embeddable":true,"href":"https:\/\/www.ull.es\/formacion-permanente\/master-universitario-direccion-empresas-mba\/en\/wp-json\/wp\/v2\/comments?post=151"}],"version-history":[{"count":3,"href":"https:\/\/www.ull.es\/formacion-permanente\/master-universitario-direccion-empresas-mba\/en\/wp-json\/wp\/v2\/pages\/151\/revisions"}],"predecessor-version":[{"id":154,"href":"https:\/\/www.ull.es\/formacion-permanente\/master-universitario-direccion-empresas-mba\/en\/wp-json\/wp\/v2\/pages\/151\/revisions\/154"}],"wp:attachment":[{"href":"https:\/\/www.ull.es\/formacion-permanente\/master-universitario-direccion-empresas-mba\/en\/wp-json\/wp\/v2\/media?parent=151"}],"curies":[{"name":"wp","href":"https:\/\/api.w.org\/{rel}","templated":true}]}}