{"id":23,"date":"2018-03-15T14:29:35","date_gmt":"2018-03-15T14:29:35","guid":{"rendered":"http:\/\/www.ull.es\/formacion-permanente\/?page_id=23"},"modified":"2026-03-25T15:29:18","modified_gmt":"2026-03-25T15:29:18","slug":"expedicion-de-titulo","status":"publish","type":"page","link":"https:\/\/www.ull.es\/formacion-permanente\/expedicion-de-titulo\/","title":{"rendered":"Expedici\u00f3n de t\u00edtulo"},"content":{"rendered":"\n<div class=\"wp-block-stackable-columns alignfull stk-block-columns stk-block stk-2314a6b\" data-block-id=\"2314a6b\"><style>.stk-2314a6b {padding-bottom:0px !important;margin-bottom:0px !important;}<\/style><div class=\"stk-row stk-inner-blocks stk-block-content stk-content-align stk-2314a6b-column alignfull\">\n<div class=\"wp-block-stackable-column stk-block-column stk-column stk-block stk-1d1764d\" data-v=\"4\" data-block-id=\"1d1764d\"><div class=\"stk-column-wrapper stk-block-column__content stk-container stk-1d1764d-container stk--no-background stk--no-padding\"><div class=\"stk-block-content stk-inner-blocks stk-1d1764d-inner-blocks\"><style id=\"depicter-239-inline-pre-css\">\n\n.depicter-239:not(.depicter-ready){\n\theight:400px;\n}\n\n\/***** Tablet *****\/\n@media screen and (max-width: 1024px){\n\n.depicter-239:not(.depicter-ready){\n\theight:700px;\n}\n\n}\n\/***** Mobile *****\/\n@media screen and (max-width: 767px){\n\n.depicter-239:not(.depicter-ready){\n\theight:360px;\n}\n\n}\n<\/style>\n<div id=\"depicter-239\" class=\"depicter depicter-document depicter-revert depicter-239 depicter-layout-fullwidth\">\n\n<div class=\"depicter-loading-container depicter-loading dotFlashing-dark\"><div class=\"depicter-loading-dark depicter-dot-flashing\">\n   <span><\/span>\n   <span><\/span>\n   <span><\/span>\n<\/div>\n<\/div>\n<div id=\"depicter-239-section-1\" class=\"depicter-section depicter-239-section-1\" data-name=\"Section 1\" data-type=\"section\" data-local-id=\"section-1\">\n<picture class=\"depicter-bg\">\n<source data-depicter-srcset=\"https:\/\/www.ull.es\/formacion-permanente\/wp-content\/uploads\/2026\/03\/mobile-1-7047.jpg, https:\/\/www.ull.es\/formacion-permanente\/wp-content\/uploads\/2026\/03\/mobile-1-7047-1000x1100.jpg 2x\" srcset=\"data:image\/gif;base64,R0lGODlhAQABAIAAAAAAAP\/\/\/yH5BAEAAAAALAAAAAABAAEAAAIBRAA7\" media=\"(max-width: 767px)\" \/>\n\n<source data-depicter-srcset=\"https:\/\/www.ull.es\/formacion-permanente\/wp-content\/uploads\/2026\/03\/mobile-2.jpg, https:\/\/www.ull.es\/formacion-permanente\/wp-content\/uploads\/2026\/03\/mobile-2-1000x1100.jpg 2x\" srcset=\"data:image\/gif;base64,R0lGODlhAQABAIAAAAAAAP\/\/\/yH5BAEAAAAALAAAAAABAAEAAAIBRAA7\" media=\"(max-width: 1024px)\" \/>\n\n<source data-depicter-srcset=\"https:\/\/www.ull.es\/formacion-permanente\/wp-content\/uploads\/2026\/03\/web-3.jpg, https:\/\/www.ull.es\/formacion-permanente\/wp-content\/uploads\/2026\/03\/web-3-1920x600.jpg 2x\" srcset=\"data:image\/gif;base64,R0lGODlhAQABAIAAAAAAAP\/\/\/yH5BAEAAAAALAAAAAABAAEAAAIBRAA7\" media=\"(min-width: 1025px)\" \/>\n<img decoding=\"async\" src=\"data:image\/gif;base64,R0lGODlhAQABAIAAAAAAAP\/\/\/yH5BAEAAAAALAAAAAABAAEAAAIBRAA7\" data-ken-burns=\"{'scale':1,'duration':'5000','focalPoint':{'x':0.5,'y':0.38000000000000000444089209850062616169452667236328125},'easing':'linear'}\" data-tablet-ken-burns=\"{'scale':0.75,'duration':0,'focalPoint':{'x':0.5,'y':0.38000000000000000444089209850062616169452667236328125},'easing':'linear'}\" data-mobile-ken-burns=\"{'scale':1,'duration':0,'focalPoint':{'x':0.5,'y':0.38000000000000000444089209850062616169452667236328125},'easing':'linear'}\" alt=\"\" data-depicter-src=\"https:\/\/www.ull.es\/formacion-permanente\/wp-content\/uploads\/2026\/03\/web-3.jpg\" data-object-fit=\"cover,custom,custom\" data-object-position=\",,center center\" data-crop=\"{'focalPoint':{'x':0.5,'y':0.5},'mediaSize':{'width':1280,'height':400}}\" data-tablet-crop=\"{'focalPoint':{'x':0.5,'y':0.5},'mediaSize':{'width':1024,'height':1126.40000000000009094947017729282379150390625}}\" data-mobile-crop=\"{'focalPoint':{'x':0.5,'y':0.38000000000000000444089209850062616169452667236328125},'mediaSize':{'width':767,'height':843}}\" \/>\n<\/picture>\n\n\n<picture id=\"depicter-239-element-19\" class=\"depicter-element depicter-layer depicter-239-element-19\" data-type=\"image\" data-wrap=\"true\" data-name=\"Image 12\" data-local-id=\"element-19\" data-offset=\"x:-262px;y:-404px;origin:tl\" data-mobile-offset=\"x:-21px;y:-14px;origin:tl\" data-width=\"262px,,406px\" data-height=\"288px,,446px\" data-responsive-scale=\"true,,\" data-crop=\"false\">\n<source data-depicter-srcset=\"https:\/\/www.ull.es\/formacion-permanente\/wp-content\/uploads\/2026\/03\/mobile-2-406x446.jpg, https:\/\/www.ull.es\/formacion-permanente\/wp-content\/uploads\/2026\/03\/mobile-2-812x892.jpg 2x\" srcset=\"data:image\/gif;base64,R0lGODlhAQABAIAAAAAAAP\/\/\/yH5BAEAAAAALAAAAAABAAEAAAIBRAA7\" media=\"(max-width: 767px)\" \/>\n\n<source data-depicter-srcset=\"https:\/\/www.ull.es\/formacion-permanente\/wp-content\/uploads\/2026\/03\/mobile-2-262x288.jpg, https:\/\/www.ull.es\/formacion-permanente\/wp-content\/uploads\/2026\/03\/mobile-2-524x576.jpg 2x\" srcset=\"data:image\/gif;base64,R0lGODlhAQABAIAAAAAAAP\/\/\/yH5BAEAAAAALAAAAAABAAEAAAIBRAA7\" media=\"(min-width: 768px)\" \/>\n<img decoding=\"async\" src=\"data:image\/gif;base64,R0lGODlhAQABAIAAAAAAAP\/\/\/yH5BAEAAAAALAAAAAABAAEAAAIBRAA7\" data-depicter-src=\"https:\/\/www.ull.es\/formacion-permanente\/wp-content\/uploads\/2026\/03\/mobile-2-262x288.jpg\" alt=\"\" \/>\n<\/picture>\n<h2 id=\"depicter-239-element-15\" class=\"depicter-element depicter-layer depicter-239-element-15\" data-type=\"text\" data-wrap=\"true\" data-name=\"Text 3\" data-local-id=\"element-15\" data-offset=\"x:356px;y:158px;origin:tl\" data-tablet-offset=\"x:59px;y:308px;origin:tl\" data-mobile-offset=\"x:3px;y:162px;origin:tl\" data-width=\"662px,906px,360px\" data-height=\"auto,auto,auto\" data-responsive-scale=\"true,,\">T\u00edtulos propios<br><\/h2>\n\n<div id=\"depicter-239-element-16\" class=\"depicter-element depicter-layer depicter-239-element-16\" data-type=\"shape\" data-wrap=\"true\" data-name=\"Shape 1\" data-local-id=\"element-16\" data-offset=\"x:356px;y:255px;origin:tl\" data-tablet-offset=\"x:294px;y:398px;origin:tl\" data-mobile-offset=\"x:81px;y:209px;origin:tl\" data-width=\"518px,465px,204px\" data-height=\"8px,8px,8px\" data-responsive-scale=\"true,,\"><\/div>\n<\/div>\n<\/div>\n<script>\n(window.depicterSetups = window.depicterSetups || []).push(function(){\n\tDepicter.basePath = 'https:\/\/www.ull.es\/formacion-permanente\/wp-content\/plugins\/depicter\/resources\/scripts\/player\/';\n\tconst dpPlayer = Depicter.setup('.depicter-239',\n\t\t{\"width\":[\"1200\",\"1024\",\"360\"],\"height\":[\"400\",\"700\",\"360\"],\"view\":\"basic\",\"keepAspectRatio\":true,\"preload\":0,\"layout\":\"fullwidth\",\"rtl\":false,\"initAfterAppear\":false,\"ajaxApiUrl\":\"https:\\\/\\\/www.ull.es\\\/formacion-permanente\\\/wp-admin\\\/admin-ajax.php\",\"mouseSwipe\":true,\"touchSwipe\":true,\"useWatermark\":false}\n\t);\n});\n<\/script><\/div><\/div><\/div>\n<\/div><\/div>\n\n\n\n<div class=\"wp-block-stackable-heading alignfull stk-block-heading stk--hide-mobile stk-block-heading--v2 stk-block stk-67e3263 stk-block-background\" id=\"oferta-de-titulos-propios-curso-2026-2027\" data-block-id=\"67e3263\"><style>.stk-67e3263 {background-color:#e2be27 !important;padding-top:35px !important;padding-bottom:35px !important;margin-bottom:41px !important;}.stk-67e3263:before{background-color:#e2be27 !important;}.stk-67e3263 .stk-block-heading__text{font-size:20px !important;color:#ffffff !important;font-weight:500 !important;font-family:\"ArgentumSans\", Sans-serif !important;}@media screen and (max-width: 1023px){.stk-67e3263 .stk-block-heading__text{font-size:20px !important;}}<\/style><h2 class=\"stk-block-heading__text has-text-color has-text-align-center\">OFERTA DE TITULOS PROPIOS CURSO 2026-2027<\/h2><\/div>\n\n\n\n<div class=\"wp-block-stackable-columns alignwide stk-block-columns stk-block stk-6d3c23a\" data-block-id=\"6d3c23a\"><style>.stk-6d3c23a {padding-right:12% !important;padding-left:12% !important;}.stk-6d3c23a-column{--stk-column-gap:35px !important;}@media screen and (max-width: 767px){.stk-6d3c23a {padding-right:0px !important;padding-left:0px !important;}}<\/style><div class=\"stk-row stk-inner-blocks stk-block-content stk-content-align stk-6d3c23a-column alignwide\">\n<div class=\"wp-block-stackable-column stk-block-column stk-column stk-block stk-c85aebf\" data-v=\"4\" data-block-id=\"c85aebf\"><div class=\"stk-column-wrapper stk-block-column__content stk-container stk-c85aebf-container stk--no-background stk--no-padding\"><div class=\"stk-block-content stk-inner-blocks stk-c85aebf-inner-blocks\">\n<div class=\"wp-block-stackable-heading stk-block-heading stk-block-heading--v2 stk-block stk-37ecbc0\" id=\"expedicion-de-titulo\" data-block-id=\"37ecbc0\"><style>.stk-37ecbc0 .stk-block-heading__bottom-line{width:100% !important;background-color:#e7e7e7 !important;margin-top:30px !important;}.stk-37ecbc0 {margin-bottom:40px !important;}.stk-37ecbc0 .stk-block-heading__text{color:#000000 !important;font-weight:700 !important;}@media screen and (max-width: 767px){.stk-37ecbc0 {padding-top:var(--stk--preset--spacing--50, 1.5rem) !important;}}<\/style><h1 class=\"stk-block-heading__text has-text-color has-text-align-left\">Expedici\u00f3n de t\u00edtulo<\/h1><\/div>\n\n\n\n<details class=\"wp-block-stackable-accordion stk-block-accordion stk-inner-blocks stk-block-content stk-block stk-8f5d083 is-style-default\" id=\"instrucciones\" data-block-id=\"8f5d083\"><style>.stk-8f5d083 {margin-bottom:5px !important;}<\/style>\n<summary class=\"wp-block-stackable-column stk-block-column stk-column stk-block stk-f46ef39 stk--container-small stk-block-accordion__heading\" data-v=\"4\" data-block-id=\"f46ef39\"><style>.stk-f46ef39 {border-style:solid !important;border-top-width:0px !important;border-right-width:0px !important;border-bottom-width:1px !important;border-left-width:0px !important;}<\/style><div class=\"stk-column-wrapper stk-block-column__content stk-container stk-f46ef39-container stk--no-background stk--no-padding\"><div class=\"stk-block-content stk-inner-blocks stk-f46ef39-inner-blocks\">\n<div class=\"wp-block-stackable-icon-label stk-block-icon-label stk-block stk-3eb1407\" data-block-id=\"3eb1407\"><style>.stk-3eb1407 .stk-inner-blocks{gap:40px !important;}@media screen and (max-width: 1023px){.stk-3eb1407 .stk-inner-blocks{gap:40px !important;}}@media screen and (max-width: 767px){.stk-3eb1407 .stk-inner-blocks{gap:40px !important;}}<\/style><div class=\"stk-row stk-inner-blocks stk-block-content\">\n<div class=\"wp-block-stackable-icon stk-block-icon stk-block stk-aa6d684\" data-block-id=\"aa6d684\"><style>.stk-aa6d684 .stk--svg-wrapper .stk--inner-svg svg:last-child{height:24px !important;width:24px !important;}.stk-aa6d684 .stk--svg-wrapper .stk--inner-svg svg:last-child, .stk-aa6d684 .stk--svg-wrapper .stk--inner-svg svg:last-child :is(g, path, rect, polygon, ellipse){fill:#fcb900 !important;}<\/style><span class=\"stk--svg-wrapper stk--has-icon2\"><div class=\"stk--inner-svg\"><svg style=\"height:0;width:0\"><defs><linearGradient id=\"linear-gradient-aa6d684\" x1=\"0\" x2=\"100%\" y1=\"0\" y2=\"0\"><stop offset=\"0%\" style=\"stop-opacity:1;stop-color:var(--linear-gradient-aa-6-d-684-color-1)\"><\/stop><stop offset=\"100%\" style=\"stop-opacity:1;stop-color:var(--linear-gradient-aa-6-d-684-color-2)\"><\/stop><\/linearGradient><\/defs><\/svg><svg xmlns=\"http:\/\/www.w3.org\/2000\/svg\" viewBox=\"0 0 512 512\" aria-hidden=\"true\" width=\"32\" height=\"32\"><path d=\"M256 512A256 256 0 1 0 256 0a256 256 0 1 0 0 512zM216 336h24V272H216c-13.3 0-24-10.7-24-24s10.7-24 24-24h48c13.3 0 24 10.7 24 24v88h8c13.3 0 24 10.7 24 24s-10.7 24-24 24H216c-13.3 0-24-10.7-24-24s10.7-24 24-24zm40-208a32 32 0 1 1 0 64 32 32 0 1 1 0-64z\"\/><\/svg><\/div><div class=\"stk--inner-svg stk--icon-2\" style=\"display:none\"><svg style=\"height:0;width:0\"><defs><linearGradient id=\"linear-gradient-aa6d684\" x1=\"0\" x2=\"100%\" y1=\"0\" y2=\"0\"><stop offset=\"0%\" style=\"stop-opacity:1;stop-color:var(--linear-gradient-aa-6-d-684-color-1)\"><\/stop><stop offset=\"100%\" style=\"stop-opacity:1;stop-color:var(--linear-gradient-aa-6-d-684-color-2)\"><\/stop><\/linearGradient><\/defs><\/svg><svg xmlns=\"http:\/\/www.w3.org\/2000\/svg\" viewBox=\"0 0 192 512\" aria-hidden=\"true\" width=\"32\" height=\"32\"><path d=\"M48 80a48 48 0 1 1 96 0A48 48 0 1 1 48 80zM0 224c0-17.7 14.3-32 32-32H96c17.7 0 32 14.3 32 32V448h32c17.7 0 32 14.3 32 32s-14.3 32-32 32H32c-17.7 0-32-14.3-32-32s14.3-32 32-32H64V256H32c-17.7 0-32-14.3-32-32z\"\/><\/svg><\/div><\/span><\/div>\n\n\n\n<div class=\"wp-block-stackable-heading stk-block-heading stk-block-heading--v2 stk-block stk-1e75567\" id=\"instrucciones\" data-block-id=\"1e75567\"><style>.stk-1e75567 .stk-block-heading__text{font-size:18px !important;font-weight:700 !important;font-family:\"Montserrat\", Sans-serif !important;}@media screen and (max-width: 1023px){.stk-1e75567 .stk-block-heading__text{font-size:18px !important;}}<\/style><p class=\"stk-block-heading__text\">Instrucciones<\/p><\/div>\n<\/div><\/div>\n<\/div><\/div><\/summary>\n\n\n\n<div class=\"wp-block-stackable-column stk-block-column stk-column stk-block stk-fd365ab stk-block-accordion__content\" data-v=\"4\" data-block-id=\"fd365ab\"><div class=\"stk-column-wrapper stk-block-column__content stk-container stk-fd365ab-container stk--no-background stk--no-padding\"><div class=\"stk-block-content stk-inner-blocks stk-fd365ab-inner-blocks\">\n<div class=\"wp-block-stackable-text stk-block-text stk-block stk-7147e54\" data-block-id=\"7147e54\"><p class=\"stk-block-text__text\">Habiendo finalizado ya algunos Cursos o Programas de Postgrado de la Universidad de La Laguna, conviene dar las siguientes instrucciones para aplicaci\u00f3n de la citada normativa, con el fin de conseguir una mayor eficacia administrativa en todo lo que ata\u00f1e a la expedici\u00f3n de T\u00edtulos Propios de la Universidad de La Laguna.<\/p><\/div>\n\n\n\n<h3 class=\"wp-block-heading\">I.- Competencia<\/h3>\n\n\n\n<p>El Rector o la Rectora, en nombre de la Universidad de La Laguna, expedir\u00e1 los T\u00edtulos Propios de \u00e9sta, correspondiente a las ense\u00f1anzas impartidas en los \u00abProgramas de Master\u00bb y \u00bb Cursos de Especializaci\u00f3n\u00bb que hayan sido autorizados por la Junta de Gobierno.<\/p>\n\n\n\n<h3 class=\"wp-block-heading\">II.- \u00c1mbito de aplicaci\u00f3n<\/h3>\n\n\n\n<p>El R.D. 1496\/87, de 6 de noviembre, establece una distinci\u00f3n entre:<\/p>\n\n\n\n<ol class=\"wp-block-list\">\n<li>T\u00edtulos oficiales que tienen car\u00e1cter oficial y validez en todo el territorio nacional.<\/li>\n\n\n\n<li>Restantes Diplomas y T\u00edtulos expedidos por las Universidades P\u00fablicas en los que no concurren los efectos acad\u00e9micos y territoriales espec\u00edficos de los T\u00edtulos oficiales.<\/li>\n<\/ol>\n\n\n\n<p>La presente instrucci\u00f3n se refiere \u00fanicamente a los segundos, es decir, a los T\u00edtulos Propios de la Universidad de La Laguna sin car\u00e1cter oficial ni validez en todo el territorio nacional. Este tipo de T\u00edtulos no tiene efectos acad\u00e9micos plenos ni habilitan para el ejercicio profesional.<\/p>\n\n\n\n<p>Los T\u00edtulos Propios de la Universidad de La Laguna son los Master y cursos de Especializaci\u00f3n, que se obtienen tras la superaci\u00f3n de: un Programa de Master no inferior 200 horas de carga lectiva, o un Curso de Especializaci\u00f3n de Posgrado y cuya duraci\u00f3n no sea, en ning\u00fan caso, inferior a un curso acad\u00e9mico. Para que el t\u00edtulo tenga car\u00e1cter de propio de la Universidad de La Laguna es necesario que el Programa o Curso de Postgrado haya sido autorizado por la Junta de Gobierno de la Universidad de La Laguna y sus tasas de matriculaci\u00f3n aprobadas por el Consejo Social.<\/p>\n\n\n\n<h3 class=\"wp-block-heading\">III.- Procedimiento<\/h3>\n\n\n\n<p><a href=\"https:\/\/sede.ull.es\/ecivilis-site\/catalog\/showProcedure\/478\" target=\"_blank\" rel=\"noreferrer noopener\" target=\"_blank\" rel=\"noopener\">Sede electr\u00f3nica \u2013 Solicitud de Expedici\u00f3n de T\u00edtulo Propio<\/a><\/p>\n\n\n\n<p>Documentaci\u00f3n exigida:<\/p>\n\n\n\n<ul class=\"wp-block-list\">\n<li>Solicitud de inicio del procedimiento<\/li>\n\n\n\n<li>NIF, o en el caso de extranjeros, NIE y Pasaporte, en vigor<\/li>\n\n\n\n<li>T\u00edtulo de acceso al T\u00edtulo Propio<\/li>\n<\/ul>\n\n\n\n<h3 class=\"wp-block-heading\">IV.- Duplicados<\/h3>\n\n\n\n<p>El T\u00edtulo universitario, como documento p\u00fablico, no puede ser objeto de modificaci\u00f3n, alteraci\u00f3n o enmienda. Cualquier modificaci\u00f3n de un T\u00edtulo por cambio de nombre, nacionalidad, etc. exigir\u00e1 la anulaci\u00f3n del T\u00edtulo original y la expedici\u00f3n de un duplicado. Tambi\u00e9n se expedir\u00e1 un duplicado para los supuestos de extrav\u00edo, destrucci\u00f3n o deterioro del T\u00edtulo.<\/p>\n\n\n\n<p>Para expedici\u00f3n de duplicados de T\u00edtulos se seguir\u00e1 el siguiente procedimiento:<\/p>\n\n\n\n<p>1) Si se trata de duplicados por cambio de nombre, nacionalidad, etc.<\/p>\n\n\n\n<ul class=\"wp-block-list\">\n<li>Instancia del interesado dirigida al Rector o a la Rectora exponiendo la situaci\u00f3n y adjuntando certificado oficial del \u00f3rgano competente, donde coste tal cambio de nombre, apellido, nacionalidad, etc.<\/li>\n\n\n\n<li>Deber\u00e1 abonar el importe de la tasa por expedici\u00f3n de duplicado cuando le sea imputable al interesado la causa que origin\u00f3 la modificaci\u00f3n del texto.<\/li>\n\n\n\n<li>Al expediente tambi\u00e9n se unir\u00e1 el T\u00edtulo original, con el fin de proceder a su anulaci\u00f3n.<\/li>\n\n\n\n<li>Los documentos se presentar\u00e1n en el Negociado de T\u00edtulos de la Universidad.<\/li>\n\n\n\n<li>La expedici\u00f3n del duplicado se realizar\u00e1 siguiendo el procedimiento ordinario.<\/li>\n<\/ul>\n\n\n\n<p>2) Si se trata de duplicado por extrav\u00edo, destrucci\u00f3n o deterioro.<\/p>\n\n\n\n<ul class=\"wp-block-list\">\n<li>Instancia del interesado dirigida al Rector o a la Rectora exponiendo el problema.<\/li>\n\n\n\n<li>Resguardo de haber abonado la tasa por expedici\u00f3n de duplicados el interesado es el causante del deterioro, extrav\u00edo o destrucci\u00f3n.<\/li>\n\n\n\n<li>El T\u00edtulo deteriorado o la parte del mismo que subsiste.<\/li>\n\n\n\n<li>Fotocopia del expediente original.<\/li>\n\n\n\n<li>Si es solo por extrav\u00edo, el expediente se inicia en el Negociado de T\u00edtulos de la Universidad y estar\u00e1 formado por los siguientes documentos:<\/li>\n\n\n\n<li>Fotocopia del expediente original.<\/li>\n\n\n\n<li>Instancia del interesado solicitando el duplicado.<\/li>\n\n\n\n<li>Resguardo tasa duplicado si la causa del extrav\u00edo es imputable al interesado.<\/li>\n<\/ul>\n\n\n\n<p>Para que se inserte un anuncio en el BOE se sigue la siguiente tramitaci\u00f3n:<\/p>\n\n\n\n<ol class=\"wp-block-list\">\n<li>El negociado de T\u00edtulos realiza un escrito-anuncio donde constan todos los datos del T\u00edtulo y del interesado, y lo remite al Servicio P\u00fablico del BOE.<\/li>\n\n\n\n<li>Dicho servicio remite al interesado el presupuesto de lo que cuesta insertar tal anuncio.<\/li>\n\n\n\n<li>Una vez aceptado y abonado mediante giro postal, se publica.<\/li>\n\n\n\n<li>El abono de la publicaci\u00f3n en el BOE lo realiza quien sea el causante del extrav\u00edo.<\/li>\n<\/ol>\n\n\n\n<p>Una vez expedido el duplicado, el T\u00edtulo primitivo o la parte que quede del mismo, ser\u00e1 destruido por la Universidad y de esta destrucci\u00f3n se comunicar\u00e1 fehacientemente al Registro Universitario del T\u00edtulos Propios.<\/p>\n<\/div><\/div><\/div>\n<\/details>\n<\/div><\/div><\/div>\n<\/div><\/div>\n","protected":false},"excerpt":{"rendered":"<p>OFERTA DE TITULOS PROPIOS CURSO 2026-2027 Expedici\u00f3n de t\u00edtulo Instrucciones Habiendo finalizado ya algunos Cursos o Programas de Postgrado de la Universidad de La Laguna, conviene dar las siguientes instrucciones para aplicaci\u00f3n de la citada normativa, con el fin de conseguir una mayor eficacia administrativa en todo lo que ata\u00f1e a la expedici\u00f3n de T\u00edtulos&#8230;<\/p>\n","protected":false},"author":1,"featured_media":0,"parent":0,"menu_order":0,"comment_status":"closed","ping_status":"closed","template":"templates\/template-frontpage.php","meta":{"_acf_changed":false,"footnotes":""},"class_list":["post-23","page","type-page","status-publish","hentry"],"acf":[],"yoast_head":"<!-- This site is optimized with the Yoast SEO plugin v27.2 - https:\/\/yoast.com\/product\/yoast-seo-wordpress\/ -->\n<title>Expedici\u00f3n de t\u00edtulo - Formaci\u00f3n Permanente<\/title>\n<meta name=\"robots\" content=\"index, follow, max-snippet:-1, max-image-preview:large, max-video-preview:-1\" \/>\n<link rel=\"canonical\" href=\"https:\/\/www.ull.es\/formacion-permanente\/expedicion-de-titulo\/\" \/>\n<meta property=\"og:locale\" content=\"es_ES\" \/>\n<meta property=\"og:type\" content=\"article\" \/>\n<meta property=\"og:title\" content=\"Expedici\u00f3n de t\u00edtulo - Formaci\u00f3n Permanente\" \/>\n<meta property=\"og:description\" content=\"OFERTA DE TITULOS PROPIOS CURSO 2026-2027 Expedici\u00f3n de t\u00edtulo Instrucciones Habiendo finalizado ya algunos Cursos o Programas de Postgrado de la Universidad de La Laguna, conviene dar las siguientes instrucciones para aplicaci\u00f3n de la citada normativa, con el fin de conseguir una mayor eficacia administrativa en todo lo que ata\u00f1e a la expedici\u00f3n de T\u00edtulos...\" \/>\n<meta property=\"og:url\" content=\"https:\/\/www.ull.es\/formacion-permanente\/expedicion-de-titulo\/\" \/>\n<meta property=\"og:site_name\" content=\"Formaci\u00f3n Permanente\" \/>\n<meta property=\"article:modified_time\" content=\"2026-03-25T15:29:18+00:00\" \/>\n<meta name=\"twitter:card\" content=\"summary_large_image\" \/>\n<meta name=\"twitter:label1\" content=\"Tiempo de lectura\" \/>\n\t<meta name=\"twitter:data1\" content=\"4 minutos\" \/>\n<script type=\"application\/ld+json\" class=\"yoast-schema-graph\">{\"@context\":\"https:\/\/schema.org\",\"@graph\":[{\"@type\":\"WebPage\",\"@id\":\"https:\/\/www.ull.es\/formacion-permanente\/expedicion-de-titulo\/\",\"url\":\"https:\/\/www.ull.es\/formacion-permanente\/expedicion-de-titulo\/\",\"name\":\"Expedici\u00f3n de t\u00edtulo - Formaci\u00f3n Permanente\",\"isPartOf\":{\"@id\":\"https:\/\/www.ull.es\/formacion-permanente\/#website\"},\"datePublished\":\"2018-03-15T14:29:35+00:00\",\"dateModified\":\"2026-03-25T15:29:18+00:00\",\"breadcrumb\":{\"@id\":\"https:\/\/www.ull.es\/formacion-permanente\/expedicion-de-titulo\/#breadcrumb\"},\"inLanguage\":\"es\",\"potentialAction\":[{\"@type\":\"ReadAction\",\"target\":[\"https:\/\/www.ull.es\/formacion-permanente\/expedicion-de-titulo\/\"]}]},{\"@type\":\"BreadcrumbList\",\"@id\":\"https:\/\/www.ull.es\/formacion-permanente\/expedicion-de-titulo\/#breadcrumb\",\"itemListElement\":[{\"@type\":\"ListItem\",\"position\":1,\"name\":\"Portada\",\"item\":\"https:\/\/www.ull.es\/formacion-permanente\/\"},{\"@type\":\"ListItem\",\"position\":2,\"name\":\"Expedici\u00f3n de t\u00edtulo\"}]},{\"@type\":\"WebSite\",\"@id\":\"https:\/\/www.ull.es\/formacion-permanente\/#website\",\"url\":\"https:\/\/www.ull.es\/formacion-permanente\/\",\"name\":\"Formaci\u00f3n Permanente\",\"description\":\"\",\"potentialAction\":[{\"@type\":\"SearchAction\",\"target\":{\"@type\":\"EntryPoint\",\"urlTemplate\":\"https:\/\/www.ull.es\/formacion-permanente\/?s={search_term_string}\"},\"query-input\":{\"@type\":\"PropertyValueSpecification\",\"valueRequired\":true,\"valueName\":\"search_term_string\"}}],\"inLanguage\":\"es\"}]}<\/script>\n<!-- \/ Yoast SEO plugin. -->","yoast_head_json":{"title":"Expedici\u00f3n de t\u00edtulo - Formaci\u00f3n Permanente","robots":{"index":"index","follow":"follow","max-snippet":"max-snippet:-1","max-image-preview":"max-image-preview:large","max-video-preview":"max-video-preview:-1"},"canonical":"https:\/\/www.ull.es\/formacion-permanente\/expedicion-de-titulo\/","og_locale":"es_ES","og_type":"article","og_title":"Expedici\u00f3n de t\u00edtulo - Formaci\u00f3n Permanente","og_description":"OFERTA DE TITULOS PROPIOS CURSO 2026-2027 Expedici\u00f3n de t\u00edtulo Instrucciones Habiendo finalizado ya algunos Cursos o Programas de Postgrado de la Universidad de La Laguna, conviene dar las siguientes instrucciones para aplicaci\u00f3n de la citada normativa, con el fin de conseguir una mayor eficacia administrativa en todo lo que ata\u00f1e a la expedici\u00f3n de T\u00edtulos...","og_url":"https:\/\/www.ull.es\/formacion-permanente\/expedicion-de-titulo\/","og_site_name":"Formaci\u00f3n Permanente","article_modified_time":"2026-03-25T15:29:18+00:00","twitter_card":"summary_large_image","twitter_misc":{"Tiempo de lectura":"4 minutos"},"schema":{"@context":"https:\/\/schema.org","@graph":[{"@type":"WebPage","@id":"https:\/\/www.ull.es\/formacion-permanente\/expedicion-de-titulo\/","url":"https:\/\/www.ull.es\/formacion-permanente\/expedicion-de-titulo\/","name":"Expedici\u00f3n de t\u00edtulo - Formaci\u00f3n Permanente","isPartOf":{"@id":"https:\/\/www.ull.es\/formacion-permanente\/#website"},"datePublished":"2018-03-15T14:29:35+00:00","dateModified":"2026-03-25T15:29:18+00:00","breadcrumb":{"@id":"https:\/\/www.ull.es\/formacion-permanente\/expedicion-de-titulo\/#breadcrumb"},"inLanguage":"es","potentialAction":[{"@type":"ReadAction","target":["https:\/\/www.ull.es\/formacion-permanente\/expedicion-de-titulo\/"]}]},{"@type":"BreadcrumbList","@id":"https:\/\/www.ull.es\/formacion-permanente\/expedicion-de-titulo\/#breadcrumb","itemListElement":[{"@type":"ListItem","position":1,"name":"Portada","item":"https:\/\/www.ull.es\/formacion-permanente\/"},{"@type":"ListItem","position":2,"name":"Expedici\u00f3n de t\u00edtulo"}]},{"@type":"WebSite","@id":"https:\/\/www.ull.es\/formacion-permanente\/#website","url":"https:\/\/www.ull.es\/formacion-permanente\/","name":"Formaci\u00f3n Permanente","description":"","potentialAction":[{"@type":"SearchAction","target":{"@type":"EntryPoint","urlTemplate":"https:\/\/www.ull.es\/formacion-permanente\/?s={search_term_string}"},"query-input":{"@type":"PropertyValueSpecification","valueRequired":true,"valueName":"search_term_string"}}],"inLanguage":"es"}]}},"_links":{"self":[{"href":"https:\/\/www.ull.es\/formacion-permanente\/wp-json\/wp\/v2\/pages\/23","targetHints":{"allow":["GET"]}}],"collection":[{"href":"https:\/\/www.ull.es\/formacion-permanente\/wp-json\/wp\/v2\/pages"}],"about":[{"href":"https:\/\/www.ull.es\/formacion-permanente\/wp-json\/wp\/v2\/types\/page"}],"author":[{"embeddable":true,"href":"https:\/\/www.ull.es\/formacion-permanente\/wp-json\/wp\/v2\/users\/1"}],"replies":[{"embeddable":true,"href":"https:\/\/www.ull.es\/formacion-permanente\/wp-json\/wp\/v2\/comments?post=23"}],"version-history":[{"count":11,"href":"https:\/\/www.ull.es\/formacion-permanente\/wp-json\/wp\/v2\/pages\/23\/revisions"}],"predecessor-version":[{"id":4190,"href":"https:\/\/www.ull.es\/formacion-permanente\/wp-json\/wp\/v2\/pages\/23\/revisions\/4190"}],"wp:attachment":[{"href":"https:\/\/www.ull.es\/formacion-permanente\/wp-json\/wp\/v2\/media?parent=23"}],"curies":[{"name":"wp","href":"https:\/\/api.w.org\/{rel}","templated":true}]}}