{"id":11746,"date":"2025-02-04T09:20:18","date_gmt":"2025-02-04T09:20:18","guid":{"rendered":"https:\/\/www.ull.es\/?page_id=11746"},"modified":"2025-03-06T08:29:23","modified_gmt":"2025-03-06T08:29:23","slug":"elecciones-al-consejo-de-gobierno-2025","status":"publish","type":"page","link":"https:\/\/www.ull.es\/fr\/elecciones-al-consejo-de-gobierno-2025\/","title":{"rendered":"\u00c9lections du Conseil des gouverneurs 2025"},"content":{"rendered":"<div class=\"wp-block-stackable-heading stk-block-heading stk-block-heading--v2 stk-block stk-5bb3617\" id=\"elecciones-al-consejo-de-gobierno-2025\" data-block-id=\"5bb3617\"><h1 class=\"stk-block-heading__text\">\u00c9lections du Conseil des gouverneurs 2025<\/h1><\/div>\n\n\n\n<ul class=\"wp-block-list\" data-block-type=\"core\">\n<li data-block-type=\"core\"><a href=\"https:\/\/sede.ull.es\/ecivilis-site\/bulletinBoard\/showBulletin\/45404:1\" target=\"_blank\" rel=\"noopener\">R\u00e9solution du Recteur de l&#039;Universit\u00e9 de La Laguna convoquant des \u00e9lections au Conseil d&#039;Administration de l&#039;ULL.<\/a><\/li>\n\n\n\n<li data-block-type=\"core\"><a href=\"https:\/\/sede.ull.es\/ecivilis-site\/bulletinBoard\/showBulletin\/45422:1\" target=\"_blank\" rel=\"noopener\">Accord de la Commission \u00e9lectorale g\u00e9n\u00e9rale de l&#039;Universit\u00e9 de La Laguna \u00e9tablissant le calendrier et le processus d&#039;\u00e9lection des repr\u00e9sentants au Conseil d&#039;administration.<\/a><\/li>\n\n\n\n<li data-block-type=\"core\"><a href=\"https:\/\/sede.ull.es\/ecivilis-site\/bulletinBoard\/showBulletin\/45423:1\" target=\"_blank\" rel=\"noopener\">R\u00e9solution du Secr\u00e9taire G\u00e9n\u00e9ral de l&#039;Universit\u00e9 de La Laguna publiant les listes \u00e9lectorales pour l&#039;\u00e9lection des repr\u00e9sentants au Conseil d&#039;Administration.<\/a><\/li>\n\n\n\n<li data-block-type=\"core\">Formulaires de demande\n<ul class=\"wp-block-list\" data-block-type=\"core\">\n<li data-block-type=\"core\"><a href=\"https:\/\/docs.google.com\/document\/d\/1bE1RyTFInS0cr-P9tFcv1nvksGTFpbA4umlS2gIVw70\/edit?usp=sharing\" data-type=\"link\" data-id=\"https:\/\/docs.google.com\/document\/d\/1bE1RyTFInS0cr-P9tFcv1nvksGTFpbA4umlS2gIVw70\/edit?usp=sharing\" target=\"_blank\" rel=\"noopener\">Annexe I. Mod\u00e8le de candidature individuelle au Conseil d&#039;administration de l&#039;ULL<\/a><\/li>\n\n\n\n<li data-block-type=\"core\"><a href=\"https:\/\/docs.google.com\/document\/d\/1dewTTH3lXp_mfc4TQcsKkirHmPt5UM6PUjm_HcljULI\/edit?usp=sharing\" data-type=\"link\" data-id=\"https:\/\/docs.google.com\/document\/d\/1dewTTH3lXp_mfc4TQcsKkirHmPt5UM6PUjm_HcljULI\/edit?usp=sharing\" target=\"_blank\" rel=\"noopener\">Annexe II. Mod\u00e8le de candidature collective au Conseil d&#039;administration de l&#039;ULL<\/a><\/li>\n<\/ul>\n<\/li>\n\n\n\n<li data-block-type=\"core\"><a href=\"https:\/\/drive.google.com\/file\/d\/168UfMn3Poc3GwHmhG7sB-w-vFV0MJ-F2\/view?usp=sharing\" data-type=\"link\" data-id=\"https:\/\/drive.google.com\/file\/d\/168UfMn3Poc3GwHmhG7sB-w-vFV0MJ-F2\/view?usp=sharing\" target=\"_blank\" rel=\"noreferrer noopener\">Accord de la Commission \u00c9lectorale G\u00e9n\u00e9rale de l&#039;Universit\u00e9 de La Laguna r\u00e9solvant les plaintes formul\u00e9es concernant les recensements provisoires et publiant les recensements \u00e9lectoraux d\u00e9finitifs pour l&#039;\u00e9lection des repr\u00e9sentants au Conseil de Gouvernement.<\/a><\/li>\n\n\n\n<li data-block-type=\"core\"><a href=\"https:\/\/drive.google.com\/file\/d\/1WdGnuLOOvzUvhMkuo3fS_MLIZfHJhJ3c\/view?usp=sharing\" data-type=\"link\" data-id=\"https:\/\/drive.google.com\/file\/d\/1WdGnuLOOvzUvhMkuo3fS_MLIZfHJhJ3c\/view?usp=sharing\" target=\"_blank\" rel=\"noreferrer noopener\">Accord de la Commission \u00c9lectorale G\u00e9n\u00e9rale de l&#039;Universit\u00e9 de La Laguna proclamant provisoirement les candidatures au Conseil de Gouvernement pour les \u00e9lections du 25 f\u00e9vrier.<\/a><\/li>\n\n\n\n<li data-block-type=\"core\"><a href=\"https:\/\/drive.google.com\/file\/d\/1Mww9q0zWrBbpw2qZU3hwZDDH5pxY5I-g\/view?usp=sharing\" data-type=\"link\" data-id=\"https:\/\/drive.google.com\/file\/d\/1Mww9q0zWrBbpw2qZU3hwZDDH5pxY5I-g\/view?usp=sharing\" target=\"_blank\" rel=\"noreferrer noopener\">Accord de la Commission \u00e9lectorale g\u00e9n\u00e9rale de l&#039;Universit\u00e9 de La Laguna par lequel les r\u00e9clamations pr\u00e9sent\u00e9es \u00e0 la proclamation provisoire des candidatures au Conseil d&#039;administration de l&#039;Universit\u00e9 de La Laguna sont \u00e9valu\u00e9es et lesdites candidatures sont d\u00e9finitivement proclam\u00e9es<\/a><\/li>\n\n\n\n<li data-block-type=\"core\"><a href=\"https:\/\/drive.google.com\/file\/d\/1J6BnmhPVemWlxcw8XCz4xBdTCeZ3SfOj\/view?usp=sharing\" data-type=\"link\" data-id=\"https:\/\/drive.google.com\/file\/d\/1J6BnmhPVemWlxcw8XCz4xBdTCeZ3SfOj\/view?usp=sharing\" target=\"_blank\" rel=\"noreferrer noopener\">Accord de la Commission \u00e9lectorale g\u00e9n\u00e9rale de l&#039;Universit\u00e9 de La Laguna \u00e9tablissant les instructions pour le vote et le d\u00e9pouillement des \u00e9lections du Conseil d&#039;administration de 2025<\/a><\/li>\n\n\n\n<li data-block-type=\"core\"><a href=\"https:\/\/drive.google.com\/file\/d\/17TukiGnmqlq3K9E79yJZQhUqIYzU-efS\/view?usp=sharing\" data-type=\"link\" data-id=\"https:\/\/drive.google.com\/file\/d\/17TukiGnmqlq3K9E79yJZQhUqIYzU-efS\/view?usp=sharing\" target=\"_blank\" rel=\"noreferrer noopener\">R\u00e9solution du Recteur de l&#039;Universit\u00e9 de La Laguna d\u00e9signant le bureau \u00e9lectoral pour les \u00e9lections au Conseil de Gouvernement<\/a><\/li>\n\n\n\n<li data-block-type=\"core\"><a href=\"https:\/\/drive.google.com\/file\/d\/1GlgGFZ0Ddy8B5VrxjimyhnqaSopA2EHv\/view?usp=sharing\" data-type=\"link\" data-id=\"https:\/\/drive.google.com\/file\/d\/1GlgGFZ0Ddy8B5VrxjimyhnqaSopA2EHv\/view?usp=sharing\" target=\"_blank\" rel=\"noopener\">Diligence du Secr\u00e9taire g\u00e9n\u00e9ral pour corriger une omission dans les instructions de vote pour les \u00e9lections au Conseil des gouverneurs<\/a><\/li>\n\n\n\n<li data-block-type=\"core\"><a href=\"https:\/\/drive.google.com\/file\/d\/1yBaup14wrkWGhX59xoImF_frvJchq3dz\/view?usp=sharing\" data-type=\"link\" data-id=\"https:\/\/drive.google.com\/file\/d\/1yBaup14wrkWGhX59xoImF_frvJchq3dz\/view?usp=sharing\" target=\"_blank\" rel=\"noreferrer noopener\">Accord de la Commission \u00e9lectorale g\u00e9n\u00e9rale de l&#039;Universit\u00e9 de La Laguna rendant publics les r\u00e9sultats provisoires des \u00e9lections des repr\u00e9sentants au Conseil d&#039;administration de l&#039;Universit\u00e9 de La Laguna<\/a><\/li>\n\n\n\n<li data-block-type=\"core\"><a href=\"https:\/\/drive.google.com\/file\/d\/1RacKLG_hiBpSKFRNdByh5tK4gIIGussn\/view?usp=sharing\" data-type=\"link\" data-id=\"https:\/\/drive.google.com\/file\/d\/1RacKLG_hiBpSKFRNdByh5tK4gIIGussn\/view?usp=sharing\" target=\"_blank\" rel=\"noreferrer noopener\">Accord de la Commission G\u00e9n\u00e9rale \u00c9lectorale de l&#039;Universit\u00e9 de La Laguna rejetant la r\u00e9clamation d\u00e9pos\u00e9e contre la proclamation provisoire des candidats \u00e9lus et \u00e9levant ladite proclamation au rang d\u00e9finitif.<\/a><\/li>\n<\/ul>\n\n\n\n<p data-block-type=\"core\"><\/p>","protected":false},"excerpt":{"rendered":"<p>\u00c9lections du Conseil des gouverneurs 2025<\/p>","protected":false},"author":67,"featured_media":0,"parent":0,"menu_order":0,"comment_status":"closed","ping_status":"closed","template":"","meta":{"footnotes":""},"class_list":["post-11746","page","type-page","status-publish","hentry"],"_links":{"self":[{"href":"https:\/\/www.ull.es\/fr\/wp-json\/wp\/v2\/pages\/11746","targetHints":{"allow":["GET"]}}],"collection":[{"href":"https:\/\/www.ull.es\/fr\/wp-json\/wp\/v2\/pages"}],"about":[{"href":"https:\/\/www.ull.es\/fr\/wp-json\/wp\/v2\/types\/page"}],"author":[{"embeddable":true,"href":"https:\/\/www.ull.es\/fr\/wp-json\/wp\/v2\/users\/67"}],"replies":[{"embeddable":true,"href":"https:\/\/www.ull.es\/fr\/wp-json\/wp\/v2\/comments?post=11746"}],"version-history":[{"count":16,"href":"https:\/\/www.ull.es\/fr\/wp-json\/wp\/v2\/pages\/11746\/revisions"}],"predecessor-version":[{"id":12258,"href":"https:\/\/www.ull.es\/fr\/wp-json\/wp\/v2\/pages\/11746\/revisions\/12258"}],"wp:attachment":[{"href":"https:\/\/www.ull.es\/fr\/wp-json\/wp\/v2\/media?parent=11746"}],"curies":[{"name":"wp","href":"https:\/\/api.w.org\/{rel}","templated":true}]}}