{"id":12053,"date":"2025-02-12T13:11:33","date_gmt":"2025-02-12T13:11:33","guid":{"rendered":"https:\/\/www.ull.es\/?page_id=12053"},"modified":"2026-03-03T08:59:05","modified_gmt":"2026-03-03T08:59:05","slug":"institucionales-2025","status":"publish","type":"page","link":"https:\/\/www.ull.es\/fr\/institucionales-2025\/","title":{"rendered":"Prix institutionnels de l&#039;Universit\u00e9 de La Laguna 2025"},"content":{"rendered":"<div class=\"wp-block-stackable-columns alignwide stk-block-columns stk-block stk-b1c3750 stk-block-background stk--has-background-overlay\" data-block-id=\"b1c3750\"><style>.stk-b1c3750 {background-image:url(https:\/\/www.ull.es\/wp-content\/uploads\/2025\/02\/Web-Premios-Institucionales-2025_Header-1.jpg) !important;margin-top:-2% !important;margin-right:2% !important;margin-left:2% !important;}<\/style><div class=\"stk-row stk-inner-blocks stk-block-content stk-content-align stk-b1c3750-column alignwide\">\n<div class=\"wp-block-stackable-column stk-block-column stk-column stk-block stk-f47b5d4\" data-v=\"4\" data-block-id=\"f47b5d4\"><div class=\"stk-column-wrapper stk-block-column__content stk-container stk-f47b5d4-container stk--no-background stk--no-padding\"><div class=\"stk-block-content stk-inner-blocks stk-f47b5d4-inner-blocks\">\n<div class=\"wp-block-stackable-spacer stk-block-spacer stk--no-padding stk-block stk-f9ce497\" data-block-id=\"f9ce497\"><style>.stk-f9ce497 {height:180px !important;}<\/style><\/div>\n\n\n\n<div class=\"wp-block-stackable-heading stk-block-heading stk-block-heading--v2 stk-block stk-8661fd0\" id=\"strong-premios-institucionales-strong-2025\" data-block-id=\"8661fd0\"><style>.stk-8661fd0 {margin-bottom:0px !important;}.stk-8661fd0 .stk-block-heading__text{font-size:38px !important;color:#ffffff !important;font-weight:500 !important;font-family:\"ArgentumSans\", Sans-serif !important;}@media screen and (max-width: 1023px){.stk-8661fd0 .stk-block-heading__text{font-size:38px !important;}}@media screen and (max-width: 767px){.stk-8661fd0 {padding-right:25px !important;padding-left:25px !important;}}<\/style><h2 class=\"stk-block-heading__text has-text-color has-text-align-center\"><strong>PRIX INSTITUTIONNELS<\/strong> 2025<\/h2><\/div>\n\n\n\n<div class=\"wp-block-stackable-spacer stk-block-spacer stk--no-padding stk-block stk-62f06e3\" data-block-id=\"62f06e3\"><style>.stk-62f06e3 {height:180px !important;}<\/style><\/div>\n<\/div><\/div><\/div>\n<\/div><\/div>\n\n\n\n<div class=\"wp-block-stackable-columns stk-block-columns stk-block stk-12a6a8c\" data-block-id=\"12a6a8c\"><style>.stk-12a6a8c {margin-right:2% !important;margin-left:2% !important;}<\/style><div class=\"stk-row stk-inner-blocks stk-block-content stk-content-align stk-12a6a8c-column\">\n<div class=\"wp-block-stackable-column stk-block-column stk-column stk-block stk-cf5fdbd\" data-v=\"4\" data-block-id=\"cf5fdbd\"><div class=\"stk-column-wrapper stk-block-column__content stk-container stk-cf5fdbd-container stk--no-background stk--no-padding\"><div class=\"stk-block-content stk-inner-blocks stk-cf5fdbd-inner-blocks\">\n<div class=\"wp-block-stackable-text stk-block-text stk-block stk-d15648a\" data-block-id=\"d15648a\"><style>.stk-d15648a {margin-top:25px !important;margin-bottom:0px !important;}<\/style><p class=\"stk-block-text__text\">L&#039;Universit\u00e9 de La Laguna c\u00e9l\u00e8bre le 233e anniversaire de sa fondation et, comme chaque ann\u00e9e, lance son appel \u00e0 candidatures pour r\u00e9compenser l&#039;excellence dans divers domaines. \u00c0 l&#039;occasion de cet anniversaire, la Journ\u00e9e institutionnelle aura lieu le 11 mars, au cours de laquelle les d\u00e9cisions des jurys seront annonc\u00e9es.<\/p><\/div>\n\n\n\n<p data-block-type=\"core\"><br>Nous ajoutons ainsi de nouvelles r\u00e9ussites dans la pratique de l\u2019enseignement, dans l\u2019activit\u00e9 de recherche \u2013 tant senior que junior \u2013 et dans la gestion, tout en mettant en valeur de nouveaux profils dans l\u2019internationalisation de notre institution, l\u2019excellence p\u00e9dagogique et le m\u00e9rite acad\u00e9mique de nos \u00e9tudiants.<br>Cette c\u00e9r\u00e9monie met \u00e9galement en lumi\u00e8re les principaux alli\u00e9s de l&#039;Universit\u00e9 de La Laguna \u00e0 travers leurs efforts de m\u00e9c\u00e9nat, une distinction directement reconnue par le Bureau du Recteur.<\/p>\n\n\n\n<p data-block-type=\"core\"><br>Ce site r\u00e9pertorie toutes les candidatures pour ces Prix Institutionnels.<\/p>\n\n\n\n<p data-block-type=\"core\"><\/p>\n\n\n\n<p data-block-type=\"core\"><\/p>\n<\/div><\/div><\/div>\n<\/div><\/div>\n\n\n\n<div class=\"wp-block-stackable-heading stk-block-heading stk-block-heading--v2 stk-block stk-72f5738\" id=\"convocatorias\" data-block-id=\"72f5738\"><style>.stk-72f5738 {margin-top:50px !important;margin-bottom:22px !important;}.stk-72f5738 .stk-block-heading__text{color:#5c068c !important;font-weight:600 !important;}<\/style><h1 class=\"stk-block-heading__text has-text-color has-text-align-center\">Appels<\/h1><\/div>\n\n\n\n<div class=\"wp-block-stackable-columns alignfull stk-block-columns stk-block stk-595fd7b stk-block-background stk--has-background-overlay\" data-block-id=\"595fd7b\"><style>.stk-595fd7b {background-image:url(https:\/\/www.ull.es\/wp-content\/uploads\/2025\/02\/Web-Premios-Institucionales-2025_Imagen-de-fondo-transparente.png) !important;border-top-left-radius:15px !important;border-top-right-radius:15px !important;border-bottom-right-radius:15px !important;border-bottom-left-radius:15px !important;overflow:hidden !important;margin-bottom:-7% !important;}.stk-595fd7b-column{row-gap:0px !important;}<\/style><div class=\"stk-row stk-inner-blocks stk-block-content stk-content-align stk-595fd7b-column alignfull\">\n<div class=\"wp-block-stackable-column stk-block-column stk-column stk-block stk-c875eee\" data-v=\"4\" data-block-id=\"c875eee\"><style>.stk-c875eee-inner-blocks{row-gap:0px !important;}<\/style><div class=\"stk-column-wrapper stk-block-column__content stk-container stk-c875eee-container stk--no-background stk--no-padding\"><div class=\"stk-block-content stk-inner-blocks stk-c875eee-inner-blocks\">\n<div class=\"wp-block-stackable-spacer stk-block-spacer stk--no-padding stk-block stk-81c2761\" data-block-id=\"81c2761\"><style>.stk-81c2761 {height:250px !important;}<\/style><\/div>\n\n\n\n<div class=\"wp-block-stackable-columns aligncenter stk-block-columns stk-block stk-60f0bc7\" data-block-id=\"60f0bc7\"><style>.stk-60f0bc7 {border-top-left-radius:25px !important;border-top-right-radius:25px !important;border-bottom-right-radius:25px !important;border-bottom-left-radius:25px !important;overflow:hidden !important;}@media screen and (max-width: 767px){.stk-60f0bc7 {padding-right:25px !important;padding-left:25px !important;}}<\/style><div class=\"stk-row stk-inner-blocks stk-block-content stk-content-align stk-60f0bc7-column\">\n<div class=\"wp-block-stackable-column stk-block-column stk-column stk-block stk-b9a2875\" data-v=\"4\" data-block-id=\"b9a2875\"><div class=\"stk-column-wrapper stk-block-column__content stk-container stk-b9a2875-container stk--no-background stk--no-padding\"><div class=\"stk-block-content stk-inner-blocks stk-b9a2875-inner-blocks\">\n<ul style=\"background-color:#f6f6f6\" class=\"wp-block-list has-background\" data-block-type=\"core\">\n<li class=\"has-text-color has-link-color wp-elements-14a5df43b7922aac29b3e9257cbfbbf5\" style=\"color:#5c068c\" data-block-type=\"core\"><a href=\"https:\/\/www.ull.es\/portal\/convocatorias\/convocatoria\/decima-edicion-de-los-premios-a-la-internacionalizacion-de-la-universidad-de-la-laguna-convocatoria-2025\/\" target=\"_blank\" rel=\"noreferrer noopener\"><strong>10e Prix de l&#039;internationalisation<\/strong><\/a><\/li>\n\n\n\n<li data-block-type=\"core\"><a href=\"https:\/\/www.ull.es\/portal\/convocatorias\/convocatoria\/convocatoria-de-los-premios-de-innovacion-y-transferencia-educativa-para-el-curso-academico-2025\/\" target=\"_blank\" rel=\"noreferrer noopener\"><strong><span style=\"color: #5c068c;\" class=\"stk-highlight\">XIVe Prix de l&#039;innovation et du transfert \u00e9ducatif<\/span><\/strong><\/a><\/li>\n\n\n\n<li data-block-type=\"core\"><a href=\"https:\/\/www.ull.es\/portal\/convocatorias\/convocatoria\/convocatoria-de-la-xiv-edicion-de-los-premios-a-las-mejores-practicas-en-administracion-y-servicios-2025\/\" target=\"_blank\" rel=\"noreferrer noopener\"><strong><span style=\"color: #5c068c;\" class=\"stk-highlight\">XIVe Prix des meilleures pratiques en mati\u00e8re d&#039;administration et de services<\/span><\/strong><\/a><\/li>\n\n\n\n<li data-block-type=\"core\"><a href=\"https:\/\/www.ull.es\/portal\/convocatorias\/convocatoria\/convocatoria-de-la-xiv-edicion-de-los-premios-a-la-investigacion-y-la-iii-edicion-del-premio-a-la-investigacion-categoria-junior-de-la-universidad-de-la-laguna\/\" target=\"_blank\" rel=\"noreferrer noopener\"><strong><span style=\"color: #5c068c;\" class=\"stk-highlight\">XIVe Prix de recherche et IIIe Prix de recherche junior<\/span><\/strong><\/a><\/li>\n\n\n\n<li data-block-type=\"core\"><strong><a href=\"https:\/\/drive.google.com\/file\/d\/1XJnsBpwHw5vAKA-asPFDRDHMWnf7SjGt\/view\" data-type=\"link\" data-id=\"https:\/\/drive.google.com\/file\/d\/1XJnsBpwHw5vAKA-asPFDRDHMWnf7SjGt\/view\" target=\"_blank\" rel=\"noreferrer noopener\"><span style=\"color: #5c068c;\" class=\"stk-highlight\">II Prix du m\u00e9rite acad\u00e9mique<\/span><\/a><\/strong> Il est nomm\u00e9 par le Vice-Rectorat aux \u00c9tudiants en fonction des notes obtenues l&#039;ann\u00e9e derni\u00e8re.<\/li>\n\n\n\n<li class=\"has-text-color has-link-color wp-elements-e6725119279bcdb373ff32b9a497b255\" style=\"color:#5c068c\" data-block-type=\"core\"><strong><span style=\"color: #5c068c;\" class=\"stk-highlight\"><a href=\"https:\/\/www.ull.es\/portal\/convocatorias\/convocatoria\/ii-edicion-de-los-premios-a-la-excelencia-docente-de-la-universidad-de-la-laguna\/\" data-type=\"link\" data-id=\"https:\/\/www.ull.es\/portal\/convocatorias\/convocatoria\/ii-edicion-de-los-premios-a-la-excelencia-educativa-de-la-universidad-de-la-laguna\/\" target=\"_blank\" rel=\"noreferrer noopener\">II Prix d&#039;excellence en enseignement<\/a><\/span><\/strong><\/li>\n\n\n\n<li data-block-type=\"core\"><span style=\"color: #5c068c;\" class=\"stk-highlight\"><strong>Le Prix du M\u00e9c\u00e9nat<\/strong><\/span>&nbsp;Il est nomm\u00e9 directement par le Rectorat \u00e0 une entit\u00e9 ou \u00e0 une personne dont la contribution \u00e0 l&#039;universit\u00e9 a \u00e9t\u00e9 pertinente et n&#039;est donc pas comp\u00e9titive.<\/li>\n<\/ul>\n<\/div><\/div><\/div>\n<\/div><\/div>\n\n\n\n<div class=\"wp-block-stackable-spacer stk-block-spacer stk--no-padding stk-block stk-cbfe8a0\" data-block-id=\"cbfe8a0\"><style>.stk-cbfe8a0 {height:250px !important;}<\/style><\/div>\n<\/div><\/div><\/div>\n<\/div><\/div>","protected":false},"excerpt":{"rendered":"<p>PRIX INSTITUTIONNELS 2025 L\u2019Universit\u00e9 de La Laguna c\u00e9l\u00e8bre le 233e anniversaire de sa fondation et, comme chaque ann\u00e9e, lance son appel \u00e0 candidatures pour les prix institutionnels afin de r\u00e9compenser l\u2019excellence dans diff\u00e9rents domaines. \u00c0 l\u2019occasion de cet anniversaire, la c\u00e9r\u00e9monie de la Journ\u00e9e institutionnelle aura lieu le 11 mars, lors de laquelle les laur\u00e9ats seront annonc\u00e9s\u2026<\/p>","protected":false},"author":67,"featured_media":0,"parent":0,"menu_order":0,"comment_status":"closed","ping_status":"closed","template":"templates\/template-frontpage.php","meta":{"footnotes":""},"class_list":["post-12053","page","type-page","status-publish","hentry"],"_links":{"self":[{"href":"https:\/\/www.ull.es\/fr\/wp-json\/wp\/v2\/pages\/12053","targetHints":{"allow":["GET"]}}],"collection":[{"href":"https:\/\/www.ull.es\/fr\/wp-json\/wp\/v2\/pages"}],"about":[{"href":"https:\/\/www.ull.es\/fr\/wp-json\/wp\/v2\/types\/page"}],"author":[{"embeddable":true,"href":"https:\/\/www.ull.es\/fr\/wp-json\/wp\/v2\/users\/67"}],"replies":[{"embeddable":true,"href":"https:\/\/www.ull.es\/fr\/wp-json\/wp\/v2\/comments?post=12053"}],"version-history":[{"count":58,"href":"https:\/\/www.ull.es\/fr\/wp-json\/wp\/v2\/pages\/12053\/revisions"}],"predecessor-version":[{"id":12289,"href":"https:\/\/www.ull.es\/fr\/wp-json\/wp\/v2\/pages\/12053\/revisions\/12289"}],"wp:attachment":[{"href":"https:\/\/www.ull.es\/fr\/wp-json\/wp\/v2\/media?parent=12053"}],"curies":[{"name":"wp","href":"https:\/\/api.w.org\/{rel}","templated":true}]}}