{"id":12576,"date":"2025-05-05T11:50:00","date_gmt":"2025-05-05T11:50:00","guid":{"rendered":"https:\/\/www.ull.es\/?page_id=12576"},"modified":"2026-02-26T11:36:45","modified_gmt":"2026-02-26T11:36:45","slug":"campus-rural","status":"publish","type":"page","link":"https:\/\/www.ull.es\/fr\/campus-rural\/","title":{"rendered":"Campus rural"},"content":{"rendered":"<div class=\"wp-block-stackable-columns alignfull stk-block-columns stk-block stk-e7f4e31 stk-block-background\" data-block-id=\"e7f4e31\"><style>.stk-e7f4e31 {background-color:#0f8c37 !important;margin-top:-2% !important;}.stk-e7f4e31:before{background-color:#0f8c37 !important;}<\/style><div class=\"stk-row stk-inner-blocks has-text-align-center stk-block-content stk-content-align stk-e7f4e31-column alignfull\">\n<div class=\"wp-block-stackable-column stk-block-column stk-column stk-block stk-c745b4d\" data-v=\"4\" data-block-id=\"c745b4d\"><div class=\"stk-column-wrapper stk-block-column__content stk-container stk-c745b4d-container stk--no-background stk--no-padding\"><div class=\"stk-block-content stk-inner-blocks stk-c745b4d-inner-blocks\">\n<div class=\"wp-block-stackable-image alignfull stk-block-image has-text-align-center stk-block stk-1efc167\" data-block-id=\"1efc167\"><figure><span class=\"stk-img-wrapper stk-image--shape-stretch\"><img loading=\"lazy\" decoding=\"async\" class=\"stk-img wp-image-12577\" src=\"https:\/\/www.ull.es\/wp-content\/uploads\/2025\/05\/Landing-Campus-rural_Slider.png\" width=\"1906\" height=\"400\" srcset=\"https:\/\/www.ull.es\/wp-content\/uploads\/2025\/05\/Landing-Campus-rural_Slider.png 1906w, https:\/\/www.ull.es\/wp-content\/uploads\/2025\/05\/Landing-Campus-rural_Slider-300x63.png 300w, https:\/\/www.ull.es\/wp-content\/uploads\/2025\/05\/Landing-Campus-rural_Slider-1024x215.png 1024w, https:\/\/www.ull.es\/wp-content\/uploads\/2025\/05\/Landing-Campus-rural_Slider-768x161.png 768w, https:\/\/www.ull.es\/wp-content\/uploads\/2025\/05\/Landing-Campus-rural_Slider-1536x322.png 1536w, https:\/\/www.ull.es\/wp-content\/uploads\/2025\/05\/Landing-Campus-rural_Slider-18x4.png 18w, https:\/\/www.ull.es\/wp-content\/uploads\/2025\/05\/Landing-Campus-rural_Slider-200x42.png 200w, https:\/\/www.ull.es\/wp-content\/uploads\/2025\/05\/Landing-Campus-rural_Slider-375x79.png 375w, https:\/\/www.ull.es\/wp-content\/uploads\/2025\/05\/Landing-Campus-rural_Slider-750x157.png 750w, https:\/\/www.ull.es\/wp-content\/uploads\/2025\/05\/Landing-Campus-rural_Slider-1140x239.png 1140w\" sizes=\"auto, (max-width: 1906px) 100vw, 1906px\" \/><\/span><\/figure><\/div>\n<\/div><\/div><\/div>\n<\/div><\/div>\n\n\n\n<div class=\"wp-block-stackable-columns alignwide stk-block-columns stk-block stk-7f93130\" data-block-id=\"7f93130\"><style>.stk-7f93130-column{--stk-column-gap:50px !important;}<\/style><div class=\"stk-row stk-inner-blocks stk-block-content stk-content-align stk-7f93130-column alignwide\">\n<div class=\"wp-block-stackable-column stk-block-column stk-column stk-block stk-dd98168\" data-v=\"4\" data-block-id=\"dd98168\"><div class=\"stk-column-wrapper stk-block-column__content stk-container stk-dd98168-container stk--no-background stk--no-padding\"><div class=\"stk-block-content stk-inner-blocks stk-dd98168-inner-blocks\">\n<div class=\"wp-block-stackable-text stk-block-text stk-block stk-0656b05\" data-block-id=\"0656b05\"><style>.stk-0656b05 {margin-bottom:30px !important;}<\/style><p class=\"stk-block-text__text\">Le programme Campus rural est une initiative d\u00e9velopp\u00e9e par le\u00a0<a href=\"https:\/\/www.miteco.gob.es\/es\/reto-demografico\/campus_rural.html\" target=\"_blank\" rel=\"noopener\">Minist\u00e8re de la Transition \u00e9cologique et du D\u00e9fi d\u00e9mographique,<\/a>\u00a0en collaboration avec le Minist\u00e8re des Sciences, de l&#039;Innovation et des Universit\u00e9s, la Conf\u00e9rence des Recteurs des Universit\u00e9s Espagnoles (CRUE) et la majorit\u00e9 des universit\u00e9s publiques espagnoles. Ce programme permettra aux \u00e9tudiants universitaires de tout dipl\u00f4me officiel d&#039;effectuer des stages acad\u00e9miques extrascolaires, en\u00a0<strong>communes en zone rurale de moins de 5 000 habitants confront\u00e9es \u00e0 des probl\u00e8mes de d\u00e9peuplement.<\/strong>\u00a0Ces municipalit\u00e9s doivent \u00eatre situ\u00e9es dans une province autre que celle o\u00f9 sont men\u00e9es les \u00e9tudes. <\/p><\/div>\n\n\n\n<details class=\"wp-block-stackable-accordion stk-block-accordion stk-inner-blocks stk-block-content stk-block stk-75c0442 is-style-default\" id=\"info-entidades\" data-block-id=\"75c0442\"><style>.stk-75c0442 {margin-bottom:5px !important;}<\/style>\n<summary class=\"wp-block-stackable-column stk-block-column stk-column stk-block stk-118d2a3 stk-block-background stk--container-small stk-block-accordion__heading\" data-v=\"4\" data-block-id=\"118d2a3\"><style>.stk-118d2a3 {background-color:#0f8c37 !important;border-top-left-radius:10px !important;border-top-right-radius:10px !important;overflow:hidden !important;padding-top:0px !important;padding-right:0px !important;padding-bottom:0px !important;padding-left:0px !important;}.stk-118d2a3:before{background-color:#0f8c37 !important;}<\/style><div class=\"stk-column-wrapper stk-block-column__content stk-container stk-118d2a3-container stk--no-background stk--no-padding\"><div class=\"stk-block-content stk-inner-blocks stk-118d2a3-inner-blocks\">\n<div class=\"wp-block-stackable-icon-label stk-block-icon-label stk-block stk-a3b0fac\" data-block-id=\"a3b0fac\"><div class=\"stk-row stk-inner-blocks stk-block-content\">\n<div class=\"wp-block-stackable-heading stk-block-heading stk-block-heading--v2 stk-block stk-e7c9943\" id=\"informacion-para-las-entidades-colaboradoras\" data-block-id=\"e7c9943\"><style>.stk-e7c9943 .stk-block-heading__text{font-size:20px !important;color:#ffffff !important;font-weight:400 !important;font-family:\"ArgentumSans\", Sans-serif !important;}@media screen and (max-width: 1023px){.stk-e7c9943 .stk-block-heading__text{font-size:20px !important;}}<\/style><h4 class=\"stk-block-heading__text has-text-color\">Informations pour les entit\u00e9s collaboratrices<\/h4><\/div>\n\n\n\n<div class=\"wp-block-stackable-icon stk-block-icon stk-block stk-0df3224\" data-block-id=\"0df3224\"><style>.stk-0df3224 .stk--svg-wrapper .stk--inner-svg svg:last-child, .stk-0df3224 .stk--svg-wrapper .stk--inner-svg svg:last-child :is(g, path, rect, polygon, ellipse){fill:#ffffff !important;}<\/style><span class=\"stk--svg-wrapper\"><div class=\"stk--inner-svg\"><svg style=\"height:0;width:0\"><defs><lineargradient id=\"linear-gradient-0df3224\" x1=\"0\" x2=\"100%\" y1=\"0\" y2=\"0\"><stop offset=\"0%\" style=\"stop-opacity:1;stop-color:var(--linear-gradient-0-df-3224-color-1)\"><\/stop><stop offset=\"100%\" style=\"stop-opacity:1;stop-color:var(--linear-gradient-0-df-3224-color-2)\"><\/stop><\/lineargradient><\/defs><\/svg><svg data-prefix=\"fas\" data-icon=\"chevron-down\" class=\"svg-inline--fa fa-chevron-down fa-w-14\" xmlns=\"http:\/\/www.w3.org\/2000\/svg\" viewbox=\"0 0 448 512\" aria-hidden=\"true\" width=\"32\" height=\"32\"><path fill=\"currentColor\" d=\"M207.029 381.476L12.686 187.132c-9.373-9.373-9.373-24.569 0-33.941l22.667-22.667c9.357-9.357 24.522-9.375 33.901-.04L224 284.505l154.745-154.021c9.379-9.335 24.544-9.317 33.901.04l22.667 22.667c9.373 9.373 9.373 24.569 0 33.941L240.971 381.476c-9.373 9.372-24.569 9.372-33.942 0z\"><\/path><\/svg><\/div><\/span><\/div>\n<\/div><\/div>\n<\/div><\/div><\/summary>\n\n\n\n<div class=\"wp-block-stackable-column stk-block-column stk-column stk-block stk-1cf6b59 stk-block-accordion__content\" data-v=\"4\" data-block-id=\"1cf6b59\"><div class=\"stk-column-wrapper stk-block-column__content stk-container stk-1cf6b59-container stk--no-background stk--no-padding\"><div class=\"stk-block-content stk-inner-blocks stk-1cf6b59-inner-blocks\">\n<div class=\"wp-block-stackable-text stk-block-text stk-block stk-8d0c308\" data-block-id=\"8d0c308\"><p class=\"stk-block-text__text\">Ces entit\u00e9s peuvent \u00eatre publiques ou priv\u00e9es : administration locale, institution, organisme ou soci\u00e9t\u00e9 l\u00e9galement constitu\u00e9(e), associations, chambres de commerce ou fondations \u00e0 but non lucratif, et implant\u00e9es dans des communes de moins de 5\u00a0000 habitants.<\/p><\/div>\n\n\n\n<p data-block-type=\"core\"><strong>Date limite de candidature :<\/strong> jusqu&#039;au 28 f\u00e9vrier 2026<br>Les entit\u00e9s int\u00e9ress\u00e9es peuvent demander leur participation \u00e0 ce&nbsp;<a href=\"https:\/\/campusruralink.es\/practicas\" target=\"_blank\" rel=\"noreferrer noopener\">lien<\/a>.<\/p>\n\n\n\n<p data-block-type=\"core\"><strong>Exigences<\/strong><\/p>\n\n\n\n<ul class=\"wp-block-list\" data-block-type=\"core\">\n<li data-block-type=\"core\">Travailler sur le territoire et se retrouver dans des communes avec des probl\u00e8mes de d\u00e9peuplement.<\/li>\n\n\n\n<li data-block-type=\"core\">Les entit\u00e9s peuvent soumettre plus d\u2019une offre, en indiquant le profil recherch\u00e9 pour chacune d\u2019elles.<\/li>\n\n\n\n<li data-block-type=\"core\">Les stages dureront 3 mois, du 1er mai au 31 juillet.<\/li>\n<\/ul>\n<\/div><\/div><\/div>\n<\/details>\n\n\n\n<details class=\"wp-block-stackable-accordion stk-block-accordion stk-inner-blocks stk-block-content stk-block stk-02b4f53 is-style-default\" id=\"info-alumnado\" data-block-id=\"02b4f53\"><style>.stk-02b4f53 {margin-bottom:5px !important;}<\/style>\n<summary class=\"wp-block-stackable-column stk-block-column stk-column stk-block stk-2a189f3 stk-block-background stk--container-small stk-block-accordion__heading\" data-v=\"4\" data-block-id=\"2a189f3\"><style>.stk-2a189f3 {background-color:#0f8c37 !important;overflow:hidden !important;padding-top:0px !important;padding-right:0px !important;padding-bottom:0px !important;padding-left:0px !important;}.stk-2a189f3:before{background-color:#0f8c37 !important;}<\/style><div class=\"stk-column-wrapper stk-block-column__content stk-container stk-2a189f3-container stk--no-background stk--no-padding\"><div class=\"stk-block-content stk-inner-blocks stk-2a189f3-inner-blocks\">\n<div class=\"wp-block-stackable-icon-label stk-block-icon-label stk-block stk-783a9a6\" data-block-id=\"783a9a6\"><div class=\"stk-row stk-inner-blocks stk-block-content\">\n<div class=\"wp-block-stackable-heading stk-block-heading stk-block-heading--v2 stk-block stk-636b7b6\" id=\"informacion-para-el-alumnado\" data-block-id=\"636b7b6\"><style>.stk-636b7b6 .stk-block-heading__text{font-size:20px !important;color:#ffffff !important;font-weight:400 !important;font-family:\"ArgentumSans\", Sans-serif !important;}@media screen and (max-width: 1023px){.stk-636b7b6 .stk-block-heading__text{font-size:20px !important;}}<\/style><h4 class=\"stk-block-heading__text has-text-color\">Informations pour les \u00e9tudiants<\/h4><\/div>\n\n\n\n<div class=\"wp-block-stackable-icon stk-block-icon stk-block stk-b377d2f\" data-block-id=\"b377d2f\"><style>.stk-b377d2f .stk--svg-wrapper .stk--inner-svg svg:last-child, .stk-b377d2f .stk--svg-wrapper .stk--inner-svg svg:last-child :is(g, path, rect, polygon, ellipse){fill:#ffffff !important;}<\/style><span class=\"stk--svg-wrapper\"><div class=\"stk--inner-svg\"><svg style=\"height:0;width:0\"><defs><lineargradient id=\"linear-gradient-b377d2f\" x1=\"0\" x2=\"100%\" y1=\"0\" y2=\"0\"><stop offset=\"0%\" style=\"stop-opacity:1;stop-color:var(--linear-gradient-b-377-d-2-f-color-1)\"><\/stop><stop offset=\"100%\" style=\"stop-opacity:1;stop-color:var(--linear-gradient-b-377-d-2-f-color-2)\"><\/stop><\/lineargradient><\/defs><\/svg><svg data-prefix=\"fas\" data-icon=\"chevron-down\" class=\"svg-inline--fa fa-chevron-down fa-w-14\" xmlns=\"http:\/\/www.w3.org\/2000\/svg\" viewbox=\"0 0 448 512\" aria-hidden=\"true\" width=\"32\" height=\"32\"><path fill=\"currentColor\" d=\"M207.029 381.476L12.686 187.132c-9.373-9.373-9.373-24.569 0-33.941l22.667-22.667c9.357-9.357 24.522-9.375 33.901-.04L224 284.505l154.745-154.021c9.379-9.335 24.544-9.317 33.901.04l22.667 22.667c9.373 9.373 9.373 24.569 0 33.941L240.971 381.476c-9.373 9.372-24.569 9.372-33.942 0z\"><\/path><\/svg><\/div><\/span><\/div>\n<\/div><\/div>\n<\/div><\/div><\/summary>\n\n\n\n<div class=\"wp-block-stackable-column stk-block-column stk-column stk-block stk-2feca55 stk-block-accordion__content\" data-v=\"4\" data-block-id=\"2feca55\"><div class=\"stk-column-wrapper stk-block-column__content stk-container stk-2feca55-container stk--no-background stk--no-padding\"><div class=\"stk-block-content stk-inner-blocks stk-2feca55-inner-blocks\">\n<div class=\"wp-block-stackable-text stk-block-text stk-block stk-b6533a2\" data-block-id=\"b6533a2\"><p class=\"stk-block-text__text\">L&#039;universit\u00e9 s\u00e9lectionne cinq \u00e9tudiants parmi tous les dipl\u00f4mes officiels de licence et de master.<\/p><\/div>\n\n\n\n<p data-block-type=\"core\"><strong>Date limite de candidature :<\/strong> Du 28 janvier au 28 f\u00e9vrier.<\/p>\n\n\n\n<p data-block-type=\"core\">Chaque \u00e9tudiant peut s\u00e9lectionner jusqu&#039;\u00e0 un maximum de deux offres.<\/p>\n\n\n\n<p data-block-type=\"core\">Les \u00e9tudiants int\u00e9ress\u00e9s peuvent remplir leur candidature en suivant ce lien.&nbsp;<a href=\"https:\/\/docs.google.com\/forms\/d\/1GhUa_rq2MAmBKtCO9qE4lAYBZHaVMKUOLpFDljI9EW0\/edit?ts=682b3585\" target=\"_blank\" rel=\"noreferrer noopener\">Formulaire d&#039;inscription<\/a><\/p>\n\n\n\n<p data-block-type=\"core\"><strong>Exigences<\/strong><\/p>\n\n\n\n<ul class=\"wp-block-list\" data-block-type=\"core\">\n<li data-block-type=\"core\">\u00catre \u00e9tudiant officiel en Licence ou en Master \u00e0 l&#039;ULL.<\/li>\n\n\n\n<li data-block-type=\"core\">R\u00e9sider pendant la p\u00e9riode de stage dans la commune o\u00f9 est situ\u00e9e l&#039;entit\u00e9<\/li>\n\n\n\n<li data-block-type=\"core\">Les \u00e9tudiants peuvent indiquer leurs pr\u00e9f\u00e9rences en mati\u00e8re de localisation, mais ils doivent r\u00e9pondre \u00e0 un profil pr\u00e9cis pour les organismes qui en font la demande.<\/li>\n\n\n\n<li data-block-type=\"core\">La note moyenne et le nombre de cr\u00e9dits r\u00e9ussis seront pris en compte comme crit\u00e8res de notation.&nbsp;&nbsp;<\/li>\n<\/ul>\n\n\n\n<p data-block-type=\"core\"><strong>Fonctionnalit\u00e9s de l&#039;offre<\/strong><\/p>\n\n\n\n<ul class=\"wp-block-list\" data-block-type=\"core\">\n<li data-block-type=\"core\">Dur\u00e9e : 3 mois, du 1er mai au 31 juillet.&nbsp;<\/li>\n\n\n\n<li data-block-type=\"core\">R\u00e9alis\u00e9e dans des communes de moins de 5 000 habitants et connaissant des probl\u00e8mes de d\u00e9peuplement.<\/li>\n\n\n\n<li data-block-type=\"core\">Bourse d&#039;\u00e9tudes ou allocation de 1\u00a0000 euros bruts par mois.<\/li>\n<\/ul>\n\n\n\n<p data-block-type=\"core\"><\/p>\n<\/div><\/div><\/div>\n<\/details>\n\n\n\n<details class=\"wp-block-stackable-accordion stk-block-accordion stk-inner-blocks stk-block-content stk-block stk-16f4cba is-style-default\" id=\"calendario\" data-block-id=\"16f4cba\"><style>.stk-16f4cba {margin-bottom:5px !important;}<\/style>\n<summary class=\"wp-block-stackable-column stk-block-column stk-column stk-block stk-14adc25 stk-block-background stk--container-small stk-block-accordion__heading\" data-v=\"4\" data-block-id=\"14adc25\"><style>.stk-14adc25 {background-color:#0f8c37 !important;border-bottom-right-radius:10px !important;border-bottom-left-radius:10px !important;overflow:hidden !important;padding-top:0px !important;padding-right:0px !important;padding-bottom:0px !important;padding-left:0px !important;}.stk-14adc25:before{background-color:#0f8c37 !important;}<\/style><div class=\"stk-column-wrapper stk-block-column__content stk-container stk-14adc25-container stk--no-background stk--no-padding\"><div class=\"stk-block-content stk-inner-blocks stk-14adc25-inner-blocks\">\n<div class=\"wp-block-stackable-icon-label stk-block-icon-label stk-block stk-fc1fa29\" data-block-id=\"fc1fa29\"><div class=\"stk-row stk-inner-blocks stk-block-content\">\n<div class=\"wp-block-stackable-heading stk-block-heading stk-block-heading--v2 stk-block stk-d461e5f\" id=\"calendario-de-actividades\" data-block-id=\"d461e5f\"><style>.stk-d461e5f .stk-block-heading__text{font-size:20px !important;color:#ffffff !important;font-weight:400 !important;font-family:\"ArgentumSans\", Sans-serif !important;}@media screen and (max-width: 1023px){.stk-d461e5f .stk-block-heading__text{font-size:20px !important;}}<\/style><h4 class=\"stk-block-heading__text has-text-color\">Calendrier des activit\u00e9s<\/h4><\/div>\n\n\n\n<div class=\"wp-block-stackable-icon stk-block-icon stk-block stk-fc532a0\" data-block-id=\"fc532a0\"><style>.stk-fc532a0 .stk--svg-wrapper .stk--inner-svg svg:last-child, .stk-fc532a0 .stk--svg-wrapper .stk--inner-svg svg:last-child :is(g, path, rect, polygon, ellipse){fill:#ffffff !important;}<\/style><span class=\"stk--svg-wrapper\"><div class=\"stk--inner-svg\"><svg style=\"height:0;width:0\"><defs><lineargradient id=\"linear-gradient-fc532a0\" x1=\"0\" x2=\"100%\" y1=\"0\" y2=\"0\"><stop offset=\"0%\" style=\"stop-opacity:1;stop-color:var(--linear-gradient-fc-532-a-0-color-1)\"><\/stop><stop offset=\"100%\" style=\"stop-opacity:1;stop-color:var(--linear-gradient-fc-532-a-0-color-2)\"><\/stop><\/lineargradient><\/defs><\/svg><svg data-prefix=\"fas\" data-icon=\"chevron-down\" class=\"svg-inline--fa fa-chevron-down fa-w-14\" xmlns=\"http:\/\/www.w3.org\/2000\/svg\" viewbox=\"0 0 448 512\" aria-hidden=\"true\" width=\"32\" height=\"32\"><path fill=\"currentColor\" d=\"M207.029 381.476L12.686 187.132c-9.373-9.373-9.373-24.569 0-33.941l22.667-22.667c9.357-9.357 24.522-9.375 33.901-.04L224 284.505l154.745-154.021c9.379-9.335 24.544-9.317 33.901.04l22.667 22.667c9.373 9.373 9.373 24.569 0 33.941L240.971 381.476c-9.373 9.372-24.569 9.372-33.942 0z\"><\/path><\/svg><\/div><\/span><\/div>\n<\/div><\/div>\n<\/div><\/div><\/summary>\n\n\n\n<div class=\"wp-block-stackable-column stk-block-column stk-column stk-block stk-1504e26 stk-block-accordion__content\" data-v=\"4\" data-block-id=\"1504e26\"><div class=\"stk-column-wrapper stk-block-column__content stk-container stk-1504e26-container stk--no-background stk--no-padding\"><div class=\"stk-block-content stk-inner-blocks stk-1504e26-inner-blocks\">\n<figure class=\"wp-block-table\" data-block-type=\"core\"><table class=\"has-fixed-layout\"><tbody><tr><td><strong>Activit\u00e9<\/strong><\/td><td><strong>Date<\/strong><\/td><\/tr><tr><td><strong><em>Dates limites d&#039;inscription pour les entit\u00e9s collaboratrices<\/em><\/strong><\/td><td>Jusqu&#039;au 28 f\u00e9vrier<\/td><\/tr><tr><td><strong><em><em><strong>Inscription et candidature pour les stages \u00e9tudiants<\/strong><\/em><\/em><\/strong><\/td><td>Du 28 janvier au 28 f\u00e9vrier<\/td><\/tr><tr><td><strong><em><em><strong>Publication du tableau des stages (\u00c9tudiant avec le stage et entit\u00e9 laur\u00e9ate)<\/strong><\/em><\/em><\/strong><\/td><td>Du 9 au 13 mars<\/td><\/tr><tr><td><strong><em>Publication des pratiques<\/em><\/strong><\/td><td>Du 1er mai au 31 juillet<\/td><\/tr><\/tbody><\/table><\/figure>\n<\/div><\/div><\/div>\n<\/details>\n<\/div><\/div><\/div>\n\n\n\n<div class=\"wp-block-stackable-column stk-block-column stk-column stk-block stk-e7d6196\" data-v=\"4\" data-block-id=\"e7d6196\"><div class=\"stk-column-wrapper stk-block-column__content stk-container stk-e7d6196-container stk--no-background stk--no-padding\"><div class=\"stk-block-content stk-inner-blocks stk-e7d6196-inner-blocks\">\n<div class=\"wp-block-stackable-image stk-block-image stk-block stk-8da3818\" data-block-id=\"8da3818\"><figure><span class=\"stk-img-wrapper stk-image--shape-stretch\"><img loading=\"lazy\" decoding=\"async\" class=\"stk-img wp-image-16842\" src=\"https:\/\/www.ull.es\/wp-content\/uploads\/2026\/02\/campus-rural-2026-estudiantes.png\" width=\"1080\" height=\"1350\" srcset=\"https:\/\/www.ull.es\/wp-content\/uploads\/2026\/02\/campus-rural-2026-estudiantes.png 1080w, https:\/\/www.ull.es\/wp-content\/uploads\/2026\/02\/campus-rural-2026-estudiantes-240x300.png 240w, https:\/\/www.ull.es\/wp-content\/uploads\/2026\/02\/campus-rural-2026-estudiantes-819x1024.png 819w, https:\/\/www.ull.es\/wp-content\/uploads\/2026\/02\/campus-rural-2026-estudiantes-768x960.png 768w, https:\/\/www.ull.es\/wp-content\/uploads\/2026\/02\/campus-rural-2026-estudiantes-10x12.png 10w, https:\/\/www.ull.es\/wp-content\/uploads\/2026\/02\/campus-rural-2026-estudiantes-200x250.png 200w, https:\/\/www.ull.es\/wp-content\/uploads\/2026\/02\/campus-rural-2026-estudiantes-375x469.png 375w, https:\/\/www.ull.es\/wp-content\/uploads\/2026\/02\/campus-rural-2026-estudiantes-750x938.png 750w\" sizes=\"auto, (max-width: 1080px) 100vw, 1080px\" \/><\/span><\/figure><\/div>\n\n\n\n<div class=\"wp-block-stackable-image stk-block-image has-text-align-right stk-block stk-12aaaf0\" data-block-id=\"12aaaf0\"><style>.stk-12aaaf0 {margin-bottom:0px !important;}.stk-12aaaf0 .stk-img-wrapper{width:30% !important;}<\/style><figure><span class=\"stk-img-wrapper stk-image--shape-stretch\"><img loading=\"lazy\" decoding=\"async\" class=\"stk-img wp-image-12583\" src=\"https:\/\/www.ull.es\/wp-content\/uploads\/2025\/05\/Landing-Campus-rural_Formas-1.png\" width=\"291\" height=\"290\" srcset=\"https:\/\/www.ull.es\/wp-content\/uploads\/2025\/05\/Landing-Campus-rural_Formas-1.png 291w, https:\/\/www.ull.es\/wp-content\/uploads\/2025\/05\/Landing-Campus-rural_Formas-1-150x150.png 150w, https:\/\/www.ull.es\/wp-content\/uploads\/2025\/05\/Landing-Campus-rural_Formas-1-12x12.png 12w, https:\/\/www.ull.es\/wp-content\/uploads\/2025\/05\/Landing-Campus-rural_Formas-1-200x199.png 200w, https:\/\/www.ull.es\/wp-content\/uploads\/2025\/05\/Landing-Campus-rural_Formas-1-50x50.png 50w\" sizes=\"auto, (max-width: 291px) 100vw, 291px\" \/><\/span><\/figure><\/div>\n\n\n\n<div class=\"wp-block-stackable-image stk-block-image has-text-align-left stk-block stk-942ae00\" data-block-id=\"942ae00\"><style>.stk-942ae00 .stk-img-wrapper{width:30% !important;}<\/style><figure><span class=\"stk-img-wrapper stk-image--shape-stretch\"><img loading=\"lazy\" decoding=\"async\" class=\"stk-img wp-image-12582\" src=\"https:\/\/www.ull.es\/wp-content\/uploads\/2025\/05\/Landing-Campus-rural_Formas-2.png\" width=\"291\" height=\"290\" srcset=\"https:\/\/www.ull.es\/wp-content\/uploads\/2025\/05\/Landing-Campus-rural_Formas-2.png 291w, https:\/\/www.ull.es\/wp-content\/uploads\/2025\/05\/Landing-Campus-rural_Formas-2-150x150.png 150w, https:\/\/www.ull.es\/wp-content\/uploads\/2025\/05\/Landing-Campus-rural_Formas-2-12x12.png 12w, https:\/\/www.ull.es\/wp-content\/uploads\/2025\/05\/Landing-Campus-rural_Formas-2-200x199.png 200w, https:\/\/www.ull.es\/wp-content\/uploads\/2025\/05\/Landing-Campus-rural_Formas-2-50x50.png 50w\" sizes=\"auto, (max-width: 291px) 100vw, 291px\" \/><\/span><\/figure><\/div>\n<\/div><\/div><\/div>\n<\/div><\/div>","protected":false},"excerpt":{"rendered":"<p>El Programa Campus Rural es una iniciativa desarrollada por el\u00a0Ministerio para la Transici\u00f3n Ecol\u00f3gica y el Reto Demogr\u00e1fico,\u00a0en colaboraci\u00f3n con el Ministerio de Ciencia, Innovaci\u00f3n y Universidades, la Conferencia de Rectores de Universidades Espa\u00f1olas (CRUE) y la mayor\u00eda de Universidades p\u00fablicas espa\u00f1olas. Este programa permitir\u00e1 que el estudiantado universitario de cualquier titulaci\u00f3n oficial pueda llevar&#8230;<\/p>","protected":false},"author":67,"featured_media":0,"parent":0,"menu_order":0,"comment_status":"closed","ping_status":"closed","template":"templates\/template-frontpage.php","meta":{"footnotes":""},"class_list":["post-12576","page","type-page","status-publish","hentry"],"_links":{"self":[{"href":"https:\/\/www.ull.es\/fr\/wp-json\/wp\/v2\/pages\/12576","targetHints":{"allow":["GET"]}}],"collection":[{"href":"https:\/\/www.ull.es\/fr\/wp-json\/wp\/v2\/pages"}],"about":[{"href":"https:\/\/www.ull.es\/fr\/wp-json\/wp\/v2\/types\/page"}],"author":[{"embeddable":true,"href":"https:\/\/www.ull.es\/fr\/wp-json\/wp\/v2\/users\/67"}],"replies":[{"embeddable":true,"href":"https:\/\/www.ull.es\/fr\/wp-json\/wp\/v2\/comments?post=12576"}],"version-history":[{"count":22,"href":"https:\/\/www.ull.es\/fr\/wp-json\/wp\/v2\/pages\/12576\/revisions"}],"predecessor-version":[{"id":16844,"href":"https:\/\/www.ull.es\/fr\/wp-json\/wp\/v2\/pages\/12576\/revisions\/16844"}],"wp:attachment":[{"href":"https:\/\/www.ull.es\/fr\/wp-json\/wp\/v2\/media?parent=12576"}],"curies":[{"name":"wp","href":"https:\/\/api.w.org\/{rel}","templated":true}]}}