{"id":12971,"date":"2025-05-21T08:22:05","date_gmt":"2025-05-21T08:22:05","guid":{"rendered":"https:\/\/www.ull.es\/?page_id=12971"},"modified":"2025-05-22T09:57:08","modified_gmt":"2025-05-22T09:57:08","slug":"ser","status":"publish","type":"page","link":"https:\/\/www.ull.es\/fr\/medallas-de-oro\/ser\/","title":{"rendered":"\u00caTRE"},"content":{"rendered":"\n<div class=\"wp-block-stackable-columns alignfull stk-block-columns stk-block stk-0b1a99d\" data-block-id=\"0b1a99d\"><style>.stk-0b1a99d {margin-top:-30px !important;}@media screen and (max-width: 1023px){.stk-0b1a99d {margin-top:-50px !important;}}@media screen and (max-width: 767px){.stk-0b1a99d {margin-top:-100px !important;}}<\/style><div class=\"stk-row stk-inner-blocks stk-block-content stk-content-align stk-0b1a99d-column alignfull\">\n<div class=\"wp-block-stackable-column stk-block-column stk-column stk-block stk-8d1e34c\" data-v=\"4\" data-block-id=\"8d1e34c\"><div class=\"stk-column-wrapper stk-block-column__content stk-container stk-8d1e34c-container stk--no-background stk--no-padding\"><div class=\"stk-block-content stk-inner-blocks stk-8d1e34c-inner-blocks\"><style id=\"depicter-502-inline-pre-css\">\n\n.depicter-502:not(.depicter-ready){\n\theight:322px;\n}\n\n\/***** Tablet *****\/\n@media screen and (max-width: 1024px){\n\n.depicter-502:not(.depicter-ready){\n\theight:700px;\n}\n\n}\n\/***** Mobile *****\/\n@media screen and (max-width: 767px){\n\n.depicter-502:not(.depicter-ready){\n\theight:740px;\n}\n\n}\n<\/style>\n<div id=\"depicter-502\" class=\"depicter depicter-document depicter-revert depicter-502 depicter-layout-fullwidth\">\n\n<div class=\"depicter-loading-container depicter-loading dotFlashing-dark\"><div class=\"depicter-loading-dark depicter-dot-flashing\">\n   <span><\/span>\n   <span><\/span>\n   <span><\/span>\n<\/div>\n<\/div>\n<div id=\"depicter-502-section-1\" class=\"depicter-section depicter-502-section-1\" data-name=\"Section 1\" data-type=\"section\" data-local-id=\"section-1\">\n<picture class=\"depicter-bg\">\n<source data-depicter-srcset=\"https:\/\/www.ull.es\/wp-content\/uploads\/2025\/05\/Web-Medallas-ORO-ULL_FONDO-HEADER-768x128.jpg, https:\/\/www.ull.es\/wp-content\/uploads\/2025\/05\/Web-Medallas-ORO-ULL_FONDO-HEADER.jpg 2x\" srcset=\"data:image\/gif;base64,R0lGODlhAQABAIAAAAAAAP\/\/\/yH5BAEAAAAALAAAAAABAAEAAAIBRAA7\" media=\"(max-width: 1024px)\" \/>\n\n<source data-depicter-srcset=\"https:\/\/www.ull.es\/wp-content\/uploads\/2025\/05\/Web-Medallas-ORO-ULL_FONDO-HEADER.jpg, https:\/\/www.ull.es\/wp-content\/uploads\/2025\/05\/Web-Medallas-ORO-ULL_FONDO-HEADER-1920x319.jpg 2x\" srcset=\"data:image\/gif;base64,R0lGODlhAQABAIAAAAAAAP\/\/\/yH5BAEAAAAALAAAAAABAAEAAAIBRAA7\" media=\"(min-width: 1025px)\" \/>\n<img decoding=\"async\" src=\"data:image\/gif;base64,R0lGODlhAQABAIAAAAAAAP\/\/\/yH5BAEAAAAALAAAAAABAAEAAAIBRAA7\" data-ken-burns=\"false\" data-tablet-ken-burns=\"false\" data-mobile-ken-burns=\"false\" alt=\"\" data-depicter-src=\"https:\/\/www.ull.es\/wp-content\/uploads\/2025\/05\/Web-Medallas-ORO-ULL_FONDO-HEADER.jpg\" data-object-fit=\"custom,,\" data-object-position=\"center center,,\" data-crop=\"{'focalPoint':{'x':0.58999999999999996891375531049561686813831329345703125,'y':0.479999999999999982236431605997495353221893310546875},'mediaSize':{'width':1937,'height':322}}\" data-tablet-crop=\"{'focalPoint':{'x':0.5,'y':0.5},'mediaSize':{'width':4213.1661442006270590354688465595245361328125,'height':700}}\" data-mobile-crop=\"{'focalPoint':{'x':0.58999999999999996891375531049561686813831329345703125,'y':0.5},'mediaSize':{'width':4453,'height':740}}\" \/>\n<\/picture>\n\n\n<picture id=\"depicter-502-element-4\" class=\"depicter-element depicter-layer depicter-502-element-4\" data-type=\"image\" data-wrap=\"true\" data-name=\"Image 2\" data-local-id=\"element-4\" data-offset=\"x:1015px;y:70px;origin:tl\" data-tablet-offset=\"x:240px;y:259px;origin:tl\" data-mobile-offset=\"x:16px;y:319px;origin:tl\" data-width=\"576px,576px,327px\" data-height=\"183px,183px,103px\" data-responsive-scale=\"true,,\" data-crop=\"false\">\n<source data-depicter-srcset=\"https:\/\/www.ull.es\/wp-content\/uploads\/2025\/05\/Web-Medallas-ORO-ULL_HEA-SER-327x103.png, https:\/\/www.ull.es\/wp-content\/uploads\/2025\/05\/Web-Medallas-ORO-ULL_HEA-SER-654x206.png 2x\" srcset=\"data:image\/gif;base64,R0lGODlhAQABAIAAAAAAAP\/\/\/yH5BAEAAAAALAAAAAABAAEAAAIBRAA7\" media=\"(max-width: 767px)\" \/>\n\n<source data-depicter-srcset=\"https:\/\/www.ull.es\/wp-content\/uploads\/2025\/05\/Web-Medallas-ORO-ULL_HEA-SER-576x183.png, https:\/\/www.ull.es\/wp-content\/uploads\/2025\/05\/Web-Medallas-ORO-ULL_HEA-SER-1152x366.png 2x\" srcset=\"data:image\/gif;base64,R0lGODlhAQABAIAAAAAAAP\/\/\/yH5BAEAAAAALAAAAAABAAEAAAIBRAA7\" media=\"(min-width: 768px)\" \/>\n<img decoding=\"async\" src=\"data:image\/gif;base64,R0lGODlhAQABAIAAAAAAAP\/\/\/yH5BAEAAAAALAAAAAABAAEAAAIBRAA7\" data-depicter-src=\"https:\/\/www.ull.es\/wp-content\/uploads\/2025\/05\/Web-Medallas-ORO-ULL_HEA-SER-576x183.png\" alt=\"\" \/>\n<\/picture><\/div>\n<\/div>\n<script>\n(window.depicterSetups = window.depicterSetups || []).push(function(){\n\tDepicter.basePath = 'https:\/\/www.ull.es\/wp-content\/plugins\/depicter\/resources\/scripts\/player\/';\n\tconst dpPlayer = Depicter.setup('.depicter-502',\n\t\t{\"width\":[\"1934\",\"1024\",\"360\"],\"height\":[\"322\",\"700\",\"740\"],\"view\":\"basic\",\"keepAspectRatio\":true,\"preload\":0,\"layout\":\"fullwidth\",\"rtl\":false,\"initAfterAppear\":false,\"ajaxApiUrl\":\"https:\\\/\\\/www.ull.es\\\/wp-admin\\\/admin-ajax.php\",\"mouseSwipe\":true,\"touchSwipe\":true,\"useWatermark\":false}\n\t);\n});\n<\/script><\/div><\/div><\/div>\n<\/div><\/div>\n\n\n\n<div class=\"wp-block-stackable-button-group stk-block-button-group stk--hide-desktop stk--hide-tablet stk-block stk-d3704aa\" data-block-id=\"d3704aa\"><div class=\"stk-row stk-inner-blocks stk-block-content stk-button-group\">\n<div class=\"wp-block-stackable-button stk-block-button stk-block stk-cdc977b\" data-block-id=\"cdc977b\"><style>.stk-cdc977b .stk-button{background:#5c068c !important;}<\/style><a class=\"stk-link stk-button stk--hover-effect-darken\" href=\"https:\/\/www.ull.es\/medallas-de-oro\/\" target=\"_blank\" rel=\"noopener\"><span class=\"stk--svg-wrapper\"><div class=\"stk--inner-svg\"><svg xmlns=\"http:\/\/www.w3.org\/2000\/svg\" viewBox=\"0 0 448 512\" aria-hidden=\"true\" width=\"32\" height=\"32\"><path d=\"M9.4 233.4c-12.5 12.5-12.5 32.8 0 45.3l160 160c12.5 12.5 32.8 12.5 45.3 0s12.5-32.8 0-45.3L109.2 288 416 288c17.7 0 32-14.3 32-32s-14.3-32-32-32l-306.7 0L214.6 118.6c12.5-12.5 12.5-32.8 0-45.3s-32.8-12.5-45.3 0l-160 160z\"><\/path><\/svg><\/div><\/span><span class=\"stk-button__inner-text\">Volver al inicio<\/span><\/a><\/div>\n<\/div><\/div>\n\n\n\n<div class=\"wp-block-stackable-columns alignwide stk-block-columns stk-block stk-58c3f8a\" data-block-id=\"58c3f8a\"><style>.stk-58c3f8a .stk--block-align-58c3f8a{align-items:flex-start !important;}.stk-58c3f8a {margin-right:2% !important;margin-left:2% !important;}<\/style><div class=\"stk-row stk-inner-blocks stk--block-align-58c3f8a stk-block-content stk-content-align stk-58c3f8a-column alignwide\">\n<div class=\"wp-block-stackable-column stk-block-column stk-column stk-block stk-187bb73\" data-v=\"4\" data-block-id=\"187bb73\"><style>@media screen and (min-width: 768px){.stk-187bb73 {flex:var(--stk-flex-grow, 1) 1 calc(48% - var(--stk-column-gap, 0px) * 1 \/ 2 ) !important;}}<\/style><div class=\"stk-column-wrapper stk-block-column__content stk-container stk-187bb73-container stk--no-background stk--no-padding\"><div class=\"stk-block-content stk-inner-blocks stk-187bb73-inner-blocks\">\n<div class=\"wp-block-stackable-text stk-block-text stk--hide-mobile stk-block stk-33b1af4\" data-block-id=\"33b1af4\"><style>.stk-33b1af4 {margin-bottom:2px !important;}<\/style><p class=\"stk-block-text__text\"><a href=\"https:\/\/www.ull.es\/medallas-de-oro\/\" target=\"_blank\" rel=\"noopener\">Medallas de Oro<\/a> > Radio Club Tenerife<\/p><\/div>\n\n\n\n<div class=\"wp-block-stackable-heading stk-block-heading stk-block-heading--v2 stk-block stk-c88b02d\" id=\"la-emisora-decana-de-canarias\" data-block-id=\"c88b02d\"><style>.stk-c88b02d .stk-block-heading__text{font-weight:700 !important;}<\/style><h1 class=\"stk-block-heading__text\">La emisora decana de Canarias<\/h1><\/div>\n\n\n\n<div class=\"wp-block-stackable-text stk-block-text stk-block stk-4ce96f8\" data-block-id=\"4ce96f8\"><style>.stk-4ce96f8 {margin-bottom:0px !important;}<\/style><p class=\"stk-block-text__text\"><a href=\"https:\/\/cadenaser.com\/radio-club-tenerife\/\" data-type=\"link\" data-id=\"https:\/\/cadenaser.com\/radio-club-tenerife\/\" target=\"_blank\" rel=\"noreferrer noopener\" target=\"_blank\" rel=\"noopener\">Radio Club Tenerife<\/a>, emisora decana de Canarias fundada en 1934, es acreedora de la Medalla de Oro de la Universidad de La Laguna por su papel pionero en la historia de la comunicaci\u00f3n en las islas, atestiguando innumerables hechos de m\u00e1xima relevancia a trav\u00e9s de la narrativa sonora. Su capacidad de adaptaci\u00f3n e innovaci\u00f3n tecnol\u00f3gica a lo largo de nueve d\u00e9cadas y su compromiso constante con la informaci\u00f3n veraz, la cultura y la conexi\u00f3n social la han hecho consolidarse como un referente indispensable tanto en el \u00e1mbito local como nacional, contribuyendo de manera decisiva al desarrollo cultural y democr\u00e1tico de Canarias.<\/p><\/div>\n<\/div><\/div><\/div>\n\n\n\n<div class=\"wp-block-stackable-column stk-block-column stk-column stk-block stk-f022720\" data-v=\"4\" data-block-id=\"f022720\"><style>@media screen and (min-width: 768px){.stk-f022720 {flex:var(--stk-flex-grow, 1) 1 calc(52% - var(--stk-column-gap, 0px) * 1 \/ 2 ) !important;}}<\/style><div class=\"stk-column-wrapper stk-block-column__content stk-container stk-f022720-container stk--no-background stk--no-padding\"><div class=\"stk-block-content stk-inner-blocks stk-f022720-inner-blocks\">\n<div class=\"wp-block-stackable-image stk-block-image stk-block stk-3ad6dec\" data-block-id=\"3ad6dec\"><figure><span class=\"stk-img-wrapper stk-image--shape-stretch\"><img loading=\"lazy\" decoding=\"async\" class=\"stk-img wp-image-13060\" src=\"https:\/\/www.ull.es\/wp-content\/uploads\/2025\/05\/radio-club.jpg\" width=\"1620\" height=\"1080\" srcset=\"https:\/\/www.ull.es\/wp-content\/uploads\/2025\/05\/radio-club.jpg 1620w, https:\/\/www.ull.es\/wp-content\/uploads\/2025\/05\/radio-club-300x200.jpg 300w, https:\/\/www.ull.es\/wp-content\/uploads\/2025\/05\/radio-club-1024x683.jpg 1024w, https:\/\/www.ull.es\/wp-content\/uploads\/2025\/05\/radio-club-768x512.jpg 768w, https:\/\/www.ull.es\/wp-content\/uploads\/2025\/05\/radio-club-1536x1024.jpg 1536w, https:\/\/www.ull.es\/wp-content\/uploads\/2025\/05\/radio-club-18x12.jpg 18w, https:\/\/www.ull.es\/wp-content\/uploads\/2025\/05\/radio-club-200x133.jpg 200w, https:\/\/www.ull.es\/wp-content\/uploads\/2025\/05\/radio-club-1200x800.jpg 1200w, https:\/\/www.ull.es\/wp-content\/uploads\/2025\/05\/radio-club-375x250.jpg 375w, https:\/\/www.ull.es\/wp-content\/uploads\/2025\/05\/radio-club-750x500.jpg 750w, https:\/\/www.ull.es\/wp-content\/uploads\/2025\/05\/radio-club-1140x760.jpg 1140w\" sizes=\"auto, (max-width: 1620px) 100vw, 1620px\" \/><\/span><\/figure><\/div>\n\n\n\n<div class=\"wp-block-stackable-button-group stk-block-button-group stk-block stk-31f0b06\" data-block-id=\"31f0b06\"><style>.stk-31f0b06 .stk-block-button, .stk-31f0b06 .stk-block-icon-button{flex:1 0 0% !important;}<\/style><div class=\"stk-row stk-inner-blocks stk-block-content stk-button-group\">\n<div class=\"wp-block-stackable-button stk-block-button stk-block stk-2fb544b\" data-block-id=\"2fb544b\"><style>.stk-2fb544b .stk-button{padding-top:18px !important;padding-right:18px !important;padding-bottom:18px !important;padding-left:18px !important;background:#5c068c !important;}.stk-2fb544b .stk-button .stk--inner-svg svg:last-child{height:26px !important;width:26px !important;}.stk-2fb544b .stk-button__inner-text{font-size:22px !important;font-weight:500 !important;}@media screen and (max-width: 1023px){.stk-2fb544b .stk-button__inner-text{font-size:22px !important;}}<\/style><a class=\"stk-link stk-button stk--hover-effect-darken\" href=\"https:\/\/drive.google.com\/file\/d\/1ZyYo5eH6R_lJHtL1UsSZSyJCmZSkzmc8\/view?usp=sharing\" target=\"_blank\" rel=\"noopener\"><span class=\"stk--svg-wrapper\"><div class=\"stk--inner-svg\"><svg xmlns=\"http:\/\/www.w3.org\/2000\/svg\" viewBox=\"0 0 448 512\" aria-hidden=\"true\" width=\"32\" height=\"32\"><path d=\"M96 0C43 0 0 43 0 96V416c0 53 43 96 96 96H384h32c17.7 0 32-14.3 32-32s-14.3-32-32-32V384c17.7 0 32-14.3 32-32V32c0-17.7-14.3-32-32-32H384 96zm0 384H352v64H96c-17.7 0-32-14.3-32-32s14.3-32 32-32zm32-240c0-8.8 7.2-16 16-16H336c8.8 0 16 7.2 16 16s-7.2 16-16 16H144c-8.8 0-16-7.2-16-16zm16 48H336c8.8 0 16 7.2 16 16s-7.2 16-16 16H144c-8.8 0-16-7.2-16-16s7.2-16 16-16z\"><\/path><\/svg><\/div><\/span><span class=\"stk-button__inner-text\">MEMORIA JUSTIFICATIVA<\/span><\/a><\/div>\n<\/div><\/div>\n<\/div><\/div><\/div>\n<\/div><\/div>\n","protected":false},"excerpt":{"rendered":"<p>Retour en haut M\u00e9dailles d&#039;or &gt; Radio Club Tenerife La plus ancienne station de radio des \u00eeles Canaries Radio Club Tenerife, la plus ancienne station de radio des \u00eeles Canaries fond\u00e9e en 1934, est laur\u00e9ate de la M\u00e9daille d&#039;or de l&#039;Universit\u00e9 de La Laguna pour son r\u00f4le pionnier dans l&#039;histoire de la communication sur les \u00eeles, t\u00e9moin d&#039;innombrables \u00e9v\u00e9nements de\u2026<\/p>","protected":false},"author":67,"featured_media":0,"parent":12938,"menu_order":0,"comment_status":"closed","ping_status":"closed","template":"templates\/template-frontpage.php","meta":{"footnotes":""},"class_list":["post-12971","page","type-page","status-publish","hentry"],"_links":{"self":[{"href":"https:\/\/www.ull.es\/fr\/wp-json\/wp\/v2\/pages\/12971","targetHints":{"allow":["GET"]}}],"collection":[{"href":"https:\/\/www.ull.es\/fr\/wp-json\/wp\/v2\/pages"}],"about":[{"href":"https:\/\/www.ull.es\/fr\/wp-json\/wp\/v2\/types\/page"}],"author":[{"embeddable":true,"href":"https:\/\/www.ull.es\/fr\/wp-json\/wp\/v2\/users\/67"}],"replies":[{"embeddable":true,"href":"https:\/\/www.ull.es\/fr\/wp-json\/wp\/v2\/comments?post=12971"}],"version-history":[{"count":15,"href":"https:\/\/www.ull.es\/fr\/wp-json\/wp\/v2\/pages\/12971\/revisions"}],"predecessor-version":[{"id":13132,"href":"https:\/\/www.ull.es\/fr\/wp-json\/wp\/v2\/pages\/12971\/revisions\/13132"}],"up":[{"embeddable":true,"href":"https:\/\/www.ull.es\/fr\/wp-json\/wp\/v2\/pages\/12938"}],"wp:attachment":[{"href":"https:\/\/www.ull.es\/fr\/wp-json\/wp\/v2\/media?parent=12971"}],"curies":[{"name":"wp","href":"https:\/\/api.w.org\/{rel}","templated":true}]}}