{"id":15908,"date":"2025-11-19T15:25:08","date_gmt":"2025-11-19T15:25:08","guid":{"rendered":"https:\/\/www.ull.es\/?page_id=15908"},"modified":"2025-11-20T09:26:54","modified_gmt":"2025-11-20T09:26:54","slug":"jesus-martin-fernandez","status":"publish","type":"page","link":"https:\/\/www.ull.es\/fr\/loquesomos\/jesus-martin-fernandez\/","title":{"rendered":"Jes\u00fas Martin-Fern\u00e1ndez"},"content":{"rendered":"<div class=\"wp-block-stackable-columns alignfull stk-block-columns stk--hide-mobile stk-block stk-07298fc\" data-block-id=\"07298fc\"><style>.stk-07298fc {margin-top:-50px !important;}@media screen and (max-width: 767px){.stk-07298fc {margin-top:-60px !important;}}<\/style><div class=\"stk-row stk-inner-blocks stk-block-content stk-content-align stk-07298fc-column alignfull\">\n<div class=\"wp-block-stackable-column stk-block-column stk-column stk-block stk-2632708\" data-v=\"4\" data-block-id=\"2632708\"><div class=\"stk-column-wrapper stk-block-column__content stk-container stk-2632708-container stk--no-background stk--no-padding\"><div class=\"stk-block-content stk-inner-blocks stk-2632708-inner-blocks\">\n<div class=\"wp-block-stackable-image stk-block-image stk-block stk-b19acd2\" data-block-id=\"b19acd2\"><figure><span class=\"stk-img-wrapper stk-image--shape-stretch\"><img loading=\"lazy\" decoding=\"async\" class=\"stk-img wp-image-15910\" src=\"https:\/\/www.ull.es\/wp-content\/uploads\/2025\/11\/Recursos-web-_header-jesus.jpg\" width=\"1920\" height=\"602\" srcset=\"https:\/\/www.ull.es\/wp-content\/uploads\/2025\/11\/Recursos-web-_header-jesus.jpg 1920w, https:\/\/www.ull.es\/wp-content\/uploads\/2025\/11\/Recursos-web-_header-jesus-300x94.jpg 300w, https:\/\/www.ull.es\/wp-content\/uploads\/2025\/11\/Recursos-web-_header-jesus-1024x321.jpg 1024w, https:\/\/www.ull.es\/wp-content\/uploads\/2025\/11\/Recursos-web-_header-jesus-768x241.jpg 768w, https:\/\/www.ull.es\/wp-content\/uploads\/2025\/11\/Recursos-web-_header-jesus-1536x482.jpg 1536w, https:\/\/www.ull.es\/wp-content\/uploads\/2025\/11\/Recursos-web-_header-jesus-18x6.jpg 18w, https:\/\/www.ull.es\/wp-content\/uploads\/2025\/11\/Recursos-web-_header-jesus-200x63.jpg 200w, https:\/\/www.ull.es\/wp-content\/uploads\/2025\/11\/Recursos-web-_header-jesus-375x118.jpg 375w, https:\/\/www.ull.es\/wp-content\/uploads\/2025\/11\/Recursos-web-_header-jesus-750x235.jpg 750w, https:\/\/www.ull.es\/wp-content\/uploads\/2025\/11\/Recursos-web-_header-jesus-1140x357.jpg 1140w\" sizes=\"auto, (max-width: 1920px) 100vw, 1920px\" \/><\/span><\/figure><\/div>\n<\/div><\/div><\/div>\n<\/div><\/div>\n\n\n\n<div class=\"wp-block-stackable-columns alignfull stk-block-columns stk-block stk-47fcb18\" data-block-id=\"47fcb18\"><style>.stk-47fcb18 {margin-top:-50px !important;}@media screen and (max-width: 767px){.stk-47fcb18 {margin-top:-60px !important;}}<\/style><div class=\"stk-row stk-inner-blocks stk-block-content stk-content-align stk-47fcb18-column alignfull\">\n<div class=\"wp-block-stackable-column stk-block-column stk-column stk-block stk-f9c55df\" data-v=\"4\" data-block-id=\"f9c55df\"><div class=\"stk-column-wrapper stk-block-column__content stk-container stk-f9c55df-container stk--no-background stk--no-padding\"><div class=\"stk-block-content stk-inner-blocks stk-f9c55df-inner-blocks\">\n<div class=\"wp-block-stackable-image stk-block-image stk--hide-desktop stk--hide-tablet stk-block stk-76af56a\" data-block-id=\"76af56a\"><figure><span class=\"stk-img-wrapper stk-image--shape-stretch\"><img loading=\"lazy\" decoding=\"async\" class=\"stk-img wp-image-15911\" src=\"https:\/\/www.ull.es\/wp-content\/uploads\/2025\/11\/Recursos-web-_header-jesus-mobile.jpg\" width=\"540\" height=\"613\" srcset=\"https:\/\/www.ull.es\/wp-content\/uploads\/2025\/11\/Recursos-web-_header-jesus-mobile.jpg 540w, https:\/\/www.ull.es\/wp-content\/uploads\/2025\/11\/Recursos-web-_header-jesus-mobile-264x300.jpg 264w, https:\/\/www.ull.es\/wp-content\/uploads\/2025\/11\/Recursos-web-_header-jesus-mobile-11x12.jpg 11w, https:\/\/www.ull.es\/wp-content\/uploads\/2025\/11\/Recursos-web-_header-jesus-mobile-200x227.jpg 200w, https:\/\/www.ull.es\/wp-content\/uploads\/2025\/11\/Recursos-web-_header-jesus-mobile-375x426.jpg 375w\" sizes=\"auto, (max-width: 540px) 100vw, 540px\" \/><\/span><\/figure><\/div>\n<\/div><\/div><\/div>\n<\/div><\/div>\n\n\n\n<div class=\"wp-block-stackable-text stk-block-text stk-block stk-182dd1e animated backInDown slower\" data-block-id=\"182dd1e\"><style>.stk-182dd1e {padding-left:10% !important;margin-top:7% !important;}<\/style><p class=\"stk-block-text__text has-text-align-center-mobile\"><a href=\"https:\/\/www.ull.es\/loquesomos\/\" data-type=\"page\" data-id=\"14383\" target=\"_blank\" rel=\"noopener\">Ce que nous sommes<\/a> Jes\u00fas Mart\u00edn-Fern\u00e1ndez<\/p><\/div>\n\n\n\n<div class=\"wp-block-stackable-columns alignfull stk-block-columns stk-block stk-6233d61 animated backInDown slower\" data-block-id=\"6233d61\"><style>@media screen and (max-width: 767px){.stk-6233d61 {padding-right:0px !important;}}<\/style><div class=\"stk-row stk-inner-blocks stk-block-content stk-content-align stk-6233d61-column alignfull\">\n<div class=\"wp-block-stackable-column stk-block-column stk-column stk-block stk-7bc74c7\" data-v=\"4\" data-block-id=\"7bc74c7\"><div class=\"stk-column-wrapper stk-block-column__content stk-container stk-7bc74c7-container stk--no-background stk--no-padding\"><div class=\"stk-block-content stk-inner-blocks stk-7bc74c7-inner-blocks\">\n<div class=\"wp-block-stackable-columns aligncenter stk-block-columns stk-block stk-f2905eb\" data-block-id=\"f2905eb\"><style>.stk-f2905eb .stk--block-align-f2905eb{align-items:flex-start !important;}<\/style><div class=\"stk-row stk-inner-blocks stk--block-align-f2905eb stk-block-content stk-content-align stk-f2905eb-column\">\n<div class=\"wp-block-stackable-column stk-block-column stk-column stk-block stk-c2a86c3\" data-v=\"4\" data-block-id=\"c2a86c3\"><style>.stk-c2a86c3 {align-self:flex-start !important;padding-right:50px !important;}@media screen and (max-width: 767px){.stk-c2a86c3 {padding-right:0px !important;flex:var(--stk-flex-grow, 1) 1 calc(100% - var(--stk-column-gap, 0px) * 0 \/ 1 ) !important;}}<\/style><div class=\"stk-column-wrapper stk-block-column__content stk-container stk-c2a86c3-container stk--no-background stk--no-padding\"><div class=\"stk-block-content stk-inner-blocks stk-c2a86c3-inner-blocks\">\n<div class=\"wp-block-stackable-text stk-block-text stk-block stk-0cfe78e\" data-block-id=\"0cfe78e\"><p class=\"stk-block-text__text has-text-align-center-mobile\">Originaire de La Palma, \u00e0 seulement 32 ans, il est d\u00e9j\u00e0 l&#039;un des neurochirurgiens les plus renomm\u00e9s au monde, pionnier de la chirurgie des tumeurs c\u00e9r\u00e9brales sur patients \u00e9veill\u00e9s afin de pr\u00e9server leurs fonctions et leurs \u00e9motions. Sa vocation est n\u00e9e apr\u00e8s qu&#039;un membre de sa famille a perdu la capacit\u00e9 de ressentir et d&#039;exprimer des \u00e9motions suite \u00e0 une op\u00e9ration, ce qui l&#039;a conduit vers la neurochirurgie. Aujourd&#039;hui, il m\u00e8ne de front une brillante carri\u00e8re internationale et sa seconde grande passion\u00a0: la musique. Il vient d&#039;ailleurs d&#039;obtenir un master en direction d&#039;orchestre \u00e0 Budapest, prouvant ainsi que l&#039;excellence et le talent peuvent s&#039;\u00e9panouir dans des disciplines tr\u00e8s diff\u00e9rentes.<\/p><\/div>\n<\/div><\/div><\/div>\n\n\n\n<div class=\"wp-block-stackable-column stk-block-column stk-column stk-block stk-ba1049a\" data-v=\"4\" data-block-id=\"ba1049a\"><style>@media screen and (max-width: 767px){.stk-ba1049a {flex:var(--stk-flex-grow, 1) 1 calc(100% - var(--stk-column-gap, 0px) * 0 \/ 1 ) !important;}}<\/style><div class=\"stk-column-wrapper stk-block-column__content stk-container stk-ba1049a-container stk--no-background stk--no-padding\"><div class=\"stk-block-content stk-inner-blocks stk-ba1049a-inner-blocks\">\n<div class=\"wp-block-stackable-image stk-block-image stk-block stk-9d8b9b7\" data-block-id=\"9d8b9b7\"><style>.stk-9d8b9b7 .stk-img-wrapper{width:100% !important;}@media screen and (max-width: 767px){.stk-9d8b9b7 .stk-img-wrapper{width:100% !important;}}<\/style><figure><span class=\"stk-img-wrapper stk-image--shape-stretch\"><img loading=\"lazy\" decoding=\"async\" class=\"stk-img wp-image-15912\" src=\"https:\/\/www.ull.es\/wp-content\/uploads\/2025\/11\/Copia-de-DSC01646.jpg\" width=\"1620\" height=\"1080\" srcset=\"https:\/\/www.ull.es\/wp-content\/uploads\/2025\/11\/Copia-de-DSC01646.jpg 1620w, https:\/\/www.ull.es\/wp-content\/uploads\/2025\/11\/Copia-de-DSC01646-300x200.jpg 300w, https:\/\/www.ull.es\/wp-content\/uploads\/2025\/11\/Copia-de-DSC01646-1024x683.jpg 1024w, https:\/\/www.ull.es\/wp-content\/uploads\/2025\/11\/Copia-de-DSC01646-768x512.jpg 768w, https:\/\/www.ull.es\/wp-content\/uploads\/2025\/11\/Copia-de-DSC01646-1536x1024.jpg 1536w, https:\/\/www.ull.es\/wp-content\/uploads\/2025\/11\/Copia-de-DSC01646-18x12.jpg 18w, https:\/\/www.ull.es\/wp-content\/uploads\/2025\/11\/Copia-de-DSC01646-200x133.jpg 200w, https:\/\/www.ull.es\/wp-content\/uploads\/2025\/11\/Copia-de-DSC01646-1200x800.jpg 1200w, https:\/\/www.ull.es\/wp-content\/uploads\/2025\/11\/Copia-de-DSC01646-375x250.jpg 375w, https:\/\/www.ull.es\/wp-content\/uploads\/2025\/11\/Copia-de-DSC01646-750x500.jpg 750w, https:\/\/www.ull.es\/wp-content\/uploads\/2025\/11\/Copia-de-DSC01646-1140x760.jpg 1140w\" sizes=\"auto, (max-width: 1620px) 100vw, 1620px\" \/><\/span><\/figure><\/div>\n\n\n\n<div class=\"wp-block-stackable-icon-list stk-block-icon-list stk-block stk-d5d4696\" data-block-id=\"d5d4696\"><svg style=\"display:none\"><defs><g id=\"stk-icon-list__icon-svg-def-d5d4696\"><svg xmlns=\"http:\/\/www.w3.org\/2000\/svg\" viewbox=\"0 0 190 190\"><polygon points=\"173.8,28.4 60.4,141.8 15.7,97.2 5.1,107.8 60.4,163 184.4,39 173.8,28.4\"\/><\/svg><\/g><\/defs><\/svg><ul class=\"stk-block-icon-list__ul stk-block-icon-list--column\">\n<li class=\"wp-block-stackable-icon-list-item stk-block-icon-list-item stk-block stk-675cd00\" data-block-id=\"675cd00\"><div class=\"stk-block-icon-list-item__content\"><span class=\"stk--svg-wrapper\"><div class=\"stk--inner-svg\"><svg xmlns=\"http:\/\/www.w3.org\/2000\/svg\" viewbox=\"0 0 448 512\" aria-hidden=\"true\" width=\"32\" height=\"32\"><path d=\"M224.1 141c-63.6 0-114.9 51.3-114.9 114.9s51.3 114.9 114.9 114.9S339 319.5 339 255.9 287.7 141 224.1 141zm0 189.6c-41.1 0-74.7-33.5-74.7-74.7s33.5-74.7 74.7-74.7 74.7 33.5 74.7 74.7-33.6 74.7-74.7 74.7zm146.4-194.3c0 14.9-12 26.8-26.8 26.8-14.9 0-26.8-12-26.8-26.8s12-26.8 26.8-26.8 26.8 12 26.8 26.8zm76.1 27.2c-1.7-35.9-9.9-67.7-36.2-93.9-26.2-26.2-58-34.4-93.9-36.2-37-2.1-147.9-2.1-184.9 0-35.8 1.7-67.6 9.9-93.9 36.1s-34.4 58-36.2 93.9c-2.1 37-2.1 147.9 0 184.9 1.7 35.9 9.9 67.7 36.2 93.9s58 34.4 93.9 36.2c37 2.1 147.9 2.1 184.9 0 35.9-1.7 67.7-9.9 93.9-36.2 26.2-26.2 34.4-58 36.2-93.9 2.1-37 2.1-147.8 0-184.8zM398.8 388c-7.8 19.6-22.9 34.7-42.6 42.6-29.5 11.7-99.5 9-132.1 9s-102.7 2.6-132.1-9c-19.6-7.8-34.7-22.9-42.6-42.6-11.7-29.5-9-99.5-9-132.1s-2.6-102.7 9-132.1c7.8-19.6 22.9-34.7 42.6-42.6 29.5-11.7 99.5-9 132.1-9s102.7-2.6 132.1 9c19.6 7.8 34.7 22.9 42.6 42.6 11.7 29.5 9 99.5 9 132.1s2.7 102.7-9 132.1z\"><\/path><\/svg><\/div><\/span><span class=\"stk-block-icon-list-item__text\"><a href=\"https:\/\/www.instagram.com\/dr.jmartinfdez\/?hl=es\" target=\"_blank\" rel=\"noopener\"><span style=\"color: #0f0e17;\" class=\"stk-highlight\">Jes\u00fas Martin-Fern\u00e1ndez<\/span><\/a><\/span><\/div><\/li>\n<\/ul><\/div>\n<\/div><\/div><\/div>\n<\/div><\/div>\n\n\n\n<div class=\"wp-block-stackable-columns aligncenter stk-block-columns stk--hide-mobile stk-block stk-e51aade\" data-block-id=\"e51aade\"><div class=\"stk-row stk-inner-blocks stk-block-content stk-content-align stk-e51aade-column\">\n<div class=\"wp-block-stackable-column stk-block-column stk-column stk-block stk-44be135\" data-v=\"4\" data-block-id=\"44be135\"><div class=\"stk-column-wrapper stk-block-column__content stk-container stk-44be135-container stk--no-background stk--no-padding\"><div class=\"stk-block-content stk-inner-blocks stk-44be135-inner-blocks\">\n<iframe loading=\"lazy\" width=\"860\" height=\"315\" src=\"https:\/\/www.youtube.com\/embed\/hjCl4FmVvz0?si=4dEevoHOZjThEFsW\" title=\"Lecteur vid\u00e9o YouTube\" frameborder=\"0\" allow=\"accelerometer; autoplay; clipboard-write; encrypted-media; gyroscope; picture-in-picture; web-share\" referrerpolicy=\"strict-origin-when-cross-origin\" allowfullscreen><\/iframe>\n<\/div><\/div><\/div>\n<\/div><\/div>\n\n\n\n<div class=\"wp-block-stackable-columns aligncenter stk-block-columns stk--hide-desktop stk--hide-tablet stk-block stk-edd22b3\" data-block-id=\"edd22b3\"><div class=\"stk-row stk-inner-blocks stk-block-content stk-content-align stk-edd22b3-column\">\n<div class=\"wp-block-stackable-column stk-block-column stk-column stk-block stk-8882c29\" data-v=\"4\" data-block-id=\"8882c29\"><style>.stk-8882c29-inner-blocks{align-items:center !important;}<\/style><div class=\"stk-column-wrapper stk-block-column__content stk-container stk-8882c29-container stk--no-background stk--no-padding\"><div class=\"stk--column-flex stk-block-content stk-inner-blocks stk-8882c29-inner-blocks\">\n<iframe loading=\"lazy\" width=\"380\" height=\"300\" src=\"https:\/\/www.youtube.com\/embed\/hjCl4FmVvz0?si=4dEevoHOZjThEFsW\" title=\"Lecteur vid\u00e9o YouTube\" frameborder=\"0\" allow=\"accelerometer; autoplay; clipboard-write; encrypted-media; gyroscope; picture-in-picture; web-share\" referrerpolicy=\"strict-origin-when-cross-origin\" allowfullscreen><\/iframe>\n<\/div><\/div><\/div>\n<\/div><\/div>\n\n\n\n<div class=\"wp-block-stackable-columns aligncenter stk-block-columns stk-block stk-dc8ac22\" data-block-id=\"dc8ac22\"><div class=\"stk-row stk-inner-blocks stk-block-content stk-content-align stk-dc8ac22-column\">\n<div class=\"wp-block-stackable-column stk-block-column stk-column stk-block stk-a42c0cb\" data-v=\"4\" data-block-id=\"a42c0cb\"><style>.stk-a42c0cb {padding-right:50px !important;}<\/style><div class=\"stk-column-wrapper stk-block-column__content stk-container stk-a42c0cb-container stk--no-background stk--no-padding\"><div class=\"stk-block-content stk-inner-blocks stk-a42c0cb-inner-blocks\">\n<div class=\"wp-block-stackable-image stk-block-image stk-block stk-bed1a80\" data-block-id=\"bed1a80\"><figure><span class=\"stk-img-wrapper stk-image--shape-stretch\"><img loading=\"lazy\" decoding=\"async\" class=\"stk-img wp-image-14402\" src=\"https:\/\/www.ull.es\/wp-content\/uploads\/2025\/09\/Recursos-web-_lo-que-somos-violeta.png\" width=\"628\" height=\"325\" srcset=\"https:\/\/www.ull.es\/wp-content\/uploads\/2025\/09\/Recursos-web-_lo-que-somos-violeta.png 628w, https:\/\/www.ull.es\/wp-content\/uploads\/2025\/09\/Recursos-web-_lo-que-somos-violeta-300x155.png 300w, https:\/\/www.ull.es\/wp-content\/uploads\/2025\/09\/Recursos-web-_lo-que-somos-violeta-18x9.png 18w, https:\/\/www.ull.es\/wp-content\/uploads\/2025\/09\/Recursos-web-_lo-que-somos-violeta-200x104.png 200w, https:\/\/www.ull.es\/wp-content\/uploads\/2025\/09\/Recursos-web-_lo-que-somos-violeta-375x194.png 375w\" sizes=\"auto, (max-width: 628px) 100vw, 628px\" \/><\/span><\/figure><\/div>\n<\/div><\/div><\/div>\n\n\n\n<div class=\"wp-block-stackable-column stk-block-column stk-column stk-block stk-29baa86\" data-v=\"4\" data-block-id=\"29baa86\"><style>.stk-29baa86 {align-items:flex-end !important;display:flex !important;}<\/style><div class=\"stk-column-wrapper stk-block-column__content stk-container stk-29baa86-container stk--no-background stk--no-padding\"><div class=\"stk-block-content stk-inner-blocks stk-29baa86-inner-blocks\">\n<div class=\"wp-block-stackable-image stk-block-image stk-block stk-6b9d793\" data-block-id=\"6b9d793\"><style>.stk-6b9d793 {margin-top:80px !important;margin-left:-80px !important;}.stk-6b9d793 .stk-img-wrapper{width:80% !important;}<\/style><figure><span class=\"stk-img-wrapper stk-image--shape-stretch\"><img loading=\"lazy\" decoding=\"async\" class=\"stk-img wp-image-14403\" src=\"https:\/\/www.ull.es\/wp-content\/uploads\/2025\/09\/Recursos-web-_icono.png\" width=\"809\" height=\"327\" srcset=\"https:\/\/www.ull.es\/wp-content\/uploads\/2025\/09\/Recursos-web-_icono.png 809w, https:\/\/www.ull.es\/wp-content\/uploads\/2025\/09\/Recursos-web-_icono-300x121.png 300w, https:\/\/www.ull.es\/wp-content\/uploads\/2025\/09\/Recursos-web-_icono-768x310.png 768w, https:\/\/www.ull.es\/wp-content\/uploads\/2025\/09\/Recursos-web-_icono-18x7.png 18w, https:\/\/www.ull.es\/wp-content\/uploads\/2025\/09\/Recursos-web-_icono-200x81.png 200w, https:\/\/www.ull.es\/wp-content\/uploads\/2025\/09\/Recursos-web-_icono-375x152.png 375w, https:\/\/www.ull.es\/wp-content\/uploads\/2025\/09\/Recursos-web-_icono-750x303.png 750w\" sizes=\"auto, (max-width: 809px) 100vw, 809px\" \/><\/span><\/figure><\/div>\n<\/div><\/div><\/div>\n<\/div><\/div>\n<\/div><\/div><\/div>\n<\/div><\/div>","protected":false},"excerpt":{"rendered":"<p>\u00c0 propos &gt; Jes\u00fas Mart\u00edn-Fern\u00e1ndez est originaire de La Palma et, \u00e0 seulement 32 ans, il est d\u00e9j\u00e0 l&#039;un des neurochirurgiens les plus renomm\u00e9s au monde, pionnier de la chirurgie des tumeurs c\u00e9r\u00e9brales sur patients \u00e9veill\u00e9s afin de pr\u00e9server leurs fonctions et leurs \u00e9motions. Sa vocation est n\u00e9e de l&#039;exp\u00e9rience d&#039;un membre de sa famille qui a perdu la capacit\u00e9 de\u2026<\/p>","protected":false},"author":67,"featured_media":0,"parent":14383,"menu_order":0,"comment_status":"closed","ping_status":"closed","template":"custom-template.php","meta":{"footnotes":""},"class_list":["post-15908","page","type-page","status-publish","hentry"],"_links":{"self":[{"href":"https:\/\/www.ull.es\/fr\/wp-json\/wp\/v2\/pages\/15908","targetHints":{"allow":["GET"]}}],"collection":[{"href":"https:\/\/www.ull.es\/fr\/wp-json\/wp\/v2\/pages"}],"about":[{"href":"https:\/\/www.ull.es\/fr\/wp-json\/wp\/v2\/types\/page"}],"author":[{"embeddable":true,"href":"https:\/\/www.ull.es\/fr\/wp-json\/wp\/v2\/users\/67"}],"replies":[{"embeddable":true,"href":"https:\/\/www.ull.es\/fr\/wp-json\/wp\/v2\/comments?post=15908"}],"version-history":[{"count":5,"href":"https:\/\/www.ull.es\/fr\/wp-json\/wp\/v2\/pages\/15908\/revisions"}],"predecessor-version":[{"id":15998,"href":"https:\/\/www.ull.es\/fr\/wp-json\/wp\/v2\/pages\/15908\/revisions\/15998"}],"up":[{"embeddable":true,"href":"https:\/\/www.ull.es\/fr\/wp-json\/wp\/v2\/pages\/14383"}],"wp:attachment":[{"href":"https:\/\/www.ull.es\/fr\/wp-json\/wp\/v2\/media?parent=15908"}],"curies":[{"name":"wp","href":"https:\/\/api.w.org\/{rel}","templated":true}]}}