{"id":16040,"date":"2025-12-11T12:31:51","date_gmt":"2025-12-11T12:31:51","guid":{"rendered":"https:\/\/www.ull.es\/?page_id=16040"},"modified":"2025-12-11T15:11:42","modified_gmt":"2025-12-11T15:11:42","slug":"maria-ferrandiz","status":"publish","type":"page","link":"https:\/\/www.ull.es\/fr\/loquesomos\/maria-ferrandiz\/","title":{"rendered":"Mar\u00eda Ferr\u00e1ndiz"},"content":{"rendered":"<div class=\"wp-block-stackable-columns alignfull stk-block-columns stk--hide-mobile stk-block stk-07298fc\" data-block-id=\"07298fc\"><style>.stk-07298fc {margin-top:-50px !important;}@media screen and (max-width: 767px){.stk-07298fc {margin-top:-60px !important;}}<\/style><div class=\"stk-row stk-inner-blocks stk-block-content stk-content-align stk-07298fc-column alignfull\">\n<div class=\"wp-block-stackable-column stk-block-column stk-column stk-block stk-2632708\" data-v=\"4\" data-block-id=\"2632708\"><div class=\"stk-column-wrapper stk-block-column__content stk-container stk-2632708-container stk--no-background stk--no-padding\"><div class=\"stk-block-content stk-inner-blocks stk-2632708-inner-blocks\">\n<div class=\"wp-block-stackable-image stk-block-image stk-block stk-b19acd2\" data-block-id=\"b19acd2\"><figure><span class=\"stk-img-wrapper stk-image--shape-stretch\"><img loading=\"lazy\" decoding=\"async\" class=\"stk-img wp-image-16042\" src=\"https:\/\/www.ull.es\/wp-content\/uploads\/2025\/12\/Recursos-web-_header-maria.jpg\" width=\"1920\" height=\"602\" srcset=\"https:\/\/www.ull.es\/wp-content\/uploads\/2025\/12\/Recursos-web-_header-maria.jpg 1920w, https:\/\/www.ull.es\/wp-content\/uploads\/2025\/12\/Recursos-web-_header-maria-300x94.jpg 300w, https:\/\/www.ull.es\/wp-content\/uploads\/2025\/12\/Recursos-web-_header-maria-1024x321.jpg 1024w, https:\/\/www.ull.es\/wp-content\/uploads\/2025\/12\/Recursos-web-_header-maria-768x241.jpg 768w, https:\/\/www.ull.es\/wp-content\/uploads\/2025\/12\/Recursos-web-_header-maria-1536x482.jpg 1536w, https:\/\/www.ull.es\/wp-content\/uploads\/2025\/12\/Recursos-web-_header-maria-18x6.jpg 18w, https:\/\/www.ull.es\/wp-content\/uploads\/2025\/12\/Recursos-web-_header-maria-200x63.jpg 200w, https:\/\/www.ull.es\/wp-content\/uploads\/2025\/12\/Recursos-web-_header-maria-375x118.jpg 375w, https:\/\/www.ull.es\/wp-content\/uploads\/2025\/12\/Recursos-web-_header-maria-750x235.jpg 750w, https:\/\/www.ull.es\/wp-content\/uploads\/2025\/12\/Recursos-web-_header-maria-1140x357.jpg 1140w\" sizes=\"auto, (max-width: 1920px) 100vw, 1920px\" \/><\/span><\/figure><\/div>\n<\/div><\/div><\/div>\n<\/div><\/div>\n\n\n\n<div class=\"wp-block-stackable-columns alignfull stk-block-columns stk-block stk-47fcb18\" data-block-id=\"47fcb18\"><style>.stk-47fcb18 {margin-top:-50px !important;}@media screen and (max-width: 767px){.stk-47fcb18 {margin-top:-60px !important;}}<\/style><div class=\"stk-row stk-inner-blocks stk-block-content stk-content-align stk-47fcb18-column alignfull\">\n<div class=\"wp-block-stackable-column stk-block-column stk-column stk-block stk-f9c55df\" data-v=\"4\" data-block-id=\"f9c55df\"><div class=\"stk-column-wrapper stk-block-column__content stk-container stk-f9c55df-container stk--no-background stk--no-padding\"><div class=\"stk-block-content stk-inner-blocks stk-f9c55df-inner-blocks\">\n<div class=\"wp-block-stackable-image stk-block-image stk--hide-desktop stk--hide-tablet stk-block stk-76af56a\" data-block-id=\"76af56a\"><figure><span class=\"stk-img-wrapper stk-image--shape-stretch\"><img loading=\"lazy\" decoding=\"async\" class=\"stk-img wp-image-16043\" src=\"https:\/\/www.ull.es\/wp-content\/uploads\/2025\/12\/Recursos-web-_header-maria-mobile.jpg\" width=\"540\" height=\"613\" srcset=\"https:\/\/www.ull.es\/wp-content\/uploads\/2025\/12\/Recursos-web-_header-maria-mobile.jpg 540w, https:\/\/www.ull.es\/wp-content\/uploads\/2025\/12\/Recursos-web-_header-maria-mobile-264x300.jpg 264w, https:\/\/www.ull.es\/wp-content\/uploads\/2025\/12\/Recursos-web-_header-maria-mobile-11x12.jpg 11w, https:\/\/www.ull.es\/wp-content\/uploads\/2025\/12\/Recursos-web-_header-maria-mobile-200x227.jpg 200w, https:\/\/www.ull.es\/wp-content\/uploads\/2025\/12\/Recursos-web-_header-maria-mobile-375x426.jpg 375w\" sizes=\"auto, (max-width: 540px) 100vw, 540px\" \/><\/span><\/figure><\/div>\n<\/div><\/div><\/div>\n<\/div><\/div>\n\n\n\n<div class=\"wp-block-stackable-text stk-block-text stk-block stk-182dd1e animated backInDown slower\" data-block-id=\"182dd1e\"><style>.stk-182dd1e {padding-left:10% !important;margin-top:7% !important;}<\/style><p class=\"stk-block-text__text has-text-align-center-mobile\"><a href=\"https:\/\/www.ull.es\/loquesomos\/\" data-type=\"page\" data-id=\"14383\" target=\"_blank\" rel=\"noopener\">Ce que nous sommes<\/a> &gt; Mar\u00eda Ferr\u00e1ndiz<\/p><\/div>\n\n\n\n<div class=\"wp-block-stackable-columns alignfull stk-block-columns stk-block stk-6233d61 animated backInDown slower\" data-block-id=\"6233d61\"><style>@media screen and (max-width: 767px){.stk-6233d61 {padding-right:0px !important;}}<\/style><div class=\"stk-row stk-inner-blocks stk-block-content stk-content-align stk-6233d61-column alignfull\">\n<div class=\"wp-block-stackable-column stk-block-column stk-column stk-block stk-7bc74c7\" data-v=\"4\" data-block-id=\"7bc74c7\"><div class=\"stk-column-wrapper stk-block-column__content stk-container stk-7bc74c7-container stk--no-background stk--no-padding\"><div class=\"stk-block-content stk-inner-blocks stk-7bc74c7-inner-blocks\">\n<div class=\"wp-block-stackable-columns aligncenter stk-block-columns stk-block stk-f2905eb\" data-block-id=\"f2905eb\"><style>.stk-f2905eb .stk--block-align-f2905eb{align-items:flex-start !important;}<\/style><div class=\"stk-row stk-inner-blocks stk--block-align-f2905eb stk-block-content stk-content-align stk-f2905eb-column\">\n<div class=\"wp-block-stackable-column stk-block-column stk-column stk-block stk-c2a86c3\" data-v=\"4\" data-block-id=\"c2a86c3\"><style>.stk-c2a86c3 {align-self:flex-start !important;padding-right:50px !important;}@media screen and (max-width: 767px){.stk-c2a86c3 {padding-right:0px !important;flex:var(--stk-flex-grow, 1) 1 calc(100% - var(--stk-column-gap, 0px) * 0 \/ 1 ) !important;}}<\/style><div class=\"stk-column-wrapper stk-block-column__content stk-container stk-c2a86c3-container stk--no-background stk--no-padding\"><div class=\"stk-block-content stk-inner-blocks stk-c2a86c3-inner-blocks\">\n<div class=\"wp-block-stackable-text stk-block-text stk-block stk-0cfe78e\" data-block-id=\"0cfe78e\"><p class=\"stk-block-text__text has-text-align-center-mobile\">Le <a href=\"https:\/\/www.ull.es\/grados\/ingenieria-informatica\/\" target=\"_blank\" rel=\"noopener\">Dipl\u00f4me d&#039;ing\u00e9nieur en informatique de l&#039;Universit\u00e9 de La Laguna. <\/a>Apr\u00e8s avoir termin\u00e9 ses \u00e9tudes et sans exp\u00e9rience professionnelle pr\u00e9alable, elle a \u00e9t\u00e9 s\u00e9lectionn\u00e9e par Airbus pour un stage junior (Discover Internship) d&#039;un an au si\u00e8ge madril\u00e8ne. Cette opportunit\u00e9 lui offre une formation compl\u00e9mentaire, Airbus finan\u00e7ant \u00e9galement son master, ce qui lui permettra d&#039;envisager un poste permanent au sein de l&#039;une des plus grandes entreprises a\u00e9rospatiales mondiales.<\/p><\/div>\n<\/div><\/div><\/div>\n\n\n\n<div class=\"wp-block-stackable-column stk-block-column stk-column stk-block stk-ba1049a\" data-v=\"4\" data-block-id=\"ba1049a\"><style>@media screen and (max-width: 767px){.stk-ba1049a {flex:var(--stk-flex-grow, 1) 1 calc(100% - var(--stk-column-gap, 0px) * 0 \/ 1 ) !important;}}<\/style><div class=\"stk-column-wrapper stk-block-column__content stk-container stk-ba1049a-container stk--no-background stk--no-padding\"><div class=\"stk-block-content stk-inner-blocks stk-ba1049a-inner-blocks\">\n<div class=\"wp-block-stackable-image stk-block-image stk-block stk-9d8b9b7\" data-block-id=\"9d8b9b7\"><style>.stk-9d8b9b7 .stk-img-wrapper{width:100% !important;}@media screen and (max-width: 767px){.stk-9d8b9b7 .stk-img-wrapper{width:100% !important;}}<\/style><figure><span class=\"stk-img-wrapper stk-image--shape-stretch\"><img loading=\"lazy\" decoding=\"async\" class=\"stk-img wp-image-16051\" src=\"https:\/\/www.ull.es\/wp-content\/uploads\/2025\/12\/DSC01357-2.jpg\" width=\"1500\" height=\"1000\" srcset=\"https:\/\/www.ull.es\/wp-content\/uploads\/2025\/12\/DSC01357-2.jpg 1500w, https:\/\/www.ull.es\/wp-content\/uploads\/2025\/12\/DSC01357-2-300x200.jpg 300w, https:\/\/www.ull.es\/wp-content\/uploads\/2025\/12\/DSC01357-2-1024x683.jpg 1024w, https:\/\/www.ull.es\/wp-content\/uploads\/2025\/12\/DSC01357-2-768x512.jpg 768w, https:\/\/www.ull.es\/wp-content\/uploads\/2025\/12\/DSC01357-2-18x12.jpg 18w, https:\/\/www.ull.es\/wp-content\/uploads\/2025\/12\/DSC01357-2-200x133.jpg 200w, https:\/\/www.ull.es\/wp-content\/uploads\/2025\/12\/DSC01357-2-1200x800.jpg 1200w, https:\/\/www.ull.es\/wp-content\/uploads\/2025\/12\/DSC01357-2-375x250.jpg 375w, https:\/\/www.ull.es\/wp-content\/uploads\/2025\/12\/DSC01357-2-750x500.jpg 750w, https:\/\/www.ull.es\/wp-content\/uploads\/2025\/12\/DSC01357-2-1140x760.jpg 1140w\" sizes=\"auto, (max-width: 1500px) 100vw, 1500px\" \/><\/span><\/figure><\/div>\n\n\n\n<div class=\"wp-block-stackable-icon-list stk-block-icon-list stk--hide-desktop stk--hide-tablet stk--hide-mobile stk-block stk-d5d4696\" data-block-id=\"d5d4696\"><svg style=\"display:none\"><defs><g id=\"stk-icon-list__icon-svg-def-d5d4696\"><svg xmlns=\"http:\/\/www.w3.org\/2000\/svg\" viewbox=\"0 0 190 190\"><polygon points=\"173.8,28.4 60.4,141.8 15.7,97.2 5.1,107.8 60.4,163 184.4,39 173.8,28.4\"\/><\/svg><\/g><\/defs><\/svg><ul class=\"stk-block-icon-list__ul stk-block-icon-list--column\">\n<li class=\"wp-block-stackable-icon-list-item stk-block-icon-list-item stk-block stk-675cd00\" data-block-id=\"675cd00\"><div class=\"stk-block-icon-list-item__content\"><span class=\"stk--svg-wrapper\"><div class=\"stk--inner-svg\"><svg xmlns=\"http:\/\/www.w3.org\/2000\/svg\" viewbox=\"0 0 512 512\" aria-hidden=\"true\" width=\"32\" height=\"32\"><path d=\"M352 256c0 22.2-1.2 43.6-3.3 64H163.3c-2.2-20.4-3.3-41.8-3.3-64s1.2-43.6 3.3-64H348.7c2.2 20.4 3.3 41.8 3.3 64zm28.8-64H503.9c5.3 20.5 8.1 41.9 8.1 64s-2.8 43.5-8.1 64H380.8c2.1-20.6 3.2-42 3.2-64s-1.1-43.4-3.2-64zm112.6-32H376.7c-10-63.9-29.8-117.4-55.3-151.6c78.3 20.7 142 77.5 171.9 151.6zm-149.1 0H167.7c6.1-36.4 15.5-68.6 27-94.7c10.5-23.6 22.2-40.7 33.5-51.5C239.4 3.2 248.7 0 256 0s16.6 3.2 27.8 13.8c11.3 10.8 23 27.9 33.5 51.5c11.6 26 20.9 58.2 27 94.7zm-209 0H18.6C48.6 85.9 112.2 29.1 190.6 8.4C165.1 42.6 145.3 96.1 135.3 160zM8.1 192H131.2c-2.1 20.6-3.2 42-3.2 64s1.1 43.4 3.2 64H8.1C2.8 299.5 0 278.1 0 256s2.8-43.5 8.1-64zM194.7 446.6c-11.6-26-20.9-58.2-27-94.6H344.3c-6.1 36.4-15.5 68.6-27 94.6c-10.5 23.6-22.2 40.7-33.5 51.5C272.6 508.8 263.3 512 256 512s-16.6-3.2-27.8-13.8c-11.3-10.8-23-27.9-33.5-51.5zM135.3 352c10 63.9 29.8 117.4 55.3 151.6C112.2 482.9 48.6 426.1 18.6 352H135.3zm358.1 0c-30 74.1-93.6 130.9-171.9 151.6c25.5-34.2 45.2-87.7 55.3-151.6H493.4z\"><\/path><\/svg><\/div><\/span><span class=\"stk-block-icon-list-item__text\"><span style=\"color: #0f0e17;\" class=\"stk-highlight\"><a href=\"http:\/\/nuriasegovia.es\/\" target=\"_blank\" rel=\"noopener\">Site web<\/a><\/span><\/span><\/div><\/li>\n<\/ul><\/div>\n<\/div><\/div><\/div>\n<\/div><\/div>\n\n\n\n<div class=\"wp-block-stackable-columns aligncenter stk-block-columns stk--hide-mobile stk-block stk-e51aade\" data-block-id=\"e51aade\"><div class=\"stk-row stk-inner-blocks stk-block-content stk-content-align stk-e51aade-column\">\n<div class=\"wp-block-stackable-column stk-block-column stk-column stk-block stk-44be135\" data-v=\"4\" data-block-id=\"44be135\"><div class=\"stk-column-wrapper stk-block-column__content stk-container stk-44be135-container stk--no-background stk--no-padding\"><div class=\"stk-block-content stk-inner-blocks stk-44be135-inner-blocks\">\n<iframe loading=\"lazy\" width=\"860\" height=\"315\" src=\"https:\/\/www.youtube.com\/embed\/GhOaPlIYUmY?si=NWN4HJwFCo-dmeNH\" title=\"Lecteur vid\u00e9o YouTube\" frameborder=\"0\" allow=\"accelerometer; autoplay; clipboard-write; encrypted-media; gyroscope; picture-in-picture; web-share\" referrerpolicy=\"strict-origin-when-cross-origin\" allowfullscreen><\/iframe>\n<\/div><\/div><\/div>\n<\/div><\/div>\n\n\n\n<div class=\"wp-block-stackable-columns aligncenter stk-block-columns stk--hide-desktop stk--hide-tablet stk-block stk-edd22b3\" data-block-id=\"edd22b3\"><div class=\"stk-row stk-inner-blocks stk-block-content stk-content-align stk-edd22b3-column\">\n<div class=\"wp-block-stackable-column stk-block-column stk-column stk-block stk-8882c29\" data-v=\"4\" data-block-id=\"8882c29\"><style>.stk-8882c29-inner-blocks{align-items:center !important;}<\/style><div class=\"stk-column-wrapper stk-block-column__content stk-container stk-8882c29-container stk--no-background stk--no-padding\"><div class=\"stk--column-flex stk-block-content stk-inner-blocks stk-8882c29-inner-blocks\">\n<iframe loading=\"lazy\" width=\"380\" height=\"300\" src=\"https:\/\/www.youtube.com\/embed\/GhOaPlIYUmY?si=NWN4HJwFCo-dmeNH\" title=\"Lecteur vid\u00e9o YouTube\" frameborder=\"0\" allow=\"accelerometer; autoplay; clipboard-write; encrypted-media; gyroscope; picture-in-picture; web-share\" referrerpolicy=\"strict-origin-when-cross-origin\" allowfullscreen><\/iframe>\n<\/div><\/div><\/div>\n<\/div><\/div>\n\n\n\n<div class=\"wp-block-stackable-columns aligncenter stk-block-columns stk-block stk-dc8ac22\" data-block-id=\"dc8ac22\"><div class=\"stk-row stk-inner-blocks stk-block-content stk-content-align stk-dc8ac22-column\">\n<div class=\"wp-block-stackable-column stk-block-column stk-column stk-block stk-a42c0cb\" data-v=\"4\" data-block-id=\"a42c0cb\"><style>.stk-a42c0cb {padding-right:50px !important;}<\/style><div class=\"stk-column-wrapper stk-block-column__content stk-container stk-a42c0cb-container stk--no-background stk--no-padding\"><div class=\"stk-block-content stk-inner-blocks stk-a42c0cb-inner-blocks\">\n<div class=\"wp-block-stackable-image stk-block-image stk-block stk-bed1a80\" data-block-id=\"bed1a80\"><figure><span class=\"stk-img-wrapper stk-image--shape-stretch\"><img loading=\"lazy\" decoding=\"async\" class=\"stk-img wp-image-14402\" src=\"https:\/\/www.ull.es\/wp-content\/uploads\/2025\/09\/Recursos-web-_lo-que-somos-violeta.png\" width=\"628\" height=\"325\" srcset=\"https:\/\/www.ull.es\/wp-content\/uploads\/2025\/09\/Recursos-web-_lo-que-somos-violeta.png 628w, https:\/\/www.ull.es\/wp-content\/uploads\/2025\/09\/Recursos-web-_lo-que-somos-violeta-300x155.png 300w, https:\/\/www.ull.es\/wp-content\/uploads\/2025\/09\/Recursos-web-_lo-que-somos-violeta-18x9.png 18w, https:\/\/www.ull.es\/wp-content\/uploads\/2025\/09\/Recursos-web-_lo-que-somos-violeta-200x104.png 200w, https:\/\/www.ull.es\/wp-content\/uploads\/2025\/09\/Recursos-web-_lo-que-somos-violeta-375x194.png 375w\" sizes=\"auto, (max-width: 628px) 100vw, 628px\" \/><\/span><\/figure><\/div>\n<\/div><\/div><\/div>\n\n\n\n<div class=\"wp-block-stackable-column stk-block-column stk-column stk-block stk-29baa86\" data-v=\"4\" data-block-id=\"29baa86\"><style>.stk-29baa86 {align-items:flex-end !important;display:flex !important;}<\/style><div class=\"stk-column-wrapper stk-block-column__content stk-container stk-29baa86-container stk--no-background stk--no-padding\"><div class=\"stk-block-content stk-inner-blocks stk-29baa86-inner-blocks\">\n<div class=\"wp-block-stackable-image stk-block-image stk-block stk-6b9d793\" data-block-id=\"6b9d793\"><style>.stk-6b9d793 {margin-top:80px !important;margin-left:-80px !important;}.stk-6b9d793 .stk-img-wrapper{width:80% !important;}<\/style><figure><span class=\"stk-img-wrapper stk-image--shape-stretch\"><img loading=\"lazy\" decoding=\"async\" class=\"stk-img wp-image-14403\" src=\"https:\/\/www.ull.es\/wp-content\/uploads\/2025\/09\/Recursos-web-_icono.png\" width=\"809\" height=\"327\" srcset=\"https:\/\/www.ull.es\/wp-content\/uploads\/2025\/09\/Recursos-web-_icono.png 809w, https:\/\/www.ull.es\/wp-content\/uploads\/2025\/09\/Recursos-web-_icono-300x121.png 300w, https:\/\/www.ull.es\/wp-content\/uploads\/2025\/09\/Recursos-web-_icono-768x310.png 768w, https:\/\/www.ull.es\/wp-content\/uploads\/2025\/09\/Recursos-web-_icono-18x7.png 18w, https:\/\/www.ull.es\/wp-content\/uploads\/2025\/09\/Recursos-web-_icono-200x81.png 200w, https:\/\/www.ull.es\/wp-content\/uploads\/2025\/09\/Recursos-web-_icono-375x152.png 375w, https:\/\/www.ull.es\/wp-content\/uploads\/2025\/09\/Recursos-web-_icono-750x303.png 750w\" sizes=\"auto, (max-width: 809px) 100vw, 809px\" \/><\/span><\/figure><\/div>\n<\/div><\/div><\/div>\n<\/div><\/div>\n<\/div><\/div><\/div>\n<\/div><\/div>","protected":false},"excerpt":{"rendered":"<p>\u00c0 propos &gt; Mar\u00eda Ferr\u00e1ndiz a r\u00e9cemment obtenu son dipl\u00f4me d&#039;ing\u00e9nieure en informatique \u00e0 l&#039;Universit\u00e9 de La Laguna. Apr\u00e8s ses \u00e9tudes, et sans exp\u00e9rience professionnelle pr\u00e9alable, elle a \u00e9t\u00e9 s\u00e9lectionn\u00e9e par Airbus pour un stage junior (programme Discover Internship) d&#039;un an au si\u00e8ge madril\u00e8ne. Cette opportunit\u00e9 lui ouvre\u2026<\/p>","protected":false},"author":67,"featured_media":0,"parent":14383,"menu_order":0,"comment_status":"closed","ping_status":"closed","template":"templates\/template-frontpage.php","meta":{"footnotes":""},"class_list":["post-16040","page","type-page","status-publish","hentry"],"_links":{"self":[{"href":"https:\/\/www.ull.es\/fr\/wp-json\/wp\/v2\/pages\/16040","targetHints":{"allow":["GET"]}}],"collection":[{"href":"https:\/\/www.ull.es\/fr\/wp-json\/wp\/v2\/pages"}],"about":[{"href":"https:\/\/www.ull.es\/fr\/wp-json\/wp\/v2\/types\/page"}],"author":[{"embeddable":true,"href":"https:\/\/www.ull.es\/fr\/wp-json\/wp\/v2\/users\/67"}],"replies":[{"embeddable":true,"href":"https:\/\/www.ull.es\/fr\/wp-json\/wp\/v2\/comments?post=16040"}],"version-history":[{"count":3,"href":"https:\/\/www.ull.es\/fr\/wp-json\/wp\/v2\/pages\/16040\/revisions"}],"predecessor-version":[{"id":16052,"href":"https:\/\/www.ull.es\/fr\/wp-json\/wp\/v2\/pages\/16040\/revisions\/16052"}],"up":[{"embeddable":true,"href":"https:\/\/www.ull.es\/fr\/wp-json\/wp\/v2\/pages\/14383"}],"wp:attachment":[{"href":"https:\/\/www.ull.es\/fr\/wp-json\/wp\/v2\/media?parent=16040"}],"curies":[{"name":"wp","href":"https:\/\/api.w.org\/{rel}","templated":true}]}}