{"id":16124,"date":"2025-12-19T10:40:07","date_gmt":"2025-12-19T10:40:07","guid":{"rendered":"https:\/\/www.ull.es\/?page_id=16124"},"modified":"2025-12-19T10:40:10","modified_gmt":"2025-12-19T10:40:10","slug":"upsl","status":"publish","type":"page","link":"https:\/\/www.ull.es\/fr\/upsl\/","title":{"rendered":"UPSL"},"content":{"rendered":"<div class=\"wp-block-stackable-columns alignfull stk-block-columns stk-block stk-4b9da73 stk-block-background stk--has-background-overlay\" data-block-id=\"4b9da73\"><style>.stk-4b9da73 {background-image:url(https:\/\/www.ull.es\/wp-content\/uploads\/2025\/12\/unidad-1.jpg) !important;margin-top:-40px !important;margin-bottom:35px !important;}<\/style><div class=\"stk-row stk-inner-blocks stk-block-content stk-content-align stk-4b9da73-column alignfull\">\n<div class=\"wp-block-stackable-column stk-block-column stk-column stk-block stk-fa7b9e8\" data-v=\"4\" data-block-id=\"fa7b9e8\"><style>.stk-fa7b9e8 {padding-top:5% !important;padding-bottom:5% !important;}<\/style><div class=\"stk-column-wrapper stk-block-column__content stk-container stk-fa7b9e8-container stk--no-background stk--no-padding\"><div class=\"stk-block-content stk-inner-blocks stk-fa7b9e8-inner-blocks\">\n<div class=\"wp-block-stackable-heading aligncenter stk-block-heading stk-block-heading--v2 stk-block stk-b7a5c41 stk-block-background\" id=\"unidad-de-servicios-br-psicologicos-y-logopedicos\" data-block-id=\"b7a5c41\"><style>.stk-b7a5c41 {background-color:#3f5efb !important;padding-top:2% !important;padding-bottom:2% !important;padding-left:2% !important;}.stk-b7a5c41:before{background-color:#3f5efb !important;}.stk-b7a5c41 .stk-block-heading__text{color:#fffffe !important;font-family:\"PT Sans\", Sans-serif !important;}<\/style><h1 class=\"stk-block-heading__text has-text-color\">Unit\u00e9 de services<br>Th\u00e9rapie psychologique et orthophonique<\/h1><\/div>\n<\/div><\/div><\/div>\n<\/div><\/div>\n\n\n\n<div class=\"wp-block-stackable-columns alignwide stk-block-columns stk-block stk-a124a34\" data-block-id=\"a124a34\"><style>.stk-a124a34 {padding-right:10% !important;padding-left:10% !important;}<\/style><div class=\"stk-row stk-inner-blocks stk-block-content stk-content-align stk-a124a34-column alignwide\">\n<div class=\"wp-block-stackable-column stk-block-column stk-column stk-block stk-ca7ca80\" data-v=\"4\" data-block-id=\"ca7ca80\"><div class=\"stk-column-wrapper stk-block-column__content stk-container stk-ca7ca80-container stk--no-background stk--no-padding\"><div class=\"stk-block-content stk-inner-blocks stk-ca7ca80-inner-blocks\">\n<p data-block-type=\"core\">Le service de psychologie et d&#039;orthophonie de l&#039;Universit\u00e9 de La Laguna a pour mission d&#039;offrir des services de psychologie, d&#039;orthophonie et de promotion de la sant\u00e9 aux membres de la communaut\u00e9 universitaire. Il soutient la recherche et l&#039;enseignement dans tous les domaines de la psychologie appliqu\u00e9e et de l&#039;orthophonie. De plus, ce service s&#039;engage \u00e0 assurer le d\u00e9veloppement professionnel continu des psychologues et des orthophonistes, en garantissant leur formation et leur perfectionnement.<\/p>\n\n\n\n<div class=\"wp-block-stackable-columns alignwide stk-block-columns stk-block stk-3000c84\" data-block-id=\"3000c84\"><style>.stk-3000c84 {margin-bottom:40px !important;}<\/style><div class=\"stk-row stk-inner-blocks stk-block-content stk-content-align stk-3000c84-column alignwide\">\n<div class=\"wp-block-stackable-column stk-block-column stk-column stk-block stk-1abb6d2\" data-v=\"4\" data-block-id=\"1abb6d2\"><div class=\"stk-column-wrapper stk-block-column__content stk-container stk-1abb6d2-container stk--no-background stk--no-padding\"><div class=\"stk-block-content stk-inner-blocks stk-1abb6d2-inner-blocks\">\n<div class=\"wp-block-stackable-heading stk-block-heading stk-block-heading--v2 stk-block stk-d8b0d64 stk-block-background stk--has-background-overlay\" id=\"servicios-de-psicologia\" data-block-id=\"d8b0d64\"><style>.stk-d8b0d64 {background-color:linear-gradient(90deg,rgb(63,94,251) 0%,rgb(252,70,107) 99%) !important;}.stk-d8b0d64:before{background-image:linear-gradient(90deg,rgb(63,94,251) 0%,rgb(252,70,107) 99%) !important;}.stk-d8b0d64 .stk-block-heading__text{color:#fffffe !important;}<\/style><h2 class=\"stk-block-heading__text has-text-color has-text-align-center\">Services de psychologie<\/h2><\/div>\n<\/div><a class=\"stk-link stk-block-link stk--transparent-overlay\" href=\"https:\/\/www.ull.es\/servicios\/uspl\/servicios-de-psicologia\/\" aria-hidden=\"true\" tabindex=\"-1\" target=\"_blank\" rel=\"noopener\"><\/a><\/div><\/div>\n\n\n\n<div class=\"wp-block-stackable-column stk-block-column stk-column stk-block stk-d433d88\" data-v=\"4\" data-block-id=\"d433d88\"><div class=\"stk-column-wrapper stk-block-column__content stk-container stk-d433d88-container stk--no-background stk--no-padding\"><div class=\"stk-block-content stk-inner-blocks stk-d433d88-inner-blocks\">\n<div class=\"wp-block-stackable-heading stk-block-heading stk-block-heading--v2 stk-block stk-e62d8be stk-block-background stk--has-background-overlay\" id=\"servicios-de-logopedia\" data-block-id=\"e62d8be\"><style>.stk-e62d8be {background-color:linear-gradient(90deg,rgb(63,94,251) 0%,rgb(252,70,107) 99%) !important;}.stk-e62d8be:before{background-image:linear-gradient(90deg,rgb(63,94,251) 0%,rgb(252,70,107) 99%) !important;}.stk-e62d8be .stk-block-heading__text{color:#fffffe !important;}<\/style><h2 class=\"stk-block-heading__text has-text-color has-text-align-center\">Services d&#039;orthophonie<\/h2><\/div>\n<\/div><a class=\"stk-link stk-block-link stk--transparent-overlay\" href=\"https:\/\/www.ull.es\/servicios\/uspl\/servicios-de-logopedia\/\" aria-hidden=\"true\" tabindex=\"-1\" target=\"_blank\" rel=\"noopener\"><\/a><\/div><\/div>\n<\/div><\/div>\n\n\n\n<div class=\"wp-block-stackable-icon-label stk-block-icon-label stk-block stk-ec8735d stk-block-background\" data-block-id=\"ec8735d\"><style>.stk-ec8735d {background-color:#e8f5fd !important;border-top-left-radius:5px !important;border-top-right-radius:5px !important;border-bottom-right-radius:5px !important;border-bottom-left-radius:5px !important;overflow:hidden !important;border-style:solid !important;border-color:#d7f1ff !important;border-top-width:1px !important;border-right-width:1px !important;border-bottom-width:1px !important;border-left-width:1px !important;}.stk-ec8735d:before{background-color:#e8f5fd !important;}<\/style><div class=\"stk-row stk-inner-blocks stk-block-content\">\n<div class=\"wp-block-stackable-icon stk-block-icon has-text-align-left stk-block stk-63426ea\" data-block-id=\"63426ea\"><style>.stk-63426ea .stk--svg-wrapper .stk--inner-svg svg:last-child, .stk-63426ea .stk--svg-wrapper .stk--inner-svg svg:last-child :is(g, path, rect, polygon, ellipse){fill:#56b0ee !important;}<\/style><span class=\"stk--svg-wrapper\"><div class=\"stk--inner-svg\"><svg style=\"height:0;width:0\"><defs><lineargradient id=\"linear-gradient-63426ea\" x1=\"0\" x2=\"100%\" y1=\"0\" y2=\"0\"><stop offset=\"0%\" style=\"stop-opacity:1;stop-color:var(--linear-gradient-63426-ea-color-1)\"><\/stop><stop offset=\"100%\" style=\"stop-opacity:1;stop-color:var(--linear-gradient-63426-ea-color-2)\"><\/stop><\/lineargradient><\/defs><\/svg><svg xmlns=\"http:\/\/www.w3.org\/2000\/svg\" viewbox=\"0 0 512 512\" aria-hidden=\"true\" width=\"32\" height=\"32\"><path d=\"M256 512A256 256 0 1 0 256 0a256 256 0 1 0 0 512zM216 336h24V272H216c-13.3 0-24-10.7-24-24s10.7-24 24-24h48c13.3 0 24 10.7 24 24v88h8c13.3 0 24 10.7 24 24s-10.7 24-24 24H216c-13.3 0-24-10.7-24-24s10.7-24 24-24zm40-208a32 32 0 1 1 0 64 32 32 0 1 1 0-64z\"\/><\/svg><\/div><\/span><\/div>\n\n\n\n<div class=\"wp-block-stackable-heading stk-block-heading stk-block-heading--v2 stk-block stk-cf172c0\" id=\"la-unidad-de-servicios-psicologicos-y-logopedicos-reanudara-sus-servicios-de-manera-ordinaria-con-el-comienzo-del-nuevo-curso-2024-25-las-personas-interesadas-en-solicitar-alguno-de-los-servicios-pueden-hacerlo-por-medio-de-esta-web\" data-block-id=\"cf172c0\"><style>.stk-cf172c0 .stk-block-heading__text{color:#5e7f96 !important;}<\/style><p class=\"stk-block-heading__text has-text-color\">Le service de psychologie et d&#039;orthophonie reprendra ses activit\u00e9s habituelles au d\u00e9but de l&#039;ann\u00e9e universitaire 2024-2025. Les personnes int\u00e9ress\u00e9es peuvent faire une demande de service via ce site web.<\/p><\/div>\n<\/div><\/div>\n\n\n\n<div class=\"wp-block-stackable-columns alignwide stk-block-columns stk-block stk-f90cb06\" data-block-id=\"f90cb06\"><style>.stk-f90cb06 {margin-bottom:40px !important;}<\/style><div class=\"stk-row stk-inner-blocks stk-block-content stk-content-align stk-f90cb06-column alignwide\">\n<div class=\"wp-block-stackable-column stk-block-column stk-column stk-block stk-ae39e59\" data-v=\"4\" data-block-id=\"ae39e59\"><div class=\"stk-column-wrapper stk-block-column__content stk-container stk-ae39e59-container stk--no-background stk--no-padding\"><div class=\"stk-block-content stk-inner-blocks stk-ae39e59-inner-blocks\"><p data-block-type=\"core\"><style>\n    .news-group .bg-size {\n        background-position: center;\n        background-size: cover;\n        width: 100%;\n        height: 48px;\n    }\n    .news-group .list-group-item-text {\n        font-size: 13px;\n    }\n    .news-group .col-md-3 {\n        padding-right: 0;\n    }\n    .news-group .list-group-item-date {\n        font-size: 11px;\n        color: #A4A4A4;\n        margin-bottom: 2px;\n        text-transform: uppercase;\n    }\n\n    .mensaje.alert-warning{\n        font-size: 12px;\n        margin: 14px !important;\n        padding: 4px 8px;\n        color: #cca60b;\n    }\n<\/style>\n\n<div class=\"panel panel-default\">\n    <div class=\"panel-heading\">\n        <h3 class=\"panel-title\">Nouvelles<\/h3>\n    <\/div>\n\n    <div class=\"list-group news-group\">\n                    <a href=\"https:\/\/www.ull.es\/portal\/noticias\/2025\/la-ull-acoge-la-presentacion-del-manual-de-promocion-de-la-salud-mental-resiliencia-y-prevencion-de-la-conducta-suicida\/\" class=\"list-group-item\">\n                <div class=\"row\">\n                    <div class=\"col-md-3\">\n                        <div class=\"bg-size\" style=\"background-image: url('https:\/\/www.ull.es\/portal\/noticias\/wp-content\/uploads\/sites\/13\/2025\/03\/Prevencion-suicidio-15-300x200.jpg');\"><\/div>\n                    <\/div>\n                    <div class=\"col-md-9\">\n                        <p class=\"list-group-item-date\">\n                            25 mars 2025 - 14:06 UTC                        <\/p>\n                        <p class=\"list-group-item-text\">L&#039;ULL accueille la pr\u00e9sentation du Manuel pour la promotion de la sant\u00e9 mentale, de la r\u00e9silience et de la pr\u00e9vention des comportements suicidaires<\/p>\n                    <\/div>\n                <\/div>\n            <\/a>\n                    <a href=\"https:\/\/www.ull.es\/portal\/noticias\/2023\/la-unidad-de-servicios-psicologicos-y-logopedicos-de-la-ull-ha-atendido-a-167-personas-en-nueve-meses\/\" class=\"list-group-item\">\n                <div class=\"row\">\n                    <div class=\"col-md-3\">\n                        <div class=\"bg-size\" style=\"background-image: url('https:\/\/www.ull.es\/portal\/noticias\/wp-content\/uploads\/sites\/13\/2022\/03\/Wenceslao-Pen\u0303ate-02-300x200.jpg');\"><\/div>\n                    <\/div>\n                    <div class=\"col-md-9\">\n                        <p class=\"list-group-item-date\">\n                            10 octobre 2023 - 08:38 UTC                        <\/p>\n                        <p class=\"list-group-item-text\">Le service de psychologie et d&#039;orthophonie de l&#039;ULL a aid\u00e9 167 personnes en neuf mois.<\/p>\n                    <\/div>\n                <\/div>\n            <\/a>\n                    <a href=\"https:\/\/www.ull.es\/portal\/noticias\/2022\/inaugurada-unidad-servicios-psicologicos-logopedicos\/\" class=\"list-group-item\">\n                <div class=\"row\">\n                    <div class=\"col-md-3\">\n                        <div class=\"bg-size\" style=\"background-image: url('https:\/\/www.ull.es\/portal\/noticias\/wp-content\/uploads\/sites\/13\/2022\/10\/Inaug-Serv-Atencion-Psicologica-04-300x200.jpg');\"><\/div>\n                    <\/div>\n                    <div class=\"col-md-9\">\n                        <p class=\"list-group-item-date\">\n                            18 oct. 2022 - 13:07 UTC                        <\/p>\n                        <p class=\"list-group-item-text\">L&#039;Universit\u00e9 de La Laguna inaugure sa nouvelle unit\u00e9 de services de psychologie et d&#039;orthophonie<\/p>\n                    <\/div>\n                <\/div>\n            <\/a>\n                    <a href=\"https:\/\/www.ull.es\/portal\/noticias\/2022\/la-psicologia-que-ayuda\/\" class=\"list-group-item\">\n                <div class=\"row\">\n                    <div class=\"col-md-3\">\n                        <div class=\"bg-size\" style=\"background-image: url('https:\/\/www.ull.es\/portal\/noticias\/wp-content\/uploads\/sites\/13\/2022\/03\/Wenceslao-Pen\u0303ate-02-300x200.jpg');\"><\/div>\n                    <\/div>\n                    <div class=\"col-md-9\">\n                        <p class=\"list-group-item-date\">\n                            7 mars 2022 - 09:19 UTC                        <\/p>\n                        <p class=\"list-group-item-text\">La psychologie qui aide<\/p>\n                    <\/div>\n                <\/div>\n            <\/a>\n                    <a href=\"https:\/\/www.ull.es\/portal\/noticias\/2021\/wenceslao-penate-director-de-la-unidad-del-servicio-psicologico-y-logopedico-de-la-ull\/\" class=\"list-group-item\">\n                <div class=\"row\">\n                    <div class=\"col-md-3\">\n                        <div class=\"bg-size\" style=\"background-image: url('https:\/\/www.ull.es\/portal\/noticias\/wp-content\/uploads\/sites\/13\/2021\/11\/toma-posesion-wenceslao-penate-300x200.jpg');\"><\/div>\n                    <\/div>\n                    <div class=\"col-md-9\">\n                        <p class=\"list-group-item-date\">\n                            23 novembre 2021 - 14h04 UTC                        <\/p>\n                        <p class=\"list-group-item-text\">Wenceslao Pe\u00f1ate, directeur du service de psychologie et d&#039;orthophonie de l&#039;ULL<\/p>\n                    <\/div>\n                <\/div>\n            <\/a>\n            <\/div>\n    <div class=\"panel-footer\">\n        <a href=\"https:\/\/www.ull.es\/portal\/noticias\/?cat=8969\">PLUS DE NOUVELLES <i class=\"fa fa-chevron-right\"><\/i><\/a>\n    <\/div>\n\n\n<\/div><\/p>\n<\/div><a class=\"stk-link stk-block-link stk--transparent-overlay\" href=\"https:\/\/www.ull.es\/servicios\/uspl\/servicios-de-psicologia\/\" aria-hidden=\"true\" tabindex=\"-1\" target=\"_blank\" rel=\"noopener\"><\/a><\/div><\/div>\n\n\n\n<div class=\"wp-block-stackable-column stk-block-column stk-column stk-block stk-5894c33\" data-v=\"4\" data-block-id=\"5894c33\"><div class=\"stk-column-wrapper stk-block-column__content stk-container stk-5894c33-container stk--no-background stk--no-padding\"><div class=\"stk-block-content stk-inner-blocks stk-5894c33-inner-blocks\"><p data-block-type=\"core\"><style>\n    .news-group .bg-size {\n        background-position: center;\n        background-size: cover;\n        width: 100%;\n        height: 48px;\n    }\n    .news-group .list-group-item-text {\n        font-size: 13px;\n    }\n    .news-group .col-md-3 {\n        padding-right: 0;\n    }\n    .news-group .list-group-item-date {\n        font-size: 11px;\n        color: #A4A4A4;\n        margin-bottom: 2px;\n        text-transform: uppercase;\n    }\n\n    .mensaje.alert-warning{\n        font-size: 12px;\n        margin: 14px !important;\n        padding: 4px 8px;\n        color: #cca60b;\n    }\n\n<\/style>\n\n<div class=\"panel panel-default\">\n    <div class=\"panel-heading\">\n        <h3 class=\"panel-title\">Notifications<\/h3>\n    <\/div>\n\n    <div class=\"list-group news-group\">\n                            <a href=\"https:\/\/www.ull.es\/portal\/noticias\/2025\/eleccion-de-director-de-la-unidad-de-servicios-psicologicos-y-logopedicos\/\" class=\"list-group-item\">\n                    <div class=\"row\">\n                        <div class=\"col-md-12\">\n                            <p class=\"list-group-item-date\">\n                                12 novembre 2025 - 07:56 UTC                            <\/p>\n                            <p class=\"list-group-item-text\">\u00c9lection du directeur de l&#039;unit\u00e9 des services de psychologie et d&#039;orthophonie<\/p>\n                        <\/div>\n                    <\/div>\n                <\/a>\n                            <a href=\"https:\/\/www.ull.es\/portal\/noticias\/2022\/solicitud-de-colaboracion-de-profesionales-externos-con-la-unidad-de-servicios-psicologicos-y-logopedicos\/\" class=\"list-group-item\">\n                    <div class=\"row\">\n                        <div class=\"col-md-12\">\n                            <p class=\"list-group-item-date\">\n                                29 novembre 2022 - 11:51 UTC                            <\/p>\n                            <p class=\"list-group-item-text\">Demande de collaboration de professionnels externes avec l&#039;unit\u00e9 des services de psychologie et d&#039;orthophonie<\/p>\n                        <\/div>\n                    <\/div>\n                <\/a>\n                <\/div>\n    <div class=\"panel-footer\">\n        <a href=\"https:\/\/www.ull.es\/portal\/noticias\/?cat=9412\">PLUS DE NOTIFICATIONS <i class=\"fa fa-chevron-right\"><\/i><\/a>\n    <\/div>\n\n\n<\/div><\/p>\n\n\n<p data-block-type=\"core\">\n<style>\n    .events-group .bg-size {\n        background-position: center;\n        background-size: cover;\n        width: 100%;\n        height: 48px;\n    }\n    .events-group .list-group-item-text {\n        font-size: 13px;\n    }\n    .events-group .col-md-3 {\n        padding-right: 0;\n    }\n    .events-group .list-group-item-date {\n        font-size: 11px;\n        color: #A4A4A4;\n        margin-bottom: 2px;\n        text-transform: uppercase;\n    }\n\n    .mensaje.alert-warning{\n        font-size: 12px;\n        margin: 14px !important;\n        padding: 4px 8px;\n        color: #cca60b;\n    }\n\n<\/style>\n\n<div class=\"panel panel-default\">\n    <div class=\"panel-heading\">\n        <h3 class=\"panel-title\">\u00c9v\u00e9nements<\/h3>\n    <\/div>\n\n    <div class=\"list-group events-group\">\n\n        <div class=\"mensaje alert alert-warning\">Il n&#039;y a aucun \u00e9v\u00e9nement disponible.<\/div>\n    <\/div>\n\n\n<\/div>\n<\/p>\n<\/div><a class=\"stk-link stk-block-link stk--transparent-overlay\" href=\"https:\/\/www.ull.es\/servicios\/uspl\/servicios-de-logopedia\/\" aria-hidden=\"true\" tabindex=\"-1\" target=\"_blank\" rel=\"noopener\"><\/a><\/div><\/div>\n\n\n\n<div class=\"wp-block-stackable-column stk-block-column stk-column stk-block stk-d4ec11e\" data-v=\"4\" data-block-id=\"d4ec11e\"><div class=\"stk-column-wrapper stk-block-column__content stk-container stk-d4ec11e-container stk--no-background stk--no-padding\"><div class=\"stk-block-content stk-inner-blocks stk-d4ec11e-inner-blocks\">\n<div class=\"wpb_wrapper\">\n<div class=\"wpb_text_column wpb_content_element\">\n<div class=\"wpb_wrapper\">\n<ul class=\"widget-box\">\n \t<li class=\"contacto-header\">Coordonn\u00e9es<\/li>\n \t<li>Ancienne maison du gardien de la facult\u00e9 de droit<\/li>\n \t<li><i class=\"fa fa-map-marker\"><\/i> Chemin de la Hornera, s\/n. Campus de Guajara. 38200. San Crist\u00f3bal de La Laguna. S\/C de T\u00e9n\u00e9rife.<\/li>\n \t<li><i class=\"fa fa-phone\"><\/i>(+34) 922 31 74 85<\/li>\n \t<li><i class=\"fa fa-envelope\"><\/i><a href=\"mailto:unidadpsilog@ull.es\" target=\"_blank\" rel=\"noopener\"> unidadpsilog@ull.es<\/a><\/li>\n<\/ul>\n<\/div>\n<\/div>\n<\/div>\n<\/div><a class=\"stk-link stk-block-link stk--transparent-overlay\" href=\"https:\/\/www.ull.es\/servicios\/uspl\/servicios-de-logopedia\/\" aria-hidden=\"true\" tabindex=\"-1\" target=\"_blank\" rel=\"noopener\"><\/a><\/div><\/div>\n<\/div><\/div>\n<\/div><\/div><\/div>\n<\/div><\/div>","protected":false},"excerpt":{"rendered":"<p>Service de psychologie et d&#039;orthophonie. Le Service de psychologie et d&#039;orthophonie de l&#039;Universit\u00e9 de La Laguna a pour mission d&#039;offrir des services de psychologie, d&#039;orthophonie et de promotion de la sant\u00e9 aux membres de la communaut\u00e9 universitaire. Il soutient les activit\u00e9s de recherche et d&#039;enseignement men\u00e9es dans tous les d\u00e9partements de l&#039;universit\u00e9.<\/p>","protected":false},"author":67,"featured_media":0,"parent":0,"menu_order":0,"comment_status":"closed","ping_status":"closed","template":"templates\/template-frontpage.php","meta":{"footnotes":""},"class_list":["post-16124","page","type-page","status-publish","hentry"],"_links":{"self":[{"href":"https:\/\/www.ull.es\/fr\/wp-json\/wp\/v2\/pages\/16124","targetHints":{"allow":["GET"]}}],"collection":[{"href":"https:\/\/www.ull.es\/fr\/wp-json\/wp\/v2\/pages"}],"about":[{"href":"https:\/\/www.ull.es\/fr\/wp-json\/wp\/v2\/types\/page"}],"author":[{"embeddable":true,"href":"https:\/\/www.ull.es\/fr\/wp-json\/wp\/v2\/users\/67"}],"replies":[{"embeddable":true,"href":"https:\/\/www.ull.es\/fr\/wp-json\/wp\/v2\/comments?post=16124"}],"version-history":[{"count":1,"href":"https:\/\/www.ull.es\/fr\/wp-json\/wp\/v2\/pages\/16124\/revisions"}],"predecessor-version":[{"id":16126,"href":"https:\/\/www.ull.es\/fr\/wp-json\/wp\/v2\/pages\/16124\/revisions\/16126"}],"wp:attachment":[{"href":"https:\/\/www.ull.es\/fr\/wp-json\/wp\/v2\/media?parent=16124"}],"curies":[{"name":"wp","href":"https:\/\/api.w.org\/{rel}","templated":true}]}}