{"id":16659,"date":"2026-02-04T11:53:59","date_gmt":"2026-02-04T11:53:59","guid":{"rendered":"https:\/\/www.ull.es\/?page_id=16659"},"modified":"2026-02-26T10:36:27","modified_gmt":"2026-02-26T10:36:27","slug":"institucionales-2026","status":"publish","type":"page","link":"https:\/\/www.ull.es\/fr\/institucionales-2026\/","title":{"rendered":"Prix institutionnels de l&#039;Universit\u00e9 de La Laguna 2026"},"content":{"rendered":"<div class=\"wp-block-stackable-columns alignfull stk-block-columns stk-block stk-0d6c067 stk-block-background stk--has-background-overlay\" data-block-id=\"0d6c067\"><style>.stk-0d6c067 {background-image:url(https:\/\/www.ull.es\/wp-content\/uploads\/2026\/02\/header_3.jpg) !important;margin-top:-2% !important;}<\/style><div class=\"stk-row stk-inner-blocks stk-block-content stk-content-align stk-0d6c067-column alignfull\">\n<div class=\"wp-block-stackable-column stk-block-column stk-column stk-block stk-8aee296\" data-v=\"4\" data-block-id=\"8aee296\"><div class=\"stk-column-wrapper stk-block-column__content stk-container stk-8aee296-container stk--no-background stk--no-padding\"><div class=\"stk-block-content stk-inner-blocks stk-8aee296-inner-blocks\">\n<div class=\"wp-block-stackable-spacer stk-block-spacer stk--no-padding stk-block stk-f9ce497\" id=\"strong-premios-institucionales-strong-2026\" data-block-id=\"f9ce497\"><style>.stk-f9ce497 {height:180px !important;}<\/style><\/div>\n\n\n\n<div class=\"wp-block-stackable-heading stk-block-heading stk-block-heading--v2 stk-block stk-8661fd0\" id=\"strong-premios-institucionales-strong-2026\" data-block-id=\"8661fd0\"><style>.stk-8661fd0 {margin-bottom:0px !important;}.stk-8661fd0 .stk-block-heading__text{font-size:38px !important;color:#ffffff !important;font-weight:500 !important;font-family:\"ArgentumSans\", Sans-serif !important;}@media screen and (max-width: 1023px){.stk-8661fd0 .stk-block-heading__text{font-size:38px !important;}}@media screen and (max-width: 767px){.stk-8661fd0 {padding-right:25px !important;padding-left:25px !important;}.stk-8661fd0 .stk-block-heading__text{font-size:24px !important;}}<\/style><h2 class=\"stk-block-heading__text has-text-color has-text-align-center\"><strong>PRIX INSTITUTIONNELS<\/strong> 2026<\/h2><\/div>\n\n\n\n<div class=\"wp-block-stackable-spacer stk-block-spacer stk--no-padding stk-block stk-62f06e3\" id=\"strong-premios-institucionales-strong-2026\" data-block-id=\"62f06e3\"><style>.stk-62f06e3 {height:180px !important;}<\/style><\/div>\n<\/div><\/div><\/div>\n<\/div><\/div>\n\n\n\n<div class=\"wp-block-stackable-columns stk-block-columns stk-block stk-12a6a8c\" data-block-id=\"12a6a8c\"><style>.stk-12a6a8c {margin-right:2% !important;margin-left:2% !important;}<\/style><div class=\"stk-row stk-inner-blocks stk-block-content stk-content-align stk-12a6a8c-column\">\n<div class=\"wp-block-stackable-column stk-block-column stk-column stk-block stk-cf5fdbd\" data-v=\"4\" data-block-id=\"cf5fdbd\"><div class=\"stk-column-wrapper stk-block-column__content stk-container stk-cf5fdbd-container stk--no-background stk--no-padding\"><div class=\"stk-block-content stk-inner-blocks stk-cf5fdbd-inner-blocks\">\n<div class=\"wp-block-stackable-text stk-block-text stk-block stk-d15648a\" data-block-id=\"d15648a\"><style>.stk-d15648a {margin-top:25px !important;margin-bottom:0px !important;}<\/style><p class=\"stk-block-text__text\">L\u2019Universit\u00e9 de La Laguna c\u00e9l\u00e8bre son 234e anniversaire et, comme chaque ann\u00e9e, lance son appel \u00e0 candidatures pour les prix institutionnels r\u00e9compensant l\u2019excellence dans divers domaines. \u00c0 cette occasion, la c\u00e9r\u00e9monie de la Journ\u00e9e institutionnelle aura lieu le 11 mars, lors de laquelle les d\u00e9cisions des jurys seront annonc\u00e9es.<\/p><\/div>\n\n\n\n<p data-block-type=\"core\"><br>Nous ajoutons ainsi de nouvelles r\u00e9ussites dans la pratique de l\u2019enseignement, dans l\u2019activit\u00e9 de recherche \u2013 tant senior que junior \u2013 et dans la gestion, tout en mettant en valeur de nouveaux profils dans l\u2019internationalisation de notre institution, l\u2019excellence p\u00e9dagogique et le m\u00e9rite acad\u00e9mique de nos \u00e9tudiants.<br><\/p>\n\n\n\n<p data-block-type=\"core\">Cette c\u00e9r\u00e9monie met \u00e9galement en lumi\u00e8re les principaux alli\u00e9s de l&#039;Universit\u00e9 de La Laguna \u00e0 travers leurs efforts de m\u00e9c\u00e9nat, une distinction directement reconnue par le Bureau du Recteur.<\/p>\n\n\n\n<p data-block-type=\"core\">Ce site web contient l&#039;appel \u00e0 candidatures pour ces Prix institutionnels, pour lesquels les candidatures peuvent \u00eatre soumises jusqu&#039;au [date \u00e0 pr\u00e9ciser]. <strong>le 25 f\u00e9vrier prochain<\/strong>.<\/p>\n\n\n\n<div class=\"wp-block-stackable-button-group stk-block-button-group stk-block stk-8d07760\" data-block-id=\"8d07760\"><style>.stk-8d07760 .stk-block-button, .stk-8d07760 .stk-block-icon-button{flex:1 0 0% !important;}.stk-8d07760 {margin-top:20px !important;}.stk-8d07760 .stk-inner-blocks{column-gap:0px !important;row-gap:0px !important;}<\/style><div class=\"stk-row stk-inner-blocks stk-block-content stk-button-group\">\n<div class=\"wp-block-stackable-button stk-block-button stk-block stk-6725dd2\" data-block-id=\"6725dd2\"><style>.stk-6725dd2 {max-width:400px !important;min-width:auto !important;margin-right:auto !important;margin-left:auto !important;}.stk-6725dd2 .stk-button{min-height:42px !important;padding-top:12px !important;padding-right:0px !important;padding-bottom:12px !important;padding-left:0px !important;background:#5c068c !important;border-top-left-radius:12px !important;border-top-right-radius:12px !important;border-bottom-right-radius:12px !important;border-bottom-left-radius:12px !important;}.stk-6725dd2 .stk-button:before{border-color:#5c068c !important;}<\/style><a class=\"stk-link stk-button stk--hover-effect-darken\" href=\"https:\/\/sede.ull.es\/ecivilis-site\/catalog\/showProcedure\/350\" target=\"_blank\" rel=\"noreferrer noopener\"><span class=\"stk-button__inner-text\">Modalit\u00e9s de l&#039;appel \u00e0 candidatures<\/span><\/a><\/div>\n<\/div><\/div>\n\n\n\n<div class=\"wp-block-stackable-button-group stk-block-button-group stk-block stk-836291a\" data-block-id=\"836291a\"><style>.stk-836291a .stk-block-button, .stk-836291a .stk-block-icon-button{flex:1 0 0% !important;}.stk-836291a {margin-top:20px !important;}.stk-836291a .stk-inner-blocks{column-gap:0px !important;row-gap:0px !important;}<\/style><div class=\"stk-row stk-inner-blocks stk-block-content stk-button-group\">\n<div class=\"wp-block-stackable-button stk-block-button stk-block stk-a2a745b\" data-block-id=\"a2a745b\"><style>.stk-a2a745b {max-width:400px !important;min-width:auto !important;margin-right:auto !important;margin-left:auto !important;}.stk-a2a745b .stk-button{min-height:42px !important;background:#5c068c !important;border-top-left-radius:12px !important;border-top-right-radius:12px !important;border-bottom-right-radius:12px !important;border-bottom-left-radius:12px !important;}<\/style><a class=\"stk-link stk-button stk--hover-effect-darken\" href=\"https:\/\/sede.ull.es\/ecivilis-site\/catalog\/showProcedure\/350\" target=\"_blank\" rel=\"noopener\"><span class=\"stk-button__inner-text\">Pr\u00e9sentation de la candidature<\/span><\/a><\/div>\n<\/div><\/div>\n\n\n\n<div class=\"wp-block-stackable-button-group stk-block-button-group stk-block stk-e01dd31\" data-block-id=\"e01dd31\"><style>.stk-e01dd31 .stk-block-button, .stk-e01dd31 .stk-block-icon-button{flex:1 0 0% !important;}.stk-e01dd31 {margin-top:20px !important;}.stk-e01dd31 .stk-inner-blocks{column-gap:0px !important;row-gap:0px !important;}<\/style><div class=\"stk-row stk-inner-blocks stk-block-content stk-button-group\">\n<div class=\"wp-block-stackable-button stk-block-button has-text-align-center stk-block stk-aa795ba\" data-block-id=\"aa795ba\"><style>.stk-aa795ba {max-width:400px !important;min-width:auto !important;margin-right:auto !important;margin-left:auto !important;}.stk-aa795ba .stk-button{min-height:42px !important;background:#5c068c !important;border-top-left-radius:12px !important;border-top-right-radius:12px !important;border-bottom-right-radius:12px !important;border-bottom-left-radius:12px !important;}<\/style><a class=\"stk-link stk-button stk--hover-effect-darken\" href=\"https:\/\/drive.google.com\/file\/d\/1GMk7mfiDlCwUWEEl36b6-Whim4lX1Khv\/view?usp=drive_link\" target=\"_blank\" rel=\"noreferrer noopener\"><span class=\"stk-button__inner-text\">R\u00e9solution nommant les membres des jurys<\/span><\/a><\/div>\n<\/div><\/div>\n\n\n\n<p data-block-type=\"core\"><\/p>\n<\/div><\/div><\/div>\n<\/div><\/div>\n\n\n\n<div class=\"wp-block-stackable-heading stk-block-heading stk-block-heading--v2 stk-block stk-72f5738\" id=\"convocatorias\" data-block-id=\"72f5738\"><style>.stk-72f5738 {margin-top:50px !important;margin-bottom:22px !important;}.stk-72f5738 .stk-block-heading__text{color:#5c068c !important;font-weight:600 !important;}<\/style><h1 class=\"stk-block-heading__text has-text-color has-text-align-center\">Appels<\/h1><\/div>\n\n\n\n<div class=\"wp-block-stackable-columns alignfull stk-block-columns stk-block stk-595fd7b stk-block-background stk--has-background-overlay\" data-block-id=\"595fd7b\"><style>.stk-595fd7b {background-image:url(https:\/\/www.ull.es\/wp-content\/uploads\/2026\/02\/footer_3.jpg) !important;border-top-left-radius:15px !important;border-top-right-radius:15px !important;border-bottom-right-radius:15px !important;border-bottom-left-radius:15px !important;overflow:hidden !important;margin-bottom:-7% !important;}.stk-595fd7b-column{row-gap:0px !important;}<\/style><div class=\"stk-row stk-inner-blocks stk-block-content stk-content-align stk-595fd7b-column alignfull\">\n<div class=\"wp-block-stackable-column stk-block-column stk-column stk-block stk-c875eee\" data-v=\"4\" data-block-id=\"c875eee\"><style>.stk-c875eee-inner-blocks{row-gap:0px !important;}<\/style><div class=\"stk-column-wrapper stk-block-column__content stk-container stk-c875eee-container stk--no-background stk--no-padding\"><div class=\"stk-block-content stk-inner-blocks stk-c875eee-inner-blocks\">\n<div class=\"wp-block-stackable-spacer stk-block-spacer stk--no-padding stk-block stk-81c2761\" data-block-id=\"81c2761\"><style>.stk-81c2761 {height:50px !important;}<\/style><\/div>\n\n\n\n<div class=\"wp-block-stackable-columns aligncenter stk-block-columns stk-block stk-60f0bc7 stk-block-background\" data-block-id=\"60f0bc7\"><style>.stk-60f0bc7 {background-color:#ffffff !important;border-top-left-radius:25px !important;border-top-right-radius:25px !important;border-bottom-right-radius:25px !important;border-bottom-left-radius:25px !important;overflow:hidden !important;padding-top:0px !important;padding-right:0px !important;padding-bottom:0px !important;padding-left:0px !important;}.stk-60f0bc7:before{background-color:#ffffff !important;}@media screen and (max-width: 767px){.stk-60f0bc7 {padding-right:25px !important;padding-left:25px !important;}}<\/style><div class=\"stk-row stk-inner-blocks stk-block-content stk-content-align stk-60f0bc7-column\">\n<div class=\"wp-block-stackable-column stk-block-column stk-column stk-block stk-b9a2875\" data-v=\"4\" data-block-id=\"b9a2875\"><div class=\"stk-column-wrapper stk-block-column__content stk-container stk-b9a2875-container stk--no-background stk--no-padding\"><div class=\"stk-block-content stk-inner-blocks stk-b9a2875-inner-blocks\">\n<ul class=\"wp-block-list has-white-background-color has-background\" data-block-type=\"core\">\n<li class=\"has-text-color has-link-color wp-elements-155eb89f95654235dbfc3d8f2a0175f6\" style=\"color:#5c068c\" data-block-type=\"core\"><strong>XIe Prix de l&#039;internationalisation et de la coop\u00e9ration<\/strong> <\/li>\n\n\n\n<li data-block-type=\"core\"><strong><span style=\"color: #5c068c;\" class=\"stk-highlight\">XVe Prix de l&#039;innovation et du transfert \u00e9ducatif<\/span><\/strong><\/li>\n\n\n\n<li data-block-type=\"core\"><strong><span style=\"color: #5c068c;\" class=\"stk-highlight\">XVe Prix des meilleures pratiques en mati\u00e8re d&#039;administration et de services<\/span><\/strong><\/li>\n\n\n\n<li data-block-type=\"core\"><strong><span style=\"color: #5c068c;\" class=\"stk-highlight\">XVe Prix de recherche et IVe Prix de recherche junior<\/span><\/strong><\/li>\n\n\n\n<li data-block-type=\"core\"><strong><span style=\"color: #5c068c;\" class=\"stk-highlight\"><a href=\"https:\/\/drive.google.com\/file\/d\/1UWmktbQc1YLVkuExbzU6Vbfe_2BTsH4p\/view?usp=sharing\" target=\"_blank\" rel=\"noopener\">IIIe Prix du m\u00e9rite acad\u00e9mique<\/a><\/span><\/strong> Il est nomm\u00e9 par le Vice-Rectorat aux \u00c9tudiants en fonction des notes obtenues l&#039;ann\u00e9e derni\u00e8re.<\/li>\n\n\n\n<li data-block-type=\"core\"><span style=\"color: #5c068c;\" class=\"stk-highlight\"><strong>Le Prix du M\u00e9c\u00e9nat<\/strong><\/span>&nbsp;Il est nomm\u00e9 directement par le Rectorat \u00e0 une entit\u00e9 ou \u00e0 une personne dont la contribution \u00e0 l&#039;universit\u00e9 a \u00e9t\u00e9 pertinente et n&#039;est donc pas comp\u00e9titive.<\/li>\n<\/ul>\n<\/div><\/div><\/div>\n<\/div><\/div>\n\n\n\n<div class=\"wp-block-stackable-spacer stk-block-spacer stk--no-padding stk-block stk-cbfe8a0\" data-block-id=\"cbfe8a0\"><style>.stk-cbfe8a0 {height:50px !important;}<\/style><\/div>\n<\/div><\/div><\/div>\n<\/div><\/div>","protected":false},"excerpt":{"rendered":"<p>PRIX INSTITUTIONNELS 2026 L\u2019Universit\u00e9 de La Laguna c\u00e9l\u00e8bre le 234e anniversaire de sa fondation et, comme chaque ann\u00e9e, lance son appel \u00e0 candidatures pour les prix institutionnels visant \u00e0 r\u00e9compenser l\u2019excellence dans diff\u00e9rents domaines. \u00c0 l\u2019occasion de cet anniversaire, la c\u00e9r\u00e9monie de la Journ\u00e9e institutionnelle aura lieu le 11 mars, lors de laquelle les laur\u00e9ats seront annonc\u00e9s\u2026<\/p>","protected":false},"author":67,"featured_media":0,"parent":0,"menu_order":0,"comment_status":"closed","ping_status":"closed","template":"templates\/template-frontpage.php","meta":{"footnotes":""},"class_list":["post-16659","page","type-page","status-publish","hentry"],"_links":{"self":[{"href":"https:\/\/www.ull.es\/fr\/wp-json\/wp\/v2\/pages\/16659","targetHints":{"allow":["GET"]}}],"collection":[{"href":"https:\/\/www.ull.es\/fr\/wp-json\/wp\/v2\/pages"}],"about":[{"href":"https:\/\/www.ull.es\/fr\/wp-json\/wp\/v2\/types\/page"}],"author":[{"embeddable":true,"href":"https:\/\/www.ull.es\/fr\/wp-json\/wp\/v2\/users\/67"}],"replies":[{"embeddable":true,"href":"https:\/\/www.ull.es\/fr\/wp-json\/wp\/v2\/comments?post=16659"}],"version-history":[{"count":29,"href":"https:\/\/www.ull.es\/fr\/wp-json\/wp\/v2\/pages\/16659\/revisions"}],"predecessor-version":[{"id":16841,"href":"https:\/\/www.ull.es\/fr\/wp-json\/wp\/v2\/pages\/16659\/revisions\/16841"}],"wp:attachment":[{"href":"https:\/\/www.ull.es\/fr\/wp-json\/wp\/v2\/media?parent=16659"}],"curies":[{"name":"wp","href":"https:\/\/api.w.org\/{rel}","templated":true}]}}