{"id":16807,"date":"2026-02-18T11:43:07","date_gmt":"2026-02-18T11:43:07","guid":{"rendered":"https:\/\/www.ull.es\/?page_id=16807"},"modified":"2026-02-18T11:57:05","modified_gmt":"2026-02-18T11:57:05","slug":"proyecto-aquaman","status":"publish","type":"page","link":"https:\/\/www.ull.es\/fr\/proyecto-aquaman\/","title":{"rendered":"Projet Aquaman"},"content":{"rendered":"<div class=\"wp-block-stackable-columns alignfull stk-block-columns stk-block stk-f26d90d stk-block-background stk--has-background-overlay\" data-block-id=\"f26d90d\"><style>.stk-f26d90d {background-image:url(https:\/\/www.ull.es\/wp-content\/uploads\/2026\/02\/2.jpg) !important;margin-top:-3% !important;}<\/style><div class=\"stk-row stk-inner-blocks stk-block-content stk-content-align stk-f26d90d-column alignfull\">\n<div class=\"wp-block-stackable-column stk-block-column stk-column stk-block stk-fb9f13f\" data-v=\"4\" data-block-id=\"fb9f13f\"><div class=\"stk-column-wrapper stk-block-column__content stk-container stk-fb9f13f-container stk--no-background stk--no-padding\"><div class=\"stk-block-content stk-inner-blocks stk-fb9f13f-inner-blocks\">\n<div class=\"wp-block-stackable-heading stk-block-heading stk-block-heading--v2 stk-block stk-7f49516\" id=\"strong-proyecto-aquaman-una-respuesta-inteligente-a-la-escasez-de-agua-en-el-mediterraneo-strong\" data-block-id=\"7f49516\"><style>.stk-7f49516 {padding-top:5% !important;padding-bottom:5% !important;margin-right:10% !important;margin-left:10% !important;}.stk-7f49516 .stk-block-heading__text{font-size:48px !important;color:#fffffe !important;font-family:\"Argentum Sans\", Sans-serif !important;}@media screen and (max-width: 1023px){.stk-7f49516 .stk-block-heading__text{font-size:48px !important;}}<\/style><h2 class=\"stk-block-heading__text has-text-color\"><strong>Projet AQUAMAN : Une r\u00e9ponse intelligente \u00e0 la p\u00e9nurie d&#039;eau en M\u00e9diterran\u00e9e<\/strong><\/h2><\/div>\n<\/div><\/div><\/div>\n<\/div><\/div>\n\n\n\n<div class=\"wp-block-stackable-columns alignwide stk-block-columns stk-block stk-e006860\" data-block-id=\"e006860\"><style>.stk-e006860 {margin-bottom:50px !important;}<\/style><div class=\"stk-row stk-inner-blocks stk-block-content stk-content-align stk-e006860-column alignwide\">\n<div class=\"wp-block-stackable-column stk-block-column stk-column stk-block stk-43ae5cc\" data-v=\"4\" data-block-id=\"43ae5cc\"><div class=\"stk-column-wrapper stk-block-column__content stk-container stk-43ae5cc-container stk--no-background stk--no-padding\"><div class=\"stk-block-content stk-inner-blocks stk-43ae5cc-inner-blocks\">\n<div class=\"wp-block-stackable-heading stk-block-heading stk-block-heading--v2 stk-block stk-2d386e5\" id=\"proyecto-a\" data-block-id=\"2d386e5\"><style>.stk-2d386e5 .stk-block-heading__text{color:#5c068c !important;}<\/style><h2 class=\"stk-block-heading__text has-text-color\">Projet Aquaman<\/h2><\/div>\n\n\n\n<div class=\"wp-block-stackable-text stk-block-text stk-block stk-9ae600a\" data-block-id=\"9ae600a\"><p class=\"stk-block-text__text\">AQUAMAN (\u00c9valuation des syst\u00e8mes aquatiques pour l&#039;att\u00e9nuation de la p\u00e9nurie d&#039;eau dans les \u00eeles m\u00e9diterran\u00e9ennes et les destinations touristiques c\u00f4ti\u00e8res sous forte pression) est un projet transnational qui s&#039;attaque \u00e0 l&#039;un des principaux d\u00e9fis actuels de la r\u00e9gion m\u00e9diterran\u00e9enne : la p\u00e9nurie d&#039;eau, en particulier dans les \u00eeles et les destinations touristiques c\u00f4ti\u00e8res sous forte pression.<br>Le projet AQUAMAN est ax\u00e9 sur la durabilit\u00e9 et la gestion efficace des ressources en eau dans les zones soumises \u00e0 la pression touristique. Il est financ\u00e9 par le programme Interreg Euro-MED de l&#039;Union europ\u00e9enne.<br>Le consortium du projet r\u00e9unit des partenaires de six pays europ\u00e9ens (Espagne, France, Gr\u00e8ce, Italie, Malte et Portugal), notamment des administrations publiques, des organismes de gestion de l&#039;eau et du tourisme, des universit\u00e9s et des centres de recherche sp\u00e9cialis\u00e9s dans la raret\u00e9 de l&#039;eau, ainsi que des entit\u00e9s locales et des organisations internationales.<\/p><\/div>\n\n\n\n<div class=\"wp-block-stackable-icon-label stk-block-icon-label stk-block stk-fa522cc\" id=\"objetivos\" data-block-id=\"fa522cc\"><style>.stk-fa522cc .stk-inner-blocks{gap:20px !important;}.stk-fa522cc {align-items:center !important;display:flex !important;}<\/style><div class=\"stk-row stk-inner-blocks stk-block-content\">\n<div class=\"wp-block-stackable-icon stk-block-icon has-text-align-left stk-block stk-a321a39\" data-block-id=\"a321a39\"><style>.stk-a321a39 .stk--svg-wrapper .stk--inner-svg svg:last-child{height:32px !important;width:32px !important;}.stk-a321a39 .stk--svg-wrapper .stk--inner-svg svg:last-child, .stk-a321a39 .stk--svg-wrapper .stk--inner-svg svg:last-child :is(g, path, rect, polygon, ellipse){fill:#5c068c !important;}<\/style><span class=\"stk--svg-wrapper\"><div class=\"stk--inner-svg\"><svg style=\"height:0;width:0\"><defs><lineargradient id=\"linear-gradient-a321a39\" x1=\"0\" x2=\"100%\" y1=\"0\" y2=\"0\"><stop offset=\"0%\" style=\"stop-opacity:1;stop-color:var(--linear-gradient-a-321-a-39-color-1)\"><\/stop><stop offset=\"100%\" style=\"stop-opacity:1;stop-color:var(--linear-gradient-a-321-a-39-color-2)\"><\/stop><\/lineargradient><\/defs><\/svg><svg xmlns=\"http:\/\/www.w3.org\/2000\/svg\" viewbox=\"0 0 512 512\" aria-hidden=\"true\" width=\"32\" height=\"32\"><path d=\"M448 256A192 192 0 1 0 64 256a192 192 0 1 0 384 0zM0 256a256 256 0 1 1 512 0A256 256 0 1 1 0 256zm256 80a80 80 0 1 0 0-160 80 80 0 1 0 0 160zm0-224a144 144 0 1 1 0 288 144 144 0 1 1 0-288zM224 256a32 32 0 1 1 64 0 32 32 0 1 1 -64 0z\"\/><\/svg><\/div><\/span><\/div>\n\n\n\n<div class=\"wp-block-stackable-heading stk-block-heading stk-block-heading--v2 stk-block stk-229ec5c\" id=\"strong-objetivos-strong\" data-block-id=\"229ec5c\"><h4 class=\"stk-block-heading__text\"><strong>Objectifs<\/strong><\/h4><\/div>\n<\/div><\/div>\n\n\n\n<div class=\"wp-block-stackable-text stk-block-text stk-block stk-a27dd74\" id=\"objetivos\" data-block-id=\"a27dd74\"><p class=\"stk-block-text__text\">L\u2019objectif principal du projet AQUAMAN est de renforcer les capacit\u00e9s des autorit\u00e9s locales en mati\u00e8re de gestion de l\u2019eau par\u00a0:<\/p><\/div>\n\n\n\n<ul id=\"objetivos\" class=\"wp-block-list\" data-block-type=\"core\">\n<li data-block-type=\"core\">L\u2019utilisation de sources d\u2019eau non conventionnelles, telles que l\u2019eau de pluie et l\u2019eau recycl\u00e9e.<\/li>\n\n\n\n<li data-block-type=\"core\">R\u00e9duire la demande en eau dans les secteurs critiques, notamment le tourisme.<\/li>\n\n\n\n<li data-block-type=\"core\">Optimisation des syst\u00e8mes de distribution d&#039;eau.<\/li>\n\n\n\n<li data-block-type=\"core\">Le transfert de connaissances issues de projets europ\u00e9ens ant\u00e9rieurs, tels que les programmes Horizon 2020 et PRIMA.<\/li>\n<\/ul>\n\n\n\n<div class=\"wp-block-stackable-icon-label stk-block-icon-label stk-block stk-15a882e\" id=\"acciones-previstas\" data-block-id=\"15a882e\"><style>.stk-15a882e .stk-inner-blocks{gap:20px !important;}.stk-15a882e {align-items:center !important;display:flex !important;}<\/style><div class=\"stk-row stk-inner-blocks stk-block-content\">\n<div class=\"wp-block-stackable-icon stk-block-icon has-text-align-left stk-block stk-544fdeb\" data-block-id=\"544fdeb\"><style>.stk-544fdeb .stk--svg-wrapper .stk--inner-svg svg:last-child{height:32px !important;width:32px !important;}.stk-544fdeb .stk--svg-wrapper .stk--inner-svg svg:last-child, .stk-544fdeb .stk--svg-wrapper .stk--inner-svg svg:last-child :is(g, path, rect, polygon, ellipse){fill:#5c068c !important;}<\/style><span class=\"stk--svg-wrapper\"><div class=\"stk--inner-svg\"><svg style=\"height:0;width:0\"><defs><lineargradient id=\"linear-gradient-544fdeb\" x1=\"0\" x2=\"100%\" y1=\"0\" y2=\"0\"><stop offset=\"0%\" style=\"stop-opacity:1;stop-color:var(--linear-gradient-544-fdeb-color-1)\"><\/stop><stop offset=\"100%\" style=\"stop-opacity:1;stop-color:var(--linear-gradient-544-fdeb-color-2)\"><\/stop><\/lineargradient><\/defs><\/svg><svg xmlns=\"http:\/\/www.w3.org\/2000\/svg\" viewbox=\"0 0 512 512\" aria-hidden=\"true\" width=\"32\" height=\"32\"><path d=\"M256 512A256 256 0 1 0 256 0a256 256 0 1 0 0 512zM216 336h24V272H216c-13.3 0-24-10.7-24-24s10.7-24 24-24h48c13.3 0 24 10.7 24 24v88h8c13.3 0 24 10.7 24 24s-10.7 24-24 24H216c-13.3 0-24-10.7-24-24s10.7-24 24-24zm40-208a32 32 0 1 1 0 64 32 32 0 1 1 0-64z\"\/><\/svg><\/div><\/span><\/div>\n\n\n\n<div class=\"wp-block-stackable-heading stk-block-heading stk-block-heading--v2 stk-block stk-625ef24\" id=\"strong-acciones-previstas-strong\" data-block-id=\"625ef24\"><h4 class=\"stk-block-heading__text\"><strong>Actions pr\u00e9vues<\/strong><\/h4><\/div>\n<\/div><\/div>\n\n\n\n<div class=\"wp-block-stackable-text stk-block-text stk-block stk-1b771b1\" id=\"acciones-previstas\" data-block-id=\"1b771b1\"><p class=\"stk-block-text__text\">Pour atteindre ces objectifs, le projet comprend\u00a0:<\/p><\/div>\n\n\n\n<ul id=\"acciones-previstas\" class=\"wp-block-list\" data-block-type=\"core\">\n<li data-block-type=\"core\">Le d\u00e9veloppement d&#039;outils pratiques pour soutenir la gestion locale de l&#039;eau.<\/li>\n\n\n\n<li data-block-type=\"core\">La cr\u00e9ation de laboratoires vivants ax\u00e9s sur le tourisme durable et culturel pour tester des solutions en conditions r\u00e9elles.<\/li>\n\n\n\n<li data-block-type=\"core\">La mise en \u0153uvre de mesures pilotes dans les \u00eeles et les r\u00e9gions c\u00f4ti\u00e8res \u00e0 forte pression touristique.<\/li>\n\n\n\n<li data-block-type=\"core\">L\u2019\u00e9change de bonnes pratiques entre les partenaires et les communaut\u00e9s participantes.<\/li>\n<\/ul>\n\n\n\n<div class=\"wp-block-stackable-icon-label stk-block-icon-label stk-block stk-97ac464\" id=\"duracion\" data-block-id=\"97ac464\"><style>.stk-97ac464 .stk-inner-blocks{gap:20px !important;}.stk-97ac464 {align-items:center !important;display:flex !important;}<\/style><div class=\"stk-row stk-inner-blocks stk-block-content\">\n<div class=\"wp-block-stackable-icon stk-block-icon has-text-align-left stk-block stk-1861cc6\" data-block-id=\"1861cc6\"><style>.stk-1861cc6 .stk--svg-wrapper .stk--inner-svg svg:last-child{height:32px !important;width:32px !important;}.stk-1861cc6 .stk--svg-wrapper .stk--inner-svg svg:last-child, .stk-1861cc6 .stk--svg-wrapper .stk--inner-svg svg:last-child :is(g, path, rect, polygon, ellipse){fill:#5c068c !important;}<\/style><span class=\"stk--svg-wrapper\"><div class=\"stk--inner-svg\"><svg style=\"height:0;width:0\"><defs><lineargradient id=\"linear-gradient-1861cc6\" x1=\"0\" x2=\"100%\" y1=\"0\" y2=\"0\"><stop offset=\"0%\" style=\"stop-opacity:1;stop-color:var(--linear-gradient-1861-cc-6-color-1)\"><\/stop><stop offset=\"100%\" style=\"stop-opacity:1;stop-color:var(--linear-gradient-1861-cc-6-color-2)\"><\/stop><\/lineargradient><\/defs><\/svg><svg xmlns=\"http:\/\/www.w3.org\/2000\/svg\" viewbox=\"0 0 512 512\" aria-hidden=\"true\" width=\"32\" height=\"32\"><path d=\"M256 0a256 256 0 1 1 0 512A256 256 0 1 1 256 0zM232 120V256c0 8 4 15.5 10.7 20l96 64c11 7.4 25.9 4.4 33.3-6.7s4.4-25.9-6.7-33.3L280 243.2V120c0-13.3-10.7-24-24-24s-24 10.7-24 24z\"\/><\/svg><\/div><\/span><\/div>\n\n\n\n<div class=\"wp-block-stackable-heading stk-block-heading stk-block-heading--v2 stk-block stk-f4d5b2c\" id=\"strong-duracion-strong\" data-block-id=\"f4d5b2c\"><h4 class=\"stk-block-heading__text\"><strong>Dur\u00e9e<\/strong><\/h4><\/div>\n<\/div><\/div>\n\n\n\n<div class=\"wp-block-stackable-text stk-block-text stk-block stk-a535a39\" id=\"duracion\" data-block-id=\"a535a39\"><p class=\"stk-block-text__text\">Le projet a une dur\u00e9e de 28 mois, d&#039;avril 2025 \u00e0 juillet 2027.<\/p><\/div>\n\n\n\n<div class=\"wp-block-stackable-icon-label stk-block-icon-label stk-block stk-78ed611\" data-block-id=\"78ed611\"><style>.stk-78ed611 .stk-inner-blocks{gap:20px !important;}.stk-78ed611 {align-items:center !important;display:flex !important;}<\/style><div class=\"stk-row stk-inner-blocks stk-block-content\">\n<div class=\"wp-block-stackable-icon stk-block-icon has-text-align-left stk-block stk-fecb73c\" data-block-id=\"fecb73c\"><style>.stk-fecb73c .stk--svg-wrapper .stk--inner-svg svg:last-child{height:32px !important;width:32px !important;}.stk-fecb73c .stk--svg-wrapper .stk--inner-svg svg:last-child, .stk-fecb73c .stk--svg-wrapper .stk--inner-svg svg:last-child :is(g, path, rect, polygon, ellipse){fill:#5c068c !important;}<\/style><span class=\"stk--svg-wrapper\"><div class=\"stk--inner-svg\"><svg style=\"height:0;width:0\"><defs><lineargradient id=\"linear-gradient-fecb73c\" x1=\"0\" x2=\"100%\" y1=\"0\" y2=\"0\"><stop offset=\"0%\" style=\"stop-opacity:1;stop-color:var(--linear-gradient-fecb-73-c-color-1)\"><\/stop><stop offset=\"100%\" style=\"stop-opacity:1;stop-color:var(--linear-gradient-fecb-73-c-color-2)\"><\/stop><\/lineargradient><\/defs><\/svg><svg xmlns=\"http:\/\/www.w3.org\/2000\/svg\" viewbox=\"0 0 576 512\" aria-hidden=\"true\" width=\"32\" height=\"32\"><path d=\"M64 64C28.7 64 0 92.7 0 128V384c0 35.3 28.7 64 64 64H512c35.3 0 64-28.7 64-64V128c0-35.3-28.7-64-64-64H64zm64 320H64V320c35.3 0 64 28.7 64 64zM64 192V128h64c0 35.3-28.7 64-64 64zM448 384c0-35.3 28.7-64 64-64v64H448zm64-192c-35.3 0-64-28.7-64-64h64v64zM288 160a96 96 0 1 1 0 192 96 96 0 1 1 0-192z\"\/><\/svg><\/div><\/span><\/div>\n\n\n\n<div class=\"wp-block-stackable-heading stk-block-heading stk-block-heading--v2 stk-block stk-54d678d\" id=\"strong-financiacion-strong\" data-block-id=\"54d678d\"><h4 class=\"stk-block-heading__text\"><strong>Financement<\/strong><\/h4><\/div>\n<\/div><\/div>\n\n\n\n<div class=\"wp-block-stackable-text stk-block-text stk-block stk-a2ce998\" data-block-id=\"a2ce998\"><p class=\"stk-block-text__text\">Le projet AQUAMAN est cofinanc\u00e9 par le programme Interreg Euro-MED de l&#039;Union europ\u00e9enne.<\/p><\/div>\n<\/div><\/div><\/div>\n<\/div><\/div>\n\n\n\n<div class=\"wp-block-stackable-columns alignfull stk-block-columns stk-block stk-7119c03\" data-block-id=\"7119c03\"><div class=\"stk-row stk-inner-blocks stk-block-content stk-content-align stk-7119c03-column alignfull\">\n<div class=\"wp-block-stackable-column stk-block-column stk-column stk-block stk-c129e24\" data-v=\"4\" data-block-id=\"c129e24\"><div class=\"stk-column-wrapper stk-block-column__content stk-container stk-c129e24-container stk--no-background stk--no-padding\"><div class=\"stk-block-content stk-inner-blocks stk-c129e24-inner-blocks\">\n<div class=\"wp-block-stackable-image stk-block-image has-text-align-center stk-block stk-0f9a298\" data-block-id=\"0f9a298\"><style>.stk-0f9a298 .stk-img-wrapper{width:85% !important;}<\/style><figure><span class=\"stk-img-wrapper stk-image--shape-stretch\"><img loading=\"lazy\" decoding=\"async\" class=\"stk-img wp-image-16809\" src=\"https:\/\/www.ull.es\/wp-content\/uploads\/2026\/02\/Logos.jpg\" width=\"1160\" height=\"162\" srcset=\"https:\/\/www.ull.es\/wp-content\/uploads\/2026\/02\/Logos.jpg 1160w, https:\/\/www.ull.es\/wp-content\/uploads\/2026\/02\/Logos-300x42.jpg 300w, https:\/\/www.ull.es\/wp-content\/uploads\/2026\/02\/Logos-1024x143.jpg 1024w, https:\/\/www.ull.es\/wp-content\/uploads\/2026\/02\/Logos-768x107.jpg 768w, https:\/\/www.ull.es\/wp-content\/uploads\/2026\/02\/Logos-18x3.jpg 18w, https:\/\/www.ull.es\/wp-content\/uploads\/2026\/02\/Logos-200x28.jpg 200w, https:\/\/www.ull.es\/wp-content\/uploads\/2026\/02\/Logos-375x52.jpg 375w, https:\/\/www.ull.es\/wp-content\/uploads\/2026\/02\/Logos-750x105.jpg 750w, https:\/\/www.ull.es\/wp-content\/uploads\/2026\/02\/Logos-1140x159.jpg 1140w\" sizes=\"auto, (max-width: 1160px) 100vw, 1160px\" \/><\/span><\/figure><\/div>\n<\/div><\/div><\/div>\n<\/div><\/div>","protected":false},"excerpt":{"rendered":"<p>Projet AQUAMAN\u00a0: Une r\u00e9ponse intelligente \u00e0 la p\u00e9nurie d\u2019eau en M\u00e9diterran\u00e9e. AQUAMAN (\u00c9valuation des syst\u00e8mes aquatiques pour l\u2019att\u00e9nuation de la p\u00e9nurie d\u2019eau dans les \u00eeles m\u00e9diterran\u00e9ennes et les destinations touristiques c\u00f4ti\u00e8res fortement sollicit\u00e9es) est un projet transnational qui s\u2019attaque \u00e0 l\u2019un des principaux d\u00e9fis actuels de la r\u00e9gion m\u00e9diterran\u00e9enne\u00a0: la p\u00e9nurie d\u2019eau\u2026<\/p>","protected":false},"author":67,"featured_media":0,"parent":0,"menu_order":0,"comment_status":"closed","ping_status":"closed","template":"templates\/template-frontpage.php","meta":{"footnotes":""},"class_list":["post-16807","page","type-page","status-publish","hentry"],"_links":{"self":[{"href":"https:\/\/www.ull.es\/fr\/wp-json\/wp\/v2\/pages\/16807","targetHints":{"allow":["GET"]}}],"collection":[{"href":"https:\/\/www.ull.es\/fr\/wp-json\/wp\/v2\/pages"}],"about":[{"href":"https:\/\/www.ull.es\/fr\/wp-json\/wp\/v2\/types\/page"}],"author":[{"embeddable":true,"href":"https:\/\/www.ull.es\/fr\/wp-json\/wp\/v2\/users\/67"}],"replies":[{"embeddable":true,"href":"https:\/\/www.ull.es\/fr\/wp-json\/wp\/v2\/comments?post=16807"}],"version-history":[{"count":13,"href":"https:\/\/www.ull.es\/fr\/wp-json\/wp\/v2\/pages\/16807\/revisions"}],"predecessor-version":[{"id":16824,"href":"https:\/\/www.ull.es\/fr\/wp-json\/wp\/v2\/pages\/16807\/revisions\/16824"}],"wp:attachment":[{"href":"https:\/\/www.ull.es\/fr\/wp-json\/wp\/v2\/media?parent=16807"}],"curies":[{"name":"wp","href":"https:\/\/api.w.org\/{rel}","templated":true}]}}