{"id":1876,"date":"2017-11-09T15:59:44","date_gmt":"2017-11-09T15:59:44","guid":{"rendered":"https:\/\/www.ull.es\/?page_id=1876"},"modified":"2024-12-23T13:02:28","modified_gmt":"2024-12-23T13:02:28","slug":"liderar-futuro","status":"publish","type":"page","link":"https:\/\/www.ull.es\/fr\/liderar-futuro\/","title":{"rendered":"Pr\u00e9parez-vous \u00e0 diriger l&#039;avenir"},"content":{"rendered":"<div class=\"wp-block-stackable-columns alignfull stk-block-columns stk-block stk-d890ef9 stk-block-background stk--has-background-overlay\" data-block-id=\"d890ef9\"><style>.stk-d890ef9 {background-image:url(https:\/\/www.ull.es\/wp-content\/uploads\/2017\/11\/slider-futuro-fondo-v01.jpg) !important;padding-top:5% !important;padding-bottom:5% !important;margin-top:-20px !important;margin-bottom:50px !important;}<\/style><div class=\"stk-row stk-inner-blocks has-text-align-center stk-block-content stk-content-align stk-d890ef9-column alignfull\">\n<div class=\"wp-block-stackable-column stk-block-column stk-column stk-block stk-85883af\" data-v=\"4\" data-block-id=\"85883af\"><style>.stk-85883af {padding-top:3% !important;padding-bottom:3% !important;}<\/style><div class=\"stk-column-wrapper stk-block-column__content stk-container stk-85883af-container stk--no-background stk--no-padding\"><div class=\"stk-block-content stk-inner-blocks stk-85883af-inner-blocks\">\n<div class=\"wp-block-stackable-heading alignwide stk-block-heading stk-block-heading--v2 stk-block stk-f08b82a\" id=\"preparate\" data-block-id=\"f08b82a\"><style>.stk-f08b82a {padding-right:0px !important;padding-left:90px !important;margin-bottom:0px !important;}.stk-f08b82a .stk-block-heading__text{font-size:45px !important;color:#ffed00 !important;font-weight:700 !important;}@media screen and (max-width: 1023px){.stk-f08b82a .stk-block-heading__text{font-size:45px !important;}}<\/style><h2 class=\"stk-block-heading__text has-text-color has-text-align-left\">SE PR\u00c9PARER<\/h2><\/div>\n\n\n\n<div class=\"wp-block-stackable-heading alignwide stk-block-heading stk-block-heading--v2 stk-block stk-a4fa22c\" id=\"para-liderar-el-futuro\" data-block-id=\"a4fa22c\"><style>.stk-a4fa22c {padding-right:0px !important;padding-left:90px !important;margin-top:-15px !important;}.stk-a4fa22c .stk-block-heading__text{font-size:45px !important;color:#ffffff !important;font-weight:400 !important;}@media screen and (max-width: 1023px){.stk-a4fa22c .stk-block-heading__text{font-size:45px !important;}}<\/style><h2 class=\"stk-block-heading__text has-text-color has-text-align-left\">POUR DIRIGER L&#039;AVENIR<\/h2><\/div>\n<\/div><\/div><\/div>\n<\/div><\/div>\n\n\n\n<div class=\"wp-block-stackable-text stk-block-text stk-block stk-896f341\" data-block-id=\"896f341\"><style>.stk-896f341 {margin-bottom:16px !important;}.stk-896f341 .stk-block-text__text{font-size:16px !important;}@media screen and (max-width: 1023px){.stk-896f341 .stk-block-text__text{font-size:16px !important;}}<\/style><p class=\"stk-block-text__text\">Dans une soci\u00e9t\u00e9 qui \u00e9volue vers des r\u00e9alit\u00e9s plus complexes et changeantes, \u00e0 l\u2019Universit\u00e9 de La Laguna, nous avons accept\u00e9 l\u2019engagement de collaborer pour r\u00e9pondre aux grands d\u00e9fis auxquels nous sommes confront\u00e9s. Nous voulons vous accompagner dans le&nbsp;<strong>processus de pr\u00e9paration<\/strong>&nbsp;que les temps actuels exigent, afin que&nbsp;<strong>diriger l&#039;avenir<\/strong>&nbsp;de votre propre d\u00e9veloppement personnel et professionnel.<\/p><\/div>\n\n\n\n<div class=\"wp-block-stackable-text stk-block-text stk-block stk-4943858\" data-block-id=\"4943858\"><style>.stk-4943858 {margin-bottom:16px !important;}.stk-4943858 .stk-block-text__text{font-size:16px !important;}@media screen and (max-width: 1023px){.stk-4943858 .stk-block-text__text{font-size:16px !important;}}<\/style><p class=\"stk-block-text__text\">Les changements technologiques, \u00e9conomiques et sociaux modifient notre fa\u00e7on de travailler, d\u2019interagir les uns avec les autres, de vivre et m\u00eame de nous \u00e9duquer. Les nouvelles comp\u00e9tences dont les professionnels auront besoin, le r\u00f4le du talent, les valeurs ou encore l\u2019\u00e9mergence de nouvelles formules organisationnelles sont quelques-unes des&nbsp;<strong>d\u00e9fis auxquels nous devons faire face<\/strong>&nbsp;dans la soci\u00e9t\u00e9 vers laquelle nous nous dirigeons<\/p><\/div>\n\n\n\n<div class=\"wp-block-stackable-text stk-block-text stk-block stk-730cea2\" data-block-id=\"730cea2\"><style>.stk-730cea2 {margin-bottom:50px !important;}.stk-730cea2 .stk-block-text__text{font-size:16px !important;}@media screen and (max-width: 1023px){.stk-730cea2 .stk-block-text__text{font-size:16px !important;}}<\/style><p class=\"stk-block-text__text\">Nous sommes convaincus que nous pouvons continuer \u00e0 grandir ensemble, tout en contribuant \u00e0 l\u2019am\u00e9lioration de notre soci\u00e9t\u00e9.<\/p><\/div>\n\n\n\n<div class=\"wp-block-stackable-columns alignfull stk-block-columns stk-block stk-ce331ac\" data-block-id=\"ce331ac\"><div class=\"stk-row stk-inner-blocks stk-block-content stk-content-align stk-ce331ac-column alignfull\">\n<div class=\"wp-block-stackable-column stk-block-column stk-column stk-block stk-4ac5f95\" data-v=\"4\" data-block-id=\"4ac5f95\"><div class=\"stk-column-wrapper stk-block-column__content stk-container stk-4ac5f95-container stk--no-background stk--no-padding\"><div class=\"stk-block-content stk-inner-blocks stk-4ac5f95-inner-blocks\">\n<div class=\"wp-block-stackable-text stk-block-text stk-block stk-420a53d stk-block-background\" data-block-id=\"420a53d\"><style>.stk-420a53d {background-color:#41505e !important;padding-right:20% !important;padding-left:20% !important;}.stk-420a53d:before{background-color:#41505e !important;}.stk-420a53d .stk-block-text__text{font-size:19px !important;color:#ffffff !important;line-height:1.3em !important;}@media screen and (max-width: 1023px){.stk-420a53d .stk-block-text__text{font-size:19px !important;}}<\/style><p class=\"stk-block-text__text has-text-color has-text-align-center\">C&#039;est pourquoi nous voulons contribuer \u00e0&nbsp;<strong>pr\u00e9parez-vous<\/strong>&nbsp;afin que vous puissiez faire face \u00e0 la&nbsp;<strong>leadership de votre avenir<\/strong>&nbsp;D\u00e9veloppement personnel et professionnel, en plus de vous aider \u00e0 trouver et \u00e0 construire votre emploi et \u00e0 cr\u00e9er des r\u00e9seaux collaboratifs avec d&#039;autres personnes et institutions.<\/p><\/div>\n<\/div><\/div><\/div>\n<\/div><\/div>\n\n\n\n<div class=\"wp-block-stackable-columns alignwide stk-block-columns stk-block stk-772ff39\" data-block-id=\"772ff39\"><div class=\"stk-row stk-inner-blocks stk-block-content stk-content-align stk-772ff39-column alignwide\">\n<div class=\"wp-block-stackable-column stk-block-column stk-column stk-block stk-41eb94a\" data-v=\"4\" data-block-id=\"41eb94a\"><style>@media screen and (min-width: 768px){.stk-41eb94a {flex:var(--stk-flex-grow, 1) 1 25% !important;}}<\/style><div class=\"stk-column-wrapper stk-block-column__content stk-container stk-41eb94a-container stk--no-background stk--no-padding\"><div class=\"stk-block-content stk-inner-blocks stk-41eb94a-inner-blocks\">\n<div class=\"wp-block-stackable-card stk-block-card stk-block stk-c31f0f8 is-style-default\" data-v=\"2\" data-block-id=\"c31f0f8\"><style>.stk-c31f0f8 .stk-block-card__image img{object-fit:contain !important;}<\/style><div class=\"stk--no-padding stk-container stk-c31f0f8-container stk-hover-parent\"><figure class=\"stk-block-card__image stk-img-wrapper stk-image--shape-stretch\"><img loading=\"lazy\" decoding=\"async\" class=\"stk-img wp-image-1894\" src=\"https:\/\/www.ull.es\/wp-content\/uploads\/2017\/11\/img-futuro-01.jpg\" width=\"700\" height=\"350\" srcset=\"https:\/\/www.ull.es\/wp-content\/uploads\/2017\/11\/img-futuro-01.jpg 700w, https:\/\/www.ull.es\/wp-content\/uploads\/2017\/11\/img-futuro-01-300x150.jpg 300w, https:\/\/www.ull.es\/wp-content\/uploads\/2017\/11\/img-futuro-01-375x188.jpg 375w\" sizes=\"auto, (max-width: 700px) 100vw, 700px\" \/><\/figure><div class=\"stk-container-padding stk-block-card__content\"><div class=\"stk-block-content stk-inner-blocks stk-c31f0f8-inner-blocks\">\n<div class=\"wp-block-stackable-heading stk-block-heading stk-block-heading--v2 stk-block stk-57a0a08\" id=\"formate-para-abordar-los-retos-de-un-mundo-en-cambio\" data-block-id=\"57a0a08\"><style>.stk-57a0a08 {padding-top:0px !important;padding-right:0px !important;padding-bottom:0px !important;padding-left:0px !important;margin-top:-65px !important;}.stk-57a0a08 .stk-block-heading__text{font-size:17px !important;color:#5c068c !important;}@media screen and (max-width: 1023px){.stk-57a0a08 .stk-block-heading__text{font-size:17px !important;}}<\/style><h5 class=\"stk-block-heading__text has-text-color\">Se former pour relever les d\u00e9fis d&#039;un monde en mutation<\/h5><\/div>\n\n\n\n<div class=\"wp-block-stackable-text stk-block-text stk-block stk-9a65922\" data-block-id=\"9a65922\"><style>.stk-9a65922 .stk-block-text__text{font-size:16px !important;}@media screen and (max-width: 1023px){.stk-9a65922 .stk-block-text__text{font-size:16px !important;}}<\/style><p class=\"stk-block-text__text\">L&#039;Universit\u00e9 de La Laguna s&#039;engage \u00e0 r\u00e9pondre aux besoins d&#039;apprentissage des connaissances, des comp\u00e9tences et des aptitudes n\u00e9cessaires pour relever les d\u00e9fis pos\u00e9s par ce monde en constante \u00e9volution. \u00c0 cette fin, nous proposons un catalogue large et vari\u00e9 de programmes de premier cycle, r\u00e9pondant \u00e9galement aux besoins de sp\u00e9cialisation \u00e0 travers nos programmes de ma\u00eetrise et favorisant la formation compl\u00e9mentaire et continue pour faciliter le d\u00e9veloppement professionnel tout au long de la vie.<\/p><\/div>\n\n\n\n<ul class=\"wp-block-list\" data-block-type=\"core\">\n<li style=\"font-size:16px\" data-block-type=\"core\"><a href=\"https:\/\/www.ull.es\/estudios-docencia\/grados\" target=\"_blank\" rel=\"noreferrer noopener\">Dipl\u00f4mes<\/a><\/li>\n\n\n\n<li style=\"font-size:16px\" data-block-type=\"core\"><a href=\"https:\/\/www.ull.es\/estudios-docencia\/masteres\" target=\"_blank\" rel=\"noreferrer noopener\">Masters<\/a><\/li>\n\n\n\n<li style=\"font-size:16px\" data-block-type=\"core\"><a href=\"https:\/\/fg.ull.es\/grados-posgrados\/\" target=\"_blank\" rel=\"noreferrer noopener\">Titres propres<\/a><\/li>\n\n\n\n<li style=\"font-size:16px\" data-block-type=\"core\"><a href=\"https:\/\/www.ull.es\/estudios-docencia\/titulos-online-semipresenciales\/\" target=\"_blank\" rel=\"noreferrer noopener\">Apprentissage en ligne et mixte<\/a><\/li>\n\n\n\n<li style=\"font-size:16px\" data-block-type=\"core\"><a href=\"https:\/\/sede.fg.ull.es\/es\/curso\" target=\"_blank\" rel=\"noreferrer noopener\">Cours, s\u00e9minaires et ateliers<\/a><\/li>\n<\/ul>\n<\/div><\/div><\/div><\/div>\n<\/div><\/div><\/div>\n\n\n\n<div class=\"wp-block-stackable-column stk-block-column stk-column stk-block stk-c7f16a0\" data-v=\"4\" data-block-id=\"c7f16a0\"><style>@media screen and (min-width: 768px){.stk-c7f16a0 {flex:var(--stk-flex-grow, 1) 1 25% !important;}}<\/style><div class=\"stk-column-wrapper stk-block-column__content stk-container stk-c7f16a0-container stk--no-background stk--no-padding\"><div class=\"stk-block-content stk-inner-blocks stk-c7f16a0-inner-blocks\">\n<div class=\"wp-block-stackable-card stk-block-card stk-block stk-8c1a9d2 is-style-default\" data-v=\"2\" data-block-id=\"8c1a9d2\"><style>.stk-8c1a9d2 .stk-block-card__image img{object-fit:contain !important;}<\/style><div class=\"stk--no-padding stk-container stk-8c1a9d2-container stk-hover-parent\"><figure class=\"stk-block-card__image stk-img-wrapper stk-image--shape-stretch\"><img loading=\"lazy\" decoding=\"async\" class=\"stk-img wp-image-1895\" src=\"https:\/\/www.ull.es\/wp-content\/uploads\/2017\/11\/img-futuro-02.jpg\" width=\"700\" height=\"350\" srcset=\"https:\/\/www.ull.es\/wp-content\/uploads\/2017\/11\/img-futuro-02.jpg 700w, https:\/\/www.ull.es\/wp-content\/uploads\/2017\/11\/img-futuro-02-300x150.jpg 300w, https:\/\/www.ull.es\/wp-content\/uploads\/2017\/11\/img-futuro-02-375x188.jpg 375w\" sizes=\"auto, (max-width: 700px) 100vw, 700px\" \/><\/figure><div class=\"stk-container-padding stk-block-card__content\"><div class=\"stk-block-content stk-inner-blocks stk-8c1a9d2-inner-blocks\">\n<div class=\"wp-block-stackable-heading stk-block-heading stk-block-heading--v2 stk-block stk-2c4e40e\" id=\"desarrolla-experiencias-internacionales\" data-block-id=\"2c4e40e\"><style>.stk-2c4e40e {margin-top:-65px !important;}.stk-2c4e40e .stk-block-heading__text{font-size:17px !important;color:#5c068c !important;}@media screen and (max-width: 1023px){.stk-2c4e40e .stk-block-heading__text{font-size:17px !important;}}<\/style><h5 class=\"stk-block-heading__text has-text-color\">D\u00e9velopper des exp\u00e9riences internationales<\/h5><\/div>\n\n\n\n<div class=\"wp-block-stackable-text stk-block-text stk-block stk-c6ab6d1\" data-block-id=\"c6ab6d1\"><style>.stk-c6ab6d1 .stk-block-text__text{font-size:16px !important;}@media screen and (max-width: 1023px){.stk-c6ab6d1 .stk-block-text__text{font-size:16px !important;}}<\/style><p class=\"stk-block-text__text\">\u00c0 l&#039;Universit\u00e9 de La Laguna, nous pensons que les r\u00e9ponses \u00e0 la complexit\u00e9 sociale dans laquelle nous vivons, tant en termes d&#039;\u00e9ducation et de valeurs que de d\u00e9veloppement professionnel, doivent \u00eatre propos\u00e9es dans une perspective globale. C&#039;est pourquoi nous vous offrons la possibilit\u00e9 de participer \u00e0 de multiples programmes d&#039;\u00e9change et de d\u00e9velopper une partie de votre formation dans un environnement international.<\/p><\/div>\n\n\n\n<ul class=\"wp-block-list\" data-block-type=\"core\">\n<li style=\"font-size:16px\" data-block-type=\"core\"><a href=\"https:\/\/www.ull.es\/internacional\" target=\"_blank\" rel=\"noreferrer noopener\">ULL International<\/a><\/li>\n<\/ul>\n<\/div><\/div><\/div><\/div>\n<\/div><\/div><\/div>\n\n\n\n<div class=\"wp-block-stackable-column stk-block-column stk-column stk-block stk-d2699bf\" data-v=\"4\" data-block-id=\"d2699bf\"><style>@media screen and (min-width: 768px){.stk-d2699bf {flex:var(--stk-flex-grow, 1) 1 25% !important;}}<\/style><div class=\"stk-column-wrapper stk-block-column__content stk-container stk-d2699bf-container stk--no-background stk--no-padding\"><div class=\"stk-block-content stk-inner-blocks stk-d2699bf-inner-blocks\">\n<div class=\"wp-block-stackable-card stk-block-card stk-block stk-15f3aa6 is-style-default\" data-v=\"2\" data-block-id=\"15f3aa6\"><style>.stk-15f3aa6 .stk-block-card__image img{object-fit:contain !important;}<\/style><div class=\"stk--no-padding stk-container stk-15f3aa6-container stk-hover-parent\"><figure class=\"stk-block-card__image stk-img-wrapper stk-image--shape-stretch\"><img loading=\"lazy\" decoding=\"async\" class=\"stk-img wp-image-1896\" src=\"https:\/\/www.ull.es\/wp-content\/uploads\/2017\/11\/img-futuro-03.jpg\" width=\"700\" height=\"350\" srcset=\"https:\/\/www.ull.es\/wp-content\/uploads\/2017\/11\/img-futuro-03.jpg 700w, https:\/\/www.ull.es\/wp-content\/uploads\/2017\/11\/img-futuro-03-300x150.jpg 300w, https:\/\/www.ull.es\/wp-content\/uploads\/2017\/11\/img-futuro-03-375x188.jpg 375w\" sizes=\"auto, (max-width: 700px) 100vw, 700px\" \/><\/figure><div class=\"stk-container-padding stk-block-card__content\"><div class=\"stk-block-content stk-inner-blocks stk-15f3aa6-inner-blocks\">\n<div class=\"wp-block-stackable-heading stk-block-heading stk-block-heading--v2 stk-block stk-5460e64\" id=\"construye-tu-futuro-profesional\" data-block-id=\"5460e64\"><style>.stk-5460e64 {margin-top:-65px !important;}.stk-5460e64 .stk-block-heading__text{font-size:17px !important;color:#5c068c !important;}@media screen and (max-width: 1023px){.stk-5460e64 .stk-block-heading__text{font-size:17px !important;}}<\/style><h5 class=\"stk-block-heading__text has-text-color\">Construisez votre avenir professionnel<\/h5><\/div>\n\n\n\n<div class=\"wp-block-stackable-text stk-block-text stk-block stk-47c2020\" data-block-id=\"47c2020\"><style>.stk-47c2020 .stk-block-text__text{font-size:16px !important;}@media screen and (max-width: 1023px){.stk-47c2020 .stk-block-text__text{font-size:16px !important;}}<\/style><p class=\"stk-block-text__text\">Par l&#039;interm\u00e9diaire de l&#039;Agence pour l&#039;Emploi Universitaire de notre Fondation G\u00e9n\u00e9rale, nous vous proposons un accompagnement et un soutien personnalis\u00e9 dans la d\u00e9finition et le d\u00e9veloppement de votre projet professionnel et dans votre insertion sur le march\u00e9 du travail.<\/p><\/div>\n\n\n\n<ul class=\"wp-block-list\" data-block-type=\"core\">\n<li style=\"font-size:16px\" data-block-type=\"core\"><a href=\"https:\/\/fg.ull.es\/empleo\/\" target=\"_blank\" rel=\"noreferrer noopener\">Agence pour l&#039;emploi universitaire<\/a><\/li>\n<\/ul>\n<\/div><\/div><\/div><\/div>\n<\/div><\/div><\/div>\n\n\n\n<div class=\"wp-block-stackable-column stk-block-column stk-column stk-block stk-6aa3090\" data-v=\"4\" data-block-id=\"6aa3090\"><style>@media screen and (min-width: 768px){.stk-6aa3090 {flex:var(--stk-flex-grow, 1) 1 25% !important;}}<\/style><div class=\"stk-column-wrapper stk-block-column__content stk-container stk-6aa3090-container stk--no-background stk--no-padding\"><div class=\"stk-block-content stk-inner-blocks stk-6aa3090-inner-blocks\">\n<div class=\"wp-block-stackable-card stk-block-card stk-block stk-d014fa4 is-style-default\" data-v=\"2\" data-block-id=\"d014fa4\"><style>.stk-d014fa4 .stk-block-card__image img{object-fit:contain !important;}<\/style><div class=\"stk--no-padding stk-container stk-d014fa4-container stk-hover-parent\"><figure class=\"stk-block-card__image stk-img-wrapper stk-image--shape-stretch\"><img loading=\"lazy\" decoding=\"async\" class=\"stk-img wp-image-1907\" src=\"https:\/\/www.ull.es\/wp-content\/uploads\/2017\/11\/img-futuro-04-1.jpg\" width=\"700\" height=\"350\" srcset=\"https:\/\/www.ull.es\/wp-content\/uploads\/2017\/11\/img-futuro-04-1.jpg 700w, https:\/\/www.ull.es\/wp-content\/uploads\/2017\/11\/img-futuro-04-1-300x150.jpg 300w, https:\/\/www.ull.es\/wp-content\/uploads\/2017\/11\/img-futuro-04-1-375x188.jpg 375w\" sizes=\"auto, (max-width: 700px) 100vw, 700px\" \/><\/figure><div class=\"stk-container-padding stk-block-card__content\"><div class=\"stk-block-content stk-inner-blocks stk-d014fa4-inner-blocks\">\n<div class=\"wp-block-stackable-heading stk-block-heading stk-block-heading--v2 stk-block stk-196973f\" id=\"vive-la-universidad\" data-block-id=\"196973f\"><style>.stk-196973f {margin-top:-65px !important;}.stk-196973f .stk-block-heading__text{font-size:17px !important;color:#5c068c !important;}@media screen and (max-width: 1023px){.stk-196973f .stk-block-heading__text{font-size:17px !important;}}<\/style><h5 class=\"stk-block-heading__text has-text-color\">D\u00e9couvrez l&#039;universit\u00e9<\/h5><\/div>\n\n\n\n<div class=\"wp-block-stackable-text stk-block-text stk-block stk-57a0ffa\" data-block-id=\"57a0ffa\"><style>.stk-57a0ffa .stk-block-text__text{font-size:16px !important;}@media screen and (max-width: 1023px){.stk-57a0ffa .stk-block-text__text{font-size:16px !important;}}<\/style><p class=\"stk-block-text__text\">L&#039;Universit\u00e9 de La Laguna vous offre la possibilit\u00e9 de vous d\u00e9velopper pleinement en tant que personne. Nous proposons un large \u00e9ventail d&#039;activit\u00e9s culturelles de nature tr\u00e8s diversifi\u00e9e (th\u00e9\u00e2tre, danse, musique, d\u00e9bats, etc.). De m\u00eame, au sein de nos campus, vous pourrez trouver de nombreuses opportunit\u00e9s et groupes d\u2019activit\u00e9s artistiques, sportives et culturelles qui compl\u00e8tent votre formation acad\u00e9mique et vous aident \u00e0 vous d\u00e9velopper en tant que personne enti\u00e8re.<\/p><\/div>\n\n\n\n<ul class=\"wp-block-list\" data-block-type=\"core\">\n<li style=\"font-size:16px\" data-block-type=\"core\"><a href=\"https:\/\/www.ull.es\/vive-la-ull\/teatro-paraninfo\" target=\"_blank\" rel=\"noreferrer noopener\">Th\u00e9\u00e2tre Paraninfo<\/a><\/li>\n\n\n\n<li style=\"font-size:16px\" data-block-type=\"core\"><a href=\"https:\/\/www.ull.es\/vive-la-ull\/exposiciones\" target=\"_blank\" rel=\"noreferrer noopener\">Expositions<\/a><\/li>\n\n\n\n<li style=\"font-size:16px\" data-block-type=\"core\"><a href=\"https:\/\/www.ull.es\/vive-la-ull\/colectivos-culturales-universitarios\/\" target=\"_blank\" rel=\"noreferrer noopener\">Groupes culturels universitaires<\/a><\/li>\n\n\n\n<li style=\"font-size:16px\" data-block-type=\"core\"><a href=\"http:\/\/deportes.ull.es\/\" target=\"_blank\" rel=\"noreferrer noopener\">Sportif<\/a><\/li>\n<\/ul>\n<\/div><\/div><\/div><\/div>\n<\/div><\/div><\/div>\n<\/div><\/div>","protected":false},"excerpt":{"rendered":"<p>PR\u00c9PAREZ-VOUS \u00c0 DIRIGER L&#039;AVENIR. Dans une soci\u00e9t\u00e9 en pleine mutation, l&#039;Universit\u00e9 de La Laguna s&#039;engage \u00e0 collaborer pour relever les grands d\u00e9fis auxquels elle est confront\u00e9e. Nous souhaitons vous accompagner dans la pr\u00e9paration n\u00e9cessaire \u00e0 la situation actuelle, afin que vous puissiez prendre en main votre propre avenir\u2026<\/p>","protected":false},"author":16,"featured_media":0,"parent":0,"menu_order":0,"comment_status":"closed","ping_status":"closed","template":"templates\/template-frontpage.php","meta":{"footnotes":""},"class_list":["post-1876","page","type-page","status-publish","hentry"],"_links":{"self":[{"href":"https:\/\/www.ull.es\/fr\/wp-json\/wp\/v2\/pages\/1876","targetHints":{"allow":["GET"]}}],"collection":[{"href":"https:\/\/www.ull.es\/fr\/wp-json\/wp\/v2\/pages"}],"about":[{"href":"https:\/\/www.ull.es\/fr\/wp-json\/wp\/v2\/types\/page"}],"author":[{"embeddable":true,"href":"https:\/\/www.ull.es\/fr\/wp-json\/wp\/v2\/users\/16"}],"replies":[{"embeddable":true,"href":"https:\/\/www.ull.es\/fr\/wp-json\/wp\/v2\/comments?post=1876"}],"version-history":[{"count":40,"href":"https:\/\/www.ull.es\/fr\/wp-json\/wp\/v2\/pages\/1876\/revisions"}],"predecessor-version":[{"id":11400,"href":"https:\/\/www.ull.es\/fr\/wp-json\/wp\/v2\/pages\/1876\/revisions\/11400"}],"wp:attachment":[{"href":"https:\/\/www.ull.es\/fr\/wp-json\/wp\/v2\/media?parent=1876"}],"curies":[{"name":"wp","href":"https:\/\/api.w.org\/{rel}","templated":true}]}}