{"id":2024,"date":"2018-01-18T13:36:31","date_gmt":"2018-01-18T13:36:31","guid":{"rendered":"https:\/\/www.ull.es\/?page_id=2024"},"modified":"2025-02-11T15:47:44","modified_gmt":"2025-02-11T15:47:44","slug":"documentacion-convocatorias-cuerpos-docentes-universitarios","status":"publish","type":"page","link":"https:\/\/www.ull.es\/fr\/personal-docente-e-investigador\/documentacion-convocatorias-cuerpos-docentes-universitarios\/","title":{"rendered":"Documentation pour les appels \u00e0 candidatures pour les corps enseignants universitaires"},"content":{"rendered":"<div class=\"wp-block-stackable-heading stk-block-heading stk-block-heading--v2 stk-block stk-6759074\" id=\"documentacion-convocatorias-de-cuerpos-docentes-universitarios\" data-block-id=\"6759074\"><style>.stk-6759074 {margin-top:34px !important;}.stk-6759074 .stk-block-heading__text{font-weight:600 !important;}<\/style><h1 class=\"stk-block-heading__text\">Documentation pour les appels \u00e0 candidatures pour les corps enseignants universitaires<\/h1><\/div>\n\n\n\n<ul class=\"wp-block-list\" data-block-type=\"core\">\n<li data-block-type=\"core\"><a href=\"https:\/\/drive.google.com\/open?id=1KL89r4D47ch4dFChi206f_XwNx-xZXVd\" target=\"_blank\" rel=\"noreferrer noopener\">Crit\u00e8res d&#039;organisation de l&#039;offre de postes d&#039;enseignement pour les corps professoraux universitaires de l&#039;Universit\u00e9 de La Laguna<\/a><\/li>\n<\/ul>\n\n\n\n<div class=\"wp-block-stackable-heading stk-block-heading stk-block-heading--v2 stk-block stk-582ad05\" id=\"strong-documentos-de-solicitud-de-plaza-para-catedratico-de-universidad-strong\" data-block-id=\"582ad05\"><style>.stk-582ad05 .stk-block-heading__text{color:#000000 !important;}<\/style><h2 class=\"stk-block-heading__text has-text-color\"><strong>Documents de candidature pour un poste de professeur d&#039;universit\u00e9<\/strong><\/h2><\/div>\n\n\n\n<ul class=\"wp-block-list\" data-block-type=\"core\">\n<li data-block-type=\"core\"><a href=\"https:\/\/drive.google.com\/file\/d\/1OAUQDGAVvmsSYeG5XZg3GhEnKjOgK5DZ\/view?usp=sharing\" target=\"_blank\" rel=\"noreferrer noopener\">Curriculum vitae d&#039;un candidat \u00e0 un poste de professeur d&#039;universit\u00e9<\/a><\/li>\n\n\n\n<li data-block-type=\"core\"><a href=\"https:\/\/drive.google.com\/file\/d\/1yJ9STJ9dYV0JMEcWQf3K0afPSL9bolY2\/view?usp=sharing\" target=\"_blank\" rel=\"noreferrer noopener\">Dossier de candidature \u2013 demande de poste de professeur d&#039;universit\u00e9&nbsp;<\/a>(appel annuel \u00e0 candidatures pour des postes de professeurs d&#039;universit\u00e9 par fili\u00e8res de connaissances)<\/li>\n\n\n\n<li data-block-type=\"core\"><a href=\"https:\/\/drive.google.com\/file\/d\/1SlmOZU-Y-HBNalogst5zYa29cFfLK4im\/view?usp=sharing\" target=\"_blank\" rel=\"noreferrer noopener\">Candidature \u00e0 un poste et proposition de membres du comit\u00e9 d&#039;\u00e9valuation<\/a><\/li>\n\n\n\n<li data-block-type=\"core\"><a href=\"https:\/\/drive.google.com\/file\/d\/1f3JwfVSbwkTWwaVhEWRbLrq1_drZj-Cs\/view?usp=sharing\" target=\"_blank\" rel=\"noreferrer noopener\">Dossier de candidature \u2013 demande de poste de professeur d&#039;universit\u00e9&nbsp;<\/a>(appel annuel \u00e0 candidatures pour des postes de professeurs d&#039;universit\u00e9 dans les zones d\u00e9ficitaires)<\/li>\n\n\n\n<li data-block-type=\"core\"><a href=\"https:\/\/drive.google.com\/file\/d\/1PGg7P3FczgxN_n4UCcHBe2BfRdnKfi1w\/view?usp=sharing\" target=\"_blank\" rel=\"noreferrer noopener\">Curriculum Vitae des membres du jury du concours d&#039;acc\u00e8s au corps professoral universitaire<\/a><\/li>\n<\/ul>\n\n\n\n<div class=\"wp-block-stackable-heading stk-block-heading stk-block-heading--v2 stk-block stk-6db9174\" id=\"strong-documentos-de-solicitud-de-plaza-para-profesor-titular-de-universidad-strong\" data-block-id=\"6db9174\"><style>.stk-6db9174 .stk-block-heading__text{color:#000000 !important;}<\/style><h2 class=\"stk-block-heading__text has-text-color\"><strong>Documents de candidature pour un poste de professeur titulaire \u00e0 l&#039;Universit\u00e9<\/strong><\/h2><\/div>\n\n\n\n<p data-block-type=\"core\"><a href=\"https:\/\/drive.google.com\/file\/d\/1hOQW8waWMSIkQNQPP_R41IGLbaXGf57U\/view?usp=sharing\" target=\"_blank\" rel=\"noreferrer noopener\">Conformit\u00e9 de la r\u00e9affectation<\/a><\/p>\n\n\n\n<p data-block-type=\"core\"><a href=\"https:\/\/drive.google.com\/file\/d\/157sTNGT8qT_nokq2AXoHC4VuDEut_kgU\/view?usp=sharing\" target=\"_blank\" rel=\"noreferrer noopener\">Candidature \u00e0 un poste et proposition de membres du comit\u00e9 d&#039;\u00e9valuation<\/a><\/p>\n\n\n\n<p data-block-type=\"core\"><a href=\"https:\/\/drive.google.com\/file\/d\/1kQ48-fcqIIIq2vBkJkB8kO-6ZKJvBxu0\/view?usp=sharing\" target=\"_blank\" rel=\"noreferrer noopener\">Curriculum Vitae des membres du jury du concours d&#039;acc\u00e8s au corps professoral universitaire<\/a><\/p>","protected":false},"excerpt":{"rendered":"<p>Documents pour les candidatures d&#039;enseignants universitaires. Dossiers de candidature pour un poste de professeur des universit\u00e9s. Dossiers de candidature pour un poste de professeur titulaire. Autorisation de r\u00e9affectation. Candidature et proposition de membres du comit\u00e9 d&#039;\u00e9valuation. Curriculum vitae des membres du comit\u00e9 pour le concours d&#039;acc\u00e8s au corps professoral.<\/p>","protected":false},"author":1,"featured_media":0,"parent":1070,"menu_order":0,"comment_status":"closed","ping_status":"closed","template":"templates\/template-width-100.php","meta":{"footnotes":""},"class_list":["post-2024","page","type-page","status-publish","hentry"],"_links":{"self":[{"href":"https:\/\/www.ull.es\/fr\/wp-json\/wp\/v2\/pages\/2024","targetHints":{"allow":["GET"]}}],"collection":[{"href":"https:\/\/www.ull.es\/fr\/wp-json\/wp\/v2\/pages"}],"about":[{"href":"https:\/\/www.ull.es\/fr\/wp-json\/wp\/v2\/types\/page"}],"author":[{"embeddable":true,"href":"https:\/\/www.ull.es\/fr\/wp-json\/wp\/v2\/users\/1"}],"replies":[{"embeddable":true,"href":"https:\/\/www.ull.es\/fr\/wp-json\/wp\/v2\/comments?post=2024"}],"version-history":[{"count":12,"href":"https:\/\/www.ull.es\/fr\/wp-json\/wp\/v2\/pages\/2024\/revisions"}],"predecessor-version":[{"id":11985,"href":"https:\/\/www.ull.es\/fr\/wp-json\/wp\/v2\/pages\/2024\/revisions\/11985"}],"up":[{"embeddable":true,"href":"https:\/\/www.ull.es\/fr\/wp-json\/wp\/v2\/pages\/1070"}],"wp:attachment":[{"href":"https:\/\/www.ull.es\/fr\/wp-json\/wp\/v2\/media?parent=2024"}],"curies":[{"name":"wp","href":"https:\/\/api.w.org\/{rel}","templated":true}]}}