{"id":2027,"date":"2018-01-18T13:37:38","date_gmt":"2018-01-18T13:37:38","guid":{"rendered":"https:\/\/www.ull.es\/?page_id=2027"},"modified":"2025-02-11T15:45:03","modified_gmt":"2025-02-11T15:45:03","slug":"integracion-los-cuerpos-docentes-universitarios","status":"publish","type":"page","link":"https:\/\/www.ull.es\/fr\/personal-docente-e-investigador\/integracion-los-cuerpos-docentes-universitarios\/","title":{"rendered":"Int\u00e9gration dans les corps d&#039;enseignement universitaire"},"content":{"rendered":"<div class=\"wp-block-stackable-heading stk-block-heading stk-block-heading--v2 stk-block stk-89d85ba\" id=\"integracion-en-los-cuerpos-docentes-universitarios\" data-block-id=\"89d85ba\"><style>.stk-89d85ba {margin-top:30px !important;}.stk-89d85ba .stk-block-heading__text{font-weight:600 !important;}<\/style><h1 class=\"stk-block-heading__text\">Int\u00e9gration dans les corps d&#039;enseignement universitaire<\/h1><\/div>\n\n\n\n<div class=\"wp-block-stackable-text stk-block-text stk-block stk-d1f6093\" data-block-id=\"d1f6093\"><p class=\"stk-block-text__text\">Loi organique 4\/2007, du 12 avril, modifiant la loi organique 6\/2001, du 21 d\u00e9cembre, sur les universit\u00e9s.<\/p><\/div>\n\n\n\n<p data-block-type=\"core\"><strong>Premi\u00e8re disposition additionnelle.<\/strong>&nbsp;Du Corps des Professeurs des \u00c9coles Universitaires et de l&#039;int\u00e9gration de ses membres dans le Corps des Professeurs Titulaires des Universit\u00e9s.<\/p>\n\n\n\n<p data-block-type=\"core\">\u00c0 partir de l&#039;entr\u00e9e en vigueur de la pr\u00e9sente loi, sur demande adress\u00e9e au Recteur de l&#039;universit\u00e9, les fonctionnaires titulaires d&#039;un doctorat du Corps des Professeurs des \u00c9coles Universitaires pourront int\u00e9grer le Corps des Professeurs Titulaires de l&#039;Universit\u00e9 dans les m\u00eames postes qu&#039;ils occupent, en conservant tous leurs droits, et la date d&#039;entr\u00e9e dans le Corps des Professeurs Titulaires de l&#039;Universit\u00e9 sera consid\u00e9r\u00e9e comme la m\u00eame que celle d\u00e9tenue dans le corps d&#039;origine. Ceux qui ne demandent pas une telle int\u00e9gration resteront dans leur statut actuel et conserveront leur pleine capacit\u00e9 d\u2019enseignement et de recherche. Ils peuvent \u00e9galement demander l&#039;accr\u00e9ditation en tant que professeur d&#039;universit\u00e9, comme le pr\u00e9voit l&#039;article 60.1 de la pr\u00e9sente loi organique sur les universit\u00e9s.<\/p>\n\n\n\n<ul class=\"wp-block-list\" data-block-type=\"core\">\n<li data-block-type=\"core\"><a href=\"https:\/\/drive.google.com\/open?id=1sOD99w55vyQuRKQHfoIzWqzTR0mFN_XG\" target=\"_blank\" rel=\"noreferrer noopener\">Demande d&#039;int\u00e9gration<\/a>&nbsp;(Professeurs d&#039;\u00c9coles Universitaires).<\/li>\n<\/ul>\n\n\n\n<p data-block-type=\"core\">Loi organique 4\/2007, du 12 avril, modifiant la loi organique 6\/2001, du 21 d\u00e9cembre, sur les universit\u00e9s.<\/p>\n\n\n\n<p data-block-type=\"core\"><strong>Deuxi\u00e8me disposition additionnelle.<\/strong>&nbsp;Du Corps des Professeurs Titulaires des \u00c9coles Universitaires et de l&#039;int\u00e9gration de ses membres dans le Corps des Professeurs Titulaires des Universit\u00e9s.<\/p>\n\n\n\n<p data-block-type=\"core\"><a href=\"https:\/\/drive.google.com\/open?id=1mr6w0V99GJ3cFpGcmxnOTl3C4wgObjmv\" target=\"_blank\" rel=\"noreferrer noopener\">Demande d&#039;int\u00e9gration<\/a>&nbsp;(Professeurs titulaires de l&#039;\u00c9cole universitaire).<\/p>\n\n\n\n<p data-block-type=\"core\">Aux fins de l&#039;acc\u00e8s de ces professeurs au Corps des Professeurs Titulaires de l&#039;Universit\u00e9, les professeurs titulaires des \u00e9coles universitaires qui, \u00e0 l&#039;entr\u00e9e en vigueur de la pr\u00e9sente Loi, sont titulaires d&#039;un doctorat ou l&#039;obtiennent ult\u00e9rieurement, et sont sp\u00e9cifiquement accr\u00e9dit\u00e9s dans le cadre des dispositions de l&#039;article 57, acc\u00e9deront directement au Corps des Professeurs Titulaires de l&#039;Universit\u00e9, dans leurs propres fonctions. Pour l&#039;accr\u00e9ditation des professeurs titulaires des \u00e9coles universitaires, la recherche, la gestion et, en particulier, l&#039;enseignement seront valoris\u00e9s.<\/p>\n\n\n\n<p data-block-type=\"core\">Les universit\u00e9s mettront en place des programmes pour aider les professeurs titulaires \u00e0 combiner leurs t\u00e2ches d\u2019enseignement avec l\u2019obtention d\u2019un doctorat.<\/p>\n\n\n\n<p data-block-type=\"core\">Ceux qui n&#039;atteignent pas le statut de professeur titulaire resteront dans leur statut actuel, en conservant tous leurs droits et en conservant leur pleine capacit\u00e9 d&#039;enseignement et, le cas \u00e9ch\u00e9ant, de recherche.<\/p>\n\n\n\n<p data-block-type=\"core\">Tant qu&#039;il y a des professeurs titulaires dans les \u00e9coles universitaires ou qualifi\u00e9s pour cette cat\u00e9gorie mais qui ne sont pas accr\u00e9dit\u00e9s pour une cat\u00e9gorie sup\u00e9rieure, les universit\u00e9s peuvent organiser des concours entre eux pour pourvoir des postes de professeurs dans les \u00e9coles universitaires.<\/p>","protected":false},"excerpt":{"rendered":"<p>Int\u00e9gration au corps professoral universitaire. Loi organique 4\/2007 du 12 avril modifiant la loi organique 6\/2001 du 21 d\u00e9cembre relative aux universit\u00e9s. Premi\u00e8re disposition additionnelle. Concernant les professeurs d&#039;\u00e9coles universitaires et l&#039;int\u00e9gration de leurs membres au corps professoral universitaire. \u00c0 compter du\u2026<\/p>","protected":false},"author":1,"featured_media":0,"parent":1070,"menu_order":0,"comment_status":"closed","ping_status":"closed","template":"templates\/template-frontpage.php","meta":{"footnotes":""},"class_list":["post-2027","page","type-page","status-publish","hentry"],"_links":{"self":[{"href":"https:\/\/www.ull.es\/fr\/wp-json\/wp\/v2\/pages\/2027","targetHints":{"allow":["GET"]}}],"collection":[{"href":"https:\/\/www.ull.es\/fr\/wp-json\/wp\/v2\/pages"}],"about":[{"href":"https:\/\/www.ull.es\/fr\/wp-json\/wp\/v2\/types\/page"}],"author":[{"embeddable":true,"href":"https:\/\/www.ull.es\/fr\/wp-json\/wp\/v2\/users\/1"}],"replies":[{"embeddable":true,"href":"https:\/\/www.ull.es\/fr\/wp-json\/wp\/v2\/comments?post=2027"}],"version-history":[{"count":10,"href":"https:\/\/www.ull.es\/fr\/wp-json\/wp\/v2\/pages\/2027\/revisions"}],"predecessor-version":[{"id":11984,"href":"https:\/\/www.ull.es\/fr\/wp-json\/wp\/v2\/pages\/2027\/revisions\/11984"}],"up":[{"embeddable":true,"href":"https:\/\/www.ull.es\/fr\/wp-json\/wp\/v2\/pages\/1070"}],"wp:attachment":[{"href":"https:\/\/www.ull.es\/fr\/wp-json\/wp\/v2\/media?parent=2027"}],"curies":[{"name":"wp","href":"https:\/\/api.w.org\/{rel}","templated":true}]}}