{"id":2260,"date":"2018-03-10T00:43:08","date_gmt":"2018-03-10T00:43:08","guid":{"rendered":"https:\/\/www.ull.es\/?page_id=2260"},"modified":"2025-09-04T07:45:28","modified_gmt":"2025-09-04T07:45:28","slug":"estudianteforo","status":"publish","type":"page","link":"https:\/\/www.ull.es\/fr\/estudiantes-antigua\/estudianteforo\/","title":{"rendered":"Forum \u00e9tudiant"},"content":{"rendered":"<div class=\"wp-block-stackable-heading stk-block-heading stk-block-heading--v2 stk-block stk-025cea9\" id=\"jornadas-de-informacion-universitaria\" data-block-id=\"025cea9\"><style>.stk-025cea9 {margin-top:44px !important;}.stk-025cea9 .stk-block-heading__text{font-weight:400 !important;}<\/style><h1 class=\"stk-block-heading__text\">Journ\u00e9es d&#039;information universitaires<\/h1><\/div>\n\n\n\n<div class=\"wp-block-stackable-columns stk-block-columns stk-block stk-6927a83\" data-block-id=\"6927a83\"><div class=\"stk-row stk-inner-blocks stk-block-content stk-content-align stk-6927a83-column\">\n<div class=\"wp-block-stackable-column stk-block-column stk-column stk-block stk-71161f8\" data-v=\"4\" data-block-id=\"71161f8\"><style>@media screen and (min-width: 768px){.stk-71161f8 {flex:var(--stk-flex-grow, 1) 1 calc(66.667% - var(--stk-column-gap, 0px) * 1 \/ 2 ) !important;}}<\/style><div class=\"stk-column-wrapper stk-block-column__content stk-container stk-71161f8-container stk--no-background stk--no-padding\"><div class=\"stk-block-content stk-inner-blocks stk-71161f8-inner-blocks\">\n<div class=\"wp-block-stackable-image stk-block-image stk-block stk-57c9add\" data-block-id=\"57c9add\"><style>.stk-57c9add .stk-img-wrapper img{object-position:50% 50% !important;}<\/style><figure><span class=\"stk-img-wrapper stk-image--shape-stretch\"><img loading=\"lazy\" decoding=\"async\" class=\"stk-img wp-image-1980\" src=\"https:\/\/www.ull.es\/wp-content\/uploads\/2018\/01\/slideshow-inicio-2018001-2.jpg\" width=\"1400\" height=\"380\" srcset=\"https:\/\/www.ull.es\/wp-content\/uploads\/2018\/01\/slideshow-inicio-2018001-2.jpg 1400w, https:\/\/www.ull.es\/wp-content\/uploads\/2018\/01\/slideshow-inicio-2018001-2-300x81.jpg 300w, https:\/\/www.ull.es\/wp-content\/uploads\/2018\/01\/slideshow-inicio-2018001-2-768x208.jpg 768w, https:\/\/www.ull.es\/wp-content\/uploads\/2018\/01\/slideshow-inicio-2018001-2-1024x278.jpg 1024w, https:\/\/www.ull.es\/wp-content\/uploads\/2018\/01\/slideshow-inicio-2018001-2-375x102.jpg 375w, https:\/\/www.ull.es\/wp-content\/uploads\/2018\/01\/slideshow-inicio-2018001-2-750x204.jpg 750w, https:\/\/www.ull.es\/wp-content\/uploads\/2018\/01\/slideshow-inicio-2018001-2-1140x309.jpg 1140w\" sizes=\"auto, (max-width: 1400px) 100vw, 1400px\" \/><\/span><\/figure><\/div>\n\n\n\n<details class=\"wp-block-stackable-accordion stk-block-accordion stk-inner-blocks stk-block-content stk--single-open stk-block stk-92e50e5 is-style-plain\" id=\"objetivos\" data-block-id=\"92e50e5\"><style>.stk-92e50e5 {border-color:#dfdad1 !important;border-top-width:0px !important;border-right-width:0px !important;border-bottom-width:1px !important;border-left-width:0px !important;padding-bottom:24px !important;margin-bottom:0px !important;}<\/style>\n<summary class=\"wp-block-stackable-column stk-block-column stk-column stk-block stk-4519af6 stk-block-background stk--container-small stk-block-accordion__heading\" data-v=\"4\" data-block-id=\"4519af6\"><style>.stk-4519af6 {padding-top:0px !important;padding-right:0px !important;padding-bottom:0px !important;padding-left:0px !important;}<\/style><div class=\"stk-column-wrapper stk-block-column__content stk-container stk-4519af6-container stk--no-background stk--no-padding\"><div class=\"stk-block-content stk-inner-blocks stk-4519af6-inner-blocks\">\n<div class=\"wp-block-stackable-icon-label stk-block-icon-label stk-block stk-f8548ce\" data-block-id=\"f8548ce\"><div class=\"stk-row stk-inner-blocks stk-block-content\">\n<div class=\"wp-block-stackable-heading stk-block-heading stk-block-heading--v2 stk-block stk-bc05d61\" id=\"strong-objetivos-strong\" data-block-id=\"bc05d61\"><h4 class=\"stk-block-heading__text\"><strong>Objectifs<\/strong><\/h4><\/div>\n\n\n\n<div class=\"wp-block-stackable-icon stk-block-icon stk-block stk-a05db7d\" data-block-id=\"a05db7d\"><span class=\"stk--svg-wrapper\"><div class=\"stk--inner-svg\"><svg style=\"height:0;width:0\"><defs><lineargradient id=\"linear-gradient-a05db7d\" x1=\"0\" x2=\"100%\" y1=\"0\" y2=\"0\"><stop offset=\"0%\" style=\"stop-opacity:1;stop-color:var(--linear-gradient-a-05-db-7-d-color-1)\"><\/stop><stop offset=\"100%\" style=\"stop-opacity:1;stop-color:var(--linear-gradient-a-05-db-7-d-color-2)\"><\/stop><\/lineargradient><\/defs><\/svg><svg data-prefix=\"fas\" data-icon=\"chevron-down\" class=\"svg-inline--fa fa-chevron-down fa-w-14\" xmlns=\"http:\/\/www.w3.org\/2000\/svg\" viewbox=\"0 0 448 512\" aria-hidden=\"true\" width=\"32\" height=\"32\"><path fill=\"currentColor\" d=\"M207.029 381.476L12.686 187.132c-9.373-9.373-9.373-24.569 0-33.941l22.667-22.667c9.357-9.357 24.522-9.375 33.901-.04L224 284.505l154.745-154.021c9.379-9.335 24.544-9.317 33.901.04l22.667 22.667c9.373 9.373 9.373 24.569 0 33.941L240.971 381.476c-9.373 9.372-24.569 9.372-33.942 0z\"><\/path><\/svg><\/div><\/span><\/div>\n<\/div><\/div>\n<\/div><\/div><\/summary>\n\n\n\n<div class=\"wp-block-stackable-column stk-block-column stk-column stk-block stk-af6e3eb stk-block-accordion__content\" data-v=\"4\" data-block-id=\"af6e3eb\"><style>.stk-af6e3eb-container{padding-top:0px !important;padding-right:0px !important;padding-bottom:0px !important;padding-left:0px !important;}<\/style><div class=\"stk-column-wrapper stk-block-column__content stk-container stk-af6e3eb-container stk--no-background stk--no-padding\"><div class=\"stk-block-content stk-inner-blocks stk-af6e3eb-inner-blocks\">\n<div class=\"wp-block-stackable-text stk-block-text stk-block stk-0c47b44\" data-block-id=\"0c47b44\"><p class=\"stk-block-text__text\">L&#039;Universit\u00e9 de La Laguna, par l&#039;interm\u00e9diaire du Vice-Rectorat des \u00c9tudiants, organise chaque ann\u00e9e des Journ\u00e9es d&#039;Information Universitaire sur les \u00eeles.<br>Ces journ\u00e9es d&#039;information s&#039;articulent autour de conf\u00e9rences informatives destin\u00e9es aux parents d&#039;\u00e9l\u00e8ves et aux \u00e9tudiants pr\u00e9-universitaires int\u00e9ress\u00e9s \u00e0 conna\u00eetre et\/ou \u00e0 acc\u00e9der \u00e0 l&#039;universit\u00e9.<\/p><\/div>\n\n\n\n<div class=\"wp-block-stackable-text stk-block-text stk-block stk-9f37b14\" data-block-id=\"9f37b14\"><p class=\"stk-block-text__text\">Les th\u00e8mes centraux des conf\u00e9rences sont :<\/p><\/div>\n\n\n\n<ul class=\"wp-block-list\" data-block-type=\"core\">\n<li data-block-type=\"core\">Faire conna\u00eetre les formations de premier cycle offertes \u00e0 l&#039;ULL.<\/li>\n\n\n\n<li data-block-type=\"core\">Acc\u00e8s aux \u00e9tudes universitaires.<\/li>\n\n\n\n<li data-block-type=\"core\">Fournir des informations sur les services de soutien et d\u2019assistance aux \u00e9tudiants.<\/li>\n\n\n\n<li data-block-type=\"core\"><a href=\"https:\/\/www.ull.es\/la-universidad\/servicios-universitarios\/servicio-de-informacion-y-orientacion-sio\/\" target=\"_blank\" rel=\"noreferrer noopener\">+ d&#039;informations<\/a><\/li>\n<\/ul>\n<\/div><\/div><\/div>\n<\/details>\n\n\n\n<details class=\"wp-block-stackable-accordion stk-block-accordion stk-inner-blocks stk-block-content stk--single-open stk-block stk-95b5925 stk-block-background is-style-plain\" id=\"programa\" data-block-id=\"95b5925\"><style>.stk-95b5925 {border-color:#dfdad1 !important;border-top-width:0px !important;border-right-width:0px !important;border-bottom-width:1px !important;border-left-width:0px !important;padding-top:0px !important;padding-right:0px !important;padding-bottom:0px !important;padding-left:0px !important;margin-top:-15px !important;margin-bottom:8px !important;}<\/style>\n<summary class=\"wp-block-stackable-column stk-block-column stk-column stk-block stk-487b328 stk--container-small stk-block-accordion__heading\" data-v=\"4\" data-block-id=\"487b328\"><div class=\"stk-column-wrapper stk-block-column__content stk-container stk-487b328-container stk--no-background stk--no-padding\"><div class=\"stk-block-content stk-inner-blocks stk-487b328-inner-blocks\">\n<div class=\"wp-block-stackable-icon-label stk-block-icon-label stk-block stk-465236b\" data-block-id=\"465236b\"><div class=\"stk-row stk-inner-blocks stk-block-content\">\n<div class=\"wp-block-stackable-heading stk-block-heading stk-block-heading--v2 stk-block stk-aedbbcb\" id=\"strong-programa-strong\" data-block-id=\"aedbbcb\"><h4 class=\"stk-block-heading__text\"><strong>Programme<\/strong><\/h4><\/div>\n\n\n\n<div class=\"wp-block-stackable-icon stk-block-icon stk-block stk-bab8253\" data-block-id=\"bab8253\"><span class=\"stk--svg-wrapper\"><div class=\"stk--inner-svg\"><svg style=\"height:0;width:0\"><defs><lineargradient id=\"linear-gradient-bab8253\" x1=\"0\" x2=\"100%\" y1=\"0\" y2=\"0\"><stop offset=\"0%\" style=\"stop-opacity:1;stop-color:var(--linear-gradient-bab-8253-color-1)\"><\/stop><stop offset=\"100%\" style=\"stop-opacity:1;stop-color:var(--linear-gradient-bab-8253-color-2)\"><\/stop><\/lineargradient><\/defs><\/svg><svg data-prefix=\"fas\" data-icon=\"chevron-down\" class=\"svg-inline--fa fa-chevron-down fa-w-14\" xmlns=\"http:\/\/www.w3.org\/2000\/svg\" viewbox=\"0 0 448 512\" aria-hidden=\"true\" width=\"32\" height=\"32\"><path fill=\"currentColor\" d=\"M207.029 381.476L12.686 187.132c-9.373-9.373-9.373-24.569 0-33.941l22.667-22.667c9.357-9.357 24.522-9.375 33.901-.04L224 284.505l154.745-154.021c9.379-9.335 24.544-9.317 33.901.04l22.667 22.667c9.373 9.373 9.373 24.569 0 33.941L240.971 381.476c-9.373 9.372-24.569 9.372-33.942 0z\"><\/path><\/svg><\/div><\/span><\/div>\n<\/div><\/div>\n<\/div><\/div><\/summary>\n\n\n\n<div class=\"wp-block-stackable-column stk-block-column stk-column stk-block stk-2185e49 stk-block-background stk-block-accordion__content\" data-v=\"4\" data-block-id=\"2185e49\"><style>.stk-2185e49 {background-color:#ffffff !important;padding-top:0px !important;padding-right:0px !important;padding-bottom:0px !important;padding-left:0px !important;}.stk-2185e49:before{background-color:#ffffff !important;}.stk-2185e49-container{padding-top:0px !important;padding-right:0px !important;padding-bottom:0px !important;padding-left:0px !important;}<\/style><div class=\"stk-column-wrapper stk-block-column__content stk-container stk-2185e49-container stk--no-background stk--no-padding\"><div class=\"stk-block-content stk-inner-blocks stk-2185e49-inner-blocks\">\n<div class=\"wp-block-stackable-text stk-block-text stk-block stk-10e3804\" data-block-id=\"10e3804\"><p class=\"stk-block-text__text\">Les programmes contiennent deux types d\u2019activit\u00e9s :<\/p><\/div>\n\n\n\n<ul class=\"wp-block-list\" data-block-type=\"core\">\n<li data-block-type=\"core\">Conf\u00e9rences pour les \u00e9l\u00e8ves du secondaire et de la formation professionnelle avanc\u00e9e<\/li>\n\n\n\n<li data-block-type=\"core\">Conf\u00e9rences pour les m\u00e8res et les p\u00e8res<\/li>\n<\/ul>\n\n\n\n<div class=\"wp-block-stackable-text stk-block-text stk-block stk-f767c5c\" data-block-id=\"f767c5c\"><p class=\"stk-block-text__text\">Ces conf\u00e9rences pr\u00e9senteront les programmes de premier cycle offerts \u00e0 l&#039;ULL, expliqueront comment acc\u00e9der \u00e0 ces dipl\u00f4mes et fourniront des informations sur les services de soutien et d&#039;assistance aux \u00e9tudiants offerts par l&#039;universit\u00e9.<\/p><\/div>\n\n\n\n<p data-block-type=\"core\">Si vous souhaitez conna\u00eetre le calendrier des activit\u00e9s, choisissez l&#039;une des options suivantes :<\/p>\n\n\n\n<ul class=\"wp-block-list\" data-block-type=\"core\">\n<li data-block-type=\"core\"><a href=\"https:\/\/drive.google.com\/open?id=1MKuQDGZ1J7vH9TMARhScsdxbxLIoi-Yb\" target=\"_blank\" rel=\"noreferrer noopener\">Programme de Lanzarote<\/a><\/li>\n\n\n\n<li data-block-type=\"core\"><a href=\"https:\/\/drive.google.com\/open?id=1pfdTp_7R83KvGJK5sora4inLocZB-5to\" target=\"_blank\" rel=\"noreferrer noopener\">Programme Fuerteventura<\/a><\/li>\n\n\n\n<li data-block-type=\"core\"><a href=\"https:\/\/drive.google.com\/open?id=1Gk75xgpZ8W3HZabrxgw-lC8h_zvPIsAK\" target=\"_blank\" rel=\"noreferrer noopener\">Programme \u00e0 Gran Canaria<\/a><\/li>\n\n\n\n<li data-block-type=\"core\"><a href=\"https:\/\/drive.google.com\/open?id=1Zb4vWviFXuwgU__gOQYM0aG13b2HGHQV\" target=\"_blank\" rel=\"noreferrer noopener\">Programme \u00e0 La Gomera<\/a><\/li>\n\n\n\n<li data-block-type=\"core\"><a href=\"https:\/\/drive.google.com\/open?id=1DxC1lfejF4NB_Jdu8X9uG_mLE8cBF8m6\" target=\"_blank\" rel=\"noreferrer noopener\">Programme \u00e0 El Hierro<\/a><\/li>\n\n\n\n<li data-block-type=\"core\">Programme \u00e0 La Palma (\u00e0 confirmer, pr\u00e9vu du 18 au 20 avril).<\/li>\n\n\n\n<li data-block-type=\"core\"><a href=\"https:\/\/www.ull.es\/la-universidad\/servicios-universitarios\/servicio-de-informacion-y-orientacion-sio\/\" target=\"_blank\" rel=\"noreferrer noopener\">+ d&#039;informations<\/a><\/li>\n<\/ul>\n<\/div><\/div><\/div>\n<\/details>\n\n\n\n<details class=\"wp-block-stackable-accordion stk-block-accordion stk-inner-blocks stk-block-content stk--single-open stk-block stk-c1b1f13 stk-block-background is-style-plain\" id=\"recursos\" data-block-id=\"c1b1f13\"><style>.stk-c1b1f13 {border-color:#dfdad1 !important;border-top-width:0px !important;border-right-width:0px !important;border-bottom-width:1px !important;border-left-width:0px !important;padding-top:0px !important;padding-right:0px !important;padding-bottom:0px !important;padding-left:0px !important;}<\/style>\n<summary class=\"wp-block-stackable-column stk-block-column stk-column stk-block stk-f8748a7 stk--container-small stk-block-accordion__heading\" data-v=\"4\" data-block-id=\"f8748a7\"><div class=\"stk-column-wrapper stk-block-column__content stk-container stk-f8748a7-container stk--no-background stk--no-padding\"><div class=\"stk-block-content stk-inner-blocks stk-f8748a7-inner-blocks\">\n<div class=\"wp-block-stackable-icon-label stk-block-icon-label stk-block stk-e25f48b\" data-block-id=\"e25f48b\"><div class=\"stk-row stk-inner-blocks stk-block-content\">\n<div class=\"wp-block-stackable-heading stk-block-heading stk-block-heading--v2 stk-block stk-a350974\" id=\"strong-recursos-strong\" data-block-id=\"a350974\"><h4 class=\"stk-block-heading__text\"><strong>Ressources<\/strong><\/h4><\/div>\n\n\n\n<div class=\"wp-block-stackable-icon stk-block-icon stk-block stk-c4e32c7\" data-block-id=\"c4e32c7\"><span class=\"stk--svg-wrapper\"><div class=\"stk--inner-svg\"><svg style=\"height:0;width:0\"><defs><lineargradient id=\"linear-gradient-c4e32c7\" x1=\"0\" x2=\"100%\" y1=\"0\" y2=\"0\"><stop offset=\"0%\" style=\"stop-opacity:1;stop-color:var(--linear-gradient-c-4-e-32-c-7-color-1)\"><\/stop><stop offset=\"100%\" style=\"stop-opacity:1;stop-color:var(--linear-gradient-c-4-e-32-c-7-color-2)\"><\/stop><\/lineargradient><\/defs><\/svg><svg data-prefix=\"fas\" data-icon=\"chevron-down\" class=\"svg-inline--fa fa-chevron-down fa-w-14\" xmlns=\"http:\/\/www.w3.org\/2000\/svg\" viewbox=\"0 0 448 512\" aria-hidden=\"true\" width=\"32\" height=\"32\"><path fill=\"currentColor\" d=\"M207.029 381.476L12.686 187.132c-9.373-9.373-9.373-24.569 0-33.941l22.667-22.667c9.357-9.357 24.522-9.375 33.901-.04L224 284.505l154.745-154.021c9.379-9.335 24.544-9.317 33.901.04l22.667 22.667c9.373 9.373 9.373 24.569 0 33.941L240.971 381.476c-9.373 9.372-24.569 9.372-33.942 0z\"><\/path><\/svg><\/div><\/span><\/div>\n<\/div><\/div>\n<\/div><\/div><\/summary>\n\n\n\n<div class=\"wp-block-stackable-column stk-block-column stk-column stk-block stk-42a2886 stk-block-background stk-block-accordion__content\" data-v=\"4\" data-block-id=\"42a2886\"><style>.stk-42a2886 {background-color:#ffffff !important;padding-top:0px !important;padding-right:0px !important;padding-bottom:0px !important;padding-left:0px !important;}.stk-42a2886:before{background-color:#ffffff !important;}.stk-42a2886-container{padding-top:0px !important;padding-right:0px !important;padding-bottom:0px !important;padding-left:0px !important;}<\/style><div class=\"stk-column-wrapper stk-block-column__content stk-container stk-42a2886-container stk--no-background stk--no-padding\"><div class=\"stk-block-content stk-inner-blocks stk-42a2886-inner-blocks\">\n<ul class=\"wp-block-list\" data-block-type=\"core\">\n<li data-block-type=\"core\"><a href=\"https:\/\/www.ull.es\/admision-becas\/futuros-estudiantes\/\" target=\"_blank\" rel=\"noreferrer noopener\">Informations pour les futurs \u00e9tudiants<\/a><\/li>\n\n\n\n<li data-block-type=\"core\"><a href=\"https:\/\/www.ull.es\/admision-becas\/ebau\" target=\"_blank\" rel=\"noreferrer noopener\">EBAU<\/a><\/li>\n\n\n\n<li data-block-type=\"core\"><a href=\"https:\/\/drive.google.com\/open?id=13ltyRR5xK2uhLRiOykdfehLkTHnzgiU7\" target=\"_blank\" rel=\"noreferrer noopener\">Guide pour les m\u00e8res et les p\u00e8res<\/a><\/li>\n\n\n\n<li data-block-type=\"core\"><a href=\"https:\/\/drive.google.com\/file\/d\/0ByNgObFV1P0eU0g5cmhkbjdBT1k\/view?usp=sharing\" target=\"_blank\" rel=\"noreferrer noopener\">Pond\u00e9ration des sujets dans l&#039;EBAU<\/a><\/li>\n\n\n\n<li data-block-type=\"core\"><a href=\"https:\/\/drive.google.com\/file\/d\/1PauacWO4GiyzH4PXZL1ckOOxETUcr7Ik\/view\" target=\"_blank\" rel=\"noreferrer noopener\">Notes limites de l&#039;ann\u00e9e acad\u00e9mique ULL 2017\/18<\/a><\/li>\n\n\n\n<li data-block-type=\"core\"><a href=\"https:\/\/www.ull.es\/estudios-docencia\/grados\" target=\"_blank\" rel=\"noreferrer noopener\">Offre de dipl\u00f4mes universitaires<\/a><\/li>\n\n\n\n<li data-block-type=\"core\"><a href=\"https:\/\/www.ull.es\/la-universidad\/servicios-universitarios\/servicio-de-informacion-y-orientacion-sio\/\" target=\"_blank\" rel=\"noreferrer noopener\">+ d&#039;informations<\/a><\/li>\n<\/ul>\n<\/div><\/div><\/div>\n<\/details>\n<\/div><\/div><\/div>\n\n\n\n<div class=\"wp-block-stackable-column stk-block-column stk-column stk-block stk-5155a19\" data-v=\"4\" data-block-id=\"5155a19\"><style>@media screen and (min-width: 768px){.stk-5155a19 {flex:var(--stk-flex-grow, 1) 1 calc(33.333% - var(--stk-column-gap, 0px) * 1 \/ 2 ) !important;}}<\/style><div class=\"stk-column-wrapper stk-block-column__content stk-container stk-5155a19-container stk--no-background stk--no-padding\"><div class=\"stk-block-content stk-inner-blocks stk-5155a19-inner-blocks\">\n<a class=\"btn-destacado\" style=\"font-size: 18px; line-height: 24px; min-height: 100px; background-color: #7a3b7a;\" href=\"https:\/\/www.ull.es\/admision-becas\/futuros-estudiantes\/\" target=\"_blank\" rel=\"noopener\">Futurs \u00e9tudiants <i class=\"fa fa-arrow-right\"><\/i><\/a><br>\n\n\n\n<a class=\"btn-destacado\" style=\"font-size: 18px; line-height: 24px; min-height: 100px; background-color: #7a3b7a;\" href=\"https:\/\/www.ull.es\/estudios-docencia\/grados\" target=\"_blank\" rel=\"noopener\">Dipl\u00f4mes \u00e0 l&#039;ULL <i class=\"fa fa-arrow-right\"><\/i><\/a><br>\n\n\n\n<a class=\"btn-destacado\" style=\"font-size: 18px; line-height: 24px; min-height: 100px; background-color: #7a3b7a;\" href=\"https:\/\/drive.google.com\/open?id=13ltyRR5xK2uhLRiOykdfehLkTHnzgiU7\" target=\"_blank\" rel=\"noopener\">Guide pour les m\u00e8res et les p\u00e8res <i class=\"fa fa-arrow-right\"><\/i><\/a><br>\n\n\n\n<a class=\"btn-destacado\" style=\"font-size: 18px; line-height: 24px; min-height: 100px; background-color: #7a3b7a;\" href=\"https:\/\/www.ull.es\/admision-becas\/solicitud-plaza-grados\/\" target=\"_blank\" rel=\"noopener\">Demande de place en Licence <i class=\"fa fa-arrow-right\"><\/i><\/a><br>\n\n\n\n<a class=\"btn-destacado\" style=\"font-size: 18px; line-height: 24px; min-height: 100px; background-color: #7a3b7a;\" href=\"https:\/\/www.ull.es\/estudiantes#servicios\" target=\"_blank\" rel=\"noopener\">Ce que propose l&#039;ULL <i class=\"fa fa-arrow-right\"><\/i><\/a><br>\n\n\n\n<a class=\"btn-destacado\" style=\"font-size: 18px; line-height: 24px; min-height: 100px; background-color: #7a3b7a;\" href=\"https:\/\/www.ull.es\/admision-becas\/futuros-estudiantes\/\" target=\"_blank\" rel=\"noopener\">Activit\u00e9s culturelles \u00e0 l&#039;ULL <i class=\"fa fa-arrow-right\"><\/i><\/a><br>\n\n\n\n<a class=\"btn-destacado\" style=\"font-size: 16px; line-height: 24px; min-height: 100px; background-color: #7a3b7a;\" href=\"https:\/\/www.ull.es\/la-universidad\/servicios-universitarios\/servicio-de-informacion-y-orientacion-sio\/\" target=\"_blank\" rel=\"noopener\">Service d&#039;information et d&#039;orientation (SIO) <i class=\"fa fa-arrow-right\"><\/i><\/a>\n<\/div><\/div><\/div>\n<\/div><\/div>","protected":false},"excerpt":{"rendered":"<p>Objectifs des Journ\u00e9es d&#039;information universitaires\u00a0: L&#039;Universit\u00e9 de La Laguna, par l&#039;interm\u00e9diaire du Vice-rectorat aux \u00e9tudiants, organise chaque ann\u00e9e des Journ\u00e9es d&#039;information universitaires sur les \u00eeles. Ces journ\u00e9es s&#039;articulent autour de conf\u00e9rences destin\u00e9es aux parents et aux \u00e9tudiants pr\u00e9-universitaires souhaitant en savoir plus sur l&#039;universit\u00e9 et\/ou y acc\u00e9der.\u2026<\/p>","protected":false},"author":25,"featured_media":0,"parent":2088,"menu_order":0,"comment_status":"closed","ping_status":"closed","template":"templates\/template-width-100.php","meta":{"footnotes":""},"class_list":["post-2260","page","type-page","status-publish","hentry"],"_links":{"self":[{"href":"https:\/\/www.ull.es\/fr\/wp-json\/wp\/v2\/pages\/2260","targetHints":{"allow":["GET"]}}],"collection":[{"href":"https:\/\/www.ull.es\/fr\/wp-json\/wp\/v2\/pages"}],"about":[{"href":"https:\/\/www.ull.es\/fr\/wp-json\/wp\/v2\/types\/page"}],"author":[{"embeddable":true,"href":"https:\/\/www.ull.es\/fr\/wp-json\/wp\/v2\/users\/25"}],"replies":[{"embeddable":true,"href":"https:\/\/www.ull.es\/fr\/wp-json\/wp\/v2\/comments?post=2260"}],"version-history":[{"count":26,"href":"https:\/\/www.ull.es\/fr\/wp-json\/wp\/v2\/pages\/2260\/revisions"}],"predecessor-version":[{"id":14048,"href":"https:\/\/www.ull.es\/fr\/wp-json\/wp\/v2\/pages\/2260\/revisions\/14048"}],"up":[{"embeddable":true,"href":"https:\/\/www.ull.es\/fr\/wp-json\/wp\/v2\/pages\/2088"}],"wp:attachment":[{"href":"https:\/\/www.ull.es\/fr\/wp-json\/wp\/v2\/media?parent=2260"}],"curies":[{"name":"wp","href":"https:\/\/api.w.org\/{rel}","templated":true}]}}