{"id":3380,"date":"2018-09-27T06:22:23","date_gmt":"2018-09-27T06:22:23","guid":{"rendered":"https:\/\/www.ull.es\/?page_id=3380"},"modified":"2024-10-29T11:23:14","modified_gmt":"2024-10-29T11:23:14","slug":"inquietudes","status":"publish","type":"page","link":"https:\/\/www.ull.es\/fr\/inquietudes\/","title":{"rendered":"Pr\u00e9occupations"},"content":{"rendered":"<div class=\"wp-block-stackable-columns alignfull stk-block-columns stk-block stk-57f90e1\" data-block-id=\"57f90e1\"><style>.stk-57f90e1 .stk--block-align-57f90e1{align-items:center !important;}.stk-57f90e1 {margin-top:-30px !important;margin-bottom:35px !important;}.stk-57f90e1-column{justify-content:center !important;}<\/style><div class=\"stk-row stk-inner-blocks has-text-align-center stk--block-align-57f90e1 stk-block-content stk-content-align stk-57f90e1-column stk--flex alignfull\">\n<div class=\"wp-block-stackable-column stk-block-column stk-column stk-block stk-570fed3\" data-v=\"4\" data-block-id=\"570fed3\"><div class=\"stk-column-wrapper stk-block-column__content stk-container stk-570fed3-container stk--no-background stk--no-padding\"><div class=\"stk-block-content stk-inner-blocks stk-570fed3-inner-blocks\">\n<div class=\"wp-block-stackable-image alignfull stk-block-image has-text-align-center stk-block stk-347f682\" data-block-id=\"347f682\"><style>.stk-347f682 .stk-img-wrapper{width:100vw !important;height:400px !important;}<\/style><figure><span class=\"stk-img-wrapper stk-image--shape-stretch\"><img loading=\"lazy\" decoding=\"async\" class=\"stk-img wp-image-3381\" src=\"https:\/\/www.ull.es\/wp-content\/uploads\/2018\/09\/ULL-WEB-Valla-Gigas.jpg\" width=\"1400\" height=\"521\" srcset=\"https:\/\/www.ull.es\/wp-content\/uploads\/2018\/09\/ULL-WEB-Valla-Gigas.jpg 1400w, https:\/\/www.ull.es\/wp-content\/uploads\/2018\/09\/ULL-WEB-Valla-Gigas-300x112.jpg 300w, https:\/\/www.ull.es\/wp-content\/uploads\/2018\/09\/ULL-WEB-Valla-Gigas-768x286.jpg 768w, https:\/\/www.ull.es\/wp-content\/uploads\/2018\/09\/ULL-WEB-Valla-Gigas-1024x381.jpg 1024w, https:\/\/www.ull.es\/wp-content\/uploads\/2018\/09\/ULL-WEB-Valla-Gigas-375x140.jpg 375w, https:\/\/www.ull.es\/wp-content\/uploads\/2018\/09\/ULL-WEB-Valla-Gigas-750x279.jpg 750w, https:\/\/www.ull.es\/wp-content\/uploads\/2018\/09\/ULL-WEB-Valla-Gigas-1140x424.jpg 1140w\" sizes=\"auto, (max-width: 1400px) 100vw, 1400px\" \/><\/span><\/figure><\/div>\n<\/div><\/div><\/div>\n<\/div><\/div>\n\n\n\n<div class=\"wp-block-stackable-text stk-block-text stk-block stk-fc1a7d3\" data-block-id=\"fc1a7d3\"><style>.stk-fc1a7d3 {margin-bottom:0px !important;}<\/style><p class=\"stk-block-text__text\">Dans une soci\u00e9t\u00e9 qui \u00e9volue vers des r\u00e9alit\u00e9s plus complexes et changeantes, \u00e0 l&#039;Universit\u00e9 de La Laguna, nous aimons dire que nous recherchons des personnes non-conformistes, dans le sens o\u00f9 elles ne se contentent pas de la connaissance et du diagnostic des probl\u00e8mes, mais souhaitent plut\u00f4t s&#039;impliquer dans leur r\u00e9solution et que&nbsp;<strong>Ils ne connaissent pas d&#039;autre limite<\/strong>&nbsp;qui est marqu\u00e9 par son&nbsp;<strong>pr\u00e9occupations.<\/strong><\/p><\/div>\n\n\n\n<div class=\"wp-block-stackable-text stk-block-text stk-block stk-9cce1d6\" data-block-id=\"9cce1d6\"><style>.stk-9cce1d6 {margin-bottom:0px !important;}<\/style><p class=\"stk-block-text__text\">Les changements technologiques, \u00e9conomiques et sociaux modifient notre fa\u00e7on de travailler, d\u2019interagir les uns avec les autres, de vivre et m\u00eame de nous \u00e9duquer. Les nouvelles comp\u00e9tences dont les professionnels auront besoin, le r\u00f4le du talent, les valeurs ou encore l\u2019\u00e9mergence de nouvelles formules organisationnelles sont quelques-unes des&nbsp;<strong>d\u00e9fis auxquels nous devons faire face<\/strong>&nbsp;dans la soci\u00e9t\u00e9 vers laquelle nous nous dirigeons<\/p><\/div>\n\n\n\n<div class=\"wp-block-stackable-text stk-block-text stk-block stk-ed141f2\" data-block-id=\"ed141f2\"><style>.stk-ed141f2 {margin-bottom:35px !important;}<\/style><p class=\"stk-block-text__text\">Nous sommes convaincus que nous pouvons continuer \u00e0 grandir ensemble, tout en contribuant \u00e0 l\u2019am\u00e9lioration de notre soci\u00e9t\u00e9.<\/p><\/div>\n\n\n\n<div class=\"wp-block-stackable-columns alignfull stk-block-columns stk-block stk-b742311 stk-block-background\" data-block-id=\"b742311\"><style>.stk-b742311 {background-color:#41505e !important;padding-top:0% !important;padding-bottom:0% !important;}.stk-b742311:before{background-color:#41505e !important;}<\/style><div class=\"stk-row stk-inner-blocks has-text-align-center stk-block-content stk-content-align stk-b742311-column alignfull\">\n<div class=\"wp-block-stackable-column stk-block-column stk-column stk-block stk-a0bec02\" data-v=\"4\" data-block-id=\"a0bec02\"><div class=\"stk-column-wrapper stk-block-column__content stk-container stk-a0bec02-container stk--no-background stk--no-padding\"><div class=\"has-text-align-center stk-block-content stk-inner-blocks stk-a0bec02-inner-blocks\">\n<div class=\"wp-block-stackable-text stk-block-text stk-block stk-08b5d64 stk-block-background\" data-block-id=\"08b5d64\"><style>.stk-08b5d64 {background-color:#41505e !important;align-items:center !important;padding-right:15% !important;padding-left:15% !important;display:flex !important;}.stk-08b5d64:before{background-color:#41505e !important;}.stk-08b5d64 .stk-block-text__text{font-size:19px !important;color:#ffffff !important;line-height:1.4em !important;font-weight:500 !important;font-family:\"Montserrat\", Sans-serif !important;}@media screen and (max-width: 1023px){.stk-08b5d64 .stk-block-text__text{font-size:19px !important;}}<\/style><p class=\"stk-block-text__text has-text-color has-text-align-center\">C&#039;est pourquoi nous souhaitons vous aider \u00e0 vous pr\u00e9parer \u00e0 construire votre futur d\u00e9veloppement personnel et professionnel, limit\u00e9 uniquement par vos propres int\u00e9r\u00eats. Nous vous aidons \u00e9galement \u00e0 trouver et \u00e0 s\u00e9curiser votre emploi et \u00e0 cr\u00e9er des r\u00e9seaux collaboratifs avec d\u2019autres personnes et institutions.<\/p><\/div>\n<\/div><\/div><\/div>\n<\/div><\/div>\n\n\n\n<div class=\"wp-block-stackable-columns alignwide stk-block-columns stk-block stk-e4ec3ce\" data-block-id=\"e4ec3ce\"><div class=\"stk-row stk-inner-blocks stk-block-content stk-content-align stk-e4ec3ce-column alignwide\">\n<div class=\"wp-block-stackable-column stk-block-column stk-column stk-block stk-fce6868\" data-v=\"4\" data-block-id=\"fce6868\"><style>@media screen and (min-width: 768px){.stk-fce6868 {flex:var(--stk-flex-grow, 1) 1 25% !important;}}<\/style><div class=\"stk-column-wrapper stk-block-column__content stk-container stk-fce6868-container stk--no-background stk--no-padding\"><div class=\"stk-block-content stk-inner-blocks stk-fce6868-inner-blocks\">\n<div class=\"wp-block-stackable-card stk-block-card stk-block stk-3d95d96 is-style-default\" data-v=\"2\" data-block-id=\"3d95d96\"><style>.stk-3d95d96 .stk-block-card__image{height:300px !important;}.stk-3d95d96 .stk-block-card__image img{transform:scale(0.9) !important;object-fit:scale-down !important;}<\/style><div class=\"stk--no-padding stk-container stk-3d95d96-container stk--no-background stk--no-padding\"><figure class=\"stk-block-card__image stk-img-wrapper stk-image--shape-stretch\"><img loading=\"lazy\" decoding=\"async\" class=\"stk-img wp-image-1894\" src=\"https:\/\/www.ull.es\/wp-content\/uploads\/2017\/11\/img-futuro-01.jpg\" width=\"700\" height=\"350\" srcset=\"https:\/\/www.ull.es\/wp-content\/uploads\/2017\/11\/img-futuro-01.jpg 700w, https:\/\/www.ull.es\/wp-content\/uploads\/2017\/11\/img-futuro-01-300x150.jpg 300w, https:\/\/www.ull.es\/wp-content\/uploads\/2017\/11\/img-futuro-01-375x188.jpg 375w\" sizes=\"auto, (max-width: 700px) 100vw, 700px\" \/><\/figure><div class=\"stk-block-card__content\"><div class=\"stk-block-content stk-inner-blocks stk-3d95d96-inner-blocks\">\n<div class=\"wp-block-stackable-heading stk-block-heading stk-block-heading--v2 stk-block stk-b8c1667\" id=\"formate-para-abordar-los-ret-strong-os-de-un-mundo-en-cambio-strong\" data-block-id=\"b8c1667\"><style>.stk-b8c1667 {margin-top:-70px !important;margin-bottom:0px !important;}.stk-b8c1667 .stk-block-heading__text{font-size:17px !important;color:#7a3b7a !important;line-height:1.2em !important;font-weight:bold !important;}@media screen and (max-width: 1023px){.stk-b8c1667 .stk-block-heading__text{font-size:17px !important;}}<\/style><h4 class=\"stk-block-heading__text has-text-color\">Entra\u00eenez-vous \u00e0 relever les d\u00e9fis<strong>d&#039;un monde en mutation<\/strong><\/h4><\/div>\n\n\n\n<div class=\"wp-block-stackable-text stk-block-text stk-block stk-ba359b9\" data-block-id=\"ba359b9\"><style>.stk-ba359b9 {margin-top:20px !important;margin-bottom:6px !important;}.stk-ba359b9 .stk-block-text__text{font-size:16px !important;}@media screen and (max-width: 1023px){.stk-ba359b9 .stk-block-text__text{font-size:16px !important;}}<\/style><p class=\"stk-block-text__text\">L&#039;Universit\u00e9 de La Laguna s&#039;engage \u00e0 r\u00e9pondre aux besoins d&#039;apprentissage des connaissances, des comp\u00e9tences et des aptitudes n\u00e9cessaires pour relever les d\u00e9fis pos\u00e9s par ce monde en constante \u00e9volution. \u00c0 cette fin, nous proposons un catalogue large et vari\u00e9 de programmes de premier cycle, r\u00e9pondant \u00e9galement aux besoins de sp\u00e9cialisation \u00e0 travers nos programmes de ma\u00eetrise et favorisant la formation compl\u00e9mentaire et continue pour faciliter le d\u00e9veloppement professionnel tout au long de la vie.<\/p><\/div>\n\n\n\n<ul class=\"wp-block-list\" data-block-type=\"core\">\n<li style=\"font-size:16px\" data-block-type=\"core\"><a href=\"https:\/\/www.ull.es\/estudios-docencia\/grados\" target=\"_blank\" rel=\"noreferrer noopener\">Dipl\u00f4mes<\/a><\/li>\n\n\n\n<li style=\"font-size:16px\" data-block-type=\"core\"><a href=\"https:\/\/www.ull.es\/estudios-docencia\/masteres\" target=\"_blank\" rel=\"noreferrer noopener\">Masters<\/a><\/li>\n\n\n\n<li style=\"font-size:16px\" data-block-type=\"core\"><a href=\"https:\/\/fg.ull.es\/grados-posgrados\/\" target=\"_blank\" rel=\"noreferrer noopener\">Titres propres<\/a><\/li>\n\n\n\n<li style=\"font-size:16px\" data-block-type=\"core\"><a href=\"https:\/\/www.ull.es\/estudios-docencia\/titulos-online-semipresenciales\/\" target=\"_blank\" rel=\"noreferrer noopener\">Apprentissage en ligne et mixte<\/a><\/li>\n\n\n\n<li style=\"font-size:16px\" data-block-type=\"core\"><a href=\"https:\/\/sede.fg.ull.es\/es\/curso\" target=\"_blank\" rel=\"noreferrer noopener\">Cours, s\u00e9minaires et ateliers<\/a><\/li>\n<\/ul>\n<\/div><\/div><\/div><\/div>\n<\/div><\/div><\/div>\n\n\n\n<div class=\"wp-block-stackable-column stk-block-column stk-column stk-block stk-f4f08eb\" data-v=\"4\" data-block-id=\"f4f08eb\"><style>@media screen and (min-width: 768px){.stk-f4f08eb {flex:var(--stk-flex-grow, 1) 1 25% !important;}}<\/style><div class=\"stk-column-wrapper stk-block-column__content stk-container stk-f4f08eb-container stk--no-background stk--no-padding\"><div class=\"stk-block-content stk-inner-blocks stk-f4f08eb-inner-blocks\">\n<div class=\"wp-block-stackable-card stk-block-card stk-block stk-4af9f48 is-style-default\" data-v=\"2\" data-block-id=\"4af9f48\"><style>.stk-4af9f48 {max-width:1500px !important;min-width:auto !important;}.stk-4af9f48 .stk-block-card__image img{transform:scale(0.9) !important;object-fit:contain !important;}<\/style><div class=\"stk--no-padding stk-container stk-4af9f48-container stk--no-background stk--no-padding\"><figure class=\"stk-block-card__image stk-img-wrapper stk-image--shape-stretch\"><img loading=\"lazy\" decoding=\"async\" class=\"stk-img wp-image-1895\" src=\"https:\/\/www.ull.es\/wp-content\/uploads\/2017\/11\/img-futuro-02.jpg\" width=\"700\" height=\"350\" srcset=\"https:\/\/www.ull.es\/wp-content\/uploads\/2017\/11\/img-futuro-02.jpg 700w, https:\/\/www.ull.es\/wp-content\/uploads\/2017\/11\/img-futuro-02-300x150.jpg 300w, https:\/\/www.ull.es\/wp-content\/uploads\/2017\/11\/img-futuro-02-375x188.jpg 375w\" sizes=\"auto, (max-width: 700px) 100vw, 700px\" \/><\/figure><div class=\"stk-block-card__content\"><div class=\"stk-block-content stk-inner-blocks stk-4af9f48-inner-blocks\">\n<div class=\"wp-block-stackable-heading stk-block-heading stk-block-heading--v2 stk-block stk-762bdcc\" id=\"desarrolla-experiencias-internacionales\" data-block-id=\"762bdcc\"><style>.stk-762bdcc {margin-top:-70px !important;margin-bottom:12px !important;}.stk-762bdcc .stk-block-heading__text{font-size:17px !important;color:#7a3b7a !important;line-height:1.2em !important;font-weight:bold !important;}@media screen and (max-width: 1023px){.stk-762bdcc .stk-block-heading__text{font-size:17px !important;}}<\/style><h4 class=\"stk-block-heading__text has-text-color\">D\u00e9velopper des exp\u00e9riences internationales<\/h4><\/div>\n\n\n\n<div class=\"wp-block-stackable-text stk-block-text stk-block stk-d34cd16\" data-block-id=\"d34cd16\"><style>.stk-d34cd16 {margin-top:20px !important;margin-bottom:0px !important;}.stk-d34cd16 .stk-block-text__text{font-size:16px !important;}@media screen and (max-width: 1023px){.stk-d34cd16 .stk-block-text__text{font-size:16px !important;}}<\/style><p class=\"stk-block-text__text\">L&#039;Universit\u00e9 de La Laguna s&#039;engage \u00e0 r\u00e9pondre aux besoins d&#039;apprentissage des connaissances, des comp\u00e9tences et des aptitudes n\u00e9cessaires pour relever les d\u00e9fis pos\u00e9s par ce monde en constante \u00e9volution. \u00c0 cette fin, nous proposons un catalogue large et vari\u00e9 de programmes de premier cycle, r\u00e9pondant \u00e9galement aux besoins de sp\u00e9cialisation \u00e0 travers nos programmes de ma\u00eetrise et favorisant la formation compl\u00e9mentaire et continue pour faciliter le d\u00e9veloppement professionnel tout au long de la vie.<\/p><\/div>\n\n\n\n<ul class=\"wp-block-list\" data-block-type=\"core\">\n<li style=\"font-size:16px\" data-block-type=\"core\"><a href=\"https:\/\/www.ull.es\/estudios-docencia\/grados\" target=\"_blank\" rel=\"noreferrer noopener\">ULL International<\/a><\/li>\n<\/ul>\n<\/div><\/div><\/div><\/div>\n<\/div><\/div><\/div>\n\n\n\n<div class=\"wp-block-stackable-column stk-block-column stk-column stk-block stk-1c68b77\" data-v=\"4\" data-block-id=\"1c68b77\"><style>@media screen and (min-width: 768px){.stk-1c68b77 {flex:var(--stk-flex-grow, 1) 1 25% !important;}}<\/style><div class=\"stk-column-wrapper stk-block-column__content stk-container stk-1c68b77-container stk--no-background stk--no-padding\"><div class=\"stk-block-content stk-inner-blocks stk-1c68b77-inner-blocks\">\n<div class=\"wp-block-stackable-card stk-block-card stk-block stk-145caa6 is-style-default\" data-v=\"2\" data-block-id=\"145caa6\"><style>.stk-145caa6 .stk-block-card__image img{transform:scale(0.9) !important;object-fit:contain !important;}<\/style><div class=\"stk--no-padding stk-container stk-145caa6-container stk--no-background stk--no-padding\"><figure class=\"stk-block-card__image stk-img-wrapper stk-image--shape-stretch\"><img loading=\"lazy\" decoding=\"async\" class=\"stk-img wp-image-1896\" src=\"https:\/\/www.ull.es\/wp-content\/uploads\/2017\/11\/img-futuro-03.jpg\" width=\"700\" height=\"350\" srcset=\"https:\/\/www.ull.es\/wp-content\/uploads\/2017\/11\/img-futuro-03.jpg 700w, https:\/\/www.ull.es\/wp-content\/uploads\/2017\/11\/img-futuro-03-300x150.jpg 300w, https:\/\/www.ull.es\/wp-content\/uploads\/2017\/11\/img-futuro-03-375x188.jpg 375w\" sizes=\"auto, (max-width: 700px) 100vw, 700px\" \/><\/figure><div class=\"stk-block-card__content\"><div class=\"stk-block-content stk-inner-blocks stk-145caa6-inner-blocks\">\n<div class=\"wp-block-stackable-heading stk-block-heading stk-block-heading--v2 stk-block stk-40dcc3c\" id=\"construye-tu-futuro-profesional\" data-block-id=\"40dcc3c\"><style>.stk-40dcc3c {margin-top:-70px !important;margin-bottom:12px !important;}.stk-40dcc3c .stk-block-heading__text{font-size:17px !important;color:#7a3b7a !important;line-height:1.2em !important;font-weight:bold !important;}@media screen and (max-width: 1023px){.stk-40dcc3c .stk-block-heading__text{font-size:17px !important;}}<\/style><h4 class=\"stk-block-heading__text has-text-color\">Construisez votre avenir professionnel<\/h4><\/div>\n\n\n\n<div class=\"wp-block-stackable-text stk-block-text stk-block stk-8a8bf2e\" data-block-id=\"8a8bf2e\"><style>.stk-8a8bf2e {margin-top:20px !important;}.stk-8a8bf2e .stk-block-text__text{font-size:16px !important;}@media screen and (max-width: 1023px){.stk-8a8bf2e .stk-block-text__text{font-size:16px !important;}}<\/style><p class=\"stk-block-text__text\">Par l&#039;interm\u00e9diaire de l&#039;Agence pour l&#039;Emploi Universitaire de notre Fondation G\u00e9n\u00e9rale, nous vous proposons un accompagnement et un soutien personnalis\u00e9 dans la d\u00e9finition et le d\u00e9veloppement de votre projet professionnel et dans votre insertion sur le march\u00e9 du travail.<\/p><\/div>\n\n\n\n<ul class=\"wp-block-list\" data-block-type=\"core\">\n<li style=\"font-size:16px\" data-block-type=\"core\"><a href=\"https:\/\/sede.fg.ull.es\/es\/curso\" target=\"_blank\" rel=\"noreferrer noopener\">Agence pour l&#039;emploi universitaire<\/a><\/li>\n<\/ul>\n<\/div><\/div><\/div><\/div>\n<\/div><\/div><\/div>\n\n\n\n<div class=\"wp-block-stackable-column stk-block-column stk-column stk-block stk-a39c2d5\" data-v=\"4\" data-block-id=\"a39c2d5\"><style>@media screen and (min-width: 768px){.stk-a39c2d5 {flex:var(--stk-flex-grow, 1) 1 25% !important;}}<\/style><div class=\"stk-column-wrapper stk-block-column__content stk-container stk-a39c2d5-container stk--no-background stk--no-padding\"><div class=\"stk-block-content stk-inner-blocks stk-a39c2d5-inner-blocks\">\n<div class=\"wp-block-stackable-card stk-block-card stk-block stk-313a551 is-style-default\" data-v=\"2\" data-block-id=\"313a551\"><style>.stk-313a551 .stk-block-card__image{height:300px !important;}.stk-313a551 .stk-block-card__image img{transform:scale(0.9) !important;object-fit:contain !important;}<\/style><div class=\"stk--no-padding stk-container stk-313a551-container stk--no-background stk--no-padding\"><figure class=\"stk-block-card__image stk-img-wrapper stk-image--shape-stretch\"><img loading=\"lazy\" decoding=\"async\" class=\"stk-img wp-image-1907\" src=\"https:\/\/www.ull.es\/wp-content\/uploads\/2017\/11\/img-futuro-04-1.jpg\" width=\"700\" height=\"350\" srcset=\"https:\/\/www.ull.es\/wp-content\/uploads\/2017\/11\/img-futuro-04-1.jpg 700w, https:\/\/www.ull.es\/wp-content\/uploads\/2017\/11\/img-futuro-04-1-300x150.jpg 300w, https:\/\/www.ull.es\/wp-content\/uploads\/2017\/11\/img-futuro-04-1-375x188.jpg 375w\" sizes=\"auto, (max-width: 700px) 100vw, 700px\" \/><\/figure><div class=\"stk-block-card__content\"><div class=\"stk-block-content stk-inner-blocks stk-313a551-inner-blocks\">\n<div class=\"wp-block-stackable-heading stk-block-heading stk-block-heading--v2 stk-block stk-b403420\" id=\"vive-la-universidad\" data-block-id=\"b403420\"><style>.stk-b403420 {margin-top:-70px !important;margin-bottom:10px !important;}.stk-b403420 .stk-block-heading__text{font-size:17px !important;color:#7a3b7a !important;line-height:1.2em !important;font-weight:bold !important;}@media screen and (max-width: 1023px){.stk-b403420 .stk-block-heading__text{font-size:17px !important;}}<\/style><h4 class=\"stk-block-heading__text has-text-color\">D\u00e9couvrez l&#039;universit\u00e9<\/h4><\/div>\n\n\n\n<div class=\"wp-block-stackable-text stk-block-text stk-block stk-b1c330e\" data-block-id=\"b1c330e\"><style>.stk-b1c330e {margin-top:10px !important;}.stk-b1c330e .stk-block-text__text{font-size:16px !important;}@media screen and (max-width: 1023px){.stk-b1c330e .stk-block-text__text{font-size:16px !important;}}<\/style><p class=\"stk-block-text__text\">L&#039;Universit\u00e9 de La Laguna vous offre la possibilit\u00e9 de vous d\u00e9velopper pleinement en tant que personne. Nous proposons un large \u00e9ventail d&#039;activit\u00e9s culturelles de nature tr\u00e8s diversifi\u00e9e (th\u00e9\u00e2tre, danse, musique, d\u00e9bats, etc.). De m\u00eame, au sein de nos campus, vous pourrez trouver de nombreuses opportunit\u00e9s et groupes d\u2019activit\u00e9s artistiques, sportives et culturelles qui compl\u00e8tent votre formation acad\u00e9mique et vous aident \u00e0 vous d\u00e9velopper en tant que personne enti\u00e8re.<\/p><\/div>\n\n\n\n<ul class=\"wp-block-list\" data-block-type=\"core\">\n<li style=\"font-size:16px\" data-block-type=\"core\"><a href=\"https:\/\/www.ull.es\/vive-la-ull\/teatro-paraninfo\" target=\"_blank\" rel=\"noreferrer noopener\">Th\u00e9\u00e2tre Paraninfo<\/a><\/li>\n\n\n\n<li style=\"font-size:16px\" data-block-type=\"core\"><a href=\"https:\/\/www.ull.es\/vive-la-ull\/exposiciones\" target=\"_blank\" rel=\"noreferrer noopener\">Expositions<\/a><\/li>\n\n\n\n<li style=\"font-size:16px\" data-block-type=\"core\"><a href=\"https:\/\/www.ull.es\/vive-la-ull\/colectivos-culturales-universitarios\/\" target=\"_blank\" rel=\"noreferrer noopener\">Groupes culturels universitaires<\/a><\/li>\n\n\n\n<li style=\"font-size:16px\" data-block-type=\"core\"><a href=\"http:\/\/deportes.ull.es\/\" target=\"_blank\" rel=\"noreferrer noopener\">Sportif<\/a><\/li>\n<\/ul>\n<\/div><\/div><\/div><\/div>\n<\/div><\/div><\/div>\n<\/div><\/div>","protected":false},"excerpt":{"rendered":"<p>Dans une soci\u00e9t\u00e9 qui \u00e9volue vers des r\u00e9alit\u00e9s plus complexes et changeantes, \u00e0 l\u2019Universit\u00e9 de La Laguna nous aimons dire que nous recherchons des personnes non-conformistes, dans le sens o\u00f9 elles ne se contentent pas de la connaissance et du diagnostic des probl\u00e8mes, mais veulent plut\u00f4t s\u2019impliquer dans leur r\u00e9solution et qui ne connaissent pas d\u2019autres limites que celles \u00e9tablies\u2026<\/p>","protected":false},"author":31,"featured_media":0,"parent":0,"menu_order":0,"comment_status":"closed","ping_status":"closed","template":"templates\/template-frontpage.php","meta":{"footnotes":""},"class_list":["post-3380","page","type-page","status-publish","hentry"],"_links":{"self":[{"href":"https:\/\/www.ull.es\/fr\/wp-json\/wp\/v2\/pages\/3380","targetHints":{"allow":["GET"]}}],"collection":[{"href":"https:\/\/www.ull.es\/fr\/wp-json\/wp\/v2\/pages"}],"about":[{"href":"https:\/\/www.ull.es\/fr\/wp-json\/wp\/v2\/types\/page"}],"author":[{"embeddable":true,"href":"https:\/\/www.ull.es\/fr\/wp-json\/wp\/v2\/users\/31"}],"replies":[{"embeddable":true,"href":"https:\/\/www.ull.es\/fr\/wp-json\/wp\/v2\/comments?post=3380"}],"version-history":[{"count":78,"href":"https:\/\/www.ull.es\/fr\/wp-json\/wp\/v2\/pages\/3380\/revisions"}],"predecessor-version":[{"id":10949,"href":"https:\/\/www.ull.es\/fr\/wp-json\/wp\/v2\/pages\/3380\/revisions\/10949"}],"wp:attachment":[{"href":"https:\/\/www.ull.es\/fr\/wp-json\/wp\/v2\/media?parent=3380"}],"curies":[{"name":"wp","href":"https:\/\/api.w.org\/{rel}","templated":true}]}}