{"id":5662,"date":"2020-11-06T08:16:40","date_gmt":"2020-11-06T08:16:40","guid":{"rendered":"https:\/\/www.ull.es\/?page_id=5662"},"modified":"2025-11-18T09:45:59","modified_gmt":"2025-11-18T09:45:59","slug":"informacionmatricula","status":"publish","type":"page","link":"https:\/\/www.ull.es\/fr\/informacionmatricula\/","title":{"rendered":"Informations sur les inscriptions aux dipl\u00f4mes de licence, de master et de doctorat"},"content":{"rendered":"<div class=\"wp-block-stackable-heading stk-block-heading stk-block-heading--v2 stk-block stk-b3bb385\" id=\"matricula\" data-block-id=\"b3bb385\"><style>.stk-b3bb385 {margin-top:50px !important;margin-bottom:11px !important;}<\/style><h1 class=\"stk-block-heading__text\">Frais de scolarit\u00e9<\/h1><\/div>\n\n\n\n<div class=\"wp-block-stackable-text stk-block-text stk-block stk-c108d37\" data-block-id=\"c108d37\"><style>.stk-c108d37 {margin-bottom:12px !important;}<\/style><p class=\"stk-block-text__text\">Dans les liens suivants, vous trouverez des informations sur les inscriptions au premier cycle, \u00e0 la ma\u00eetrise et au doctorat, les horaires, la documentation n\u00e9cessaire, les prix et les r\u00e9ductions, les options, et plus encore.<\/p><\/div>\n\n\n\n<ul class=\"wp-block-list\" data-block-type=\"core\">\n<li data-block-type=\"core\"><a href=\"https:\/\/www.ull.es\/admision-becas\/matricula\/\" target=\"_blank\" rel=\"noreferrer noopener\">Inscription aux dipl\u00f4mes<\/a><\/li>\n\n\n\n<li data-block-type=\"core\"><a href=\"https:\/\/www.ull.es\/masteres\/solicitud-de-matricula\/\" target=\"_blank\" rel=\"noreferrer noopener\">Inscription aux masters<\/a><\/li>\n\n\n\n<li data-block-type=\"core\"><a href=\"https:\/\/www.ull.es\/doctorados\/matricula\/\" target=\"_blank\" rel=\"noreferrer noopener\">Inscription aux doctorats<\/a><\/li>\n<\/ul>\n\n\n\n<p data-block-type=\"core\"><\/p>","protected":false},"excerpt":{"rendered":"<p>Inscription Dans les liens suivants, vous trouverez des informations sur les inscriptions aux dipl\u00f4mes de licence, de master et de doctorat, les horaires, la documentation n\u00e9cessaire pour compl\u00e9ter le processus d&#039;inscription, les prix et les r\u00e9ductions, les modalit\u00e9s, etc.<\/p>","protected":false},"author":27,"featured_media":0,"parent":0,"menu_order":0,"comment_status":"closed","ping_status":"closed","template":"templates\/template-frontpage.php","meta":{"footnotes":""},"class_list":["post-5662","page","type-page","status-publish","hentry"],"_links":{"self":[{"href":"https:\/\/www.ull.es\/fr\/wp-json\/wp\/v2\/pages\/5662","targetHints":{"allow":["GET"]}}],"collection":[{"href":"https:\/\/www.ull.es\/fr\/wp-json\/wp\/v2\/pages"}],"about":[{"href":"https:\/\/www.ull.es\/fr\/wp-json\/wp\/v2\/types\/page"}],"author":[{"embeddable":true,"href":"https:\/\/www.ull.es\/fr\/wp-json\/wp\/v2\/users\/27"}],"replies":[{"embeddable":true,"href":"https:\/\/www.ull.es\/fr\/wp-json\/wp\/v2\/comments?post=5662"}],"version-history":[{"count":6,"href":"https:\/\/www.ull.es\/fr\/wp-json\/wp\/v2\/pages\/5662\/revisions"}],"predecessor-version":[{"id":15898,"href":"https:\/\/www.ull.es\/fr\/wp-json\/wp\/v2\/pages\/5662\/revisions\/15898"}],"wp:attachment":[{"href":"https:\/\/www.ull.es\/fr\/wp-json\/wp\/v2\/media?parent=5662"}],"curies":[{"name":"wp","href":"https:\/\/api.w.org\/{rel}","templated":true}]}}