{"id":6423,"date":"2021-09-23T11:36:07","date_gmt":"2021-09-23T11:36:07","guid":{"rendered":"https:\/\/www.ull.es\/?page_id=6423"},"modified":"2024-12-23T07:58:20","modified_gmt":"2024-12-23T07:58:20","slug":"ayuda-a-la-palma","status":"publish","type":"page","link":"https:\/\/www.ull.es\/fr\/ayuda-a-la-palma\/","title":{"rendered":"Aidez La Palma"},"content":{"rendered":"Aucun contenu pour le moment.\n\n\n<div class=\"wp-block-stackable-columns alignfull stk-block-columns stk-block stk-0b30eee stk-block-background\" data-block-id=\"0b30eee\"><style>.stk-0b30eee {background-color:#f0f0f0 !important;padding-right:80px !important;padding-left:80px !important;margin-bottom:0px !important;}.stk-0b30eee:before{background-color:#f0f0f0 !important;}<\/style><div class=\"stk-row stk-inner-blocks stk-block-content stk-content-align stk-0b30eee-column alignfull\">\n<div class=\"wp-block-stackable-column stk-block-column stk-column stk-block stk-43dbd5e\" data-v=\"4\" data-block-id=\"43dbd5e\"><div class=\"stk-column-wrapper stk-block-column__content stk-container stk-43dbd5e-container stk--no-background stk--no-padding\"><div class=\"stk-block-content stk-inner-blocks stk-43dbd5e-inner-blocks\">\n<div class=\"wp-block-stackable-text stk-block-text stk-block stk-d10ae81\" data-block-id=\"d10ae81\"><style>.stk-d10ae81 .stk-block-text__text{font-size:16px !important;font-weight:500 !important;font-family:\"Montserrat\", Sans-serif !important;}@media screen and (max-width: 1023px){.stk-d10ae81 .stk-block-text__text{font-size:16px !important;}}<\/style><p class=\"stk-block-text__text\">\u00c0 la lumi\u00e8re du ph\u00e9nom\u00e8ne volcanique qui s\u2019est produit sur l\u2019\u00eele de La Palma et de l\u2019\u00e9norme trag\u00e9die humaine qu\u2019il provoque, de nombreux membres de cette universit\u00e9 se demandent comment ils peuvent aider.<\/p><\/div>\n\n\n\n<div class=\"wp-block-stackable-button-group stk-block-button-group stk-block stk-a41ba34\" data-block-id=\"a41ba34\"><style>.stk-a41ba34 .stk-button-group{flex-direction:column !important;align-items:stretch !important;}.stk-a41ba34 .stk-block{flex-basis:auto !important;}.stk-a41ba34 .stk-block-button, .stk-a41ba34 .stk-block-icon-button{flex:1 0 0% !important;}@media screen and (max-width: 1023px){.stk-a41ba34 .stk-button-group{flex-direction:row !important;}}@media screen and (max-width: 767px){.stk-a41ba34 .stk-button-group{flex-direction:row !important;}}<\/style><div class=\"stk-row stk-inner-blocks has-text-align-center stk-block-content stk-button-group\">\n<div class=\"wp-block-stackable-button stk-block-button has-text-align-center stk-block stk-1756c04\" data-block-id=\"1756c04\"><style>.stk-1756c04 {padding-right:0px !important;}.stk-1756c04 .stk-button{padding-top:20px !important;padding-right:40px !important;padding-bottom:20px !important;padding-left:40px !important;background:linear-gradient(135deg,rgb(156,224,226) 2%,rgb(10,40,100) 97%) !important;border-top-left-radius:10px !important;border-top-right-radius:10px !important;border-bottom-right-radius:10px !important;border-bottom-left-radius:10px !important;}.stk-1756c04 .stk-button:hover:after{background:linear-gradient(135deg,rgb(10,40,100) 0%,rgb(156,224,226) 100%) !important;opacity:1 !important;}.stk-1756c04 .stk-button:before{box-shadow:none !important;}.stk-1756c04 .stk-button__inner-text{font-size:17px !important;font-family:\"Montserrat\", Sans-serif !important;}@media screen and (max-width: 1023px){.stk-1756c04 .stk-button__inner-text{font-size:17px !important;}}<\/style><a class=\"stk-link stk-button stk--hover-effect-darken\" href=\"\" target=\"_blank\" rel=\"noopener\"><span class=\"stk-button__inner-text\"><strong>Informations sur l&#039;aide du Conseil insulaire de La Palma<\/strong><\/span><\/a><\/div>\n\n\n\n<div class=\"wp-block-stackable-button stk-block-button has-text-align-center animated fadeInUp o-anim-offset-130px stk-block stk-e1720c5\" data-block-id=\"e1720c5\"><style>.stk-e1720c5 {padding-right:0px !important;}.stk-e1720c5 .stk-button{padding-top:20px !important;padding-right:40px !important;padding-bottom:20px !important;padding-left:40px !important;background:linear-gradient(135deg,rgb(156,224,226) 0%,rgb(10,40,100) 100%) !important;border-top-left-radius:10px !important;border-top-right-radius:10px !important;border-bottom-right-radius:10px !important;border-bottom-left-radius:10px !important;}.stk-e1720c5 .stk-button:hover:after{background:linear-gradient(135deg,rgb(10,40,100) 0%,rgb(156,224,226) 100%) !important;opacity:1 !important;}.stk-e1720c5 .stk-button:before{box-shadow:none !important;}.stk-e1720c5 .stk-button__inner-text{font-size:17px !important;font-family:\"Montserrat\", Sans-serif !important;}@media screen and (max-width: 1023px){.stk-e1720c5 .stk-button__inner-text{font-size:17px !important;}}<\/style><a class=\"stk-link stk-button stk--hover-effect-darken\" href=\"\" target=\"_blank\" rel=\"noopener\"><span class=\"stk-button__inner-text\"><strong>Informations sur les aides de la mairie de Llanos de Aridane<\/strong><\/span><\/a><\/div>\n\n\n\n<div class=\"wp-block-stackable-button stk-block-button has-text-align-center animated fadeInDown o-anim-offset-135px stk-block stk-2ddb63e\" data-block-id=\"2ddb63e\"><style>.stk-2ddb63e {padding-right:0px !important;}.stk-2ddb63e .stk-button{padding-top:20px !important;padding-right:40px !important;padding-bottom:20px !important;padding-left:40px !important;background:linear-gradient(135deg,rgb(156,224,226) 0%,rgb(10,40,100) 100%) !important;border-top-left-radius:10px !important;border-top-right-radius:10px !important;border-bottom-right-radius:10px !important;border-bottom-left-radius:10px !important;}.stk-2ddb63e .stk-button:hover:after{background:linear-gradient(135deg,rgb(10,40,100) 0%,rgb(156,224,226) 100%) !important;opacity:1 !important;}.stk-2ddb63e .stk-button:before{box-shadow:none !important;}.stk-2ddb63e .stk-button__inner-text{font-size:17px !important;font-family:\"Montserrat\", Sans-serif !important;}@media screen and (max-width: 1023px){.stk-2ddb63e .stk-button__inner-text{font-size:17px !important;}}<\/style><a class=\"stk-link stk-button stk--hover-effect-darken\" href=\"\" target=\"_blank\" rel=\"noopener\"><span class=\"stk-button__inner-text\"><strong>Informations sur les aides du Conseil municipal de Tazacorte<\/strong><\/span><\/a><\/div>\n<\/div><\/div>\n<\/div><\/div><\/div>\n\n\n\n<div class=\"wp-block-stackable-column stk-block-column stk-column stk-block stk-4eef11c\" data-v=\"4\" data-block-id=\"4eef11c\"><div class=\"stk-column-wrapper stk-block-column__content stk-container stk-4eef11c-container stk--no-background stk--no-padding\"><div class=\"stk-block-content stk-inner-blocks stk-4eef11c-inner-blocks\">\n<div class=\"wp-block-stackable-text stk-block-text stk-block stk-d792062\" data-block-id=\"d792062\"><style>.stk-d792062 .stk-block-text__text{font-size:16px !important;font-weight:500 !important;font-family:\"Montserrat\", Sans-serif !important;}@media screen and (max-width: 1023px){.stk-d792062 .stk-block-text__text{font-size:16px !important;}}<\/style><p class=\"stk-block-text__text\">Ce site web fournit \u00e0 la communaut\u00e9 universitaire une liste des comptes bancaires des principaux \u00e9tablissements de l&#039;\u00eele, ainsi que d&#039;autres \u00e9tablissements jug\u00e9s int\u00e9ressants. Toute aide est la bienvenue.<\/p><\/div>\n\n\n\n<div class=\"wp-block-stackable-button-group stk-block-button-group stk-block stk-5762394\" data-block-id=\"5762394\"><style>.stk-5762394 .stk-button-group{flex-direction:column !important;align-items:stretch !important;}.stk-5762394 .stk-block{flex-basis:auto !important;}.stk-5762394 .stk-block-button, .stk-5762394 .stk-block-icon-button{flex:1 0 0% !important;}@media screen and (max-width: 1023px){.stk-5762394 .stk-button-group{flex-direction:row !important;}}@media screen and (max-width: 767px){.stk-5762394 .stk-button-group{flex-direction:row !important;}}<\/style><div class=\"stk-row stk-inner-blocks has-text-align-center stk-block-content stk-button-group\">\n<div class=\"wp-block-stackable-button stk-block-button has-text-align-center stk-block stk-f6cb77a\" data-block-id=\"f6cb77a\"><style>.stk-f6cb77a {padding-right:0px !important;}.stk-f6cb77a .stk-button{padding-top:20px !important;padding-right:40px !important;padding-bottom:20px !important;padding-left:40px !important;background:linear-gradient(135deg,rgb(156,224,226) 0%,rgb(10,40,100) 100%) !important;border-top-left-radius:10px !important;border-top-right-radius:10px !important;border-bottom-right-radius:10px !important;border-bottom-left-radius:10px !important;}.stk-f6cb77a .stk-button:hover:after{background:linear-gradient(135deg,rgb(10,40,100) 0%,rgb(156,224,226) 100%) !important;opacity:1 !important;}.stk-f6cb77a .stk-button:before{box-shadow:none !important;}.stk-f6cb77a .stk-button__inner-text{font-size:17px !important;font-family:\"Montserrat\", Sans-serif !important;}@media screen and (max-width: 1023px){.stk-f6cb77a .stk-button__inner-text{font-size:17px !important;}}<\/style><a class=\"stk-link stk-button stk--hover-effect-darken\" href=\"\" target=\"_blank\" rel=\"noopener\"><span class=\"stk-button__inner-text\"><strong>Informations sur l&#039;aide du conseil municipal d&#039;El Paso<\/strong><\/span><\/a><\/div>\n\n\n\n<div class=\"wp-block-stackable-button stk-block-button has-text-align-center animated fadeInDown o-anim-offset-130px stk-block stk-3dd6349\" data-block-id=\"3dd6349\"><style>.stk-3dd6349 {padding-right:0px !important;}.stk-3dd6349 .stk-button{padding-top:20px !important;padding-right:40px !important;padding-bottom:20px !important;padding-left:40px !important;background:linear-gradient(135deg,rgb(156,224,226) 0%,rgb(10,40,100) 100%) !important;border-top-left-radius:10px !important;border-top-right-radius:10px !important;border-bottom-right-radius:10px !important;border-bottom-left-radius:10px !important;}.stk-3dd6349 .stk-button:hover:after{background:linear-gradient(135deg,rgb(10,40,100) 0%,rgb(156,224,226) 100%) !important;opacity:1 !important;}.stk-3dd6349 .stk-button:before{box-shadow:none !important;}.stk-3dd6349 .stk-button__inner-text{font-size:17px !important;font-family:\"Montserrat\", Sans-serif !important;}@media screen and (max-width: 1023px){.stk-3dd6349 .stk-button__inner-text{font-size:17px !important;}}<\/style><a class=\"stk-link stk-button stk--hover-effect-darken\" href=\"\" target=\"_blank\" rel=\"noopener\"><span class=\"stk-button__inner-text\"><strong>Informations sur l&#039;aide de la Banque alimentaire de Tenerife<\/strong><\/span><\/a><\/div>\n\n\n\n<div class=\"wp-block-stackable-button stk-block-button has-text-align-center animated fadeInDown o-anim-offset-135px stk-block stk-2db4ebf\" data-block-id=\"2db4ebf\"><style>.stk-2db4ebf {padding-right:0px !important;}.stk-2db4ebf .stk-button{padding-top:20px !important;padding-right:40px !important;padding-bottom:20px !important;padding-left:40px !important;background:linear-gradient(135deg,rgb(156,224,226) 0%,rgb(10,40,100) 100%) !important;border-top-left-radius:10px !important;border-top-right-radius:10px !important;border-bottom-right-radius:10px !important;border-bottom-left-radius:10px !important;}.stk-2db4ebf .stk-button:hover:after{background:linear-gradient(135deg,rgb(10,40,100) 0%,rgb(156,224,226) 100%) !important;opacity:1 !important;}.stk-2db4ebf .stk-button:before{box-shadow:none !important;}.stk-2db4ebf .stk-button__inner-text{font-size:17px !important;font-family:\"Montserrat\", Sans-serif !important;}@media screen and (max-width: 1023px){.stk-2db4ebf .stk-button__inner-text{font-size:17px !important;}}<\/style><a class=\"stk-link stk-button stk--hover-effect-darken\" href=\"\" target=\"_blank\" rel=\"noopener\"><span class=\"stk-button__inner-text\"><strong>Informations sur l&#039;aide de la Croix-Rouge<\/strong><\/span><\/a><\/div>\n<\/div><\/div>\n<\/div><\/div><\/div>\n<\/div><\/div>\n\n\n\n<div class=\"wp-block-stackable-button-group alignfull stk-block-button-group stk-block stk-7a49253 stk-block-background\" data-block-id=\"7a49253\"><style>.stk-7a49253 .stk-button-group{flex-direction:column !important;align-items:stretch !important;}.stk-7a49253 .stk-block{flex-basis:auto !important;}.stk-7a49253 .stk-block-button, .stk-7a49253 .stk-block-icon-button{flex:1 0 0% !important;}.stk-7a49253 {background-color:#f0f0f0 !important;padding-right:90px !important;padding-left:90px !important;margin-top:0px !important;}.stk-7a49253:before{background-color:#f0f0f0 !important;}@media screen and (max-width: 1023px){.stk-7a49253 .stk-button-group{flex-direction:row !important;}}@media screen and (max-width: 767px){.stk-7a49253 .stk-button-group{flex-direction:row !important;}}<\/style><div class=\"stk-row stk-inner-blocks has-text-align-center stk-block-content stk-button-group\">\n<div class=\"wp-block-stackable-button stk-block-button has-text-align-center animated fadeInDown o-anim-offset-150px stk-block stk-c6aeed1\" data-block-id=\"c6aeed1\"><style>.stk-c6aeed1 {padding-right:0px !important;}.stk-c6aeed1 .stk-button{padding-top:20px !important;padding-right:40px !important;padding-bottom:20px !important;padding-left:40px !important;background:linear-gradient(135deg,rgb(156,224,226) 0%,rgb(10,40,100) 100%) !important;border-top-left-radius:10px !important;border-top-right-radius:10px !important;border-bottom-right-radius:10px !important;border-bottom-left-radius:10px !important;}.stk-c6aeed1 .stk-button:hover:after{background:linear-gradient(135deg,rgb(10,40,100) 0%,rgb(156,224,226) 100%) !important;opacity:1 !important;}.stk-c6aeed1 .stk-button:before{box-shadow:none !important;}.stk-c6aeed1 .stk-button__inner-text{font-size:17px !important;font-family:\"Montserrat\", Sans-serif !important;}@media screen and (max-width: 1023px){.stk-c6aeed1 .stk-button__inner-text{font-size:17px !important;}}<\/style><a class=\"stk-link stk-button stk--hover-effect-darken\" href=\"https:\/\/soydelapalma.com\/\" target=\"_blank\" rel=\"noopener\"><span class=\"stk-button__inner-text\"><strong>Page d&#039;information unifi\u00e9e<\/strong><\/span><\/a><\/div>\n\n\n\n<div class=\"wp-block-stackable-button stk-block-button has-text-align-center animated fadeInDown o-anim-offset-155px stk-block stk-177ec17\" data-block-id=\"177ec17\"><style>.stk-177ec17 {padding-right:0px !important;}.stk-177ec17 .stk-button{padding-top:20px !important;padding-right:40px !important;padding-bottom:20px !important;padding-left:40px !important;background:linear-gradient(135deg,rgb(156,224,226) 0%,rgb(10,40,100) 100%) !important;border-top-left-radius:10px !important;border-top-right-radius:10px !important;border-bottom-right-radius:10px !important;border-bottom-left-radius:10px !important;}.stk-177ec17 .stk-button:hover:after{background:linear-gradient(135deg,rgb(10,40,100) 0%,rgb(156,224,226) 100%) !important;opacity:1 !important;}.stk-177ec17 .stk-button:before{box-shadow:none !important;}.stk-177ec17 .stk-button__inner-text{font-size:17px !important;font-family:\"Montserrat\", Sans-serif !important;}@media screen and (max-width: 1023px){.stk-177ec17 .stk-button__inner-text{font-size:17px !important;}}<\/style><a class=\"stk-link stk-button stk--hover-effect-darken\" href=\"https:\/\/www.ull.es\/portal\/convocatorias\/convocatoria\/convocatoria-de-ayudas-para-alumnado-damnificado-por-la-erupcion-del-volcan-en-la-isla-de-la-palma\/\" target=\"_blank\" rel=\"noopener\"><span class=\"stk-button__inner-text\"><strong>Appel \u00e0 l&#039;aide pour les \u00e9tudiants touch\u00e9s par l&#039;\u00e9ruption du volcan sur l&#039;\u00eele de Palma<\/strong><\/span><\/a><\/div>\n\n\n\n<div class=\"wp-block-stackable-button stk-block-button has-text-align-center animated fadeInDown o-anim-offset-159.9px stk-block stk-4a4241f\" data-block-id=\"4a4241f\"><style>.stk-4a4241f {padding-right:0px !important;}.stk-4a4241f .stk-button{padding-top:20px !important;padding-right:40px !important;padding-bottom:20px !important;padding-left:40px !important;background:linear-gradient(135deg,rgb(156,224,226) 0%,rgb(10,40,100) 100%) !important;border-top-left-radius:10px !important;border-top-right-radius:10px !important;border-bottom-right-radius:10px !important;border-bottom-left-radius:10px !important;}.stk-4a4241f .stk-button:hover:after{background:linear-gradient(135deg,rgb(10,40,100) 0%,rgb(156,224,226) 100%) !important;opacity:1 !important;}.stk-4a4241f .stk-button:before{box-shadow:none !important;}.stk-4a4241f .stk-button__inner-text{font-size:17px !important;font-family:\"Montserrat\", Sans-serif !important;}@media screen and (max-width: 1023px){.stk-4a4241f .stk-button__inner-text{font-size:17px !important;}}<\/style><a class=\"stk-link stk-button stk--hover-effect-darken\" href=\"https:\/\/www.ull.es\/volcan-de-talento\/\" target=\"_blank\" rel=\"noopener\"><span class=\"stk-button__inner-text\"><strong>Programme Volcan des talents<\/strong><\/span><\/a><\/div>\n<\/div><\/div>\n\n\n\n<p data-block-type=\"core\"><\/p>","protected":false},"excerpt":{"rendered":"<p>Face au ph\u00e9nom\u00e8ne volcanique sur l&#039;\u00eele de La Palma et \u00e0 l&#039;immense trag\u00e9die humaine qu&#039;il provoque, de nombreux membres de cette universit\u00e9 se demandent comment apporter leur aide. Informations sur l&#039;aide du Conseil de l&#039;\u00eele de La Palma. Informations sur l&#039;aide de la Mairie de Los Llanos de Aridane. Informations sur l&#039;aide de\u2026<\/p>","protected":false},"author":31,"featured_media":0,"parent":0,"menu_order":0,"comment_status":"closed","ping_status":"closed","template":"custom-template.php","meta":{"footnotes":""},"class_list":["post-6423","page","type-page","status-publish","hentry"],"_links":{"self":[{"href":"https:\/\/www.ull.es\/fr\/wp-json\/wp\/v2\/pages\/6423","targetHints":{"allow":["GET"]}}],"collection":[{"href":"https:\/\/www.ull.es\/fr\/wp-json\/wp\/v2\/pages"}],"about":[{"href":"https:\/\/www.ull.es\/fr\/wp-json\/wp\/v2\/types\/page"}],"author":[{"embeddable":true,"href":"https:\/\/www.ull.es\/fr\/wp-json\/wp\/v2\/users\/31"}],"replies":[{"embeddable":true,"href":"https:\/\/www.ull.es\/fr\/wp-json\/wp\/v2\/comments?post=6423"}],"version-history":[{"count":64,"href":"https:\/\/www.ull.es\/fr\/wp-json\/wp\/v2\/pages\/6423\/revisions"}],"predecessor-version":[{"id":14328,"href":"https:\/\/www.ull.es\/fr\/wp-json\/wp\/v2\/pages\/6423\/revisions\/14328"}],"wp:attachment":[{"href":"https:\/\/www.ull.es\/fr\/wp-json\/wp\/v2\/media?parent=6423"}],"curies":[{"name":"wp","href":"https:\/\/api.w.org\/{rel}","templated":true}]}}