{"id":7957,"date":"2023-01-25T09:38:51","date_gmt":"2023-01-25T09:38:51","guid":{"rendered":"https:\/\/www.ull.es\/?page_id=7957"},"modified":"2025-02-11T15:33:46","modified_gmt":"2025-02-11T15:33:46","slug":"institucionales-2023","status":"publish","type":"page","link":"https:\/\/www.ull.es\/fr\/institucionales-2023\/","title":{"rendered":"Prix institutionnels de l&#039;Universit\u00e9 de La Laguna 2023"},"content":{"rendered":"<div class=\"wp-block-stackable-heading stk-block-heading stk-block-heading--v2 stk-block stk-5494fc8\" id=\"premios-institucionales-2023\" data-block-id=\"5494fc8\"><style>.stk-5494fc8 .stk-block-heading__text{font-weight:600 !important;}<\/style><h1 class=\"stk-block-heading__text has-text-align-center\">Prix institutionnels 2023<\/h1><\/div>\n\n\n\n<div class=\"wp-block-stackable-image stk-block-image stk-block stk-3c96f62\" data-block-id=\"3c96f62\"><style>.stk-3c96f62 {margin-bottom:50px !important;}<\/style><figure><span class=\"stk-img-wrapper stk-image--shape-stretch\"><img loading=\"lazy\" decoding=\"async\" class=\"stk-img wp-image-7991\" src=\"https:\/\/www.ull.es\/wp-content\/uploads\/2023\/02\/abstract-ink-figure-e1675263118138.jpg\" width=\"1600\" height=\"312\" srcset=\"https:\/\/www.ull.es\/wp-content\/uploads\/2023\/02\/abstract-ink-figure-e1675263118138.jpg 1600w, https:\/\/www.ull.es\/wp-content\/uploads\/2023\/02\/abstract-ink-figure-e1675263118138-300x59.jpg 300w, https:\/\/www.ull.es\/wp-content\/uploads\/2023\/02\/abstract-ink-figure-e1675263118138-1024x200.jpg 1024w, https:\/\/www.ull.es\/wp-content\/uploads\/2023\/02\/abstract-ink-figure-e1675263118138-768x150.jpg 768w, https:\/\/www.ull.es\/wp-content\/uploads\/2023\/02\/abstract-ink-figure-e1675263118138-1536x300.jpg 1536w, https:\/\/www.ull.es\/wp-content\/uploads\/2023\/02\/abstract-ink-figure-e1675263118138-375x73.jpg 375w, https:\/\/www.ull.es\/wp-content\/uploads\/2023\/02\/abstract-ink-figure-e1675263118138-750x146.jpg 750w, https:\/\/www.ull.es\/wp-content\/uploads\/2023\/02\/abstract-ink-figure-e1675263118138-1140x222.jpg 1140w\" sizes=\"auto, (max-width: 1600px) 100vw, 1600px\" \/><\/span><\/figure><\/div>\n\n\n\n<div class=\"wp-block-stackable-text stk-block-text stk-block stk-eff6503\" data-block-id=\"eff6503\"><p class=\"stk-block-text__text\">L&#039;Universit\u00e9 de La Laguna organise chaque ann\u00e9e ses prix institutionnels afin de souligner et de r\u00e9compenser le travail des membres de sa communaut\u00e9 et des organisations qui collaborent avec le centre universitaire. Cette page recense les appels \u00e0 candidatures ouverts et, une fois les d\u00e9cisions des jurys publi\u00e9es, les r\u00e9sultats seront \u00e9galement publi\u00e9s. Ces prix seront remis le 10 mars, date de la Journ\u00e9e institutionnelle 2023 de l&#039;Universit\u00e9 de La Laguna.<\/p><\/div>\n\n\n\n<div class=\"wp-block-stackable-heading stk-block-heading stk-block-heading--v2 stk-block stk-e6d38b7\" id=\"convocatorias\" data-block-id=\"e6d38b7\"><style>.stk-e6d38b7 .stk-block-heading__text{color:#5c068c !important;}<\/style><h3 class=\"stk-block-heading__text has-text-color has-text-align-center\">Appels<\/h3><\/div>\n\n\n\n<ul style=\"background-color:#abb7c26e\" class=\"wp-block-list has-background\" data-block-type=\"core\">\n<li data-block-type=\"core\"><a href=\"https:\/\/www.ull.es\/portal\/convocatorias\/convocatoria\/octava-edicion-de-los-premios-a-la-internacionalizacion-de-la-universidad-de-la-laguna-convocatoria-2023\/\" target=\"_blank\" rel=\"noreferrer noopener\"><strong>VIIIe Prix de l&#039;internationalisation<\/strong><\/a><\/li>\n\n\n\n<li data-block-type=\"core\"><a href=\"https:\/\/www.ull.es\/portal\/convocatorias\/convocatoria\/convocatoria-de-premios-de-innovacion-educativa-2023\/\" target=\"_blank\" rel=\"noreferrer noopener\"><strong>12e Prix de l&#039;Innovation et du Transfert&nbsp;<\/strong><strong>P\u00e9dagogique<\/strong><\/a><\/li>\n\n\n\n<li data-block-type=\"core\"><a href=\"https:\/\/www.ull.es\/portal\/convocatorias\/convocatoria\/convocatoria-de-la-xii-edicion-de-los-premios-a-las-mejores-practicas-en-administracion-y-servicios-2021\/\" target=\"_blank\" rel=\"noreferrer noopener\"><strong>12e Prix des meilleures pratiques en administration et services<\/strong><\/a><\/li>\n\n\n\n<li data-block-type=\"core\"><a href=\"https:\/\/www.ull.es\/portal\/convocatorias\/convocatoria\/convocatoria-de-la-xii-edicion-de-los-premios-a-la-investigacion-y-la-i-edicion-del-premio-a-la-investigacion-categoria-junior-de-la-universidad-de-la-laguna\/\" target=\"_blank\" rel=\"noreferrer noopener\"><strong>12e Prix de recherche et 1er Prix de recherche dans la cat\u00e9gorie junior<\/strong><\/a><\/li>\n\n\n\n<li data-block-type=\"core\">Il&nbsp;<strong>Prix de m\u00e9c\u00e9nat<\/strong>&nbsp;Il est nomm\u00e9 directement par le Rectorat \u00e0 une entit\u00e9 ou \u00e0 une personne dont la contribution \u00e0 l&#039;universit\u00e9 a \u00e9t\u00e9 pertinente et n&#039;est donc pas comp\u00e9titive.<\/li>\n<\/ul>\n\n\n\n<div class=\"wp-block-stackable-image stk-block-image stk-block stk-3b4d7ff\" data-block-id=\"3b4d7ff\"><style>.stk-3b4d7ff .stk-img-wrapper{width:45% !important;}<\/style><figure><span class=\"stk-img-wrapper stk-image--shape-stretch\"><img loading=\"lazy\" decoding=\"async\" class=\"stk-img wp-image-7990\" src=\"https:\/\/www.ull.es\/wp-content\/uploads\/2023\/02\/abstract-formed-by-color-dissolving-in-water.jpg\" width=\"1600\" height=\"1486\" srcset=\"https:\/\/www.ull.es\/wp-content\/uploads\/2023\/02\/abstract-formed-by-color-dissolving-in-water.jpg 1600w, https:\/\/www.ull.es\/wp-content\/uploads\/2023\/02\/abstract-formed-by-color-dissolving-in-water-300x279.jpg 300w, https:\/\/www.ull.es\/wp-content\/uploads\/2023\/02\/abstract-formed-by-color-dissolving-in-water-1024x951.jpg 1024w, https:\/\/www.ull.es\/wp-content\/uploads\/2023\/02\/abstract-formed-by-color-dissolving-in-water-768x713.jpg 768w, https:\/\/www.ull.es\/wp-content\/uploads\/2023\/02\/abstract-formed-by-color-dissolving-in-water-1536x1427.jpg 1536w, https:\/\/www.ull.es\/wp-content\/uploads\/2023\/02\/abstract-formed-by-color-dissolving-in-water-375x348.jpg 375w, https:\/\/www.ull.es\/wp-content\/uploads\/2023\/02\/abstract-formed-by-color-dissolving-in-water-750x697.jpg 750w, https:\/\/www.ull.es\/wp-content\/uploads\/2023\/02\/abstract-formed-by-color-dissolving-in-water-1140x1059.jpg 1140w\" sizes=\"auto, (max-width: 1600px) 100vw, 1600px\" \/><\/span><\/figure><\/div>","protected":false},"excerpt":{"rendered":"<p>Prix institutionnels 2023. L&#039;Universit\u00e9 de La Laguna organise chaque ann\u00e9e ses prix institutionnels afin de souligner et de r\u00e9compenser le travail des membres de sa communaut\u00e9, ainsi que des organisations qui collaborent avec le centre universitaire. Cette page recense les appels \u00e0 candidatures ouverts et, une fois les d\u00e9cisions des jurys publi\u00e9es, accueillera \u00e9galement\u2026<\/p>","protected":false},"author":60,"featured_media":0,"parent":0,"menu_order":0,"comment_status":"closed","ping_status":"closed","template":"templates\/template-width-100.php","meta":{"footnotes":""},"class_list":["post-7957","page","type-page","status-publish","hentry"],"_links":{"self":[{"href":"https:\/\/www.ull.es\/fr\/wp-json\/wp\/v2\/pages\/7957","targetHints":{"allow":["GET"]}}],"collection":[{"href":"https:\/\/www.ull.es\/fr\/wp-json\/wp\/v2\/pages"}],"about":[{"href":"https:\/\/www.ull.es\/fr\/wp-json\/wp\/v2\/types\/page"}],"author":[{"embeddable":true,"href":"https:\/\/www.ull.es\/fr\/wp-json\/wp\/v2\/users\/60"}],"replies":[{"embeddable":true,"href":"https:\/\/www.ull.es\/fr\/wp-json\/wp\/v2\/comments?post=7957"}],"version-history":[{"count":17,"href":"https:\/\/www.ull.es\/fr\/wp-json\/wp\/v2\/pages\/7957\/revisions"}],"predecessor-version":[{"id":11981,"href":"https:\/\/www.ull.es\/fr\/wp-json\/wp\/v2\/pages\/7957\/revisions\/11981"}],"wp:attachment":[{"href":"https:\/\/www.ull.es\/fr\/wp-json\/wp\/v2\/media?parent=7957"}],"curies":[{"name":"wp","href":"https:\/\/api.w.org\/{rel}","templated":true}]}}