{"id":8250,"date":"2023-06-01T10:58:16","date_gmt":"2023-06-01T10:58:16","guid":{"rendered":"https:\/\/www.ull.es\/?page_id=8250"},"modified":"2025-05-29T09:15:09","modified_gmt":"2025-05-29T09:15:09","slug":"seguimoscontigo","status":"publish","type":"page","link":"https:\/\/www.ull.es\/fr\/seguimoscontigo\/","title":{"rendered":"Nous continuons avec vous"},"content":{"rendered":"<div class=\"wp-block-stackable-heading alignfull stk-block-heading stk-block-heading--v2 stk-block stk-2b2470e stk-block-background stk--has-background-overlay\" id=\"tu-futuro-strong-nuestro-compromiso-strong\" data-block-id=\"2b2470e\"><style>.stk-2b2470e {background-image:url(https:\/\/www.ull.es\/wp-content\/uploads\/2024\/08\/WEB-SEGUIMOS-CONTIGO_Cabecera-4.png) !important;padding-top:120px !important;padding-left:120px !important;margin-top:-5px !important;}.stk-2b2470e .stk-block-heading__text{color:#ffffff !important;}<\/style><h2 class=\"stk-block-heading__text has-text-color has-text-align-center\">Votre avenir, <strong>notre engagement<\/strong><\/h2><\/div>\n\n\n\n<div class=\"wp-block-stackable-columns aligncenter stk-block-columns stk-block stk-b0edf33\" data-block-id=\"b0edf33\"><style>.stk-b0edf33 {padding-top:25px !important;padding-right:150px !important;padding-bottom:25px !important;}<\/style><div class=\"stk-row stk-inner-blocks stk-block-content stk-content-align stk-b0edf33-column\">\n<div class=\"wp-block-stackable-column stk-block-column stk-column stk-block stk-7542ec7\" data-v=\"4\" data-block-id=\"7542ec7\"><style>.stk-7542ec7 {align-self:center !important;}@media screen and (min-width: 768px){.stk-7542ec7 {flex:var(--stk-flex-grow, 1) 1 calc(75% - var(--stk-column-gap, 0px) * 1 \/ 2 ) !important;}}<\/style><div class=\"stk-column-wrapper stk-block-column__content stk-container stk-7542ec7-container stk--no-background stk--no-padding\"><div class=\"stk-block-content stk-inner-blocks stk-7542ec7-inner-blocks\">\n<div class=\"wp-block-stackable-text stk-block-text stk-block stk-debe920\" data-block-id=\"debe920\"><style>.stk-debe920 {margin-bottom:15px !important;}.stk-debe920 .stk-block-text__text{font-size:16px !important;}@media screen and (max-width: 1023px){.stk-debe920 .stk-block-text__text{font-size:16px !important;}}<\/style><p class=\"stk-block-text__text\">\u00c0 l&#039;Universit\u00e9 de La Laguna, nous ne voulons pas nous limiter \u00e0 faire partie de la vie des gens uniquement pendant qu&#039;ils font partie de cette institution et poursuivent leurs \u00e9tudes de premier cycle. Nous voulons aller plus loin, beaucoup plus loin... car la formation continue et la reconversion professionnelle sont de plus en plus importantes.<\/p><\/div>\n\n\n\n<p style=\"font-size:16px\" data-block-type=\"core\">Nous sommes convaincus que nous pouvons continuer \u00e0 construire un avenir tout en contribuant \u00e0 l\u2019am\u00e9lioration de notre soci\u00e9t\u00e9. Parce qu\u2019\u00e0 l\u2019ULL, nous souhaitons participer \u00e0 la r\u00e9solution des grands d\u00e9fis auxquels nous sommes confront\u00e9s dans ce monde en constante \u00e9volution.<\/p>\n<\/div><\/div><\/div>\n\n\n\n<div class=\"wp-block-stackable-column stk-block-column stk-column stk-block stk-cfb4421\" data-v=\"4\" data-block-id=\"cfb4421\"><style>.stk-cfb4421 {align-self:center !important;}@media screen and (min-width: 768px){.stk-cfb4421 {flex:var(--stk-flex-grow, 1) 1 calc(25% - var(--stk-column-gap, 0px) * 1 \/ 2 ) !important;}}<\/style><div class=\"stk-column-wrapper stk-block-column__content stk-container stk-cfb4421-container stk--no-background stk--no-padding\"><div class=\"stk-block-content stk-inner-blocks stk-cfb4421-inner-blocks\">\n<div class=\"wp-block-stackable-image stk-block-image stk-block stk-8b02964\" data-block-id=\"8b02964\"><style>.stk-8b02964 .stk-img-wrapper{width:15vw !important;}.stk-8b02964 .stk-img-wrapper img{object-fit:fill !important;}<\/style><figure><span class=\"stk-img-wrapper stk-image--shape-stretch\"><img loading=\"lazy\" decoding=\"async\" class=\"stk-img wp-image-10829\" src=\"https:\/\/www.ull.es\/wp-content\/uploads\/2024\/10\/WEB-SEGUIMOS-CONTIGO_Recurso-1.png\" width=\"360\" height=\"200\" srcset=\"https:\/\/www.ull.es\/wp-content\/uploads\/2024\/10\/WEB-SEGUIMOS-CONTIGO_Recurso-1.png 360w, https:\/\/www.ull.es\/wp-content\/uploads\/2024\/10\/WEB-SEGUIMOS-CONTIGO_Recurso-1-300x167.png 300w, https:\/\/www.ull.es\/wp-content\/uploads\/2024\/10\/WEB-SEGUIMOS-CONTIGO_Recurso-1-200x111.png 200w\" sizes=\"auto, (max-width: 360px) 100vw, 360px\" \/><\/span><\/figure><\/div>\n<\/div><\/div><\/div>\n<\/div><\/div>\n\n\n\n<div class=\"wp-block-stackable-columns alignfull stk-block-columns stk-block stk-3035bcc\" data-block-id=\"3035bcc\"><style>.stk-3035bcc {margin-bottom:0px !important;}<\/style><div class=\"stk-row stk-inner-blocks stk-block-content stk-content-align stk-3035bcc-column alignfull\">\n<div class=\"wp-block-stackable-column stk-block-column stk-column stk-block stk-e4b7bca\" data-v=\"4\" data-block-id=\"e4b7bca\"><div class=\"stk-column-wrapper stk-block-column__content stk-container stk-e4b7bca-container stk--no-background stk--no-padding\"><div class=\"stk-block-content stk-inner-blocks stk-e4b7bca-inner-blocks\">\n<div class=\"wp-block-stackable-text stk-block-text stk-block stk-aec8d25 stk-block-background\" data-block-id=\"aec8d25\"><style>.stk-aec8d25 {background-color:#00c5f1 !important;padding-right:15% !important;padding-left:15% !important;}.stk-aec8d25:before{background-color:#00c5f1 !important;}.stk-aec8d25 .stk-block-text__text{font-size:19px !important;color:#ffffff !important;line-height:1.2em !important;}@media screen and (max-width: 1023px){.stk-aec8d25 .stk-block-text__text{font-size:19px !important;}}<\/style><p class=\"stk-block-text__text has-text-color has-text-align-center\">Votre avenir est notre engagement. C&#039;est pourquoi nous souhaitons continuer \u00e0 vous soutenir, \u00e0 vous aider \u00e0 cr\u00e9er des opportunit\u00e9s d&#039;apprentissage pour votre d\u00e9veloppement personnel et professionnel, ainsi qu&#039;\u00e0 vous accompagner dans votre recherche et votre d\u00e9veloppement d&#039;emploi, \u00e0 promouvoir des activit\u00e9s culturelles et \u00e0 cr\u00e9er des r\u00e9seaux de collaboration avec d&#039;autres personnes et institutions.<\/p><\/div>\n<\/div><\/div><\/div>\n<\/div><\/div>\n\n\n\n<div class=\"wp-block-stackable-columns alignwide stk-block-columns stk-block stk-468939d\" data-block-id=\"468939d\"><style>.stk-468939d {margin-top:-40px !important;}<\/style><div class=\"stk-row stk-inner-blocks stk-block-content stk-content-align stk-468939d-column alignwide\">\n<div class=\"wp-block-stackable-column stk-block-column stk-column stk-block stk-4db9750\" data-v=\"4\" data-block-id=\"4db9750\"><style>@media screen and (min-width: 768px){.stk-4db9750 {flex:var(--stk-flex-grow, 1) 1 25% !important;}}<\/style><div class=\"stk-column-wrapper stk-block-column__content stk-container stk-4db9750-container stk--no-background stk--no-padding\"><div class=\"stk-block-content stk-inner-blocks stk-4db9750-inner-blocks\">\n<div class=\"wp-block-stackable-card stk-block-card stk-block stk-4d6fbef is-style-default\" data-v=\"2\" data-block-id=\"4d6fbef\"><style>.stk-4d6fbef .stk-block-card__image img{object-fit:contain !important;}<\/style><div class=\"stk--no-padding stk-container stk-4d6fbef-container stk--no-background stk--no-padding\"><figure class=\"stk-block-card__image stk-img-wrapper stk-image--shape-stretch\"><img loading=\"lazy\" decoding=\"async\" class=\"stk-img wp-image-9977\" src=\"https:\/\/www.ull.es\/wp-content\/uploads\/2024\/08\/WEB-SEGUIMOS-CONTIGO_Boton-Formacion.png\" width=\"700\" height=\"300\" srcset=\"https:\/\/www.ull.es\/wp-content\/uploads\/2024\/08\/WEB-SEGUIMOS-CONTIGO_Boton-Formacion.png 700w, https:\/\/www.ull.es\/wp-content\/uploads\/2024\/08\/WEB-SEGUIMOS-CONTIGO_Boton-Formacion-300x129.png 300w, https:\/\/www.ull.es\/wp-content\/uploads\/2024\/08\/WEB-SEGUIMOS-CONTIGO_Boton-Formacion-200x86.png 200w, https:\/\/www.ull.es\/wp-content\/uploads\/2024\/08\/WEB-SEGUIMOS-CONTIGO_Boton-Formacion-375x161.png 375w\" sizes=\"auto, (max-width: 700px) 100vw, 700px\" \/><\/figure><div class=\"stk-block-card__content\"><div class=\"stk-block-content stk-inner-blocks stk-4d6fbef-inner-blocks\">\n<div class=\"wp-block-stackable-text stk-block-text stk-block stk-e24b60c\" data-block-id=\"e24b60c\"><style>.stk-e24b60c {margin-top:-50px !important;}<\/style><p class=\"stk-block-text__text\">Au-del\u00e0 de la formation en Dipl\u00f4mes, l&#039;Universit\u00e9 de La Laguna s&#039;engage \u00e0&nbsp;<strong>\u200b<\/strong>r\u00e9pondre aux besoins de sp\u00e9cialisation, en favorisant la formation compl\u00e9mentaire et continue et en facilitant l&#039;acc\u00e8s au savoir, au progr\u00e8s et au perfectionnement professionnel tout au long de la vie.<\/p><\/div>\n\n\n\n<ul class=\"wp-block-list\" data-block-type=\"core\">\n<li data-block-type=\"core\"><a href=\"https:\/\/www.ull.es\/masteres\/\" target=\"_blank\" rel=\"noreferrer noopener\">Masters<\/a><\/li>\n\n\n\n<li data-block-type=\"core\"><a href=\"https:\/\/www.ull.es\/titulospropios\/listado-titulos-propios\/\" target=\"_blank\" rel=\"noreferrer noopener\">Titres propres<\/a><\/li>\n\n\n\n<li data-block-type=\"core\"><a href=\"https:\/\/www.ull.es\/estudios-docencia\/titulos-online-semipresenciales\/\" target=\"_blank\" rel=\"noreferrer noopener\">Apprentissage en ligne et mixte<\/a><\/li>\n\n\n\n<li data-block-type=\"core\"><a href=\"https:\/\/www.ull.es\/cultura\/cursos-extension-universitaria\/\" target=\"_blank\" rel=\"noreferrer noopener\">Extension de l&#039;universit\u00e9<\/a><\/li>\n\n\n\n<li data-block-type=\"core\"><a href=\"https:\/\/fg.ull.es\/formacion\/catalogo-de-oferta-formativa\/cursos\/\" target=\"_blank\" rel=\"noreferrer noopener\">Formation continue<\/a><\/li>\n<\/ul>\n<\/div><\/div><\/div><\/div>\n<\/div><\/div><\/div>\n\n\n\n<div class=\"wp-block-stackable-column stk-block-column stk-column stk-block stk-2acd158\" data-v=\"4\" data-block-id=\"2acd158\"><style>@media screen and (min-width: 768px){.stk-2acd158 {flex:var(--stk-flex-grow, 1) 1 25% !important;}}<\/style><div class=\"stk-column-wrapper stk-block-column__content stk-container stk-2acd158-container stk--no-background stk--no-padding\"><div class=\"stk-block-content stk-inner-blocks stk-2acd158-inner-blocks\">\n<div class=\"wp-block-stackable-card stk-block-card stk-block stk-d2974d5 is-style-default\" data-v=\"2\" data-block-id=\"d2974d5\"><style>.stk-d2974d5 .stk-block-card__image img{object-fit:contain !important;}<\/style><div class=\"stk--no-padding stk-container stk-d2974d5-container stk--no-background stk--no-padding\"><figure class=\"stk-block-card__image stk-img-wrapper stk-image--shape-stretch\"><img loading=\"lazy\" decoding=\"async\" class=\"stk-img wp-image-9976\" src=\"https:\/\/www.ull.es\/wp-content\/uploads\/2024\/08\/WEB-SEGUIMOS-CONTIGO_Boton-Empleo.png\" width=\"700\" height=\"300\" srcset=\"https:\/\/www.ull.es\/wp-content\/uploads\/2024\/08\/WEB-SEGUIMOS-CONTIGO_Boton-Empleo.png 700w, https:\/\/www.ull.es\/wp-content\/uploads\/2024\/08\/WEB-SEGUIMOS-CONTIGO_Boton-Empleo-300x129.png 300w, https:\/\/www.ull.es\/wp-content\/uploads\/2024\/08\/WEB-SEGUIMOS-CONTIGO_Boton-Empleo-200x86.png 200w, https:\/\/www.ull.es\/wp-content\/uploads\/2024\/08\/WEB-SEGUIMOS-CONTIGO_Boton-Empleo-375x161.png 375w\" sizes=\"auto, (max-width: 700px) 100vw, 700px\" \/><\/figure><div class=\"stk-block-card__content\"><div class=\"stk-block-content stk-inner-blocks stk-d2974d5-inner-blocks\">\n<div class=\"wp-block-stackable-text stk-block-text stk-block stk-a33399f\" data-block-id=\"a33399f\"><style>.stk-a33399f {margin-top:-50px !important;}<\/style><p class=\"stk-block-text__text\">Nous vous proposons \u00ab En Mode Emploi \u00bb, un espace num\u00e9rique cr\u00e9\u00e9 par l&#039;Universit\u00e9 de La Laguna et son Agence pour l&#039;Emploi, o\u00f9 vous trouverez toutes les options que nous proposons pour vous aider dans votre processus de recherche d&#039;emploi.<\/p><\/div>\n\n\n\n<ul class=\"wp-block-list\" data-block-type=\"core\">\n<li data-block-type=\"core\"><a href=\"https:\/\/fg.ull.es\/empleo\/\" target=\"_blank\" rel=\"noreferrer noopener\">En mode emploi<\/a><\/li>\n<\/ul>\n<\/div><\/div><\/div><\/div>\n<\/div><\/div><\/div>\n\n\n\n<div class=\"wp-block-stackable-column stk-block-column stk-column stk-block stk-11fd92a\" data-v=\"4\" data-block-id=\"11fd92a\"><style>@media screen and (min-width: 768px){.stk-11fd92a {flex:var(--stk-flex-grow, 1) 1 25% !important;}}<\/style><div class=\"stk-column-wrapper stk-block-column__content stk-container stk-11fd92a-container stk--no-background stk--no-padding\"><div class=\"stk-block-content stk-inner-blocks stk-11fd92a-inner-blocks\">\n<div class=\"wp-block-stackable-card stk-block-card stk-block stk-c9e8384 is-style-default\" data-v=\"2\" data-block-id=\"c9e8384\"><style>.stk-c9e8384 .stk-block-card__image img{object-fit:contain !important;}<\/style><div class=\"stk--no-padding stk-container stk-c9e8384-container stk-hover-parent\"><figure class=\"stk-block-card__image stk-img-wrapper stk-image--shape-stretch\"><img loading=\"lazy\" decoding=\"async\" class=\"stk-img wp-image-9978\" src=\"https:\/\/www.ull.es\/wp-content\/uploads\/2024\/08\/WEB-SEGUIMOS-CONTIGO_Boton-Formacion-copia.png\" width=\"700\" height=\"300\" srcset=\"https:\/\/www.ull.es\/wp-content\/uploads\/2024\/08\/WEB-SEGUIMOS-CONTIGO_Boton-Formacion-copia.png 700w, https:\/\/www.ull.es\/wp-content\/uploads\/2024\/08\/WEB-SEGUIMOS-CONTIGO_Boton-Formacion-copia-300x129.png 300w, https:\/\/www.ull.es\/wp-content\/uploads\/2024\/08\/WEB-SEGUIMOS-CONTIGO_Boton-Formacion-copia-200x86.png 200w, https:\/\/www.ull.es\/wp-content\/uploads\/2024\/08\/WEB-SEGUIMOS-CONTIGO_Boton-Formacion-copia-375x161.png 375w\" sizes=\"auto, (max-width: 700px) 100vw, 700px\" \/><\/figure><div class=\"stk-container-padding stk-block-card__content\"><div class=\"stk-block-content stk-inner-blocks stk-c9e8384-inner-blocks\">\n<div class=\"wp-block-stackable-text stk-block-text stk-block stk-dd02990\" data-block-id=\"dd02990\"><style>.stk-dd02990 {margin-top:-50px !important;}<\/style><p class=\"stk-block-text__text\">L\u2019activit\u00e9 culturelle est un \u00e9l\u00e9ment fondamental de la g\u00e9n\u00e9tique universitaire. Le th\u00e9\u00e2tre, la musique et l\u2019art en g\u00e9n\u00e9ral nous permettent de maintenir le lien.<\/p><\/div>\n\n\n\n<ul class=\"wp-block-list\" data-block-type=\"core\">\n<li data-block-type=\"core\"><a href=\"http:\/\/www.ull.es\/cultura\" target=\"_blank\" rel=\"noreferrer noopener\">SOIT<\/a><a href=\"https:\/\/fg.ull.es\/empleo\/\" target=\"_blank\" rel=\"noreferrer noopener\"><\/a><a href=\"http:\/\/www.ull.es\/cultura\" target=\"_blank\" rel=\"noreferrer noopener\">foire culturelle<\/a><\/li>\n<\/ul>\n<\/div><\/div><\/div><\/div>\n<\/div><\/div><\/div>\n\n\n\n<div class=\"wp-block-stackable-column stk-block-column stk-column stk-block stk-2940ef2\" data-v=\"4\" data-block-id=\"2940ef2\"><style>@media screen and (min-width: 768px){.stk-2940ef2 {flex:var(--stk-flex-grow, 1) 1 25% !important;}}<\/style><div class=\"stk-column-wrapper stk-block-column__content stk-container stk-2940ef2-container stk--no-background stk--no-padding\"><div class=\"stk-block-content stk-inner-blocks stk-2940ef2-inner-blocks\">\n<div class=\"wp-block-stackable-card stk-block-card stk-block stk-9def08f is-style-default\" data-v=\"2\" data-block-id=\"9def08f\"><style>.stk-9def08f .stk-block-card__image img{object-fit:contain !important;}<\/style><div class=\"stk--no-padding stk-container stk-9def08f-container stk-hover-parent\"><figure class=\"stk-block-card__image stk-img-wrapper stk-image--shape-stretch\"><img loading=\"lazy\" decoding=\"async\" class=\"stk-img wp-image-9975\" src=\"https:\/\/www.ull.es\/wp-content\/uploads\/2024\/08\/WEB-SEGUIMOS-CONTIGO_Boton-Alumni.png\" width=\"700\" height=\"300\" srcset=\"https:\/\/www.ull.es\/wp-content\/uploads\/2024\/08\/WEB-SEGUIMOS-CONTIGO_Boton-Alumni.png 700w, https:\/\/www.ull.es\/wp-content\/uploads\/2024\/08\/WEB-SEGUIMOS-CONTIGO_Boton-Alumni-300x129.png 300w, https:\/\/www.ull.es\/wp-content\/uploads\/2024\/08\/WEB-SEGUIMOS-CONTIGO_Boton-Alumni-200x86.png 200w, https:\/\/www.ull.es\/wp-content\/uploads\/2024\/08\/WEB-SEGUIMOS-CONTIGO_Boton-Alumni-375x161.png 375w\" sizes=\"auto, (max-width: 700px) 100vw, 700px\" \/><\/figure><div class=\"stk-container-padding stk-block-card__content\"><div class=\"stk-block-content stk-inner-blocks stk-9def08f-inner-blocks\">\n<div class=\"wp-block-stackable-text stk-block-text stk-block stk-5c08dd9\" data-block-id=\"5c08dd9\"><style>.stk-5c08dd9 {margin-top:-50px !important;}<\/style><p class=\"stk-block-text__text\">L&#039;Association des anciens \u00e9l\u00e8ves et amis de l&#039;Universit\u00e9 de La Laguna a pour objectif de connecter ses anciens \u00e9l\u00e8ves et tous ceux qui souhaitent rejoindre le projet avec l&#039;Universit\u00e9 de La Laguna, en renfor\u00e7ant les relations entre eux en promouvant une vari\u00e9t\u00e9 d&#039;activit\u00e9s.<\/p><\/div>\n\n\n\n<ul class=\"wp-block-list\" data-block-type=\"core\">\n<li data-block-type=\"core\"><a href=\"http:\/\/www.alumniull.es\/\" target=\"_blank\" rel=\"noreferrer noopener\">Alu<\/a><a href=\"https:\/\/fg.ull.es\/empleo\/\" target=\"_blank\" rel=\"noreferrer noopener\"><\/a><a href=\"http:\/\/www.ull.es\/cultura\" target=\"_blank\" rel=\"noreferrer noopener\">mni ULL<\/a><\/li>\n<\/ul>\n<\/div><\/div><\/div><\/div>\n<\/div><\/div><\/div>\n<\/div><\/div>","protected":false},"excerpt":{"rendered":"<p>Votre avenir, notre engagement. \u00c0 l&#039;Universit\u00e9 de La Laguna, nous ne nous limitons pas \u00e0 accompagner les \u00e9tudiants uniquement pendant leurs \u00e9tudes de licence. Nous voulons aller plus loin, beaucoup plus loin\u2026 car la formation et la reconversion professionnelles sont de plus en plus importantes tout au long de leur parcours\u2026<\/p>","protected":false},"author":43,"featured_media":8266,"parent":0,"menu_order":0,"comment_status":"closed","ping_status":"closed","template":"templates\/template-frontpage.php","meta":{"footnotes":""},"class_list":["post-8250","page","type-page","status-publish","has-post-thumbnail","hentry"],"_links":{"self":[{"href":"https:\/\/www.ull.es\/fr\/wp-json\/wp\/v2\/pages\/8250","targetHints":{"allow":["GET"]}}],"collection":[{"href":"https:\/\/www.ull.es\/fr\/wp-json\/wp\/v2\/pages"}],"about":[{"href":"https:\/\/www.ull.es\/fr\/wp-json\/wp\/v2\/types\/page"}],"author":[{"embeddable":true,"href":"https:\/\/www.ull.es\/fr\/wp-json\/wp\/v2\/users\/43"}],"replies":[{"embeddable":true,"href":"https:\/\/www.ull.es\/fr\/wp-json\/wp\/v2\/comments?post=8250"}],"version-history":[{"count":57,"href":"https:\/\/www.ull.es\/fr\/wp-json\/wp\/v2\/pages\/8250\/revisions"}],"predecessor-version":[{"id":13207,"href":"https:\/\/www.ull.es\/fr\/wp-json\/wp\/v2\/pages\/8250\/revisions\/13207"}],"wp:featuredmedia":[{"embeddable":true,"href":"https:\/\/www.ull.es\/fr\/wp-json\/wp\/v2\/media\/8266"}],"wp:attachment":[{"href":"https:\/\/www.ull.es\/fr\/wp-json\/wp\/v2\/media?parent=8250"}],"curies":[{"name":"wp","href":"https:\/\/api.w.org\/{rel}","templated":true}]}}