{"id":8422,"date":"2023-07-11T11:56:05","date_gmt":"2023-07-11T11:56:05","guid":{"rendered":"https:\/\/www.ull.es\/?page_id=8422"},"modified":"2025-09-04T07:51:14","modified_gmt":"2025-09-04T07:51:14","slug":"informacion-de-matricula-acceso-para-mayores-de-40-anos","status":"publish","type":"page","link":"https:\/\/www.ull.es\/fr\/informacion-de-matricula-acceso-para-mayores-de-40-anos\/","title":{"rendered":"Informations d&#039;inscription pour les personnes de plus de 40 ans"},"content":{"rendered":"<div class=\"wp-block-stackable-heading stk-block-heading stk-block-heading--v2 stk-block stk-52ad0ac\" id=\"informacion-de-matricula-acceso-para-mayores-de-40-anos\" data-block-id=\"52ad0ac\"><style>.stk-52ad0ac {padding-top:5% !important;}.stk-52ad0ac .stk-block-heading__text{font-weight:400 !important;}<\/style><h1 class=\"stk-block-heading__text\">Informations d&#039;inscription pour les personnes de plus de 40 ans<\/h1><\/div>\n\n\n\n<p class=\"has-text-align-left\" data-block-type=\"core\"><\/p>\n\n\n\n<p data-block-type=\"core\"><strong>IMPORTANT<\/strong>:Avant de soumettre la demande et de payer les frais d&#039;inscription, v\u00e9rifiez que vous pouvez justifier d&#039;un travail ou d&#039;une exp\u00e9rience professionnelle en rapport avec la formation ou les \u00e9tudes universitaires auxquelles vous postulez (<strong>au moins 15 ans<\/strong>). <\/p>\n\n\n\n<p data-block-type=\"core\">En aucun cas, les utilisateurs enregistr\u00e9s ne pourront pr\u00e9tendre au remboursement des frais et tarifs publics s&#039;ils n&#039;obtiennent finalement pas le ou les acc\u00e8s demand\u00e9s.<\/p>\n\n\n\n<p data-block-type=\"core\">Si vous avez des questions, veuillez contacter le Bureau des examens d&#039;entr\u00e9e (acceso@ull.es).<\/p>\n\n\n\n<details class=\"wp-block-stackable-accordion stk-block-accordion stk-inner-blocks stk-block-content stk--single-open stk-block stk-e8acb61 is-style-default\" id=\"requisitos\" data-block-id=\"e8acb61\"><style>.stk-e8acb61 {margin-bottom:0px !important;}<\/style>\n<summary class=\"wp-block-stackable-column stk-block-column stk-column stk-block stk-7d1a765 stk--container-small stk-block-accordion__heading\" data-v=\"4\" data-block-id=\"7d1a765\"><style>.stk-7d1a765-container{box-shadow:none !important;}<\/style><div class=\"stk-column-wrapper stk-block-column__content stk-container stk-7d1a765-container stk-hover-parent\"><div class=\"stk-block-content stk-inner-blocks stk-7d1a765-inner-blocks\">\n<div class=\"wp-block-stackable-icon-label stk-block-icon-label stk-block stk-cd9c80a stk-block-background\" data-block-id=\"cd9c80a\"><style>.stk-cd9c80a {border-style:solid !important;border-color:#ebebeb !important;border-top-width:1px !important;border-right-width:1px !important;border-bottom-width:1px !important;border-left-width:1px !important;padding-top:5px !important;padding-right:10px !important;padding-bottom:5px !important;padding-left:10px !important;}<\/style><div class=\"stk-row stk-inner-blocks stk-block-content\">\n<div class=\"wp-block-stackable-heading stk-block-heading stk-block-heading--v2 stk-block stk-0133945\" id=\"strong-requisitos-de-matricula-strong\" data-block-id=\"0133945\"><style>.stk-0133945 {padding-top:5px !important;padding-bottom:5px !important;padding-left:5px !important;}.stk-0133945 .stk-block-heading__text{color:#5f5f5f !important;font-weight:600 !important;}.stk-0133945 .stk-block-heading__text:hover{color:#5c068c !important;}<\/style><h4 class=\"stk-block-heading__text has-text-color\"><strong>Conditions d&#039;inscription<\/strong><\/h4><\/div>\n\n\n\n<div class=\"wp-block-stackable-icon stk-block-icon stk-block stk-c2ecf21\" data-block-id=\"c2ecf21\"><span class=\"stk--svg-wrapper\"><div class=\"stk--inner-svg\"><svg style=\"height:0;width:0\"><defs><lineargradient id=\"linear-gradient-c2ecf21\" x1=\"0\" x2=\"100%\" y1=\"0\" y2=\"0\"><stop offset=\"0%\" style=\"stop-opacity:1;stop-color:var(--linear-gradient-c-2-ecf-21-color-1)\"><\/stop><stop offset=\"100%\" style=\"stop-opacity:1;stop-color:var(--linear-gradient-c-2-ecf-21-color-2)\"><\/stop><\/lineargradient><\/defs><\/svg><svg data-prefix=\"fas\" data-icon=\"chevron-down\" class=\"svg-inline--fa fa-chevron-down fa-w-14\" xmlns=\"http:\/\/www.w3.org\/2000\/svg\" viewbox=\"0 0 448 512\" aria-hidden=\"true\" width=\"32\" height=\"32\"><path fill=\"currentColor\" d=\"M207.029 381.476L12.686 187.132c-9.373-9.373-9.373-24.569 0-33.941l22.667-22.667c9.357-9.357 24.522-9.375 33.901-.04L224 284.505l154.745-154.021c9.379-9.335 24.544-9.317 33.901.04l22.667 22.667c9.373 9.373 9.373 24.569 0 33.941L240.971 381.476c-9.373 9.372-24.569 9.372-33.942 0z\"><\/path><\/svg><\/div><\/span><\/div>\n<\/div><\/div>\n<\/div><\/div><\/summary>\n\n\n\n<div class=\"wp-block-stackable-column stk-block-column stk-column stk-block stk-01b9629 stk-block-accordion__content\" data-v=\"4\" data-block-id=\"01b9629\"><style>.stk-01b9629 {padding-left:30px !important;margin-top:-40px !important;}<\/style><div class=\"stk-column-wrapper stk-block-column__content stk-container stk-01b9629-container stk--no-background stk--no-padding\"><div class=\"stk-block-content stk-inner-blocks stk-01b9629-inner-blocks\">\n<div class=\"wp-block-stackable-text stk-block-text stk-block stk-f26b22e\" data-block-id=\"f26b22e\"><p class=\"stk-block-text__text\">Les personnes \u00e9ligibles \u00e0 cette proc\u00e9dure d\u2019acc\u00e8s sont celles qui remplissent les conditions suivantes avant le 31 d\u00e9cembre 2026 :<\/p><\/div>\n\n\n\n<ul class=\"wp-block-list\" data-block-type=\"core\">\n<li data-block-type=\"core\">Avoir ou avoir atteint l\u2019\u00e2ge de 40 ans.<\/li>\n\n\n\n<li data-block-type=\"core\">Ne pas \u00eatre en possession de qualifications acad\u00e9miques permettant l\u2019admission \u00e0 l\u2019universit\u00e9 par d\u2019autres moyens. \u00c0 ces fins, la r\u00e9ussite de l&#039;examen PAM-25 dans n&#039;importe quelle universit\u00e9 espagnole ou de l&#039;examen PAM-45 dans n&#039;importe quelle universit\u00e9 publique des \u00eeles Canaries est consid\u00e9r\u00e9e comme qualifiant le candidat pour l&#039;admission \u00e0 l&#039;universit\u00e9 par d&#039;autres canaux.<\/li>\n\n\n\n<li data-block-type=\"core\">Fournir une preuve de travail ou d\u2019exp\u00e9rience professionnelle li\u00e9e \u00e0 la formation ou aux \u00e9tudes universitaires pour lesquelles vous postulez. Cette exp\u00e9rience, qu&#039;elle soit continue ou discontinue, doit totaliser un minimum de quinze ann\u00e9es.<\/li>\n<\/ul>\n<\/div><\/div><\/div>\n<\/details>\n\n\n\n<details class=\"wp-block-stackable-accordion stk-block-accordion stk-inner-blocks stk-block-content stk--single-open stk-block stk-c83dde4 is-style-default\" id=\"solicitud\" data-block-id=\"c83dde4\"><style>.stk-c83dde4 {margin-top:-40px !important;margin-bottom:0px !important;}<\/style>\n<summary class=\"wp-block-stackable-column stk-block-column stk-column stk-block stk-b0092d4 stk--container-small stk-block-accordion__heading\" data-v=\"4\" data-block-id=\"b0092d4\"><style>.stk-b0092d4-container{box-shadow:none !important;}<\/style><div class=\"stk-column-wrapper stk-block-column__content stk-container stk-b0092d4-container stk-hover-parent\"><div class=\"stk-block-content stk-inner-blocks stk-b0092d4-inner-blocks\">\n<div class=\"wp-block-stackable-icon-label stk-block-icon-label stk-block stk-3d0bb90 stk-block-background\" data-block-id=\"3d0bb90\"><style>.stk-3d0bb90 {border-style:solid !important;border-color:#ebebeb !important;border-top-width:1px !important;border-right-width:1px !important;border-bottom-width:1px !important;border-left-width:1px !important;padding-top:5px !important;padding-right:10px !important;padding-bottom:5px !important;padding-left:10px !important;}<\/style><div class=\"stk-row stk-inner-blocks stk-block-content\">\n<div class=\"wp-block-stackable-heading stk-block-heading stk-block-heading--v2 stk-block stk-2af7e1f\" id=\"strong-solicitud-de-matricula-strong\" data-block-id=\"2af7e1f\"><style>.stk-2af7e1f {padding-top:5px !important;padding-bottom:5px !important;padding-left:5px !important;}.stk-2af7e1f .stk-block-heading__text{color:#5f5f5f !important;font-weight:600 !important;}.stk-2af7e1f .stk-block-heading__text:hover{color:#5c068c !important;}<\/style><h4 class=\"stk-block-heading__text has-text-color\"><strong>Demande d&#039;inscription<\/strong><\/h4><\/div>\n\n\n\n<div class=\"wp-block-stackable-icon stk-block-icon stk-block stk-9254cf3\" data-block-id=\"9254cf3\"><span class=\"stk--svg-wrapper\"><div class=\"stk--inner-svg\"><svg style=\"height:0;width:0\"><defs><lineargradient id=\"linear-gradient-9254cf3\" x1=\"0\" x2=\"100%\" y1=\"0\" y2=\"0\"><stop offset=\"0%\" style=\"stop-opacity:1;stop-color:var(--linear-gradient-9254-cf-3-color-1)\"><\/stop><stop offset=\"100%\" style=\"stop-opacity:1;stop-color:var(--linear-gradient-9254-cf-3-color-2)\"><\/stop><\/lineargradient><\/defs><\/svg><svg data-prefix=\"fas\" data-icon=\"chevron-down\" class=\"svg-inline--fa fa-chevron-down fa-w-14\" xmlns=\"http:\/\/www.w3.org\/2000\/svg\" viewbox=\"0 0 448 512\" aria-hidden=\"true\" width=\"32\" height=\"32\"><path fill=\"currentColor\" d=\"M207.029 381.476L12.686 187.132c-9.373-9.373-9.373-24.569 0-33.941l22.667-22.667c9.357-9.357 24.522-9.375 33.901-.04L224 284.505l154.745-154.021c9.379-9.335 24.544-9.317 33.901.04l22.667 22.667c9.373 9.373 9.373 24.569 0 33.941L240.971 381.476c-9.373 9.372-24.569 9.372-33.942 0z\"><\/path><\/svg><\/div><\/span><\/div>\n<\/div><\/div>\n<\/div><\/div><\/summary>\n\n\n\n<div class=\"wp-block-stackable-column stk-block-column stk-column stk-block stk-ccc88b7 stk-block-accordion__content\" data-v=\"4\" data-block-id=\"ccc88b7\"><style>.stk-ccc88b7 {padding-top:30px !important;padding-right:30px !important;padding-bottom:30px !important;padding-left:30px !important;margin-top:-80px !important;}<\/style><div class=\"stk-column-wrapper stk-block-column__content stk-container stk-ccc88b7-container stk--no-background stk--no-padding\"><div class=\"stk-block-content stk-inner-blocks stk-ccc88b7-inner-blocks\">\n<div class=\"wp-block-stackable-text stk-block-text stk-block stk-a19b06a\" data-block-id=\"a19b06a\"><p class=\"stk-block-text__text\"><a href=\"https:\/\/sede.ull.es\/ecivilis-site\/catalog\/showProcedure\/221\" target=\"_blank\" rel=\"noreferrer noopener\">Demande d&#039;inscription aux cours et examen d&#039;entr\u00e9e pour les personnes de plus de 40 ans.<\/a><\/p><\/div>\n\n\n\n<p data-block-type=\"core\">&nbsp;Date limite de soumission : <strong>du 22 septembre au 2 octobre 2025 \u00e0 14h00<\/strong>.<\/p>\n\n\n\n<p data-block-type=\"core\">Les candidats doivent indiquer dans la demande le ou les niveaux pour lesquels ils demandent l&#039;acc\u00e8s.&nbsp;<\/p>\n\n\n\n<p data-block-type=\"core\">En aucun cas, les utilisateurs enregistr\u00e9s ne pourront pr\u00e9tendre au remboursement des frais et tarifs publics s&#039;ils n&#039;obtiennent finalement pas le ou les acc\u00e8s demand\u00e9s.<\/p>\n<\/div><\/div><\/div>\n<\/details>\n\n\n\n<details class=\"wp-block-stackable-accordion stk-block-accordion stk-inner-blocks stk-block-content stk--single-open stk-block stk-9013d13 is-style-default\" id=\"documentacion-a-aportar\" data-block-id=\"9013d13\"><style>.stk-9013d13 {margin-top:-40px !important;margin-bottom:0px !important;}<\/style>\n<summary class=\"wp-block-stackable-column stk-block-column stk-column stk-block stk-d5181bf stk--container-small stk-block-accordion__heading\" data-v=\"4\" data-block-id=\"d5181bf\"><style>.stk-d5181bf-container{box-shadow:none !important;}<\/style><div class=\"stk-column-wrapper stk-block-column__content stk-container stk-d5181bf-container stk-hover-parent\"><div class=\"stk-block-content stk-inner-blocks stk-d5181bf-inner-blocks\">\n<div class=\"wp-block-stackable-icon-label stk-block-icon-label stk-block stk-807db91 stk-block-background\" data-block-id=\"807db91\"><style>.stk-807db91 {border-style:solid !important;border-color:#ebebeb !important;border-top-width:1px !important;border-right-width:1px !important;border-bottom-width:1px !important;border-left-width:1px !important;padding-top:5px !important;padding-right:10px !important;padding-bottom:5px !important;padding-left:10px !important;}<\/style><div class=\"stk-row stk-inner-blocks stk-block-content\">\n<div class=\"wp-block-stackable-heading stk-block-heading stk-block-heading--v2 stk-block stk-3c1b633\" id=\"strong-documentacion-a-aportar-en-la-matricula-strong\" data-block-id=\"3c1b633\"><style>.stk-3c1b633 {padding-top:5px !important;padding-bottom:5px !important;padding-left:5px !important;}.stk-3c1b633 .stk-block-heading__text{color:#5f5f5f !important;font-weight:600 !important;}.stk-3c1b633 .stk-block-heading__text:hover{color:#5c068c !important;}<\/style><h4 class=\"stk-block-heading__text has-text-color\"><strong>Documents \u00e0 fournir pour l&#039;inscription<\/strong><\/h4><\/div>\n\n\n\n<div class=\"wp-block-stackable-icon stk-block-icon stk-block stk-7129940\" data-block-id=\"7129940\"><span class=\"stk--svg-wrapper\"><div class=\"stk--inner-svg\"><svg style=\"height:0;width:0\"><defs><lineargradient id=\"linear-gradient-7129940\" x1=\"0\" x2=\"100%\" y1=\"0\" y2=\"0\"><stop offset=\"0%\" style=\"stop-opacity:1;stop-color:var(--linear-gradient-7129940-color-1)\"><\/stop><stop offset=\"100%\" style=\"stop-opacity:1;stop-color:var(--linear-gradient-7129940-color-2)\"><\/stop><\/lineargradient><\/defs><\/svg><svg data-prefix=\"fas\" data-icon=\"chevron-down\" class=\"svg-inline--fa fa-chevron-down fa-w-14\" xmlns=\"http:\/\/www.w3.org\/2000\/svg\" viewbox=\"0 0 448 512\" aria-hidden=\"true\" width=\"32\" height=\"32\"><path fill=\"currentColor\" d=\"M207.029 381.476L12.686 187.132c-9.373-9.373-9.373-24.569 0-33.941l22.667-22.667c9.357-9.357 24.522-9.375 33.901-.04L224 284.505l154.745-154.021c9.379-9.335 24.544-9.317 33.901.04l22.667 22.667c9.373 9.373 9.373 24.569 0 33.941L240.971 381.476c-9.373 9.372-24.569 9.372-33.942 0z\"><\/path><\/svg><\/div><\/span><\/div>\n<\/div><\/div>\n<\/div><\/div><\/summary>\n\n\n\n<div class=\"wp-block-stackable-column stk-block-column stk-column stk-block stk-8d4a568 stk-block-accordion__content\" data-v=\"4\" data-block-id=\"8d4a568\"><style>.stk-8d4a568 {padding-left:30px !important;margin-top:-40px !important;}<\/style><div class=\"stk-column-wrapper stk-block-column__content stk-container stk-8d4a568-container stk--no-background stk--no-padding\"><div class=\"stk-block-content stk-inner-blocks stk-8d4a568-inner-blocks\">\n<p data-block-type=\"core\">Conform\u00e9ment aux dispositions de l\u2019article 28 de la <a href=\"https:\/\/www.boe.es\/buscar\/act.php?id=BOE-A-2015-10565\" target=\"_blank\" rel=\"noopener\">Loi 39\/2015, du 1er octobre, sur la proc\u00e9dure administrative commune des administrations publiques<\/a> (BOE n\u00b0 236, du 2 octobre), l&#039;Universit\u00e9 de La Laguna peut collecter \u00e9lectroniquement via ses r\u00e9seaux d&#039;entreprise ou une consultation sur les plateformes d&#039;interm\u00e9diation de donn\u00e9es ou autres syst\u00e8mes \u00e9lectroniques habilit\u00e9s \u00e0 cet effet, \u00e0 moins que la partie int\u00e9ress\u00e9e ne s&#039;y oppose, par le biais du<a href=\"https:\/\/sede.ull.es\/ecivilis-site\/catalog\/showProcedure\/614\" target=\"_blank\" rel=\"noopener\"> <\/a><a href=\"https:\/\/sede.ull.es\/ecivilis-site\/catalog\/showProcedure\/614\" target=\"_blank\" rel=\"noopener\">proc\u00e9dure \u00e9lectronique<\/a> correspondant, les documents indiqu\u00e9s dans les sections suivantes.<\/p>\n\n\n\n<p data-block-type=\"core\">Les demandeurs ne sont pas tenus de pr\u00e9senter une pi\u00e8ce d&#039;identit\u00e9 nationale (DNI) ni un num\u00e9ro d&#039;identification d&#039;\u00e9tranger (NIE). L&#039;identification sera fournie par le biais du justificatif d&#039;identit\u00e9 ULL ou d&#039;un certificat \u00e9lectronique, et l&#039;interm\u00e9diation des donn\u00e9es sera effectu\u00e9e via le service de v\u00e9rification et d&#039;interrogation des donn\u00e9es d&#039;identit\u00e9 (SVDI) de la plateforme d&#039;interm\u00e9diation des donn\u00e9es (PID).<\/p>\n\n\n\n<p data-block-type=\"core\">Si l&#039;int\u00e9ress\u00e9 exerce son droit d&#039;opposition comme indiqu\u00e9 dans la premi\u00e8re section, il devra pr\u00e9senter une copie desdits documents.<\/p>\n\n\n\n<p data-block-type=\"core\"><strong>Documents prouvant les \u00e9tudes universitaires justifiant le niveau sup\u00e9rieur d&#039;\u00e9tudes compl\u00e9t\u00e9 par le candidat.<\/strong><\/p>\n\n\n\n<p data-block-type=\"core\">3.1. Si les \u00e9tudes ant\u00e9rieures de l&#039;\u00e9tudiant se d\u00e9roulaient dans le cadre du syst\u00e8me \u00e9ducatif espagnol, l&#039;Universit\u00e9 de La Laguna v\u00e9rifiera \u00e9lectroniquement le niveau d&#039;\u00e9tudes compl\u00e9t\u00e9 en cochant la case correspondante sur le formulaire d&#039;inscription.<\/p>\n\n\n\n<p data-block-type=\"core\">Si l&#039;int\u00e9ress\u00e9 exerce son droit d&#039;opposition comme indiqu\u00e9 dans le premier paragraphe, il devra fournir un certificat du d\u00e9partement r\u00e9gional de l&#039;\u00e9ducation de sa communaut\u00e9 autonome attestant du niveau d&#039;\u00e9tudes le plus \u00e9lev\u00e9 atteint par le demandeur.<\/p>\n\n\n\n<p data-block-type=\"core\">3.2.- Si les \u00e9tudes ant\u00e9rieures du demandeur ont \u00e9t\u00e9 effectu\u00e9es dans un syst\u00e8me \u00e9ducatif autre que l&#039;espagnol, un certificat officiel d\u00e9livr\u00e9 par le minist\u00e8re comp\u00e9tent ou la repr\u00e9sentation consulaire certifiant le niveau d&#039;\u00e9tudes le plus \u00e9lev\u00e9 atteint par le demandeur doit \u00eatre fourni. Ce document doit \u00eatre l\u00e9galis\u00e9 par voie diplomatique et, s&#039;il est d\u00e9livr\u00e9 dans une autre langue, traduit en espagnol.<\/p>\n\n\n\n<p data-block-type=\"core\"><strong>Documents prouvant l&#039;exp\u00e9rience professionnelle<\/strong>:<\/p>\n\n\n\n<p data-block-type=\"core\">Ils doivent pr\u00e9senter une liste de leurs travaux ou exp\u00e9riences professionnelles par ordre chronologique. <\/p>\n\n\n\n<ul class=\"wp-block-list\" data-block-type=\"core\">\n<li data-block-type=\"core\">Les candidats <strong>femmes employ\u00e9es<\/strong> doit fournir :<ul><li>Attestation de la Tr\u00e9sorerie g\u00e9n\u00e9rale de la s\u00e9curit\u00e9 sociale, de l&#039;Institut social de la Marine, le cas \u00e9ch\u00e9ant, ou de la mutuelle d&#039;affiliation, ou \u00e9quivalent pour les organismes \u00e9trangers, pr\u00e9cisant l&#039;entreprise, la cat\u00e9gorie d&#039;emploi (groupe de cotisation) et la dur\u00e9e d&#039;emploi (exp\u00e9rience professionnelle). L&#039;\u00e9valuation sera effectu\u00e9e mensuellement, conform\u00e9ment aux dispositions du <a href=\"#_heading=h.iz65koejqwb6\" target=\"_blank\" rel=\"noopener\">Annexe V<\/a>.<\/li><\/ul>\n<ul class=\"wp-block-list\" data-block-type=\"core\">\n<li data-block-type=\"core\">Original et copie des contrats de travail respectifs et de leurs prolongations, le cas \u00e9ch\u00e9ant, qui certifient l&#039;exp\u00e9rience professionnelle du candidat ou, le cas \u00e9ch\u00e9ant, la nomination par l&#039;administration correspondante.<\/li>\n<\/ul>\n<\/li>\n\n\n\n<li data-block-type=\"core\">Les candidats <strong>travailleurs ind\u00e9pendants ou freelance<\/strong> Ils doivent fournir une attestation de la Tr\u00e9sorerie G\u00e9n\u00e9rale de la S\u00e9curit\u00e9 Sociale, de l&#039;Institut Social de la Marine, le cas \u00e9ch\u00e9ant, ou de la Mutuelle \u00e0 laquelle ils sont affili\u00e9s, ou \u00e9quivalent dans le cas d&#039;organismes \u00e9trangers, des p\u00e9riodes d&#039;inscription au r\u00e9gime sp\u00e9cial correspondant et une description de l&#039;activit\u00e9 exerc\u00e9e et de l&#039;intervalle de temps dans lequel elle a \u00e9t\u00e9 exerc\u00e9e.<\/li>\n<\/ul>\n\n\n\n<p data-block-type=\"core\">Tous les documents prouvant l&#039;exp\u00e9rience professionnelle doivent \u00eatre soumis dans un seul fichier PDF en utilisant la proc\u00e9dure activ\u00e9e sur le site \u00e9lectronique.<\/p>\n\n\n\n<p data-block-type=\"core\"><strong>Documentation prouvant la formation<\/strong>:<\/p>\n\n\n\n<p data-block-type=\"core\"><a target=\"_blank\" rel=\"noopener\"><\/a>Ils doivent pr\u00e9parer une liste des formations accr\u00e9dit\u00e9es par ordre chronologique et doivent fournir des pi\u00e8ces justificatives pour les formations li\u00e9es au dipl\u00f4me universitaire officiel de premier cycle choisi, en pr\u00e9cisant le nombre d&#039;heures de formation re\u00e7ues.<\/p>\n\n\n\n<p data-block-type=\"core\">Tous les documents justifiant la formation doivent \u00eatre soumis dans un seul fichier PDF en utilisant la proc\u00e9dure activ\u00e9e sur le site \u00e9lectronique.<\/p>\n\n\n\n<p data-block-type=\"core\"><strong>Documentation prouvant le droit \u00e0 <strong>exon\u00e9ration ou bonus<\/strong><\/strong>:<\/p>\n\n\n\n<p data-block-type=\"core\">Si vous avez droit \u00e0 <strong><a href=\"https:\/\/drive.google.com\/file\/d\/1t2JgX9PzpcAIhS7DazgFnqkyGqzJBmQE\/view?usp=sharing\" target=\"_blank\" rel=\"noreferrer noopener\">exon\u00e9ration ou bonus<\/a> des prix des frais de scolarit\u00e9 publics<\/strong>, doit pr\u00e9senter la documentation qui le prouve.<\/p>\n\n\n\n<p data-block-type=\"core\"><a target=\"_blank\" rel=\"noopener\"><\/a>Toutefois, l&#039;Universit\u00e9 de La Laguna peut recueillir par voie \u00e9lectronique l&#039;accr\u00e9ditation du statut de personne handicap\u00e9e ou du statut de membre d&#039;une famille nombreuse, \u00e0 moins que la personne int\u00e9ress\u00e9e ne s&#039;y oppose, par l&#039;interm\u00e9diaire du<a href=\"https:\/\/sede.ull.es\/ecivilis-site\/catalog\/showProcedure\/614\" target=\"_blank\" rel=\"noopener\"> <\/a><a href=\"https:\/\/sede.ull.es\/ecivilis-site\/catalog\/showProcedure\/614\" target=\"_blank\" rel=\"noopener\">proc\u00e9dure \u00e9lectronique<\/a> correspondant.<\/p>\n<\/div><\/div><\/div>\n<\/details>\n\n\n\n<details class=\"wp-block-stackable-accordion stk-block-accordion stk-inner-blocks stk-block-content stk--single-open stk-block stk-100151e is-style-default\" id=\"precios-publicos\" data-block-id=\"100151e\"><style>.stk-100151e {margin-top:-40px !important;}<\/style>\n<summary class=\"wp-block-stackable-column stk-block-column stk-column stk-block stk-4b3de37 stk--container-small stk-block-accordion__heading\" data-v=\"4\" data-block-id=\"4b3de37\"><style>.stk-4b3de37-container{box-shadow:none !important;}<\/style><div class=\"stk-column-wrapper stk-block-column__content stk-container stk-4b3de37-container stk-hover-parent\"><div class=\"stk-block-content stk-inner-blocks stk-4b3de37-inner-blocks\">\n<div class=\"wp-block-stackable-icon-label stk-block-icon-label stk-block stk-c822d67 stk-block-background\" data-block-id=\"c822d67\"><style>.stk-c822d67 {border-style:solid !important;border-color:#ebebeb !important;border-top-width:1px !important;border-right-width:1px !important;border-bottom-width:1px !important;border-left-width:1px !important;padding-top:5px !important;padding-right:10px !important;padding-bottom:5px !important;padding-left:10px !important;}<\/style><div class=\"stk-row stk-inner-blocks stk-block-content\">\n<div class=\"wp-block-stackable-heading stk-block-heading stk-block-heading--v2 stk-block stk-1b3211e\" id=\"strong-precios-publicos-y-exenciones-de-matricula-strong\" data-block-id=\"1b3211e\"><style>.stk-1b3211e {padding-top:5px !important;padding-bottom:5px !important;padding-left:5px !important;}.stk-1b3211e .stk-block-heading__text{color:#5f5f5f !important;}.stk-1b3211e .stk-block-heading__text:hover{color:#5c068c !important;}<\/style><h4 class=\"stk-block-heading__text has-text-color\"><strong>Tarifs publics et exon\u00e9rations de frais de scolarit\u00e9<\/strong><\/h4><\/div>\n\n\n\n<div class=\"wp-block-stackable-icon stk-block-icon stk-block stk-a3c00ce\" data-block-id=\"a3c00ce\"><span class=\"stk--svg-wrapper\"><div class=\"stk--inner-svg\"><svg style=\"height:0;width:0\"><defs><lineargradient id=\"linear-gradient-a3c00ce\" x1=\"0\" x2=\"100%\" y1=\"0\" y2=\"0\"><stop offset=\"0%\" style=\"stop-opacity:1;stop-color:var(--linear-gradient-a-3-c-00-ce-color-1)\"><\/stop><stop offset=\"100%\" style=\"stop-opacity:1;stop-color:var(--linear-gradient-a-3-c-00-ce-color-2)\"><\/stop><\/lineargradient><\/defs><\/svg><svg data-prefix=\"fas\" data-icon=\"chevron-down\" class=\"svg-inline--fa fa-chevron-down fa-w-14\" xmlns=\"http:\/\/www.w3.org\/2000\/svg\" viewbox=\"0 0 448 512\" aria-hidden=\"true\" width=\"32\" height=\"32\"><path fill=\"currentColor\" d=\"M207.029 381.476L12.686 187.132c-9.373-9.373-9.373-24.569 0-33.941l22.667-22.667c9.357-9.357 24.522-9.375 33.901-.04L224 284.505l154.745-154.021c9.379-9.335 24.544-9.317 33.901.04l22.667 22.667c9.373 9.373 9.373 24.569 0 33.941L240.971 381.476c-9.373 9.372-24.569 9.372-33.942 0z\"><\/path><\/svg><\/div><\/span><\/div>\n<\/div><\/div>\n<\/div><\/div><\/summary>\n\n\n\n<div class=\"wp-block-stackable-column stk-block-column stk-column stk-block stk-b8e2ee0 stk-block-accordion__content\" data-v=\"4\" data-block-id=\"b8e2ee0\"><style>.stk-b8e2ee0 {padding-left:30px !important;margin-top:-40px !important;}<\/style><div class=\"stk-column-wrapper stk-block-column__content stk-container stk-b8e2ee0-container stk--no-background stk--no-padding\"><div class=\"stk-block-content stk-inner-blocks stk-b8e2ee0-inner-blocks\">\n<ul class=\"wp-block-list\" data-block-type=\"core\">\n<li data-block-type=\"core\"><a href=\"http:\/\/www.gobiernodecanarias.org\/boc\/2022\/159\/001.html\" target=\"_blank\" rel=\"noreferrer noopener\">D\u00e9cret 177\/2022, du 3 ao\u00fbt, \u00e9tablissant et r\u00e9glementant les prix publics pour la prestation de services acad\u00e9miques et administratifs dans les universit\u00e9s publiques des \u00eeles Canaries pour l&#039;ann\u00e9e acad\u00e9mique 2022-2023 (prolong\u00e9e)<\/a>.<\/li>\n\n\n\n<li data-block-type=\"core\"><a href=\"https:\/\/drive.google.com\/file\/d\/1t2JgX9PzpcAIhS7DazgFnqkyGqzJBmQE\/view?usp=sharing\" target=\"_blank\" rel=\"noreferrer noopener\">Frais de scolarit\u00e9 et exemptions 2025-26<\/a>.<\/li>\n<\/ul>\n<\/div><\/div><\/div>\n<\/details>","protected":false},"excerpt":{"rendered":"<p>Informations d&#039;inscription pour les plus de 40 ans. IMPORTANT\u00a0: Avant de soumettre votre candidature et de r\u00e9gler les frais d&#039;inscription, veuillez v\u00e9rifier que vous disposez d&#039;une exp\u00e9rience professionnelle en lien avec le dipl\u00f4me universitaire ou les formations pour lesquels vous postulez (minimum 15\u00a0ans). Les candidats inscrits ne pourront en aucun cas pr\u00e9tendre \u00e0 un remboursement de leur\u2026<\/p>","protected":false},"author":26,"featured_media":0,"parent":0,"menu_order":0,"comment_status":"closed","ping_status":"closed","template":"templates\/template-frontpage.php","meta":{"footnotes":""},"class_list":["post-8422","page","type-page","status-publish","hentry"],"_links":{"self":[{"href":"https:\/\/www.ull.es\/fr\/wp-json\/wp\/v2\/pages\/8422","targetHints":{"allow":["GET"]}}],"collection":[{"href":"https:\/\/www.ull.es\/fr\/wp-json\/wp\/v2\/pages"}],"about":[{"href":"https:\/\/www.ull.es\/fr\/wp-json\/wp\/v2\/types\/page"}],"author":[{"embeddable":true,"href":"https:\/\/www.ull.es\/fr\/wp-json\/wp\/v2\/users\/26"}],"replies":[{"embeddable":true,"href":"https:\/\/www.ull.es\/fr\/wp-json\/wp\/v2\/comments?post=8422"}],"version-history":[{"count":41,"href":"https:\/\/www.ull.es\/fr\/wp-json\/wp\/v2\/pages\/8422\/revisions"}],"predecessor-version":[{"id":14053,"href":"https:\/\/www.ull.es\/fr\/wp-json\/wp\/v2\/pages\/8422\/revisions\/14053"}],"wp:attachment":[{"href":"https:\/\/www.ull.es\/fr\/wp-json\/wp\/v2\/media?parent=8422"}],"curies":[{"name":"wp","href":"https:\/\/api.w.org\/{rel}","templated":true}]}}