{"id":8817,"date":"2024-01-29T14:40:32","date_gmt":"2024-01-29T14:40:32","guid":{"rendered":"https:\/\/www.ull.es\/?page_id=8817"},"modified":"2024-12-23T13:00:46","modified_gmt":"2024-12-23T13:00:46","slug":"institucionales-2024","status":"publish","type":"page","link":"https:\/\/www.ull.es\/fr\/institucionales-2024\/","title":{"rendered":"Prix institutionnels de l&#039;Universit\u00e9 de La Laguna 2024"},"content":{"rendered":"<div class=\"wp-block-stackable-heading aligncenter stk-block-heading stk-block-heading--v2 stk-block stk-44a2db7 stk-block-background alignwide stk--has-background-overlay\" id=\"premios-institucionales-2024\" data-block-id=\"44a2db7\"><style>.stk-44a2db7 {background-image:url(https:\/\/www.ull.es\/wp-content\/uploads\/2024\/01\/fondo-premios.png) !important;padding-top:150px !important;padding-right:150px !important;padding-bottom:150px !important;padding-left:150px !important;margin-right:100px !important;margin-bottom:50px !important;margin-left:100px !important;}.stk-44a2db7 .stk-block-heading__text{text-shadow:0px 0px 100px #47494fff !important;color:#ffffff !important;font-weight:700 !important;}<\/style><h1 class=\"stk-block-heading__text has-text-color has-text-align-center\">Prix institutionnels 2024<\/h1><\/div>\n\n\n\n<div class=\"wp-block-stackable-text stk-block-text stk-block stk-d15648a\" data-block-id=\"d15648a\"><style>.stk-d15648a {margin-bottom:0px !important;}<\/style><p class=\"stk-block-text__text\">L&#039;Universit\u00e9 de La Laguna organise chaque ann\u00e9e le&nbsp;<strong>prix institutionnels<\/strong>&nbsp;rendre visible et valoriser l&#039;activit\u00e9 men\u00e9e dans les diff\u00e9rents domaines de la vie acad\u00e9mique par les personnes qui composent sa communaut\u00e9.&nbsp;<\/p><\/div>\n\n\n\n<p data-block-type=\"core\">Cette page compile les appels \u00e0 candidatures ouverts et, une fois les d\u00e9cisions des jurys rendues publiques, h\u00e9bergera \u00e9galement les r\u00e9sultats.<\/p>\n\n\n\n<p data-block-type=\"core\">La remise de ces prix aura lieu le&nbsp;<strong>11 mars, Journ\u00e9e institutionnelle de l&#039;Universit\u00e9 de La Laguna 2024.<\/strong><\/p>\n\n\n\n<div class=\"wp-block-stackable-heading stk-block-heading stk-block-heading--v2 stk-block stk-72f5738\" id=\"convocatorias\" data-block-id=\"72f5738\"><style>.stk-72f5738 {margin-top:24px !important;margin-bottom:22px !important;}.stk-72f5738 .stk-block-heading__text{color:#5c068c !important;}<\/style><h2 class=\"stk-block-heading__text has-text-color has-text-align-center\">Appels<\/h2><\/div>\n\n\n\n<div class=\"wp-block-stackable-columns stk-block-columns stk-block stk-595fd7b\" data-block-id=\"595fd7b\"><style>.stk-595fd7b {border-top-left-radius:15px !important;border-top-right-radius:15px !important;border-bottom-right-radius:15px !important;border-bottom-left-radius:15px !important;overflow:hidden !important;}.stk-595fd7b-column{row-gap:0px !important;}<\/style><div class=\"stk-row stk-inner-blocks stk-block-content stk-content-align stk-595fd7b-column\">\n<div class=\"wp-block-stackable-column stk-block-column stk-column stk-block stk-c875eee\" data-v=\"4\" data-block-id=\"c875eee\"><style>.stk-c875eee-inner-blocks{row-gap:0px !important;}<\/style><div class=\"stk-column-wrapper stk-block-column__content stk-container stk-c875eee-container stk--no-background stk--no-padding\"><div class=\"stk-block-content stk-inner-blocks stk-c875eee-inner-blocks\">\n<ul style=\"background-color:#ebebeb\" class=\"wp-block-list has-background\" data-block-type=\"core\">\n<li data-block-type=\"core\"><a href=\"https:\/\/www.ull.es\/portal\/convocatorias\/convocatoria\/novena-edicion-de-los-premios-a-la-internacionalizacion-de-la-universidad-de-la-laguna-convocatoria-2024\/\" target=\"_blank\" rel=\"noreferrer noopener\"><strong>IXe Prix d&#039;internationalisation<\/strong><\/a><\/li>\n\n\n\n<li data-block-type=\"core\"><a href=\"https:\/\/www.ull.es\/portal\/convocatorias\/convocatoria\/convocatoria-de-premios-de-innovacion-y-transferencia-educativa-2024\/\" target=\"_blank\" rel=\"noreferrer noopener\"><strong>XIIIe Prix de l&#039;Innovation et du Transfert&nbsp;<\/strong><strong>P\u00e9dagogique<\/strong><\/a><\/li>\n\n\n\n<li data-block-type=\"core\"><a href=\"https:\/\/www.ull.es\/portal\/convocatorias\/convocatoria\/convocatoria-de-la-xiii-edicion-de-los-premios-a-las-mejores-practicas-en-administracion-y-servicios-2024\/\" target=\"_blank\" rel=\"noreferrer noopener\"><strong>13e Prix des meilleures pratiques en administration et services<\/strong><\/a><\/li>\n\n\n\n<li data-block-type=\"core\"><a href=\"https:\/\/www.ull.es\/portal\/convocatorias\/convocatoria\/convocatoria-de-la-xiii-edicion-de-los-premios-a-la-investigacion-y-la-ii-edicion-del-premio-a-la-investigacion-categoria-junior-de-la-universidad-de-la-laguna\/\" target=\"_blank\" rel=\"noreferrer noopener\"><strong>XIIIe Prix de recherche et IIe Prix de recherche de cat\u00e9gorie junior<\/strong><\/a><\/li>\n\n\n\n<li data-block-type=\"core\"><strong>1er Prix du m\u00e9rite acad\u00e9mique<\/strong><\/li>\n\n\n\n<li data-block-type=\"core\"><a href=\"https:\/\/www.ull.es\/portal\/convocatorias\/convocatoria\/primera-edicion-de-los-premios-a-la-excelencia-educativa-de-la-universidad-de-la-laguna\/\" target=\"_blank\" rel=\"noreferrer noopener\"><strong>1er Prix d&#039;excellence p\u00e9dagogique<\/strong><\/a><\/li>\n\n\n\n<li data-block-type=\"core\">Il&nbsp;<strong>Prix de m\u00e9c\u00e9nat<\/strong>&nbsp;Il est nomm\u00e9 directement par le Rectorat \u00e0 une entit\u00e9 ou \u00e0 une personne dont la contribution \u00e0 l&#039;universit\u00e9 a \u00e9t\u00e9 pertinente et n&#039;est donc pas comp\u00e9titive.<\/li>\n<\/ul>\n<\/div><\/div><\/div>\n<\/div><\/div>\n\n\n\n<div class=\"wp-block-stackable-image stk-block-image stk-block stk-e4eee80\" data-block-id=\"e4eee80\"><style>.stk-e4eee80 {margin-top:-150px !important;z-index:0 !important;}<\/style><figure><span class=\"stk-img-wrapper stk-image--shape-stretch\"><img loading=\"lazy\" decoding=\"async\" class=\"stk-img wp-image-8839\" src=\"https:\/\/www.ull.es\/wp-content\/uploads\/2024\/01\/mancha.jpg\" width=\"1600\" height=\"1060\" srcset=\"https:\/\/www.ull.es\/wp-content\/uploads\/2024\/01\/mancha.jpg 1600w, https:\/\/www.ull.es\/wp-content\/uploads\/2024\/01\/mancha-300x199.jpg 300w, https:\/\/www.ull.es\/wp-content\/uploads\/2024\/01\/mancha-1024x678.jpg 1024w, https:\/\/www.ull.es\/wp-content\/uploads\/2024\/01\/mancha-768x509.jpg 768w, https:\/\/www.ull.es\/wp-content\/uploads\/2024\/01\/mancha-1536x1018.jpg 1536w, https:\/\/www.ull.es\/wp-content\/uploads\/2024\/01\/mancha-375x248.jpg 375w, https:\/\/www.ull.es\/wp-content\/uploads\/2024\/01\/mancha-750x497.jpg 750w, https:\/\/www.ull.es\/wp-content\/uploads\/2024\/01\/mancha-1140x755.jpg 1140w\" sizes=\"auto, (max-width: 1600px) 100vw, 1600px\" \/><\/span><\/figure><\/div>","protected":false},"excerpt":{"rendered":"<p>Prix institutionnels 2024. L&#039;Universit\u00e9 de La Laguna organise chaque ann\u00e9e ses prix institutionnels afin de souligner et de r\u00e9compenser le travail accompli dans divers domaines de la vie universitaire par les membres de sa communaut\u00e9. Cette page compile les appels \u00e0 candidatures ouverts et, une fois les d\u00e9cisions des jurys publi\u00e9es, en publiera les r\u00e9sultats. La pr\u00e9sentation\u2026<\/p>","protected":false},"author":30,"featured_media":0,"parent":0,"menu_order":0,"comment_status":"closed","ping_status":"closed","template":"templates\/template-width-100.php","meta":{"footnotes":""},"class_list":["post-8817","page","type-page","status-publish","hentry"],"_links":{"self":[{"href":"https:\/\/www.ull.es\/fr\/wp-json\/wp\/v2\/pages\/8817","targetHints":{"allow":["GET"]}}],"collection":[{"href":"https:\/\/www.ull.es\/fr\/wp-json\/wp\/v2\/pages"}],"about":[{"href":"https:\/\/www.ull.es\/fr\/wp-json\/wp\/v2\/types\/page"}],"author":[{"embeddable":true,"href":"https:\/\/www.ull.es\/fr\/wp-json\/wp\/v2\/users\/30"}],"replies":[{"embeddable":true,"href":"https:\/\/www.ull.es\/fr\/wp-json\/wp\/v2\/comments?post=8817"}],"version-history":[{"count":47,"href":"https:\/\/www.ull.es\/fr\/wp-json\/wp\/v2\/pages\/8817\/revisions"}],"predecessor-version":[{"id":10856,"href":"https:\/\/www.ull.es\/fr\/wp-json\/wp\/v2\/pages\/8817\/revisions\/10856"}],"wp:attachment":[{"href":"https:\/\/www.ull.es\/fr\/wp-json\/wp\/v2\/media?parent=8817"}],"curies":[{"name":"wp","href":"https:\/\/api.w.org\/{rel}","templated":true}]}}