{"id":9984,"date":"2024-09-04T07:47:13","date_gmt":"2024-09-04T07:47:13","guid":{"rendered":"https:\/\/www.ull.es\/?page_id=9984"},"modified":"2026-03-17T08:52:23","modified_gmt":"2026-03-17T08:52:23","slug":"asistenciales","status":"publish","type":"page","link":"https:\/\/www.ull.es\/fr\/asistenciales\/","title":{"rendered":"Asistenciales 2026"},"content":{"rendered":"<div class=\"wp-block-stackable-columns alignfull stk-block-columns stk-block stk-7279e2f stk-block-background stk--has-background-overlay\" data-block-id=\"7279e2f\"><style>.stk-7279e2f {background-image:url(https:\/\/www.ull.es\/wp-content\/uploads\/2025\/03\/web-ayudas-asistenciales_header.png) !important;margin-top:-30px !important;}<\/style><div class=\"stk-row stk-inner-blocks stk-block-content stk-content-align stk-7279e2f-column alignfull\">\n<div class=\"wp-block-stackable-column stk-block-column stk-column stk-block stk-c36e305\" data-v=\"4\" data-block-id=\"c36e305\"><style>.stk-c36e305-inner-blocks{align-items:center !important;justify-content:center !important;}.stk-c36e305-container{min-height:550px !important;max-width:1133px !important;min-width:auto !important;margin-right:auto !important;margin-left:auto !important;}@media screen and (max-width: 767px){.stk-c36e305-container{min-height:67px !important;}}<\/style><div class=\"stk-column-wrapper stk-block-column__content stk-container stk-c36e305-container stk--no-background stk--no-padding\"><div class=\"stk--column-flex stk-block-content stk-inner-blocks stk-c36e305-inner-blocks\">\n<div class=\"wp-block-stackable-heading stk-block-heading stk-block-heading--v2 stk-block stk-e209814\" id=\"ayudas-asistenciales-al-alumnado-2026\" data-block-id=\"e209814\"><style>.stk-e209814 .stk-block-heading__text{text-shadow:2px 4px 5px #00000066 !important;font-size:36px !important;color:#fffffe !important;}@media screen and (max-width: 1023px){.stk-e209814 .stk-block-heading__text{font-size:36px !important;}}@media screen and (max-width: 767px){.stk-e209814 .stk-block-heading__text{font-size:15px !important;}}<\/style><h2 class=\"stk-block-heading__text has-text-color\">Aide sociale aux \u00e9tudiants 2026<\/h2><\/div>\n<\/div><\/div><\/div>\n<\/div><\/div>\n\n\n\n<div class=\"wp-block-stackable-spacer stk-block-spacer stk--no-padding stk-block stk-c9924fc\" data-block-id=\"c9924fc\"><style>.stk-c9924fc {height:30px !important;}<\/style><\/div>\n\n\n\n<div class=\"wp-block-stackable-text stk-block-text stk-block stk-e5f3488\" data-block-id=\"e5f3488\"><p class=\"stk-block-text__text has-text-align-center\">Comme chaque ann\u00e9e, le Bureau du Vice-recteur pour les \u00e9tudiants de l&#039;Universit\u00e9 de La Laguna a annonc\u00e9 la n\u00e9cessit\u00e9 de bourses d&#039;aide aux \u00e9tudiants du centre acad\u00e9mique. Ces bourses couvrent notamment les frais de d\u00e9placement pour les conf\u00e9rences et les r\u00e9unions, les difficult\u00e9s financi\u00e8res particuli\u00e8res, les frais de garde des enfants des \u00e9tudiants, la participation de repr\u00e9sentants de ce groupe aux \u00e9v\u00e9nements de participation des \u00e9tudiants et l&#039;aide au paiement des frais publics pour les dipl\u00f4mes de master ou de doctorat de troisi\u00e8me cycle. <\/p><\/div>\n\n\n\n<p class=\"has-text-align-center\" data-block-type=\"core\">La p\u00e9riode de candidature sera ouverte du 9 f\u00e9vrier au 31 mars inclus, via le <a href=\"https:\/\/gestuni.ull.es\/stack\/portal\/faces\/inicioServicios\" data-type=\"link\" data-id=\"https:\/\/gestuni.ull.es\/stack\/portal\/faces\/inicioServicios\" target=\"_blank\" rel=\"noreferrer noopener\">Portail utilisateur<\/a>.<\/p>\n\n\n\n<div class=\"wp-block-stackable-heading stk-block-heading stk-block-heading--v2 stk-block stk-edd1c22\" id=\"convocatorias\" data-block-id=\"edd1c22\"><style>.stk-edd1c22 {margin-top:50px !important;margin-bottom:20px !important;}.stk-edd1c22 .stk-block-heading__text{color:#9b51e0 !important;font-weight:900 !important;font-family:\"ArgentumSans\", Sans-serif !important;}<\/style><h2 class=\"stk-block-heading__text has-text-color has-text-align-center\">Appels<\/h2><\/div>\n\n\n\n<div class=\"wp-block-stackable-icon-list stk-block-icon-list has-text-color stk-block stk-cf3a224\" data-block-id=\"cf3a224\"><style>.stk-cf3a224 {--stk-icon-list-row-gap:10px !important;--stk-icon-list-icon-size:5px !important;border-top-left-radius:12px !important;border-top-right-radius:12px !important;border-bottom-right-radius:12px !important;border-bottom-left-radius:12px !important;overflow:hidden !important;padding-top:15px !important;padding-right:15px !important;padding-bottom:15px !important;padding-left:15px !important;}.stk-cf3a224 ul li, .stk-cf3a224 ol li, .stk-cf3a224 ul li span, .stk-cf3a224 ol li span{color:#000000 !important;font-weight:400 !important;font-family:\"ArgentumSans\", Sans-serif !important;}<\/style><svg style=\"display:none\"><defs><g id=\"stk-icon-list__icon-svg-def-cf3a224\"><svg xmlns=\"http:\/\/www.w3.org\/2000\/svg\" viewbox=\"0 0 512 512\"><path d=\"M256 512A256 256 0 1 0 256 0a256 256 0 1 0 0 512z\"\/><\/svg><\/g><\/defs><\/svg><ul class=\"stk-block-icon-list__ul stk-block-icon-list--column\">\n<li class=\"wp-block-stackable-icon-list-item stk-block-icon-list-item stk-block stk-a398a9e\" data-block-id=\"a398a9e\"><div class=\"stk-block-icon-list-item__content\"><span class=\"stk--svg-wrapper\"><div class=\"stk--inner-svg\"><svg aria-hidden=\"true\" width=\"32\" height=\"32\"><use xlink:href=\"#stk-icon-list__icon-svg-def-cf3a224\"><\/use><\/svg><\/div><\/span><span class=\"stk-block-icon-list-item__text\"><strong><span style=\"color: #ffffff;\" class=\"stk-highlight\"><a href=\"https:\/\/www.ull.es\/portal\/convocatorias\/convocatoria\/convocatoria-ayudas-especiales-dificulades-economicas-2026\/\" target=\"_blank\" rel=\"noopener\">Aide aux \u00e9tudiants en difficult\u00e9 \u00e9conomique particuli\u00e8re<\/a><\/span><\/strong><\/span><\/div><\/li>\n\n\n\n<li class=\"wp-block-stackable-icon-list-item stk-block-icon-list-item stk-block stk-c6c4657\" data-block-id=\"c6c4657\"><div class=\"stk-block-icon-list-item__content\"><span class=\"stk--svg-wrapper\"><div class=\"stk--inner-svg\"><svg aria-hidden=\"true\" width=\"32\" height=\"32\"><use xlink:href=\"#stk-icon-list__icon-svg-def-cf3a224\"><\/use><\/svg><\/div><\/span><span class=\"stk-block-icon-list-item__text\"><strong><span style=\"color: #ffffff;\" class=\"stk-highlight\"><a href=\"https:\/\/www.ull.es\/portal\/convocatorias\/convocatoria\/convocatoria-de-ayudas-para-gastos-de-guarderia-del-alumnado-2026\/\" target=\"_blank\" rel=\"noopener\">Aide aux frais de garde des enfants des \u00e9tudiants de l&#039;ULL<\/a><\/span><\/strong><\/span><\/div><\/li>\n\n\n\n<li class=\"wp-block-stackable-icon-list-item stk-block-icon-list-item stk-block stk-c44a802\" data-block-id=\"c44a802\"><div class=\"stk-block-icon-list-item__content\"><span class=\"stk--svg-wrapper\"><div class=\"stk--inner-svg\"><svg aria-hidden=\"true\" width=\"32\" height=\"32\"><use xlink:href=\"#stk-icon-list__icon-svg-def-cf3a224\"><\/use><\/svg><\/div><\/span><span class=\"stk-block-icon-list-item__text\"><strong><span style=\"color: #ffffff;\" class=\"stk-highlight\"><a href=\"https:\/\/www.ull.es\/portal\/convocatorias\/convocatoria\/convocatoria-de-ayudas-para-asistencia-de-representantes-del-alumnado-a-eventos-de-participacion-estudiantil-2026\/\" target=\"_blank\" rel=\"noopener\">Subventions pour les repr\u00e9sentants \u00e9tudiants afin de participer aux \u00e9v\u00e9nements de participation \u00e9tudiante<\/a><\/span><\/strong><\/span><\/div><\/li>\n\n\n\n<li class=\"wp-block-stackable-icon-list-item stk-block-icon-list-item stk-block stk-c96bafd\" data-block-id=\"c96bafd\"><div class=\"stk-block-icon-list-item__content\"><span class=\"stk--svg-wrapper\"><div class=\"stk--inner-svg\"><svg aria-hidden=\"true\" width=\"32\" height=\"32\"><use xlink:href=\"#stk-icon-list__icon-svg-def-cf3a224\"><\/use><\/svg><\/div><\/span><span class=\"stk-block-icon-list-item__text\"><strong><span style=\"color: #ffffff;\" class=\"stk-highlight\"><a href=\"https:\/\/www.ull.es\/portal\/convocatorias\/convocatoria\/convocatoria-de-ayudas-para-alumnado-de-posgrado-master-y-doctorado-curso-2025-2026\/\" target=\"_blank\" rel=\"noopener\">Aide financi\u00e8re aux \u00e9tudiants en \u00e9tudes sup\u00e9rieures (Master et Doctorat)<\/a><\/span><\/strong><\/span><\/div><\/li>\n\n\n\n<li class=\"wp-block-stackable-icon-list-item stk-block-icon-list-item stk-block stk-b020641\" data-block-id=\"b020641\"><div class=\"stk-block-icon-list-item__content\"><span class=\"stk--svg-wrapper\"><div class=\"stk--inner-svg\"><svg aria-hidden=\"true\" width=\"32\" height=\"32\"><use xlink:href=\"#stk-icon-list__icon-svg-def-cf3a224\"><\/use><\/svg><\/div><\/span><span class=\"stk-block-icon-list-item__text\"><strong><span style=\"color: #ffffff;\" class=\"stk-highlight\"><strong><span style=\"color: #ffffff;\" class=\"stk-highlight\"><strong><span style=\"color: #ffffff;\" class=\"stk-highlight\"><a href=\"https:\/\/www.ull.es\/portal\/convocatorias\/convocatoria\/convocatoria-de-ayudas-de-bolsas-viaje-para-alumnado-para-el-ano-2026\/\" target=\"_blank\" rel=\"noopener\">Bourses de voyage pour les \u00e9tudiants<\/a><\/span><\/strong><\/span><\/strong><\/span><\/strong><\/span><\/div><\/li>\n\n\n\n<li class=\"wp-block-stackable-icon-list-item stk-block-icon-list-item stk-block stk-8f9d4b2\" data-block-id=\"8f9d4b2\"><div class=\"stk-block-icon-list-item__content\"><span class=\"stk--svg-wrapper\"><div class=\"stk--inner-svg\"><svg aria-hidden=\"true\" width=\"32\" height=\"32\"><use xlink:href=\"#stk-icon-list__icon-svg-def-cf3a224\"><\/use><\/svg><\/div><\/span><span class=\"stk-block-icon-list-item__text\"><a href=\"https:\/\/www.ull.es\/portal\/convocatorias\/convocatoria\/presupuesto-para-la-financiacion-de-proyectos-de-asociacionismo-estudiantil-2026\/\" target=\"_blank\" rel=\"noopener\">Instructions pour le financement des projets des associations \u00e9tudiantes<\/a><\/span><\/div><\/li>\n\n\n\n<li class=\"wp-block-stackable-icon-list-item stk-block-icon-list-item stk-block stk-f7125de\" data-block-id=\"f7125de\"><div class=\"stk-block-icon-list-item__content\"><span class=\"stk--svg-wrapper\"><div class=\"stk--inner-svg\"><svg aria-hidden=\"true\" width=\"32\" height=\"32\"><use xlink:href=\"#stk-icon-list__icon-svg-def-cf3a224\"><\/use><\/svg><\/div><\/span><span class=\"stk-block-icon-list-item__text\"><a href=\"https:\/\/www.ull.es\/portal\/convocatorias\/convocatoria\/presupuesto-para-la-financiacion-de-organizacion-de-congresos-por-alumnado-ull-2026\/\" target=\"_blank\" rel=\"noopener\">Instructions pour le financement de l&#039;organisation du congr\u00e8s par les \u00e9tudiants de l&#039;ULL<\/a><strong><span style=\"color: #ffffff;\" class=\"stk-highlight\"><strong><span style=\"color: #ffffff;\" class=\"stk-highlight\"><\/span><\/strong><\/span><\/strong><\/span><\/div><\/li>\n<\/ul><\/div>\n\n\n\n<div class=\"wp-block-stackable-image stk-block-image stk-block stk-ad5ef61\" data-block-id=\"ad5ef61\"><style>@media screen and (max-width: 767px){.stk-ad5ef61 .stk-img-wrapper{width:100% !important;height:9vh !important;}}<\/style><figure><span class=\"stk-img-wrapper stk-image--shape-stretch\"><img loading=\"lazy\" decoding=\"async\" class=\"stk-img wp-image-12275\" src=\"https:\/\/www.ull.es\/wp-content\/uploads\/2025\/03\/web-ayudas-asistenciales_iconos.png\" width=\"983\" height=\"223\" srcset=\"https:\/\/www.ull.es\/wp-content\/uploads\/2025\/03\/web-ayudas-asistenciales_iconos.png 983w, https:\/\/www.ull.es\/wp-content\/uploads\/2025\/03\/web-ayudas-asistenciales_iconos-300x68.png 300w, https:\/\/www.ull.es\/wp-content\/uploads\/2025\/03\/web-ayudas-asistenciales_iconos-768x174.png 768w, https:\/\/www.ull.es\/wp-content\/uploads\/2025\/03\/web-ayudas-asistenciales_iconos-200x45.png 200w, https:\/\/www.ull.es\/wp-content\/uploads\/2025\/03\/web-ayudas-asistenciales_iconos-375x85.png 375w, https:\/\/www.ull.es\/wp-content\/uploads\/2025\/03\/web-ayudas-asistenciales_iconos-750x170.png 750w\" sizes=\"auto, (max-width: 983px) 100vw, 983px\" \/><\/span><\/figure><\/div>\n\n\n\n\n\n<p data-block-type=\"core\"><\/p>","protected":false},"excerpt":{"rendered":"<p>Ayudas asistenciales al alumnado 2026 El Vicerrectorado de Estudiantes de la Universidad de La Laguna ha convocado como cada a\u00f1o&nbsp;las ayudas asistenciales al alumnado del centro acad\u00e9mico. En concreto se trata de las ayudas destinadas a bolsas de viaje para asistencia a congresos y reuniones, especiales dificultades econ\u00f3micas, gastos de guarder\u00eda para hijos o hijas&#8230;<\/p>","protected":false},"author":67,"featured_media":0,"parent":0,"menu_order":0,"comment_status":"closed","ping_status":"closed","template":"templates\/template-frontpage.php","meta":{"footnotes":""},"class_list":["post-9984","page","type-page","status-publish","hentry"],"_links":{"self":[{"href":"https:\/\/www.ull.es\/fr\/wp-json\/wp\/v2\/pages\/9984","targetHints":{"allow":["GET"]}}],"collection":[{"href":"https:\/\/www.ull.es\/fr\/wp-json\/wp\/v2\/pages"}],"about":[{"href":"https:\/\/www.ull.es\/fr\/wp-json\/wp\/v2\/types\/page"}],"author":[{"embeddable":true,"href":"https:\/\/www.ull.es\/fr\/wp-json\/wp\/v2\/users\/67"}],"replies":[{"embeddable":true,"href":"https:\/\/www.ull.es\/fr\/wp-json\/wp\/v2\/comments?post=9984"}],"version-history":[{"count":52,"href":"https:\/\/www.ull.es\/fr\/wp-json\/wp\/v2\/pages\/9984\/revisions"}],"predecessor-version":[{"id":16876,"href":"https:\/\/www.ull.es\/fr\/wp-json\/wp\/v2\/pages\/9984\/revisions\/16876"}],"wp:attachment":[{"href":"https:\/\/www.ull.es\/fr\/wp-json\/wp\/v2\/media?parent=9984"}],"curies":[{"name":"wp","href":"https:\/\/api.w.org\/{rel}","templated":true}]}}