{"id":35,"date":"2017-06-28T12:58:08","date_gmt":"2017-06-28T12:58:08","guid":{"rendered":"http:\/\/www.ull.es\/masteres\/desarrollo-y-gestion-de-recursos-humanos\/?page_id=26"},"modified":"2025-12-15T12:20:01","modified_gmt":"2025-12-15T12:20:01","slug":"descripcion-del-titulo","status":"publish","type":"page","link":"https:\/\/www.ull.es\/grados\/administracion-direccion-empresas\/en\/informacion-academica\/descripcion-del-titulo\/","title":{"rendered":"Title description"},"content":{"rendered":"\n<div class=\"wp-block-stackable-columns alignfull stk-block-columns stk-block stk-8657999\" data-block-id=\"8657999\"><style>.stk-8657999 {padding-bottom:0px !important;margin-top:-30px !important;margin-bottom:0px !important;}@media screen and (max-width: 767px){.stk-8657999 {margin-top:-10% !important;}}<\/style><div class=\"stk-row stk-inner-blocks stk-block-content stk-content-align stk-8657999-column alignfull\">\n<div class=\"wp-block-stackable-column stk-block-column stk-column stk-block stk-914f03e\" data-v=\"4\" data-block-id=\"914f03e\"><div class=\"stk-column-wrapper stk-block-column__content stk-container stk-914f03e-container stk--no-background stk--no-padding\"><div class=\"stk-block-content stk-inner-blocks stk-914f03e-inner-blocks\"><style id=\"depicter-1-inline-pre-css\">\n\n.depicter-1:not(.depicter-ready){\n\theight:500px;\n}\n\n\/***** Tablet *****\/\n@media screen and (max-width: 1024px){\n\n.depicter-1:not(.depicter-ready){\n\theight:700px;\n}\n\n}\n\/***** Mobile *****\/\n@media screen and (max-width: 767px){\n\n.depicter-1:not(.depicter-ready){\n\theight:360px;\n}\n\n}\n<\/style>\n<div id=\"depicter-1\" class=\"depicter depicter-document depicter-revert depicter-1 depicter-layout-fullwidth\">\n\n<div class=\"depicter-loading-container depicter-loading dotFlashing-dark\"><div class=\"depicter-loading-dark depicter-dot-flashing\">\n   <span><\/span>\n   <span><\/span>\n   <span><\/span>\n<\/div>\n<\/div>\n<div id=\"depicter-1-section-1\" class=\"depicter-section depicter-1-section-1\" data-name=\"Section 1\" data-type=\"section\" data-local-id=\"section-1\">\n<picture class=\"depicter-bg\">\n<source data-depicter-srcset=\"https:\/\/www.ull.es\/grados\/administracion-direccion-empresas\/wp-content\/uploads\/sites\/39\/2025\/04\/Slider_Administracion_y_Direccion_de_Empresas-768x248.jpg, https:\/\/www.ull.es\/grados\/administracion-direccion-empresas\/wp-content\/uploads\/sites\/39\/2025\/04\/Slider_Administracion_y_Direccion_de_Empresas.jpg 2x\" srcset=\"data:image\/gif;base64,R0lGODlhAQABAIAAAAAAAP\/\/\/yH5BAEAAAAALAAAAAABAAEAAAIBRAA7\" media=\"(max-width: 1024px)\" \/>\n\n<source data-depicter-srcset=\"https:\/\/www.ull.es\/grados\/administracion-direccion-empresas\/wp-content\/uploads\/sites\/39\/2025\/04\/Slider_Administracion_y_Direccion_de_Empresas.jpg, https:\/\/www.ull.es\/grados\/administracion-direccion-empresas\/wp-content\/uploads\/sites\/39\/2025\/04\/Slider_Administracion_y_Direccion_de_Empresas-1920x620.jpg 2x\" srcset=\"data:image\/gif;base64,R0lGODlhAQABAIAAAAAAAP\/\/\/yH5BAEAAAAALAAAAAABAAEAAAIBRAA7\" media=\"(min-width: 1025px)\" \/>\n<img decoding=\"async\" src=\"data:image\/gif;base64,R0lGODlhAQABAIAAAAAAAP\/\/\/yH5BAEAAAAALAAAAAABAAEAAAIBRAA7\" data-ken-burns=\"false\" data-tablet-ken-burns=\"false\" data-mobile-ken-burns=\"false\" alt=\"\" data-depicter-src=\"https:\/\/www.ull.es\/grados\/administracion-direccion-empresas\/wp-content\/uploads\/sites\/39\/2025\/04\/Slider_Administracion_y_Direccion_de_Empresas.jpg\" data-object-fit=\"custom,custom,\" data-object-position=\"center top,,\" data-crop=\"{'focalPoint':{'x':0.5,'y':0.5},'mediaSize':{'width':1393.54838709677414954057894647121429443359375,'height':450}}\" data-tablet-crop=\"{'focalPoint':{'x':0.5,'y':0.5},'mediaSize':{'width':2167.7419354838712024502456188201904296875,'height':700.0000000000001136868377216160297393798828125}}\" data-mobile-crop=\"{'focalPoint':{'x':0.5,'y':0.5},'mediaSize':{'width':1114.8387096774195015314035117626190185546875,'height':360}}\" \/>\n<\/picture>\n\n\n<h1 id=\"depicter-1-element-5\" class=\"depicter-element depicter-layer depicter-1-element-5\" data-type=\"text\" data-wrap=\"true\" data-name=\"Text 2\" data-local-id=\"element-5\" data-offset=\"x:49px;y:150px;origin:tl\" data-tablet-offset=\"x:209px;y:293px;origin:tl\" data-mobile-offset=\"x:6px;y:-183px;origin:tl\" data-width=\"1045px,606px,348px\" data-height=\"auto,auto,auto\" data-responsive-scale=\"true,,\">Grado en Administraci\u00f3n y Direcci\u00f3n de Empresas<\/h1>\n\n<div id=\"depicter-1-element-10\" class=\"depicter-element depicter-layer depicter-1-element-10\" data-type=\"shape\" data-wrap=\"true\" data-name=\"Shape 1\" data-local-id=\"element-10\" data-offset=\"x:49px;y:363px;origin:tl\" data-tablet-offset=\"x:209px;y:418px;origin:tl\" data-mobile-offset=\"x:6px;y:15px;origin:tl\" data-width=\"1045px,599px,309px\" data-height=\"8px,8px,8px\" data-responsive-scale=\"true,,\"><\/div>\n<\/div>\n<\/div>\n<script>\n(window.depicterSetups = window.depicterSetups || []).push(function(){\n\tDepicter.basePath = 'https:\/\/www.ull.es\/grados\/administracion-direccion-empresas\/wp-content\/plugins\/depicter\/resources\/scripts\/player\/';\n\tconst dpPlayer = Depicter.setup('.depicter-1',\n\t\t{\"width\":[\"1200\",\"1024\",\"360\"],\"height\":[\"500\",\"700\",\"360\"],\"view\":\"basic\",\"keepAspectRatio\":true,\"preload\":0,\"layout\":\"fullwidth\",\"rtl\":false,\"initAfterAppear\":false,\"ajaxApiUrl\":\"https:\\\/\\\/www.ull.es\\\/grados\\\/administracion-direccion-empresas\\\/wp-admin\\\/admin-ajax.php\",\"mouseSwipe\":true,\"touchSwipe\":true,\"useWatermark\":false}\n\t);\n});\n<\/script><\/div><\/div><\/div>\n<\/div><\/div>\n\n\n\n<div class=\"wp-block-stackable-columns alignfull stk-block-columns stk--hide-mobile stk-block stk-ceecbdc stk-block-background\" data-block-id=\"ceecbdc\"><style>.stk-ceecbdc {background-color:#360060 !important;padding-top:35px !important;padding-right:0px !important;padding-bottom:2px !important;padding-left:0px !important;margin-top:-20px !important;margin-bottom:70px !important;}.stk-ceecbdc:before{background-color:#360060 !important;}<\/style><div class=\"stk-row stk-inner-blocks stk-block-content stk-content-align stk-ceecbdc-column alignfull\">\n<div class=\"wp-block-stackable-column stk-block-column stk-column stk-block stk-fc60a5d\" data-v=\"4\" data-block-id=\"fc60a5d\"><div class=\"stk-column-wrapper stk-block-column__content stk-container stk-fc60a5d-container stk--no-background stk--no-padding\"><div class=\"stk-block-content stk-inner-blocks stk-fc60a5d-inner-blocks\">\n<div class=\"wp-block-stackable-spacer stk-block-spacer stk--no-padding stk-block stk-a3a8a68\" data-block-id=\"a3a8a68\"><style>.stk-a3a8a68 {height:0px !important;}<\/style><\/div>\n<\/div><\/div><\/div>\n<\/div><\/div>\n\n\n\n<div class=\"wp-block-stackable-columns alignwide stk-block-columns stk-block stk-3627255\" data-block-id=\"3627255\"><style>.stk-3627255 {padding-right:16% !important;padding-left:16% !important;margin-bottom:18px !important;}<\/style><div class=\"stk-row stk-inner-blocks stk-block-content stk-content-align stk-3627255-column alignwide\">\n<div class=\"wp-block-stackable-column stk-block-column stk-column stk-block stk-81e665a\" data-v=\"4\" data-block-id=\"81e665a\"><div class=\"stk-column-wrapper stk-block-column__content stk-container stk-81e665a-container stk--no-background stk--no-padding\"><div class=\"stk-block-content stk-inner-blocks stk-81e665a-inner-blocks\">\n<div class=\"wp-block-stackable-heading stk-block-heading stk-block-heading--v2 stk-block stk-97878e6\" id=\"descripcion-del-titulo\" data-block-id=\"97878e6\"><style>.stk-97878e6 .stk-block-heading__text{color:#5c068c !important;}<\/style><h1 class=\"stk-block-heading__text has-text-color\">Descripci\u00f3n del t\u00edtulo<\/h1><\/div>\n\n\n\n<style>\n.hoverable {\n  transition: transform 0.3s, box-shadow 0.3s;\n  cursor: pointer;\n}\n.hoverable:hover {\n  transform: scale(1.02);\n  box-shadow: 0 0.5rem 1rem rgba(0,0,0,0.25);\n  \/* Mantiene el color de fondo original *\/\n}\n<\/style>\n\n<!-- Tabla general con estilo similar -->\n<table class=\"table table-bordered table-striped align-middle text-center shadow-sm rounded overflow-hidden table-hover-effect\" style=\"border-collapse: separate; border-spacing: 0; box-shadow: 0 0.5rem 1rem rgba(0,0,0,0.15); border-radius:2rem; width:100%;\">\n  <tbody>\n    <tr style=\"background-color:#360060; color:#fff;\">\n      <td class=\"hoverable fw-bold\" style=\"width:30%; border-top-left-radius: 1.5rem; font-weight:bold;\">Nombre del t\u00edtulo:<\/td>\n      <td class=\"hoverable\" style=\"border-top-right-radius: 1.5rem; font-weight:bold;\">\tGraduado o Graduada en Administraci\u00f3n y Direcci\u00f3n de Empresas por la Universidad de La Laguna<\/td>\n    <\/tr>\n    <tr style=\"background-color:#f8f9fa;\">\n      <td class=\"hoverable fw-bold\" style=\"font-weight:bold;\">Universidad y centros responsables:<\/td>\n      <td class=\"hoverable\">Universidad de La Laguna. Facultad de Ciencias Econ\u00f3micas y Empresariales.<\/a><\/td>\n    <\/tr>\n    <tr style=\"background-color:#fff;\">\n      <td class=\"hoverable fw-bold\" style=\"font-weight:bold;\">Modalidad de ense\u00f1anza:<\/td>\n      <td class=\"hoverable\">Presencial<\/td>\n    <\/tr>\n    <tr style=\"background-color:#f8f9fa;\">\n      <td class=\"hoverable fw-bold\" style=\"font-weight:bold;\">Lugar de impartici\u00f3n<\/td>\n     <td class=\"hoverable\"><a href=\"https:\/\/www.ull.es\/centros\/facultad-de-economia-empresa-y-turismo\/\" target=\"_blank\" rel=\"noopener\">Facultad de Econom\u00eda, Empresa y Turismo<\/a><\/td>\n    <\/tr>\n    <tr style=\"background-color:#fff;\">\n      <td class=\"hoverable fw-bold\" width=\"30%\" style=\"font-weight:bold;\">Plazas ofertadas:<\/td>\n      <td class=\"hoverable\" width=\"70%\">175 plazas de nuevo ingreso<\/td>\n    <\/tr>\n    <tr style=\"background-color:#f8f9fa;\">\n      <td class=\"hoverable fw-bold\" style=\"font-weight:bold;\">N\u00famero de cr\u00e9ditos:<\/td>\n      <td class=\"hoverable\">240 ECTS<\/td>\n    <\/tr>\n    <tr style=\"background-color:#fff;\">\n      <td class=\"hoverable fw-bold\" style=\"font-weight:bold;\">Duraci\u00f3n del t\u00edtulo<\/td>\n      <td class=\"hoverable\">4 a\u00f1os<\/td>\n    <\/tr>\n    <tr style=\"background-color:#fff;\">\n      <td class=\"hoverable fw-bold\" style=\"font-weight:bold;\">Profesi\u00f3n regulada<\/td>\n      <td class=\"hoverable\">&#8211;<\/td>\n    <\/tr>\n    <tr style=\"background-color:#fff;\">\n      <td class=\"hoverable fw-bold\" style=\"font-weight:bold;\">Idiomas en los que se imparte:<\/td>\n      <td class=\"hoverable\">Espa\u00f1ol e Ingl\u00e9s<\/td>\n    <\/tr>\n    <tr style=\"background-color:#f8f9fa;\">\n      <td class=\"hoverable fw-bold\" style=\"border-bottom-left-radius: 1.5rem; font-weight:bold;\">Justificaci\u00f3n del t\u00edtulo<\/td>\n      <td class=\"hoverable\" style=\"border-bottom-right-radius: 1.5rem;\"><a href=\"https:\/\/drive.google.com\/file\/d\/11_mZvg4sBiZEYDoDaLxCJDMdG5pDt70Z\/view?usp=sharing\" target=\"_blank\" rel=\"noopener\">Acceso a la justificaci\u00f3n<\/a><\/td>\n    <\/tr>\n  <\/tbody>\n<\/table>\n\n\n\n<p>El Grado en Administraci\u00f3n y Direcci\u00f3n de Empresas (GADE) constituye la adaptaci\u00f3n al Espacio Europeo de Educaci\u00f3n Superior del t\u00edtulo oficial de Licenciado en Administraci\u00f3n y Direcci\u00f3n de Empresas, el cual se ha venido impartiendo en la Facultad de Ciencias Econ\u00f3micas y Empresariales de la Universidad de La Laguna, bajo distintas denominaciones, desde el curso 1976\/77, tras la creaci\u00f3n de la mencionada Facultad en el a\u00f1o 1975.<\/p>\n\n\n\n<p>El t\u00edtulo oficial de Grado de Administraci\u00f3n y Direcci\u00f3n de Empresas, al constituir la adaptaci\u00f3n de la Licenciatura de ADE al nuevo marco normativo que regula la ense\u00f1anza superior en Espa\u00f1a (Real Decreto 1393\/2007, de 29 de octubre), se imparte en la pr\u00e1ctica totalidad de las universidades espa\u00f1olas, as\u00ed como en las principales universidades europeas y del resto del mundo.<\/p>\n\n\n\n<p>En el dise\u00f1o de esta nueva titulaci\u00f3n ofertada por la Facultad de Ciencias Econ\u00f3micas y Empresariales de la ULL, que sustituye a la Licenciatura de ADE, y con el prop\u00f3sito de garantizar que el plan de estudios que se oferta desde la Universidad de La Laguna se ajustara (y convergiera) con los que tambi\u00e9n se propondr\u00e1n desde las dem\u00e1s facultades de Econom\u00eda y Empresa del territorio nacional, las Comisiones T\u00e9cnicas del centro han contemplado (y suscrito) las recomendaciones realizadas desde la Conferencia Espa\u00f1ola de Decanos de Econom\u00eda y Empresa (CONFEDE), as\u00ed como las realizadas desde los Colegios profesionales, y particularmente las efectuadas por el Consejo General de Colegios de Economistas de Espa\u00f1a en su estudio \u201cLos economistas ante el espacio europeo de educaci\u00f3n superior. An\u00e1lisis desde la experiencia y determinaci\u00f3n de las necesidades futuras\u201d, y por ello cuentan con el aval de esta \u00faltima instituci\u00f3n, que ha concluido lo siguiente:<\/p>\n\n\n\n<p>a) Que dichos t\u00edtulos [Graduado\/a en Econom\u00eda y Graduado\/a en ADE por la Universidad de La Laguna] re\u00fanen los requisitos establecidos por la normativa profesional vigente, tanto en contenido de materias, como estructura, habilidades y competencias a desarrollar<\/p>\n\n\n\n<p>b) Que por todo ello, el alumnado que acceda a estas titulaciones dispondr\u00e1n de los requisitos formativos m\u00ednimos establecidos en nuestro Estatuto Profesional para acceder, en su caso, cumpliendo con la normativa profesional y colegial correspondiente, a la profesi\u00f3n de Economista.<\/p>\n\n\n\n<p>Con car\u00e1cter general, adem\u00e1s, hay que se\u00f1alar que el t\u00edtulo de Grado de ADE se ha dise\u00f1ado ajust\u00e1ndose a las recomendaciones realizadas en el Libro Blanco sobre los Estudios de Econom\u00eda y Empresa, que fue elaborado por la Conferencia Espa\u00f1ola de Decanos de Econom\u00eda y Empresa (CONFEDE), con el patrocinio de la ANECA, y en cuya elaboraci\u00f3n particip\u00f3 tambi\u00e9n la Facultad de Ciencias Econ\u00f3micas y Empresariales de la Universidad de La Laguna.<\/p>\n<\/div><\/div><\/div>\n<\/div><\/div>\n","protected":false},"excerpt":{"rendered":"<p>Title Description: Degree Title: Bachelor of Science in Business Administration and Management from the University of La Laguna. University and responsible centers: University of La Laguna, Faculty of Economics and Business. Teaching modality: On-site. Location: Faculty of Economics, Business and Tourism. Places offered: 175 places for new students\u2026<\/p>","protected":false},"author":1,"featured_media":0,"parent":252,"menu_order":0,"comment_status":"closed","ping_status":"closed","template":"templates\/template-frontpage.php","meta":{"footnotes":""},"class_list":["post-35","page","type-page","status-publish","hentry"],"_links":{"self":[{"href":"https:\/\/www.ull.es\/grados\/administracion-direccion-empresas\/en\/wp-json\/wp\/v2\/pages\/35","targetHints":{"allow":["GET"]}}],"collection":[{"href":"https:\/\/www.ull.es\/grados\/administracion-direccion-empresas\/en\/wp-json\/wp\/v2\/pages"}],"about":[{"href":"https:\/\/www.ull.es\/grados\/administracion-direccion-empresas\/en\/wp-json\/wp\/v2\/types\/page"}],"author":[{"embeddable":true,"href":"https:\/\/www.ull.es\/grados\/administracion-direccion-empresas\/en\/wp-json\/wp\/v2\/users\/1"}],"replies":[{"embeddable":true,"href":"https:\/\/www.ull.es\/grados\/administracion-direccion-empresas\/en\/wp-json\/wp\/v2\/comments?post=35"}],"version-history":[{"count":19,"href":"https:\/\/www.ull.es\/grados\/administracion-direccion-empresas\/en\/wp-json\/wp\/v2\/pages\/35\/revisions"}],"predecessor-version":[{"id":1173,"href":"https:\/\/www.ull.es\/grados\/administracion-direccion-empresas\/en\/wp-json\/wp\/v2\/pages\/35\/revisions\/1173"}],"up":[{"embeddable":true,"href":"https:\/\/www.ull.es\/grados\/administracion-direccion-empresas\/en\/wp-json\/wp\/v2\/pages\/252"}],"wp:attachment":[{"href":"https:\/\/www.ull.es\/grados\/administracion-direccion-empresas\/en\/wp-json\/wp\/v2\/media?parent=35"}],"curies":[{"name":"wp","href":"https:\/\/api.w.org\/{rel}","templated":true}]}}