{"id":38,"date":"2017-06-28T13:01:07","date_gmt":"2017-06-28T13:01:07","guid":{"rendered":"http:\/\/www.ull.es\/masteres\/desarrollo-y-gestion-de-recursos-humanos\/?page_id=38"},"modified":"2025-11-19T16:20:38","modified_gmt":"2025-11-19T16:20:38","slug":"competencias","status":"publish","type":"page","link":"https:\/\/www.ull.es\/grados\/administracion-direccion-empresas\/en\/plan-de-estudios\/competencias\/","title":{"rendered":"Competencies"},"content":{"rendered":"\n<div class=\"wp-block-stackable-columns alignfull stk-block-columns stk-block stk-8657999\" data-block-id=\"8657999\"><style>.stk-8657999 {padding-bottom:0px !important;margin-top:-30px !important;margin-bottom:0px !important;}@media screen and (max-width: 767px){.stk-8657999 {margin-top:-10% !important;}}<\/style><div class=\"stk-row stk-inner-blocks stk-block-content stk-content-align stk-8657999-column alignfull\">\n<div class=\"wp-block-stackable-column stk-block-column stk-column stk-block stk-914f03e\" data-v=\"4\" data-block-id=\"914f03e\"><div class=\"stk-column-wrapper stk-block-column__content stk-container stk-914f03e-container stk--no-background stk--no-padding\"><div class=\"stk-block-content stk-inner-blocks stk-914f03e-inner-blocks\"><style id=\"depicter-1-inline-pre-css\">\n\n.depicter-1:not(.depicter-ready){\n\theight:500px;\n}\n\n\/***** Tablet *****\/\n@media screen and (max-width: 1024px){\n\n.depicter-1:not(.depicter-ready){\n\theight:700px;\n}\n\n}\n\/***** Mobile *****\/\n@media screen and (max-width: 767px){\n\n.depicter-1:not(.depicter-ready){\n\theight:360px;\n}\n\n}\n<\/style>\n<div id=\"depicter-1\" class=\"depicter depicter-document depicter-revert depicter-1 depicter-layout-fullwidth\">\n\n<div class=\"depicter-loading-container depicter-loading dotFlashing-dark\"><div class=\"depicter-loading-dark depicter-dot-flashing\">\n   <span><\/span>\n   <span><\/span>\n   <span><\/span>\n<\/div>\n<\/div>\n<div id=\"depicter-1-section-1\" class=\"depicter-section depicter-1-section-1\" data-name=\"Section 1\" data-type=\"section\" data-local-id=\"section-1\">\n<picture class=\"depicter-bg\">\n<source data-depicter-srcset=\"https:\/\/www.ull.es\/grados\/administracion-direccion-empresas\/wp-content\/uploads\/sites\/39\/2025\/04\/Slider_Administracion_y_Direccion_de_Empresas-768x248.jpg, https:\/\/www.ull.es\/grados\/administracion-direccion-empresas\/wp-content\/uploads\/sites\/39\/2025\/04\/Slider_Administracion_y_Direccion_de_Empresas.jpg 2x\" srcset=\"data:image\/gif;base64,R0lGODlhAQABAIAAAAAAAP\/\/\/yH5BAEAAAAALAAAAAABAAEAAAIBRAA7\" media=\"(max-width: 1024px)\" \/>\n\n<source data-depicter-srcset=\"https:\/\/www.ull.es\/grados\/administracion-direccion-empresas\/wp-content\/uploads\/sites\/39\/2025\/04\/Slider_Administracion_y_Direccion_de_Empresas.jpg, https:\/\/www.ull.es\/grados\/administracion-direccion-empresas\/wp-content\/uploads\/sites\/39\/2025\/04\/Slider_Administracion_y_Direccion_de_Empresas-1920x620.jpg 2x\" srcset=\"data:image\/gif;base64,R0lGODlhAQABAIAAAAAAAP\/\/\/yH5BAEAAAAALAAAAAABAAEAAAIBRAA7\" media=\"(min-width: 1025px)\" \/>\n<img decoding=\"async\" src=\"data:image\/gif;base64,R0lGODlhAQABAIAAAAAAAP\/\/\/yH5BAEAAAAALAAAAAABAAEAAAIBRAA7\" data-ken-burns=\"false\" data-tablet-ken-burns=\"false\" data-mobile-ken-burns=\"false\" alt=\"\" data-depicter-src=\"https:\/\/www.ull.es\/grados\/administracion-direccion-empresas\/wp-content\/uploads\/sites\/39\/2025\/04\/Slider_Administracion_y_Direccion_de_Empresas.jpg\" data-object-fit=\"custom,custom,\" data-object-position=\"center top,,\" data-crop=\"{'focalPoint':{'x':0.5,'y':0.5},'mediaSize':{'width':1393.54838709677414954057894647121429443359375,'height':450}}\" data-tablet-crop=\"{'focalPoint':{'x':0.5,'y':0.5},'mediaSize':{'width':2167.7419354838712024502456188201904296875,'height':700.0000000000001136868377216160297393798828125}}\" data-mobile-crop=\"{'focalPoint':{'x':0.5,'y':0.5},'mediaSize':{'width':1114.8387096774195015314035117626190185546875,'height':360}}\" \/>\n<\/picture>\n\n\n<h1 id=\"depicter-1-element-5\" class=\"depicter-element depicter-layer depicter-1-element-5\" data-type=\"text\" data-wrap=\"true\" data-name=\"Text 2\" data-local-id=\"element-5\" data-offset=\"x:49px;y:150px;origin:tl\" data-tablet-offset=\"x:209px;y:293px;origin:tl\" data-mobile-offset=\"x:6px;y:-183px;origin:tl\" data-width=\"1045px,606px,348px\" data-height=\"auto,auto,auto\" data-responsive-scale=\"true,,\">Grado en Administraci\u00f3n y Direcci\u00f3n de Empresas<\/h1>\n\n<div id=\"depicter-1-element-10\" class=\"depicter-element depicter-layer depicter-1-element-10\" data-type=\"shape\" data-wrap=\"true\" data-name=\"Shape 1\" data-local-id=\"element-10\" data-offset=\"x:49px;y:363px;origin:tl\" data-tablet-offset=\"x:209px;y:418px;origin:tl\" data-mobile-offset=\"x:6px;y:15px;origin:tl\" data-width=\"1045px,599px,309px\" data-height=\"8px,8px,8px\" data-responsive-scale=\"true,,\"><\/div>\n<\/div>\n<\/div>\n<script>\n(window.depicterSetups = window.depicterSetups || []).push(function(){\n\tDepicter.basePath = 'https:\/\/www.ull.es\/grados\/administracion-direccion-empresas\/wp-content\/plugins\/depicter\/resources\/scripts\/player\/';\n\tconst dpPlayer = Depicter.setup('.depicter-1',\n\t\t{\"width\":[\"1200\",\"1024\",\"360\"],\"height\":[\"500\",\"700\",\"360\"],\"view\":\"basic\",\"keepAspectRatio\":true,\"preload\":0,\"layout\":\"fullwidth\",\"rtl\":false,\"initAfterAppear\":false,\"ajaxApiUrl\":\"https:\\\/\\\/www.ull.es\\\/grados\\\/administracion-direccion-empresas\\\/wp-admin\\\/admin-ajax.php\",\"mouseSwipe\":true,\"touchSwipe\":true,\"useWatermark\":false}\n\t);\n});\n<\/script><\/div><\/div><\/div>\n<\/div><\/div>\n\n\n\n<div class=\"wp-block-stackable-columns alignfull stk-block-columns stk--hide-mobile stk-block stk-ceecbdc stk-block-background\" data-block-id=\"ceecbdc\"><style>.stk-ceecbdc {background-color:#360060 !important;padding-top:35px !important;padding-right:0px !important;padding-bottom:2px !important;padding-left:0px !important;margin-top:-20px !important;margin-bottom:70px !important;}.stk-ceecbdc:before{background-color:#360060 !important;}<\/style><div class=\"stk-row stk-inner-blocks stk-block-content stk-content-align stk-ceecbdc-column alignfull\">\n<div class=\"wp-block-stackable-column stk-block-column stk-column stk-block stk-fc60a5d\" data-v=\"4\" data-block-id=\"fc60a5d\"><div class=\"stk-column-wrapper stk-block-column__content stk-container stk-fc60a5d-container stk--no-background stk--no-padding\"><div class=\"stk-block-content stk-inner-blocks stk-fc60a5d-inner-blocks\">\n<div class=\"wp-block-stackable-spacer stk-block-spacer stk--no-padding stk-block stk-a3a8a68\" data-block-id=\"a3a8a68\"><style>.stk-a3a8a68 {height:0px !important;}<\/style><\/div>\n<\/div><\/div><\/div>\n<\/div><\/div>\n\n\n\n<div class=\"wp-block-stackable-columns stk-block-columns stk-block stk-8b59b96\" data-block-id=\"8b59b96\"><style>.stk-8b59b96 .stk--block-align-8b59b96{align-items:flex-start !important;}.stk-8b59b96 {margin-top:25px !important;}.stk-8b59b96-column{--stk-columns-spacing:0px !important;--stk-column-gap:50px !important;}@media screen and (max-width: 767px){.stk-8b59b96-column{row-gap:var(--stk--preset--spacing--60, 2.25rem) !important;}}<\/style><div class=\"stk-row stk-inner-blocks stk--block-align-8b59b96 stk-block-content stk-content-align stk-8b59b96-column\">\n<div class=\"wp-block-stackable-column stk-block-column stk-column stk-block stk-dbb7e15\" data-v=\"4\" data-block-id=\"dbb7e15\"><div class=\"stk-column-wrapper stk-block-column__content stk-container stk-dbb7e15-container stk--no-background stk--no-padding\"><div class=\"stk-block-content stk-inner-blocks stk-dbb7e15-inner-blocks\">\n<div class=\"wp-block-stackable-heading stk-block-heading stk-block-heading--v2 stk-block stk-689c258\" id=\"competencias\" data-block-id=\"689c258\"><style>.stk-689c258 .stk-block-heading__text{color:#5c068c !important;}<\/style><h1 class=\"stk-block-heading__text has-text-color\">Competencias<\/h1><\/div>\n\n\n\n<p>La competencias que se desarrollan en el Grado de ADE son las que menciona el \u201cLibro Blanco sobre los Estudios de Econom\u00eda y Empresa\u201d, en donde se se\u00f1ala que \u201cel graduado o graduada en empresa debe haber adquirido el car\u00e1cter de un experto, una persona pr\u00e1ctica, con habilidades claras, experimentada en su campo, que pueda abordar problemas de gesti\u00f3n con criterios profesionales y con el manejo de instrumentos t\u00e9cnicos\u201d.<\/p>\n\n\n\n<p>Por lo tanto, con el desarrollo de estas competencias, se considera que los egresados de la titulaci\u00f3n ser\u00e1n capaces de: Gestionar y administrar una empresa u organizaci\u00f3n de peque\u00f1o tama\u00f1o, entendiendo su ubicaci\u00f3n competitiva e institucional e identificando sus fortalezas y debilidades.<\/p>\n\n\n\n<ul class=\"wp-block-list\">\n<li>Integrarse en cualquier \u00e1rea funcional de una empresa u organizaci\u00f3n mediana o grande y desempe\u00f1ar con soltura cualquier labor de gesti\u00f3n en ella encomendada.<\/li>\n\n\n\n<li>Valorar a partir de los registros relevantes de informaci\u00f3n la situaci\u00f3n y previsible evoluci\u00f3n de una empresa.<\/li>\n\n\n\n<li>Emitir informes de asesoramiento sobre situaciones concretas de empresas y mercados.<\/li>\n\n\n\n<li>Redactar proyectos de gesti\u00f3n global o de \u00e1reas funcionales de la empresa.<\/li>\n\n\n\n<li>Identificar las fuentes de informaci\u00f3n econ\u00f3mica relevante y su contenido<\/li>\n\n\n\n<li>Entender las instituciones econ\u00f3micas como resultado y aplicaci\u00f3n de representaciones te\u00f3ricas o formales acerca de c\u00f3mo funciona la econom\u00eda.<\/li>\n\n\n\n<li>Derivar de los datos informaci\u00f3n relevante imposible de reconocer por no profesionales.<\/li>\n\n\n\n<li>Usar habitualmente la tecnolog\u00eda de la informaci\u00f3n y las comunicaciones en todo su desempe\u00f1o profesional<\/li>\n\n\n\n<li>Leer y comunicarse en m\u00e1s de un idioma, en especial en ingl\u00e9s.<\/li>\n\n\n\n<li>Aplicar al an\u00e1lisis de los problemas criterios profesionales basados en el manejo instrumentos t\u00e9cnicos.<\/li>\n\n\n\n<li>Comunicarse con fluidez en su entorno y trabajar en equipo.<\/li>\n<\/ul>\n\n\n\n<style>\n\/* Efectos hover globales *\/\ntable td, table th {\n  transition: transform 0.2s, box-shadow 0.2s;\n}\ntable td:hover, table th:hover {\n  transform: scale(1.02);\n  box-shadow: 0 0.75rem 1.5rem rgba(0,0,0,0.15);\n}\n\/* Estilo general de tabla *\/\ntable {\n  border-collapse: separate;\n  border-spacing: 0;\n  width: 100%;\n  box-shadow: 0 0.5rem 1rem rgba(0,0,0,0.15);\n  border-radius: 1.5rem;\n  overflow: hidden;\n  font-family: 'Segoe UI', Tahoma, Geneva, Verdana, sans-serif;\n  margin-bottom: 2rem;\n}\ntable th, table td {\n  border: 1px solid #dee2e6;\n  padding: 10px 12px;\n  vertical-align: middle;\n  text-align: left;\n}\ntable th {\n  background-color: #360060;\n  color: #fff;\n  font-weight: bold;\n}\ntr:nth-child(even) td {\n  background-color: #f8f8fc;\n}\n.th1 {\n  background-color: #490a79 !important;\n  color: #fff !important;\n  font-weight: bold;\n}\n.th2 {\n  background-color: #5C068C !important;\n  color: #fff !important;\n  font-weight: bold;\n}\n.td1 {\n  background-color: #ffffff;\n}\n.td2 {\n  background-color: #f8f8fc;\n}\n<\/style>\n\n<table>\n<tbody>\n<tr>\n<th class=\"th1\" colspan=\"3\">Competencias gen\u00e9ricas y espec\u00edficas del Grado de ADE<\/th>\n<\/tr>\n<tr>\n<td class=\"td1\">\n<b>Competencias gen\u00e9ricas instrumentales<\/b><br>\n01. Capacidad de an\u00e1lisis y s\u00edntesis<br>\n02. Capacidad de organizaci\u00f3n y planificaci\u00f3n<br>\n03. Comunicaci\u00f3n oral y escrita en la lengua nativa<br>\n04. Comunicaci\u00f3n oral y escrita de una lengua extranjera<br>\n05. Conocimientos de inform\u00e1tica relativos al \u00e1mbito de estudio<br>\n06. Habilidad para analizar y buscar informaci\u00f3n proveniente de fuentes diversas<br>\n07. Capacidad para la resoluci\u00f3n de problemas<br>\n08. Capacidad de tomar decisiones<br>\n<br>\n<b>Competencias gen\u00e9ricas personales<\/b><br>\n09. Capacidad para trabajar en equipo<br>\n10. Trabajo en un equipo de car\u00e1cter interdisciplinar<br>\n11. Trabajo en un contexto internacional\n<\/td>\n<td class=\"td2\">\n12. Habilidad en las relaciones personales<br>\n13. Capacidad para trabajar en entornos diversos y multiculturales<br>\n14. Capacidad cr\u00edtica y autocr\u00edtica<br>\n15. Compromiso \u00e9tico en el trabajo<br>\n16. Trabajar en entornos de presi\u00f3n<br>\n<br>\n<b>Competencias gen\u00e9ricas sist\u00e9micas<\/b><br>\n17. Capacidad de aprendizaje aut\u00f3nomo<br>\n18. Capacidad de adaptaci\u00f3n a nuevas situaciones<br>\n19. Creatividad<br>\n20. Liderazgo<br>\n21. Iniciativa y esp\u00edritu emprendedor<br>\n22. Motivaci\u00f3n por la calidad<br>\n23. Sensibilidad hacia temas medioambientales y sociales\n<\/td>\n<td class=\"td1\">\n<b>Competencias espec\u00edficas<\/b><br>\n26. Contabilidad financiera<br>\n27. Contabilidad de costes<br>\n28. Direcci\u00f3n comercial<br>\n29. Investigaci\u00f3n comercial<br>\n30. Direcci\u00f3n financiera<br>\n31. An\u00e1lisis de inversiones financieras<br>\n32. Econom\u00eda financiera internacional<br>\n33. Organizaci\u00f3n y administraci\u00f3n de empresas<br>\n34. Microeconom\u00eda<br>\n35. Macroeconom\u00eda<br>\n36. Econom\u00eda espa\u00f1ola y mundial<br>\n37. An\u00e1lisis matem\u00e1tico<br>\n38. Estad\u00edstica<br>\n39. R\u00e9gimen fiscal de la empresa<br>\n40. Derecho de la empresa<br>\n41. Historia econ\u00f3mica<br>\n42. Econometr\u00eda<br>\n43. Matem\u00e1ticas de las operaciones financieras<br>\n<br>\n<b>Competencias para la aplicabilidad<\/b><br>\n44. Capacidad de aplicar los conocimientos en la pr\u00e1ctica<br>\n45. Habilidad b\u00fasqueda de informaci\u00f3n e investigaci\u00f3n<br>\n46. Dise\u00f1o y gesti\u00f3n de proyectos<br>\n47. Habilidad de transmisi\u00f3n de conocimientos\n<\/td>\n<\/tr>\n<\/tbody>\n<\/table>\n\n\n\n<p>Fuente: CONFEDE (2005), Libro Blanco sobre los estudios de Econom\u00eda y Empresa.<\/p>\n<\/div><\/div><\/div>\n<\/div><\/div>\n","protected":false},"excerpt":{"rendered":"<p>Competencies The competencies developed in the Bachelor&#039;s Degree in Business Administration are those mentioned in the &quot;White Paper on Economics and Business Studies&quot;, which states that &quot;the graduate in business must have acquired the character of an expert, a practical person, with clear skills, experienced in their field, who\u2026<\/p>","protected":false},"author":1,"featured_media":0,"parent":270,"menu_order":1,"comment_status":"closed","ping_status":"closed","template":"templates\/template-frontpage.php","meta":{"footnotes":""},"class_list":["post-38","page","type-page","status-publish","hentry"],"_links":{"self":[{"href":"https:\/\/www.ull.es\/grados\/administracion-direccion-empresas\/en\/wp-json\/wp\/v2\/pages\/38","targetHints":{"allow":["GET"]}}],"collection":[{"href":"https:\/\/www.ull.es\/grados\/administracion-direccion-empresas\/en\/wp-json\/wp\/v2\/pages"}],"about":[{"href":"https:\/\/www.ull.es\/grados\/administracion-direccion-empresas\/en\/wp-json\/wp\/v2\/types\/page"}],"author":[{"embeddable":true,"href":"https:\/\/www.ull.es\/grados\/administracion-direccion-empresas\/en\/wp-json\/wp\/v2\/users\/1"}],"replies":[{"embeddable":true,"href":"https:\/\/www.ull.es\/grados\/administracion-direccion-empresas\/en\/wp-json\/wp\/v2\/comments?post=38"}],"version-history":[{"count":16,"href":"https:\/\/www.ull.es\/grados\/administracion-direccion-empresas\/en\/wp-json\/wp\/v2\/pages\/38\/revisions"}],"predecessor-version":[{"id":1142,"href":"https:\/\/www.ull.es\/grados\/administracion-direccion-empresas\/en\/wp-json\/wp\/v2\/pages\/38\/revisions\/1142"}],"up":[{"embeddable":true,"href":"https:\/\/www.ull.es\/grados\/administracion-direccion-empresas\/en\/wp-json\/wp\/v2\/pages\/270"}],"wp:attachment":[{"href":"https:\/\/www.ull.es\/grados\/administracion-direccion-empresas\/en\/wp-json\/wp\/v2\/media?parent=38"}],"curies":[{"name":"wp","href":"https:\/\/api.w.org\/{rel}","templated":true}]}}