{"id":292,"date":"2017-07-11T13:43:14","date_gmt":"2017-07-11T13:43:14","guid":{"rendered":"http:\/\/www.ull.es\/masteres\/desarrollo-y-gestion-de-recursos-humanos\/?page_id=292"},"modified":"2025-11-20T07:50:52","modified_gmt":"2025-11-20T07:50:52","slug":"recursos-materiales-e-infraestructuras","status":"publish","type":"page","link":"https:\/\/www.ull.es\/grados\/administracion-direccion-empresas\/fr\/profesorado-y-recursos\/recursos-materiales-e-infraestructuras\/","title":{"rendered":"Ressources mat\u00e9rielles et infrastructures"},"content":{"rendered":"\n<div class=\"wp-block-stackable-columns alignfull stk-block-columns stk-block stk-8657999\" data-block-id=\"8657999\"><style>.stk-8657999 {padding-bottom:0px !important;margin-top:-30px !important;margin-bottom:0px !important;}@media screen and (max-width: 767px){.stk-8657999 {margin-top:-10% !important;}}<\/style><div class=\"stk-row stk-inner-blocks stk-block-content stk-content-align stk-8657999-column alignfull\">\n<div class=\"wp-block-stackable-column stk-block-column stk-column stk-block stk-914f03e\" data-v=\"4\" data-block-id=\"914f03e\"><div class=\"stk-column-wrapper stk-block-column__content stk-container stk-914f03e-container stk--no-background stk--no-padding\"><div class=\"stk-block-content stk-inner-blocks stk-914f03e-inner-blocks\"><style id=\"depicter-1-inline-pre-css\">\n\n.depicter-1:not(.depicter-ready){\n\theight:500px;\n}\n\n\/***** Tablet *****\/\n@media screen and (max-width: 1024px){\n\n.depicter-1:not(.depicter-ready){\n\theight:700px;\n}\n\n}\n\/***** Mobile *****\/\n@media screen and (max-width: 767px){\n\n.depicter-1:not(.depicter-ready){\n\theight:360px;\n}\n\n}\n<\/style>\n<div id=\"depicter-1\" class=\"depicter depicter-document depicter-revert depicter-1 depicter-layout-fullwidth\">\n\n<div class=\"depicter-loading-container depicter-loading dotFlashing-dark\"><div class=\"depicter-loading-dark depicter-dot-flashing\">\n   <span><\/span>\n   <span><\/span>\n   <span><\/span>\n<\/div>\n<\/div>\n<div id=\"depicter-1-section-1\" class=\"depicter-section depicter-1-section-1\" data-name=\"Section 1\" data-type=\"section\" data-local-id=\"section-1\">\n<picture class=\"depicter-bg\">\n<source data-depicter-srcset=\"https:\/\/www.ull.es\/grados\/administracion-direccion-empresas\/wp-content\/uploads\/sites\/39\/2025\/04\/Slider_Administracion_y_Direccion_de_Empresas-768x248.jpg, https:\/\/www.ull.es\/grados\/administracion-direccion-empresas\/wp-content\/uploads\/sites\/39\/2025\/04\/Slider_Administracion_y_Direccion_de_Empresas.jpg 2x\" srcset=\"data:image\/gif;base64,R0lGODlhAQABAIAAAAAAAP\/\/\/yH5BAEAAAAALAAAAAABAAEAAAIBRAA7\" media=\"(max-width: 1024px)\" \/>\n\n<source data-depicter-srcset=\"https:\/\/www.ull.es\/grados\/administracion-direccion-empresas\/wp-content\/uploads\/sites\/39\/2025\/04\/Slider_Administracion_y_Direccion_de_Empresas.jpg, https:\/\/www.ull.es\/grados\/administracion-direccion-empresas\/wp-content\/uploads\/sites\/39\/2025\/04\/Slider_Administracion_y_Direccion_de_Empresas-1920x620.jpg 2x\" srcset=\"data:image\/gif;base64,R0lGODlhAQABAIAAAAAAAP\/\/\/yH5BAEAAAAALAAAAAABAAEAAAIBRAA7\" media=\"(min-width: 1025px)\" \/>\n<img decoding=\"async\" src=\"data:image\/gif;base64,R0lGODlhAQABAIAAAAAAAP\/\/\/yH5BAEAAAAALAAAAAABAAEAAAIBRAA7\" data-ken-burns=\"false\" data-tablet-ken-burns=\"false\" data-mobile-ken-burns=\"false\" alt=\"\" data-depicter-src=\"https:\/\/www.ull.es\/grados\/administracion-direccion-empresas\/wp-content\/uploads\/sites\/39\/2025\/04\/Slider_Administracion_y_Direccion_de_Empresas.jpg\" data-object-fit=\"custom,custom,\" data-object-position=\"center top,,\" data-crop=\"{'focalPoint':{'x':0.5,'y':0.5},'mediaSize':{'width':1393.54838709677414954057894647121429443359375,'height':450}}\" data-tablet-crop=\"{'focalPoint':{'x':0.5,'y':0.5},'mediaSize':{'width':2167.7419354838712024502456188201904296875,'height':700.0000000000001136868377216160297393798828125}}\" data-mobile-crop=\"{'focalPoint':{'x':0.5,'y':0.5},'mediaSize':{'width':1114.8387096774195015314035117626190185546875,'height':360}}\" \/>\n<\/picture>\n\n\n<h1 id=\"depicter-1-element-5\" class=\"depicter-element depicter-layer depicter-1-element-5\" data-type=\"text\" data-wrap=\"true\" data-name=\"Text 2\" data-local-id=\"element-5\" data-offset=\"x:49px;y:150px;origin:tl\" data-tablet-offset=\"x:209px;y:293px;origin:tl\" data-mobile-offset=\"x:6px;y:-183px;origin:tl\" data-width=\"1045px,606px,348px\" data-height=\"auto,auto,auto\" data-responsive-scale=\"true,,\">Grado en Administraci\u00f3n y Direcci\u00f3n de Empresas<\/h1>\n\n<div id=\"depicter-1-element-10\" class=\"depicter-element depicter-layer depicter-1-element-10\" data-type=\"shape\" data-wrap=\"true\" data-name=\"Shape 1\" data-local-id=\"element-10\" data-offset=\"x:49px;y:363px;origin:tl\" data-tablet-offset=\"x:209px;y:418px;origin:tl\" data-mobile-offset=\"x:6px;y:15px;origin:tl\" data-width=\"1045px,599px,309px\" data-height=\"8px,8px,8px\" data-responsive-scale=\"true,,\"><\/div>\n<\/div>\n<\/div>\n<script>\n(window.depicterSetups = window.depicterSetups || []).push(function(){\n\tDepicter.basePath = 'https:\/\/www.ull.es\/grados\/administracion-direccion-empresas\/wp-content\/plugins\/depicter\/resources\/scripts\/player\/';\n\tconst dpPlayer = Depicter.setup('.depicter-1',\n\t\t{\"width\":[\"1200\",\"1024\",\"360\"],\"height\":[\"500\",\"700\",\"360\"],\"view\":\"basic\",\"keepAspectRatio\":true,\"preload\":0,\"layout\":\"fullwidth\",\"rtl\":false,\"initAfterAppear\":false,\"ajaxApiUrl\":\"https:\\\/\\\/www.ull.es\\\/grados\\\/administracion-direccion-empresas\\\/wp-admin\\\/admin-ajax.php\",\"mouseSwipe\":true,\"touchSwipe\":true,\"useWatermark\":false}\n\t);\n});\n<\/script><\/div><\/div><\/div>\n<\/div><\/div>\n\n\n\n<div class=\"wp-block-stackable-columns alignfull stk-block-columns stk--hide-mobile stk-block stk-ceecbdc stk-block-background\" data-block-id=\"ceecbdc\"><style>.stk-ceecbdc {background-color:#360060 !important;padding-top:35px !important;padding-right:0px !important;padding-bottom:2px !important;padding-left:0px !important;margin-top:-20px !important;margin-bottom:70px !important;}.stk-ceecbdc:before{background-color:#360060 !important;}<\/style><div class=\"stk-row stk-inner-blocks stk-block-content stk-content-align stk-ceecbdc-column alignfull\">\n<div class=\"wp-block-stackable-column stk-block-column stk-column stk-block stk-fc60a5d\" data-v=\"4\" data-block-id=\"fc60a5d\"><div class=\"stk-column-wrapper stk-block-column__content stk-container stk-fc60a5d-container stk--no-background stk--no-padding\"><div class=\"stk-block-content stk-inner-blocks stk-fc60a5d-inner-blocks\">\n<div class=\"wp-block-stackable-spacer stk-block-spacer stk--no-padding stk-block stk-a3a8a68\" data-block-id=\"a3a8a68\"><style>.stk-a3a8a68 {height:0px !important;}<\/style><\/div>\n<\/div><\/div><\/div>\n<\/div><\/div>\n\n\n\n<div class=\"wp-block-stackable-columns stk-block-columns stk-block stk-8b59b96\" data-block-id=\"8b59b96\"><style>.stk-8b59b96 .stk--block-align-8b59b96{align-items:flex-start !important;}.stk-8b59b96 {margin-top:25px !important;}.stk-8b59b96-column{--stk-columns-spacing:0px !important;--stk-column-gap:50px !important;}@media screen and (max-width: 767px){.stk-8b59b96-column{row-gap:var(--stk--preset--spacing--60, 2.25rem) !important;}}<\/style><div class=\"stk-row stk-inner-blocks stk--block-align-8b59b96 stk-block-content stk-content-align stk-8b59b96-column\">\n<div class=\"wp-block-stackable-column stk-block-column stk-column stk-block stk-dbb7e15\" data-v=\"4\" data-block-id=\"dbb7e15\"><div class=\"stk-column-wrapper stk-block-column__content stk-container stk-dbb7e15-container stk--no-background stk--no-padding\"><div class=\"stk-block-content stk-inner-blocks stk-dbb7e15-inner-blocks\">\n<div class=\"wp-block-stackable-heading stk-block-heading stk-block-heading--v2 stk-block stk-689c258\" id=\"recursos-materiales-e-infraestructuras\" data-block-id=\"689c258\"><style>.stk-689c258 .stk-block-heading__text{color:#5c068c !important;}<\/style><h1 class=\"stk-block-heading__text has-text-color\">Recursos materiales e infraestructuras<\/h1><\/div>\n\n\n\n<p>La titulaci\u00f3n dispone de los espacios y los equipamientos necesarios propios del centro\/secci\u00f3n a la que est\u00e1 adscrita, disponiendo de las aulas, los seminarios, laboratorios y dem\u00e1s recursos materiales asignados a la docencia te\u00f3rica y pr\u00e1ctica del t\u00edtulo, de distinta capacidad en funci\u00f3n de las actividades formativas que en ellas se desarrollan y del tama\u00f1o medio del grupo.<\/p>\n\n\n\n<p>Adem\u00e1s, se cuenta con los espacios generales del centro\/secci\u00f3n para llevar a cabo el resto de actividades: sal\u00f3n de actos, aulas de inform\u00e1tica, salas de estudio, biblioteca, etc.<\/p>\n\n\n\n<details class=\"wp-block-stackable-accordion stk-block-accordion stk-inner-blocks stk-block-content stk-block stk-9d40cce is-style-default\" id=\"matricula\" data-block-id=\"9d40cce\"><style>.stk-9d40cce {border-style:solid !important;border-top-width:0px !important;border-right-width:0px !important;border-bottom-width:1px !important;border-left-width:0px !important;margin-bottom:8px !important;}<\/style>\n<summary class=\"wp-block-stackable-column stk-block-column stk-column stk-block stk-ef7f17a stk--container-small stk-block-accordion__heading\" data-v=\"4\" data-block-id=\"ef7f17a\"><style>.stk-ef7f17a {padding-top:2px !important;padding-right:2px !important;padding-bottom:2px !important;padding-left:2px !important;}<\/style><div class=\"stk-column-wrapper stk-block-column__content stk-container stk-ef7f17a-container stk--no-background stk--no-padding\"><div class=\"stk-block-content stk-inner-blocks stk-ef7f17a-inner-blocks\">\n<div class=\"wp-block-stackable-icon-label stk-block-icon-label stk-block stk-da3b93e\" data-block-id=\"da3b93e\"><style>.stk-da3b93e .stk-inner-blocks{gap:39px !important;}@media screen and (max-width: 1023px){.stk-da3b93e .stk-inner-blocks{gap:39px !important;}}@media screen and (max-width: 767px){.stk-da3b93e .stk-inner-blocks{gap:39px !important;}}<\/style><div class=\"stk-row stk-inner-blocks stk-block-content\">\n<div class=\"wp-block-stackable-icon stk-block-icon stk-block stk-8c84b2d\" data-block-id=\"8c84b2d\"><style>.stk-8c84b2d .stk--svg-wrapper .stk--inner-svg svg:last-child{height:25px !important;width:25px !important;}.stk-8c84b2d .stk--svg-wrapper .stk--inner-svg svg:last-child, .stk-8c84b2d .stk--svg-wrapper .stk--inner-svg svg:last-child :is(g, path, rect, polygon, ellipse){fill:#5c068c !important;}<\/style><span class=\"stk--svg-wrapper stk--has-icon2\"><div class=\"stk--inner-svg\"><svg style=\"height:0;width:0\"><defs><linearGradient id=\"linear-gradient-8c84b2d\" x1=\"0\" x2=\"100%\" y1=\"0\" y2=\"0\"><stop offset=\"0%\" style=\"stop-opacity:1;stop-color:var(--linear-gradient-8-c-84-b-2-d-color-1)\"><\/stop><stop offset=\"100%\" style=\"stop-opacity:1;stop-color:var(--linear-gradient-8-c-84-b-2-d-color-2)\"><\/stop><\/linearGradient><\/defs><\/svg><svg xmlns=\"http:\/\/www.w3.org\/2000\/svg\" viewBox=\"0 0 384 512\" aria-hidden=\"true\" width=\"32\" height=\"32\"><path d=\"M48 0C21.5 0 0 21.5 0 48V464c0 26.5 21.5 48 48 48h96V432c0-26.5 21.5-48 48-48s48 21.5 48 48v80h96c26.5 0 48-21.5 48-48V48c0-26.5-21.5-48-48-48H48zM64 240c0-8.8 7.2-16 16-16h32c8.8 0 16 7.2 16 16v32c0 8.8-7.2 16-16 16H80c-8.8 0-16-7.2-16-16V240zm112-16h32c8.8 0 16 7.2 16 16v32c0 8.8-7.2 16-16 16H176c-8.8 0-16-7.2-16-16V240c0-8.8 7.2-16 16-16zm80 16c0-8.8 7.2-16 16-16h32c8.8 0 16 7.2 16 16v32c0 8.8-7.2 16-16 16H272c-8.8 0-16-7.2-16-16V240zM80 96h32c8.8 0 16 7.2 16 16v32c0 8.8-7.2 16-16 16H80c-8.8 0-16-7.2-16-16V112c0-8.8 7.2-16 16-16zm80 16c0-8.8 7.2-16 16-16h32c8.8 0 16 7.2 16 16v32c0 8.8-7.2 16-16 16H176c-8.8 0-16-7.2-16-16V112zM272 96h32c8.8 0 16 7.2 16 16v32c0 8.8-7.2 16-16 16H272c-8.8 0-16-7.2-16-16V112c0-8.8 7.2-16 16-16z\"><\/path><\/svg><\/div><div class=\"stk--inner-svg stk--icon-2\" style=\"display:none\"><svg style=\"height:0;width:0\"><defs><linearGradient id=\"linear-gradient-8c84b2d\" x1=\"0\" x2=\"100%\" y1=\"0\" y2=\"0\"><stop offset=\"0%\" style=\"stop-opacity:1;stop-color:var(--linear-gradient-8-c-84-b-2-d-color-1)\"><\/stop><stop offset=\"100%\" style=\"stop-opacity:1;stop-color:var(--linear-gradient-8-c-84-b-2-d-color-2)\"><\/stop><\/linearGradient><\/defs><\/svg><svg xmlns=\"http:\/\/www.w3.org\/2000\/svg\" viewBox=\"0 0 384 512\" aria-hidden=\"true\" width=\"32\" height=\"32\"><path d=\"M64 48c-8.8 0-16 7.2-16 16V448c0 8.8 7.2 16 16 16h80V400c0-26.5 21.5-48 48-48s48 21.5 48 48v64h80c8.8 0 16-7.2 16-16V64c0-8.8-7.2-16-16-16H64zM0 64C0 28.7 28.7 0 64 0H320c35.3 0 64 28.7 64 64V448c0 35.3-28.7 64-64 64H64c-35.3 0-64-28.7-64-64V64zm88 40c0-8.8 7.2-16 16-16h48c8.8 0 16 7.2 16 16v48c0 8.8-7.2 16-16 16H104c-8.8 0-16-7.2-16-16V104zM232 88h48c8.8 0 16 7.2 16 16v48c0 8.8-7.2 16-16 16H232c-8.8 0-16-7.2-16-16V104c0-8.8 7.2-16 16-16zM88 232c0-8.8 7.2-16 16-16h48c8.8 0 16 7.2 16 16v48c0 8.8-7.2 16-16 16H104c-8.8 0-16-7.2-16-16V232zm144-16h48c8.8 0 16 7.2 16 16v48c0 8.8-7.2 16-16 16H232c-8.8 0-16-7.2-16-16V232c0-8.8 7.2-16 16-16z\"><\/path><\/svg><\/div><\/span><\/div>\n\n\n\n<div class=\"wp-block-stackable-heading stk-block-heading stk-block-heading--v2 stk-block stk-d69e378\" id=\"span-style-color-000000-class-stk-highlight-infraestructura-de-la-seccion-span\" data-block-id=\"d69e378\"><style>.stk-d69e378 .stk-block-heading__text{color:#000000 !important;font-weight:500 !important;font-family:\"ArgentumSans\", Sans-serif !important;}<\/style><h4 class=\"stk-block-heading__text has-text-color\"><span style=\"color: #000000;\" class=\"stk-highlight\">Infraestructura de la secci\u00f3n<\/span><\/h4><\/div>\n<\/div><\/div>\n<\/div><\/div><\/summary>\n\n\n\n<div class=\"wp-block-stackable-column stk-block-column stk-column stk-block stk-9404ebc stk-block-accordion__content\" data-v=\"4\" data-block-id=\"9404ebc\"><style>.stk-9404ebc {margin-top:-30px !important;}<\/style><div class=\"stk-column-wrapper stk-block-column__content stk-container stk-9404ebc-container stk--no-background stk--no-padding\"><div class=\"stk-block-content stk-inner-blocks stk-9404ebc-inner-blocks\">\n<h3 class=\"wp-block-heading\"><strong>Aulas y espacios de trabajo<\/strong><\/h3>\n\n\n\n<p>La Facultad de Ciencias Econ\u00f3micas y Empresariales cuenta, en la actualidad, con 16 aulas docentes y otras&nbsp;5 aulas de inform\u00e1tica, con las capacidades indicadas en el siguiente cuadro.<\/p>\n\n\n\n<style>\ntable td, table th {\n  transition: transform 0.2s, box-shadow 0.2s;\n}\ntable td:hover, table th:hover {\n  transform: scale(1.02);\n  box-shadow: 0 0.75rem 1.5rem rgba(0,0,0,0.15);\n}\n<\/style>\n<table class=\"table table-bordered table-striped align-middle text-center shadow\" style=\"border-collapse: separate; border-spacing: 0; box-shadow: 0 0.5rem 1rem rgba(0,0,0,0.15); border-radius:2rem;\">\n  <thead style=\"background-color: #360060; color: #fff;\">\n    <tr>\n      <th scope=\"col\" colspan=\"10\" style=\"text-align:center; border-top-left-radius: 1.5rem; border-top-right-radius: 1.5rem;\">Tipolog\u00eda de Aulas Docentes y Aulas de Inform\u00e1tica<\/th>\n    <\/tr>\n  <\/thead>\n  <tbody>\n    <tr class=\"fw-bold text-white\" style=\"background-color: #490a79; color:#fff;\">\n      <td style=\"color:#fff; font-weight:bold;\">N\u00ba de aulas docentes<\/td>\n      <td style=\"font-weight:bold;\">Capacidad de aula<\/td>\n    <\/tr>\n    <tr>\n      <td>2<\/td>\n      <td>183<\/td>\n    <\/tr>\n    <tr class=\"table-light\">\n      <td>2<\/td>\n      <td>128<\/td>\n    <\/tr>\n    <tr>\n      <td>10<\/td>\n      <td>96<\/td>\n    <\/tr>\n    <tr class=\"table-light\">\n      <td>2<\/td>\n      <td>64<\/td>\n    <\/tr>\n    <tr>\n      <td>2<\/td>\n      <td>18<\/td>\n    <\/tr>\n    <tr>\n      <td style=\"font-weight:bold;\">N\u00ba de aulas de inform\u00e1tica<\/td>\n      <td style=\"font-weight:bold;\">N\u00ba de asientos y ordenadores<\/td>\n    <\/tr>\n    <tr class=\"fw-bold text-white\" style=\"background-color: #490a79; color:#fff;\">\n      <td style=\"border-bottom-left-radius: 1.5rem; color:#fff; font-weight:bold;\">3<\/td>\n      <td style=\"font-weight:bold; border-bottom-right-radius: 1.5rem;\">60 puestos<\/td>\n    <\/tr>\n  <\/tbody>\n<\/table>\n\n\n\n<p>Gracias a la puesta en marcha de las medidas contempladas en el \u201cPlan de Mejoras\u201d, elaborado tras su Evaluaci\u00f3n Institucional, en el a\u00f1o 2004, todas las aulas del centro cuentan, en la actualidad, con medios audiovisuales necesarios para facilitar el uso de las TIC en la docencia: un video-proyector con conexi\u00f3n a PC, un punto de conexi\u00f3n a internet, y conexiones de v\u00eddeo y audio para la reproducci\u00f3n de DVDs. Asimismo, las aulas de inform\u00e1tica cuentan con un total de 60 puestos.&nbsp;Adem\u00e1s de las mismas facilidades con las que cuentan el resto de aulas convencionales del centro, las aulas de inform\u00e1tica tambi\u00e9n cuentan con facilidades de impresi\u00f3n para los usuarios.<\/p>\n\n\n\n<p>Adem\u00e1s de las aulas docentes, el centro dispone de varias dependencias para la celebraci\u00f3n de seminarios de investigaci\u00f3n y&nbsp;<em>workshops<\/em>&nbsp;(<em>Sal\u00f3n de Grados<\/em>, con capacidad de 100 asientos) o conferencias y actos de mayor aforo (<em>Aula Magna<\/em>, con capacidad de 280 asientos); en ambos casos se dispone de medios de proyecci\u00f3n, grabaci\u00f3n y cabinas para los int\u00e9rpretes-traductores.<\/p>\n\n\n\n<h3 class=\"wp-block-heading\"><strong>Biblioteca<\/strong><\/h3>\n\n\n\n<p>El edificio de la Facultad de Ciencias Econ\u00f3micas y Empresariales alberga una moderna biblioteca en la que se encuentran los fondos bibliogr\u00e1ficos de Econ\u00f3micas y Empresariales. La biblioteca dispone de excelentes instalaciones, entre las que se encuentra:<\/p>\n\n\n\n<p>a)&nbsp;&nbsp;&nbsp; Una Sala de lectura con 536 puestos<\/p>\n\n\n\n<p>b)&nbsp;&nbsp;&nbsp; Una Hemeroteca con 40 puestos de lectura<\/p>\n\n\n\n<p>c)&nbsp;&nbsp;&nbsp; Ocho despachos para la realizaci\u00f3n de trabajos en grupo (\u201ccarrels\u201d)<\/p>\n\n\n\n<p>d)&nbsp;&nbsp;&nbsp; Dos dep\u00f3sitos, uno para publicaciones peri\u00f3dicas y otro para monograf\u00edas<\/p>\n\n\n\n<p>El fondo de la Biblioteca est\u00e1 compuesto por m\u00e1s de 50.000 vol\u00famenes de monograf\u00edas y m\u00e1s de 1.000 t\u00edtulos de publicaciones peri\u00f3dicas, de las que casi 500 se siguen recibiendo en la actualidad. Asimismo, la biblioteca cuenta con los siguientes servicios:<\/p>\n\n\n\n<p>a)&nbsp;&nbsp;&nbsp; Consulta en sala<\/p>\n\n\n\n<p>b)&nbsp;&nbsp;&nbsp; Pr\u00e9stamo exterior<\/p>\n\n\n\n<p>c)&nbsp;&nbsp;&nbsp; Pr\u00e9stamo inter-bibliotecario<\/p>\n\n\n\n<p>d)&nbsp;&nbsp;&nbsp; Reprograf\u00eda (con dos fotocopiadoras de autoservicio)<\/p>\n\n\n\n<p>e)&nbsp;&nbsp;&nbsp; Actividades de formaci\u00f3n para los usuarios, impartidas por el personal cualificado de la biblioteca<\/p>\n\n\n\n<h3 class=\"wp-block-heading\"><strong>Recursos inform\u00e1ticos<\/strong><\/h3>\n\n\n\n<p>La Facultad de Ciencias Econ\u00f3micas y Empresariales dispone de cinco aulas de inform\u00e1tica, que son atendidas por alumnos becarios de inform\u00e1tica, cuya funci\u00f3n principal consiste en el mantenimiento de los equipos de inform\u00e1tica y la atenci\u00f3n a los usuarios (alumnos y profesores) de las mismas.<\/p>\n\n\n\n<p>Cada una de las aulas tiene una capacidad de 60 puestos. Las aulas est\u00e1n dotadas de impresoras L\u00e1ser, y disponen de dispositivos de retroproyecci\u00f3n. Las aulas est\u00e1n configuradas en red local, con dos servidores Windows XP que proveen servicios de seguridad, respaldo y almacenamiento y un servidor LINUX. Las aulas est\u00e1n conectadas a la red universitaria, con lo cual se tiene acceso directo a Internet a trav\u00e9s de las mismas. Las aulas disponen de entrada libre para los alumnos del Centro, desde octubre hasta julio, durante el horario de permanencia de los becarios del Centro.<\/p>\n<\/div><\/div><\/div>\n<\/details>\n<\/div><\/div><\/div>\n<\/div><\/div>\n","protected":false},"excerpt":{"rendered":"<p>Ressources mat\u00e9rielles et infrastructures : Le programme d&#039;\u00e9tudes dispose des espaces et \u00e9quipements n\u00e9cessaires propres au centre\/section auquel il est rattach\u00e9, notamment des salles de classe, des salles de s\u00e9minaire, des laboratoires et d&#039;autres ressources mat\u00e9rielles affect\u00e9es \u00e0 l&#039;enseignement th\u00e9orique et pratique du dipl\u00f4me, dont les capacit\u00e9s varient en fonction des activit\u00e9s de formation qui y sont men\u00e9es\u2026<\/p>","protected":false},"author":1,"featured_media":0,"parent":285,"menu_order":2,"comment_status":"closed","ping_status":"closed","template":"templates\/template-frontpage.php","meta":{"footnotes":""},"class_list":["post-292","page","type-page","status-publish","hentry"],"_links":{"self":[{"href":"https:\/\/www.ull.es\/grados\/administracion-direccion-empresas\/fr\/wp-json\/wp\/v2\/pages\/292","targetHints":{"allow":["GET"]}}],"collection":[{"href":"https:\/\/www.ull.es\/grados\/administracion-direccion-empresas\/fr\/wp-json\/wp\/v2\/pages"}],"about":[{"href":"https:\/\/www.ull.es\/grados\/administracion-direccion-empresas\/fr\/wp-json\/wp\/v2\/types\/page"}],"author":[{"embeddable":true,"href":"https:\/\/www.ull.es\/grados\/administracion-direccion-empresas\/fr\/wp-json\/wp\/v2\/users\/1"}],"replies":[{"embeddable":true,"href":"https:\/\/www.ull.es\/grados\/administracion-direccion-empresas\/fr\/wp-json\/wp\/v2\/comments?post=292"}],"version-history":[{"count":13,"href":"https:\/\/www.ull.es\/grados\/administracion-direccion-empresas\/fr\/wp-json\/wp\/v2\/pages\/292\/revisions"}],"predecessor-version":[{"id":1156,"href":"https:\/\/www.ull.es\/grados\/administracion-direccion-empresas\/fr\/wp-json\/wp\/v2\/pages\/292\/revisions\/1156"}],"up":[{"embeddable":true,"href":"https:\/\/www.ull.es\/grados\/administracion-direccion-empresas\/fr\/wp-json\/wp\/v2\/pages\/285"}],"wp:attachment":[{"href":"https:\/\/www.ull.es\/grados\/administracion-direccion-empresas\/fr\/wp-json\/wp\/v2\/media?parent=292"}],"curies":[{"name":"wp","href":"https:\/\/api.w.org\/{rel}","templated":true}]}}