{"id":34,"date":"2017-06-28T12:52:52","date_gmt":"2017-06-28T12:52:52","guid":{"rendered":"http:\/\/www.ull.es\/masteres\/desarrollo-y-gestion-de-recursos-humanos\/?page_id=24"},"modified":"2026-01-26T11:52:43","modified_gmt":"2026-01-26T11:52:43","slug":"estructura-del-plan-de-estudios","status":"publish","type":"page","link":"https:\/\/www.ull.es\/grados\/antropologia-social-cultural\/en\/plan-de-estudios\/estructura-del-plan-de-estudios\/","title":{"rendered":"Structure of the Curriculum"},"content":{"rendered":"\n<div class=\"wp-block-stackable-columns alignfull stk-block-columns stk-block stk-8657999\" data-block-id=\"8657999\"><style>.stk-8657999 {padding-bottom:0px !important;margin-top:-30px !important;margin-bottom:0px !important;}@media screen and (max-width: 767px){.stk-8657999 {margin-top:-10% !important;}}<\/style><div class=\"stk-row stk-inner-blocks stk-block-content stk-content-align stk-8657999-column alignfull\">\n<div class=\"wp-block-stackable-column stk-block-column stk-column stk-block stk-914f03e\" data-v=\"4\" data-block-id=\"914f03e\"><div class=\"stk-column-wrapper stk-block-column__content stk-container stk-914f03e-container stk--no-background stk--no-padding\"><div class=\"stk-block-content stk-inner-blocks stk-914f03e-inner-blocks\"><style id=\"depicter-1-inline-pre-css\">\n\n.depicter-1:not(.depicter-ready){\n\theight:500px;\n}\n\n\/***** Tablet *****\/\n@media screen and (max-width: 1024px){\n\n.depicter-1:not(.depicter-ready){\n\theight:700px;\n}\n\n}\n\/***** Mobile *****\/\n@media screen and (max-width: 767px){\n\n.depicter-1:not(.depicter-ready){\n\theight:360px;\n}\n\n}\n<\/style>\n<div id=\"depicter-1\" class=\"depicter depicter-document depicter-revert depicter-1 depicter-layout-fullwidth\">\n\n<div class=\"depicter-loading-container depicter-loading dotFlashing-dark\"><div class=\"depicter-loading-dark depicter-dot-flashing\">\n   <span><\/span>\n   <span><\/span>\n   <span><\/span>\n<\/div>\n<\/div>\n<div id=\"depicter-1-section-1\" class=\"depicter-section depicter-1-section-1\" data-name=\"Section 1\" data-type=\"section\" data-local-id=\"section-1\">\n<picture class=\"depicter-bg\">\n<source data-depicter-srcset=\"https:\/\/www.ull.es\/grados\/antropologia-social-cultural\/wp-content\/uploads\/sites\/4\/2025\/04\/Slider_Antropologia_Social_y_Cultural-768x248.jpg, https:\/\/www.ull.es\/grados\/antropologia-social-cultural\/wp-content\/uploads\/sites\/4\/2025\/04\/Slider_Antropologia_Social_y_Cultural.jpg 2x\" srcset=\"data:image\/gif;base64,R0lGODlhAQABAIAAAAAAAP\/\/\/yH5BAEAAAAALAAAAAABAAEAAAIBRAA7\" media=\"(max-width: 1024px)\" \/>\n\n<source data-depicter-srcset=\"https:\/\/www.ull.es\/grados\/antropologia-social-cultural\/wp-content\/uploads\/sites\/4\/2025\/04\/Slider_Antropologia_Social_y_Cultural.jpg, https:\/\/www.ull.es\/grados\/antropologia-social-cultural\/wp-content\/uploads\/sites\/4\/2025\/04\/Slider_Antropologia_Social_y_Cultural-1921x620.jpg 2x\" srcset=\"data:image\/gif;base64,R0lGODlhAQABAIAAAAAAAP\/\/\/yH5BAEAAAAALAAAAAABAAEAAAIBRAA7\" media=\"(min-width: 1025px)\" \/>\n<img decoding=\"async\" src=\"data:image\/gif;base64,R0lGODlhAQABAIAAAAAAAP\/\/\/yH5BAEAAAAALAAAAAABAAEAAAIBRAA7\" data-ken-burns=\"false\" data-tablet-ken-burns=\"false\" data-mobile-ken-burns=\"false\" alt=\"\" data-depicter-src=\"https:\/\/www.ull.es\/grados\/antropologia-social-cultural\/wp-content\/uploads\/sites\/4\/2025\/04\/Slider_Antropologia_Social_y_Cultural.jpg\" data-object-fit=\"custom,custom,\" data-object-position=\"center top,,\" data-crop=\"{'focalPoint':{'x':0.5,'y':0.5},'mediaSize':{'width':1394.274193548387074770289473235607147216796875,'height':450}}\" data-tablet-crop=\"{'focalPoint':{'x':0.5,'y':0.5},'mediaSize':{'width':2168.87096774193560122512280941009521484375,'height':700.0000000000001136868377216160297393798828125}}\" data-mobile-crop=\"{'focalPoint':{'x':0.5,'y':0.5},'mediaSize':{'width':1115.41935483870975076570175588130950927734375,'height':360}}\" \/>\n<\/picture>\n\n\n<h1 id=\"depicter-1-element-5\" class=\"depicter-element depicter-layer depicter-1-element-5\" data-type=\"text\" data-wrap=\"true\" data-name=\"Text 2\" data-local-id=\"element-5\" data-offset=\"x:87px;y:149px;origin:tl\" data-tablet-offset=\"x:232px;y:293px;origin:tl\" data-mobile-offset=\"x:6px;y:-136px;origin:tl\" data-width=\"1027px,589px,348px\" data-height=\"auto,auto,auto\" data-responsive-scale=\"true,,\">Grado en Antropolog\u00eda Social y Cultural<\/h1>\n\n<div id=\"depicter-1-element-10\" class=\"depicter-element depicter-layer depicter-1-element-10\" data-type=\"shape\" data-wrap=\"true\" data-name=\"Shape 1\" data-local-id=\"element-10\" data-offset=\"x:87px;y:358px;origin:tl\" data-tablet-offset=\"x:232px;y:426px;origin:tl\" data-mobile-offset=\"x:6px;y:15px;origin:tl\" data-width=\"968px,555px,309px\" data-height=\"8px,8px,8px\" data-responsive-scale=\"true,,\"><\/div>\n<\/div>\n<\/div>\n<script>\n(window.depicterSetups = window.depicterSetups || []).push(function(){\n\tDepicter.basePath = 'https:\/\/www.ull.es\/grados\/antropologia-social-cultural\/wp-content\/plugins\/depicter\/resources\/scripts\/player\/';\n\tconst dpPlayer = Depicter.setup('.depicter-1',\n\t\t{\"width\":[\"1200\",\"1024\",\"360\"],\"height\":[\"500\",\"700\",\"360\"],\"view\":\"basic\",\"keepAspectRatio\":true,\"preload\":0,\"layout\":\"fullwidth\",\"rtl\":false,\"initAfterAppear\":false,\"ajaxApiUrl\":\"https:\\\/\\\/www.ull.es\\\/grados\\\/antropologia-social-cultural\\\/wp-admin\\\/admin-ajax.php\",\"mouseSwipe\":true,\"touchSwipe\":true,\"useWatermark\":false}\n\t);\n});\n<\/script><\/div><\/div><\/div>\n<\/div><\/div>\n\n\n\n<div class=\"wp-block-stackable-columns alignfull stk-block-columns stk--hide-mobile stk-block stk-ceecbdc stk-block-background\" data-block-id=\"ceecbdc\"><style>.stk-ceecbdc {background-color:#360060 !important;padding-top:35px !important;padding-right:0px !important;padding-bottom:2px !important;padding-left:0px !important;margin-top:-20px !important;margin-bottom:70px !important;}.stk-ceecbdc:before{background-color:#360060 !important;}<\/style><div class=\"stk-row stk-inner-blocks stk-block-content stk-content-align stk-ceecbdc-column alignfull\">\n<div class=\"wp-block-stackable-column stk-block-column stk-column stk-block stk-fc60a5d\" data-v=\"4\" data-block-id=\"fc60a5d\"><div class=\"stk-column-wrapper stk-block-column__content stk-container stk-fc60a5d-container stk--no-background stk--no-padding\"><div class=\"stk-block-content stk-inner-blocks stk-fc60a5d-inner-blocks\">\n<div class=\"wp-block-stackable-spacer stk-block-spacer stk--no-padding stk-block stk-a3a8a68\" data-block-id=\"a3a8a68\"><style>.stk-a3a8a68 {height:0px !important;}<\/style><\/div>\n<\/div><\/div><\/div>\n<\/div><\/div>\n\n\n\n<div class=\"wp-block-stackable-columns stk-block-columns stk-block stk-8b59b96\" data-block-id=\"8b59b96\"><style>.stk-8b59b96 .stk--block-align-8b59b96{align-items:flex-start !important;}.stk-8b59b96 {margin-top:25px !important;}.stk-8b59b96-column{--stk-columns-spacing:0px !important;--stk-column-gap:50px !important;}@media screen and (max-width: 767px){.stk-8b59b96-column{row-gap:var(--stk--preset--spacing--60, 2.25rem) !important;}}<\/style><div class=\"stk-row stk-inner-blocks stk--block-align-8b59b96 stk-block-content stk-content-align stk-8b59b96-column\">\n<div class=\"wp-block-stackable-column stk-block-column stk-column stk-block stk-dbb7e15\" data-v=\"4\" data-block-id=\"dbb7e15\"><div class=\"stk-column-wrapper stk-block-column__content stk-container stk-dbb7e15-container stk--no-background stk--no-padding\"><div class=\"stk-block-content stk-inner-blocks stk-dbb7e15-inner-blocks\">\n<div class=\"wp-block-stackable-heading stk-block-heading stk-block-heading--v2 stk-block stk-689c258\" id=\"estructura-del-plan-de-estudios\" data-block-id=\"689c258\"><style>.stk-689c258 .stk-block-heading__text{color:#5c068c !important;}<\/style><h1 class=\"stk-block-heading__text has-text-color\">Estructura del Plan de estudios<\/h1><\/div>\n\n\n\n<p>El t\u00edtulo de Grado de ADE cuenta con total de 240 cr\u00e9ditos ECTS, de los que 60 se corresponden con materias de Formaci\u00f3n B\u00e1sica, 24 de Optativas y 30 de Pr\u00e1cticas Externas y Trabajo Fin de Grado (incluyendo la asignatura de T\u00e9cnicas de Investigaci\u00f3n Empresarial). Todas las asignaturas tienen 6 cr\u00e9ditos ECTS, salvo las Pr\u00e1cticas Externas y el Trabajo Fin de Grado.<\/p>\n\n\n\n<div class=\"wp-block-stackable-spacer stk-block-spacer stk--no-padding stk-block stk-7352001\" data-block-id=\"7352001\"><\/div>\n\n\n\n<style>\ntable td, table th {\n  transition: transform 0.2s, box-shadow 0.2s;\n}\ntable td:hover, table th:hover {\n  transform: scale(1.02);\n  box-shadow: 0 0.75rem 1.5rem rgba(0,0,0,0.15);\n}\n<\/style>\n<table class=\"table table-bordered table-striped align-middle text-center shadow\" style=\"border-collapse: separate; border-spacing: 0; box-shadow: 0 0.5rem 1rem rgba(0,0,0,0.15); border-radius:2rem;\">\n  <thead style=\"background-color: #360060; color: #fff;\">\n    <tr>\n      <th scope=\"col\" colspan=\"10\" style=\"text-align:center; border-top-left-radius: 1.5rem; border-top-right-radius: 1.5rem;\">Distribuci\u00f3n del plan de estudios por tipo de materia<\/th>\n    <\/tr>\n  <\/thead>\n  <tbody>\n    <tr class=\"fw-bold text-white\" style=\"background-color: #490a79; color:#fff;\">\n      <td style=\"color:#fff; font-weight:bold;\">TIPO DE MATERIA<\/td>\n      <td style=\"font-weight:bold;\">CR\u00c9DITOS ECTS<\/td>\n    <\/tr>\n    <tr>\n      <td>Formaci\u00f3n b\u00e1sica<\/td>\n      <td>60<\/td>\n    <\/tr>\n    <tr class=\"table-light\">\n      <td>Obligatoria<\/td>\n      <td>132<\/td>\n    <\/tr>\n    <tr>\n      <td>Optativas<\/td>\n      <td>24<\/td>\n    <\/tr>\n    <tr class=\"table-light\">\n      <td>Pr\u00e1cticum<\/td>\n      <td>12<\/td>\n    <\/tr>\n    <tr>\n      <td>Trabajo Fin de Grado<\/td>\n      <td>12<\/td>\n    <\/tr>\n    <tr class=\"fw-bold text-white\" style=\"background-color: #490a79; color:#fff;\">\n      <td style=\"border-bottom-left-radius: 1.5rem; color:#fff; font-weight:bold;\">Cr\u00e9ditos totales<\/td>\n      <td style=\"font-weight:bold; border-bottom-right-radius: 1.5rem;\">240<\/td>\n    <\/tr>\n  <\/tbody>\n<\/table>\n\n\n\n<p>La distribuci\u00f3n temporal de las asignaturas del plan de estudios se recoge en los siguientes cuadros.<\/p>\n\n\n\n<style>\n\/* Efectos hover globales *\/\ntable td, table th {\n  transition: transform 0.2s, box-shadow 0.2s;\n}\ntable td:hover, table th:hover {\n  transform: scale(1.02);\n  box-shadow: 0 0.75rem 1.5rem rgba(0,0,0,0.15);\n}\n\/* Estilo general de tabla *\/\ntable {\n  border-collapse: separate;\n  border-spacing: 0;\n  width: 100%;\n  box-shadow: 0 0.5rem 1rem rgba(0,0,0,0.15);\n  border-radius: 1.5rem;\n  overflow: hidden;\n  font-family: 'Segoe UI', Tahoma, Geneva, Verdana, sans-serif;\n  margin-bottom: 2rem;\n}\ntable th, table td {\n  border: 1px solid #dee2e6;\n  padding: 10px 12px;\n  vertical-align: middle;\n  text-align: center;\n}\ntable th {\n  background-color: #360060;\n  color: #fff;\n  font-weight: bold;\n}\ntr:nth-child(even) td {\n  background-color: #f8f8fc;\n}\n.th1 {\n  background-color: #490a79 !important;\n  color: #fff !important;\n  font-weight: bold;\n}\n.th2 {\n  background-color: #5C068C !important;\n  color: #fff !important;\n  font-weight: bold;\n}\n.td1 {\n  background-color: #ffffff;\n}\n.td2 {\n  background-color: #f8f8fc;\n}\n<\/style>\n<table width=\"78%\">\n<tbody>\n<tr class=\"main-title\">\n<td class=\"th1\" colspan=\"6\"><strong>Primer curso<\/strong><\/td>\n<\/tr>\n<tr class=\"col-headers\">\n<td class=\"th2\">C\u00f3digo<\/td>\n<td class=\"th2\">Asignatura<\/td>\n<td class=\"th2\" colspan=\"3\">Cr\u00e9ditos<\/td>\n<td class=\"th2\">Duraci\u00f3n<\/td>\n<\/tr>\n<tr class=\"col-headers\">\n<td class=\"th2\" colspan=\"2\"><\/td>\n<td class=\"th2\">Te\u00f3ricos<\/td>\n<td class=\"th2\">Pr\u00e1cticos<\/td>\n<td class=\"th2\">Totales<\/td>\n<td class=\"th2\"><\/td>\n<\/tr>\n<tr>\n<td class=\"td1\">119491101<\/td><td class=\"td1\">Fundamentos de Sociolog\u00eda<\/td><td class=\"td1\">4,5<\/td><td class=\"td1\">1,5<\/td><td class=\"td1\">6<\/td><td class=\"td1\">1\u00ba Cuatrimestre<\/td>\n<\/tr>\n<tr>\n<td class=\"td2\">119491102<\/td><td class=\"td2\">Antropolog\u00eda Social y Cultural<\/td><td class=\"td2\">4,5<\/td><td class=\"td2\">1,5<\/td><td class=\"td2\">6<\/td><td class=\"td2\">1\u00ba Cuatrimestre<\/td>\n<\/tr>\n<tr>\n<td class=\"td1\">119491103<\/td><td class=\"td1\">Fundamentos del Derecho Administrativo y Constitucional<\/td><td class=\"td1\">4,5<\/td><td class=\"td1\">1,5<\/td><td class=\"td1\">6<\/td><td class=\"td1\">1\u00ba Cuatrimestre<\/td>\n<\/tr>\n<tr>\n<td class=\"td2\">119491104<\/td><td class=\"td2\">Econom\u00eda<\/td><td class=\"td2\">4,5<\/td><td class=\"td2\">1,5<\/td><td class=\"td2\">6<\/td><td class=\"td2\">1\u00ba Cuatrimestre<\/td>\n<\/tr>\n<tr>\n<td class=\"td1\">119491105<\/td><td class=\"td1\">Historia Pol\u00edtica y Social Contempor\u00e1nea<\/td><td class=\"td1\">4,5<\/td><td class=\"td1\">1,5<\/td><td class=\"td1\">6<\/td><td class=\"td1\">1\u00ba Cuatrimestre<\/td>\n<\/tr>\n<tr><td class=\"td1\">119492101<\/td><td class=\"td1\">Estad\u00edstica Aplicada a las Ciencias Sociales I<\/td><td class=\"td1\">3,5<\/td><td class=\"td1\">2,5<\/td><td class=\"td1\">6<\/td><td class=\"td1\">2\u00ba Cuatrimestre<\/td><\/tr>\n<tr><td class=\"td2\">119492102<\/td><td class=\"td2\">Metodolog\u00eda de las Ciencias Sociales (Dise\u00f1os de Investigaci\u00f3n)<\/td><td class=\"td2\">3<\/td><td class=\"td2\">3<\/td><td class=\"td2\">6<\/td><td class=\"td2\">2\u00ba Cuatrimestre<\/td><\/tr>\n<tr><td class=\"td1\">119492103<\/td><td class=\"td1\">Fundamentos de Ciencia Pol\u00edtica<\/td><td class=\"td1\">4,5<\/td><td class=\"td1\">1,5<\/td><td class=\"td1\">6<\/td><td class=\"td1\">2\u00ba Cuatrimestre<\/td><\/tr>\n<tr><td class=\"td2\">119492104<\/td><td class=\"td2\">Antropolog\u00eda de las Sociedades Contempor\u00e1neas<\/td><td class=\"td2\">4,5<\/td><td class=\"td2\">1,5<\/td><td class=\"td2\">6<\/td><td class=\"td2\">2\u00ba Cuatrimestre<\/td><\/tr>\n<tr><td class=\"td1\">119492105<\/td><td class=\"td1\">Idioma Moderno (Ingl\u00e9s)<\/td><td class=\"td1\">3<\/td><td class=\"td1\">3<\/td><td class=\"td1\">6<\/td><td class=\"td1\">2\u00ba Cuatrimestre<\/td><\/tr>\n<\/tbody>\n<\/table>\n\n<table width=\"78%\">\n<tbody>\n<tr class=\"main-title\"><td class=\"th1\" colspan=\"6\"><strong>Segundo curso<\/strong><\/td><\/tr>\n<tr class=\"col-headers\"><td class=\"th2\">C\u00f3digo<\/td><td class=\"th2\">Asignatura<\/td><td class=\"th2\" colspan=\"3\">Cr\u00e9ditos<\/td><td class=\"th2\">Duraci\u00f3n<\/td><\/tr>\n<tr class=\"col-headers\"><td class=\"th2\" colspan=\"2\"><\/td><td class=\"th2\">Te\u00f3ricos<\/td><td class=\"th2\">Pr\u00e1cticos<\/td><td class=\"th2\">Totales<\/td><td class=\"th2\"><\/td><\/tr>\n<tr><td class=\"td1\">119492101<\/td><td class=\"td1\">Teor\u00eda Sociol\u00f3gica I<\/td><td class=\"td1\">4,5<\/td><td class=\"td1\">1,5<\/td><td class=\"td1\">6<\/td><td class=\"td1\">1\u00ba Cuatrimestre<\/td><\/tr>\n<tr><td class=\"td2\">119492102<\/td><td class=\"td2\">T\u00e9cnicas Cualitativas y Etnogr\u00e1ficas en Investigaci\u00f3n Social<\/td><td class=\"td2\">3<\/td><td class=\"td2\">3<\/td><td class=\"td2\">6<\/td><td class=\"td2\">1\u00ba Cuatrimestre<\/td><\/tr>\n<tr><td class=\"td1\">119492103<\/td><td class=\"td1\">Estructura Social<\/td><td class=\"td1\">4,5<\/td><td class=\"td1\">1,5<\/td><td class=\"td1\">6<\/td><td class=\"td1\">1\u00ba Cuatrimestre<\/td><\/tr>\n<tr><td class=\"td2\">119492104<\/td><td class=\"td2\">Historia Econ\u00f3mica Contempor\u00e1nea<\/td><td class=\"td2\">4,5<\/td><td class=\"td2\">1,5<\/td><td class=\"td2\">6<\/td><td class=\"td2\">1\u00ba Cuatrimestre<\/td><\/tr>\n<tr><td class=\"td1\">119492105<\/td><td class=\"td1\">Poblaci\u00f3n y Territorio<\/td><td class=\"td1\">4,5<\/td><td class=\"td1\">1,5<\/td><td class=\"td1\">6<\/td><td class=\"td1\">1\u00ba Cuatrimestre<\/td><\/tr>\n<tr><td class=\"td1\">119492101<\/td><td class=\"td1\">Psicolog\u00eda Social<\/td><td class=\"td1\">4,5<\/td><td class=\"td1\">1,5<\/td><td class=\"td1\">6<\/td><td class=\"td1\">2\u00ba Cuatrimestre<\/td><\/tr>\n<tr><td class=\"td2\">119492102<\/td><td class=\"td2\">T\u00e9cnicas Cuantitativas de Investigaci\u00f3n Social<\/td><td class=\"td2\">3,5<\/td><td class=\"td2\">2,5<\/td><td class=\"td2\">6<\/td><td class=\"td2\">2\u00ba Cuatrimestre<\/td><\/tr>\n<tr><td class=\"td1\">119492103<\/td><td class=\"td1\">Antropolog\u00eda Ecol\u00f3gica y Econ\u00f3mica<\/td><td class=\"td1\">4,5<\/td><td class=\"td1\">1,5<\/td><td class=\"td1\">6<\/td><td class=\"td1\">2\u00ba Cuatrimestre<\/td><\/tr>\n<tr><td class=\"td2\">119492104<\/td><td class=\"td2\">Antropolog\u00eda y Teor\u00edas de la Cultura<\/td><td class=\"td2\">4,5<\/td><td class=\"td2\">1,5<\/td><td class=\"td2\">6<\/td><td class=\"td2\">2\u00ba Cuatrimestre<\/td><\/tr>\n<tr><td class=\"td1\">119492105<\/td><td class=\"td1\">Ciencias de la Administraci\u00f3n y Pol\u00edticas P\u00fablicas<\/td><td class=\"td1\">4,5<\/td><td class=\"td1\">1,5<\/td><td class=\"td1\">6<\/td><td class=\"td1\">2\u00ba Cuatrimestre<\/td><\/tr>\n<\/tbody>\n<\/table>\n\n<table width=\"78%\">\n<tbody>\n<tr class=\"main-title\"><td class=\"th1\" colspan=\"6\"><strong>Tercer curso<\/strong><\/td><\/tr>\n<tr class=\"col-headers\"><td class=\"th2\">C\u00f3digo<\/td><td class=\"th2\">Asignatura<\/td><td class=\"th2\" colspan=\"3\">Cr\u00e9ditos<\/td><td class=\"th2\">Duraci\u00f3n<\/td><\/tr>\n<tr class=\"col-headers\"><td class=\"th2\" colspan=\"2\"><\/td><td class=\"th2\">Te\u00f3ricos<\/td><td class=\"th2\">Pr\u00e1cticos<\/td><td class=\"th2\">Totales<\/td><td class=\"th2\"><\/td><\/tr>\n<tr><td class=\"td1\">119493101<\/td><td class=\"td1\">Desarrollo de la Teor\u00eda Antropol\u00f3gica<\/td><td class=\"td1\">4,5<\/td><td class=\"td1\">1,5<\/td><td class=\"td1\">6<\/td><td class=\"td1\">1\u00ba Cuatrimestre<\/td><\/tr>\n<tr><td class=\"td2\">119493102<\/td><td class=\"td2\">Teor\u00eda Sociol\u00f3gica II<\/td><td class=\"td2\">4,5<\/td><td class=\"td2\">1,5<\/td><td class=\"td2\">6<\/td><td class=\"td2\">1\u00ba Cuatrimestre<\/td><\/tr>\n<tr><td class=\"td1\">119493103<\/td><td class=\"td1\">Parentesco y Organizaci\u00f3n Social<\/td><td class=\"td1\">4,5<\/td><td class=\"td1\">1,5<\/td><td class=\"td1\">6<\/td><td class=\"td1\">1\u00ba Cuatrimestre<\/td><\/tr>\n<tr><td class=\"td2\">119493104<\/td><td class=\"td2\">T\u00e9cnicas de Campo en Antropolog\u00eda Social<\/td><td class=\"td2\">3,5<\/td><td class=\"td2\">2,5<\/td><td class=\"td2\">6<\/td><td class=\"td2\">1\u00ba Cuatrimestre<\/td><\/tr>\n<tr><td class=\"td1\">119493201<\/td><td class=\"td1\">Antropolog\u00eda Cognitiva y Simb\u00f3lica<\/td><td class=\"td1\">4,5<\/td><td class=\"td1\">1,5<\/td><td class=\"td1\">6<\/td><td class=\"td1\">2\u00ba Cuatrimestre<\/td><\/tr>\n<tr><td class=\"td2\">119493202<\/td><td class=\"td2\">Antropolog\u00eda Pol\u00edtica<\/td><td class=\"td2\">4,5<\/td><td class=\"td2\">1,5<\/td><td class=\"td2\">6<\/td><td class=\"td2\">2\u00ba Cuatrimestre<\/td><\/tr>\n<tr><td class=\"td1\">119493203<\/td><td class=\"td1\">Antropolog\u00eda Aplicada<\/td><td class=\"td1\">4,5<\/td><td class=\"td1\">1,5<\/td><td class=\"td1\">6<\/td><td class=\"td1\">2\u00ba Cuatrimestre<\/td><\/tr>\n<tr><td class=\"td2\">119493204<\/td><td class=\"td2\">Pr\u00e1cticas de Campo en Antropolog\u00eda Social<\/td><td class=\"td2\">3,5<\/td><td class=\"td2\">2,5<\/td><td class=\"td2\">6<\/td><td class=\"td2\">2\u00ba Cuatrimestre<\/td><\/tr>\n<\/tbody>\n<\/table>\n\n<table width=\"78%\">\n<tbody>\n<tr class=\"main-title\"><td class=\"th1\" colspan=\"6\"><strong>Cuarto curso<\/strong><\/td><\/tr>\n<tr class=\"col-headers\"><td class=\"th2\">C\u00f3digo<\/td><td class=\"th2\">Asignatura<\/td><td class=\"th2\" colspan=\"3\">Cr\u00e9ditos<\/td><td class=\"th2\">Duraci\u00f3n<\/td><\/tr>\n<tr class=\"col-headers\"><td class=\"th2\" colspan=\"2\"><\/td><td class=\"th2\">Te\u00f3ricos<\/td><td class=\"th2\">Pr\u00e1cticos<\/td><td class=\"th2\">Totales<\/td><td class=\"th2\"><\/td><\/tr>\n<tr><td class=\"td1\">119494101<\/td><td class=\"td1\">Pr\u00e1cticas Externas<\/td><td class=\"td1\">0<\/td><td class=\"td1\">12<\/td><td class=\"td1\">12<\/td><td class=\"td1\">Anual<\/td><\/tr>\n<tr><td class=\"td2\">119494102<\/td><td class=\"td2\">Antropolog\u00eda Urbana<\/td><td class=\"td2\">4,5<\/td><td class=\"td2\">1,5<\/td><td class=\"td2\">6<\/td><td class=\"td2\">1\u00ba Cuatrimestre<\/td><\/tr>\n<tr><td class=\"td1\">119494103<\/td><td class=\"td1\">Etnolog\u00eda Regional I: \u00c1frica y Am\u00e9rica<\/td><td class=\"td1\">4,5<\/td><td class=\"td1\">1,5<\/td><td class=\"td1\">6<\/td><td class=\"td1\">1\u00ba Cuatrimestre<\/td><\/tr>\n<tr><td class=\"td2\">119494104<\/td><td class=\"td2\">G\u00e9nero, Cuerpo y Cultura<\/td><td class=\"td2\">4,5<\/td><td class=\"td2\">1,5<\/td><td class=\"td2\">6<\/td><td class=\"td2\">1\u00ba Cuatrimestre<\/td><\/tr>\n<tr><td class=\"td1\">119494201<\/td><td class=\"td1\">Etnolog\u00eda Regional II: Canarias y Culturas Insulares<\/td><td class=\"td1\">4,5<\/td><td class=\"td1\">1,5<\/td><td class=\"td1\">6<\/td><td class=\"td1\">2\u00ba Cuatrimestre<\/td><\/tr>\n<tr><td class=\"td2\">119494202<\/td><td class=\"td2\">Trabajo Fin de Grado<\/td><td class=\"td2\">0<\/td><td class=\"td2\">12<\/td><td class=\"td2\">12<\/td><td class=\"td2\">2\u00ba Cuatrimestre<\/td><\/tr>\n<\/tbody>\n<\/table>\n\n<table width=\"76%\">\n<tbody>\n<tr class=\"main-title\"><td class=\"th1\" colspan=\"6\"><strong>Cat\u00e1logo de optativas<\/strong><\/td><\/tr>\n<tr><td class=\"td1\">119490901<\/td><td class=\"td1\">Migraciones Transnacionales, Mediaci\u00f3n y Relaciones Interculturales<\/td><td class=\"td1\">4,5<\/td><td class=\"td1\">1,5<\/td><td class=\"td1\">6<\/td><td class=\"td1\">2\u00ba Cuatrimestre<\/td><\/tr>\n<tr><td class=\"td2\">119490902<\/td><td class=\"td2\">Antropolog\u00eda Mar\u00edtima y Gobernanza<\/td><td class=\"td2\">4,5<\/td><td class=\"td2\">1,5<\/td><td class=\"td2\">6<\/td><td class=\"td2\">1\u00ba Cuatrimestre<\/td><\/tr>\n<tr><td class=\"td1\">119490903<\/td><td class=\"td1\">Antropolog\u00eda del Turismo<\/td><td class=\"td1\">4,5<\/td><td class=\"td1\">1,5<\/td><td class=\"td1\">6<\/td><td class=\"td1\">2\u00ba Cuatrimestre<\/td><\/tr>\n<tr><td class=\"td2\">119490904<\/td><td class=\"td2\">Desarrollo Local y Cooperaci\u00f3n Internacional<\/td><td class=\"td2\">4,5<\/td><td class=\"td2\">1,5<\/td><td class=\"td2\">6<\/td><td class=\"td2\">1\u00ba Cuatrimestre<\/td><\/tr>\n<tr><td class=\"td1\">119490905<\/td><td class=\"td1\">Servicios Sociales: Planificaci\u00f3n y Evaluaci\u00f3n<\/td><td class=\"td1\">4,5<\/td><td class=\"td1\">1,5<\/td><td class=\"td1\">6<\/td><td class=\"td1\">1\u00ba Cuatrimestre<\/td><\/tr>\n<tr><td class=\"td2\">119490906<\/td><td class=\"td2\">Diversidad Religiosa e Integraci\u00f3n Cultural<\/td><td class=\"td2\">4,5<\/td><td class=\"td2\">1,5<\/td><td class=\"td2\">6<\/td><td class=\"td2\">2\u00ba Cuatrimestre<\/td><\/tr>\n<tr><td class=\"td1\">119490907<\/td><td class=\"td1\">Patrimonio Etnol\u00f3gico y Museos Etnogr\u00e1ficos<\/td><td class=\"td1\">4,5<\/td><td class=\"td1\">1,5<\/td><td class=\"td1\">6<\/td><td class=\"td1\">2\u00ba Cuatrimestre<\/td><\/tr>\n<tr><td class=\"td2\">119490908<\/td><td class=\"td2\">Antropolog\u00eda de los Sentidos<\/td><td class=\"td2\">4,5<\/td><td class=\"td2\">1,5<\/td><td class=\"td2\">6<\/td><td class=\"td2\">1\u00ba Cuatrimestre<\/td><\/tr>\n<\/tbody>\n<\/table>\n\n<table width=\"435\">\n<tbody>\n<tr class=\"main-title\"><td class=\"th1\" colspan=\"2\"><strong>(*) INCOMPATIBILIDADES DE ASIGNATURAS<\/strong><\/td><\/tr>\n<tr class=\"col-headers\"><td class=\"th2\">Para obtener los ECTS de:<\/td><td class=\"th2\">Debe tener aprobados<\/td><\/tr>\n<tr><td class=\"td1\">Pr\u00e1cticas Externas<\/td><td class=\"td1\">150 cr\u00e9ditos entre Formaci\u00f3n B\u00e1sica, Obligatorias y Optativas<\/td><\/tr>\n<tr><td class=\"td2\">Trabajo Fin de Grado<\/td><td class=\"td2\">180 cr\u00e9ditos superados y matriculados todos los b\u00e1sicos y obligatorios restantes<\/td><\/tr>\n<\/tbody>\n<\/table>\n<\/div><\/div><\/div>\n<\/div><\/div>\n","protected":false},"excerpt":{"rendered":"<p>Curriculum Structure The Bachelor&#039;s Degree in Business Administration comprises a total of 240 ECTS credits, of which 60 correspond to Basic Training subjects, 24 to Electives, and 30 to External Internships and the Final Degree Project (including the subject of Business Research Techniques). All subjects have 6\u2026<\/p>","protected":false},"author":1,"featured_media":0,"parent":270,"menu_order":0,"comment_status":"closed","ping_status":"closed","template":"templates\/template-frontpage.php","meta":{"footnotes":""},"class_list":["post-34","page","type-page","status-publish","hentry"],"_links":{"self":[{"href":"https:\/\/www.ull.es\/grados\/antropologia-social-cultural\/en\/wp-json\/wp\/v2\/pages\/34","targetHints":{"allow":["GET"]}}],"collection":[{"href":"https:\/\/www.ull.es\/grados\/antropologia-social-cultural\/en\/wp-json\/wp\/v2\/pages"}],"about":[{"href":"https:\/\/www.ull.es\/grados\/antropologia-social-cultural\/en\/wp-json\/wp\/v2\/types\/page"}],"author":[{"embeddable":true,"href":"https:\/\/www.ull.es\/grados\/antropologia-social-cultural\/en\/wp-json\/wp\/v2\/users\/1"}],"replies":[{"embeddable":true,"href":"https:\/\/www.ull.es\/grados\/antropologia-social-cultural\/en\/wp-json\/wp\/v2\/comments?post=34"}],"version-history":[{"count":22,"href":"https:\/\/www.ull.es\/grados\/antropologia-social-cultural\/en\/wp-json\/wp\/v2\/pages\/34\/revisions"}],"predecessor-version":[{"id":1169,"href":"https:\/\/www.ull.es\/grados\/antropologia-social-cultural\/en\/wp-json\/wp\/v2\/pages\/34\/revisions\/1169"}],"up":[{"embeddable":true,"href":"https:\/\/www.ull.es\/grados\/antropologia-social-cultural\/en\/wp-json\/wp\/v2\/pages\/270"}],"wp:attachment":[{"href":"https:\/\/www.ull.es\/grados\/antropologia-social-cultural\/en\/wp-json\/wp\/v2\/media?parent=34"}],"curies":[{"name":"wp","href":"https:\/\/api.w.org\/{rel}","templated":true}]}}