{"id":290,"date":"2017-07-11T13:42:33","date_gmt":"2017-07-11T13:42:33","guid":{"rendered":"http:\/\/www.ull.es\/masteres\/desarrollo-y-gestion-de-recursos-humanos\/?page_id=290"},"modified":"2025-12-09T17:32:29","modified_gmt":"2025-12-09T17:32:29","slug":"personal-de-apoyo-a-la-docencia","status":"publish","type":"page","link":"https:\/\/www.ull.es\/grados\/arquitectura-tecnica\/fr\/profesorado-y-recursos\/personal-de-apoyo-a-la-docencia\/","title":{"rendered":"Personnel de soutien p\u00e9dagogique"},"content":{"rendered":"\n<div class=\"wp-block-stackable-columns alignfull stk-block-columns stk-block stk-8657999\" data-block-id=\"8657999\"><style>.stk-8657999 {padding-bottom:0px !important;margin-top:-30px !important;margin-bottom:0px !important;}@media screen and (max-width: 767px){.stk-8657999 {margin-top:-10% !important;}}<\/style><div class=\"stk-row stk-inner-blocks stk-block-content stk-content-align stk-8657999-column alignfull\">\n<div class=\"wp-block-stackable-column stk-block-column stk-column stk-block stk-914f03e\" data-v=\"4\" data-block-id=\"914f03e\"><div class=\"stk-column-wrapper stk-block-column__content stk-container stk-914f03e-container stk--no-background stk--no-padding\"><div class=\"stk-block-content stk-inner-blocks stk-914f03e-inner-blocks\"><style id=\"depicter-1-inline-pre-css\">\n\n.depicter-1:not(.depicter-ready){\n\theight:500px;\n}\n\n\/***** Tablet *****\/\n@media screen and (max-width: 1024px){\n\n.depicter-1:not(.depicter-ready){\n\theight:700px;\n}\n\n}\n\/***** Mobile *****\/\n@media screen and (max-width: 767px){\n\n.depicter-1:not(.depicter-ready){\n\theight:360px;\n}\n\n}\n<\/style>\n<div id=\"depicter-1\" class=\"depicter depicter-document depicter-revert depicter-1 depicter-layout-fullwidth\">\n\n<div class=\"depicter-loading-container depicter-loading dotFlashing-dark\"><div class=\"depicter-loading-dark depicter-dot-flashing\">\n   <span><\/span>\n   <span><\/span>\n   <span><\/span>\n<\/div>\n<\/div>\n<div id=\"depicter-1-section-1\" class=\"depicter-section depicter-1-section-1\" data-name=\"Section 1\" data-type=\"section\" data-local-id=\"section-1\">\n<picture class=\"depicter-bg\">\n<source data-depicter-srcset=\"https:\/\/www.ull.es\/grados\/arquitectura-tecnica\/wp-content\/uploads\/sites\/10\/2025\/04\/Slider__Arquitectura_Te\u0301cnica-768x248.jpg, https:\/\/www.ull.es\/grados\/arquitectura-tecnica\/wp-content\/uploads\/sites\/10\/2025\/04\/Slider__Arquitectura_Te\u0301cnica.jpg 2x\" srcset=\"data:image\/gif;base64,R0lGODlhAQABAIAAAAAAAP\/\/\/yH5BAEAAAAALAAAAAABAAEAAAIBRAA7\" media=\"(max-width: 1024px)\" \/>\n\n<source data-depicter-srcset=\"https:\/\/www.ull.es\/grados\/arquitectura-tecnica\/wp-content\/uploads\/sites\/10\/2025\/04\/Slider__Arquitectura_Te\u0301cnica.jpg, https:\/\/www.ull.es\/grados\/arquitectura-tecnica\/wp-content\/uploads\/sites\/10\/2025\/04\/Slider__Arquitectura_Te\u0301cnica-1920x621.jpg 2x\" srcset=\"data:image\/gif;base64,R0lGODlhAQABAIAAAAAAAP\/\/\/yH5BAEAAAAALAAAAAABAAEAAAIBRAA7\" media=\"(min-width: 1025px)\" \/>\n<img decoding=\"async\" src=\"data:image\/gif;base64,R0lGODlhAQABAIAAAAAAAP\/\/\/yH5BAEAAAAALAAAAAABAAEAAAIBRAA7\" data-ken-burns=\"false\" data-tablet-ken-burns=\"false\" data-mobile-ken-burns=\"false\" alt=\"\" data-depicter-src=\"https:\/\/www.ull.es\/grados\/arquitectura-tecnica\/wp-content\/uploads\/sites\/10\/2025\/04\/Slider__Arquitectura_Te\u0301cnica.jpg\" data-object-fit=\"custom,custom,\" data-object-position=\"center top,,\" data-crop=\"{'focalPoint':{'x':0.5,'y':0.5},'mediaSize':{'width':1391.3043478260869960649870336055755615234375,'height':450}}\" data-tablet-crop=\"{'focalPoint':{'x':0.5,'y':0.5},'mediaSize':{'width':2164.25120772946820579818449914455413818359375,'height':699.9999999999998863131622783839702606201171875}}\" data-mobile-crop=\"{'focalPoint':{'x':0.5,'y':0.5},'mediaSize':{'width':1113.04347826086950590251944959163665771484375,'height':360}}\" \/>\n<\/picture>\n\n\n<h1 id=\"depicter-1-element-5\" class=\"depicter-element depicter-layer depicter-1-element-5\" data-type=\"text\" data-wrap=\"true\" data-name=\"Text 2\" data-local-id=\"element-5\" data-offset=\"x:87px;y:149px;origin:tl\" data-tablet-offset=\"x:232px;y:293px;origin:tl\" data-mobile-offset=\"x:6px;y:-136px;origin:tl\" data-width=\"1027px,589px,348px\" data-height=\"auto,auto,auto\" data-responsive-scale=\"true,,\">Grado en Arquitectura T\u00e9cnica<\/h1>\n\n<div id=\"depicter-1-element-10\" class=\"depicter-element depicter-layer depicter-1-element-10\" data-type=\"shape\" data-wrap=\"true\" data-name=\"Shape 1\" data-local-id=\"element-10\" data-offset=\"x:87px;y:363px;origin:tl\" data-tablet-offset=\"x:232px;y:426px;origin:tl\" data-mobile-offset=\"x:6px;y:15px;origin:tl\" data-width=\"968px,555px,309px\" data-height=\"8px,8px,8px\" data-responsive-scale=\"true,,\"><\/div>\n<\/div>\n<\/div>\n<script>\n(window.depicterSetups = window.depicterSetups || []).push(function(){\n\tDepicter.basePath = 'https:\/\/www.ull.es\/grados\/arquitectura-tecnica\/wp-content\/plugins\/depicter\/resources\/scripts\/player\/';\n\tconst dpPlayer = Depicter.setup('.depicter-1',\n\t\t{\"width\":[\"1200\",\"1024\",\"360\"],\"height\":[\"500\",\"700\",\"360\"],\"view\":\"basic\",\"keepAspectRatio\":true,\"preload\":0,\"layout\":\"fullwidth\",\"rtl\":false,\"initAfterAppear\":false,\"ajaxApiUrl\":\"https:\\\/\\\/www.ull.es\\\/grados\\\/arquitectura-tecnica\\\/wp-admin\\\/admin-ajax.php\",\"mouseSwipe\":true,\"touchSwipe\":true,\"useWatermark\":false}\n\t);\n});\n<\/script><\/div><\/div><\/div>\n<\/div><\/div>\n\n\n\n<div class=\"wp-block-stackable-columns alignfull stk-block-columns stk--hide-mobile stk-block stk-ceecbdc stk-block-background\" data-block-id=\"ceecbdc\"><style>.stk-ceecbdc {background-color:#360060 !important;padding-top:35px !important;padding-right:0px !important;padding-bottom:2px !important;padding-left:0px !important;margin-top:-20px !important;margin-bottom:70px !important;}.stk-ceecbdc:before{background-color:#360060 !important;}<\/style><div class=\"stk-row stk-inner-blocks stk-block-content stk-content-align stk-ceecbdc-column alignfull\">\n<div class=\"wp-block-stackable-column stk-block-column stk-column stk-block stk-fc60a5d\" data-v=\"4\" data-block-id=\"fc60a5d\"><div class=\"stk-column-wrapper stk-block-column__content stk-container stk-fc60a5d-container stk--no-background stk--no-padding\"><div class=\"stk-block-content stk-inner-blocks stk-fc60a5d-inner-blocks\">\n<div class=\"wp-block-stackable-spacer stk-block-spacer stk--no-padding stk-block stk-a3a8a68\" data-block-id=\"a3a8a68\"><style>.stk-a3a8a68 {height:0px !important;}<\/style><\/div>\n<\/div><\/div><\/div>\n<\/div><\/div>\n\n\n\n<div class=\"wp-block-stackable-columns stk-block-columns stk-block stk-8b59b96\" data-block-id=\"8b59b96\"><style>.stk-8b59b96 .stk--block-align-8b59b96{align-items:flex-start !important;}.stk-8b59b96 {margin-top:25px !important;}.stk-8b59b96-column{--stk-columns-spacing:0px !important;--stk-column-gap:50px !important;}@media screen and (max-width: 767px){.stk-8b59b96-column{row-gap:var(--stk--preset--spacing--60, 2.25rem) !important;}}<\/style><div class=\"stk-row stk-inner-blocks stk--block-align-8b59b96 stk-block-content stk-content-align stk-8b59b96-column\">\n<div class=\"wp-block-stackable-column stk-block-column stk-column stk-block stk-dbb7e15\" data-v=\"4\" data-block-id=\"dbb7e15\"><div class=\"stk-column-wrapper stk-block-column__content stk-container stk-dbb7e15-container stk--no-background stk--no-padding\"><div class=\"stk-block-content stk-inner-blocks stk-dbb7e15-inner-blocks\">\n<div class=\"wp-block-stackable-heading stk-block-heading stk-block-heading--v2 stk-block stk-689c258\" id=\"personal-de-apoyo-a-la-docencia\" data-block-id=\"689c258\"><style>.stk-689c258 .stk-block-heading__text{color:#5c068c !important;}<\/style><h1 class=\"stk-block-heading__text has-text-color\">Personal de Apoyo a la Docencia<\/h1><\/div>\n\n\n\n<p>El personal de apoyo que participa en el t\u00edtulo est\u00e1 compuesto, fundamentalmente, por personal de administraci\u00f3n y servicios (PAS) de la EPSI (que se divide en dos, Secci\u00f3n de N\u00e1utica, M\u00e1quinas y Radioelectr\u00f3nica Naval y las otras 3 secciones, Secci\u00f3n de Arquitectura T\u00e9cnica, Secci\u00f3n de Ingenier\u00eda Agraria y Secci\u00f3n de Ingenier\u00eda Civil) y de los departamentos con docencia en la titulaci\u00f3n, adem\u00e1s de otros servicios que dan cobertura al conjunto de actividades que se desarrollan en el ejercicio de la docencia (personal de Biblioteca, personal de la Unidad de Docencia Virtual).<\/p>\n\n\n\n<p>En concreto, entre el personal de apoyo que participa en actividades formativas o colabora en tareas de soporte a la docencia en el t\u00edtulo se cuenta con:<\/p>\n\n\n\n<ul class=\"wp-block-list\">\n<li>Personal del Equipo de Administraci\u00f3n de la EPSI. 9 plazas en total dividido en las plazas de las siguientes categor\u00edas: administrador\/a de Centro, administrativo\/a de direcci\u00f3n, 2 gestores\/as de centro, 2 colaboradores\/as, administrativo\/a de base y 2 t\u00e9cnicos\/as especialista en administraci\u00f3n.<\/li>\n\n\n\n<li>Personal de Conserjer\u00eda: 1 Oficial y dos auxiliares de Conserjer\u00eda en cada uno de los edificios que tiene la EPSI. Esta composici\u00f3n permite mantener abierta la Conserjer\u00eda de la EPSI toda la jornada.<\/li>\n\n\n\n<li>Personal de la Biblioteca Universitaria: un\/a Jefe\/a de la Secci\u00f3n de Arquitectura T\u00e9cnica e Ingenier\u00eda Civil y dos Oficiales de Biblioteca tambi\u00e9n asociados al Fondo de Arquitectura T\u00e9cnica.<\/li>\n\n\n\n<li>Personal T\u00e9cnico de apoyo para los Laboratorios de docencia. Este personal se distribuye perteneciente al departamento de T\u00e9cnicas y Proyectos en Ingenier\u00eda y Arquitectura en cuyos laboratorios se desarrolla gran parte de la docencia pr\u00e1ctica de la titulaci\u00f3n, de la<br>siguiente manera:\n<ul class=\"wp-block-list\">\n<li>1 Oficial de Oficios. Electricista. Laboratorio de Instalaciones.<\/li>\n\n\n\n<li>1 Oficial de Oficios. Carpintero. Laboratorio Taller de Carpinter\u00eda.<\/li>\n\n\n\n<li>1 Oficial de Laboratorio. Laboratorio de Qu\u00edmica y Materiales.<\/li>\n\n\n\n<li>1 Oficial de Oficios. Cerrajero. Laboratorio Taller de Cerrajer\u00eda.<\/li>\n<\/ul>\n<\/li>\n\n\n\n<li>Personal de Administraci\u00f3n de los Departamentos con docencia en el t\u00edtulo. Este personal tambi\u00e9n representa un apoyo indirecto a la docencia del t\u00edtulo al ocuparse de algunas facetas relacionadas como la gesti\u00f3n parcial del Plan de Ordenaci\u00f3n Docente, gesti\u00f3n de Presupuestos de los Departamentos \u2013 lo que puede redundar en la mejora de los medios materiales disponibles para la docencia del t\u00edtulo \u2013 o la gesti\u00f3n de plazas de profesorado con futura asignaci\u00f3n de docencia en la titulaci\u00f3n. Actualmente los departamentos con docencia en la titulaci\u00f3n son los\u00a0siguientes:\n<ul class=\"wp-block-list\">\n<li><a href=\"https:\/\/www.ull.es\/departamentos\/analisis-matematico\/\" target=\"_blank\" rel=\"noreferrer noopener\" target=\"_blank\" rel=\"noopener\">An\u00e1lisis Matem\u00e1tico<\/a><\/li>\n\n\n\n<li><a href=\"https:\/\/www.ull.es\/departamentos\/direccion-de-empresas-e-historia-economica\/\" target=\"_blank\" rel=\"noreferrer noopener\" target=\"_blank\" rel=\"noopener\">Direcci\u00f3n de Empresas e Historia Econ\u00f3mica<\/a><\/li>\n\n\n\n<li><a href=\"https:\/\/www.ull.es\/departamentos\/disciplinas-juridicas-basicas\/\" target=\"_blank\" rel=\"noreferrer noopener\" target=\"_blank\" rel=\"noopener\">Disciplinas Jur\u00eddicas B\u00e1sicas<\/a><\/li>\n\n\n\n<li><a href=\"https:\/\/www.ull.es\/departamentos\/filologia-inglesa-y-alemana\/\" target=\"_blank\" rel=\"noreferrer noopener\" target=\"_blank\" rel=\"noopener\">Filolog\u00eda Inglesa y Alemana<\/a><\/li>\n\n\n\n<li><a href=\"https:\/\/www.ull.es\/departamentos\/fisica\/\" target=\"_blank\" rel=\"noreferrer noopener\" target=\"_blank\" rel=\"noopener\">F\u00edsica<\/a><\/li>\n\n\n\n<li><a href=\"https:\/\/www.ull.es\/departamentos\/tecnicas-y-proyectos-en-ingenieria-y-arquitectura\/\" target=\"_blank\" rel=\"noreferrer noopener\" target=\"_blank\" rel=\"noopener\">T\u00e9cnicas y Proyectos en Ingenier\u00eda y Arquitectura<\/a><\/li>\n\n\n\n<li><a href=\"https:\/\/www.ull.es\/departamentos\/ingenieria-industrial\/\" target=\"_blank\" rel=\"noreferrer noopener\" target=\"_blank\" rel=\"noopener\">Ingenier\u00eda Industrial<\/a><\/li>\n<\/ul>\n<\/li>\n<\/ul>\n\n\n\n<p>Toda la informaci\u00f3n anterior puede consultarse a trav\u00e9s del&nbsp;<a href=\"https:\/\/www.ull.es\/portal\/transparente\/\" target=\"_blank\" rel=\"noreferrer noopener\" target=\"_blank\" rel=\"noopener\">Portal de Transparencia de la Universidad de La Laguna.<\/a>&nbsp;A trav\u00e9s de dicho Portal se puede acceder a la Relaci\u00f3n de Puestos de Trabajo de la ULL, tanto la correspondiente al PAS&nbsp;<a href=\"https:\/\/www.ull.es\/portal\/transparente\/relacion-de-puestos-de-trabajo-pas-laboral\/\" target=\"_blank\" rel=\"noreferrer noopener\" target=\"_blank\" rel=\"noopener\">Laboral<\/a>&nbsp;como&nbsp;<a href=\"https:\/\/www.ull.es\/portal\/transparente\/relacion-de-puestos-de-trabajo-pas-funcionario\/\" target=\"_blank\" rel=\"noreferrer noopener\" target=\"_blank\" rel=\"noopener\">Funcionario<\/a>&nbsp;y tambi\u00e9n consultar la&nbsp;<a href=\"https:\/\/docs.google.com\/spreadsheets\/d\/e\/2PACX-1vSy9dFQBHfaJ-zD_kD3kFyhKZnPoKYePSzAAw3mDKMBtB7EyQF9u3TsJNE1_K58dR6_2wf3UPZdS4W1\/pubhtml\" target=\"_blank\" rel=\"noreferrer noopener\" target=\"_blank\" rel=\"noopener\">descripci\u00f3n completa de la plantilla del PAS<\/a>.<\/p>\n\n\n\n<p>Debe a\u00f1adirse tambi\u00e9n el personal de la Unidad de Docencia Virtual (UDV) encargado de la gesti\u00f3n del Campus Virtual y por tanto, de las&nbsp;<a href=\"https:\/\/campusingenieriaytecnologia.ull.es\/login\/index.php?authCAS=NOCAS\" target=\"_blank\" rel=\"noreferrer noopener\" target=\"_blank\" rel=\"noopener\">aulas virtuales de las asignaturas del t\u00edtulo<\/a>&nbsp;y de las creadas particularmente para la propia gesti\u00f3n de aspectos relacionados con la docencia (aulas de coordinaci\u00f3n docente en el entorno de&nbsp;<a href=\"https:\/\/campusvirtual.ull.es\/facultades\/login\/index.php?authCAS=NOCAS\" target=\"_blank\" rel=\"noreferrer noopener\" target=\"_blank\" rel=\"noopener\">Escuelas y Facultades<\/a>).\u201d<\/p>\n<\/div><\/div><\/div>\n<\/div><\/div>\n","protected":false},"excerpt":{"rendered":"<p>Personnel de soutien p\u00e9dagogique Le personnel de soutien impliqu\u00e9 dans le programme d&#039;\u00e9tudes est principalement compos\u00e9 de personnel administratif et de service (PAS) de l&#039;EPSI (qui est divis\u00e9 en deux sections\u00a0: la section Nautique, Machines et Radio\u00e9lectronique navale et les trois autres sections\u00a0: la section Architecture technique, la section G\u00e9nie agricole et\u2026<\/p>","protected":false},"author":1,"featured_media":0,"parent":285,"menu_order":1,"comment_status":"closed","ping_status":"closed","template":"templates\/template-frontpage.php","meta":{"footnotes":""},"class_list":["post-290","page","type-page","status-publish","hentry"],"_links":{"self":[{"href":"https:\/\/www.ull.es\/grados\/arquitectura-tecnica\/fr\/wp-json\/wp\/v2\/pages\/290","targetHints":{"allow":["GET"]}}],"collection":[{"href":"https:\/\/www.ull.es\/grados\/arquitectura-tecnica\/fr\/wp-json\/wp\/v2\/pages"}],"about":[{"href":"https:\/\/www.ull.es\/grados\/arquitectura-tecnica\/fr\/wp-json\/wp\/v2\/types\/page"}],"author":[{"embeddable":true,"href":"https:\/\/www.ull.es\/grados\/arquitectura-tecnica\/fr\/wp-json\/wp\/v2\/users\/1"}],"replies":[{"embeddable":true,"href":"https:\/\/www.ull.es\/grados\/arquitectura-tecnica\/fr\/wp-json\/wp\/v2\/comments?post=290"}],"version-history":[{"count":6,"href":"https:\/\/www.ull.es\/grados\/arquitectura-tecnica\/fr\/wp-json\/wp\/v2\/pages\/290\/revisions"}],"predecessor-version":[{"id":1110,"href":"https:\/\/www.ull.es\/grados\/arquitectura-tecnica\/fr\/wp-json\/wp\/v2\/pages\/290\/revisions\/1110"}],"up":[{"embeddable":true,"href":"https:\/\/www.ull.es\/grados\/arquitectura-tecnica\/fr\/wp-json\/wp\/v2\/pages\/285"}],"wp:attachment":[{"href":"https:\/\/www.ull.es\/grados\/arquitectura-tecnica\/fr\/wp-json\/wp\/v2\/media?parent=290"}],"curies":[{"name":"wp","href":"https:\/\/api.w.org\/{rel}","templated":true}]}}