{"id":37,"date":"2017-06-28T12:58:45","date_gmt":"2017-06-28T12:58:45","guid":{"rendered":"http:\/\/www.ull.es\/masteres\/desarrollo-y-gestion-de-recursos-humanos\/?page_id=30"},"modified":"2025-10-29T10:33:54","modified_gmt":"2025-10-29T10:33:54","slug":"perfil-de-ingreso-y-egreso","status":"publish","type":"page","link":"https:\/\/www.ull.es\/grados\/bellas-artes-y-diseno\/informacion-academica\/perfil-de-ingreso-y-egreso\/","title":{"rendered":"Perfil de ingreso y egreso"},"content":{"rendered":"\n<div class=\"wp-block-stackable-columns alignfull stk-block-columns stk-block stk-8657999\" data-block-id=\"8657999\"><style>.stk-8657999 {padding-bottom:0px !important;margin-top:-30px !important;margin-bottom:0px !important;}@media screen and (max-width: 767px){.stk-8657999 {margin-top:-10% !important;}}<\/style><div class=\"stk-row stk-inner-blocks stk-block-content stk-content-align stk-8657999-column alignfull\">\n<div class=\"wp-block-stackable-column stk-block-column stk-column stk-block stk-914f03e\" data-v=\"4\" data-block-id=\"914f03e\"><div class=\"stk-column-wrapper stk-block-column__content stk-container stk-914f03e-container stk--no-background stk--no-padding\"><div class=\"stk-block-content stk-inner-blocks stk-914f03e-inner-blocks\"><style id=\"depicter-1-inline-pre-css\">\n\n.depicter-1:not(.depicter-ready){\n\theight:500px;\n}\n\n\/***** Tablet *****\/\n@media screen and (max-width: 1024px){\n\n.depicter-1:not(.depicter-ready){\n\theight:700px;\n}\n\n}\n\/***** Mobile *****\/\n@media screen and (max-width: 767px){\n\n.depicter-1:not(.depicter-ready){\n\theight:360px;\n}\n\n}\n<\/style>\n<div id=\"depicter-1\" class=\"depicter depicter-document depicter-revert depicter-1 depicter-layout-fullwidth\">\n\n<div class=\"depicter-loading-container depicter-loading dotFlashing-dark\"><div class=\"depicter-loading-dark depicter-dot-flashing\">\n   <span><\/span>\n   <span><\/span>\n   <span><\/span>\n<\/div>\n<\/div>\n<div id=\"depicter-1-section-1\" class=\"depicter-section depicter-1-section-1\" data-name=\"Section 1\" data-type=\"section\" data-local-id=\"section-1\">\n<picture class=\"depicter-bg\">\n<source data-depicter-srcset=\"https:\/\/www.ull.es\/grados\/bellas-artes-y-diseno\/wp-content\/uploads\/sites\/54\/2025\/05\/Imagenes_web_grados_Doble_Grado_en_Bellas_Artes_y_Diseno-768x248.jpg, https:\/\/www.ull.es\/grados\/bellas-artes-y-diseno\/wp-content\/uploads\/sites\/54\/2025\/05\/Imagenes_web_grados_Doble_Grado_en_Bellas_Artes_y_Diseno.jpg 2x\" srcset=\"data:image\/gif;base64,R0lGODlhAQABAIAAAAAAAP\/\/\/yH5BAEAAAAALAAAAAABAAEAAAIBRAA7\" media=\"(max-width: 1024px)\" \/>\n\n<source data-depicter-srcset=\"https:\/\/www.ull.es\/grados\/bellas-artes-y-diseno\/wp-content\/uploads\/sites\/54\/2025\/05\/Imagenes_web_grados_Doble_Grado_en_Bellas_Artes_y_Diseno.jpg, https:\/\/www.ull.es\/grados\/bellas-artes-y-diseno\/wp-content\/uploads\/sites\/54\/2025\/05\/Imagenes_web_grados_Doble_Grado_en_Bellas_Artes_y_Diseno-1920x620.jpg 2x\" srcset=\"data:image\/gif;base64,R0lGODlhAQABAIAAAAAAAP\/\/\/yH5BAEAAAAALAAAAAABAAEAAAIBRAA7\" media=\"(min-width: 1025px)\" \/>\n<img decoding=\"async\" src=\"data:image\/gif;base64,R0lGODlhAQABAIAAAAAAAP\/\/\/yH5BAEAAAAALAAAAAABAAEAAAIBRAA7\" data-ken-burns=\"false\" data-tablet-ken-burns=\"false\" data-mobile-ken-burns=\"false\" alt=\"\" data-depicter-src=\"https:\/\/www.ull.es\/grados\/bellas-artes-y-diseno\/wp-content\/uploads\/sites\/54\/2025\/05\/Imagenes_web_grados_Doble_Grado_en_Bellas_Artes_y_Diseno.jpg\" data-object-fit=\"custom,custom,\" data-object-position=\"center top,,\" data-crop=\"{'focalPoint':{'x':0.5,'y':0.5},'mediaSize':{'width':1393.54838709677414954057894647121429443359375,'height':450}}\" data-tablet-crop=\"{'focalPoint':{'x':0.5,'y':0.5},'mediaSize':{'width':2167.7419354838712024502456188201904296875,'height':700.0000000000001136868377216160297393798828125}}\" data-mobile-crop=\"{'focalPoint':{'x':0.5,'y':0.5},'mediaSize':{'width':1114.8387096774195015314035117626190185546875,'height':360}}\" \/>\n<\/picture>\n\n\n<h1 id=\"depicter-1-element-5\" class=\"depicter-element depicter-layer depicter-1-element-5\" data-type=\"text\" data-wrap=\"true\" data-name=\"Text 2\" data-local-id=\"element-5\" data-offset=\"x:87px;y:149px;origin:tl\" data-tablet-offset=\"x:232px;y:293px;origin:tl\" data-mobile-offset=\"x:6px;y:-136px;origin:tl\" data-width=\"1027px,589px,348px\" data-height=\"auto,auto,auto\" data-responsive-scale=\"true,,\">Doble Grado en Bellas Artes y en Dise\u00f1o<\/h1>\n\n<div id=\"depicter-1-element-10\" class=\"depicter-element depicter-layer depicter-1-element-10\" data-type=\"shape\" data-wrap=\"true\" data-name=\"Shape 1\" data-local-id=\"element-10\" data-offset=\"x:87px;y:350px;origin:tl\" data-tablet-offset=\"x:232px;y:426px;origin:tl\" data-mobile-offset=\"x:6px;y:15px;origin:tl\" data-width=\"931px,532px,309px\" data-height=\"8px,8px,8px\" data-responsive-scale=\"true,,\"><\/div>\n<\/div>\n<\/div>\n<script>\n(window.depicterSetups = window.depicterSetups || []).push(function(){\n\tDepicter.basePath = 'https:\/\/www.ull.es\/grados\/bellas-artes-y-diseno\/wp-content\/plugins\/depicter\/resources\/scripts\/player\/';\n\tconst dpPlayer = Depicter.setup('.depicter-1',\n\t\t{\"width\":[\"1200\",\"1024\",\"360\"],\"height\":[\"500\",\"700\",\"360\"],\"view\":\"basic\",\"keepAspectRatio\":true,\"preload\":0,\"layout\":\"fullwidth\",\"rtl\":false,\"initAfterAppear\":false,\"ajaxApiUrl\":\"https:\\\/\\\/www.ull.es\\\/grados\\\/bellas-artes-y-diseno\\\/wp-admin\\\/admin-ajax.php\",\"mouseSwipe\":true,\"touchSwipe\":true,\"useWatermark\":false}\n\t);\n});\n<\/script><\/div><\/div><\/div>\n<\/div><\/div>\n\n\n\n<div class=\"wp-block-stackable-columns alignfull stk-block-columns stk--hide-mobile stk-block stk-ceecbdc stk-block-background\" data-block-id=\"ceecbdc\"><style>.stk-ceecbdc {background-color:#03256c !important;padding-top:35px !important;padding-right:0px !important;padding-bottom:2px !important;padding-left:0px !important;margin-top:-20px !important;margin-bottom:70px !important;}.stk-ceecbdc:before{background-color:#03256c !important;}<\/style><div class=\"stk-row stk-inner-blocks stk-block-content stk-content-align stk-ceecbdc-column alignfull\">\n<div class=\"wp-block-stackable-column stk-block-column stk-column stk-block stk-fc60a5d\" data-v=\"4\" data-block-id=\"fc60a5d\"><div class=\"stk-column-wrapper stk-block-column__content stk-container stk-fc60a5d-container stk--no-background stk--no-padding\"><div class=\"stk-block-content stk-inner-blocks stk-fc60a5d-inner-blocks\">\n<div class=\"wp-block-stackable-spacer stk-block-spacer stk--no-padding stk-block stk-a3a8a68\" data-block-id=\"a3a8a68\"><style>.stk-a3a8a68 {height:0px !important;}<\/style><\/div>\n<\/div><\/div><\/div>\n<\/div><\/div>\n\n\n\n<div class=\"wp-block-stackable-columns alignwide stk-block-columns stk-block stk-3627255\" data-block-id=\"3627255\"><style>.stk-3627255 {padding-right:16% !important;padding-left:16% !important;margin-bottom:18px !important;}<\/style><div class=\"stk-row stk-inner-blocks stk-block-content stk-content-align stk-3627255-column alignwide\">\n<div class=\"wp-block-stackable-column stk-block-column stk-column stk-block stk-81e665a\" data-v=\"4\" data-block-id=\"81e665a\"><div class=\"stk-column-wrapper stk-block-column__content stk-container stk-81e665a-container stk--no-background stk--no-padding\"><div class=\"stk-block-content stk-inner-blocks stk-81e665a-inner-blocks\">\n<div class=\"wp-block-stackable-heading stk-block-heading stk-block-heading--v2 stk-block stk-97878e6\" id=\"perfil-de-ingreso-y-egreso\" data-block-id=\"97878e6\"><style>.stk-97878e6 .stk-block-heading__text{color:#03256c !important;}<\/style><h1 class=\"stk-block-heading__text has-text-color\">Perfil de ingreso y egreso<\/h1><\/div>\n\n\n\n<div class=\"wp-block-stackable-heading stk-block-heading stk-block-heading--v2 stk-block stk-0b40cee\" id=\"perfil-de-ingreso\" data-block-id=\"0b40cee\"><style>.stk-0b40cee .stk-block-heading__text{color:#03256c !important;}<\/style><h2 class=\"stk-block-heading__text has-text-color\">Perfil de ingreso<\/h2><\/div>\n\n\n\n<div class=\"wp-block-stackable-text stk-block-text stk-block stk-07895de\" data-block-id=\"07895de\"><p class=\"stk-block-text__text\">Aparte de estar en posesi\u00f3n de la titulaci\u00f3n requerida, las caracter\u00edsticas personales y acad\u00e9micas que se consideran m\u00e1s adecuadas para iniciar los estudios de Grado en Bellas Artes (aunque \u00e9stas no son una exigencia de ingreso) son las siguientes:<\/p><\/div>\n\n\n\n<ul class=\"wp-block-list\">\n<li>Capacidad de visualizaci\u00f3n y facilidad para la expresi\u00f3n gr\u00e1fica<\/li>\n\n\n\n<li>Imaginaci\u00f3n y creatividad<\/li>\n\n\n\n<li>Sensibilidad est\u00e9tica<\/li>\n\n\n\n<li>Iniciativa<\/li>\n\n\n\n<li>Flexibilidad, capacidad de adaptaci\u00f3n y facilidad para evolucionar hacia metodolog\u00edas de trabajo y formas est\u00e9ticas nuevas.<\/li>\n\n\n\n<li>Curiosidad intelectual: capacidad de indagaci\u00f3n y b\u00fasqueda<\/li>\n\n\n\n<li>Capacidad de observaci\u00f3n<\/li>\n\n\n\n<li>Capacidad de trabajo en equipo.<\/li>\n\n\n\n<li>Capacidad de comunicaci\u00f3n<\/li>\n\n\n\n<li>Conocimientos b\u00e1sicos sobre el arte y la cultura en sus diferentes manifestaciones y contextos.<\/li>\n\n\n\n<li>Inter\u00e9s por la cultura contempor\u00e1nea.<\/li>\n\n\n\n<li>Capacidad para la comprensi\u00f3n de la diversidad cultural.<\/li>\n\n\n\n<li>Compromiso con la formaci\u00f3n y el trabajo personales.<\/li>\n\n\n\n<li>Capacidad de trabajo aut\u00f3nomo.<\/li>\n<\/ul>\n\n\n\n<div class=\"wp-block-stackable-divider stk-block-divider stk-block stk-567beb9\" data-block-id=\"567beb9\"><style>.stk-567beb9 hr.stk-block-divider__hr{width:100% !important;}<\/style><hr class=\"stk-block-divider__hr\"\/><\/div>\n\n\n\n<div class=\"wp-block-stackable-heading stk-block-heading stk-block-heading--v2 stk-block stk-c08fa38\" id=\"perfil-de-egreso\" data-block-id=\"c08fa38\"><style>.stk-c08fa38 .stk-block-heading__text{color:#03256c !important;}<\/style><h2 class=\"stk-block-heading__text has-text-color\">Perfil de egreso<\/h2><\/div>\n\n\n\n<ul class=\"wp-block-list\">\n<li>Artista visual en todas las t\u00e9cnicas y medios creativos.<\/li>\n\n\n\n<li>Creativo en el \u00e1mbito audiovisual y las nuevas tecnolog\u00edas de la imagen.<\/li>\n\n\n\n<li>Gestor cultural, asesor, director art\u00edstico, cr\u00edtico, comunicador y analista cultural, programador, curador, y otras actividades vinculadas a la industria de la cultura<\/li>\n\n\n\n<li>Otros profesionales especialistas art\u00edsticos: Ilustrador, dibujante de animaci\u00f3n y c\u00f3mic, editor art\u00edstico y de materiales de difusi\u00f3n de arte,&nbsp; dise\u00f1ador de ambientes y exposiciones, montaje de exposiciones o instalaciones art\u00edsticas, proyectos escenogr\u00e1ficos y dise\u00f1o ef\u00edmero.<\/li>\n<\/ul>\n<\/div><\/div><\/div>\n<\/div><\/div>\n","protected":false},"excerpt":{"rendered":"<p>Perfil de ingreso y egreso Perfil de ingreso Aparte de estar en posesi\u00f3n de la titulaci\u00f3n requerida, las caracter\u00edsticas personales y acad\u00e9micas que se consideran m\u00e1s adecuadas para iniciar los estudios de Grado en Bellas Artes (aunque \u00e9stas no son una exigencia de ingreso) son las siguientes: Perfil de egreso<\/p>\n","protected":false},"author":1,"featured_media":0,"parent":252,"menu_order":1,"comment_status":"closed","ping_status":"closed","template":"templates\/template-frontpage.php","meta":{"footnotes":""},"class_list":["post-37","page","type-page","status-publish","hentry"],"_links":{"self":[{"href":"https:\/\/www.ull.es\/grados\/bellas-artes-y-diseno\/wp-json\/wp\/v2\/pages\/37","targetHints":{"allow":["GET"]}}],"collection":[{"href":"https:\/\/www.ull.es\/grados\/bellas-artes-y-diseno\/wp-json\/wp\/v2\/pages"}],"about":[{"href":"https:\/\/www.ull.es\/grados\/bellas-artes-y-diseno\/wp-json\/wp\/v2\/types\/page"}],"author":[{"embeddable":true,"href":"https:\/\/www.ull.es\/grados\/bellas-artes-y-diseno\/wp-json\/wp\/v2\/users\/1"}],"replies":[{"embeddable":true,"href":"https:\/\/www.ull.es\/grados\/bellas-artes-y-diseno\/wp-json\/wp\/v2\/comments?post=37"}],"version-history":[{"count":17,"href":"https:\/\/www.ull.es\/grados\/bellas-artes-y-diseno\/wp-json\/wp\/v2\/pages\/37\/revisions"}],"predecessor-version":[{"id":1583,"href":"https:\/\/www.ull.es\/grados\/bellas-artes-y-diseno\/wp-json\/wp\/v2\/pages\/37\/revisions\/1583"}],"up":[{"embeddable":true,"href":"https:\/\/www.ull.es\/grados\/bellas-artes-y-diseno\/wp-json\/wp\/v2\/pages\/252"}],"wp:attachment":[{"href":"https:\/\/www.ull.es\/grados\/bellas-artes-y-diseno\/wp-json\/wp\/v2\/media?parent=37"}],"curies":[{"name":"wp","href":"https:\/\/api.w.org\/{rel}","templated":true}]}}