{"id":38,"date":"2017-06-28T13:01:07","date_gmt":"2017-06-28T13:01:07","guid":{"rendered":"http:\/\/www.ull.es\/masteres\/desarrollo-y-gestion-de-recursos-humanos\/?page_id=38"},"modified":"2025-10-29T13:23:03","modified_gmt":"2025-10-29T13:23:03","slug":"competencias","status":"publish","type":"page","link":"https:\/\/www.ull.es\/grados\/bellas-artes-y-diseno\/plan-de-estudios\/competencias\/","title":{"rendered":"Competencias"},"content":{"rendered":"\n<div class=\"wp-block-stackable-columns alignfull stk-block-columns stk-block stk-8657999\" data-block-id=\"8657999\"><style>.stk-8657999 {padding-bottom:0px !important;margin-top:-30px !important;margin-bottom:0px !important;}@media screen and (max-width: 767px){.stk-8657999 {margin-top:-10% !important;}}<\/style><div class=\"stk-row stk-inner-blocks stk-block-content stk-content-align stk-8657999-column alignfull\">\n<div class=\"wp-block-stackable-column stk-block-column stk-column stk-block stk-914f03e\" data-v=\"4\" data-block-id=\"914f03e\"><div class=\"stk-column-wrapper stk-block-column__content stk-container stk-914f03e-container stk--no-background stk--no-padding\"><div class=\"stk-block-content stk-inner-blocks stk-914f03e-inner-blocks\"><style id=\"depicter-1-inline-pre-css\">\n\n.depicter-1:not(.depicter-ready){\n\theight:500px;\n}\n\n\/***** Tablet *****\/\n@media screen and (max-width: 1024px){\n\n.depicter-1:not(.depicter-ready){\n\theight:700px;\n}\n\n}\n\/***** Mobile *****\/\n@media screen and (max-width: 767px){\n\n.depicter-1:not(.depicter-ready){\n\theight:360px;\n}\n\n}\n<\/style>\n<div id=\"depicter-1\" class=\"depicter depicter-document depicter-revert depicter-1 depicter-layout-fullwidth\">\n\n<div class=\"depicter-loading-container depicter-loading dotFlashing-dark\"><div class=\"depicter-loading-dark depicter-dot-flashing\">\n   <span><\/span>\n   <span><\/span>\n   <span><\/span>\n<\/div>\n<\/div>\n<div id=\"depicter-1-section-1\" class=\"depicter-section depicter-1-section-1\" data-name=\"Section 1\" data-type=\"section\" data-local-id=\"section-1\">\n<picture class=\"depicter-bg\">\n<source data-depicter-srcset=\"https:\/\/www.ull.es\/grados\/bellas-artes-y-diseno\/wp-content\/uploads\/sites\/54\/2025\/05\/Imagenes_web_grados_Doble_Grado_en_Bellas_Artes_y_Diseno-768x248.jpg, https:\/\/www.ull.es\/grados\/bellas-artes-y-diseno\/wp-content\/uploads\/sites\/54\/2025\/05\/Imagenes_web_grados_Doble_Grado_en_Bellas_Artes_y_Diseno.jpg 2x\" srcset=\"data:image\/gif;base64,R0lGODlhAQABAIAAAAAAAP\/\/\/yH5BAEAAAAALAAAAAABAAEAAAIBRAA7\" media=\"(max-width: 1024px)\" \/>\n\n<source data-depicter-srcset=\"https:\/\/www.ull.es\/grados\/bellas-artes-y-diseno\/wp-content\/uploads\/sites\/54\/2025\/05\/Imagenes_web_grados_Doble_Grado_en_Bellas_Artes_y_Diseno.jpg, https:\/\/www.ull.es\/grados\/bellas-artes-y-diseno\/wp-content\/uploads\/sites\/54\/2025\/05\/Imagenes_web_grados_Doble_Grado_en_Bellas_Artes_y_Diseno-1920x620.jpg 2x\" srcset=\"data:image\/gif;base64,R0lGODlhAQABAIAAAAAAAP\/\/\/yH5BAEAAAAALAAAAAABAAEAAAIBRAA7\" media=\"(min-width: 1025px)\" \/>\n<img decoding=\"async\" src=\"data:image\/gif;base64,R0lGODlhAQABAIAAAAAAAP\/\/\/yH5BAEAAAAALAAAAAABAAEAAAIBRAA7\" data-ken-burns=\"false\" data-tablet-ken-burns=\"false\" data-mobile-ken-burns=\"false\" alt=\"\" data-depicter-src=\"https:\/\/www.ull.es\/grados\/bellas-artes-y-diseno\/wp-content\/uploads\/sites\/54\/2025\/05\/Imagenes_web_grados_Doble_Grado_en_Bellas_Artes_y_Diseno.jpg\" data-object-fit=\"custom,custom,\" data-object-position=\"center top,,\" data-crop=\"{'focalPoint':{'x':0.5,'y':0.5},'mediaSize':{'width':1393.54838709677414954057894647121429443359375,'height':450}}\" data-tablet-crop=\"{'focalPoint':{'x':0.5,'y':0.5},'mediaSize':{'width':2167.7419354838712024502456188201904296875,'height':700.0000000000001136868377216160297393798828125}}\" data-mobile-crop=\"{'focalPoint':{'x':0.5,'y':0.5},'mediaSize':{'width':1114.8387096774195015314035117626190185546875,'height':360}}\" \/>\n<\/picture>\n\n\n<h1 id=\"depicter-1-element-5\" class=\"depicter-element depicter-layer depicter-1-element-5\" data-type=\"text\" data-wrap=\"true\" data-name=\"Text 2\" data-local-id=\"element-5\" data-offset=\"x:87px;y:149px;origin:tl\" data-tablet-offset=\"x:232px;y:293px;origin:tl\" data-mobile-offset=\"x:6px;y:-136px;origin:tl\" data-width=\"1027px,589px,348px\" data-height=\"auto,auto,auto\" data-responsive-scale=\"true,,\">Doble Grado en Bellas Artes y en Dise\u00f1o<\/h1>\n\n<div id=\"depicter-1-element-10\" class=\"depicter-element depicter-layer depicter-1-element-10\" data-type=\"shape\" data-wrap=\"true\" data-name=\"Shape 1\" data-local-id=\"element-10\" data-offset=\"x:87px;y:350px;origin:tl\" data-tablet-offset=\"x:232px;y:426px;origin:tl\" data-mobile-offset=\"x:6px;y:15px;origin:tl\" data-width=\"931px,532px,309px\" data-height=\"8px,8px,8px\" data-responsive-scale=\"true,,\"><\/div>\n<\/div>\n<\/div>\n<script>\n(window.depicterSetups = window.depicterSetups || []).push(function(){\n\tDepicter.basePath = 'https:\/\/www.ull.es\/grados\/bellas-artes-y-diseno\/wp-content\/plugins\/depicter\/resources\/scripts\/player\/';\n\tconst dpPlayer = Depicter.setup('.depicter-1',\n\t\t{\"width\":[\"1200\",\"1024\",\"360\"],\"height\":[\"500\",\"700\",\"360\"],\"view\":\"basic\",\"keepAspectRatio\":true,\"preload\":0,\"layout\":\"fullwidth\",\"rtl\":false,\"initAfterAppear\":false,\"ajaxApiUrl\":\"https:\\\/\\\/www.ull.es\\\/grados\\\/bellas-artes-y-diseno\\\/wp-admin\\\/admin-ajax.php\",\"mouseSwipe\":true,\"touchSwipe\":true,\"useWatermark\":false}\n\t);\n});\n<\/script><\/div><\/div><\/div>\n<\/div><\/div>\n\n\n\n<div class=\"wp-block-stackable-columns alignfull stk-block-columns stk--hide-mobile stk-block stk-ceecbdc stk-block-background\" data-block-id=\"ceecbdc\"><style>.stk-ceecbdc {background-color:#03256c !important;padding-top:35px !important;padding-right:0px !important;padding-bottom:2px !important;padding-left:0px !important;margin-top:-20px !important;margin-bottom:70px !important;}.stk-ceecbdc:before{background-color:#03256c !important;}<\/style><div class=\"stk-row stk-inner-blocks stk-block-content stk-content-align stk-ceecbdc-column alignfull\">\n<div class=\"wp-block-stackable-column stk-block-column stk-column stk-block stk-fc60a5d\" data-v=\"4\" data-block-id=\"fc60a5d\"><div class=\"stk-column-wrapper stk-block-column__content stk-container stk-fc60a5d-container stk--no-background stk--no-padding\"><div class=\"stk-block-content stk-inner-blocks stk-fc60a5d-inner-blocks\">\n<div class=\"wp-block-stackable-spacer stk-block-spacer stk--no-padding stk-block stk-a3a8a68\" data-block-id=\"a3a8a68\"><style>.stk-a3a8a68 {height:0px !important;}<\/style><\/div>\n<\/div><\/div><\/div>\n<\/div><\/div>\n\n\n\n<div class=\"wp-block-stackable-columns stk-block-columns stk-block stk-8b59b96\" data-block-id=\"8b59b96\"><style>.stk-8b59b96 .stk--block-align-8b59b96{align-items:flex-start !important;}.stk-8b59b96 {margin-top:25px !important;}.stk-8b59b96-column{--stk-columns-spacing:0px !important;--stk-column-gap:50px !important;}@media screen and (max-width: 767px){.stk-8b59b96-column{row-gap:var(--stk--preset--spacing--60, 2.25rem) !important;}}<\/style><div class=\"stk-row stk-inner-blocks stk--block-align-8b59b96 stk-block-content stk-content-align stk-8b59b96-column\">\n<div class=\"wp-block-stackable-column stk-block-column stk-column stk-block stk-dbb7e15\" data-v=\"4\" data-block-id=\"dbb7e15\"><div class=\"stk-column-wrapper stk-block-column__content stk-container stk-dbb7e15-container stk--no-background stk--no-padding\"><div class=\"stk-block-content stk-inner-blocks stk-dbb7e15-inner-blocks\">\n<div class=\"wp-block-stackable-heading stk-block-heading stk-block-heading--v2 stk-block stk-689c258\" id=\"competencias\" data-block-id=\"689c258\"><style>.stk-689c258 .stk-block-heading__text{color:#03256c !important;}<\/style><h1 class=\"stk-block-heading__text has-text-color\">Competencias<\/h1><\/div>\n\n\n\n<div class=\"wp-block-stackable-text stk-block-text stk-block stk-82992b2\" data-block-id=\"82992b2\"><p class=\"stk-block-text__text\">El\/la conservador\/a-restaurador\/a es un profesional que debe tener la formaci\u00f3n, los conocimientos, las aptitudes, la experiencia y las facultades de comprensi\u00f3n para llevar a cabo el objetivo de preservar los bienes culturales para el futuro, seg\u00fan las directrices marcadas por su c\u00f3digo de \u00e9tica profesional.<\/p><\/div>\n\n\n\n<div class=\"wp-block-stackable-text stk-block-text stk-block stk-ab3d727\" data-block-id=\"ab3d727\"><p class=\"stk-block-text__text\">Por ello, la ense\u00f1anza de la conservaci\u00f3n-restauraci\u00f3n debe fundamentarse en las normas \u00e9ticas m\u00e1s elevadas de la profesi\u00f3n que tiene por objetivo el respeto del car\u00e1cter original del bien cultural y de sus valores hist\u00f3ricos, est\u00e9ticos y documentales, as\u00ed como, de su integridad material.<\/p><\/div>\n\n\n\n<div class=\"wp-block-stackable-text stk-block-text stk-block stk-9b940c0\" data-block-id=\"9b940c0\"><p class=\"stk-block-text__text\">La formaci\u00f3n del\/la Conservador\/a-Restaurador\/a debe tener como objetivo \u00faltimo el desarrollo de profesionales altamente competentes, cualificados y capacitados para realizar de manera reflexiva las intervenciones extremadamente complejas de conservaci\u00f3n-restauraci\u00f3n, documentarlas a fondo, con la finalidad de que el trabajo y los datos registrados contribuyan, no s\u00f3lo a la preservaci\u00f3n, sino tambi\u00e9n a una m\u00e1s profunda comprensi\u00f3n de los acontecimientos hist\u00f3ricos y art\u00edsticos relativos a los objetos en proceso de tratamiento.<\/p><\/div>\n\n\n\n<details class=\"wp-block-stackable-accordion stk-block-accordion stk-inner-blocks stk-block-content stk-block stk-7c390cd is-style-default\" id=\"competencias-generales\" data-block-id=\"7c390cd\"><style>.stk-7c390cd {border-style:solid !important;border-top-width:0px !important;border-right-width:0px !important;border-bottom-width:1px !important;border-left-width:0px !important;margin-bottom:11px !important;}<\/style>\n<summary class=\"wp-block-stackable-column stk-block-column stk-column stk-block stk-c927805 stk--container-small stk-block-accordion__heading\" data-v=\"4\" data-block-id=\"c927805\"><style>.stk-c927805 {padding-top:2px !important;padding-right:2px !important;padding-bottom:2px !important;padding-left:2px !important;}<\/style><div class=\"stk-column-wrapper stk-block-column__content stk-container stk-c927805-container stk--no-background stk--no-padding\"><div class=\"stk-block-content stk-inner-blocks stk-c927805-inner-blocks\">\n<div class=\"wp-block-stackable-icon-label stk-block-icon-label stk-block stk-7935446\" data-block-id=\"7935446\"><style>.stk-7935446 .stk-inner-blocks{gap:39px !important;}@media screen and (max-width: 1023px){.stk-7935446 .stk-inner-blocks{gap:39px !important;}}@media screen and (max-width: 767px){.stk-7935446 .stk-inner-blocks{gap:39px !important;}}<\/style><div class=\"stk-row stk-inner-blocks stk-block-content\">\n<div class=\"wp-block-stackable-icon stk-block-icon stk-block stk-9a468d5\" data-block-id=\"9a468d5\"><style>.stk-9a468d5 .stk--svg-wrapper .stk--inner-svg svg:last-child{height:25px !important;width:25px !important;}.stk-9a468d5 .stk--svg-wrapper .stk--inner-svg svg:last-child, .stk-9a468d5 .stk--svg-wrapper .stk--inner-svg svg:last-child :is(g, path, rect, polygon, ellipse){fill:#03256c !important;}<\/style><span class=\"stk--svg-wrapper stk--has-icon2\"><div class=\"stk--inner-svg\"><svg style=\"height:0;width:0\"><defs><linearGradient id=\"linear-gradient-9a468d5\" x1=\"0\" x2=\"100%\" y1=\"0\" y2=\"0\"><stop offset=\"0%\" style=\"stop-opacity:1;stop-color:var(--linear-gradient-9-a-468-d-5-color-1)\"><\/stop><stop offset=\"100%\" style=\"stop-opacity:1;stop-color:var(--linear-gradient-9-a-468-d-5-color-2)\"><\/stop><\/linearGradient><\/defs><\/svg><svg xmlns=\"http:\/\/www.w3.org\/2000\/svg\" viewBox=\"0 0 512 512\" aria-hidden=\"true\" width=\"32\" height=\"32\"><path d=\"M512 256c0 .9 0 1.8 0 2.7c-.4 36.5-33.6 61.3-70.1 61.3H344c-26.5 0-48 21.5-48 48c0 3.4 .4 6.7 1 9.9c2.1 10.2 6.5 20 10.8 29.9c6.1 13.8 12.1 27.5 12.1 42c0 31.8-21.6 60.7-53.4 62c-3.5 .1-7 .2-10.6 .2C114.6 512 0 397.4 0 256S114.6 0 256 0S512 114.6 512 256zM128 288a32 32 0 1 0 -64 0 32 32 0 1 0 64 0zm0-96a32 32 0 1 0 0-64 32 32 0 1 0 0 64zM288 96a32 32 0 1 0 -64 0 32 32 0 1 0 64 0zm96 96a32 32 0 1 0 0-64 32 32 0 1 0 0 64z\"><\/path><\/svg><\/div><div class=\"stk--inner-svg stk--icon-2\" style=\"display:none\"><svg style=\"height:0;width:0\"><defs><linearGradient id=\"linear-gradient-9a468d5\" x1=\"0\" x2=\"100%\" y1=\"0\" y2=\"0\"><stop offset=\"0%\" style=\"stop-opacity:1;stop-color:var(--linear-gradient-9-a-468-d-5-color-1)\"><\/stop><stop offset=\"100%\" style=\"stop-opacity:1;stop-color:var(--linear-gradient-9-a-468-d-5-color-2)\"><\/stop><\/linearGradient><\/defs><\/svg><svg xmlns=\"http:\/\/www.w3.org\/2000\/svg\" viewBox=\"0 0 384 512\" aria-hidden=\"true\" width=\"32\" height=\"32\"><path d=\"M162.4 6c-1.5-3.6-5-6-8.9-6h-19c-3.9 0-7.5 2.4-8.9 6L104.9 57.7c-3.2 8-14.6 8-17.8 0L66.4 6c-1.5-3.6-5-6-8.9-6H48C21.5 0 0 21.5 0 48V224v22.4V256H9.6 374.4 384v-9.6V224 48c0-26.5-21.5-48-48-48H230.5c-3.9 0-7.5 2.4-8.9 6L200.9 57.7c-3.2 8-14.6 8-17.8 0L162.4 6zM0 288v32c0 35.3 28.7 64 64 64h64v64c0 35.3 28.7 64 64 64s64-28.7 64-64V384h64c35.3 0 64-28.7 64-64V288H0zM192 432a16 16 0 1 1 0 32 16 16 0 1 1 0-32z\"><\/path><\/svg><\/div><\/span><\/div>\n\n\n\n<div class=\"wp-block-stackable-heading stk-block-heading stk-block-heading--v2 stk-block stk-31863c1\" id=\"span-style-color-000000-class-stk-highlight-competencias-del-grado-de-bellas-artes-span\" data-block-id=\"31863c1\"><style>.stk-31863c1 .stk-block-heading__text{color:#000000 !important;font-weight:500 !important;font-family:\"ArgentumSans\", Sans-serif !important;}<\/style><h4 class=\"stk-block-heading__text has-text-color\"><span style=\"color: #000000;\" class=\"stk-highlight\">Competencias del Grado de Bellas Artes<\/span><\/h4><\/div>\n<\/div><\/div>\n<\/div><\/div><\/summary>\n\n\n\n<div class=\"wp-block-stackable-column stk-block-column stk-column stk-block stk-5222666 stk-block-accordion__content\" data-v=\"4\" data-block-id=\"5222666\"><style>.stk-5222666 {margin-top:-30px !important;}<\/style><div class=\"stk-column-wrapper stk-block-column__content stk-container stk-5222666-container stk--no-background stk--no-padding\"><div class=\"stk-block-content stk-inner-blocks stk-5222666-inner-blocks\">\n<div class=\"wp-block-stackable-text stk-block-text stk-block stk-d44f689\" data-block-id=\"d44f689\"><p class=\"stk-block-text__text\"><a href=\"https:\/\/www.ull.es\/grados\/bellas-artes\/plan-de-estudios\/competencias\" target=\"_blank\" rel=\"noreferrer noopener\" target=\"_blank\" rel=\"noopener\">Competencias del Grado en Bellas Artes<\/a><\/p><\/div>\n<\/div><\/div><\/div>\n<\/details>\n\n\n\n<details class=\"wp-block-stackable-accordion stk-block-accordion stk-inner-blocks stk-block-content stk-block stk-8b2d93c is-style-default\" id=\"competencias-generales\" data-block-id=\"8b2d93c\"><style>.stk-8b2d93c {border-style:solid !important;border-top-width:0px !important;border-right-width:0px !important;border-bottom-width:1px !important;border-left-width:0px !important;margin-bottom:11px !important;}<\/style>\n<summary class=\"wp-block-stackable-column stk-block-column stk-column stk-block stk-f6bf138 stk--container-small stk-block-accordion__heading\" data-v=\"4\" data-block-id=\"f6bf138\"><style>.stk-f6bf138 {padding-top:2px !important;padding-right:2px !important;padding-bottom:2px !important;padding-left:2px !important;}<\/style><div class=\"stk-column-wrapper stk-block-column__content stk-container stk-f6bf138-container stk--no-background stk--no-padding\"><div class=\"stk-block-content stk-inner-blocks stk-f6bf138-inner-blocks\">\n<div class=\"wp-block-stackable-icon-label stk-block-icon-label stk-block stk-94bb4b4\" data-block-id=\"94bb4b4\"><style>.stk-94bb4b4 .stk-inner-blocks{gap:39px !important;}@media screen and (max-width: 1023px){.stk-94bb4b4 .stk-inner-blocks{gap:39px !important;}}@media screen and (max-width: 767px){.stk-94bb4b4 .stk-inner-blocks{gap:39px !important;}}<\/style><div class=\"stk-row stk-inner-blocks stk-block-content\">\n<div class=\"wp-block-stackable-icon stk-block-icon stk-block stk-d82d3b9\" data-block-id=\"d82d3b9\"><style>.stk-d82d3b9 .stk--svg-wrapper .stk--inner-svg svg:last-child{height:25px !important;width:25px !important;}.stk-d82d3b9 .stk--svg-wrapper .stk--inner-svg svg:last-child, .stk-d82d3b9 .stk--svg-wrapper .stk--inner-svg svg:last-child :is(g, path, rect, polygon, ellipse){fill:#03256c !important;}<\/style><span class=\"stk--svg-wrapper stk--has-icon2\"><div class=\"stk--inner-svg\"><svg style=\"height:0;width:0\"><defs><linearGradient id=\"linear-gradient-d82d3b9\" x1=\"0\" x2=\"100%\" y1=\"0\" y2=\"0\"><stop offset=\"0%\" style=\"stop-opacity:1;stop-color:var(--linear-gradient-d-82-d-3-b-9-color-1)\"><\/stop><stop offset=\"100%\" style=\"stop-opacity:1;stop-color:var(--linear-gradient-d-82-d-3-b-9-color-2)\"><\/stop><\/linearGradient><\/defs><\/svg><svg xmlns=\"http:\/\/www.w3.org\/2000\/svg\" viewBox=\"0 0 576 512\" aria-hidden=\"true\" width=\"32\" height=\"32\"><path d=\"M264.5 5.2c14.9-6.9 32.1-6.9 47 0l218.6 101c8.5 3.9 13.9 12.4 13.9 21.8s-5.4 17.9-13.9 21.8l-218.6 101c-14.9 6.9-32.1 6.9-47 0L45.9 149.8C37.4 145.8 32 137.3 32 128s5.4-17.9 13.9-21.8L264.5 5.2zM476.9 209.6l53.2 24.6c8.5 3.9 13.9 12.4 13.9 21.8s-5.4 17.9-13.9 21.8l-218.6 101c-14.9 6.9-32.1 6.9-47 0L45.9 277.8C37.4 273.8 32 265.3 32 256s5.4-17.9 13.9-21.8l53.2-24.6 152 70.2c23.4 10.8 50.4 10.8 73.8 0l152-70.2zm-152 198.2l152-70.2 53.2 24.6c8.5 3.9 13.9 12.4 13.9 21.8s-5.4 17.9-13.9 21.8l-218.6 101c-14.9 6.9-32.1 6.9-47 0L45.9 405.8C37.4 401.8 32 393.3 32 384s5.4-17.9 13.9-21.8l53.2-24.6 152 70.2c23.4 10.8 50.4 10.8 73.8 0z\"><\/path><\/svg><\/div><div class=\"stk--inner-svg stk--icon-2\" style=\"display:none\"><svg style=\"height:0;width:0\"><defs><linearGradient id=\"linear-gradient-d82d3b9\" x1=\"0\" x2=\"100%\" y1=\"0\" y2=\"0\"><stop offset=\"0%\" style=\"stop-opacity:1;stop-color:var(--linear-gradient-d-82-d-3-b-9-color-1)\"><\/stop><stop offset=\"100%\" style=\"stop-opacity:1;stop-color:var(--linear-gradient-d-82-d-3-b-9-color-2)\"><\/stop><\/linearGradient><\/defs><\/svg><svg xmlns=\"http:\/\/www.w3.org\/2000\/svg\" viewBox=\"0 0 512 512\" aria-hidden=\"true\" width=\"32\" height=\"32\"><path d=\"M352 96c0 14.3-3.1 27.9-8.8 40.2L396 227.4c-23.7 25.3-54.2 44.1-88.5 53.6L256 192h0 0l-68 117.5c21.5 6.8 44.3 10.5 68.1 10.5c70.7 0 133.8-32.7 174.9-84c11.1-13.8 31.2-16 45-5s16 31.2 5 45C428.1 341.8 347 384 256 384c-35.4 0-69.4-6.4-100.7-18.1L98.7 463.7C94 471.8 87 478.4 78.6 482.6L23.2 510.3c-5 2.5-10.9 2.2-15.6-.7S0 501.5 0 496V440.6c0-8.4 2.2-16.7 6.5-24.1l60-103.7C53.7 301.6 41.8 289.3 31.2 276c-11.1-13.8-8.8-33.9 5-45s33.9-8.8 45 5c5.7 7.1 11.8 13.8 18.2 20.1l69.4-119.9c-5.6-12.2-8.8-25.8-8.8-40.2c0-53 43-96 96-96s96 43 96 96zm21 297.9c32.6-12.8 62.5-30.8 88.9-52.9l43.7 75.5c4.2 7.3 6.5 15.6 6.5 24.1V496c0 5.5-2.9 10.7-7.6 13.6s-10.6 3.2-15.6 .7l-55.4-27.7c-8.4-4.2-15.4-10.8-20.1-18.9L373 393.9zM256 128a32 32 0 1 0 0-64 32 32 0 1 0 0 64z\"><\/path><\/svg><\/div><\/span><\/div>\n\n\n\n<div class=\"wp-block-stackable-heading stk-block-heading stk-block-heading--v2 stk-block stk-d5e53a0\" id=\"span-style-color-000000-class-stk-highlight-competencias-del-grado-en-diseno-span\" data-block-id=\"d5e53a0\"><style>.stk-d5e53a0 .stk-block-heading__text{color:#000000 !important;font-weight:500 !important;font-family:\"ArgentumSans\", Sans-serif !important;}<\/style><h4 class=\"stk-block-heading__text has-text-color\"><span style=\"color: #000000;\" class=\"stk-highlight\">Competencias del Grado en Dise\u00f1o<\/span><\/h4><\/div>\n<\/div><\/div>\n<\/div><\/div><\/summary>\n\n\n\n<div class=\"wp-block-stackable-column stk-block-column stk-column stk-block stk-e54d8ba stk-block-accordion__content\" data-v=\"4\" data-block-id=\"e54d8ba\"><style>.stk-e54d8ba {margin-top:-30px !important;}<\/style><div class=\"stk-column-wrapper stk-block-column__content stk-container stk-e54d8ba-container stk--no-background stk--no-padding\"><div class=\"stk-block-content stk-inner-blocks stk-e54d8ba-inner-blocks\">\n<div class=\"wp-block-stackable-text stk-block-text stk-block stk-479ff4f\" data-block-id=\"479ff4f\"><p class=\"stk-block-text__text\"><a href=\"https:\/\/www.ull.es\/grados\/diseno\/plan-de-estudios\/competencias\" target=\"_blank\" rel=\"noreferrer noopener\" target=\"_blank\" rel=\"noopener\">Competencias del Grado en Dise\u00f1o<\/a><\/p><\/div>\n<\/div><\/div><\/div>\n<\/details>\n<\/div><\/div><\/div>\n<\/div><\/div>\n","protected":false},"excerpt":{"rendered":"<p>Competencias El\/la conservador\/a-restaurador\/a es un profesional que debe tener la formaci\u00f3n, los conocimientos, las aptitudes, la experiencia y las facultades de comprensi\u00f3n para llevar a cabo el objetivo de preservar los bienes culturales para el futuro, seg\u00fan las directrices marcadas por su c\u00f3digo de \u00e9tica profesional. Por ello, la ense\u00f1anza de la conservaci\u00f3n-restauraci\u00f3n debe fundamentarse&#8230;<\/p>\n","protected":false},"author":1,"featured_media":0,"parent":270,"menu_order":1,"comment_status":"closed","ping_status":"closed","template":"templates\/template-frontpage.php","meta":{"footnotes":""},"class_list":["post-38","page","type-page","status-publish","hentry"],"_links":{"self":[{"href":"https:\/\/www.ull.es\/grados\/bellas-artes-y-diseno\/wp-json\/wp\/v2\/pages\/38","targetHints":{"allow":["GET"]}}],"collection":[{"href":"https:\/\/www.ull.es\/grados\/bellas-artes-y-diseno\/wp-json\/wp\/v2\/pages"}],"about":[{"href":"https:\/\/www.ull.es\/grados\/bellas-artes-y-diseno\/wp-json\/wp\/v2\/types\/page"}],"author":[{"embeddable":true,"href":"https:\/\/www.ull.es\/grados\/bellas-artes-y-diseno\/wp-json\/wp\/v2\/users\/1"}],"replies":[{"embeddable":true,"href":"https:\/\/www.ull.es\/grados\/bellas-artes-y-diseno\/wp-json\/wp\/v2\/comments?post=38"}],"version-history":[{"count":28,"href":"https:\/\/www.ull.es\/grados\/bellas-artes-y-diseno\/wp-json\/wp\/v2\/pages\/38\/revisions"}],"predecessor-version":[{"id":1623,"href":"https:\/\/www.ull.es\/grados\/bellas-artes-y-diseno\/wp-json\/wp\/v2\/pages\/38\/revisions\/1623"}],"up":[{"embeddable":true,"href":"https:\/\/www.ull.es\/grados\/bellas-artes-y-diseno\/wp-json\/wp\/v2\/pages\/270"}],"wp:attachment":[{"href":"https:\/\/www.ull.es\/grados\/bellas-artes-y-diseno\/wp-json\/wp\/v2\/media?parent=38"}],"curies":[{"name":"wp","href":"https:\/\/api.w.org\/{rel}","templated":true}]}}