{"id":40,"date":"2017-06-28T13:01:41","date_gmt":"2017-06-28T13:01:41","guid":{"rendered":"http:\/\/www.ull.es\/masteres\/desarrollo-y-gestion-de-recursos-humanos\/?page_id=40"},"modified":"2025-12-12T12:21:34","modified_gmt":"2025-12-12T12:21:34","slug":"reconocimiento-y-transferencia-de-creditos","status":"publish","type":"page","link":"https:\/\/www.ull.es\/grados\/bellas-artes-y-diseno\/informacion-academica\/reconocimiento-y-transferencia-de-creditos\/","title":{"rendered":"Reconocimiento y transferencia de cr\u00e9ditos"},"content":{"rendered":"\n<div class=\"wp-block-stackable-columns alignfull stk-block-columns stk-block stk-8657999\" data-block-id=\"8657999\"><style>.stk-8657999 {padding-bottom:0px !important;margin-top:-30px !important;margin-bottom:0px !important;}@media screen and (max-width: 767px){.stk-8657999 {margin-top:-10% !important;}}<\/style><div class=\"stk-row stk-inner-blocks stk-block-content stk-content-align stk-8657999-column alignfull\">\n<div class=\"wp-block-stackable-column stk-block-column stk-column stk-block stk-914f03e\" data-v=\"4\" data-block-id=\"914f03e\"><div class=\"stk-column-wrapper stk-block-column__content stk-container stk-914f03e-container stk--no-background stk--no-padding\"><div class=\"stk-block-content stk-inner-blocks stk-914f03e-inner-blocks\"><style id=\"depicter-1-inline-pre-css\">\n\n.depicter-1:not(.depicter-ready){\n\theight:500px;\n}\n\n\/***** Tablet *****\/\n@media screen and (max-width: 1024px){\n\n.depicter-1:not(.depicter-ready){\n\theight:700px;\n}\n\n}\n\/***** Mobile *****\/\n@media screen and (max-width: 767px){\n\n.depicter-1:not(.depicter-ready){\n\theight:360px;\n}\n\n}\n<\/style>\n<div id=\"depicter-1\" class=\"depicter depicter-document depicter-revert depicter-1 depicter-layout-fullwidth\">\n\n<div class=\"depicter-loading-container depicter-loading dotFlashing-dark\"><div class=\"depicter-loading-dark depicter-dot-flashing\">\n   <span><\/span>\n   <span><\/span>\n   <span><\/span>\n<\/div>\n<\/div>\n<div id=\"depicter-1-section-1\" class=\"depicter-section depicter-1-section-1\" data-name=\"Section 1\" data-type=\"section\" data-local-id=\"section-1\">\n<picture class=\"depicter-bg\">\n<source data-depicter-srcset=\"https:\/\/www.ull.es\/grados\/bellas-artes-y-diseno\/wp-content\/uploads\/sites\/54\/2025\/05\/Imagenes_web_grados_Doble_Grado_en_Bellas_Artes_y_Diseno-768x248.jpg, https:\/\/www.ull.es\/grados\/bellas-artes-y-diseno\/wp-content\/uploads\/sites\/54\/2025\/05\/Imagenes_web_grados_Doble_Grado_en_Bellas_Artes_y_Diseno.jpg 2x\" srcset=\"data:image\/gif;base64,R0lGODlhAQABAIAAAAAAAP\/\/\/yH5BAEAAAAALAAAAAABAAEAAAIBRAA7\" media=\"(max-width: 1024px)\" \/>\n\n<source data-depicter-srcset=\"https:\/\/www.ull.es\/grados\/bellas-artes-y-diseno\/wp-content\/uploads\/sites\/54\/2025\/05\/Imagenes_web_grados_Doble_Grado_en_Bellas_Artes_y_Diseno.jpg, https:\/\/www.ull.es\/grados\/bellas-artes-y-diseno\/wp-content\/uploads\/sites\/54\/2025\/05\/Imagenes_web_grados_Doble_Grado_en_Bellas_Artes_y_Diseno-1920x620.jpg 2x\" srcset=\"data:image\/gif;base64,R0lGODlhAQABAIAAAAAAAP\/\/\/yH5BAEAAAAALAAAAAABAAEAAAIBRAA7\" media=\"(min-width: 1025px)\" \/>\n<img decoding=\"async\" src=\"data:image\/gif;base64,R0lGODlhAQABAIAAAAAAAP\/\/\/yH5BAEAAAAALAAAAAABAAEAAAIBRAA7\" data-ken-burns=\"false\" data-tablet-ken-burns=\"false\" data-mobile-ken-burns=\"false\" alt=\"\" data-depicter-src=\"https:\/\/www.ull.es\/grados\/bellas-artes-y-diseno\/wp-content\/uploads\/sites\/54\/2025\/05\/Imagenes_web_grados_Doble_Grado_en_Bellas_Artes_y_Diseno.jpg\" data-object-fit=\"custom,custom,\" data-object-position=\"center top,,\" data-crop=\"{'focalPoint':{'x':0.5,'y':0.5},'mediaSize':{'width':1393.54838709677414954057894647121429443359375,'height':450}}\" data-tablet-crop=\"{'focalPoint':{'x':0.5,'y':0.5},'mediaSize':{'width':2167.7419354838712024502456188201904296875,'height':700.0000000000001136868377216160297393798828125}}\" data-mobile-crop=\"{'focalPoint':{'x':0.5,'y':0.5},'mediaSize':{'width':1114.8387096774195015314035117626190185546875,'height':360}}\" \/>\n<\/picture>\n\n\n<h1 id=\"depicter-1-element-5\" class=\"depicter-element depicter-layer depicter-1-element-5\" data-type=\"text\" data-wrap=\"true\" data-name=\"Text 2\" data-local-id=\"element-5\" data-offset=\"x:87px;y:149px;origin:tl\" data-tablet-offset=\"x:232px;y:293px;origin:tl\" data-mobile-offset=\"x:6px;y:-136px;origin:tl\" data-width=\"1027px,589px,348px\" data-height=\"auto,auto,auto\" data-responsive-scale=\"true,,\">Doble Grado en Bellas Artes y en Dise\u00f1o<\/h1>\n\n<div id=\"depicter-1-element-10\" class=\"depicter-element depicter-layer depicter-1-element-10\" data-type=\"shape\" data-wrap=\"true\" data-name=\"Shape 1\" data-local-id=\"element-10\" data-offset=\"x:87px;y:350px;origin:tl\" data-tablet-offset=\"x:232px;y:426px;origin:tl\" data-mobile-offset=\"x:6px;y:15px;origin:tl\" data-width=\"931px,532px,309px\" data-height=\"8px,8px,8px\" data-responsive-scale=\"true,,\"><\/div>\n<\/div>\n<\/div>\n<script>\n(window.depicterSetups = window.depicterSetups || []).push(function(){\n\tDepicter.basePath = 'https:\/\/www.ull.es\/grados\/bellas-artes-y-diseno\/wp-content\/plugins\/depicter\/resources\/scripts\/player\/';\n\tconst dpPlayer = Depicter.setup('.depicter-1',\n\t\t{\"width\":[\"1200\",\"1024\",\"360\"],\"height\":[\"500\",\"700\",\"360\"],\"view\":\"basic\",\"keepAspectRatio\":true,\"preload\":0,\"layout\":\"fullwidth\",\"rtl\":false,\"initAfterAppear\":false,\"ajaxApiUrl\":\"https:\\\/\\\/www.ull.es\\\/grados\\\/bellas-artes-y-diseno\\\/wp-admin\\\/admin-ajax.php\",\"mouseSwipe\":true,\"touchSwipe\":true,\"useWatermark\":false}\n\t);\n});\n<\/script><\/div><\/div><\/div>\n<\/div><\/div>\n\n\n\n<div class=\"wp-block-stackable-columns alignfull stk-block-columns stk--hide-mobile stk-block stk-ceecbdc stk-block-background\" data-block-id=\"ceecbdc\"><style>.stk-ceecbdc {background-color:#03256c !important;padding-top:35px !important;padding-right:0px !important;padding-bottom:2px !important;padding-left:0px !important;margin-top:-20px !important;margin-bottom:70px !important;}.stk-ceecbdc:before{background-color:#03256c !important;}<\/style><div class=\"stk-row stk-inner-blocks stk-block-content stk-content-align stk-ceecbdc-column alignfull\">\n<div class=\"wp-block-stackable-column stk-block-column stk-column stk-block stk-fc60a5d\" data-v=\"4\" data-block-id=\"fc60a5d\"><div class=\"stk-column-wrapper stk-block-column__content stk-container stk-fc60a5d-container stk--no-background stk--no-padding\"><div class=\"stk-block-content stk-inner-blocks stk-fc60a5d-inner-blocks\">\n<div class=\"wp-block-stackable-spacer stk-block-spacer stk--no-padding stk-block stk-a3a8a68\" data-block-id=\"a3a8a68\"><style>.stk-a3a8a68 {height:0px !important;}<\/style><\/div>\n<\/div><\/div><\/div>\n<\/div><\/div>\n\n\n\n<div class=\"wp-block-stackable-columns alignwide stk-block-columns stk-block stk-72bb06b\" data-block-id=\"72bb06b\"><style>.stk-72bb06b {padding-right:14% !important;padding-left:14% !important;margin-bottom:18px !important;}.stk-72bb06b-column{--stk-column-gap:var(--stk--preset--spacing--60, 2.25rem) !important;}<\/style><div class=\"stk-row stk-inner-blocks stk-block-content stk-content-align stk-72bb06b-column alignwide\">\n<div class=\"wp-block-stackable-column stk-block-column stk-column stk-block stk-65c3a7b\" data-v=\"4\" data-block-id=\"65c3a7b\"><div class=\"stk-column-wrapper stk-block-column__content stk-container stk-65c3a7b-container stk--no-background stk--no-padding\"><div class=\"stk-block-content stk-inner-blocks stk-65c3a7b-inner-blocks\">\n<div class=\"wp-block-stackable-heading stk-block-heading stk-block-heading--v2 stk-block stk-2859387\" id=\"reconocimiento-y-transferencia-de-creditos\" data-block-id=\"2859387\"><style>.stk-2859387 .stk-block-heading__text{color:#03256c !important;}<\/style><h1 class=\"stk-block-heading__text has-text-color\">Reconocimiento y transferencia de cr\u00e9ditos<\/h1><\/div>\n<\/div><\/div><\/div>\n<\/div><\/div>\n\n\n\n<div class=\"wp-block-stackable-columns alignwide stk-block-columns stk-block stk-3627255\" data-block-id=\"3627255\"><style>.stk-3627255 {padding-right:14% !important;padding-left:14% !important;margin-bottom:18px !important;}.stk-3627255-column{--stk-column-gap:var(--stk--preset--spacing--60, 2.25rem) !important;}<\/style><div class=\"stk-row stk-inner-blocks stk-block-content stk-content-align stk-3627255-column alignwide\">\n<div class=\"wp-block-stackable-column stk-block-column stk-column stk-block stk-81e665a\" data-v=\"4\" data-block-id=\"81e665a\"><style>@media screen and (min-width: 768px){.stk-81e665a {flex:var(--stk-flex-grow, 1) 1 calc(70% - var(--stk-column-gap, 0px) * 1 \/ 2 ) !important;}}<\/style><div class=\"stk-column-wrapper stk-block-column__content stk-container stk-81e665a-container stk--no-background stk--no-padding\"><div class=\"stk-block-content stk-inner-blocks stk-81e665a-inner-blocks\">\n<div class=\"wp-block-stackable-text stk-block-text stk-block stk-44b3a88\" data-block-id=\"44b3a88\"><p class=\"stk-block-text__text\">La Conferencia de Decanos de Facultades de Bellas Artes, en su reuni\u00f3n del 15 y 16 de Noviembre de 2007 en Barcelona, lleg\u00f3 al acuerdo un\u00e1nime de trabajar en el dise\u00f1o de 120 cr\u00e9ditos comunes que ser\u00e1n autom\u00e1ticamente reconocidos en los&nbsp; planes de estudios de Graduado en Bellas Artes.<\/p><\/div>\n\n\n\n<p>Por su parte, la Universidad de La Laguna en las directrices generales para el dise\u00f1o de la Titulaci\u00f3n de Grado, recogiendo lo establecido en el art\u00ba 12.2 del R.D. 1393 establece la posibilidad de incluir en la oferta asignaturas transversales y\/o interdisciplinares que alberguen contenidos comunes a las diferentes materias ofertadas dentro de una misma titulaci\u00f3n o incluso de otras titulaciones pertenecientes a la misma rama de conocimiento.<\/p>\n\n\n\n<p>Recomienda \u2013aunque no obliga\u2014 a programar 60 cr\u00e9ditos ECTS comunes a las titulaciones de la misma rama y, en el caso de que se opte s\u00f3lo por 36 \u2013como ocurre en nuestra titulaci\u00f3n (v\u00e9ase tabla adjunta)\u2014, que se cursen todos durante el primer a\u00f1o.<\/p>\n\n\n\n<style>\n.hoverable {\n  transition: transform 0.3s, box-shadow 0.3s;\n  cursor: pointer;\n}\n.hoverable:hover {\n  transform: scale(1.02);\n  box-shadow: 0 0.5rem 1rem rgba(0,0,0,0.25);\n}\n  table {\n    margin-bottom: 2rem;\n    text-align: left;\nborder-collapse: separate; border-spacing: 0; box-shadow: 0 0.5rem 1rem rgba(0,0,0,0.15); border-radius:2rem; width:100%;\n  }\n  th, td {\n    border: 1px solid #dee2e6;\n    padding: 8px 10px;\n    vertical-align: middle;\n  }\n  th {\n    background-color: #003366;\n    color: white;\n    text-transform: uppercase;\n    font-weight: 600;\n  }\n  tr:nth-child(even) {\n    background-color: #f8f9fa;\n  }\n  tr:hover {\n    background-color: #e9f2fb;\n  }\n  td[colspan] {\n    background-color: #03256C;;\n    color: #fff;\n    font-weight: bold;\n    text-align: center;\n  }\n  th:hover, td:hover {\n     transform: scale(1.02);\n  box-shadow: 0 0.5rem 1rem rgba(0,0,0,0.25);\n  }\n<\/style>\n\n<table class=\"table table-bordered table-striped align-middle text-center shadow-sm rounded overflow-hidden table-hover-effect\">\n<thead>\n<tr>\n<td colspan=\"4\" style=\"border-top-left-radius: 1.5em;\">Asignaturas cursadas en el Grado en Bellas Artes<\/td>\n<td colspan=\"4\" style=\"border-top-right-radius: 1.5em;\">Asignaturas reconocidas en el Grado en Dise\u00f1o<\/td>\n<\/tr>\n<tr>\n<th>C\u00f3digo<\/th>\n<th>Asignatura<\/th>\n<th>Car\u00e1cter<\/th>\n<th>ECTS<\/th>\n<th>C\u00f3digo<\/th>\n<th>Asignatura<\/th>\n<th>Car\u00e1cter<\/th>\n<th>ECTS<\/th>\n<\/tr>\n<\/thead>\n<tbody>\n<tr><td>889613201<\/td><td>Arte e industria cultural<\/td><td>OB: Obligatoria<\/td><td>6<\/td><td>199471203<\/td><td>Introducci\u00f3n a la historia<\/td><td>FB: B\u00e1sica<\/td><td>6<\/td><\/tr>\n<tr><td>889611201<\/td><td>Antropolog\u00eda cultural<\/td><td>FB: B\u00e1sica<\/td><td>6<\/td><td>199471201<\/td><td>Antropolog\u00eda cultural<\/td><td>FB: B\u00e1sica<\/td><td>6<\/td><\/tr>\n<tr><td>889612102<\/td><td>Fotograf\u00eda y v\u00eddeo<\/td><td>OB: Obligatorio<\/td><td>6<\/td><td>199472101<\/td><td>T\u00e9cnicas y procesos fotogr\u00e1ficos<\/td><td>OB: Obligatorio<\/td><td>6<\/td><\/tr>\n<tr><td>889612101<\/td><td>Dibujo II<\/td><td>OB: Obligatoria<\/td><td>6<\/td><td>199472104<\/td><td>Teor\u00eda del dise\u00f1o<\/td><td>OB: Obligatorio<\/td><td>6<\/td><\/tr>\n<tr><td>889612201<\/td><td>Dibujo III<\/td><td>OB: Obligatorio<\/td><td>6<\/td><td>199472201<\/td><td>Ilustraci\u00f3n<\/td><td>OB: Obligatorio<\/td><td>6<\/td><\/tr>\n<tr><td>889614102<\/td><td>Gesti\u00f3n de proyectos culturales y proyecci\u00f3n profesional<\/td><td>OB: Obligatorio<\/td><td>6<\/td><td>199473203<\/td><td>\u00c1mbitos de actuaci\u00f3n del dise\u00f1o y nuevas tendencias<\/td><td>OB: Obligatorio<\/td><td>6<\/td><\/tr>\n<tr><td>889610922<\/td><td>Dibujo creativo: ilustraci\u00f3n<\/td><td>OP: Optativa<\/td><td>6<\/td><td><\/td><td>Optativa 1<\/td><td>OP: Optativa<\/td><td>6<\/td><\/tr>\n<tr><td>889614201<\/td><td>Taller integrado de edici\u00f3n y obra m\u00faltiple<\/td><td>OB: Obligatoria<\/td><td>6<\/td><td><\/td><td>Optativa 2<\/td><td>OP: Optativa<\/td><td>6<\/td><\/tr>\n<tr><td style=\"border-bottom-left-radius: 1.5em;\">889610919<\/td><td>Dibujo creativo: gr\u00e1fica<\/td><td>OP: Optativa<\/td><td>6<\/td><td><\/td><td>Optativa 3<\/td><td>OP: Optativa<\/td><td style=\"border-bottom-right-radius: 1.5em;\">6<\/td><\/tr>\n<\/tbody>\n<\/table>\n\n<table class=\"table table-bordered table-striped align-middle text-center shadow-sm rounded overflow-hidden table-hover-effect\">\n<thead>\n<tr>\n<td colspan=\"4\" style=\"border-top-left-radius: 1.5em;\">Asignaturas cursadas en el Grado en Dise\u00f1o<\/td>\n<td colspan=\"4\" style=\"border-top-right-radius: 1.5em;\">Asignaturas reconocidas en el Grado en Bellas Artes<\/td>\n<\/tr>\n<tr>\n<th>C\u00f3digo<\/th>\n<th>Asignatura<\/th>\n<th>Car\u00e1cter<\/th>\n<th>ECTS<\/th>\n<th>C\u00f3digo<\/th>\n<th>Asignatura<\/th>\n<th>Car\u00e1cter<\/th>\n<th>ECTS<\/th>\n<\/tr>\n<\/thead>\n<tbody>\n<tr><td>199471101<\/td><td>T\u00e9cnicas de expresi\u00f3n en un idioma moderno<\/td><td>FB: B\u00e1sica<\/td><td>6<\/td><td>889611101<\/td><td>T\u00e9cnicas de expresi\u00f3n en un idioma moderno<\/td><td>FB: B\u00e1sica<\/td><td>6<\/td><\/tr>\n<tr><td>199471102<\/td><td>Introducci\u00f3n a la historia del arte<\/td><td>FB: B\u00e1sica<\/td><td>6<\/td><td>889611102<\/td><td>Introducci\u00f3n a la historia del arte<\/td><td>FB: B\u00e1sica<\/td><td>6<\/td><\/tr>\n<tr><td>199471103<\/td><td>Cultura visual y creaci\u00f3n art\u00edstica contempor\u00e1nea<\/td><td>FB: B\u00e1sica<\/td><td>6<\/td><td>889611103<\/td><td>Cultura visual y creaci\u00f3n art\u00edstica contempor\u00e1nea<\/td><td>FB: B\u00e1sica<\/td><td>6<\/td><\/tr>\n<tr><td>199471104<\/td><td>Fotograf\u00eda<\/td><td>FB: B\u00e1sica<\/td><td>6<\/td><td>889611104<\/td><td>Fotograf\u00eda<\/td><td>FB: B\u00e1sica<\/td><td>6<\/td><\/tr>\n<tr><td>199471105<\/td><td>Croquizaci\u00f3n<\/td><td>FB: B\u00e1sica<\/td><td>6<\/td><td>889611203<\/td><td>Sistemas de representaci\u00f3n<\/td><td>FB: B\u00e1sica<\/td><td>6<\/td><\/tr>\n<tr><td>199471202<\/td><td>Introducci\u00f3n a los problemas filos\u00f3ficos<\/td><td>FB: B\u00e1sica<\/td><td>6<\/td><td>889611202<\/td><td>Introducci\u00f3n a los problemas filos\u00f3ficos<\/td><td>FB: B\u00e1sica<\/td><td>6<\/td><\/tr>\n<tr><td>199472203<\/td><td>Teor\u00eda y lenguaje de la imagen<\/td><td>OB: Obligatorio<\/td><td>6<\/td><td>889612202<\/td><td>Cultura y contextos<\/td><td>OB: Obligatorio<\/td><td>6<\/td><\/tr>\n<tr><td>199472204<\/td><td>Historia del dise\u00f1o<\/td><td>OB: Obligatorio<\/td><td>6<\/td><td>889613101<\/td><td>Movimientos art\u00edsticos contempor\u00e1neos<\/td><td>OB: Obligatorio<\/td><td>6<\/td><\/tr>\n<tr><td style=\"border-bottom-left-radius: 1.5em;\">199473103<\/td><td>Dise\u00f1o web<\/td><td>OB: Obligatorio<\/td><td>6<\/td><td>889613202<\/td><td>Recursos web y herramientas de difusi\u00f3n<\/td><td>OB: Obligatorio<\/td><td style=\"border-bottom-right-radius: 1.5em;\">6<\/td><\/tr>\n<\/tbody>\n<\/table>\n\n\n\n<p>Dada la estructura del itinerario del Doble Grado no se contemplan reconocimientos por Ciclos Formativos de Grado Superior, experiencia profesional o por participaci\u00f3n en actividades de la Universidad de La Laguna. En todo caso, se recuerda que la superaci\u00f3n de una asignatura por cualquier tipo de reconocimiento supone la imposibilidad de aplicar dicha asignatura en cualquier otro reconocimiento.<\/p>\n\n\n\n<p>Los reconocimientos de cr\u00e9ditos se\u00f1alados se har\u00e1n efectivos tras la superaci\u00f3n de la totalidad de cr\u00e9ditos requerida para el doble t\u00edtulo.<\/p>\n\n\n\n<p>La nota de las asignaturas reconocidas ser\u00e1 la media ponderada, por cr\u00e9ditos ECTS, de las asignaturas necesarias para obtener ese reconocimiento.<\/p>\n<\/div><\/div><\/div>\n\n\n\n<div class=\"wp-block-stackable-column stk-block-column stk-column stk-block stk-f501395\" data-v=\"4\" data-block-id=\"f501395\"><style>@media screen and (min-width: 768px){.stk-f501395 {flex:var(--stk-flex-grow, 1) 1 calc(30% - var(--stk-column-gap, 0px) * 1 \/ 2 ) !important;}}<\/style><div class=\"stk-column-wrapper stk-block-column__content stk-container stk-f501395-container stk--no-background stk--no-padding\"><div class=\"stk-block-content stk-inner-blocks stk-f501395-inner-blocks\">\n<div class=\"wp-block-stackable-icon-label stk-block-icon-label stk-block stk-e63cb4f stk-block-background\" data-block-id=\"e63cb4f\"><style>.stk-e63cb4f {background-color:#03256c !important;padding-top:20px !important;padding-right:20px !important;padding-bottom:20px !important;padding-left:20px !important;}.stk-e63cb4f:hover{background-color:#0f0e17 !important;}.stk-e63cb4f:before{background-color:#03256c !important;}.stk-e63cb4f:hover:before{background-color:#0f0e17 !important;}<\/style><div class=\"stk-row stk-inner-blocks stk-block-content\">\n<div class=\"wp-block-stackable-heading stk-block-heading stk-block-heading--v2 stk-block stk-68b185a\" id=\"a-href-https-www-ull-es-estudios-docencia-reconocimiento-adaptacion-transferencia-span-style-color-fffffe-class-stk-highlight-reconocimiento-adaptacion-y-transferencia-span-a\" data-block-id=\"68b185a\"><style>.stk-68b185a .stk-block-heading__text{font-size:22px !important;color:#fffffe !important;line-height:1.3em !important;}@media screen and (max-width: 1023px){.stk-68b185a .stk-block-heading__text{font-size:22px !important;}}<\/style><p class=\"stk-block-heading__text has-text-color\"><a href=\"https:\/\/www.ull.es\/estudios-docencia\/reconocimiento-adaptacion-transferencia\/\" target=\"_blank\" rel=\"noopener\"><span style=\"color: #fffffe;\" class=\"stk-highlight\">Reconocimiento, adaptaci\u00f3n y transferencia<\/span><\/a><\/p><\/div>\n\n\n\n<div class=\"wp-block-stackable-icon stk-block-icon has-text-align-left stk-block stk-34dedbe\" data-block-id=\"34dedbe\"><style>.stk-34dedbe .stk--svg-wrapper .stk--inner-svg svg:last-child{height:18px !important;width:18px !important;}.stk-34dedbe .stk--svg-wrapper .stk--inner-svg svg:last-child, .stk-34dedbe .stk--svg-wrapper .stk--inner-svg svg:last-child :is(g, path, rect, polygon, ellipse){fill:#fffffe !important;}<\/style><span class=\"stk--svg-wrapper\"><div class=\"stk--inner-svg\"><svg style=\"height:0;width:0\"><defs><linearGradient id=\"linear-gradient-34dedbe\" x1=\"0\" x2=\"100%\" y1=\"0\" y2=\"0\"><stop offset=\"0%\" style=\"stop-opacity:1;stop-color:var(--linear-gradient-34-dedbe-color-1)\"><\/stop><stop offset=\"100%\" style=\"stop-opacity:1;stop-color:var(--linear-gradient-34-dedbe-color-2)\"><\/stop><\/linearGradient><\/defs><\/svg><svg xmlns=\"http:\/\/www.w3.org\/2000\/svg\" viewBox=\"0 0 448 512\" aria-hidden=\"true\" width=\"32\" height=\"32\"><path d=\"M438.6 278.6c12.5-12.5 12.5-32.8 0-45.3l-160-160c-12.5-12.5-32.8-12.5-45.3 0s-12.5 32.8 0 45.3L338.8 224 32 224c-17.7 0-32 14.3-32 32s14.3 32 32 32l306.7 0L233.4 393.4c-12.5 12.5-12.5 32.8 0 45.3s32.8 12.5 45.3 0l160-160z\"><\/path><\/svg><\/div><\/span><\/div>\n<\/div><\/div>\n\n\n\n<div class=\"wp-block-stackable-icon-label stk-block-icon-label stk-block stk-c6ee8e5 stk-block-background\" data-block-id=\"c6ee8e5\"><style>.stk-c6ee8e5 {background-color:#03256c !important;padding-top:20px !important;padding-right:20px !important;padding-bottom:20px !important;padding-left:20px !important;}.stk-c6ee8e5:hover{background-color:#0f0e17 !important;}.stk-c6ee8e5:before{background-color:#03256c !important;}.stk-c6ee8e5:hover:before{background-color:#0f0e17 !important;}<\/style><div class=\"stk-row stk-inner-blocks stk-block-content\">\n<div class=\"wp-block-stackable-heading stk-block-heading stk-block-heading--v2 stk-block stk-b2f5827\" id=\"a-href-https-riull-ull-es-xmlui-bitstream-handle-915-3864-bellas-artes-pdf-sequence-1-amp-is-allowed-y-span-style-color-fffffe-class-stk-highlight-tablas-de-reconocimiento-de-creditos-del-grado-en-bellas-artes-span-a\" data-block-id=\"b2f5827\"><style>.stk-b2f5827 .stk-block-heading__text{font-size:22px !important;line-height:1.3em !important;}@media screen and (max-width: 1023px){.stk-b2f5827 .stk-block-heading__text{font-size:22px !important;}}<\/style><p class=\"stk-block-heading__text\"><a href=\"https:\/\/riull.ull.es\/xmlui\/bitstream\/handle\/915\/3864\/BellasArtes.pdf?sequence=1&amp;isAllowed=y\" target=\"_blank\" rel=\"noopener\"><span style=\"color: #fffffe;\" class=\"stk-highlight\">Tablas de reconocimiento de cr\u00e9ditos del Grado en Bellas Artes<\/span><\/a><\/p><\/div>\n\n\n\n<div class=\"wp-block-stackable-icon stk-block-icon has-text-align-left stk-block stk-9b9087b\" data-block-id=\"9b9087b\"><style>.stk-9b9087b .stk--svg-wrapper .stk--inner-svg svg:last-child{height:18px !important;width:18px !important;}.stk-9b9087b .stk--svg-wrapper .stk--inner-svg svg:last-child, .stk-9b9087b .stk--svg-wrapper .stk--inner-svg svg:last-child :is(g, path, rect, polygon, ellipse){fill:#fffffe !important;}<\/style><span class=\"stk--svg-wrapper\"><div class=\"stk--inner-svg\"><svg style=\"height:0;width:0\"><defs><linearGradient id=\"linear-gradient-9b9087b\" x1=\"0\" x2=\"100%\" y1=\"0\" y2=\"0\"><stop offset=\"0%\" style=\"stop-opacity:1;stop-color:var(--linear-gradient-9-b-9087-b-color-1)\"><\/stop><stop offset=\"100%\" style=\"stop-opacity:1;stop-color:var(--linear-gradient-9-b-9087-b-color-2)\"><\/stop><\/linearGradient><\/defs><\/svg><svg xmlns=\"http:\/\/www.w3.org\/2000\/svg\" viewBox=\"0 0 448 512\" aria-hidden=\"true\" width=\"32\" height=\"32\"><path d=\"M438.6 278.6c12.5-12.5 12.5-32.8 0-45.3l-160-160c-12.5-12.5-32.8-12.5-45.3 0s-12.5 32.8 0 45.3L338.8 224 32 224c-17.7 0-32 14.3-32 32s14.3 32 32 32l306.7 0L233.4 393.4c-12.5 12.5-12.5 32.8 0 45.3s32.8 12.5 45.3 0l160-160z\"><\/path><\/svg><\/div><\/span><\/div>\n<\/div><\/div>\n\n\n\n<div class=\"wp-block-stackable-icon-label stk-block-icon-label stk-block stk-9b1b298 stk-block-background\" data-block-id=\"9b1b298\"><style>.stk-9b1b298 {background-color:#03256c !important;padding-top:20px !important;padding-right:20px !important;padding-bottom:20px !important;padding-left:20px !important;}.stk-9b1b298:hover{background-color:#0f0e17 !important;}.stk-9b1b298:before{background-color:#03256c !important;}.stk-9b1b298:hover:before{background-color:#0f0e17 !important;}<\/style><div class=\"stk-row stk-inner-blocks stk-block-content\">\n<div class=\"wp-block-stackable-heading stk-block-heading stk-block-heading--v2 stk-block stk-b2b169e\" id=\"a-href-https-riull-ull-es-xmlui-bitstream-handle-915-3871-diseno-pdf-span-style-color-fffffe-class-stk-highlight-tabla-actualizada-de-reconocimiento-de-creditos-del-grado-en-diseno-span-a\" data-block-id=\"b2b169e\"><style>.stk-b2b169e .stk-block-heading__text{font-size:22px !important;line-height:1.3em !important;}@media screen and (max-width: 1023px){.stk-b2b169e .stk-block-heading__text{font-size:22px !important;}}<\/style><p class=\"stk-block-heading__text\"><a href=\"https:\/\/riull.ull.es\/xmlui\/bitstream\/handle\/915\/3871\/Diseno.pdf\" target=\"_blank\" rel=\"noopener\"><span style=\"color: #fffffe;\" class=\"stk-highlight\">Tabla actualizada de reconocimiento de cr\u00e9ditos del Grado en Dise\u00f1o<\/span><\/a><\/p><\/div>\n\n\n\n<div class=\"wp-block-stackable-icon stk-block-icon has-text-align-left stk-block stk-b2937dd\" data-block-id=\"b2937dd\"><style>.stk-b2937dd .stk--svg-wrapper .stk--inner-svg svg:last-child{height:18px !important;width:18px !important;}.stk-b2937dd .stk--svg-wrapper .stk--inner-svg svg:last-child, .stk-b2937dd .stk--svg-wrapper .stk--inner-svg svg:last-child :is(g, path, rect, polygon, ellipse){fill:#fffffe !important;}<\/style><span class=\"stk--svg-wrapper\"><div class=\"stk--inner-svg\"><svg style=\"height:0;width:0\"><defs><linearGradient id=\"linear-gradient-b2937dd\" x1=\"0\" x2=\"100%\" y1=\"0\" y2=\"0\"><stop offset=\"0%\" style=\"stop-opacity:1;stop-color:var(--linear-gradient-b-2937-dd-color-1)\"><\/stop><stop offset=\"100%\" style=\"stop-opacity:1;stop-color:var(--linear-gradient-b-2937-dd-color-2)\"><\/stop><\/linearGradient><\/defs><\/svg><svg xmlns=\"http:\/\/www.w3.org\/2000\/svg\" viewBox=\"0 0 448 512\" aria-hidden=\"true\" width=\"32\" height=\"32\"><path d=\"M438.6 278.6c12.5-12.5 12.5-32.8 0-45.3l-160-160c-12.5-12.5-32.8-12.5-45.3 0s-12.5 32.8 0 45.3L338.8 224 32 224c-17.7 0-32 14.3-32 32s14.3 32 32 32l306.7 0L233.4 393.4c-12.5 12.5-12.5 32.8 0 45.3s32.8 12.5 45.3 0l160-160z\"><\/path><\/svg><\/div><\/span><\/div>\n<\/div><\/div>\n<\/div><\/div><\/div>\n<\/div><\/div>\n","protected":false},"excerpt":{"rendered":"<p>Reconocimiento y transferencia de cr\u00e9ditos La Conferencia de Decanos de Facultades de Bellas Artes, en su reuni\u00f3n del 15 y 16 de Noviembre de 2007 en Barcelona, lleg\u00f3 al acuerdo un\u00e1nime de trabajar en el dise\u00f1o de 120 cr\u00e9ditos comunes que ser\u00e1n autom\u00e1ticamente reconocidos en los&nbsp; planes de estudios de Graduado en Bellas Artes. Por&#8230;<\/p>\n","protected":false},"author":1,"featured_media":0,"parent":252,"menu_order":3,"comment_status":"closed","ping_status":"closed","template":"templates\/template-frontpage.php","meta":{"footnotes":""},"class_list":["post-40","page","type-page","status-publish","hentry"],"_links":{"self":[{"href":"https:\/\/www.ull.es\/grados\/bellas-artes-y-diseno\/wp-json\/wp\/v2\/pages\/40","targetHints":{"allow":["GET"]}}],"collection":[{"href":"https:\/\/www.ull.es\/grados\/bellas-artes-y-diseno\/wp-json\/wp\/v2\/pages"}],"about":[{"href":"https:\/\/www.ull.es\/grados\/bellas-artes-y-diseno\/wp-json\/wp\/v2\/types\/page"}],"author":[{"embeddable":true,"href":"https:\/\/www.ull.es\/grados\/bellas-artes-y-diseno\/wp-json\/wp\/v2\/users\/1"}],"replies":[{"embeddable":true,"href":"https:\/\/www.ull.es\/grados\/bellas-artes-y-diseno\/wp-json\/wp\/v2\/comments?post=40"}],"version-history":[{"count":53,"href":"https:\/\/www.ull.es\/grados\/bellas-artes-y-diseno\/wp-json\/wp\/v2\/pages\/40\/revisions"}],"predecessor-version":[{"id":1663,"href":"https:\/\/www.ull.es\/grados\/bellas-artes-y-diseno\/wp-json\/wp\/v2\/pages\/40\/revisions\/1663"}],"up":[{"embeddable":true,"href":"https:\/\/www.ull.es\/grados\/bellas-artes-y-diseno\/wp-json\/wp\/v2\/pages\/252"}],"wp:attachment":[{"href":"https:\/\/www.ull.es\/grados\/bellas-artes-y-diseno\/wp-json\/wp\/v2\/media?parent=40"}],"curies":[{"name":"wp","href":"https:\/\/api.w.org\/{rel}","templated":true}]}}