{"id":42,"date":"2017-06-28T13:01:59","date_gmt":"2017-06-28T13:01:59","guid":{"rendered":"http:\/\/www.ull.es\/masteres\/desarrollo-y-gestion-de-recursos-humanos\/?page_id=42"},"modified":"2025-10-24T06:49:55","modified_gmt":"2025-10-24T06:49:55","slug":"coordinacion-docente","status":"publish","type":"page","link":"https:\/\/www.ull.es\/grados\/bellas-artes\/fr\/informacion-academica\/coordinacion-docente\/","title":{"rendered":"Coordination p\u00e9dagogique"},"content":{"rendered":"\n<div class=\"wp-block-stackable-columns alignfull stk-block-columns stk-block stk-8657999\" data-block-id=\"8657999\"><style>.stk-8657999 {padding-bottom:0px !important;margin-top:-30px !important;margin-bottom:0px !important;}@media screen and (max-width: 767px){.stk-8657999 {margin-top:-10% !important;}}<\/style><div class=\"stk-row stk-inner-blocks stk-block-content stk-content-align stk-8657999-column alignfull\">\n<div class=\"wp-block-stackable-column stk-block-column stk-column stk-block stk-914f03e\" data-v=\"4\" data-block-id=\"914f03e\"><div class=\"stk-column-wrapper stk-block-column__content stk-container stk-914f03e-container stk--no-background stk--no-padding\"><div class=\"stk-block-content stk-inner-blocks stk-914f03e-inner-blocks\"><style id=\"depicter-1-inline-pre-css\">\n\n.depicter-1:not(.depicter-ready){\n\theight:500px;\n}\n\n\/***** Tablet *****\/\n@media screen and (max-width: 1024px){\n\n.depicter-1:not(.depicter-ready){\n\theight:700px;\n}\n\n}\n\/***** Mobile *****\/\n@media screen and (max-width: 767px){\n\n.depicter-1:not(.depicter-ready){\n\theight:360px;\n}\n\n}\n<\/style>\n<div id=\"depicter-1\" class=\"depicter depicter-document depicter-revert depicter-1 depicter-layout-fullwidth\">\n\n<div class=\"depicter-loading-container depicter-loading dotFlashing-dark\"><div class=\"depicter-loading-dark depicter-dot-flashing\">\n   <span><\/span>\n   <span><\/span>\n   <span><\/span>\n<\/div>\n<\/div>\n<div id=\"depicter-1-section-1\" class=\"depicter-section depicter-1-section-1\" data-name=\"Section 1\" data-type=\"section\" data-local-id=\"section-1\">\n<picture class=\"depicter-bg\">\n<source data-depicter-srcset=\"https:\/\/www.ull.es\/grados\/bellas-artes\/wp-content\/uploads\/sites\/33\/2025\/09\/Banner-portada-768x225.jpg, https:\/\/www.ull.es\/grados\/bellas-artes\/wp-content\/uploads\/sites\/33\/2025\/09\/Banner-portada.jpg 2x\" srcset=\"data:image\/gif;base64,R0lGODlhAQABAIAAAAAAAP\/\/\/yH5BAEAAAAALAAAAAABAAEAAAIBRAA7\" media=\"(max-width: 1024px)\" \/>\n\n<source data-depicter-srcset=\"https:\/\/www.ull.es\/grados\/bellas-artes\/wp-content\/uploads\/sites\/33\/2025\/09\/Banner-portada.jpg, https:\/\/www.ull.es\/grados\/bellas-artes\/wp-content\/uploads\/sites\/33\/2025\/09\/Banner-portada-1914x561.jpg 2x\" srcset=\"data:image\/gif;base64,R0lGODlhAQABAIAAAAAAAP\/\/\/yH5BAEAAAAALAAAAAABAAEAAAIBRAA7\" media=\"(min-width: 1025px)\" \/>\n<img decoding=\"async\" src=\"data:image\/gif;base64,R0lGODlhAQABAIAAAAAAAP\/\/\/yH5BAEAAAAALAAAAAABAAEAAAIBRAA7\" data-ken-burns=\"false\" data-tablet-ken-burns=\"false\" data-mobile-ken-burns=\"false\" alt=\"\" data-depicter-src=\"https:\/\/www.ull.es\/grados\/bellas-artes\/wp-content\/uploads\/sites\/33\/2025\/09\/Banner-portada.jpg\" data-object-fit=\"custom,custom,\" data-object-position=\"center top,,\" data-crop=\"{'focalPoint':{'x':0.5,'y':0.5},'mediaSize':{'width':1535.294117647058783404645510017871856689453125,'height':450}}\" data-tablet-crop=\"{'focalPoint':{'x':0.5,'y':0.5},'mediaSize':{'width':2388.23529411764729957212693989276885986328125,'height':700}}\" data-mobile-crop=\"{'focalPoint':{'x':0.5,'y':0.5},'mediaSize':{'width':1228.235294117647072198451496660709381103515625,'height':360}}\" \/>\n<\/picture>\n\n\n<h1 id=\"depicter-1-element-5\" class=\"depicter-element depicter-layer depicter-1-element-5\" data-type=\"text\" data-wrap=\"true\" data-name=\"Text 2\" data-local-id=\"element-5\" data-offset=\"x:142px;y:200px;origin:tl\" data-tablet-offset=\"x:218px;y:321px;origin:tl\" data-mobile-offset=\"x:6px;y:-136px;origin:tl\" data-width=\"917px,589px,348px\" data-height=\"auto,auto,auto\" data-responsive-scale=\"true,,\">Grado en Bellas Artes<\/h1>\n\n<div id=\"depicter-1-element-10\" class=\"depicter-element depicter-layer depicter-1-element-10\" data-type=\"shape\" data-wrap=\"true\" data-name=\"Shape 1\" data-local-id=\"element-10\" data-offset=\"x:160px;y:300px;origin:tl\" data-tablet-offset=\"x:218px;y:378px;origin:tl\" data-mobile-offset=\"x:6px;y:-22px;origin:tl\" data-width=\"881px,517px,309px\" data-height=\"8px,8px,8px\" data-responsive-scale=\"true,,\"><\/div>\n<\/div>\n<\/div>\n<script>\n(window.depicterSetups = window.depicterSetups || []).push(function(){\n\tDepicter.basePath = 'https:\/\/www.ull.es\/grados\/bellas-artes\/wp-content\/plugins\/depicter\/resources\/scripts\/player\/';\n\tconst dpPlayer = Depicter.setup('.depicter-1',\n\t\t{\"width\":[\"1200\",\"1024\",\"360\"],\"height\":[\"500\",\"700\",\"360\"],\"view\":\"basic\",\"keepAspectRatio\":true,\"preload\":0,\"layout\":\"fullwidth\",\"rtl\":false,\"initAfterAppear\":false,\"ajaxApiUrl\":\"https:\\\/\\\/www.ull.es\\\/grados\\\/bellas-artes\\\/wp-admin\\\/admin-ajax.php\",\"mouseSwipe\":true,\"touchSwipe\":true,\"useWatermark\":false}\n\t);\n});\n<\/script><\/div><\/div><\/div>\n<\/div><\/div>\n\n\n\n<div class=\"wp-block-stackable-columns alignfull stk-block-columns stk--hide-mobile stk-block stk-ceecbdc stk-block-background\" data-block-id=\"ceecbdc\"><style>.stk-ceecbdc {background-color:#360060 !important;padding-top:35px !important;padding-right:0px !important;padding-bottom:2px !important;padding-left:0px !important;margin-top:-20px !important;margin-bottom:70px !important;}.stk-ceecbdc:before{background-color:#360060 !important;}<\/style><div class=\"stk-row stk-inner-blocks stk-block-content stk-content-align stk-ceecbdc-column alignfull\">\n<div class=\"wp-block-stackable-column stk-block-column stk-column stk-block stk-fc60a5d\" data-v=\"4\" data-block-id=\"fc60a5d\"><div class=\"stk-column-wrapper stk-block-column__content stk-container stk-fc60a5d-container stk--no-background stk--no-padding\"><div class=\"stk-block-content stk-inner-blocks stk-fc60a5d-inner-blocks\">\n<div class=\"wp-block-stackable-spacer stk-block-spacer stk--no-padding stk-block stk-a3a8a68\" data-block-id=\"a3a8a68\"><style>.stk-a3a8a68 {height:0px !important;}<\/style><\/div>\n<\/div><\/div><\/div>\n<\/div><\/div>\n\n\n\n<div class=\"wp-block-stackable-columns stk-block-columns stk-block stk-8b59b96\" data-block-id=\"8b59b96\"><style>.stk-8b59b96 .stk--block-align-8b59b96{align-items:flex-start !important;}.stk-8b59b96 {margin-top:25px !important;}.stk-8b59b96-column{--stk-columns-spacing:0px !important;--stk-column-gap:50px !important;}@media screen and (max-width: 767px){.stk-8b59b96-column{row-gap:var(--stk--preset--spacing--60, 2.25rem) !important;}}<\/style><div class=\"stk-row stk-inner-blocks stk--block-align-8b59b96 stk-block-content stk-content-align stk-8b59b96-column\">\n<div class=\"wp-block-stackable-column stk-block-column stk-column stk-block stk-dbb7e15\" data-v=\"4\" data-block-id=\"dbb7e15\"><div class=\"stk-column-wrapper stk-block-column__content stk-container stk-dbb7e15-container stk--no-background stk--no-padding\"><div class=\"stk-block-content stk-inner-blocks stk-dbb7e15-inner-blocks\">\n<div class=\"wp-block-stackable-heading stk-block-heading stk-block-heading--v2 stk-block stk-689c258\" id=\"coordinacion-docente\" data-block-id=\"689c258\"><style>.stk-689c258 .stk-block-heading__text{color:#5c068c !important;}<\/style><h1 class=\"stk-block-heading__text has-text-color\">Coordinaci\u00f3n docente<\/h1><\/div>\n\n\n\n<div class=\"wp-block-stackable-heading stk-block-heading stk-block-heading--v2 stk-block stk-35d5daf\" id=\"estructura\" data-block-id=\"35d5daf\"><h2 class=\"stk-block-heading__text\">Estructura<\/h2><\/div>\n\n\n\n<div class=\"wp-block-stackable-text stk-block-text stk-block stk-fb8e1c0\" data-block-id=\"fb8e1c0\"><p class=\"stk-block-text__text\">Coordinadora de la Titulaci\u00f3n: Rosa Mar\u00eda Cubillo L\u00f3pez<br>Coordinador de 1\u00ba curso: Ram\u00f3n Salas Lamami\u00e9 de Clairac<br>Coordinador de 2\u00ba curso: Manolo Cruz Gonz\u00e1lez<br>Coordinadora de Menci\u00f3n de Pintura: Narciso Hern\u00e1ndez Rodr\u00edguez<br>Coordinador de Menci\u00f3n de Escultura: Rom\u00e1n Hern\u00e1ndez Gonz\u00e1lez<br>Coordinadora de Menci\u00f3n de Dibujo, Ilustraci\u00f3n y Animaci\u00f3n: Javier Sicilia Rodr\u00edguez<br>Coordinador de Menci\u00f3n de Arte Transdisciplinar: Manuel Drago D\u00edaz Alem\u00e1n<br>Coordinadora de Pr\u00e1cticas Externas: Jos\u00e9 Arturo Mart\u00edn Morales<br>Coordinador del Trabajo Fin de Grado: Ram\u00f3n Salas Lamami\u00e9 de Clairac<br>Coordinadores\/ras de asignaturas&nbsp;(Ver&nbsp;<a href=\"https:\/\/www.ull.es\/apps\/guias\/guias\/view_degree\/507\/\" target=\"_blank\" rel=\"noreferrer noopener\" target=\"_blank\" rel=\"noopener\">gu\u00edas docentes<\/a>)<\/p><\/div>\n\n\n\n<p>El coordinador de la Titulaci\u00f3n es el m\u00e1ximo&nbsp;responsable del t\u00edtulo y preside la Comisi\u00f3n de Titulaci\u00f3n del Grado.<\/p>\n\n\n\n<p>La coordinaci\u00f3n docente vertical y horizontal se&nbsp;lleva cabo a trav\u00e9s de los coordinadores\/ras de curso y de \u00e1mbito responsables&nbsp;de la convocatoria de reuniones de coordinaci\u00f3n.<\/p>\n\n\n\n<p>Los coordinadores\/ras de Pr\u00e1cticas Externas y del&nbsp;TFG son los responsables de la coordinaci\u00f3n docente de dichas asignaturas, con&nbsp;reuniones preparatorias y a lo largo del periodo lectivo.<\/p>\n\n\n\n<p>Todas las asignaturas del t\u00edtulo cuentan con un coordinador que figura en la gu\u00eda docente.<\/p>\n\n\n\n<div class=\"wp-block-stackable-heading stk-block-heading stk-block-heading--v2 stk-block stk-86d83c1\" id=\"plan-de-coordinacion\" data-block-id=\"86d83c1\"><h2 class=\"stk-block-heading__text\">Plan de coordinaci\u00f3n<\/h2><\/div>\n\n\n\n<div class=\"wp-block-stackable-text stk-block-text stk-block stk-8a1c5b8\" data-block-id=\"8a1c5b8\"><p class=\"stk-block-text__text\">Las reuniones de coordinaci\u00f3n se establecen por cursos y por menciones siguiendo el siguiente esquema:<\/p><\/div>\n\n\n\n<ul class=\"wp-block-list\">\n<li>Reuniones de coordinaci\u00f3n de 1\u00ba y 2\u00ba curso conjuntamente, de las asignaturas del m\u00f3dulo de Formaci\u00f3n b\u00e1sica 1, Formaci\u00f3n b\u00e1sica 2, Principios y procesos b\u00e1sicos, Materias culturales, y Disciplinas auxiliares. Se realizar\u00e1n dos reuniones por curso, una al final de cada cuatrimestre convocadas por el coordinador\/a.<\/li>\n\n\n\n<li>Reuniones de coordinaci\u00f3n de 2\u00ba, 3\u00ba y 4\u00ba curso por menci\u00f3n, de las asignaturas del m\u00f3dulo de Menciones. Se convocar\u00e1n dos reuniones por curso, una al final de cada cuatrimestre convocadas por los coordinadores de cada \u00e1mbito.<\/li>\n\n\n\n<li>Reuniones de coordinaci\u00f3n docente del TFG y Practicum a trav\u00e9s de la Comisi\u00f3n de TFG y Comisi\u00f3n de Orientaci\u00f3n Profesional y Pr\u00e1cticas Externas<\/li>\n<\/ul>\n<\/div><\/div><\/div>\n<\/div><\/div>\n","protected":false},"excerpt":{"rendered":"<p>Coordinaci\u00f3n docente Estructura Coordinadora de la Titulaci\u00f3n: Rosa Mar\u00eda Cubillo L\u00f3pezCoordinador de 1\u00ba curso: Ram\u00f3n Salas Lamami\u00e9 de ClairacCoordinador de 2\u00ba curso: Manolo Cruz Gonz\u00e1lezCoordinadora de Menci\u00f3n de Pintura: Narciso Hern\u00e1ndez Rodr\u00edguezCoordinador de Menci\u00f3n de Escultura: Rom\u00e1n Hern\u00e1ndez Gonz\u00e1lezCoordinadora de Menci\u00f3n de Dibujo, Ilustraci\u00f3n y Animaci\u00f3n: Javier Sicilia Rodr\u00edguezCoordinador de Menci\u00f3n de Arte Transdisciplinar: Manuel&#8230;<\/p>","protected":false},"author":1,"featured_media":0,"parent":252,"menu_order":6,"comment_status":"closed","ping_status":"closed","template":"templates\/template-frontpage.php","meta":{"footnotes":""},"class_list":["post-42","page","type-page","status-publish","hentry"],"_links":{"self":[{"href":"https:\/\/www.ull.es\/grados\/bellas-artes\/fr\/wp-json\/wp\/v2\/pages\/42","targetHints":{"allow":["GET"]}}],"collection":[{"href":"https:\/\/www.ull.es\/grados\/bellas-artes\/fr\/wp-json\/wp\/v2\/pages"}],"about":[{"href":"https:\/\/www.ull.es\/grados\/bellas-artes\/fr\/wp-json\/wp\/v2\/types\/page"}],"author":[{"embeddable":true,"href":"https:\/\/www.ull.es\/grados\/bellas-artes\/fr\/wp-json\/wp\/v2\/users\/1"}],"replies":[{"embeddable":true,"href":"https:\/\/www.ull.es\/grados\/bellas-artes\/fr\/wp-json\/wp\/v2\/comments?post=42"}],"version-history":[{"count":36,"href":"https:\/\/www.ull.es\/grados\/bellas-artes\/fr\/wp-json\/wp\/v2\/pages\/42\/revisions"}],"predecessor-version":[{"id":1535,"href":"https:\/\/www.ull.es\/grados\/bellas-artes\/fr\/wp-json\/wp\/v2\/pages\/42\/revisions\/1535"}],"up":[{"embeddable":true,"href":"https:\/\/www.ull.es\/grados\/bellas-artes\/fr\/wp-json\/wp\/v2\/pages\/252"}],"wp:attachment":[{"href":"https:\/\/www.ull.es\/grados\/bellas-artes\/fr\/wp-json\/wp\/v2\/media?parent=42"}],"curies":[{"name":"wp","href":"https:\/\/api.w.org\/{rel}","templated":true}]}}