{"id":42,"date":"2017-06-28T13:01:59","date_gmt":"2017-06-28T13:01:59","guid":{"rendered":"http:\/\/www.ull.es\/masteres\/desarrollo-y-gestion-de-recursos-humanos\/?page_id=42"},"modified":"2025-11-10T09:08:02","modified_gmt":"2025-11-10T09:08:02","slug":"coordinacion-docente","status":"publish","type":"page","link":"https:\/\/www.ull.es\/grados\/biologia\/en\/informacion-academica\/coordinacion-docente\/","title":{"rendered":"Teaching coordination"},"content":{"rendered":"\n<div class=\"wp-block-stackable-columns alignfull stk-block-columns stk-block stk-8657999\" data-block-id=\"8657999\"><style>.stk-8657999 {padding-bottom:0px !important;margin-top:-30px !important;margin-bottom:0px !important;}@media screen and (max-width: 767px){.stk-8657999 {margin-top:-10% !important;}}<\/style><div class=\"stk-row stk-inner-blocks stk-block-content stk-content-align stk-8657999-column alignfull\">\n<div class=\"wp-block-stackable-column stk-block-column stk-column stk-block stk-914f03e\" data-v=\"4\" data-block-id=\"914f03e\"><div class=\"stk-column-wrapper stk-block-column__content stk-container stk-914f03e-container stk--no-background stk--no-padding\"><div class=\"stk-block-content stk-inner-blocks stk-914f03e-inner-blocks\"><style id=\"depicter-1-inline-pre-css\">\n\n.depicter-1:not(.depicter-ready){\n\theight:500px;\n}\n\n\/***** Tablet *****\/\n@media screen and (max-width: 1024px){\n\n.depicter-1:not(.depicter-ready){\n\theight:700px;\n}\n\n}\n\/***** Mobile *****\/\n@media screen and (max-width: 767px){\n\n.depicter-1:not(.depicter-ready){\n\theight:360px;\n}\n\n}\n<\/style>\n<div id=\"depicter-1\" class=\"depicter depicter-document depicter-revert depicter-1 depicter-layout-fullwidth\">\n\n<div class=\"depicter-loading-container depicter-loading dotFlashing-dark\"><div class=\"depicter-loading-dark depicter-dot-flashing\">\n   <span><\/span>\n   <span><\/span>\n   <span><\/span>\n<\/div>\n<\/div>\n<div id=\"depicter-1-section-1\" class=\"depicter-section depicter-1-section-1\" data-name=\"Section 1\" data-type=\"section\" data-local-id=\"section-1\">\n<picture class=\"depicter-bg\">\n<source data-depicter-srcset=\"https:\/\/www.ull.es\/grados\/biologia\/wp-content\/uploads\/sites\/43\/2025\/03\/Banner_Biologia-768x217.jpg, https:\/\/www.ull.es\/grados\/biologia\/wp-content\/uploads\/sites\/43\/2025\/03\/Banner_Biologia.jpg 2x\" srcset=\"data:image\/gif;base64,R0lGODlhAQABAIAAAAAAAP\/\/\/yH5BAEAAAAALAAAAAABAAEAAAIBRAA7\" media=\"(max-width: 1024px)\" \/>\n\n<source data-depicter-srcset=\"https:\/\/www.ull.es\/grados\/biologia\/wp-content\/uploads\/sites\/43\/2025\/03\/Banner_Biologia.jpg, https:\/\/www.ull.es\/grados\/biologia\/wp-content\/uploads\/sites\/43\/2025\/03\/Banner_Biologia-1600x453.jpg 2x\" srcset=\"data:image\/gif;base64,R0lGODlhAQABAIAAAAAAAP\/\/\/yH5BAEAAAAALAAAAAABAAEAAAIBRAA7\" media=\"(min-width: 1025px)\" \/>\n<img decoding=\"async\" src=\"data:image\/gif;base64,R0lGODlhAQABAIAAAAAAAP\/\/\/yH5BAEAAAAALAAAAAABAAEAAAIBRAA7\" data-ken-burns=\"false\" data-tablet-ken-burns=\"false\" data-mobile-ken-burns=\"false\" alt=\"\" data-depicter-src=\"https:\/\/www.ull.es\/grados\/biologia\/wp-content\/uploads\/sites\/43\/2025\/03\/Banner_Biologia.jpg\" data-object-fit=\"custom,custom,\" data-object-position=\"center top,,\" data-crop=\"{'focalPoint':{'x':0.5,'y':0.560000000000000053290705182007513940334320068359375},'mediaSize':{'width':1792,'height':507}}\" data-tablet-crop=\"{'focalPoint':{'x':0.5,'y':0.5},'mediaSize':{'width':2472.40618101545260287821292877197265625,'height':700}}\" data-mobile-crop=\"{'focalPoint':{'x':0.5,'y':0.5},'mediaSize':{'width':1271.523178807947033419623039662837982177734375,'height':360}}\" \/>\n<\/picture>\n\n\n<h1 id=\"depicter-1-element-5\" class=\"depicter-element depicter-layer depicter-1-element-5\" data-type=\"text\" data-wrap=\"true\" data-name=\"Text 2\" data-local-id=\"element-5\" data-offset=\"x:217px;y:207px;origin:tl\" data-tablet-offset=\"x:299px;y:321px;origin:tl\" data-mobile-offset=\"x:6px;y:-144px;origin:tl\" data-width=\"767px,589px,309px\" data-height=\"auto,auto,auto\" data-responsive-scale=\"true,,\">Grado en Biolog\u00eda<\/h1>\n\n<div id=\"depicter-1-element-10\" class=\"depicter-element depicter-layer depicter-1-element-10\" data-type=\"shape\" data-wrap=\"true\" data-name=\"Shape 1\" data-local-id=\"element-10\" data-offset=\"x:226px;y:315px;origin:tl\" data-tablet-offset=\"x:299px;y:391px;origin:tl\" data-mobile-offset=\"x:6px;y:-35px;origin:tl\" data-width=\"748px,425px,309px\" data-height=\"8px,8px,8px\" data-responsive-scale=\"true,,\"><\/div>\n<\/div>\n<\/div>\n<script>\n(window.depicterSetups = window.depicterSetups || []).push(function(){\n\tDepicter.basePath = 'https:\/\/www.ull.es\/grados\/biologia\/wp-content\/plugins\/depicter\/resources\/scripts\/player\/';\n\tconst dpPlayer = Depicter.setup('.depicter-1',\n\t\t{\"width\":[\"1200\",\"1024\",\"360\"],\"height\":[\"500\",\"700\",\"360\"],\"view\":\"basic\",\"keepAspectRatio\":true,\"preload\":0,\"layout\":\"fullwidth\",\"rtl\":false,\"initAfterAppear\":false,\"ajaxApiUrl\":\"https:\\\/\\\/www.ull.es\\\/grados\\\/biologia\\\/wp-admin\\\/admin-ajax.php\",\"mouseSwipe\":true,\"touchSwipe\":true,\"useWatermark\":false}\n\t);\n});\n<\/script><\/div><\/div><\/div>\n<\/div><\/div>\n\n\n\n<div class=\"wp-block-stackable-columns alignfull stk-block-columns stk--hide-mobile stk-block stk-ceecbdc stk-block-background\" data-block-id=\"ceecbdc\"><style>.stk-ceecbdc {background-color:#360060 !important;padding-top:35px !important;padding-right:0px !important;padding-bottom:2px !important;padding-left:0px !important;margin-top:-20px !important;margin-bottom:70px !important;}.stk-ceecbdc:before{background-color:#360060 !important;}<\/style><div class=\"stk-row stk-inner-blocks stk-block-content stk-content-align stk-ceecbdc-column alignfull\">\n<div class=\"wp-block-stackable-column stk-block-column stk-column stk-block stk-fc60a5d\" data-v=\"4\" data-block-id=\"fc60a5d\"><div class=\"stk-column-wrapper stk-block-column__content stk-container stk-fc60a5d-container stk--no-background stk--no-padding\"><div class=\"stk-block-content stk-inner-blocks stk-fc60a5d-inner-blocks\">\n<div class=\"wp-block-stackable-spacer stk-block-spacer stk--no-padding stk-block stk-a3a8a68\" data-block-id=\"a3a8a68\"><style>.stk-a3a8a68 {height:0px !important;}<\/style><\/div>\n<\/div><\/div><\/div>\n<\/div><\/div>\n\n\n\n<div class=\"wp-block-stackable-columns stk-block-columns stk-block stk-8b59b96\" data-block-id=\"8b59b96\"><style>.stk-8b59b96 .stk--block-align-8b59b96{align-items:flex-start !important;}.stk-8b59b96 {margin-top:25px !important;}.stk-8b59b96-column{--stk-columns-spacing:0px !important;--stk-column-gap:50px !important;}@media screen and (max-width: 767px){.stk-8b59b96-column{row-gap:var(--stk--preset--spacing--60, 2.25rem) !important;}}<\/style><div class=\"stk-row stk-inner-blocks stk--block-align-8b59b96 stk-block-content stk-content-align stk-8b59b96-column\">\n<div class=\"wp-block-stackable-column stk-block-column stk-column stk-block stk-dbb7e15\" data-v=\"4\" data-block-id=\"dbb7e15\"><div class=\"stk-column-wrapper stk-block-column__content stk-container stk-dbb7e15-container stk--no-background stk--no-padding\"><div class=\"stk-block-content stk-inner-blocks stk-dbb7e15-inner-blocks\">\n<div class=\"wp-block-stackable-heading stk-block-heading stk-block-heading--v2 stk-block stk-689c258\" id=\"coordinacion-docente\" data-block-id=\"689c258\"><style>.stk-689c258 .stk-block-heading__text{color:#5c068c !important;}<\/style><h1 class=\"stk-block-heading__text has-text-color\">Coordinaci\u00f3n docente<\/h1><\/div>\n\n\n\n<div class=\"wp-block-stackable-text stk-block-text stk-block stk-539c1f3\" data-block-id=\"539c1f3\"><p class=\"stk-block-text__text\">La coordinaci\u00f3n docente se realizar\u00e1 a tres niveles, a saber entre el profesorado de las asignaturas asignadas a m\u00e1s de un \u00e1rea, el segundo entre el profesorado de las asignaturas de cada curso (coordinaci\u00f3n de curso), y el tercero entre los coordinadores y coordinadoras de curso, coordinador o coordinadora de calidad y vicedecanos y vicedecanas (coordinaci\u00f3n del Grado). De acuerdo con este esquema las funciones de estos son:<\/p><\/div>\n\n\n\n<ul class=\"wp-block-list\">\n<li><strong>Coordinador o coordinadora de asignatura:<\/strong>\u00a0Elabora la Gu\u00eda Docente de la asignatura coordinando la opini\u00f3n (metodolog\u00eda, criterios de evaluaci\u00f3n, contenidos, bibliograf\u00eda, etc.) de todo el profesorado que participa en la misma. Debe asegurar la coordinaci\u00f3n de los diferentes grupos de pr\u00e1cticas y de teor\u00eda de una misma asignatura. Son portavoces de las asignaturas ante el Decanato.<\/li>\n<\/ul>\n\n\n\n<p>En cada una de las&nbsp;<a href=\"https:\/\/www.ull.es\/apps\/guias\/guias\/view_degree\/508\/\" target=\"_blank\" rel=\"noreferrer noopener\" target=\"_blank\" rel=\"noopener\">Gu\u00edas Docentes<\/a>&nbsp;se podr\u00e1 conocer el qui\u00e9n coordina la correspondiente asignatura.<\/p>\n\n\n\n<ul class=\"wp-block-list\">\n<li><strong>Coordinador o coordinadora de curso<\/strong>: Debe coordinar los distintos grupos de tutor\u00eda; el desdoble de seminarios; los ex\u00e1menes, as\u00ed como distribuir la carga de trabajo del alumnado durante el curso. Estos coordinadores o coordinadoras se reunir\u00e1n con los coordinadores y coordinadoras de Asignatura antes de elaborar las Gu\u00edas Docentes para distribuir el trabajo del alumnado a lo largo del cuatrimestre y evitar las sobrecargas de trabajo del alumnado en momentos puntuales.<\/li>\n<\/ul>\n\n\n\n<p>En el presente curso acad\u00e9mico, los coordinadores y coordinadoras de Curso son:<\/p>\n\n\n\n<style>\n.hoverable {\n  transition: transform 0.3s, box-shadow 0.3s;\n  cursor: pointer;\n}\n.hoverable:hover {\n  transform: scale(1.02);\n  box-shadow: 0 0.5rem 1rem rgba(0,0,0,0.25);\n  \/* Mantiene el color de fondo original *\/\n}\n<\/style>\n\n<!-- Tabla general con estilo similar -->\n<table class=\"table table-bordered table-striped align-middle text-center shadow-sm rounded overflow-hidden table-hover-effect\" style=\"border-collapse: separate; border-spacing: 0; box-shadow: 0 0.5rem 1rem rgba(0,0,0,0.15); border-radius:2rem; width:100%;\">\n  <tbody>\n    <tr style=\"background-color:#360060; color:#fff;border-top-right-radius: 1.5rem;\">\n      <td class=\"hoverable fw-bold\" style=\"font-weight:bold; border-top-left-radius: 1.5rem;\">Curso<\/td>\n      <td class=\"hoverable\" style=\"font-weight:bold; border-top-right-radius: 1.5rem;\">Coordinador o coordinadora de Curso<\/td>\n    <\/tr>\n    <tr style=\"background-color:#fff;\">\n      <td class=\"hoverable fw-bold\" style=\"font-weight:bold;\">Primero<\/td>\n      <td class=\"hoverable\">Carlos Ruiz Carreira <a href=\"mailto:cruizcar@ull.es\" target=\"_blank\" rel=\"noopener\">(cruizcar@ull.es)<\/a><\/td>\n    <\/tr>\n    <tr style=\"background-color:#f8f9fa;\">\n      <td class=\"hoverable fw-bold\" style=\"font-weight:bold;\">Segundo<\/td>\n     <td class=\"hoverable\">Marcos B\u00e1ez Fumero <a href=\"mailto:marbaez@ull.es\" target=\"_blank\" rel=\"noopener\">(marbaez@ull.es)<\/a><\/td>\n    <\/tr>\n    <tr style=\"background-color:#fff;\">\n      <td class=\"hoverable fw-bold\" width=\"30%\" style=\"font-weight:bold;\">Tercero<\/td>\n      <td class=\"hoverable\">Juan Cristo Luis Jorge <a href=\"mailto:jcluis@ull.es\" target=\"_blank\" rel=\"noopener\">(jcluis@ull.es)<\/a><\/td>\n    <\/tr>\n    <tr style=\"background-color:#f8f9fa;\">\n      <td class=\"hoverable fw-bold\" style=\"font-weight:bold;\">Cuarto<\/td>\n      <td class=\"hoverable\">\u00c1gueda Gonz\u00e1lez Rodr\u00edguez <a href=\"mailto:aglerod@ull.es\" target=\"_blank\" rel=\"noopener\">(aglerod@ull.es)<\/a><\/td>\n    <\/tr>\n    <tr style=\"background-color:#f8f9fa;\">\n      <td class=\"hoverable fw-bold\" style=\"font-weight:bold;\">Pr\u00e1cticas Externas<\/td>\n      <td class=\"hoverable\">Ricardo Guillermo \u00c1lvarez <a href=\"mailto:riguial@ull.es\" target=\"_blank\" rel=\"noopener\">(riguial@ull.es)<\/a><\/td>\n    <\/tr>\n    <tr style=\"background-color:#f8f9fa;\">\n      <td class=\"hoverable fw-bold\" style=\"border-bottom-left-radius: 1.5rem; font-weight:bold;\">Trabajo de Fin de Grado<\/td>\n      <td class=\"hoverable\" style=\"border-bottom-right-radius: 1.5rem;\">Celedonio Gonz\u00e1lez D\u00edaz <a href=\"mailto:cglez@ull.es\" target=\"_blank\" rel=\"noopener\">(cglez@ull.es)<\/a><\/td>\n    <\/tr>\n  <\/tbody>\n<\/table>\n\n\n\n<ul class=\"wp-block-list\">\n<li><strong>Coordinador o coordinadora de Grado<\/strong>: El coordinador o coordinadora de Grado favorecer\u00e1 la comunicaci\u00f3n y coordinaci\u00f3n, entre los diferentes cursos.<\/li>\n<\/ul>\n\n\n\n<p>El profesorado y el Coordinador o Coordinadora de cada Curso se reunir\u00e1n con la antelaci\u00f3n suficiente, antes del inicio del curso, para la planificaci\u00f3n docente de cada semestre e intercambiar\u00e1n informaci\u00f3n regularmente para conocer c\u00f3mo se desarrollan las actividades programadas en cada asignatura.<\/p>\n\n\n\n<p>Los Coordinadores y Coordinadoras de Curso, el Coordinador o Coordinadora de Calidad y el Vicedecano o Vicedecana se reunir\u00e1n al inicio del curso para definir los objetivos, y al final del curso para la evaluaci\u00f3n de la coordinaci\u00f3n docente y el rendimiento acad\u00e9mico. Cuando existan varios grupos dentro de una misma asignatura y \u00e9stos no tengan el mismo profesor, el profesorado implicado en una asignatura velar\u00e1 conjuntamente para que el desarrollo de las actividades siga el mismo ritmo en todos los grupos.<\/p>\n\n\n\n<p>Adem\u00e1s de estas labores de coordinaci\u00f3n, el Coordinador o Coordinadora de la asignatura \u00abTrabajo de Fin de Grado\u00bb se encargar\u00e1 de las tareas de organizaci\u00f3n relacionadas con dicha asignatura, para su oferta p\u00fablica antes del inicio del per\u00edodo de matr\u00edcula.<\/p>\n\n\n\n<p>Las funciones de los coordinadores y coordinadoras han sido recogidas en la siguiente Normativa aprobada en Comisi\u00f3n de Calidad del 23 de septiembre de 2013:<\/p>\n\n\n\n<ul class=\"wp-block-list\">\n<li><a href=\"https:\/\/drive.google.com\/open?id=1mE85Cn5gPoQQneh38Gf-JXbADhQNGr_U\" target=\"_blank\" rel=\"noreferrer noopener\" target=\"_blank\" rel=\"noopener\">Reglamento de Coordinaci\u00f3n Docente de la Ense\u00f1anzas de Grado y M\u00e1ster<\/a><\/li>\n<\/ul>\n<\/div><\/div><\/div>\n<\/div><\/div>\n","protected":false},"excerpt":{"rendered":"<p>Coordinaci\u00f3n docente La coordinaci\u00f3n docente se realizar\u00e1 a tres niveles, a saber entre el profesorado de las asignaturas asignadas a m\u00e1s de un \u00e1rea, el segundo entre el profesorado de las asignaturas de cada curso (coordinaci\u00f3n de curso), y el tercero entre los coordinadores y coordinadoras de curso, coordinador o coordinadora de calidad y vicedecanos&#8230;<\/p>","protected":false},"author":1,"featured_media":0,"parent":252,"menu_order":6,"comment_status":"closed","ping_status":"closed","template":"templates\/template-frontpage.php","meta":{"footnotes":""},"class_list":["post-42","page","type-page","status-publish","hentry"],"_links":{"self":[{"href":"https:\/\/www.ull.es\/grados\/biologia\/en\/wp-json\/wp\/v2\/pages\/42","targetHints":{"allow":["GET"]}}],"collection":[{"href":"https:\/\/www.ull.es\/grados\/biologia\/en\/wp-json\/wp\/v2\/pages"}],"about":[{"href":"https:\/\/www.ull.es\/grados\/biologia\/en\/wp-json\/wp\/v2\/types\/page"}],"author":[{"embeddable":true,"href":"https:\/\/www.ull.es\/grados\/biologia\/en\/wp-json\/wp\/v2\/users\/1"}],"replies":[{"embeddable":true,"href":"https:\/\/www.ull.es\/grados\/biologia\/en\/wp-json\/wp\/v2\/comments?post=42"}],"version-history":[{"count":53,"href":"https:\/\/www.ull.es\/grados\/biologia\/en\/wp-json\/wp\/v2\/pages\/42\/revisions"}],"predecessor-version":[{"id":1550,"href":"https:\/\/www.ull.es\/grados\/biologia\/en\/wp-json\/wp\/v2\/pages\/42\/revisions\/1550"}],"up":[{"embeddable":true,"href":"https:\/\/www.ull.es\/grados\/biologia\/en\/wp-json\/wp\/v2\/pages\/252"}],"wp:attachment":[{"href":"https:\/\/www.ull.es\/grados\/biologia\/en\/wp-json\/wp\/v2\/media?parent=42"}],"curies":[{"name":"wp","href":"https:\/\/api.w.org\/{rel}","templated":true}]}}