{"id":34,"date":"2017-06-28T12:52:52","date_gmt":"2017-06-28T12:52:52","guid":{"rendered":"http:\/\/www.ull.es\/masteres\/desarrollo-y-gestion-de-recursos-humanos\/?page_id=24"},"modified":"2025-11-11T08:23:38","modified_gmt":"2025-11-11T08:23:38","slug":"estructura-del-plan-de-estudios","status":"publish","type":"page","link":"https:\/\/www.ull.es\/grados\/biologia\/fr\/plan-de-estudios\/estructura-del-plan-de-estudios\/","title":{"rendered":"Structure du plan d&#039;\u00e9tudes"},"content":{"rendered":"\n<div class=\"wp-block-stackable-columns alignfull stk-block-columns stk-block stk-8657999\" data-block-id=\"8657999\"><style>.stk-8657999 {padding-bottom:0px !important;margin-top:-30px !important;margin-bottom:0px !important;}@media screen and (max-width: 767px){.stk-8657999 {margin-top:-10% !important;}}<\/style><div class=\"stk-row stk-inner-blocks stk-block-content stk-content-align stk-8657999-column alignfull\">\n<div class=\"wp-block-stackable-column stk-block-column stk-column stk-block stk-914f03e\" data-v=\"4\" data-block-id=\"914f03e\"><div class=\"stk-column-wrapper stk-block-column__content stk-container stk-914f03e-container stk--no-background stk--no-padding\"><div class=\"stk-block-content stk-inner-blocks stk-914f03e-inner-blocks\"><style id=\"depicter-1-inline-pre-css\">\n\n.depicter-1:not(.depicter-ready){\n\theight:500px;\n}\n\n\/***** Tablet *****\/\n@media screen and (max-width: 1024px){\n\n.depicter-1:not(.depicter-ready){\n\theight:700px;\n}\n\n}\n\/***** Mobile *****\/\n@media screen and (max-width: 767px){\n\n.depicter-1:not(.depicter-ready){\n\theight:360px;\n}\n\n}\n<\/style>\n<div id=\"depicter-1\" class=\"depicter depicter-document depicter-revert depicter-1 depicter-layout-fullwidth\">\n\n<div class=\"depicter-loading-container depicter-loading dotFlashing-dark\"><div class=\"depicter-loading-dark depicter-dot-flashing\">\n   <span><\/span>\n   <span><\/span>\n   <span><\/span>\n<\/div>\n<\/div>\n<div id=\"depicter-1-section-1\" class=\"depicter-section depicter-1-section-1\" data-name=\"Section 1\" data-type=\"section\" data-local-id=\"section-1\">\n<picture class=\"depicter-bg\">\n<source data-depicter-srcset=\"https:\/\/www.ull.es\/grados\/biologia\/wp-content\/uploads\/sites\/43\/2025\/03\/Banner_Biologia-768x217.jpg, https:\/\/www.ull.es\/grados\/biologia\/wp-content\/uploads\/sites\/43\/2025\/03\/Banner_Biologia.jpg 2x\" srcset=\"data:image\/gif;base64,R0lGODlhAQABAIAAAAAAAP\/\/\/yH5BAEAAAAALAAAAAABAAEAAAIBRAA7\" media=\"(max-width: 1024px)\" \/>\n\n<source data-depicter-srcset=\"https:\/\/www.ull.es\/grados\/biologia\/wp-content\/uploads\/sites\/43\/2025\/03\/Banner_Biologia.jpg, https:\/\/www.ull.es\/grados\/biologia\/wp-content\/uploads\/sites\/43\/2025\/03\/Banner_Biologia-1600x453.jpg 2x\" srcset=\"data:image\/gif;base64,R0lGODlhAQABAIAAAAAAAP\/\/\/yH5BAEAAAAALAAAAAABAAEAAAIBRAA7\" media=\"(min-width: 1025px)\" \/>\n<img decoding=\"async\" src=\"data:image\/gif;base64,R0lGODlhAQABAIAAAAAAAP\/\/\/yH5BAEAAAAALAAAAAABAAEAAAIBRAA7\" data-ken-burns=\"false\" data-tablet-ken-burns=\"false\" data-mobile-ken-burns=\"false\" alt=\"\" data-depicter-src=\"https:\/\/www.ull.es\/grados\/biologia\/wp-content\/uploads\/sites\/43\/2025\/03\/Banner_Biologia.jpg\" data-object-fit=\"custom,custom,\" data-object-position=\"center top,,\" data-crop=\"{'focalPoint':{'x':0.5,'y':0.560000000000000053290705182007513940334320068359375},'mediaSize':{'width':1792,'height':507}}\" data-tablet-crop=\"{'focalPoint':{'x':0.5,'y':0.5},'mediaSize':{'width':2472.40618101545260287821292877197265625,'height':700}}\" data-mobile-crop=\"{'focalPoint':{'x':0.5,'y':0.5},'mediaSize':{'width':1271.523178807947033419623039662837982177734375,'height':360}}\" \/>\n<\/picture>\n\n\n<h1 id=\"depicter-1-element-5\" class=\"depicter-element depicter-layer depicter-1-element-5\" data-type=\"text\" data-wrap=\"true\" data-name=\"Text 2\" data-local-id=\"element-5\" data-offset=\"x:217px;y:207px;origin:tl\" data-tablet-offset=\"x:299px;y:321px;origin:tl\" data-mobile-offset=\"x:6px;y:-144px;origin:tl\" data-width=\"767px,589px,309px\" data-height=\"auto,auto,auto\" data-responsive-scale=\"true,,\">Grado en Biolog\u00eda<\/h1>\n\n<div id=\"depicter-1-element-10\" class=\"depicter-element depicter-layer depicter-1-element-10\" data-type=\"shape\" data-wrap=\"true\" data-name=\"Shape 1\" data-local-id=\"element-10\" data-offset=\"x:226px;y:315px;origin:tl\" data-tablet-offset=\"x:299px;y:391px;origin:tl\" data-mobile-offset=\"x:6px;y:-35px;origin:tl\" data-width=\"748px,425px,309px\" data-height=\"8px,8px,8px\" data-responsive-scale=\"true,,\"><\/div>\n<\/div>\n<\/div>\n<script>\n(window.depicterSetups = window.depicterSetups || []).push(function(){\n\tDepicter.basePath = 'https:\/\/www.ull.es\/grados\/biologia\/wp-content\/plugins\/depicter\/resources\/scripts\/player\/';\n\tconst dpPlayer = Depicter.setup('.depicter-1',\n\t\t{\"width\":[\"1200\",\"1024\",\"360\"],\"height\":[\"500\",\"700\",\"360\"],\"view\":\"basic\",\"keepAspectRatio\":true,\"preload\":0,\"layout\":\"fullwidth\",\"rtl\":false,\"initAfterAppear\":false,\"ajaxApiUrl\":\"https:\\\/\\\/www.ull.es\\\/grados\\\/biologia\\\/wp-admin\\\/admin-ajax.php\",\"mouseSwipe\":true,\"touchSwipe\":true,\"useWatermark\":false}\n\t);\n});\n<\/script><\/div><\/div><\/div>\n<\/div><\/div>\n\n\n\n<div class=\"wp-block-stackable-columns alignfull stk-block-columns stk--hide-mobile stk-block stk-ceecbdc stk-block-background\" data-block-id=\"ceecbdc\"><style>.stk-ceecbdc {background-color:#360060 !important;padding-top:35px !important;padding-right:0px !important;padding-bottom:2px !important;padding-left:0px !important;margin-top:-20px !important;margin-bottom:70px !important;}.stk-ceecbdc:before{background-color:#360060 !important;}<\/style><div class=\"stk-row stk-inner-blocks stk-block-content stk-content-align stk-ceecbdc-column alignfull\">\n<div class=\"wp-block-stackable-column stk-block-column stk-column stk-block stk-fc60a5d\" data-v=\"4\" data-block-id=\"fc60a5d\"><div class=\"stk-column-wrapper stk-block-column__content stk-container stk-fc60a5d-container stk--no-background stk--no-padding\"><div class=\"stk-block-content stk-inner-blocks stk-fc60a5d-inner-blocks\">\n<div class=\"wp-block-stackable-spacer stk-block-spacer stk--no-padding stk-block stk-a3a8a68\" data-block-id=\"a3a8a68\"><style>.stk-a3a8a68 {height:0px !important;}<\/style><\/div>\n<\/div><\/div><\/div>\n<\/div><\/div>\n\n\n\n<div class=\"wp-block-stackable-columns stk-block-columns stk-block stk-8b59b96\" data-block-id=\"8b59b96\"><style>.stk-8b59b96 .stk--block-align-8b59b96{align-items:flex-start !important;}.stk-8b59b96 {margin-top:25px !important;}.stk-8b59b96-column{--stk-columns-spacing:0px !important;--stk-column-gap:50px !important;}@media screen and (max-width: 767px){.stk-8b59b96-column{row-gap:var(--stk--preset--spacing--60, 2.25rem) !important;}}<\/style><div class=\"stk-row stk-inner-blocks stk--block-align-8b59b96 stk-block-content stk-content-align stk-8b59b96-column\">\n<div class=\"wp-block-stackable-column stk-block-column stk-column stk-block stk-dbb7e15\" data-v=\"4\" data-block-id=\"dbb7e15\"><div class=\"stk-column-wrapper stk-block-column__content stk-container stk-dbb7e15-container stk--no-background stk--no-padding\"><div class=\"stk-block-content stk-inner-blocks stk-dbb7e15-inner-blocks\">\n<div class=\"wp-block-stackable-heading stk-block-heading stk-block-heading--v2 stk-block stk-689c258\" id=\"estructura-del-plan-de-estudios\" data-block-id=\"689c258\"><style>.stk-689c258 .stk-block-heading__text{color:#5c068c !important;}<\/style><h1 class=\"stk-block-heading__text has-text-color\">Estructura del Plan de estudios<\/h1><\/div>\n\n\n\n<h3 class=\"wp-block-heading\"><strong><span style=\"color: #360060;\" class=\"stk-highlight\">Distribuci\u00f3n del plan de estudios en cr\u00e9ditos ECTS por tipo de materia<\/span><\/strong><\/h3>\n\n\n\n<p>De acuerdo con el Art. 12.2 del Real Decreto 1393\/20075534, el plan de estudios del Grado en Biolog\u00eda por la Universidad de La Laguna tiene un total de 240 cr\u00e9ditos distribuidos en 4 cursos de 60 cr\u00e9ditos ECTS, divididos en 2 semestres, que incluyen toda la formaci\u00f3n te\u00f3rica y pr\u00e1ctica que el estudiante debe adquirir.<\/p>\n\n\n\n<div class=\"wp-block-stackable-spacer stk-block-spacer stk--no-padding stk-block stk-7352001\" data-block-id=\"7352001\"><\/div>\n\n\n\n<style>\ntable td, table th {\n  transition: transform 0.2s, box-shadow 0.2s;\n}\ntable td:hover, table th:hover {\n  transform: scale(1.02);\n  box-shadow: 0 0.75rem 1.5rem rgba(0,0,0,0.15);\n}\n<\/style>\n<table class=\"table table-bordered table-striped align-middle text-center shadow\" style=\"border-collapse: separate; border-spacing: 0; box-shadow: 0 0.5rem 1rem rgba(0,0,0,0.15); border-radius:2rem;\">\n  <thead style=\"background-color: #360060; color: #fff;\">\n    <tr>\n      <th scope=\"col\"  style=\"text-align:center; border-top-left-radius: 1.5rem;\">Tipo de materias<\/th>\n      <th scope=\"col\"  style=\"text-align:center;\">Cr\u00e9ditos ECTS<\/th>\n      <th scope=\"col\"  style=\"text-align:center; border-top-right-radius: 1.5rem;\">OFERTA TOTAL<\/th>\n    <\/tr>\n  <\/thead>\n  <tbody>\n    <tr>\n      <td style=\"font-weight: bold;\">Formaci\u00f3n b\u00e1sica<\/td>\n      <td>60<\/td>\n      <td>60<\/td>\n    <\/tr>\n    <tr class=\"table-light\">\n      <td style=\"font-weight: bold;\">Obligatorias<\/td>\n      <td>120<\/td>\n      <td>120<\/td>\n    <\/tr>\n    <tr>\n      <td style=\"font-weight: bold;\">Optativas<\/td>\n      <td>30<\/td>\n      <td>60<\/td>\n    <\/tr>\n    <tr class=\"table-light\">\n      <td style=\"font-weight: bold;\">Pr\u00e1cticas externas<\/td>\n      <td>12<\/td>\n      <td>12<\/td>\n    <\/tr>\n    <tr>\n      <td style=\"font-weight: bold;\">Trabajo Fin de Grado<\/td>\n      <td>18<\/td>\n      <td>18<\/td>\n    <\/tr>\n    <tr>\n      <td style=\"font-weight: bold;\">Total de cr\u00e9ditos<\/td>\n      <td>240<\/td>\n      <td>270<\/td>\n    <\/tr>\n    <tr class=\"fw-bold text-white\">\n      <td style=\"border-bottom-left-radius: 1.5rem; font-weight:bold;\">Reconocimientos de cr\u00e9ditos optativos<\/td>\n      <td>6<\/td>\n      <td style=\"border-bottom-right-radius: 1.5rem;\">&#8211;<\/td>\n    <\/tr>\n  <\/tbody>\n<\/table>\n\n\n\n<p>Actividades reconocidas en el Art. 12.8 del R.D. 1393\/200757 y en el apartado 10 de las Directrices Generales para el Dise\u00f1o de T\u00edtulos de Grado de la ULL58<\/p>\n\n\n\n<h3 class=\"wp-block-heading\"><span style=\"color: #360060;\" class=\"stk-highlight\"><strong>Explicaci\u00f3n general de la planificaci\u00f3n del plan de estudios<\/strong><\/span><\/h3>\n\n\n\n<p><strong>Materias de Formaci\u00f3n B\u00e1sica<\/strong>. Los 60 cr\u00e9ditos de formaci\u00f3n b\u00e1sica que contiene el plan de estudios se cursan durante el primer curso del Grado y quedan estructurados en 10 asignaturas de 6 ECTS cada una. Cinco de ellas son de la Rama de Ciencias (Matem\u00e1ticas, F\u00edsica, Qu\u00edmica, Geolog\u00eda, y Biolog\u00eda, con un total de 48 ECTS), una materia b\u00e1sica de la rama de Ciencias de la Salud (6 ECTS: Estad\u00edstica) y una materia b\u00e1sica de la rama de Ingenier\u00eda y Arquitectura (6 ECTS, Iniciaci\u00f3n a la Computaci\u00f3n Cient\u00edfica y An\u00e1lisis de Datos), materias que agregan competencias adicionales e imprescindibles para nuestros egresados.<\/p>\n\n\n\n<p>En los 60 ECTS de formaci\u00f3n b\u00e1sica se incluyen tambi\u00e9n aquellas \u201cMaterias Instrumentales aplicadas a la Biolog\u00eda\u201d que quedaron recogidas en el Libro Blanco de la Titulaci\u00f3n.<\/p>\n\n\n\n<p><strong>Materias obligatorias<\/strong>. Los bloques tem\u00e1ticos fundamentales recogidos en el Libro Blanco como contenidos formativos comunes (Origen y Evoluci\u00f3n de los seres vivos, Biodiversidad y Filogenia, Bases Moleculares de los seres vivos, Estructura, Organizaci\u00f3n y Desarrollo de los seres vivos, Aspectos Funcionales de los seres vivos, Organizaci\u00f3n de Poblaciones y Ecosistemas) quedan integrados en las materias, que actualmente constituyen la troncalidad fundamental del T\u00edtulo de Licenciado en Biolog\u00eda: Biolog\u00eda Celular, Bioqu\u00edmica, Bot\u00e1nica, Ecolog\u00eda, Fisiolog\u00eda Animal, Fisiolog\u00eda Vegetal, Gen\u00e9tica, Microbiolog\u00eda y Zoolog\u00eda.. Cada una de estas materias integra a dos asignaturas obligatorias relacionadas con dicha materia, cada una de 6 ECTS y de car\u00e1cter semestral.<\/p>\n\n\n\n<p>Estas materias establecidas con dos asignaturas obligatorias de seis cr\u00e9ditos responden a un dise\u00f1o de car\u00e1cter disciplinar. En consonancia con este modelo, para cada una de estas materias obligatorias (excepto Biolog\u00eda Celular que se haya complementada con una asignatura de formaci\u00f3n b\u00e1sica) se ofrece la posibilidad al alumnado de ampliar la formaci\u00f3n en estas disciplinas mediante una asignatura optativa de seis cr\u00e9ditos. As\u00ed, las materias de car\u00e1cter disciplinar alcanzan los 18 ECTS, de los cuales 6 ECTS son optativos. En el caso de Biolog\u00eda Celular los 18 ECTS son obligatorios.<\/p>\n\n\n\n<p>Adem\u00e1s de estas materias obligatorias, derivadas de los acuerdos de la CEDB, el plan de estudios contempla como asignaturas obligatorias: Edafolog\u00eda y Proyectos en Biolog\u00eda, ambas semestrales y de 6 ECTS.<br>Por \u00faltimo, hay que se\u00f1alar que los cr\u00e9ditos asignados a las pr\u00e1cticas externas (12 ECTS) y el trabajo de fin de grado (18 ECTS) son de obligado cumplimiento para todo el alumnado que realice los estudios del Grado de Biolog\u00eda de la ULL, por lo que el alumnado cursar\u00e1 un total de 150 ECTS obligatorios.<\/p>\n\n\n\n<p><strong>Materias optativas<\/strong>. El t\u00edtulo de Grado oferta un total de 60 cr\u00e9ditos ECTS optativos, distribuidos en 10 asignaturas de 6 ECTS, de los cuales el alumno o alumna tiene que cursar s\u00f3lo 30 cr\u00e9ditos ECTS. Est\u00e1s materias optativas se ofertan en el primer cuatrimestre del cuarto curso.<\/p>\n\n\n\n<p>Todas las asignaturas ofertadas son semestrales y de 6 ECTS, excepto las Pr\u00e1cticas Externas y el Trabajo Fin de Grado que, aun siendo semestrales, tienen 12 y 18 cr\u00e9ditos ECTS, respectivamente.<br>En el cuarto curso, adem\u00e1s de los 30 cr\u00e9ditos obligatorios correspondientes a las Pr\u00e1cticas Externas y el trabajo de Fin de Grado, el alumnado deber\u00e1 cursar 30 cr\u00e9ditos optativos, correspondientes a 5 asignaturas, elegidas entre las 10 ofertadas.<\/p>\n<\/div><\/div><\/div>\n<\/div><\/div>\n","protected":false},"excerpt":{"rendered":"<p>Structure du programme\u00a0: R\u00e9partition des cr\u00e9dits ECTS par mati\u00e8re Conform\u00e9ment \u00e0 l\u2019article 12.2 du d\u00e9cret royal 1393\/20075534, le programme de licence en biologie de l\u2019Universit\u00e9 de La Laguna comprend un total de 240 cr\u00e9dits r\u00e9partis sur 4 ans, \u00e0 raison de 60 cr\u00e9dits ECTS par ann\u00e9e\u2026<\/p>","protected":false},"author":1,"featured_media":0,"parent":270,"menu_order":0,"comment_status":"closed","ping_status":"closed","template":"templates\/template-frontpage.php","meta":{"footnotes":""},"class_list":["post-34","page","type-page","status-publish","hentry"],"_links":{"self":[{"href":"https:\/\/www.ull.es\/grados\/biologia\/fr\/wp-json\/wp\/v2\/pages\/34","targetHints":{"allow":["GET"]}}],"collection":[{"href":"https:\/\/www.ull.es\/grados\/biologia\/fr\/wp-json\/wp\/v2\/pages"}],"about":[{"href":"https:\/\/www.ull.es\/grados\/biologia\/fr\/wp-json\/wp\/v2\/types\/page"}],"author":[{"embeddable":true,"href":"https:\/\/www.ull.es\/grados\/biologia\/fr\/wp-json\/wp\/v2\/users\/1"}],"replies":[{"embeddable":true,"href":"https:\/\/www.ull.es\/grados\/biologia\/fr\/wp-json\/wp\/v2\/comments?post=34"}],"version-history":[{"count":44,"href":"https:\/\/www.ull.es\/grados\/biologia\/fr\/wp-json\/wp\/v2\/pages\/34\/revisions"}],"predecessor-version":[{"id":1571,"href":"https:\/\/www.ull.es\/grados\/biologia\/fr\/wp-json\/wp\/v2\/pages\/34\/revisions\/1571"}],"up":[{"embeddable":true,"href":"https:\/\/www.ull.es\/grados\/biologia\/fr\/wp-json\/wp\/v2\/pages\/270"}],"wp:attachment":[{"href":"https:\/\/www.ull.es\/grados\/biologia\/fr\/wp-json\/wp\/v2\/media?parent=34"}],"curies":[{"name":"wp","href":"https:\/\/api.w.org\/{rel}","templated":true}]}}