{"id":35,"date":"2017-06-28T12:58:08","date_gmt":"2017-06-28T12:58:08","guid":{"rendered":"http:\/\/www.ull.es\/masteres\/desarrollo-y-gestion-de-recursos-humanos\/?page_id=26"},"modified":"2025-12-15T07:38:00","modified_gmt":"2025-12-15T07:38:00","slug":"descripcion-del-titulo","status":"publish","type":"page","link":"https:\/\/www.ull.es\/grados\/biologia\/fr\/informacion-academica\/descripcion-del-titulo\/","title":{"rendered":"Description du titre"},"content":{"rendered":"\n<div class=\"wp-block-stackable-columns alignfull stk-block-columns stk-block stk-8657999\" data-block-id=\"8657999\"><style>.stk-8657999 {padding-bottom:0px !important;margin-top:-30px !important;margin-bottom:0px !important;}@media screen and (max-width: 767px){.stk-8657999 {margin-top:-10% !important;}}<\/style><div class=\"stk-row stk-inner-blocks stk-block-content stk-content-align stk-8657999-column alignfull\">\n<div class=\"wp-block-stackable-column stk-block-column stk-column stk-block stk-914f03e\" data-v=\"4\" data-block-id=\"914f03e\"><div class=\"stk-column-wrapper stk-block-column__content stk-container stk-914f03e-container stk--no-background stk--no-padding\"><div class=\"stk-block-content stk-inner-blocks stk-914f03e-inner-blocks\"><style id=\"depicter-1-inline-pre-css\">\n\n.depicter-1:not(.depicter-ready){\n\theight:500px;\n}\n\n\/***** Tablet *****\/\n@media screen and (max-width: 1024px){\n\n.depicter-1:not(.depicter-ready){\n\theight:700px;\n}\n\n}\n\/***** Mobile *****\/\n@media screen and (max-width: 767px){\n\n.depicter-1:not(.depicter-ready){\n\theight:360px;\n}\n\n}\n<\/style>\n<div id=\"depicter-1\" class=\"depicter depicter-document depicter-revert depicter-1 depicter-layout-fullwidth\">\n\n<div class=\"depicter-loading-container depicter-loading dotFlashing-dark\"><div class=\"depicter-loading-dark depicter-dot-flashing\">\n   <span><\/span>\n   <span><\/span>\n   <span><\/span>\n<\/div>\n<\/div>\n<div id=\"depicter-1-section-1\" class=\"depicter-section depicter-1-section-1\" data-name=\"Section 1\" data-type=\"section\" data-local-id=\"section-1\">\n<picture class=\"depicter-bg\">\n<source data-depicter-srcset=\"https:\/\/www.ull.es\/grados\/biologia\/wp-content\/uploads\/sites\/43\/2025\/03\/Banner_Biologia-768x217.jpg, https:\/\/www.ull.es\/grados\/biologia\/wp-content\/uploads\/sites\/43\/2025\/03\/Banner_Biologia.jpg 2x\" srcset=\"data:image\/gif;base64,R0lGODlhAQABAIAAAAAAAP\/\/\/yH5BAEAAAAALAAAAAABAAEAAAIBRAA7\" media=\"(max-width: 1024px)\" \/>\n\n<source data-depicter-srcset=\"https:\/\/www.ull.es\/grados\/biologia\/wp-content\/uploads\/sites\/43\/2025\/03\/Banner_Biologia.jpg, https:\/\/www.ull.es\/grados\/biologia\/wp-content\/uploads\/sites\/43\/2025\/03\/Banner_Biologia-1600x453.jpg 2x\" srcset=\"data:image\/gif;base64,R0lGODlhAQABAIAAAAAAAP\/\/\/yH5BAEAAAAALAAAAAABAAEAAAIBRAA7\" media=\"(min-width: 1025px)\" \/>\n<img decoding=\"async\" src=\"data:image\/gif;base64,R0lGODlhAQABAIAAAAAAAP\/\/\/yH5BAEAAAAALAAAAAABAAEAAAIBRAA7\" data-ken-burns=\"false\" data-tablet-ken-burns=\"false\" data-mobile-ken-burns=\"false\" alt=\"\" data-depicter-src=\"https:\/\/www.ull.es\/grados\/biologia\/wp-content\/uploads\/sites\/43\/2025\/03\/Banner_Biologia.jpg\" data-object-fit=\"custom,custom,\" data-object-position=\"center top,,\" data-crop=\"{'focalPoint':{'x':0.5,'y':0.560000000000000053290705182007513940334320068359375},'mediaSize':{'width':1792,'height':507}}\" data-tablet-crop=\"{'focalPoint':{'x':0.5,'y':0.5},'mediaSize':{'width':2472.40618101545260287821292877197265625,'height':700}}\" data-mobile-crop=\"{'focalPoint':{'x':0.5,'y':0.5},'mediaSize':{'width':1271.523178807947033419623039662837982177734375,'height':360}}\" \/>\n<\/picture>\n\n\n<h1 id=\"depicter-1-element-5\" class=\"depicter-element depicter-layer depicter-1-element-5\" data-type=\"text\" data-wrap=\"true\" data-name=\"Text 2\" data-local-id=\"element-5\" data-offset=\"x:217px;y:207px;origin:tl\" data-tablet-offset=\"x:299px;y:321px;origin:tl\" data-mobile-offset=\"x:6px;y:-144px;origin:tl\" data-width=\"767px,589px,309px\" data-height=\"auto,auto,auto\" data-responsive-scale=\"true,,\">Grado en Biolog\u00eda<\/h1>\n\n<div id=\"depicter-1-element-10\" class=\"depicter-element depicter-layer depicter-1-element-10\" data-type=\"shape\" data-wrap=\"true\" data-name=\"Shape 1\" data-local-id=\"element-10\" data-offset=\"x:226px;y:315px;origin:tl\" data-tablet-offset=\"x:299px;y:391px;origin:tl\" data-mobile-offset=\"x:6px;y:-35px;origin:tl\" data-width=\"748px,425px,309px\" data-height=\"8px,8px,8px\" data-responsive-scale=\"true,,\"><\/div>\n<\/div>\n<\/div>\n<script>\n(window.depicterSetups = window.depicterSetups || []).push(function(){\n\tDepicter.basePath = 'https:\/\/www.ull.es\/grados\/biologia\/wp-content\/plugins\/depicter\/resources\/scripts\/player\/';\n\tconst dpPlayer = Depicter.setup('.depicter-1',\n\t\t{\"width\":[\"1200\",\"1024\",\"360\"],\"height\":[\"500\",\"700\",\"360\"],\"view\":\"basic\",\"keepAspectRatio\":true,\"preload\":0,\"layout\":\"fullwidth\",\"rtl\":false,\"initAfterAppear\":false,\"ajaxApiUrl\":\"https:\\\/\\\/www.ull.es\\\/grados\\\/biologia\\\/wp-admin\\\/admin-ajax.php\",\"mouseSwipe\":true,\"touchSwipe\":true,\"useWatermark\":false}\n\t);\n});\n<\/script><\/div><\/div><\/div>\n<\/div><\/div>\n\n\n\n<div class=\"wp-block-stackable-columns alignfull stk-block-columns stk--hide-mobile stk-block stk-ceecbdc stk-block-background\" data-block-id=\"ceecbdc\"><style>.stk-ceecbdc {background-color:#360060 !important;padding-top:35px !important;padding-right:0px !important;padding-bottom:2px !important;padding-left:0px !important;margin-top:-20px !important;margin-bottom:70px !important;}.stk-ceecbdc:before{background-color:#360060 !important;}<\/style><div class=\"stk-row stk-inner-blocks stk-block-content stk-content-align stk-ceecbdc-column alignfull\">\n<div class=\"wp-block-stackable-column stk-block-column stk-column stk-block stk-fc60a5d\" data-v=\"4\" data-block-id=\"fc60a5d\"><div class=\"stk-column-wrapper stk-block-column__content stk-container stk-fc60a5d-container stk--no-background stk--no-padding\"><div class=\"stk-block-content stk-inner-blocks stk-fc60a5d-inner-blocks\">\n<div class=\"wp-block-stackable-spacer stk-block-spacer stk--no-padding stk-block stk-a3a8a68\" data-block-id=\"a3a8a68\"><style>.stk-a3a8a68 {height:0px !important;}<\/style><\/div>\n<\/div><\/div><\/div>\n<\/div><\/div>\n\n\n\n<div class=\"wp-block-stackable-columns alignwide stk-block-columns stk-block stk-3627255\" data-block-id=\"3627255\"><style>.stk-3627255 {padding-right:16% !important;padding-left:16% !important;margin-bottom:18px !important;}<\/style><div class=\"stk-row stk-inner-blocks stk-block-content stk-content-align stk-3627255-column alignwide\">\n<div class=\"wp-block-stackable-column stk-block-column stk-column stk-block stk-81e665a\" data-v=\"4\" data-block-id=\"81e665a\"><div class=\"stk-column-wrapper stk-block-column__content stk-container stk-81e665a-container stk--no-background stk--no-padding\"><div class=\"stk-block-content stk-inner-blocks stk-81e665a-inner-blocks\">\n<div class=\"wp-block-stackable-heading stk-block-heading stk-block-heading--v2 stk-block stk-97878e6\" id=\"descripcion-del-titulo\" data-block-id=\"97878e6\"><style>.stk-97878e6 .stk-block-heading__text{color:#5c068c !important;}<\/style><h1 class=\"stk-block-heading__text has-text-color\">Descripci\u00f3n del t\u00edtulo<\/h1><\/div>\n\n\n\n<style>\n.hoverable {\n  transition: transform 0.3s, box-shadow 0.3s;\n  cursor: pointer;\n}\n.hoverable:hover {\n  transform: scale(1.02);\n  box-shadow: 0 0.5rem 1rem rgba(0,0,0,0.25);\n  \/* Mantiene el color de fondo original *\/\n}\n<\/style>\n\n<!-- Tabla general con estilo similar -->\n<table class=\"table table-bordered table-striped align-middle text-center shadow-sm rounded overflow-hidden table-hover-effect\" style=\"border-collapse: separate; border-spacing: 0; box-shadow: 0 0.5rem 1rem rgba(0,0,0,0.15); border-radius:2rem; width:100%;\">\n  <tbody>\n    <tr style=\"background-color:#360060; color:#fff;\">\n      <td class=\"hoverable fw-bold\" style=\"width:30%; border-top-left-radius: 1.5rem; font-weight:bold;\">Nombre del t\u00edtulo:<\/td>\n      <td class=\"hoverable\" style=\"border-top-right-radius: 1.5rem; font-weight:bold;\">\tGraduado o Graduada en Biolog\u00eda por la Universidad de La Laguna<\/td>\n    <\/tr>\n    <tr style=\"background-color:#f8f9fa;\">\n      <td class=\"hoverable fw-bold\" style=\"font-weight:bold;\">Universidad y centros responsables:<\/td>\n      <td class=\"hoverable\">Universidad de La Laguna. <a href=\"https:\/\/www.ull.es\/centros\/facultad-ciencias\" target=\"_blank\" rel=\"noopener\">Facultad de Ciencias. <\/a> Secci\u00f3n de Bilog\u00eda<\/td>\n    <\/tr>\n    <tr style=\"background-color:#fff;\">\n      <td class=\"hoverable fw-bold\" style=\"font-weight:bold;\">Modalidad de ense\u00f1anza:<\/td>\n      <td class=\"hoverable\">Presencial<\/td>\n    <\/tr>\n    <tr style=\"background-color:#f8f9fa;\">\n      <td class=\"hoverable fw-bold\" style=\"font-weight:bold;\">Lugar de impartici\u00f3n<\/td>\n     <td class=\"hoverable\"><a href=\"https:\/\/www.ull.es\/centros\/facultad-humanidades\/\" target=\"_blank\" rel=\"noopener\">Facultad de Ciencias<\/a><\/td>\n    <\/tr>\n    <tr style=\"background-color:#fff;\">\n      <td class=\"hoverable fw-bold\" width=\"30%\" style=\"font-weight:bold;\">Plazas ofertadas:<\/td>\n      <td class=\"hoverable\" width=\"70%\">100 plazas de nuevo ingreso<\/td>\n    <\/tr>\n    <tr style=\"background-color:#f8f9fa;\">\n      <td class=\"hoverable fw-bold\" style=\"font-weight:bold;\">N\u00famero de cr\u00e9ditos:<\/td>\n      <td class=\"hoverable\">240 ECTS N\u00famero M\u00ednimo de Cr\u00e9ditos ECTS por Estudiante y <b>Periodo Lectivo:<\/b> 30 ECTS por curso para alumnos de nuevo ingreso en la modalidad de tiempo parcial (15% de plazas destinadas a esta modalidad).<\/td>\n    <\/tr>\n    <tr style=\"background-color:#f8f9fa;\">\n      <td class=\"hoverable fw-bold\" style=\"font-weight:bold;\">Precio del primer curso<\/td>\n      <td class=\"hoverable\"><a href=\"https:\/\/drive.google.com\/file\/d\/1RJF-XXHOh4JxxZCb0C1K7i4e8hNBzh96\/view\" target=\"_blank\" rel=\"noopener\">Enlace<\/a><\/td>\n    <\/tr>\n    <tr style=\"background-color:#fff;\">\n      <td class=\"hoverable fw-bold\" style=\"font-weight:bold;\">Duraci\u00f3n del t\u00edtulo<\/td>\n      <td class=\"hoverable\">4 a\u00f1os<\/td>\n    <\/tr>\n    <tr style=\"background-color:#fff;\">\n      <td class=\"hoverable fw-bold\" style=\"font-weight:bold;\">Idiomas en los que se imparte:<\/td>\n      <td class=\"hoverable\">Espa\u00f1ol<\/td>\n    <\/tr>\n    <tr style=\"background-color:#f8f9fa;\">\n      <td class=\"hoverable fw-bold\" style=\"border-bottom-left-radius: 1.5rem; font-weight:bold;\">Justificaci\u00f3n del t\u00edtulo<\/td>\n      <td class=\"hoverable\" style=\"border-bottom-right-radius: 1.5rem;\"><a href=\"https:\/\/drive.google.com\/open?id=1Z1oijHQc3Fil42yKx_UctvZUkTzy3qh7\" target=\"_blank\" rel=\"noopener\">Acceso a la justificaci\u00f3n<\/a><\/td>\n    <\/tr>\n  <\/tbody>\n<\/table>\n\n\n\n<h3 class=\"wp-block-heading\">Denominaci\u00f3n<\/h3>\n\n\n\n<p>Graduado\/Graduada en Biolog\u00eda por la Universidad de La Laguna.<\/p>\n\n\n\n<h3 class=\"wp-block-heading\"><strong>Centro responsable de la ense\u00f1anza conducente al t\u00edtulo<\/strong><\/h3>\n\n\n\n<p>Secci\u00f3n&nbsp;de Biolog\u00eda.<br>Universidad de La Laguna (ULL).<\/p>\n\n\n\n<h3 class=\"wp-block-heading\"><strong>Tipo de ense\u00f1anza<\/strong><\/h3>\n\n\n\n<p>Presencial<\/p>\n\n\n\n<h3 class=\"wp-block-heading\"><strong>N\u00famero de plazas de nuevo ingreso ofertadas<\/strong><\/h3>\n\n\n\n<p>Cuando se dise\u00f1\u00f3 el T\u00edtulo de Graduado\/a en Biolog\u00eda se estim\u00f3 conveniente ofertar 80 plazas. Esta previsi\u00f3n se bas\u00f3 en el n\u00famero de nuevo alumnado de la Licenciatura en Biolog\u00eda en esta Facultad en los a\u00f1os previos, as\u00ed como en la capacidad de las aulas y de los laboratorios del Centro, y en la metodolog\u00eda de la ense\u00f1anza a impartir en el Grado, que indicaban que con 80 alumnos y alumnas, la oferta era suficiente para cubrir la potencial demanda.<\/p>\n\n\n\n<p>Sin embargo, el Consejo de Gobierno de la Universidad de La Laguna en la sesi\u00f3n del 14 de mayo de 2010 estableci\u00f3 que el n\u00famero de plazas ofertadas en el Grado en Biolog\u00eda ser\u00eda de 100, al considerarse que este n\u00famero se ajustar\u00eda mejor a la demanda social de esta titulaci\u00f3n.<\/p>\n\n\n\n<p>Por tanto, en la actualidad&nbsp;<strong>el n\u00famero de plazas de nuevo ingreso es de 100<\/strong>.<\/p>\n\n\n\n<p>La selecci\u00f3n del alumnado de nuevo ingreso se regir\u00e1 por la normativa general de gesti\u00f3n acad\u00e9mica de la ULL y en particular la que regula los procedimientos de selecci\u00f3n para el ingreso en los Centros Universitarios del estudiantado que re\u00fana los requisitos legales para el acceso a la universidad.<\/p>\n\n\n\n<h3 class=\"wp-block-heading\"><strong>N\u00famero de cr\u00e9ditos de matr\u00edcula por estudiante y per\u00edodo lectivo y, en su caso, normas de permanencia<\/strong><\/h3>\n\n\n\n<p>El plan de estudios consta de un total de 240 cr\u00e9ditos europeos (ECTS), distribuidos a lo largo de cuatro cursos acad\u00e9micos a raz\u00f3n de 60 cr\u00e9ditos por curso.<\/p>\n\n\n\n<p>Con car\u00e1cter general, y siguiendo la recomendaci\u00f3n de la ANECA, el n\u00famero m\u00ednimo de cr\u00e9ditos ECTS de matr\u00edcula por estudiante de nuevo ingreso que se establece en la memoria del Grado en Biolog\u00eda es:<\/p>\n\n\n\n<ul class=\"wp-block-list\">\n<li>60 para el alumnado matriculado a tiempo completo<\/li>\n\n\n\n<li>30 para el alumnado matriculado a tiempo parcial<\/li>\n<\/ul>\n\n\n\n<p>Para el alumnado que contin\u00fae sus estudios ser\u00e1 de aplicaci\u00f3n la instrucci\u00f3n reguladora de matr\u00edcula universitaria que cada a\u00f1o publica la Secretar\u00eda General de la ULL, as\u00ed como la&nbsp;<a href=\"https:\/\/riull.ull.es\/xmlui\/bitstream\/handle\/915\/15138\/Acuerdo%201.%20NPPult.pdf?sequence=3&amp;isAllowed=y\" target=\"_blank\" rel=\"noreferrer noopener\" target=\"_blank\" rel=\"noopener\">\u00abNormativa de Progreso y Permanencia en las Titulaciones Oficiales en la Universidad de La Laguna\u00bb.<\/a><\/p>\n\n\n\n<h3 class=\"wp-block-heading\"><strong>Necesidades educativas especiales<\/strong><\/h3>\n\n\n\n<p>La ULL ha implantado (desde el curso 1999\/2000) un Programa de Atenci\u00f3n a Estudiantes con Discapacidad. Dicho Programa tiene como objetivo garantizar la igualdad de condiciones del estudiantado con discapacidad con las del resto. Se persigue la integraci\u00f3n de estas personas en la Universidad en todos los aspectos que afecten a los estudios y la vida universitaria. El Plan contempla una serie de acciones de periodicidad anual entre las que se encuentran:<\/p>\n\n\n\n<ul class=\"wp-block-list\">\n<li>Informar y asesorar al alumnado afectado que vaya a acceder a la ULL.<\/li>\n\n\n\n<li>Elaborar y actualizar el censo de alumnado con discapacidad de la ULL como mecanismo para garantizarle una atenci\u00f3n personalizada.<\/li>\n\n\n\n<li>Atender los problemas de integraci\u00f3n que tenga el estudiantado, conocer sus necesidades y darles respuesta.<\/li>\n\n\n\n<li>Promover la eliminaci\u00f3n de barreras arquitect\u00f3nicas y de la comunicaci\u00f3n, realizando estudios de accesibilidad en los edificios universitarios.<\/li>\n\n\n\n<li>Mantener contacto y atenci\u00f3n directa con todo aquel estudiantado que acuda al Programa.<\/li>\n\n\n\n<li>Informar y asesorar al profesorado sobre las dificultades de su alumnado y la did\u00e1ctica espec\u00edfica para cada uno de ellos.<\/li>\n\n\n\n<li>Ofertar las ayudas t\u00e9cnicas que requiera el estudiantado con discapacidad.<\/li>\n\n\n\n<li>Informar sobre titulaciones, cursos de formaci\u00f3n, congresos, actividades deportivas y otras actividades relacionadas con el mundo de la discapacidad.<\/li>\n\n\n\n<li>Fomentar y apoyar el asociacionismo entre el estudiantado con discapacidad.<\/li>\n\n\n\n<li>Realizar campa\u00f1as de sensibilizaci\u00f3n y formaci\u00f3n sobre temas de discapacidad dirigidas a la comunidad universitaria.<\/li>\n\n\n\n<li>Colaborar y coordinarse con aquellas instituciones y organizaciones vinculadas al campo de la discapacidad.<\/li>\n<\/ul>\n\n\n\n<p>El alumnado con discapacidad puede ponerse en contacto con la oficina de Servicios Asistenciales del Vicerrectorado de Alumnado, situado en el Antiguo Edificio Central de la Universidad de La Laguna, llamando al tel\u00e9fono 922319610 o mediante la direcci\u00f3n de correo electr\u00f3nico&nbsp;<a href=\"mailto:seas@ull.es\" target=\"_blank\" rel=\"noreferrer noopener\" target=\"_blank\" rel=\"noopener\">seas@ull.es<\/a>.<\/p>\n\n\n\n<h3 class=\"wp-block-heading\"><strong>Resto de informaci\u00f3n necesaria para la expedici\u00f3n del Suplemento Europeo al t\u00edtulo de acuerdo con la normativa vigente<\/strong><\/h3>\n\n\n\n<p>El procedimiento para la expedici\u00f3n del Suplemento Europeo al T\u00edtulo se ajustar\u00e1 a lo establecido en el Real Decreto 1044\/2003, de 1 de agosto (BOE del 11 de septiembre de 2003). En concreto, en dicho Suplemento se indicar\u00e1:<\/p>\n\n\n\n<ul class=\"wp-block-list\">\n<li>Rama de conocimiento: Ciencias<\/li>\n\n\n\n<li>C\u00f3digo UNESCO de Clasificaci\u00f3n de t\u00edtulos: CINE 5A42 (ISCED 5A42)<\/li>\n\n\n\n<li>Naturaleza de la Instituci\u00f3n: Universidad P\u00fablica<\/li>\n\n\n\n<li>Naturaleza del Centro: Facultad Propia de la Universidad<\/li>\n\n\n\n<li>Lenguas utilizadas a lo largo del proceso formativo: espa\u00f1ol e ingl\u00e9s.<\/li>\n\n\n\n<li>Profesiones para las que se capacita una vez obtenido el t\u00edtulo: Bi\u00f3logo o Bi\u00f3loga<\/li>\n<\/ul>\n\n\n\n<h3 class=\"wp-block-heading\"><strong>Idioma en el que se imparte el t\u00edtulo<\/strong><\/h3>\n\n\n\n<p>El idioma en el que se impartir\u00e1n las ense\u00f1anzas ser\u00e1 el espa\u00f1ol, estableci\u00e9ndose un m\u00ednimo de 12 cr\u00e9ditos que se impartir\u00e1n en cualquiera de las lenguas oficiales de la Uni\u00f3n Europea, preferentemente el ingl\u00e9s.<\/p>\n<\/div><\/div><\/div>\n<\/div><\/div>\n","protected":false},"excerpt":{"rendered":"<p>Description du titre\u00a0: Licence en biologie de l\u2019Universit\u00e9 de La Laguna. Universit\u00e9 et \u00e9tablissements responsables\u00a0: Universit\u00e9 de La Laguna, Facult\u00e9 des sciences, D\u00e9partement de biologie. Modalit\u00e9s d\u2019enseignement\u00a0: En pr\u00e9sentiel. Lieu\u00a0: Facult\u00e9 des sciences. Nombre de places offertes\u00a0: 100 places pour les nouveaux \u00e9tudiants. Nombre de cr\u00e9dits\u00a0: 240 ECTS. Nombre minimum d\u2019\u00e9tudiants\u2026<\/p>","protected":false},"author":1,"featured_media":0,"parent":252,"menu_order":0,"comment_status":"closed","ping_status":"closed","template":"templates\/template-frontpage.php","meta":{"footnotes":""},"class_list":["post-35","page","type-page","status-publish","hentry"],"_links":{"self":[{"href":"https:\/\/www.ull.es\/grados\/biologia\/fr\/wp-json\/wp\/v2\/pages\/35","targetHints":{"allow":["GET"]}}],"collection":[{"href":"https:\/\/www.ull.es\/grados\/biologia\/fr\/wp-json\/wp\/v2\/pages"}],"about":[{"href":"https:\/\/www.ull.es\/grados\/biologia\/fr\/wp-json\/wp\/v2\/types\/page"}],"author":[{"embeddable":true,"href":"https:\/\/www.ull.es\/grados\/biologia\/fr\/wp-json\/wp\/v2\/users\/1"}],"replies":[{"embeddable":true,"href":"https:\/\/www.ull.es\/grados\/biologia\/fr\/wp-json\/wp\/v2\/comments?post=35"}],"version-history":[{"count":53,"href":"https:\/\/www.ull.es\/grados\/biologia\/fr\/wp-json\/wp\/v2\/pages\/35\/revisions"}],"predecessor-version":[{"id":1597,"href":"https:\/\/www.ull.es\/grados\/biologia\/fr\/wp-json\/wp\/v2\/pages\/35\/revisions\/1597"}],"up":[{"embeddable":true,"href":"https:\/\/www.ull.es\/grados\/biologia\/fr\/wp-json\/wp\/v2\/pages\/252"}],"wp:attachment":[{"href":"https:\/\/www.ull.es\/grados\/biologia\/fr\/wp-json\/wp\/v2\/media?parent=35"}],"curies":[{"name":"wp","href":"https:\/\/api.w.org\/{rel}","templated":true}]}}