{"id":32,"date":"2017-06-28T12:47:36","date_gmt":"2017-06-28T12:47:36","guid":{"rendered":"http:\/\/www.ull.es\/masteres\/desarrollo-y-gestion-de-recursos-humanos\/?page_id=18"},"modified":"2025-11-10T09:51:25","modified_gmt":"2025-11-10T09:51:25","slug":"apoyo-y-orientacion","status":"publish","type":"page","link":"https:\/\/www.ull.es\/grados\/biologia\/informacion-academica\/apoyo-y-orientacion\/","title":{"rendered":"Apoyo y orientaci\u00f3n"},"content":{"rendered":"\n<div class=\"wp-block-stackable-columns alignfull stk-block-columns stk-block stk-8657999\" data-block-id=\"8657999\"><style>.stk-8657999 {padding-bottom:0px !important;margin-top:-30px !important;margin-bottom:0px !important;}@media screen and (max-width: 767px){.stk-8657999 {margin-top:-10% !important;}}<\/style><div class=\"stk-row stk-inner-blocks stk-block-content stk-content-align stk-8657999-column alignfull\">\n<div class=\"wp-block-stackable-column stk-block-column stk-column stk-block stk-914f03e\" data-v=\"4\" data-block-id=\"914f03e\"><div class=\"stk-column-wrapper stk-block-column__content stk-container stk-914f03e-container stk--no-background stk--no-padding\"><div class=\"stk-block-content stk-inner-blocks stk-914f03e-inner-blocks\"><style id=\"depicter-1-inline-pre-css\">\n\n.depicter-1:not(.depicter-ready){\n\theight:500px;\n}\n\n\/***** Tablet *****\/\n@media screen and (max-width: 1024px){\n\n.depicter-1:not(.depicter-ready){\n\theight:700px;\n}\n\n}\n\/***** Mobile *****\/\n@media screen and (max-width: 767px){\n\n.depicter-1:not(.depicter-ready){\n\theight:360px;\n}\n\n}\n<\/style>\n<div id=\"depicter-1\" class=\"depicter depicter-document depicter-revert depicter-1 depicter-layout-fullwidth\">\n\n<div class=\"depicter-loading-container depicter-loading dotFlashing-dark\"><div class=\"depicter-loading-dark depicter-dot-flashing\">\n   <span><\/span>\n   <span><\/span>\n   <span><\/span>\n<\/div>\n<\/div>\n<div id=\"depicter-1-section-1\" class=\"depicter-section depicter-1-section-1\" data-name=\"Section 1\" data-type=\"section\" data-local-id=\"section-1\">\n<picture class=\"depicter-bg\">\n<source data-depicter-srcset=\"https:\/\/www.ull.es\/grados\/biologia\/wp-content\/uploads\/sites\/43\/2025\/03\/Banner_Biologia-768x217.jpg, https:\/\/www.ull.es\/grados\/biologia\/wp-content\/uploads\/sites\/43\/2025\/03\/Banner_Biologia.jpg 2x\" srcset=\"data:image\/gif;base64,R0lGODlhAQABAIAAAAAAAP\/\/\/yH5BAEAAAAALAAAAAABAAEAAAIBRAA7\" media=\"(max-width: 1024px)\" \/>\n\n<source data-depicter-srcset=\"https:\/\/www.ull.es\/grados\/biologia\/wp-content\/uploads\/sites\/43\/2025\/03\/Banner_Biologia.jpg, https:\/\/www.ull.es\/grados\/biologia\/wp-content\/uploads\/sites\/43\/2025\/03\/Banner_Biologia-1600x453.jpg 2x\" srcset=\"data:image\/gif;base64,R0lGODlhAQABAIAAAAAAAP\/\/\/yH5BAEAAAAALAAAAAABAAEAAAIBRAA7\" media=\"(min-width: 1025px)\" \/>\n<img decoding=\"async\" src=\"data:image\/gif;base64,R0lGODlhAQABAIAAAAAAAP\/\/\/yH5BAEAAAAALAAAAAABAAEAAAIBRAA7\" data-ken-burns=\"false\" data-tablet-ken-burns=\"false\" data-mobile-ken-burns=\"false\" alt=\"\" data-depicter-src=\"https:\/\/www.ull.es\/grados\/biologia\/wp-content\/uploads\/sites\/43\/2025\/03\/Banner_Biologia.jpg\" data-object-fit=\"custom,custom,\" data-object-position=\"center top,,\" data-crop=\"{'focalPoint':{'x':0.5,'y':0.560000000000000053290705182007513940334320068359375},'mediaSize':{'width':1792,'height':507}}\" data-tablet-crop=\"{'focalPoint':{'x':0.5,'y':0.5},'mediaSize':{'width':2472.40618101545260287821292877197265625,'height':700}}\" data-mobile-crop=\"{'focalPoint':{'x':0.5,'y':0.5},'mediaSize':{'width':1271.523178807947033419623039662837982177734375,'height':360}}\" \/>\n<\/picture>\n\n\n<h1 id=\"depicter-1-element-5\" class=\"depicter-element depicter-layer depicter-1-element-5\" data-type=\"text\" data-wrap=\"true\" data-name=\"Text 2\" data-local-id=\"element-5\" data-offset=\"x:217px;y:207px;origin:tl\" data-tablet-offset=\"x:299px;y:321px;origin:tl\" data-mobile-offset=\"x:6px;y:-144px;origin:tl\" data-width=\"767px,589px,309px\" data-height=\"auto,auto,auto\" data-responsive-scale=\"true,,\">Grado en Biolog\u00eda<\/h1>\n\n<div id=\"depicter-1-element-10\" class=\"depicter-element depicter-layer depicter-1-element-10\" data-type=\"shape\" data-wrap=\"true\" data-name=\"Shape 1\" data-local-id=\"element-10\" data-offset=\"x:226px;y:315px;origin:tl\" data-tablet-offset=\"x:299px;y:391px;origin:tl\" data-mobile-offset=\"x:6px;y:-35px;origin:tl\" data-width=\"748px,425px,309px\" data-height=\"8px,8px,8px\" data-responsive-scale=\"true,,\"><\/div>\n<\/div>\n<\/div>\n<script>\n(window.depicterSetups = window.depicterSetups || []).push(function(){\n\tDepicter.basePath = 'https:\/\/www.ull.es\/grados\/biologia\/wp-content\/plugins\/depicter\/resources\/scripts\/player\/';\n\tconst dpPlayer = Depicter.setup('.depicter-1',\n\t\t{\"width\":[\"1200\",\"1024\",\"360\"],\"height\":[\"500\",\"700\",\"360\"],\"view\":\"basic\",\"keepAspectRatio\":true,\"preload\":0,\"layout\":\"fullwidth\",\"rtl\":false,\"initAfterAppear\":false,\"ajaxApiUrl\":\"https:\\\/\\\/www.ull.es\\\/grados\\\/biologia\\\/wp-admin\\\/admin-ajax.php\",\"mouseSwipe\":true,\"touchSwipe\":true,\"useWatermark\":false}\n\t);\n});\n<\/script><\/div><\/div><\/div>\n<\/div><\/div>\n\n\n\n<div class=\"wp-block-stackable-columns alignfull stk-block-columns stk--hide-mobile stk-block stk-ceecbdc stk-block-background\" data-block-id=\"ceecbdc\"><style>.stk-ceecbdc {background-color:#360060 !important;padding-top:35px !important;padding-right:0px !important;padding-bottom:2px !important;padding-left:0px !important;margin-top:-20px !important;margin-bottom:70px !important;}.stk-ceecbdc:before{background-color:#360060 !important;}<\/style><div class=\"stk-row stk-inner-blocks stk-block-content stk-content-align stk-ceecbdc-column alignfull\">\n<div class=\"wp-block-stackable-column stk-block-column stk-column stk-block stk-fc60a5d\" data-v=\"4\" data-block-id=\"fc60a5d\"><div class=\"stk-column-wrapper stk-block-column__content stk-container stk-fc60a5d-container stk--no-background stk--no-padding\"><div class=\"stk-block-content stk-inner-blocks stk-fc60a5d-inner-blocks\">\n<div class=\"wp-block-stackable-spacer stk-block-spacer stk--no-padding stk-block stk-a3a8a68\" data-block-id=\"a3a8a68\"><style>.stk-a3a8a68 {height:0px !important;}<\/style><\/div>\n<\/div><\/div><\/div>\n<\/div><\/div>\n\n\n\n<div class=\"wp-block-stackable-columns stk-block-columns stk-block stk-8b59b96\" data-block-id=\"8b59b96\"><style>.stk-8b59b96 .stk--block-align-8b59b96{align-items:flex-start !important;}.stk-8b59b96 {margin-top:25px !important;}.stk-8b59b96-column{--stk-columns-spacing:0px !important;--stk-column-gap:50px !important;}@media screen and (max-width: 767px){.stk-8b59b96-column{row-gap:var(--stk--preset--spacing--60, 2.25rem) !important;}}<\/style><div class=\"stk-row stk-inner-blocks stk--block-align-8b59b96 stk-block-content stk-content-align stk-8b59b96-column\">\n<div class=\"wp-block-stackable-column stk-block-column stk-column stk-block stk-dbb7e15\" data-v=\"4\" data-block-id=\"dbb7e15\"><div class=\"stk-column-wrapper stk-block-column__content stk-container stk-dbb7e15-container stk--no-background stk--no-padding\"><div class=\"stk-block-content stk-inner-blocks stk-dbb7e15-inner-blocks\">\n<div class=\"wp-block-stackable-heading stk-block-heading stk-block-heading--v2 stk-block stk-689c258\" id=\"apoyo-y-orientacion\" data-block-id=\"689c258\"><style>.stk-689c258 .stk-block-heading__text{color:#5c068c !important;}<\/style><h1 class=\"stk-block-heading__text has-text-color\">Apoyo y orientaci\u00f3n<\/h1><\/div>\n\n\n\n<p>La Secci\u00f3n de Biolog\u00eda desarrolla cada a\u00f1o el&nbsp;<a href=\"https:\/\/drive.google.com\/file\/d\/1eKCxAxuxsdqB4tDYIssGnhHc182bRCHD\/view?usp=sharing\" target=\"_blank\" rel=\"noreferrer noopener\" target=\"_blank\" rel=\"noopener\">Plan de Orientaci\u00f3n y Acci\u00f3n Tutorial (POAT)<\/a>. Este programa est\u00e1 dirigido a estudiantes de primer curso del Grado en Biolog\u00eda y tiene como objetivos dar respuesta a las necesidades y retos que debe afrontar el alumnado universitario de nuevo ingreso en su proceso de adaptaci\u00f3n al entorno universitario y que abarca los siguientes aspectos:<\/p>\n\n\n\n<ul class=\"wp-block-list\">\n<li>Mejorar la organizaci\u00f3n y desarrollo de las acciones de orientaci\u00f3n y tutor\u00eda en el centro, clarificando objetivos, estructurando las diversas actuaciones, concretando funciones y responsabilidades, y optimizando los mecanismos de coordinaci\u00f3n y evaluaci\u00f3n de las actuaciones implementadas.<\/li>\n\n\n\n<li>Facilitar al alumnado la integraci\u00f3n y la adaptaci\u00f3n al entorno de la Secci\u00f3n de Biolog\u00eda y de la Universidad de La Laguna.<\/li>\n\n\n\n<li>Estimular en el alumnado los h\u00e1bitos de reflexi\u00f3n, di\u00e1logo y aprendizaje aut\u00f3nomo<\/li>\n\n\n\n<li>Orientar al alumnado a lo largo del desarrollo de su proceso formativo y en la toma de decisiones acad\u00e9micas y profesionales.<\/li>\n\n\n\n<li>Ayudar al alumnado a resolver las dificultades que surjan durante su formaci\u00f3n y motivarlo de cara al logro de sus metas formativas.<\/li>\n\n\n\n<li>Minimizar el riesgo de fracaso y\/o abandono acad\u00e9mico.<\/li>\n\n\n\n<li>Ense\u00f1ar al alumnado a planificar su proceso de aprendizaje.<\/li>\n\n\n\n<li>Ayudar al alumnado a su formaci\u00f3n profesionalizadora a trav\u00e9s de pr\u00e1cticas guiadas.<\/li>\n\n\n\n<li>Informar al alumnado sobre las exigencias y caracter\u00edsticas del mercado laboral.<\/li>\n<\/ul>\n\n\n\n<p>Los objetivos espec\u00edficos que se pretenden lograr son:<\/p>\n\n\n\n<ul class=\"wp-block-list\">\n<li>Mejorar la adaptaci\u00f3n del estudiantado en la Universidad y la Facultad, fomentando su integraci\u00f3n en la vida universitaria y en los \u00f3rganos de participaci\u00f3n y gesti\u00f3n.<\/li>\n\n\n\n<li>Orientar al estudiantado sobre los recursos e instalaciones de la Facultad, facilitando los cauces y normas que garantice su disponibilidad y buen uso.<\/li>\n\n\n\n<li>Ofrecer formaci\u00f3n y apoyo al estudiantado para la adquisici\u00f3n de estrategias que contribuyan a mejorar el acceso, manejo de la informaci\u00f3n y aprendizaje aut\u00f3nomo.<\/li>\n\n\n\n<li>Promover las habilidades del estudiantado para la adecuada planificaci\u00f3n y aprovechamiento de su dedicaci\u00f3n al estudio.<\/li>\n\n\n\n<li>Contribuir a que al estudiantado adquiera habilidades, destrezas y capacidades para la toma de decisiones acad\u00e9micas y profesionales.<\/li>\n\n\n\n<li>Orientar al estudiantado sobre las opciones de inserci\u00f3n laboral y formaci\u00f3n continua.<\/li>\n<\/ul>\n\n\n\n<p>En el desarrollo del&nbsp;<a href=\"https:\/\/drive.google.com\/file\/d\/1eKCxAxuxsdqB4tDYIssGnhHc182bRCHD\/view?usp=sharing\" target=\"_blank\" rel=\"noreferrer noopener\" target=\"_blank\" rel=\"noopener\">POAT de la Secci\u00f3n de Biolog\u00eda<\/a>&nbsp;se establecen tres grandes grupos de actividades: la Tutor\u00eda de Carrera, la Mentor\u00eda y las Actividades de Orientaci\u00f3n.<\/p>\n\n\n\n<p>La&nbsp;<strong>Tutor\u00eda de Carrera<\/strong>&nbsp;se realiza a nivel de titulaci\u00f3n. A comienzos de cada curso, se le asigna un Tutor o Tutora a cada alumno y alumna, que se encargar\u00e1 de informar acerca de los distintos servicios y posibilidades que ofrece el Centro, as\u00ed como de los procesos y normativas que le afectan. Adem\u00e1s, promover\u00e1 la responsabilidad y el compromiso personal del estudiantado hacia su formaci\u00f3n acad\u00e9mica, orientar\u00e1 al alumnado para la mejora de su rendimiento acad\u00e9mico y supervisar\u00e1 los resultados acad\u00e9micos que va alcanzando el estudiantado.<\/p>\n\n\n\n<p>La&nbsp;<strong>Mentor\u00eda&nbsp;<\/strong>est\u00e1 a cargo de compa\u00f1eros-tutores, estudiantes de \u00faltimos cursos de la carrera que aconsejan al estudiantado de primer curso y facilitan su adaptaci\u00f3n al entorno universitario. El compa\u00f1ero-tutor realizar\u00e1 su labor mediante una serie de reuniones programadas para asistir a las cuestiones del d\u00eda a d\u00eda y aconsejar, en base a su experiencia acumulada, de forma coordinada con los Tutores y Tutoras de Carrera.<\/p>\n\n\n\n<p>Las&nbsp;<strong>Actividades de Orientaci\u00f3n<\/strong>&nbsp;se organizan desde la Facultad. En esta dimensi\u00f3n se atienden necesidades del alumnado relacionadas con la informaci\u00f3n (Gu\u00eda Informativa, consultas sobre convalidaciones, cursos, ayudas) y la formaci\u00f3n complementaria (cursos, talleres para el alumnado). Estas actividades deben estar en conexi\u00f3n con las desplegadas por los servicios de la ULL que cumplen funciones orientadoras.<\/p>\n\n\n\n<ul class=\"wp-block-list\">\n<li>El compromiso del alumnado con el Programa de Orientaci\u00f3n y Acci\u00f3n Tutorial es:\n<ul class=\"wp-block-list\">\n<li>Asistir a las reuniones programadas con el tutor o tutora de carrera y el compa\u00f1ero-tutor.<\/li>\n\n\n\n<li>Asistir a las actividades de Orientaci\u00f3n.<\/li>\n<\/ul>\n<\/li>\n<\/ul>\n\n\n\n<p>En su conjunto esto supondr\u00e1 un total&nbsp;<strong>30 horas&nbsp;<\/strong>(charlas, mentor\u00edas y tutor\u00edas). Al finalizar el curso acad\u00e9mico se pedir\u00e1 a los y las participantes del POAT que eval\u00faen el programa.<\/p>\n\n\n\n<ul class=\"wp-block-list\">\n<li>La participaci\u00f3n en el POAT ser\u00e1 reconocida con 3 ECTS.<\/li>\n\n\n\n<li>La participaci\u00f3n como compa\u00f1ero-tutor ser\u00e1 reconocida con hasta 1 ECTS.<\/li>\n\n\n\n<li>Para participar ponte en contacto con el Coordinador del POAT, el profesor Guido Santos (<a href=\"mailto:gsantos@ull.edu.es\" target=\"_blank\" rel=\"noreferrer noopener\" target=\"_blank\" rel=\"noopener\">gsantos@ull.edu.es<\/a>)<\/li>\n<\/ul>\n\n\n\n<p>Para cualquier duda puedes dirigirte al Coordinador del POAT o a cualquier miembro del equipo decanal.<\/p>\n\n\n\n<p><strong>Actividades a desarrollar<\/strong><\/p>\n\n\n\n<style>\n.hoverable {\n  transition: transform 0.3s, box-shadow 0.3s;\n  cursor: pointer;\n}\n.hoverable:hover {\n  transform: scale(1.02);\n  box-shadow: 0 0.5rem 1rem rgba(0,0,0,0.25);\n  \/* Mantiene el color de fondo original *\/\n}\n<\/style>\n\n<!-- Tabla general con estilo similar -->\n<table class=\"table table-bordered table-striped align-middle text-center shadow-sm rounded overflow-hidden table-hover-effect\" style=\"border-collapse: separate; border-spacing: 0; box-shadow: 0 0.5rem 1rem rgba(0,0,0,0.15); border-radius:2rem; width:100%;\">\n  <tbody>\n    <tr style=\"background-color:#360060; color:#fff;border-top-right-radius: 1.5rem;\">\n      <td colspan=\"10\" class=\"hoverable fw-bold\" style=\"font-weight:bold; border-top-left-radius: 1.5rem; border-top-right-radius: 1.5rem;\">TUTOR\u00cdAS Y MENTOR\u00cdAS<\/td>\n    <\/tr>\n    <tr style=\"background-color:#fff;\">\n      <td class=\"hoverable fw-bold\" style=\"font-weight:bold;\">Tutor\u00edas de carrera<\/td>\n      <td class=\"hoverable\">Reuniones programadas con el Tutor o Tutora de Carrera para orientarle sobre las cuestiones acad\u00e9micas durante el primer curso<\/td>\n    <\/tr>\n    <tr style=\"background-color:#f8f9fa;\">\n      <td class=\"hoverable fw-bold\" style=\"border-bottom-left-radius: 1.5rem; font-weight:bold;\">Mentor\u00edas<\/td>\n      <td class=\"hoverable\" style=\"border-bottom-right-radius: 1.5rem;\">Reuniones programadas con el compa\u00f1ero-tutor y coordinadas con el Tutor o Tutora de Carrera para tratar las principales necesidades del d\u00eda a d\u00eda del estudiantado<\/td>\n    <\/tr>\n  <\/tbody>\n<\/table>\n\n\n\n<style>\n.hoverable {\n  transition: transform 0.3s, box-shadow 0.3s;\n  cursor: pointer;\n}\n.hoverable:hover {\n  transform: scale(1.02);\n  box-shadow: 0 0.5rem 1rem rgba(0,0,0,0.25);\n  \/* Mantiene el color de fondo original *\/\n}\n<\/style>\n\n<!-- Tabla general con estilo similar -->\n<table class=\"table table-bordered table-striped align-middle text-center shadow-sm rounded overflow-hidden table-hover-effect\" style=\"border-collapse: separate; border-spacing: 0; box-shadow: 0 0.5rem 1rem rgba(0,0,0,0.15); border-radius:2rem; width:100%;\">\n  <tbody>\n    <tr style=\"background-color:#360060; color:#fff;border-top-right-radius: 1.5rem;\">\n      <td colspan=\"10\" class=\"hoverable fw-bold\" style=\"font-weight:bold; border-top-left-radius: 1.5rem; border-top-right-radius: 1.5rem;\">ACTIVIDADES ORIENTACI\u00d3N PARA LA ADAPTACI\u00d3N AL ENTORNO UNIVERSITARIO<\/td>\n    <\/tr>\n    <tr style=\"background-color:#490a79; color:#fff;\">\n      <td class=\"hoverable fw-bold\" style=\"font-weight:bold;\">Actividades<\/td>\n      <td class=\"hoverable\" style=\"font-weight:bold;\">Objetivos<\/td>\n    <\/tr>\n    <tr style=\"background-color:#f8f9fa;\">\n      <td class=\"hoverable fw-bold\" style=\"font-weight:bold;\">Jornada de Bienvenida<\/td>\n     <td class=\"hoverable\">Proporcionar informaci\u00f3n b\u00e1sica acerca de la Facultad<\/td>\n    <\/tr>\n    <tr style=\"background-color:#fff;\">\n      <td class=\"hoverable fw-bold\" width=\"30%\" style=\"font-weight:bold;\">Presentaci\u00f3n del servicio de biblioteca<\/td>\n      <td class=\"hoverable\">Informar al estudiante acerca de los servicios y recursos disponibles en la biblioteca universitaria<\/td>\n    <\/tr>\n    <tr style=\"background-color:#f8f9fa;\">\n      <td class=\"hoverable fw-bold\" style=\"font-weight:bold;\">Presentaci\u00f3n de los servicios universitarios<\/td>\n      <td class=\"hoverable\">Presentar al estudiantado el conjunto de servicios universitarios que puede disfrutar durante su etapa acad\u00e9mica<\/td>\n    <\/tr>\n    <tr style=\"background-color:#f8f9fa;\">\n      <td class=\"hoverable fw-bold\" style=\"font-weight:bold;\">Recursos TIC de la ULL<\/td>\n      <td class=\"hoverable\">Dar a conocer al estudiantado del conjunto de herramientas y recursos oficiales TIC que dispone en el momento de acceso a la carrera<\/td>\n    <\/tr>\n    <tr style=\"background-color:#f8f9fa;\">\n      <td class=\"hoverable fw-bold\" style=\"border-bottom-left-radius: 1.5rem; font-weight:bold;\">\u00d3rganos de representaci\u00f3n universitaria<\/td>\n      <td class=\"hoverable\" style=\"border-bottom-right-radius: 1.5rem;\">Presentar al estudiantado el conjunto de \u00f3rganos de representaci\u00f3n a trav\u00e9s de los cuales puede desempe\u00f1ar la participaci\u00f3n estudiantil en la toma de decisiones de la universidad<\/td>\n    <\/tr>\n  <\/tbody>\n<\/table>\n\n\n\n<style>\n.hoverable {\n  transition: transform 0.3s, box-shadow 0.3s;\n  cursor: pointer;\n}\n.hoverable:hover {\n  transform: scale(1.02);\n  box-shadow: 0 0.5rem 1rem rgba(0,0,0,0.25);\n  \/* Mantiene el color de fondo original *\/\n}\n<\/style>\n\n<!-- Tabla general con estilo similar -->\n<table class=\"table table-bordered table-striped align-middle text-center shadow-sm rounded overflow-hidden table-hover-effect\" style=\"border-collapse: separate; border-spacing: 0; box-shadow: 0 0.5rem 1rem rgba(0,0,0,0.15); border-radius:2rem; width:100%;\">\n  <tbody>\n    <tr style=\"background-color:#360060; color:#fff;border-top-right-radius: 1.5rem;\">\n      <td colspan=\"10\" class=\"hoverable fw-bold\" style=\"font-weight:bold; border-top-left-radius: 1.5rem; border-top-right-radius: 1.5rem;\">ACTIVIDADES DE ORIENTACI\u00d3N ACAD\u00c9MICA<\/td>\n    <\/tr>\n    <tr style=\"background-color:#490a79; color:#fff;\">\n      <td class=\"hoverable fw-bold\" style=\"font-weight:bold;\">Actividades<\/td>\n      <td class=\"hoverable\" style=\"font-weight:bold;\">Objetivos<\/td>\n    <\/tr>\n    <tr style=\"background-color:#f8f9fa;\">\n      <td class=\"hoverable fw-bold\" style=\"font-weight:bold;\">Programas de movilidad<\/td>\n     <td class=\"hoverable\">Presentar al estudiantado los programas SICUE y ERASMUS para realizar estancias formativas durante la carrera<\/td>\n    <\/tr>\n    <tr style=\"background-color:#fff;\">\n      <td class=\"hoverable fw-bold\" width=\"30%\" style=\"font-weight:bold;\">Presentaci\u00f3n de la oferta de m\u00e1steres de orientaci\u00f3n biol\u00f3gica<\/td>\n      <td class=\"hoverable\">Orientar al estudiantado hacia las distintas posibilidades de formaci\u00f3n tras el Grado<\/td>\n    <\/tr>\n    <tr style=\"background-color:#f8f9fa;\">\n      <td class=\"hoverable fw-bold\" style=\"font-weight:bold;\">Presentaci\u00f3n oral<\/td>\n      <td class=\"hoverable\">Orientar al estudiantado para realizar presentaciones orales de forma correcta<\/td>\n    <\/tr>\n    <tr style=\"background-color:#fff;\">\n      <td class=\"hoverable fw-bold\" style=\"font-weight:bold;\">Informe escrito<\/td>\n      <td class=\"hoverable\">Aconsejar al estudiantado sobre la correcta escritura y presentaci\u00f3n de un informe escrito<\/td>\n    <\/tr>\n    <tr style=\"background-color:#f8f9fa;\">\n      <td class=\"hoverable fw-bold\" style=\"font-weight:bold;\">Organizaci\u00f3n y gesti\u00f3n del tiempo<\/td>\n      <td class=\"hoverable\">Asesorar al estudiantado para optimizar el tiempo de estudio y mejorar la organizaci\u00f3n de tareas acad\u00e9mica<\/td>\n    <\/tr>\n    <tr style=\"background-color:#fff;\">\n      <td class=\"hoverable fw-bold\" style=\"border-bottom-left-radius: 1.5rem; font-weight:bold;\">Gesti\u00f3n de ex\u00e1menes<\/td>\n      <td class=\"hoverable\" style=\"border-bottom-right-radius: 1.5rem;\">Orientar sobre c\u00f3mo afrontar los ex\u00e1menes con \u00e9xito<\/td>\n    <\/tr>\n  <\/tbody>\n<\/table>\n\n\n\n<style>\n.hoverable {\n  transition: transform 0.3s, box-shadow 0.3s;\n  cursor: pointer;\n}\n.hoverable:hover {\n  transform: scale(1.02);\n  box-shadow: 0 0.5rem 1rem rgba(0,0,0,0.25);\n  \/* Mantiene el color de fondo original *\/\n}\n<\/style>\n\n<!-- Tabla general con estilo similar -->\n<table class=\"table table-bordered table-striped align-middle text-center shadow-sm rounded overflow-hidden table-hover-effect\" style=\"border-collapse: separate; border-spacing: 0; box-shadow: 0 0.5rem 1rem rgba(0,0,0,0.15); border-radius:2rem; width:100%;\">\n  <tbody>\n    <tr style=\"background-color:#360060; color:#fff;border-top-right-radius: 1.5rem;\">\n      <td colspan=\"10\" class=\"hoverable fw-bold\" style=\"font-weight:bold; border-top-left-radius: 1.5rem; border-top-right-radius: 1.5rem;\">ACTIVIDADES DE ORIENTACI\u00d3N PROFESIONAL<\/td>\n    <\/tr>\n    <tr style=\"background-color:#490a79; color:#fff;\">\n      <td class=\"hoverable fw-bold\" style=\"font-weight:bold;\">Actividades<\/td>\n      <td class=\"hoverable\" style=\"font-weight:bold;\">Objetivos<\/td>\n    <\/tr>\n    <tr style=\"background-color:#f8f9fa;\">\n      <td class=\"hoverable fw-bold\" style=\"font-weight:bold;\">Seminario de empresas de orientaci\u00f3n biol\u00f3gica<\/td>\n     <td class=\"hoverable\">Dar voz a las empresas locales de orientaci\u00f3n biol\u00f3gica sobre los perfiles demandados de alumnado egresado en Biolog\u00eda<\/td>\n    <\/tr>\n    <tr style=\"background-color:#fff;\">\n      <td class=\"hoverable fw-bold\" width=\"30%\" style=\"font-weight:bold;\">Salidas laborales de la Biolog\u00eda<\/td>\n      <td class=\"hoverable\">Seminario sobre las distintas salidas laborales desde la Biolog\u00eda<\/td>\n    <\/tr>\n    <tr style=\"background-color:#f8f9fa;\">\n      <td class=\"hoverable fw-bold\" style=\"font-weight:bold;\">El BIR<\/td>\n      <td class=\"hoverable\">Presentar al estudiantado la v\u00eda sanitaria de la Biolog\u00eda, el BIR.<\/td>\n    <\/tr>\n    <tr style=\"background-color:#fff;\">\n      <td class=\"hoverable fw-bold\" style=\"border-bottom-left-radius: 1.5rem; font-weight:bold;\">Introducci\u00f3n a la investigaci\u00f3n<\/td>\n      <td class=\"hoverable\" style=\"border-bottom-right-radius: 1.5rem;\">Presentar al estudiantado la v\u00eda investigadora desde la Biolog\u00eda<\/td>\n    <\/tr>\n  <\/tbody>\n<\/table>\n<\/div><\/div><\/div>\n<\/div><\/div>\n","protected":false},"excerpt":{"rendered":"<p>Apoyo y orientaci\u00f3n La Secci\u00f3n de Biolog\u00eda desarrolla cada a\u00f1o el&nbsp;Plan de Orientaci\u00f3n y Acci\u00f3n Tutorial (POAT). Este programa est\u00e1 dirigido a estudiantes de primer curso del Grado en Biolog\u00eda y tiene como objetivos dar respuesta a las necesidades y retos que debe afrontar el alumnado universitario de nuevo ingreso en su proceso de adaptaci\u00f3n&#8230;<\/p>\n","protected":false},"author":1,"featured_media":0,"parent":252,"menu_order":7,"comment_status":"closed","ping_status":"closed","template":"templates\/template-frontpage.php","meta":{"footnotes":""},"class_list":["post-32","page","type-page","status-publish","hentry"],"_links":{"self":[{"href":"https:\/\/www.ull.es\/grados\/biologia\/wp-json\/wp\/v2\/pages\/32","targetHints":{"allow":["GET"]}}],"collection":[{"href":"https:\/\/www.ull.es\/grados\/biologia\/wp-json\/wp\/v2\/pages"}],"about":[{"href":"https:\/\/www.ull.es\/grados\/biologia\/wp-json\/wp\/v2\/types\/page"}],"author":[{"embeddable":true,"href":"https:\/\/www.ull.es\/grados\/biologia\/wp-json\/wp\/v2\/users\/1"}],"replies":[{"embeddable":true,"href":"https:\/\/www.ull.es\/grados\/biologia\/wp-json\/wp\/v2\/comments?post=32"}],"version-history":[{"count":50,"href":"https:\/\/www.ull.es\/grados\/biologia\/wp-json\/wp\/v2\/pages\/32\/revisions"}],"predecessor-version":[{"id":1563,"href":"https:\/\/www.ull.es\/grados\/biologia\/wp-json\/wp\/v2\/pages\/32\/revisions\/1563"}],"up":[{"embeddable":true,"href":"https:\/\/www.ull.es\/grados\/biologia\/wp-json\/wp\/v2\/pages\/252"}],"wp:attachment":[{"href":"https:\/\/www.ull.es\/grados\/biologia\/wp-json\/wp\/v2\/media?parent=32"}],"curies":[{"name":"wp","href":"https:\/\/api.w.org\/{rel}","templated":true}]}}