{"id":292,"date":"2017-07-11T13:43:14","date_gmt":"2017-07-11T13:43:14","guid":{"rendered":"http:\/\/www.ull.es\/masteres\/desarrollo-y-gestion-de-recursos-humanos\/?page_id=292"},"modified":"2025-11-20T10:41:07","modified_gmt":"2025-11-20T10:41:07","slug":"recursos-materiales-e-infraestructuras","status":"publish","type":"page","link":"https:\/\/www.ull.es\/grados\/ciencias-actividad-fisica-deporte\/en\/profesorado-y-recursos\/recursos-materiales-e-infraestructuras\/","title":{"rendered":"Material resources and infrastructure"},"content":{"rendered":"\n<div class=\"wp-block-stackable-columns alignfull stk-block-columns stk-block stk-8657999\" data-block-id=\"8657999\"><style>.stk-8657999 {padding-bottom:0px !important;margin-top:-30px !important;margin-bottom:0px !important;}@media screen and (max-width: 767px){.stk-8657999 {margin-top:-10% !important;}}<\/style><div class=\"stk-row stk-inner-blocks stk-block-content stk-content-align stk-8657999-column alignfull\">\n<div class=\"wp-block-stackable-column stk-block-column stk-column stk-block stk-914f03e\" data-v=\"4\" data-block-id=\"914f03e\"><div class=\"stk-column-wrapper stk-block-column__content stk-container stk-914f03e-container stk--no-background stk--no-padding\"><div class=\"stk-block-content stk-inner-blocks stk-914f03e-inner-blocks\"><style id=\"depicter-1-inline-pre-css\">\n\n.depicter-1:not(.depicter-ready){\n\theight:500px;\n}\n\n\/***** Tablet *****\/\n@media screen and (max-width: 1024px){\n\n.depicter-1:not(.depicter-ready){\n\theight:700px;\n}\n\n}\n\/***** Mobile *****\/\n@media screen and (max-width: 767px){\n\n.depicter-1:not(.depicter-ready){\n\theight:360px;\n}\n\n}\n<\/style>\n<div id=\"depicter-1\" class=\"depicter depicter-document depicter-revert depicter-1 depicter-layout-fullwidth\">\n\n<div class=\"depicter-loading-container depicter-loading dotFlashing-dark\"><div class=\"depicter-loading-dark depicter-dot-flashing\">\n   <span><\/span>\n   <span><\/span>\n   <span><\/span>\n<\/div>\n<\/div>\n<div id=\"depicter-1-section-1\" class=\"depicter-section depicter-1-section-1\" data-name=\"Section 1\" data-type=\"section\" data-local-id=\"section-1\">\n<picture class=\"depicter-bg\">\n<source data-depicter-srcset=\"https:\/\/www.ull.es\/grados\/ciencias-actividad-fisica-deporte\/wp-content\/uploads\/sites\/49\/2025\/04\/Slider_Ciencias_de_la_Actividad_Fisica_y_del_Deporte-768x248.jpg, https:\/\/www.ull.es\/grados\/ciencias-actividad-fisica-deporte\/wp-content\/uploads\/sites\/49\/2025\/04\/Slider_Ciencias_de_la_Actividad_Fisica_y_del_Deporte.jpg 2x\" srcset=\"data:image\/gif;base64,R0lGODlhAQABAIAAAAAAAP\/\/\/yH5BAEAAAAALAAAAAABAAEAAAIBRAA7\" media=\"(max-width: 1024px)\" \/>\n\n<source data-depicter-srcset=\"https:\/\/www.ull.es\/grados\/ciencias-actividad-fisica-deporte\/wp-content\/uploads\/sites\/49\/2025\/04\/Slider_Ciencias_de_la_Actividad_Fisica_y_del_Deporte.jpg, https:\/\/www.ull.es\/grados\/ciencias-actividad-fisica-deporte\/wp-content\/uploads\/sites\/49\/2025\/04\/Slider_Ciencias_de_la_Actividad_Fisica_y_del_Deporte-1921x620.jpg 2x\" srcset=\"data:image\/gif;base64,R0lGODlhAQABAIAAAAAAAP\/\/\/yH5BAEAAAAALAAAAAABAAEAAAIBRAA7\" media=\"(min-width: 1025px)\" \/>\n<img decoding=\"async\" src=\"data:image\/gif;base64,R0lGODlhAQABAIAAAAAAAP\/\/\/yH5BAEAAAAALAAAAAABAAEAAAIBRAA7\" data-ken-burns=\"false\" data-tablet-ken-burns=\"false\" data-mobile-ken-burns=\"false\" alt=\"\" data-depicter-src=\"https:\/\/www.ull.es\/grados\/ciencias-actividad-fisica-deporte\/wp-content\/uploads\/sites\/49\/2025\/04\/Slider_Ciencias_de_la_Actividad_Fisica_y_del_Deporte.jpg\" data-object-fit=\"custom,custom,\" data-object-position=\"center top,,\" data-crop=\"{'focalPoint':{'x':0.5,'y':0.5},'mediaSize':{'width':1394.274193548387074770289473235607147216796875,'height':450}}\" data-tablet-crop=\"{'focalPoint':{'x':0.5,'y':0.5},'mediaSize':{'width':2168.87096774193560122512280941009521484375,'height':700.0000000000001136868377216160297393798828125}}\" data-mobile-crop=\"{'focalPoint':{'x':0.5,'y':0.5},'mediaSize':{'width':1115.41935483870975076570175588130950927734375,'height':360}}\" \/>\n<\/picture>\n\n\n<h1 id=\"depicter-1-element-5\" class=\"depicter-element depicter-layer depicter-1-element-5\" data-type=\"text\" data-wrap=\"true\" data-name=\"Text 2\" data-local-id=\"element-5\" data-offset=\"x:0px;y:150px;origin:tl\" data-tablet-offset=\"x:218px;y:264px;origin:tl\" data-mobile-offset=\"x:6px;y:-192px;origin:tl\" data-width=\"1200px,589px,348px\" data-height=\"auto,auto,auto\" data-responsive-scale=\"true,,\">Grado en Ciencias de la Actividad F\u00edsica y el Deporte<\/h1>\n\n<div id=\"depicter-1-element-10\" class=\"depicter-element depicter-layer depicter-1-element-10\" data-type=\"shape\" data-wrap=\"true\" data-name=\"Shape 1\" data-local-id=\"element-10\" data-offset=\"x:0px;y:358px;origin:tl\" data-tablet-offset=\"x:218px;y:442px;origin:tl\" data-mobile-offset=\"x:6px;y:15px;origin:tl\" data-width=\"1184px,565px,309px\" data-height=\"8px,8px,8px\" data-responsive-scale=\"true,,\"><\/div>\n<\/div>\n<\/div>\n<script>\n(window.depicterSetups = window.depicterSetups || []).push(function(){\n\tDepicter.basePath = 'https:\/\/www.ull.es\/grados\/ciencias-actividad-fisica-deporte\/wp-content\/plugins\/depicter\/resources\/scripts\/player\/';\n\tconst dpPlayer = Depicter.setup('.depicter-1',\n\t\t{\"width\":[\"1200\",\"1024\",\"360\"],\"height\":[\"500\",\"700\",\"360\"],\"view\":\"basic\",\"keepAspectRatio\":true,\"preload\":0,\"layout\":\"fullwidth\",\"rtl\":false,\"initAfterAppear\":false,\"ajaxApiUrl\":\"https:\\\/\\\/www.ull.es\\\/grados\\\/ciencias-actividad-fisica-deporte\\\/wp-admin\\\/admin-ajax.php\",\"mouseSwipe\":true,\"touchSwipe\":true,\"useWatermark\":false}\n\t);\n});\n<\/script><\/div><\/div><\/div>\n<\/div><\/div>\n\n\n\n<div class=\"wp-block-stackable-columns alignfull stk-block-columns stk--hide-mobile stk-block stk-ceecbdc stk-block-background\" data-block-id=\"ceecbdc\"><style>.stk-ceecbdc {background-color:#360060 !important;padding-top:35px !important;padding-right:0px !important;padding-bottom:2px !important;padding-left:0px !important;margin-top:-20px !important;margin-bottom:70px !important;}.stk-ceecbdc:before{background-color:#360060 !important;}<\/style><div class=\"stk-row stk-inner-blocks stk-block-content stk-content-align stk-ceecbdc-column alignfull\">\n<div class=\"wp-block-stackable-column stk-block-column stk-column stk-block stk-fc60a5d\" data-v=\"4\" data-block-id=\"fc60a5d\"><div class=\"stk-column-wrapper stk-block-column__content stk-container stk-fc60a5d-container stk--no-background stk--no-padding\"><div class=\"stk-block-content stk-inner-blocks stk-fc60a5d-inner-blocks\">\n<div class=\"wp-block-stackable-spacer stk-block-spacer stk--no-padding stk-block stk-a3a8a68\" data-block-id=\"a3a8a68\"><style>.stk-a3a8a68 {height:0px !important;}<\/style><\/div>\n<\/div><\/div><\/div>\n<\/div><\/div>\n\n\n\n<div class=\"wp-block-stackable-columns stk-block-columns stk-block stk-8b59b96\" data-block-id=\"8b59b96\"><style>.stk-8b59b96 .stk--block-align-8b59b96{align-items:flex-start !important;}.stk-8b59b96 {margin-top:25px !important;}.stk-8b59b96-column{--stk-columns-spacing:0px !important;--stk-column-gap:50px !important;}@media screen and (max-width: 767px){.stk-8b59b96-column{row-gap:var(--stk--preset--spacing--60, 2.25rem) !important;}}<\/style><div class=\"stk-row stk-inner-blocks stk--block-align-8b59b96 stk-block-content stk-content-align stk-8b59b96-column\">\n<div class=\"wp-block-stackable-column stk-block-column stk-column stk-block stk-dbb7e15\" data-v=\"4\" data-block-id=\"dbb7e15\"><div class=\"stk-column-wrapper stk-block-column__content stk-container stk-dbb7e15-container stk--no-background stk--no-padding\"><div class=\"stk-block-content stk-inner-blocks stk-dbb7e15-inner-blocks\">\n<div class=\"wp-block-stackable-heading stk-block-heading stk-block-heading--v2 stk-block stk-689c258\" id=\"recursos-materiales-e-infraestructuras\" data-block-id=\"689c258\"><style>.stk-689c258 .stk-block-heading__text{color:#5c068c !important;}<\/style><h1 class=\"stk-block-heading__text has-text-color\">Recursos materiales e infraestructuras<\/h1><\/div>\n\n\n\n<p>La titulaci\u00f3n dispone de los espacios y los equipamientos necesarios propios del centro\/secci\u00f3n a la que est\u00e1 adscrita, disponiendo de las aulas ordinarias, los seminarios, aula-pabell\u00f3n de deportes y dem\u00e1s recursos materiales asignados a la docencia te\u00f3rica y pr\u00e1ctica del t\u00edtulo, de distinta capacidad en funci\u00f3n de las actividades formativas que en ellas se desarrollan y del tama\u00f1o medio del grupo.<\/p>\n\n\n\n<p>Adem\u00e1s, se cuenta con los espacios generales del centro\/secci\u00f3n para llevar a cabo el resto de actividades: sal\u00f3n de actos, aulas de inform\u00e1tica, salas de estudio, biblioteca, etc. Puede consultar la informaci\u00f3n en el siguiente enlace:&nbsp;<a href=\"https:\/\/www.ull.es\/centros\/facultad-educacion\/informacion-general\/infraestructuras-y-servicios\/\" target=\"_blank\" rel=\"noreferrer noopener\" target=\"_blank\" rel=\"noopener\">Infraestructuras de la facultad<\/a><\/p>\n\n\n\n<p>Las instalaciones que dispone en la actualidad la Facultad de Educaci\u00f3n est\u00e1n situadas en cuatro m\u00f3dulos aularios (m\u00f3dulos A, B, C y D) situados en parcelas diferenciadas del Campus Central de la Universidad de La Laguna. Las instalaciones deportivas est\u00e1n situadas en el mismo campus que la Facultad de Educaci\u00f3n, muy pr\u00f3ximas de sus propios aularios (m\u00f3dulos A, B y C). Adem\u00e1s, la Facultad de Educaci\u00f3n posee un pabell\u00f3n polideportivo propio (m\u00f3dulo A).<\/p>\n\n\n\n<p>La Facultad de Educaci\u00f3n dispone de su propio pabell\u00f3n polideportivo. Esta instalaci\u00f3n es de uso exclusivo para la docencia de los t\u00edtulos vinculados a la Facultad de Educaci\u00f3n. Se trata de un pabell\u00f3n cubierto de 40\u00d725 metros, con dos cortinas enrollables que separan tres espacios, si fuera necesario para albergar a m\u00e1s de un grupo.<\/p>\n<\/div><\/div><\/div>\n<\/div><\/div>\n\n\n\n<div class=\"wp-block-stackable-columns stk-block-columns stk-block stk-bfaa62f\" data-block-id=\"bfaa62f\"><style>.stk-bfaa62f .stk--block-align-bfaa62f{align-items:flex-start !important;}.stk-bfaa62f {margin-top:25px !important;}.stk-bfaa62f-column{--stk-columns-spacing:0px !important;--stk-column-gap:50px !important;}@media screen and (max-width: 767px){.stk-bfaa62f-column{row-gap:var(--stk--preset--spacing--60, 2.25rem) !important;}}<\/style><div class=\"stk-row stk-inner-blocks stk--block-align-bfaa62f stk-block-content stk-content-align stk-bfaa62f-column\">\n<div class=\"wp-block-stackable-column stk-block-column stk-column stk-block stk-0b5ad71\" data-v=\"4\" data-block-id=\"0b5ad71\"><div class=\"stk-column-wrapper stk-block-column__content stk-container stk-0b5ad71-container stk--no-background stk--no-padding\"><div class=\"stk-block-content stk-inner-blocks stk-0b5ad71-inner-blocks\">\n<div class=\"wp-block-stackable-image stk-block-image stk-block stk-5eac0e1\" data-block-id=\"5eac0e1\"><figure><span class=\"stk-img-wrapper stk-image--shape-stretch\"><img loading=\"lazy\" decoding=\"async\" class=\"stk-img wp-image-1085\" src=\"https:\/\/www.ull.es\/grados\/ciencias-actividad-fisica-deporte\/wp-content\/uploads\/sites\/49\/2022\/06\/Imagen1.jpg\" width=\"287\" height=\"192\"\/><\/span><\/figure><\/div>\n<\/div><\/div><\/div>\n\n\n\n<div class=\"wp-block-stackable-column stk-block-column stk-column stk-block stk-e6f5f71\" data-v=\"4\" data-block-id=\"e6f5f71\"><div class=\"stk-column-wrapper stk-block-column__content stk-container stk-e6f5f71-container stk--no-background stk--no-padding\"><div class=\"stk-block-content stk-inner-blocks stk-e6f5f71-inner-blocks\">\n<div class=\"wp-block-stackable-image stk-block-image stk-block stk-114cbd7\" data-block-id=\"114cbd7\"><figure><span class=\"stk-img-wrapper stk-image--shape-stretch\"><img loading=\"lazy\" decoding=\"async\" class=\"stk-img wp-image-1084\" src=\"https:\/\/www.ull.es\/grados\/ciencias-actividad-fisica-deporte\/wp-content\/uploads\/sites\/49\/2022\/06\/Imagen2.jpg\" width=\"289\" height=\"188\"\/><\/span><\/figure><\/div>\n<\/div><\/div><\/div>\n<\/div><\/div>\n\n\n\n<div class=\"wp-block-stackable-columns stk-block-columns stk-block stk-ca2c04b\" data-block-id=\"ca2c04b\"><style>.stk-ca2c04b .stk--block-align-ca2c04b{align-items:flex-start !important;}.stk-ca2c04b {margin-top:25px !important;}.stk-ca2c04b-column{--stk-columns-spacing:0px !important;--stk-column-gap:50px !important;}@media screen and (max-width: 767px){.stk-ca2c04b-column{row-gap:var(--stk--preset--spacing--60, 2.25rem) !important;}}<\/style><div class=\"stk-row stk-inner-blocks stk--block-align-ca2c04b stk-block-content stk-content-align stk-ca2c04b-column\">\n<div class=\"wp-block-stackable-column stk-block-column stk-column stk-block stk-704941b\" data-v=\"4\" data-block-id=\"704941b\"><div class=\"stk-column-wrapper stk-block-column__content stk-container stk-704941b-container stk--no-background stk--no-padding\"><div class=\"stk-block-content stk-inner-blocks stk-704941b-inner-blocks\">\n<p><em>Pabell\u00f3n polideportivo de la Facultad de Educaci\u00f3n<\/em><\/p>\n\n\n\n<p>Por otra parte, son colindantes las instalaciones deportivas del Servicio de Deportes de la Universidad de La Laguna, en la que es factible utilizar estas infraestructuras para el desarrollo de la docencia del Grado en Ciencias de la actividad F\u00edsica y del Deporte.<\/p>\n<\/div><\/div><\/div>\n<\/div><\/div>\n\n\n\n<div class=\"wp-block-stackable-columns stk-block-columns stk-block stk-f9dfa30\" data-block-id=\"f9dfa30\"><style>.stk-f9dfa30 .stk--block-align-f9dfa30{align-items:flex-start !important;}.stk-f9dfa30 {margin-top:25px !important;}.stk-f9dfa30-column{--stk-columns-spacing:0px !important;--stk-column-gap:50px !important;}@media screen and (max-width: 767px){.stk-f9dfa30-column{row-gap:var(--stk--preset--spacing--60, 2.25rem) !important;}}<\/style><div class=\"stk-row stk-inner-blocks stk--block-align-f9dfa30 stk-block-content stk-content-align stk-f9dfa30-column\">\n<div class=\"wp-block-stackable-column stk-block-column stk-column stk-block stk-60a0586\" data-v=\"4\" data-block-id=\"60a0586\"><div class=\"stk-column-wrapper stk-block-column__content stk-container stk-60a0586-container stk--no-background stk--no-padding\"><div class=\"stk-block-content stk-inner-blocks stk-60a0586-inner-blocks\">\n<div class=\"wp-block-stackable-image stk-block-image stk-block stk-b9d2060\" data-block-id=\"b9d2060\"><figure><span class=\"stk-img-wrapper stk-image--shape-stretch\"><img loading=\"lazy\" decoding=\"async\" class=\"stk-img wp-image-1083\" src=\"https:\/\/www.ull.es\/grados\/ciencias-actividad-fisica-deporte\/wp-content\/uploads\/sites\/49\/2022\/06\/Imagen3.jpg\" width=\"486\" height=\"381\" srcset=\"https:\/\/www.ull.es\/grados\/ciencias-actividad-fisica-deporte\/wp-content\/uploads\/sites\/49\/2022\/06\/Imagen3.jpg 486w, https:\/\/www.ull.es\/grados\/ciencias-actividad-fisica-deporte\/wp-content\/uploads\/sites\/49\/2022\/06\/Imagen3-300x235.jpg 300w, https:\/\/www.ull.es\/grados\/ciencias-actividad-fisica-deporte\/wp-content\/uploads\/sites\/49\/2022\/06\/Imagen3-375x294.jpg 375w\" sizes=\"auto, (max-width: 486px) 100vw, 486px\" \/><\/span><\/figure><\/div>\n<\/div><\/div><\/div>\n\n\n\n<div class=\"wp-block-stackable-column stk-block-column stk-column stk-block stk-8f88e65\" data-v=\"4\" data-block-id=\"8f88e65\"><div class=\"stk-column-wrapper stk-block-column__content stk-container stk-8f88e65-container stk--no-background stk--no-padding\"><div class=\"stk-block-content stk-inner-blocks stk-8f88e65-inner-blocks\">\n<div class=\"wp-block-stackable-image stk-block-image stk-block stk-2a1a8d2\" data-block-id=\"2a1a8d2\"><figure><span class=\"stk-img-wrapper stk-image--shape-stretch\"><img loading=\"lazy\" decoding=\"async\" class=\"stk-img wp-image-1082\" src=\"https:\/\/www.ull.es\/grados\/ciencias-actividad-fisica-deporte\/wp-content\/uploads\/sites\/49\/2022\/06\/Imagen4.jpg\" width=\"189\" height=\"166\"\/><\/span><\/figure><\/div>\n<\/div><\/div><\/div>\n\n\n\n<div class=\"wp-block-stackable-column stk-block-column stk-column stk-block stk-4bf187d\" data-v=\"4\" data-block-id=\"4bf187d\"><div class=\"stk-column-wrapper stk-block-column__content stk-container stk-4bf187d-container stk--no-background stk--no-padding\"><div class=\"stk-block-content stk-inner-blocks stk-4bf187d-inner-blocks\">\n<div class=\"wp-block-stackable-image stk-block-image stk-block stk-6f22656\" data-block-id=\"6f22656\"><figure><span class=\"stk-img-wrapper stk-image--shape-stretch\"><img loading=\"lazy\" decoding=\"async\" class=\"stk-img wp-image-1081\" src=\"https:\/\/www.ull.es\/grados\/ciencias-actividad-fisica-deporte\/wp-content\/uploads\/sites\/49\/2022\/06\/Imagen5.jpg\" width=\"232\" height=\"173\" srcset=\"https:\/\/www.ull.es\/grados\/ciencias-actividad-fisica-deporte\/wp-content\/uploads\/sites\/49\/2022\/06\/Imagen5.jpg 232w, https:\/\/www.ull.es\/grados\/ciencias-actividad-fisica-deporte\/wp-content\/uploads\/sites\/49\/2022\/06\/Imagen5-108x81.jpg 108w\" sizes=\"auto, (max-width: 232px) 100vw, 232px\" \/><\/span><\/figure><\/div>\n<\/div><\/div><\/div>\n<\/div><\/div>\n\n\n\n<div class=\"wp-block-stackable-columns stk-block-columns stk-block stk-db6ba92\" data-block-id=\"db6ba92\"><style>.stk-db6ba92 .stk--block-align-db6ba92{align-items:flex-start !important;}.stk-db6ba92 {margin-top:25px !important;}.stk-db6ba92-column{--stk-columns-spacing:0px !important;--stk-column-gap:50px !important;}@media screen and (max-width: 767px){.stk-db6ba92-column{row-gap:var(--stk--preset--spacing--60, 2.25rem) !important;}}<\/style><div class=\"stk-row stk-inner-blocks stk--block-align-db6ba92 stk-block-content stk-content-align stk-db6ba92-column\">\n<div class=\"wp-block-stackable-column stk-block-column stk-column stk-block stk-b29d77c\" data-v=\"4\" data-block-id=\"b29d77c\"><div class=\"stk-column-wrapper stk-block-column__content stk-container stk-b29d77c-container stk--no-background stk--no-padding\"><div class=\"stk-block-content stk-inner-blocks stk-b29d77c-inner-blocks\">\n<p><em><em>Espacios deportivos del Campus Central (Servicio de Deportes de la ULL)<\/em><\/em><\/p>\n\n\n\n<p>Para completar las instalaciones espec\u00edficas, se dispone de la piscina del complejo municipal de San Benito, gracias al acuerdo existente con el Organismo Aut\u00f3nomo de Deportes del Ayuntamiento de La Laguna.<\/p>\n<\/div><\/div><\/div>\n<\/div><\/div>\n\n\n\n<div class=\"wp-block-stackable-columns stk-block-columns stk-block stk-99edb34\" data-block-id=\"99edb34\"><style>.stk-99edb34 .stk--block-align-99edb34{align-items:flex-start !important;}.stk-99edb34 {margin-top:25px !important;}.stk-99edb34-column{--stk-columns-spacing:0px !important;--stk-column-gap:50px !important;}@media screen and (max-width: 767px){.stk-99edb34-column{row-gap:var(--stk--preset--spacing--60, 2.25rem) !important;}}<\/style><div class=\"stk-row stk-inner-blocks stk--block-align-99edb34 stk-block-content stk-content-align stk-99edb34-column\">\n<div class=\"wp-block-stackable-column stk-block-column stk-column stk-block stk-7404f5c\" data-v=\"4\" data-block-id=\"7404f5c\"><div class=\"stk-column-wrapper stk-block-column__content stk-container stk-7404f5c-container stk--no-background stk--no-padding\"><div class=\"stk-block-content stk-inner-blocks stk-7404f5c-inner-blocks\">\n<div class=\"wp-block-stackable-image stk-block-image stk-block stk-9521edf\" data-block-id=\"9521edf\"><figure><span class=\"stk-img-wrapper stk-image--shape-stretch\"><img loading=\"lazy\" decoding=\"async\" class=\"stk-img wp-image-1080\" src=\"https:\/\/www.ull.es\/grados\/ciencias-actividad-fisica-deporte\/wp-content\/uploads\/sites\/49\/2022\/06\/Imagen6.jpg\" width=\"249\" height=\"163\"\/><\/span><\/figure><\/div>\n<\/div><\/div><\/div>\n\n\n\n<div class=\"wp-block-stackable-column stk-block-column stk-column stk-block stk-1efb745\" data-v=\"4\" data-block-id=\"1efb745\"><div class=\"stk-column-wrapper stk-block-column__content stk-container stk-1efb745-container stk--no-background stk--no-padding\"><div class=\"stk-block-content stk-inner-blocks stk-1efb745-inner-blocks\">\n<div class=\"wp-block-stackable-image stk-block-image stk-block stk-5725dbb\" data-block-id=\"5725dbb\"><figure><span class=\"stk-img-wrapper stk-image--shape-stretch\"><img loading=\"lazy\" decoding=\"async\" class=\"stk-img wp-image-1079\" src=\"https:\/\/www.ull.es\/grados\/ciencias-actividad-fisica-deporte\/wp-content\/uploads\/sites\/49\/2022\/06\/Imagen7.jpg\" width=\"246\" height=\"160\"\/><\/span><\/figure><\/div>\n<\/div><\/div><\/div>\n<\/div><\/div>\n\n\n\n<div class=\"wp-block-stackable-columns stk-block-columns stk-block stk-2fafc47\" data-block-id=\"2fafc47\"><style>.stk-2fafc47 .stk--block-align-2fafc47{align-items:flex-start !important;}.stk-2fafc47 {margin-top:25px !important;}.stk-2fafc47-column{--stk-columns-spacing:0px !important;--stk-column-gap:50px !important;}@media screen and (max-width: 767px){.stk-2fafc47-column{row-gap:var(--stk--preset--spacing--60, 2.25rem) !important;}}<\/style><div class=\"stk-row stk-inner-blocks stk--block-align-2fafc47 stk-block-content stk-content-align stk-2fafc47-column\">\n<div class=\"wp-block-stackable-column stk-block-column stk-column stk-block stk-01c3f0d\" data-v=\"4\" data-block-id=\"01c3f0d\"><div class=\"stk-column-wrapper stk-block-column__content stk-container stk-01c3f0d-container stk--no-background stk--no-padding\"><div class=\"stk-block-content stk-inner-blocks stk-01c3f0d-inner-blocks\">\n<p><em>Instalaciones de la piscina municipal de San Benito<\/em><\/p>\n\n\n\n<p>Asimismo, \u00c1reas espec\u00edficas como Anatom\u00eda, Fisiolog\u00eda o Biomec\u00e1nica, disponen de laboratorios o salas espec\u00edficas para desarrollar las pr\u00e1cticas correspondientes.<\/p>\n<\/div><\/div><\/div>\n<\/div><\/div>\n","protected":false},"excerpt":{"rendered":"<p>Material Resources and Infrastructure The degree program has the necessary spaces and equipment specific to the center\/section to which it is attached, including regular classrooms, seminar rooms, a sports hall\/classroom, and other material resources assigned to the theoretical and practical teaching of the degree, with varying capacities depending on the training activities that\u2026<\/p>","protected":false},"author":1,"featured_media":0,"parent":285,"menu_order":2,"comment_status":"closed","ping_status":"closed","template":"templates\/template-frontpage.php","meta":{"footnotes":""},"class_list":["post-292","page","type-page","status-publish","hentry"],"_links":{"self":[{"href":"https:\/\/www.ull.es\/grados\/ciencias-actividad-fisica-deporte\/en\/wp-json\/wp\/v2\/pages\/292","targetHints":{"allow":["GET"]}}],"collection":[{"href":"https:\/\/www.ull.es\/grados\/ciencias-actividad-fisica-deporte\/en\/wp-json\/wp\/v2\/pages"}],"about":[{"href":"https:\/\/www.ull.es\/grados\/ciencias-actividad-fisica-deporte\/en\/wp-json\/wp\/v2\/types\/page"}],"author":[{"embeddable":true,"href":"https:\/\/www.ull.es\/grados\/ciencias-actividad-fisica-deporte\/en\/wp-json\/wp\/v2\/users\/1"}],"replies":[{"embeddable":true,"href":"https:\/\/www.ull.es\/grados\/ciencias-actividad-fisica-deporte\/en\/wp-json\/wp\/v2\/comments?post=292"}],"version-history":[{"count":14,"href":"https:\/\/www.ull.es\/grados\/ciencias-actividad-fisica-deporte\/en\/wp-json\/wp\/v2\/pages\/292\/revisions"}],"predecessor-version":[{"id":1272,"href":"https:\/\/www.ull.es\/grados\/ciencias-actividad-fisica-deporte\/en\/wp-json\/wp\/v2\/pages\/292\/revisions\/1272"}],"up":[{"embeddable":true,"href":"https:\/\/www.ull.es\/grados\/ciencias-actividad-fisica-deporte\/en\/wp-json\/wp\/v2\/pages\/285"}],"wp:attachment":[{"href":"https:\/\/www.ull.es\/grados\/ciencias-actividad-fisica-deporte\/en\/wp-json\/wp\/v2\/media?parent=292"}],"curies":[{"name":"wp","href":"https:\/\/api.w.org\/{rel}","templated":true}]}}