{"id":202,"date":"2017-07-11T10:11:11","date_gmt":"2017-07-11T10:11:11","guid":{"rendered":"http:\/\/www.ull.es\/masteres\/desarrollo-y-gestion-de-recursos-humanos\/?page_id=202"},"modified":"2025-11-20T08:59:04","modified_gmt":"2025-11-20T08:59:04","slug":"acceso-admision-y-matricula","status":"publish","type":"page","link":"https:\/\/www.ull.es\/grados\/ciencias-actividad-fisica-deporte\/fr\/informacion-academica\/acceso-admision-y-matricula\/","title":{"rendered":"Acc\u00e8s, admission et inscription"},"content":{"rendered":"\n<div class=\"wp-block-stackable-columns alignfull stk-block-columns stk-block stk-8657999\" data-block-id=\"8657999\"><style>.stk-8657999 {padding-bottom:0px !important;margin-top:-30px !important;margin-bottom:0px !important;}@media screen and (max-width: 767px){.stk-8657999 {margin-top:-10% !important;}}<\/style><div class=\"stk-row stk-inner-blocks stk-block-content stk-content-align stk-8657999-column alignfull\">\n<div class=\"wp-block-stackable-column stk-block-column stk-column stk-block stk-914f03e\" data-v=\"4\" data-block-id=\"914f03e\"><div class=\"stk-column-wrapper stk-block-column__content stk-container stk-914f03e-container stk--no-background stk--no-padding\"><div class=\"stk-block-content stk-inner-blocks stk-914f03e-inner-blocks\"><style id=\"depicter-1-inline-pre-css\">\n\n.depicter-1:not(.depicter-ready){\n\theight:500px;\n}\n\n\/***** Tablet *****\/\n@media screen and (max-width: 1024px){\n\n.depicter-1:not(.depicter-ready){\n\theight:700px;\n}\n\n}\n\/***** Mobile *****\/\n@media screen and (max-width: 767px){\n\n.depicter-1:not(.depicter-ready){\n\theight:360px;\n}\n\n}\n<\/style>\n<div id=\"depicter-1\" class=\"depicter depicter-document depicter-revert depicter-1 depicter-layout-fullwidth\">\n\n<div class=\"depicter-loading-container depicter-loading dotFlashing-dark\"><div class=\"depicter-loading-dark depicter-dot-flashing\">\n   <span><\/span>\n   <span><\/span>\n   <span><\/span>\n<\/div>\n<\/div>\n<div id=\"depicter-1-section-1\" class=\"depicter-section depicter-1-section-1\" data-name=\"Section 1\" data-type=\"section\" data-local-id=\"section-1\">\n<picture class=\"depicter-bg\">\n<source data-depicter-srcset=\"https:\/\/www.ull.es\/grados\/ciencias-actividad-fisica-deporte\/wp-content\/uploads\/sites\/49\/2025\/04\/Slider_Ciencias_de_la_Actividad_Fisica_y_del_Deporte-768x248.jpg, https:\/\/www.ull.es\/grados\/ciencias-actividad-fisica-deporte\/wp-content\/uploads\/sites\/49\/2025\/04\/Slider_Ciencias_de_la_Actividad_Fisica_y_del_Deporte.jpg 2x\" srcset=\"data:image\/gif;base64,R0lGODlhAQABAIAAAAAAAP\/\/\/yH5BAEAAAAALAAAAAABAAEAAAIBRAA7\" media=\"(max-width: 1024px)\" \/>\n\n<source data-depicter-srcset=\"https:\/\/www.ull.es\/grados\/ciencias-actividad-fisica-deporte\/wp-content\/uploads\/sites\/49\/2025\/04\/Slider_Ciencias_de_la_Actividad_Fisica_y_del_Deporte.jpg, https:\/\/www.ull.es\/grados\/ciencias-actividad-fisica-deporte\/wp-content\/uploads\/sites\/49\/2025\/04\/Slider_Ciencias_de_la_Actividad_Fisica_y_del_Deporte-1921x620.jpg 2x\" srcset=\"data:image\/gif;base64,R0lGODlhAQABAIAAAAAAAP\/\/\/yH5BAEAAAAALAAAAAABAAEAAAIBRAA7\" media=\"(min-width: 1025px)\" \/>\n<img decoding=\"async\" src=\"data:image\/gif;base64,R0lGODlhAQABAIAAAAAAAP\/\/\/yH5BAEAAAAALAAAAAABAAEAAAIBRAA7\" data-ken-burns=\"false\" data-tablet-ken-burns=\"false\" data-mobile-ken-burns=\"false\" alt=\"\" data-depicter-src=\"https:\/\/www.ull.es\/grados\/ciencias-actividad-fisica-deporte\/wp-content\/uploads\/sites\/49\/2025\/04\/Slider_Ciencias_de_la_Actividad_Fisica_y_del_Deporte.jpg\" data-object-fit=\"custom,custom,\" data-object-position=\"center top,,\" data-crop=\"{'focalPoint':{'x':0.5,'y':0.5},'mediaSize':{'width':1394.274193548387074770289473235607147216796875,'height':450}}\" data-tablet-crop=\"{'focalPoint':{'x':0.5,'y':0.5},'mediaSize':{'width':2168.87096774193560122512280941009521484375,'height':700.0000000000001136868377216160297393798828125}}\" data-mobile-crop=\"{'focalPoint':{'x':0.5,'y':0.5},'mediaSize':{'width':1115.41935483870975076570175588130950927734375,'height':360}}\" \/>\n<\/picture>\n\n\n<h1 id=\"depicter-1-element-5\" class=\"depicter-element depicter-layer depicter-1-element-5\" data-type=\"text\" data-wrap=\"true\" data-name=\"Text 2\" data-local-id=\"element-5\" data-offset=\"x:0px;y:150px;origin:tl\" data-tablet-offset=\"x:218px;y:264px;origin:tl\" data-mobile-offset=\"x:6px;y:-192px;origin:tl\" data-width=\"1200px,589px,348px\" data-height=\"auto,auto,auto\" data-responsive-scale=\"true,,\">Grado en Ciencias de la Actividad F\u00edsica y el Deporte<\/h1>\n\n<div id=\"depicter-1-element-10\" class=\"depicter-element depicter-layer depicter-1-element-10\" data-type=\"shape\" data-wrap=\"true\" data-name=\"Shape 1\" data-local-id=\"element-10\" data-offset=\"x:0px;y:358px;origin:tl\" data-tablet-offset=\"x:218px;y:442px;origin:tl\" data-mobile-offset=\"x:6px;y:15px;origin:tl\" data-width=\"1184px,565px,309px\" data-height=\"8px,8px,8px\" data-responsive-scale=\"true,,\"><\/div>\n<\/div>\n<\/div>\n<script>\n(window.depicterSetups = window.depicterSetups || []).push(function(){\n\tDepicter.basePath = 'https:\/\/www.ull.es\/grados\/ciencias-actividad-fisica-deporte\/wp-content\/plugins\/depicter\/resources\/scripts\/player\/';\n\tconst dpPlayer = Depicter.setup('.depicter-1',\n\t\t{\"width\":[\"1200\",\"1024\",\"360\"],\"height\":[\"500\",\"700\",\"360\"],\"view\":\"basic\",\"keepAspectRatio\":true,\"preload\":0,\"layout\":\"fullwidth\",\"rtl\":false,\"initAfterAppear\":false,\"ajaxApiUrl\":\"https:\\\/\\\/www.ull.es\\\/grados\\\/ciencias-actividad-fisica-deporte\\\/wp-admin\\\/admin-ajax.php\",\"mouseSwipe\":true,\"touchSwipe\":true,\"useWatermark\":false}\n\t);\n});\n<\/script><\/div><\/div><\/div>\n<\/div><\/div>\n\n\n\n<div class=\"wp-block-stackable-columns alignfull stk-block-columns stk--hide-mobile stk-block stk-ceecbdc stk-block-background\" data-block-id=\"ceecbdc\"><style>.stk-ceecbdc {background-color:#360060 !important;padding-top:35px !important;padding-right:0px !important;padding-bottom:2px !important;padding-left:0px !important;margin-top:-20px !important;margin-bottom:70px !important;}.stk-ceecbdc:before{background-color:#360060 !important;}<\/style><div class=\"stk-row stk-inner-blocks stk-block-content stk-content-align stk-ceecbdc-column alignfull\">\n<div class=\"wp-block-stackable-column stk-block-column stk-column stk-block stk-fc60a5d\" data-v=\"4\" data-block-id=\"fc60a5d\"><div class=\"stk-column-wrapper stk-block-column__content stk-container stk-fc60a5d-container stk--no-background stk--no-padding\"><div class=\"stk-block-content stk-inner-blocks stk-fc60a5d-inner-blocks\">\n<div class=\"wp-block-stackable-spacer stk-block-spacer stk--no-padding stk-block stk-a3a8a68\" data-block-id=\"a3a8a68\"><style>.stk-a3a8a68 {height:0px !important;}<\/style><\/div>\n<\/div><\/div><\/div>\n<\/div><\/div>\n\n\n\n<div class=\"wp-block-stackable-columns stk-block-columns stk-block stk-8b59b96\" data-block-id=\"8b59b96\"><style>.stk-8b59b96 .stk--block-align-8b59b96{align-items:flex-start !important;}.stk-8b59b96 {margin-top:25px !important;}.stk-8b59b96-column{--stk-columns-spacing:0px !important;--stk-column-gap:50px !important;}@media screen and (max-width: 767px){.stk-8b59b96-column{row-gap:var(--stk--preset--spacing--60, 2.25rem) !important;}}<\/style><div class=\"stk-row stk-inner-blocks stk--block-align-8b59b96 stk-block-content stk-content-align stk-8b59b96-column\">\n<div class=\"wp-block-stackable-column stk-block-column stk-column stk-block stk-dbb7e15\" data-v=\"4\" data-block-id=\"dbb7e15\"><div class=\"stk-column-wrapper stk-block-column__content stk-container stk-dbb7e15-container stk--no-background stk--no-padding\"><div class=\"stk-block-content stk-inner-blocks stk-dbb7e15-inner-blocks\">\n<div class=\"wp-block-stackable-heading stk-block-heading stk-block-heading--v2 stk-block stk-689c258\" id=\"acceso-admision-y-matricula\" data-block-id=\"689c258\"><style>.stk-689c258 .stk-block-heading__text{color:#5c068c !important;}<\/style><h1 class=\"stk-block-heading__text has-text-color\">Acceso, admisi\u00f3n y matr\u00edcula<\/h1><\/div>\n\n\n\n<p>El acceso es el conjunto de requisitos establecidos para cursar las ense\u00f1anzas universitarias oficiales de grado. Su cumplimiento es necesario y previo para poder solicitar plaza en las titulaciones oficiales de la ULL, mediante el procedimiento de admisi\u00f3n a la universidad.<\/p>\n\n\n\n<p>Se pueden consultar los requisitos de acceso a los estudios de grado en el siguiente&nbsp;<a href=\"https:\/\/www.ull.es\/admision-becas\/que-es-el-acceso\/\" target=\"_blank\" rel=\"noreferrer noopener\" target=\"_blank\" rel=\"noopener\">enlace<\/a>.<\/p>\n\n\n\n<p>Existen diferentes modalidades de acceso. Pueden acceder a la informaci\u00f3n detallada de las principales modalidades desde los siguientes enlaces:<\/p>\n\n\n\n<ul class=\"wp-block-list\">\n<li><a href=\"https:\/\/www.ull.es\/admision-becas\/ebau\/\" target=\"_blank\" rel=\"noreferrer noopener\" target=\"_blank\" rel=\"noopener\">EBAU<\/a><\/li>\n\n\n\n<li><a href=\"https:\/\/www.ull.es\/admision-becas\/acceso-mayores\/\" target=\"_blank\" rel=\"noreferrer noopener\" target=\"_blank\" rel=\"noopener\">Mayores de 25, 40 y 45 a\u00f1os<\/a><\/li>\n\n\n\n<li><a href=\"https:\/\/www.ull.es\/admision-becas\/acceso-extranjeros\/\" target=\"_blank\" rel=\"noreferrer noopener\" target=\"_blank\" rel=\"noopener\">Extranjeros<\/a><\/li>\n<\/ul>\n\n\n\n<p><strong>Para el Grado Ciencias de la Actividad F\u00edsica y del Deporte no es necesario realizar ninguna prueba f\u00edsica de acceso<\/strong>, aunque se atender\u00e1 a las siguientes especificidades, en el marco de lo establecido en el art\u00edculo 44 de la Ley Org\u00e1nica 6\/2001, de 21 de diciembre, de Universidades, y en el que el Consejo de Gobierno de la ULL aprueba para cada curso acad\u00e9mico la propuesta de l\u00edmite de admisi\u00f3n de estudiantes en las titulaciones oficiales de Grado. Los cupos de plazas se reparten entre el cupo general y los cupos de reserva previstos en el Real Decreto 412\/2014, de 6 de junio, con los porcentajes de reserva indicados:<\/p>\n\n\n\n<ol class=\"wp-block-list\">\n<li>a) Mayores de 25 a\u00f1os, un 3 %.<\/li>\n\n\n\n<li>b) Mayores de 45 a\u00f1os, 2 %.<\/li>\n\n\n\n<li>c) Mayores de 40 a\u00f1os que acrediten experiencia laboral o profesional, un 1 %.<\/li>\n\n\n\n<li>d) Estudiantes con un grado reconocido de discapacidad igual o superior al 33 %, as\u00ed como para estudiantes con necesidades educativas especiales permanentes asociadas a circunstancias personales de discapacidad, que durante su escolarizaci\u00f3n anterior hayan precisado de recursos y apoyos para su plena normalizaci\u00f3n educativa, un 5 %.<\/li>\n\n\n\n<li>e) Deportistas de alto nivel y de alto rendimiento, un 3 %. Excepcionalmente en los Grados en Fisioterapia y en Ciencias de la Actividad F\u00edsica y del Deporte se reserva un 8 %.<\/li>\n\n\n\n<li>f) Estudiantes con titulaci\u00f3n universitaria o equivalente, un 2 %.<\/li>\n<\/ol>\n\n\n\n<p>En el Reglamento de Admisi\u00f3n y Matr\u00edcula, mediante los art\u00edculos 16 al 26, se fija el procedimiento de baremaci\u00f3n y ordenaci\u00f3n por cupos para la admisi\u00f3n por preinscripci\u00f3n. El procedimiento de adjudicaci\u00f3n de plazas se publica en la Instrucci\u00f3n de admisi\u00f3n y matr\u00edcula de cada curso.<\/p>\n\n\n\n<p>Por lo tanto, en virtud de esa normativa y la condici\u00f3n del l\u00edmite de plazas existente para la Titulaci\u00f3n de Grado en Ciencias de la Actividad F\u00edsica y del Deporte, la adjudicaci\u00f3n se realizar\u00e1 teniendo en cuenta la calificaci\u00f3n media en cada v\u00eda de acceso, hasta completar el n\u00famero total de plazas ofertadas. El o la estudiante que cumpla con los requisitos de acceso deber\u00e1 hacer preinscripci\u00f3n previa a la matriculaci\u00f3n. Toda la informaci\u00f3n sobre preinscripci\u00f3n y matr\u00edcula est\u00e1 disponible en la&nbsp;<a href=\"https:\/\/t.ull.es\/13we\" target=\"_blank\" rel=\"noreferrer noopener\" target=\"_blank\" rel=\"noopener\">web<\/a>&nbsp;de la ULL.<\/p>\n<\/div><\/div><\/div>\n<\/div><\/div>\n","protected":false},"excerpt":{"rendered":"<p>Acc\u00e8s, admission et inscription. L&#039;acc\u00e8s d\u00e9signe l&#039;ensemble des conditions requises pour entreprendre des \u00e9tudes universitaires de premier cycle. Le respect de ces conditions est une condition pr\u00e9alable \u00e0 toute candidature \u00e0 un programme menant \u00e0 un dipl\u00f4me \u00e0 l&#039;Universit\u00e9 de La Laguna (ULL), par le biais de la proc\u00e9dure d&#039;admission. Les conditions d&#039;admission sont consultables\u2026<\/p>","protected":false},"author":1,"featured_media":0,"parent":252,"menu_order":2,"comment_status":"closed","ping_status":"closed","template":"templates\/template-frontpage.php","meta":{"footnotes":""},"class_list":["post-202","page","type-page","status-publish","hentry"],"_links":{"self":[{"href":"https:\/\/www.ull.es\/grados\/ciencias-actividad-fisica-deporte\/fr\/wp-json\/wp\/v2\/pages\/202","targetHints":{"allow":["GET"]}}],"collection":[{"href":"https:\/\/www.ull.es\/grados\/ciencias-actividad-fisica-deporte\/fr\/wp-json\/wp\/v2\/pages"}],"about":[{"href":"https:\/\/www.ull.es\/grados\/ciencias-actividad-fisica-deporte\/fr\/wp-json\/wp\/v2\/types\/page"}],"author":[{"embeddable":true,"href":"https:\/\/www.ull.es\/grados\/ciencias-actividad-fisica-deporte\/fr\/wp-json\/wp\/v2\/users\/1"}],"replies":[{"embeddable":true,"href":"https:\/\/www.ull.es\/grados\/ciencias-actividad-fisica-deporte\/fr\/wp-json\/wp\/v2\/comments?post=202"}],"version-history":[{"count":17,"href":"https:\/\/www.ull.es\/grados\/ciencias-actividad-fisica-deporte\/fr\/wp-json\/wp\/v2\/pages\/202\/revisions"}],"predecessor-version":[{"id":1247,"href":"https:\/\/www.ull.es\/grados\/ciencias-actividad-fisica-deporte\/fr\/wp-json\/wp\/v2\/pages\/202\/revisions\/1247"}],"up":[{"embeddable":true,"href":"https:\/\/www.ull.es\/grados\/ciencias-actividad-fisica-deporte\/fr\/wp-json\/wp\/v2\/pages\/252"}],"wp:attachment":[{"href":"https:\/\/www.ull.es\/grados\/ciencias-actividad-fisica-deporte\/fr\/wp-json\/wp\/v2\/media?parent=202"}],"curies":[{"name":"wp","href":"https:\/\/api.w.org\/{rel}","templated":true}]}}