{"id":33,"date":"2017-06-28T12:48:33","date_gmt":"2017-06-28T12:48:33","guid":{"rendered":"http:\/\/www.ull.es\/masteres\/desarrollo-y-gestion-de-recursos-humanos\/?page_id=20"},"modified":"2025-11-20T10:29:47","modified_gmt":"2025-11-20T10:29:47","slug":"trabajo-fin-de-grado","status":"publish","type":"page","link":"https:\/\/www.ull.es\/grados\/ciencias-actividad-fisica-deporte\/fr\/plan-de-estudios\/trabajo-fin-de-grado\/","title":{"rendered":"Projet de fin d&#039;\u00e9tudes"},"content":{"rendered":"\n<div class=\"wp-block-stackable-columns alignfull stk-block-columns stk-block stk-8657999\" data-block-id=\"8657999\"><style>.stk-8657999 {padding-bottom:0px !important;margin-top:-30px !important;margin-bottom:0px !important;}@media screen and (max-width: 767px){.stk-8657999 {margin-top:-10% !important;}}<\/style><div class=\"stk-row stk-inner-blocks stk-block-content stk-content-align stk-8657999-column alignfull\">\n<div class=\"wp-block-stackable-column stk-block-column stk-column stk-block stk-914f03e\" data-v=\"4\" data-block-id=\"914f03e\"><div class=\"stk-column-wrapper stk-block-column__content stk-container stk-914f03e-container stk--no-background stk--no-padding\"><div class=\"stk-block-content stk-inner-blocks stk-914f03e-inner-blocks\"><style id=\"depicter-1-inline-pre-css\">\n\n.depicter-1:not(.depicter-ready){\n\theight:500px;\n}\n\n\/***** Tablet *****\/\n@media screen and (max-width: 1024px){\n\n.depicter-1:not(.depicter-ready){\n\theight:700px;\n}\n\n}\n\/***** Mobile *****\/\n@media screen and (max-width: 767px){\n\n.depicter-1:not(.depicter-ready){\n\theight:360px;\n}\n\n}\n<\/style>\n<div id=\"depicter-1\" class=\"depicter depicter-document depicter-revert depicter-1 depicter-layout-fullwidth\">\n\n<div class=\"depicter-loading-container depicter-loading dotFlashing-dark\"><div class=\"depicter-loading-dark depicter-dot-flashing\">\n   <span><\/span>\n   <span><\/span>\n   <span><\/span>\n<\/div>\n<\/div>\n<div id=\"depicter-1-section-1\" class=\"depicter-section depicter-1-section-1\" data-name=\"Section 1\" data-type=\"section\" data-local-id=\"section-1\">\n<picture class=\"depicter-bg\">\n<source data-depicter-srcset=\"https:\/\/www.ull.es\/grados\/ciencias-actividad-fisica-deporte\/wp-content\/uploads\/sites\/49\/2025\/04\/Slider_Ciencias_de_la_Actividad_Fisica_y_del_Deporte-768x248.jpg, https:\/\/www.ull.es\/grados\/ciencias-actividad-fisica-deporte\/wp-content\/uploads\/sites\/49\/2025\/04\/Slider_Ciencias_de_la_Actividad_Fisica_y_del_Deporte.jpg 2x\" srcset=\"data:image\/gif;base64,R0lGODlhAQABAIAAAAAAAP\/\/\/yH5BAEAAAAALAAAAAABAAEAAAIBRAA7\" media=\"(max-width: 1024px)\" \/>\n\n<source data-depicter-srcset=\"https:\/\/www.ull.es\/grados\/ciencias-actividad-fisica-deporte\/wp-content\/uploads\/sites\/49\/2025\/04\/Slider_Ciencias_de_la_Actividad_Fisica_y_del_Deporte.jpg, https:\/\/www.ull.es\/grados\/ciencias-actividad-fisica-deporte\/wp-content\/uploads\/sites\/49\/2025\/04\/Slider_Ciencias_de_la_Actividad_Fisica_y_del_Deporte-1921x620.jpg 2x\" srcset=\"data:image\/gif;base64,R0lGODlhAQABAIAAAAAAAP\/\/\/yH5BAEAAAAALAAAAAABAAEAAAIBRAA7\" media=\"(min-width: 1025px)\" \/>\n<img decoding=\"async\" src=\"data:image\/gif;base64,R0lGODlhAQABAIAAAAAAAP\/\/\/yH5BAEAAAAALAAAAAABAAEAAAIBRAA7\" data-ken-burns=\"false\" data-tablet-ken-burns=\"false\" data-mobile-ken-burns=\"false\" alt=\"\" data-depicter-src=\"https:\/\/www.ull.es\/grados\/ciencias-actividad-fisica-deporte\/wp-content\/uploads\/sites\/49\/2025\/04\/Slider_Ciencias_de_la_Actividad_Fisica_y_del_Deporte.jpg\" data-object-fit=\"custom,custom,\" data-object-position=\"center top,,\" data-crop=\"{'focalPoint':{'x':0.5,'y':0.5},'mediaSize':{'width':1394.274193548387074770289473235607147216796875,'height':450}}\" data-tablet-crop=\"{'focalPoint':{'x':0.5,'y':0.5},'mediaSize':{'width':2168.87096774193560122512280941009521484375,'height':700.0000000000001136868377216160297393798828125}}\" data-mobile-crop=\"{'focalPoint':{'x':0.5,'y':0.5},'mediaSize':{'width':1115.41935483870975076570175588130950927734375,'height':360}}\" \/>\n<\/picture>\n\n\n<h1 id=\"depicter-1-element-5\" class=\"depicter-element depicter-layer depicter-1-element-5\" data-type=\"text\" data-wrap=\"true\" data-name=\"Text 2\" data-local-id=\"element-5\" data-offset=\"x:0px;y:150px;origin:tl\" data-tablet-offset=\"x:218px;y:264px;origin:tl\" data-mobile-offset=\"x:6px;y:-192px;origin:tl\" data-width=\"1200px,589px,348px\" data-height=\"auto,auto,auto\" data-responsive-scale=\"true,,\">Grado en Ciencias de la Actividad F\u00edsica y el Deporte<\/h1>\n\n<div id=\"depicter-1-element-10\" class=\"depicter-element depicter-layer depicter-1-element-10\" data-type=\"shape\" data-wrap=\"true\" data-name=\"Shape 1\" data-local-id=\"element-10\" data-offset=\"x:0px;y:358px;origin:tl\" data-tablet-offset=\"x:218px;y:442px;origin:tl\" data-mobile-offset=\"x:6px;y:15px;origin:tl\" data-width=\"1184px,565px,309px\" data-height=\"8px,8px,8px\" data-responsive-scale=\"true,,\"><\/div>\n<\/div>\n<\/div>\n<script>\n(window.depicterSetups = window.depicterSetups || []).push(function(){\n\tDepicter.basePath = 'https:\/\/www.ull.es\/grados\/ciencias-actividad-fisica-deporte\/wp-content\/plugins\/depicter\/resources\/scripts\/player\/';\n\tconst dpPlayer = Depicter.setup('.depicter-1',\n\t\t{\"width\":[\"1200\",\"1024\",\"360\"],\"height\":[\"500\",\"700\",\"360\"],\"view\":\"basic\",\"keepAspectRatio\":true,\"preload\":0,\"layout\":\"fullwidth\",\"rtl\":false,\"initAfterAppear\":false,\"ajaxApiUrl\":\"https:\\\/\\\/www.ull.es\\\/grados\\\/ciencias-actividad-fisica-deporte\\\/wp-admin\\\/admin-ajax.php\",\"mouseSwipe\":true,\"touchSwipe\":true,\"useWatermark\":false}\n\t);\n});\n<\/script><\/div><\/div><\/div>\n<\/div><\/div>\n\n\n\n<div class=\"wp-block-stackable-columns alignfull stk-block-columns stk--hide-mobile stk-block stk-ceecbdc stk-block-background\" data-block-id=\"ceecbdc\"><style>.stk-ceecbdc {background-color:#360060 !important;padding-top:35px !important;padding-right:0px !important;padding-bottom:2px !important;padding-left:0px !important;margin-top:-20px !important;margin-bottom:70px !important;}.stk-ceecbdc:before{background-color:#360060 !important;}<\/style><div class=\"stk-row stk-inner-blocks stk-block-content stk-content-align stk-ceecbdc-column alignfull\">\n<div class=\"wp-block-stackable-column stk-block-column stk-column stk-block stk-fc60a5d\" data-v=\"4\" data-block-id=\"fc60a5d\"><div class=\"stk-column-wrapper stk-block-column__content stk-container stk-fc60a5d-container stk--no-background stk--no-padding\"><div class=\"stk-block-content stk-inner-blocks stk-fc60a5d-inner-blocks\">\n<div class=\"wp-block-stackable-spacer stk-block-spacer stk--no-padding stk-block stk-a3a8a68\" data-block-id=\"a3a8a68\"><style>.stk-a3a8a68 {height:0px !important;}<\/style><\/div>\n<\/div><\/div><\/div>\n<\/div><\/div>\n\n\n\n<div class=\"wp-block-stackable-columns stk-block-columns stk-block stk-8b59b96\" data-block-id=\"8b59b96\"><style>.stk-8b59b96 .stk--block-align-8b59b96{align-items:flex-start !important;}.stk-8b59b96 {margin-top:25px !important;}.stk-8b59b96-column{--stk-columns-spacing:0px !important;--stk-column-gap:50px !important;}@media screen and (max-width: 767px){.stk-8b59b96-column{row-gap:var(--stk--preset--spacing--60, 2.25rem) !important;}}<\/style><div class=\"stk-row stk-inner-blocks stk--block-align-8b59b96 stk-block-content stk-content-align stk-8b59b96-column\">\n<div class=\"wp-block-stackable-column stk-block-column stk-column stk-block stk-dbb7e15\" data-v=\"4\" data-block-id=\"dbb7e15\"><div class=\"stk-column-wrapper stk-block-column__content stk-container stk-dbb7e15-container stk--no-background stk--no-padding\"><div class=\"stk-block-content stk-inner-blocks stk-dbb7e15-inner-blocks\">\n<div class=\"wp-block-stackable-heading stk-block-heading stk-block-heading--v2 stk-block stk-689c258\" id=\"trabajo-de-fin-de-grado\" data-block-id=\"689c258\"><style>.stk-689c258 .stk-block-heading__text{color:#5c068c !important;}<\/style><h1 class=\"stk-block-heading__text has-text-color\">Trabajo de Fin de Grado<\/h1><\/div>\n\n\n\n<p>El plan de estudios de Grado en Ciencias de la Actividad F\u00edsica y del Deporte incluye 6 cr\u00e9ditos para la elaboraci\u00f3n del Trabajo Fin de Grado y se ubicar\u00e1 en cuarto curso. El Trabajo fin de grado se rige por el art\u00edculo 14.6 del RD 288\/2021 y el Reglamento de la asignatura \u201cTrabajo Fin de Grado\u201d de la ULL (Aprobado en Consejo de Gobierno de 6 noviembre de 2024). Tiene por finalidad que las y los estudiantes integren, apliquen y profundicen en las competencias generales y espec\u00edficas desarrolladas en el plan de estudios del t\u00edtulo, y de manera espec\u00edfica la relacionada con el trabajo aut\u00f3nomo, que les permitan dar soluciones eficientes a los problemas que deriven de esta elaboraci\u00f3n. El Trabajo Fin de Grado, junto con las pr\u00e1cticas externas, constituye la herramienta \u00f3ptima para la integraci\u00f3n de los conocimientos y competencias desarrolladas en el grado.<\/p>\n\n\n\n<details class=\"wp-block-stackable-accordion stk-block-accordion stk-inner-blocks stk-block-content stk-block stk-1eb2680 is-style-default\" id=\"normativa\" data-block-id=\"1eb2680\"><style>.stk-1eb2680 {border-style:solid !important;border-top-width:0px !important;border-right-width:0px !important;border-bottom-width:1px !important;border-left-width:0px !important;margin-bottom:10px !important;}<\/style>\n<summary class=\"wp-block-stackable-column stk-block-column stk-column stk-block stk-627d528 stk--container-small stk-block-accordion__heading\" data-v=\"4\" data-block-id=\"627d528\"><style>.stk-627d528 {padding-top:2px !important;padding-right:2px !important;padding-bottom:2px !important;padding-left:2px !important;}<\/style><div class=\"stk-column-wrapper stk-block-column__content stk-container stk-627d528-container stk--no-background stk--no-padding\"><div class=\"stk-block-content stk-inner-blocks stk-627d528-inner-blocks\">\n<div class=\"wp-block-stackable-icon-label stk-block-icon-label stk-block stk-b4a4cbd\" data-block-id=\"b4a4cbd\"><style>.stk-b4a4cbd .stk-inner-blocks{gap:39px !important;}@media screen and (max-width: 1023px){.stk-b4a4cbd .stk-inner-blocks{gap:39px !important;}}@media screen and (max-width: 767px){.stk-b4a4cbd .stk-inner-blocks{gap:39px !important;}}<\/style><div class=\"stk-row stk-inner-blocks stk-block-content\">\n<div class=\"wp-block-stackable-icon stk-block-icon stk-block stk-ca07eb5\" data-block-id=\"ca07eb5\"><style>.stk-ca07eb5 .stk--svg-wrapper .stk--inner-svg svg:last-child{height:25px !important;width:25px !important;}.stk-ca07eb5 .stk--svg-wrapper .stk--inner-svg svg:last-child, .stk-ca07eb5 .stk--svg-wrapper .stk--inner-svg svg:last-child :is(g, path, rect, polygon, ellipse){fill:#5c068c !important;}<\/style><span class=\"stk--svg-wrapper stk--has-icon2\"><div class=\"stk--inner-svg\"><svg style=\"height:0;width:0\"><defs><linearGradient id=\"linear-gradient-ca07eb5\" x1=\"0\" x2=\"100%\" y1=\"0\" y2=\"0\"><stop offset=\"0%\" style=\"stop-opacity:1;stop-color:var(--linear-gradient-ca-07-eb-5-color-1)\"><\/stop><stop offset=\"100%\" style=\"stop-opacity:1;stop-color:var(--linear-gradient-ca-07-eb-5-color-2)\"><\/stop><\/linearGradient><\/defs><\/svg><svg xmlns=\"http:\/\/www.w3.org\/2000\/svg\" viewBox=\"0 0 576 512\" aria-hidden=\"true\" width=\"32\" height=\"32\"><path d=\"M288 0H400c8.8 0 16 7.2 16 16V80c0 8.8-7.2 16-16 16H320.7l89.6 64H512c35.3 0 64 28.7 64 64V448c0 35.3-28.7 64-64 64H336V400c0-26.5-21.5-48-48-48s-48 21.5-48 48V512H64c-35.3 0-64-28.7-64-64V224c0-35.3 28.7-64 64-64H165.7L256 95.5V32c0-17.7 14.3-32 32-32zm48 240a48 48 0 1 0 -96 0 48 48 0 1 0 96 0zM80 224c-8.8 0-16 7.2-16 16v64c0 8.8 7.2 16 16 16h32c8.8 0 16-7.2 16-16V240c0-8.8-7.2-16-16-16H80zm368 16v64c0 8.8 7.2 16 16 16h32c8.8 0 16-7.2 16-16V240c0-8.8-7.2-16-16-16H464c-8.8 0-16 7.2-16 16zM80 352c-8.8 0-16 7.2-16 16v64c0 8.8 7.2 16 16 16h32c8.8 0 16-7.2 16-16V368c0-8.8-7.2-16-16-16H80zm384 0c-8.8 0-16 7.2-16 16v64c0 8.8 7.2 16 16 16h32c8.8 0 16-7.2 16-16V368c0-8.8-7.2-16-16-16H464z\"><\/path><\/svg><\/div><div class=\"stk--inner-svg stk--icon-2\" style=\"display:none\"><svg style=\"height:0;width:0\"><defs><linearGradient id=\"linear-gradient-ca07eb5\" x1=\"0\" x2=\"100%\" y1=\"0\" y2=\"0\"><stop offset=\"0%\" style=\"stop-opacity:1;stop-color:var(--linear-gradient-ca-07-eb-5-color-1)\"><\/stop><stop offset=\"100%\" style=\"stop-opacity:1;stop-color:var(--linear-gradient-ca-07-eb-5-color-2)\"><\/stop><\/linearGradient><\/defs><\/svg><svg xmlns=\"http:\/\/www.w3.org\/2000\/svg\" viewBox=\"0 0 640 512\" aria-hidden=\"true\" width=\"32\" height=\"32\"><path d=\"M337.8 5.4C327-1.8 313-1.8 302.2 5.4L166.3 96H48C21.5 96 0 117.5 0 144V464c0 26.5 21.5 48 48 48H256V416c0-35.3 28.7-64 64-64s64 28.7 64 64v96H592c26.5 0 48-21.5 48-48V144c0-26.5-21.5-48-48-48H473.7L337.8 5.4zM96 192h32c8.8 0 16 7.2 16 16v64c0 8.8-7.2 16-16 16H96c-8.8 0-16-7.2-16-16V208c0-8.8 7.2-16 16-16zm400 16c0-8.8 7.2-16 16-16h32c8.8 0 16 7.2 16 16v64c0 8.8-7.2 16-16 16H512c-8.8 0-16-7.2-16-16V208zM96 320h32c8.8 0 16 7.2 16 16v64c0 8.8-7.2 16-16 16H96c-8.8 0-16-7.2-16-16V336c0-8.8 7.2-16 16-16zm400 16c0-8.8 7.2-16 16-16h32c8.8 0 16 7.2 16 16v64c0 8.8-7.2 16-16 16H512c-8.8 0-16-7.2-16-16V336zM232 176a88 88 0 1 1 176 0 88 88 0 1 1 -176 0zm88-48c-8.8 0-16 7.2-16 16v32c0 8.8 7.2 16 16 16h32c8.8 0 16-7.2 16-16s-7.2-16-16-16H336V144c0-8.8-7.2-16-16-16z\"><\/path><\/svg><\/div><\/span><\/div>\n\n\n\n<div class=\"wp-block-stackable-heading stk-block-heading stk-block-heading--v2 stk-block stk-a08b1ac\" id=\"span-style-color-000000-class-stk-highlight-2025-2026-span\" data-block-id=\"a08b1ac\"><style>.stk-a08b1ac .stk-block-heading__text{color:#000000 !important;font-weight:500 !important;font-family:\"ArgentumSans\", Sans-serif !important;}<\/style><h4 class=\"stk-block-heading__text has-text-color\"><span style=\"color: #000000;\" class=\"stk-highlight\">2025-2026<\/span><\/h4><\/div>\n<\/div><\/div>\n<\/div><\/div><\/summary>\n\n\n\n<div class=\"wp-block-stackable-column stk-block-column stk-column stk-block stk-6028bc6 stk-block-accordion__content\" data-v=\"4\" data-block-id=\"6028bc6\"><style>.stk-6028bc6 {margin-top:-30px !important;}<\/style><div class=\"stk-column-wrapper stk-block-column__content stk-container stk-6028bc6-container stk--no-background stk--no-padding\"><div class=\"stk-block-content stk-inner-blocks stk-6028bc6-inner-blocks\">\n<h3 class=\"wp-block-heading\">Normativa y otros documentos<\/h3>\n\n\n\n<ul class=\"wp-block-list\">\n<li><a href=\"https:\/\/drive.google.com\/file\/d\/1ANpEZhlOYt0Yt4QOFmCIYXje0yb5ZcCv\/view?usp=drive_link\" target=\"_blank\" rel=\"noreferrer noopener\" target=\"_blank\" rel=\"noopener\">Reglamento de la asignatura TFG de la ULL\u00a0<\/a>\u00a0(Aprobado en Consejo de Gobierno de 6 noviembre de 2024)<\/li>\n\n\n\n<li><a href=\"https:\/\/drive.google.com\/file\/d\/1UjUyAoawf68jKbsz5aJE_zzcRC2w39F_\/view?usp=drive_link\" target=\"_blank\" rel=\"noreferrer noopener\" target=\"_blank\" rel=\"noopener\">Procedimiento para la elaboraci\u00f3n, presentaci\u00f3n, evaluaci\u00f3n y gesti\u00f3n de los TFG<\/a>\u00a0(Aprobado por la Junta de la Facultad de Educaci\u00f3n el 4 de julio de 2025)<\/li>\n<\/ul>\n\n\n\n<h3 class=\"wp-block-heading\">Organizaci\u00f3n y coordinaci\u00f3n del TFG<\/h3>\n\n\n\n<p>Consultar los art\u00edculos 5, 6 y 8 del Procedimiento para la elaboraci\u00f3n, presentaci\u00f3n, evaluaci\u00f3n y gesti\u00f3n de los TFG.<\/p>\n\n\n\n<h3 class=\"wp-block-heading\">Tutorizaci\u00f3n y desarrollo del TFG<\/h3>\n\n\n\n<p>Consultar los art\u00edculos 3, 4, 8 y 9 del Procedimiento para la elaboraci\u00f3n, presentaci\u00f3n, evaluaci\u00f3n y gesti\u00f3n de los TFG.<\/p>\n\n\n\n<h3 class=\"wp-block-heading\"><strong>Presentaci\u00f3n de las memorias de TFG<\/strong><\/h3>\n\n\n\n<p>De acuerdo con el art\u00edculo 10 del Procedimiento para la elaboraci\u00f3n, presentaci\u00f3n, evaluaci\u00f3n y gesti\u00f3n de los TFG.<\/p>\n\n\n\n<ol class=\"wp-block-list\">\n<li>El estudiantado deber\u00e1 entregar en formato PDF su TFG mediante el procedimiento habilitado para tal fin en la sede electr\u00f3nica y en el plazo que establezca el Vicerrectorado de Estudiantes y, en su caso, la Facultad.<\/li>\n\n\n\n<li>El o la estudiante es la persona responsable del TFG y ser\u00e1 qui\u00e9n tome la decisi\u00f3n de depositar o no el trabajo para su presentaci\u00f3n y defensa, sin necesidad de contar para ello con la autorizaci\u00f3n expresa de las personas que lo hayan tutorizado. El nombre de las personas que han realizado la tutorizaci\u00f3n solo constar\u00e1 en la portada\/memoria del TFG, si han autorizado el dep\u00f3sito. Cuando no hay autorizaci\u00f3n por parte de la tutora o del tutor, el TFG no podr\u00e1 ser publicado en el repositorio institucional.<\/li>\n\n\n\n<li>El r\u00e9gimen de convocatorias de los TFG ser\u00e1 el mismo que el establecido para el resto de las asignaturas del Grado con las especificidades existentes en el calendario acad\u00e9mico anual de la ULL.<\/li>\n\n\n\n<li>La memoria deber\u00e1 respetar las normas de estilo, formato y presentaci\u00f3n que se indican en la gu\u00eda docente de la asignatura.<\/li>\n<\/ol>\n\n\n\n<h3 class=\"wp-block-heading\"><strong>Criterios para la concesi\u00f3n de Matr\u00edcula de Honor<\/strong><\/h3>\n\n\n\n<p>De acuerdo con el art\u00edculo 12.9 y 12.10 del Procedimiento para la elaboraci\u00f3n, presentaci\u00f3n, evaluaci\u00f3n y gesti\u00f3n de los TFG, se establece lo siguiente:<\/p>\n\n\n\n<p>12.9. Para la concesi\u00f3n de MH, se constituir\u00e1 como tribunal la CTFG del t\u00edtulo que evaluar\u00e1 todas las propuestas debidamente motivadas. Estas propuestas ser\u00e1n presentadas por el profesorado responsable.<br>La CTFG podr\u00e1 delegar en la persona que coordine la asignatura de TFG la evaluaci\u00f3n de las propuestas quien puede proponer una subcomisi\u00f3n espec\u00edfica para ello de entre los y las docentes de la asignatura.<br>La calificaci\u00f3n m\u00ednima que deber\u00e1 tener un o una estudiante para la concesi\u00f3n de la MH es de 9.<br>12.10. En el caso de que el n\u00famero de propuestas de menciones de MH sea superior al n\u00famero de menciones disponibles, se utilizar\u00e1n los siguientes criterios de prelaci\u00f3n en el orden que se presenta a continuaci\u00f3n:<br>a) valoraci\u00f3n por el tribunal de la memoria final<br>b) mayor calificaci\u00f3n en la presentaci\u00f3n y defensa del TFG y<br>c) mayor calificaci\u00f3n de la memoria final<br>d) por este orden: mayor n\u00famero de \u201cmatr\u00edculas de honor\u201d, mayor n\u00famero de sobresalientes y mayor n\u00famero de notables obtenidos por la o el estudiante durante la realizaci\u00f3n del Grado.<\/p>\n\n\n\n<h3 class=\"wp-block-heading\"><strong>Otros documentos de inter\u00e9s<\/strong><\/h3>\n\n\n\n<ul class=\"wp-block-list\">\n<li>Fechas y presentaci\u00f3n y defensa de los TFG<\/li>\n\n\n\n<li><a href=\"https:\/\/drive.google.com\/file\/d\/11yAYg0Fa3mw0F8HoeUV1GslyKY6l5_8X\/view?usp=drive_link\" target=\"_blank\" rel=\"noreferrer noopener\" target=\"_blank\" rel=\"noopener\">Gu\u00eda de asesoramiento para el profesorado<\/a><\/li>\n\n\n\n<li><a href=\"https:\/\/drive.google.com\/file\/d\/18t3YBB-ipVlAR-oxRFX0PPGUKEX64Xky\/view\" target=\"_blank\" rel=\"noreferrer noopener\" target=\"_blank\" rel=\"noopener\">Gu\u00eda de asesoramiento para el alumnado<\/a><\/li>\n<\/ul>\n<\/div><\/div><\/div>\n<\/details>\n<\/div><\/div><\/div>\n<\/div><\/div>\n","protected":false},"excerpt":{"rendered":"<p>Projet de fin d&#039;\u00e9tudes. Le cursus de licence en sciences de l&#039;activit\u00e9 physique et du sport comprend 6 cr\u00e9dits pour le projet de fin d&#039;\u00e9tudes, r\u00e9alis\u00e9 en quatri\u00e8me ann\u00e9e. Ce projet est r\u00e9gi par l&#039;article 14.6 du d\u00e9cret royal 288\/2021 et le r\u00e8glement\u2026<\/p>","protected":false},"author":1,"featured_media":0,"parent":270,"menu_order":3,"comment_status":"closed","ping_status":"closed","template":"templates\/template-frontpage.php","meta":{"footnotes":""},"class_list":["post-33","page","type-page","status-publish","hentry"],"_links":{"self":[{"href":"https:\/\/www.ull.es\/grados\/ciencias-actividad-fisica-deporte\/fr\/wp-json\/wp\/v2\/pages\/33","targetHints":{"allow":["GET"]}}],"collection":[{"href":"https:\/\/www.ull.es\/grados\/ciencias-actividad-fisica-deporte\/fr\/wp-json\/wp\/v2\/pages"}],"about":[{"href":"https:\/\/www.ull.es\/grados\/ciencias-actividad-fisica-deporte\/fr\/wp-json\/wp\/v2\/types\/page"}],"author":[{"embeddable":true,"href":"https:\/\/www.ull.es\/grados\/ciencias-actividad-fisica-deporte\/fr\/wp-json\/wp\/v2\/users\/1"}],"replies":[{"embeddable":true,"href":"https:\/\/www.ull.es\/grados\/ciencias-actividad-fisica-deporte\/fr\/wp-json\/wp\/v2\/comments?post=33"}],"version-history":[{"count":46,"href":"https:\/\/www.ull.es\/grados\/ciencias-actividad-fisica-deporte\/fr\/wp-json\/wp\/v2\/pages\/33\/revisions"}],"predecessor-version":[{"id":1265,"href":"https:\/\/www.ull.es\/grados\/ciencias-actividad-fisica-deporte\/fr\/wp-json\/wp\/v2\/pages\/33\/revisions\/1265"}],"up":[{"embeddable":true,"href":"https:\/\/www.ull.es\/grados\/ciencias-actividad-fisica-deporte\/fr\/wp-json\/wp\/v2\/pages\/270"}],"wp:attachment":[{"href":"https:\/\/www.ull.es\/grados\/ciencias-actividad-fisica-deporte\/fr\/wp-json\/wp\/v2\/media?parent=33"}],"curies":[{"name":"wp","href":"https:\/\/api.w.org\/{rel}","templated":true}]}}