{"id":35,"date":"2017-06-28T12:58:08","date_gmt":"2017-06-28T12:58:08","guid":{"rendered":"http:\/\/www.ull.es\/masteres\/desarrollo-y-gestion-de-recursos-humanos\/?page_id=26"},"modified":"2025-12-15T07:57:08","modified_gmt":"2025-12-15T07:57:08","slug":"descripcion-del-titulo","status":"publish","type":"page","link":"https:\/\/www.ull.es\/grados\/ciencias-ambientales\/informacion-academica\/descripcion-del-titulo\/","title":{"rendered":"Descripci\u00f3n del t\u00edtulo"},"content":{"rendered":"\n<div class=\"wp-block-stackable-columns alignfull stk-block-columns stk-block stk-8657999\" data-block-id=\"8657999\"><style>.stk-8657999 {padding-bottom:0px !important;margin-top:-30px !important;margin-bottom:0px !important;}@media screen and (max-width: 767px){.stk-8657999 {margin-top:-10% !important;}}<\/style><div class=\"stk-row stk-inner-blocks stk-block-content stk-content-align stk-8657999-column alignfull\">\n<div class=\"wp-block-stackable-column stk-block-column stk-column stk-block stk-914f03e\" data-v=\"4\" data-block-id=\"914f03e\"><div class=\"stk-column-wrapper stk-block-column__content stk-container stk-914f03e-container stk--no-background stk--no-padding\"><div class=\"stk-block-content stk-inner-blocks stk-914f03e-inner-blocks\"><style id=\"depicter-1-inline-pre-css\">\n\n.depicter-1:not(.depicter-ready){\n\theight:500px;\n}\n\n\/***** Tablet *****\/\n@media screen and (max-width: 1024px){\n\n.depicter-1:not(.depicter-ready){\n\theight:700px;\n}\n\n}\n\/***** Mobile *****\/\n@media screen and (max-width: 767px){\n\n.depicter-1:not(.depicter-ready){\n\theight:360px;\n}\n\n}\n<\/style>\n<div id=\"depicter-1\" class=\"depicter depicter-document depicter-revert depicter-1 depicter-layout-fullwidth\">\n\n<div class=\"depicter-loading-container depicter-loading dotFlashing-dark\"><div class=\"depicter-loading-dark depicter-dot-flashing\">\n   <span><\/span>\n   <span><\/span>\n   <span><\/span>\n<\/div>\n<\/div>\n<div id=\"depicter-1-section-1\" class=\"depicter-section depicter-1-section-1\" data-name=\"Section 1\" data-type=\"section\" data-local-id=\"section-1\">\n<picture class=\"depicter-bg\">\n<source data-depicter-srcset=\"https:\/\/www.ull.es\/grados\/ciencias-ambientales\/wp-content\/uploads\/sites\/44\/2025\/03\/DSC_0798-768x432.jpg, https:\/\/www.ull.es\/grados\/ciencias-ambientales\/wp-content\/uploads\/sites\/44\/2025\/03\/DSC_0798.jpg 2x\" srcset=\"data:image\/gif;base64,R0lGODlhAQABAIAAAAAAAP\/\/\/yH5BAEAAAAALAAAAAABAAEAAAIBRAA7\" media=\"(max-width: 1024px)\" \/>\n\n<source data-depicter-srcset=\"https:\/\/www.ull.es\/grados\/ciencias-ambientales\/wp-content\/uploads\/sites\/44\/2025\/03\/DSC_0798.jpg, https:\/\/www.ull.es\/grados\/ciencias-ambientales\/wp-content\/uploads\/sites\/44\/2025\/03\/DSC_0798-1600x900.jpg 2x\" srcset=\"data:image\/gif;base64,R0lGODlhAQABAIAAAAAAAP\/\/\/yH5BAEAAAAALAAAAAABAAEAAAIBRAA7\" media=\"(min-width: 1025px)\" \/>\n<img decoding=\"async\" src=\"data:image\/gif;base64,R0lGODlhAQABAIAAAAAAAP\/\/\/yH5BAEAAAAALAAAAAABAAEAAAIBRAA7\" data-ken-burns=\"false\" data-tablet-ken-burns=\"false\" data-mobile-ken-burns=\"false\" alt=\"\" data-depicter-src=\"https:\/\/www.ull.es\/grados\/ciencias-ambientales\/wp-content\/uploads\/sites\/44\/2025\/03\/DSC_0798.jpg\" data-object-fit=\"custom,custom,\" data-object-position=\"center top,,\" data-crop=\"{'focalPoint':{'x':0.5,'y':0.5},'mediaSize':{'width':1200,'height':675}}\" data-tablet-crop=\"{'focalPoint':{'x':0.5,'y':0.5},'mediaSize':{'width':1244.444444444444570763153024017810821533203125,'height':700}}\" data-mobile-crop=\"{'focalPoint':{'x':0.5,'y':0.5},'mediaSize':{'width':640,'height':360}}\" \/>\n<\/picture>\n\n\n<h1 id=\"depicter-1-element-5\" class=\"depicter-element depicter-layer depicter-1-element-5\" data-type=\"text\" data-wrap=\"true\" data-name=\"Text 2\" data-local-id=\"element-5\" data-offset=\"x:223px;y:149px;origin:tl\" data-tablet-offset=\"x:293px;y:293px;origin:tl\" data-mobile-offset=\"x:37px;y:-144px;origin:tl\" data-width=\"755px,589px,348px\" data-height=\"auto,auto,auto\" data-responsive-scale=\"true,,\">Grado en Ciencias Ambientales<\/h1>\n\n<div id=\"depicter-1-element-10\" class=\"depicter-element depicter-layer depicter-1-element-10\" data-type=\"shape\" data-wrap=\"true\" data-name=\"Shape 1\" data-local-id=\"element-10\" data-offset=\"x:223px;y:371px;origin:tl\" data-tablet-offset=\"x:293px;y:420px;origin:tl\" data-mobile-offset=\"x:37px;y:16px;origin:tl\" data-width=\"755px,433px,261px\" data-height=\"8px,8px,8px\" data-responsive-scale=\"true,,\"><\/div>\n<\/div>\n<\/div>\n<script>\n(window.depicterSetups = window.depicterSetups || []).push(function(){\n\tDepicter.basePath = 'https:\/\/www.ull.es\/grados\/ciencias-ambientales\/wp-content\/plugins\/depicter\/resources\/scripts\/player\/';\n\tconst dpPlayer = Depicter.setup('.depicter-1',\n\t\t{\"width\":[\"1200\",\"1024\",\"360\"],\"height\":[\"500\",\"700\",\"360\"],\"view\":\"basic\",\"keepAspectRatio\":true,\"preload\":0,\"layout\":\"fullwidth\",\"rtl\":false,\"initAfterAppear\":false,\"ajaxApiUrl\":\"https:\\\/\\\/www.ull.es\\\/grados\\\/ciencias-ambientales\\\/wp-admin\\\/admin-ajax.php\",\"mouseSwipe\":true,\"touchSwipe\":true,\"useWatermark\":false}\n\t);\n});\n<\/script><\/div><\/div><\/div>\n<\/div><\/div>\n\n\n\n<div class=\"wp-block-stackable-columns alignfull stk-block-columns stk--hide-mobile stk-block stk-ceecbdc stk-block-background\" data-block-id=\"ceecbdc\"><style>.stk-ceecbdc {background-color:#360060 !important;padding-top:35px !important;padding-right:0px !important;padding-bottom:2px !important;padding-left:0px !important;margin-top:-20px !important;margin-bottom:70px !important;}.stk-ceecbdc:before{background-color:#360060 !important;}<\/style><div class=\"stk-row stk-inner-blocks stk-block-content stk-content-align stk-ceecbdc-column alignfull\">\n<div class=\"wp-block-stackable-column stk-block-column stk-column stk-block stk-fc60a5d\" data-v=\"4\" data-block-id=\"fc60a5d\"><div class=\"stk-column-wrapper stk-block-column__content stk-container stk-fc60a5d-container stk--no-background stk--no-padding\"><div class=\"stk-block-content stk-inner-blocks stk-fc60a5d-inner-blocks\">\n<div class=\"wp-block-stackable-spacer stk-block-spacer stk--no-padding stk-block stk-a3a8a68\" data-block-id=\"a3a8a68\"><style>.stk-a3a8a68 {height:0px !important;}<\/style><\/div>\n<\/div><\/div><\/div>\n<\/div><\/div>\n\n\n\n<div class=\"wp-block-stackable-columns alignwide stk-block-columns stk-block stk-3627255\" data-block-id=\"3627255\"><style>.stk-3627255 {padding-right:16% !important;padding-left:16% !important;margin-bottom:18px !important;}<\/style><div class=\"stk-row stk-inner-blocks stk-block-content stk-content-align stk-3627255-column alignwide\">\n<div class=\"wp-block-stackable-column stk-block-column stk-column stk-block stk-81e665a\" data-v=\"4\" data-block-id=\"81e665a\"><div class=\"stk-column-wrapper stk-block-column__content stk-container stk-81e665a-container stk--no-background stk--no-padding\"><div class=\"stk-block-content stk-inner-blocks stk-81e665a-inner-blocks\">\n<div class=\"wp-block-stackable-heading stk-block-heading stk-block-heading--v2 stk-block stk-97878e6\" id=\"descripcion-del-titulo\" data-block-id=\"97878e6\"><style>.stk-97878e6 .stk-block-heading__text{color:#5c068c !important;}<\/style><h1 class=\"stk-block-heading__text has-text-color\">Descripci\u00f3n del t\u00edtulo<\/h1><\/div>\n\n\n\n<style>\n.hoverable {\n  transition: transform 0.3s, box-shadow 0.3s;\n  cursor: pointer;\n}\n.hoverable:hover {\n  transform: scale(1.02);\n  box-shadow: 0 0.5rem 1rem rgba(0,0,0,0.25);\n  \/* Mantiene el color de fondo original *\/\n}\n<\/style>\n\n<!-- Tabla general con estilo similar -->\n<table class=\"table table-bordered table-striped align-middle text-center shadow-sm rounded overflow-hidden table-hover-effect\" style=\"border-collapse: separate; border-spacing: 0; box-shadow: 0 0.5rem 1rem rgba(0,0,0,0.15); border-radius:2rem; width:100%;\">\n  <tbody>\n    <tr style=\"background-color:#360060; color:#fff;\">\n      <td class=\"hoverable fw-bold\" style=\"width:30%; border-top-left-radius: 1.5rem; font-weight:bold;\">Nombre del t\u00edtulo:<\/td>\n      <td class=\"hoverable\" style=\"border-top-right-radius: 1.5rem; font-weight:bold;\">\tGraduado o Graduada en Ciencias Ambientales por la Universidad de La Laguna<\/td>\n    <\/tr>\n    <tr style=\"background-color:#f8f9fa;\">\n      <td class=\"hoverable fw-bold\" style=\"font-weight:bold;\">Universidad y centros responsables:<\/td>\n      <td class=\"hoverable\">Universidad de La Laguna. <a href=\"https:\/\/www.ull.es\/centros\/facultad-ciencias\" target=\"_blank\" rel=\"noopener\">Facultad de Ciencias. <\/a> Secci\u00f3n de Qu\u00edmica<\/td>\n    <\/tr>\n    <tr style=\"background-color:#fff;\">\n      <td class=\"hoverable fw-bold\" style=\"font-weight:bold;\">Modalidad de ense\u00f1anza:<\/td>\n      <td class=\"hoverable\">Presencial<\/td>\n    <\/tr>\n    <tr style=\"background-color:#f8f9fa;\">\n      <td class=\"hoverable fw-bold\" style=\"font-weight:bold;\">Lugar de impartici\u00f3n<\/td>\n     <td class=\"hoverable\"><a href=\"https:\/\/www.ull.es\/centros\/facultad-humanidades\/\" target=\"_blank\" rel=\"noopener\">Facultad de Ciencias<\/a><\/td>\n    <\/tr>\n    <tr style=\"background-color:#fff;\">\n      <td class=\"hoverable fw-bold\" width=\"30%\" style=\"font-weight:bold;\">Plazas ofertadas:<\/td>\n      <td class=\"hoverable\" width=\"70%\">50 plazas de nuevo ingreso<\/td>\n    <\/tr>\n    <tr style=\"background-color:#f8f9fa;\">\n      <td class=\"hoverable fw-bold\" style=\"font-weight:bold;\">N\u00famero de cr\u00e9ditos:<\/td>\n      <td class=\"hoverable\">240 ECTS Para obtener el Grado en Ciencias Ambientales. 60 ECTS por curso, para alumnos de nuevo ingreso; 30 ECTS por curso en la modalidad de tiempo parcial (20% de plazas).<\/td>\n    <\/tr>\n    <tr style=\"background-color:#f8f9fa;\">\n      <td class=\"hoverable fw-bold\" style=\"font-weight:bold;\">Precio del primer curso<\/td>\n      <td class=\"hoverable\"><a href=\"https:\/\/drive.google.com\/file\/d\/1RJF-XXHOh4JxxZCb0C1K7i4e8hNBzh96\/view\" target=\"_blank\" rel=\"noopener\">Enlace<\/a><\/td>\n    <\/tr>\n    <tr style=\"background-color:#fff;\">\n      <td class=\"hoverable fw-bold\" style=\"font-weight:bold;\">Duraci\u00f3n del t\u00edtulo<\/td>\n      <td class=\"hoverable\">4 a\u00f1os<\/td>\n    <\/tr>\n    <tr style=\"background-color:#fff;\">\n      <td class=\"hoverable fw-bold\" style=\"font-weight:bold;\">Idiomas en los que se imparte:<\/td>\n      <td class=\"hoverable\">Espa\u00f1ol<\/td>\n    <\/tr>\n    <tr style=\"background-color:#f8f9fa;\">\n      <td class=\"hoverable fw-bold\" style=\"border-bottom-left-radius: 1.5rem; font-weight:bold;\">Justificaci\u00f3n del t\u00edtulo<\/td>\n      <td class=\"hoverable\" style=\"border-bottom-right-radius: 1.5rem;\"><a href=\"https:\/\/drive.google.com\/open?id=1HkSd_SWZaheZr3C5dNt0vdbAFey-_otT\" target=\"_blank\" rel=\"noopener\">Acceso a la justificaci\u00f3n<\/a><\/td>\n    <\/tr>\n  <\/tbody>\n<\/table>\n\n\n\n<h3 class=\"wp-block-heading\">Denominaci\u00f3n<\/h3>\n\n\n\n<p>Graduado\/Graduada en Ciencias Ambientales por la Universidad de La Laguna.<\/p>\n\n\n\n<h3 class=\"wp-block-heading\"><strong>Centro responsable de la ense\u00f1anza conducente al t\u00edtulo<\/strong><\/h3>\n\n\n\n<p>Facultad de Ciencias\/Secci\u00f3n de Qu\u00edmica.<br>Universidad de La Laguna (ULL).<\/p>\n\n\n\n<h3 class=\"wp-block-heading\"><strong>Tipo de ense\u00f1anza<\/strong><\/h3>\n\n\n\n<p>Presencial<\/p>\n\n\n\n<h3 class=\"wp-block-heading\"><strong>N\u00famero de plazas de nuevo ingreso ofertadas<\/strong><\/h3>\n\n\n\n<p>Se ofertar\u00e1n 50 plazas durante el per\u00edodo de implantaci\u00f3n de la titulaci\u00f3n. A partir de la implantaci\u00f3n del \u00faltimo a\u00f1o se podr\u00e1 aumentar la oferta, en el n\u00famero que estime oportuno la ULL, en atenci\u00f3n a la demanda.<\/p>\n\n\n\n<p>La selecci\u00f3n del alumnado de nuevo ingreso se regir\u00e1 por la normativa general de gesti\u00f3n acad\u00e9mica de la ULL; en particular, la que regula los procedimientos de selecci\u00f3n para el ingreso en los Centros Universitarios del estudiantado que re\u00fana los requisitos legales para el acceso a la universidad, que se puede encontrar en la Instrucci\u00f3n Reguladora del Procedimiento de Acceso.<\/p>\n\n\n\n<h3 class=\"wp-block-heading\"><strong>N\u00famero de cr\u00e9ditos de matr\u00edcula por estudiante y per\u00edodo lectivo y, en su caso, normas de permanencia<\/strong><\/h3>\n\n\n\n<p>El n\u00famero m\u00ednimo de cr\u00e9ditos en que deber\u00e1n matricularse los estudiantes que inicien la titulaci\u00f3n se fija anualmente a trav\u00e9s de un Decreto de la Consejer\u00eda de Educaci\u00f3n, Universidades, Cultura y Deportes del Gobierno de Canarias (Decreto 62\/2012, de 11 de julio, por el que se fijan los precios p\u00fablicos a satisfacer por la prestaci\u00f3n de servicios acad\u00e9micos de car\u00e1cter universitario para el curso 2012-2013) por las universidades p\u00fablicas de la Comunidad Aut\u00f3noma de Canarias. (Decreto 62\/2012, de 11 de julio, por el que se fijan los precios p\u00fablicos a satisfacer por la prestaci\u00f3n de servicios acad\u00e9micos de car\u00e1cter universitario para el curso 2012-13) por las universidades p\u00fablicas de la Comunidad Aut\u00f3noma de Canarias&nbsp;(BOC de 19 de julio de 2012).<\/p>\n\n\n\n<p>Seg\u00fan este decreto el n\u00famero m\u00ednimo depende del estudiante, as\u00ed el art\u00edculo 3 establece que:<\/p>\n\n\n\n<ul class=\"wp-block-list\">\n<li>El alumnado que inicie sus estudios deber\u00e1 matricularse del primer curso completo<\/li>\n\n\n\n<li>Para el Grado de Ciencias Ambientales se recomienda que el alumnado se matricule el primer a\u00f1o de 60 cr\u00e9ditos ECTS. No obstante, y con el objeto de dar cabida al estudiantado en modalidad de tiempo parcial, se establecen 30 ECTS como n\u00famero m\u00ednimo de cr\u00e9ditos en que el estudiantado se puede matricular por primera vez en el Grado de Ciencias Ambientales.<\/li>\n\n\n\n<li>El estudiantado que contin\u00fae sus estudios se deber\u00e1 de matricular de un n\u00famero de cr\u00e9ditos m\u00e1ximo y m\u00ednimo de acuerdo con la instrucci\u00f3n reguladora de matr\u00edcula universitaria que cada a\u00f1o publica la Secretar\u00eda General de la ULL y de acuerdo con lo establecido en la\u00a0<a href=\"https:\/\/sede.ull.es\/ecivilis-site\/bulletinBoard\/showBulletin\/22061:1\" target=\"_blank\" rel=\"noreferrer noopener\" target=\"_blank\" rel=\"noopener\">Normativa de Progreso y Permanencia en las Titulaciones de Grado de la Universidad de La Laguna<\/a>.<\/li>\n<\/ul>\n\n\n\n<h4 class=\"wp-block-heading\"><strong>Necesidades Educativas Especiales<\/strong><\/h4>\n\n\n\n<p>En el curso 1999\/2000, el Vicerrectorado de Alumnado de la Universidad de La Laguna puso en marcha el Programa de Atenci\u00f3n a Estudiantes con Discapacidad, con el objetivo de garantizar la igualdad de condiciones de los estudiantes con discapacidad con las del resto de estudiantes, integrando a estas personas en la Universidad en todos los aspectos que afecten a los estudios y la vida universitaria. Para ello, anualmente se realizan una serie de proyectos y actuaciones que se resumen en:<\/p>\n\n\n\n<ul class=\"wp-block-list\">\n<li>Informar y asesorar al alumnado afectado que vaya a acceder a la ULL.<\/li>\n\n\n\n<li>Elaborar y actualizar el censo de alumnado con discapacidad de la ULL como mecanismo para garantizarle una atenci\u00f3n personalizada.<\/li>\n\n\n\n<li>Atender los problemas de integraci\u00f3n que tenga el estudiantado, conocer sus necesidades y darles respuesta.<\/li>\n\n\n\n<li>Promover la eliminaci\u00f3n de barreras arquitect\u00f3nicas y de la comunicaci\u00f3n, realizando estudios de accesibilidad en los edificios universitarios.<\/li>\n\n\n\n<li>Mantener contacto y atenci\u00f3n directa con todo aquel estudiantado que acuda al Programa.<\/li>\n\n\n\n<li>Informar y asesorar al profesorado sobre las dificultades de su alumnado y la did\u00e1ctica espec\u00edfica para cada uno de ellos.<\/li>\n\n\n\n<li>Ofertar las ayudas t\u00e9cnicas que requiera el estudiantado con discapacidad.<\/li>\n\n\n\n<li>Informar sobre titulaciones, cursos de formaci\u00f3n, congresos, actividades deportivas y otras actividades relacionadas con el mundo de la discapacidad.<\/li>\n\n\n\n<li>Fomentar y apoyar el asociacionismo entre el estudiantado con discapacidad.<\/li>\n\n\n\n<li>Realizar campa\u00f1as de sensibilizaci\u00f3n y formaci\u00f3n sobre temas de discapacidad dirigidas a la comunidad universitaria.<\/li>\n\n\n\n<li>Colaborar y coordinarse con aquellas instituciones y organizaciones vinculadas al campo de la discapacidad.<\/li>\n<\/ul>\n\n\n\n<p><a href=\"https:\/\/www.ull.es\/la-universidad\/inclusion\/\" target=\"_blank\" rel=\"noreferrer noopener\" target=\"_blank\" rel=\"noopener\">Programa de Atenci\u00f3n a Estudiantes con Necesidades Espec\u00edficas de Apoyo Educativo (PAED de la ULL)<\/a><\/p>\n\n\n\n<h3 class=\"wp-block-heading\"><strong>Resto de informaci\u00f3n necesaria para la expedici\u00f3n del Suplemento Europeo al t\u00edtulo de acuerdo con la normativa vigente<\/strong><\/h3>\n\n\n\n<p>El procedimiento para la expedici\u00f3n del Suplemento Europeo al T\u00edtulo se ajustar\u00e1 a lo establecido en el Real Decreto 1044\/2003, de 1 de agosto (BOE del 11 de septiembre de 2003).<\/p>\n\n\n\n<h3 class=\"wp-block-heading\"><strong>Idioma en el que se imparte el t\u00edtulo<\/strong><\/h3>\n\n\n\n<p>El idioma utilizado a lo largo del proceso formativo es el castellano, no obstante, distintas actividades dentro de cada asignatura se imparten en ingl\u00e9s (constituyendo un m\u00ednimo de 12 ECTS).<\/p>\n<\/div><\/div><\/div>\n<\/div><\/div>\n","protected":false},"excerpt":{"rendered":"<p>Descripci\u00f3n del t\u00edtulo Nombre del t\u00edtulo: Graduado o Graduada en Ciencias Ambientales por la Universidad de La Laguna Universidad y centros responsables: Universidad de La Laguna. Facultad de Ciencias. Secci\u00f3n de Qu\u00edmica Modalidad de ense\u00f1anza: Presencial Lugar de impartici\u00f3n Facultad de Ciencias Plazas ofertadas: 50 plazas de nuevo ingreso N\u00famero de cr\u00e9ditos: 240 ECTS Para&#8230;<\/p>\n","protected":false},"author":1,"featured_media":0,"parent":252,"menu_order":0,"comment_status":"closed","ping_status":"closed","template":"templates\/template-frontpage.php","meta":{"footnotes":""},"class_list":["post-35","page","type-page","status-publish","hentry"],"_links":{"self":[{"href":"https:\/\/www.ull.es\/grados\/ciencias-ambientales\/wp-json\/wp\/v2\/pages\/35","targetHints":{"allow":["GET"]}}],"collection":[{"href":"https:\/\/www.ull.es\/grados\/ciencias-ambientales\/wp-json\/wp\/v2\/pages"}],"about":[{"href":"https:\/\/www.ull.es\/grados\/ciencias-ambientales\/wp-json\/wp\/v2\/types\/page"}],"author":[{"embeddable":true,"href":"https:\/\/www.ull.es\/grados\/ciencias-ambientales\/wp-json\/wp\/v2\/users\/1"}],"replies":[{"embeddable":true,"href":"https:\/\/www.ull.es\/grados\/ciencias-ambientales\/wp-json\/wp\/v2\/comments?post=35"}],"version-history":[{"count":50,"href":"https:\/\/www.ull.es\/grados\/ciencias-ambientales\/wp-json\/wp\/v2\/pages\/35\/revisions"}],"predecessor-version":[{"id":1698,"href":"https:\/\/www.ull.es\/grados\/ciencias-ambientales\/wp-json\/wp\/v2\/pages\/35\/revisions\/1698"}],"up":[{"embeddable":true,"href":"https:\/\/www.ull.es\/grados\/ciencias-ambientales\/wp-json\/wp\/v2\/pages\/252"}],"wp:attachment":[{"href":"https:\/\/www.ull.es\/grados\/ciencias-ambientales\/wp-json\/wp\/v2\/media?parent=35"}],"curies":[{"name":"wp","href":"https:\/\/api.w.org\/{rel}","templated":true}]}}