{"id":37,"date":"2017-06-28T12:58:45","date_gmt":"2017-06-28T12:58:45","guid":{"rendered":"http:\/\/www.ull.es\/masteres\/desarrollo-y-gestion-de-recursos-humanos\/?page_id=30"},"modified":"2025-11-11T12:44:00","modified_gmt":"2025-11-11T12:44:00","slug":"perfil-de-ingreso-y-egreso","status":"publish","type":"page","link":"https:\/\/www.ull.es\/grados\/ciencias-ambientales\/informacion-academica\/perfil-de-ingreso-y-egreso\/","title":{"rendered":"Perfil de ingreso y egreso"},"content":{"rendered":"\n<div class=\"wp-block-stackable-columns alignfull stk-block-columns stk-block stk-8657999\" data-block-id=\"8657999\"><style>.stk-8657999 {padding-bottom:0px !important;margin-top:-30px !important;margin-bottom:0px !important;}@media screen and (max-width: 767px){.stk-8657999 {margin-top:-10% !important;}}<\/style><div class=\"stk-row stk-inner-blocks stk-block-content stk-content-align stk-8657999-column alignfull\">\n<div class=\"wp-block-stackable-column stk-block-column stk-column stk-block stk-914f03e\" data-v=\"4\" data-block-id=\"914f03e\"><div class=\"stk-column-wrapper stk-block-column__content stk-container stk-914f03e-container stk--no-background stk--no-padding\"><div class=\"stk-block-content stk-inner-blocks stk-914f03e-inner-blocks\"><style id=\"depicter-1-inline-pre-css\">\n\n.depicter-1:not(.depicter-ready){\n\theight:500px;\n}\n\n\/***** Tablet *****\/\n@media screen and (max-width: 1024px){\n\n.depicter-1:not(.depicter-ready){\n\theight:700px;\n}\n\n}\n\/***** Mobile *****\/\n@media screen and (max-width: 767px){\n\n.depicter-1:not(.depicter-ready){\n\theight:360px;\n}\n\n}\n<\/style>\n<div id=\"depicter-1\" class=\"depicter depicter-document depicter-revert depicter-1 depicter-layout-fullwidth\">\n\n<div class=\"depicter-loading-container depicter-loading dotFlashing-dark\"><div class=\"depicter-loading-dark depicter-dot-flashing\">\n   <span><\/span>\n   <span><\/span>\n   <span><\/span>\n<\/div>\n<\/div>\n<div id=\"depicter-1-section-1\" class=\"depicter-section depicter-1-section-1\" data-name=\"Section 1\" data-type=\"section\" data-local-id=\"section-1\">\n<picture class=\"depicter-bg\">\n<source data-depicter-srcset=\"https:\/\/www.ull.es\/grados\/ciencias-ambientales\/wp-content\/uploads\/sites\/44\/2025\/03\/DSC_0798-768x432.jpg, https:\/\/www.ull.es\/grados\/ciencias-ambientales\/wp-content\/uploads\/sites\/44\/2025\/03\/DSC_0798.jpg 2x\" srcset=\"data:image\/gif;base64,R0lGODlhAQABAIAAAAAAAP\/\/\/yH5BAEAAAAALAAAAAABAAEAAAIBRAA7\" media=\"(max-width: 1024px)\" \/>\n\n<source data-depicter-srcset=\"https:\/\/www.ull.es\/grados\/ciencias-ambientales\/wp-content\/uploads\/sites\/44\/2025\/03\/DSC_0798.jpg, https:\/\/www.ull.es\/grados\/ciencias-ambientales\/wp-content\/uploads\/sites\/44\/2025\/03\/DSC_0798-1600x900.jpg 2x\" srcset=\"data:image\/gif;base64,R0lGODlhAQABAIAAAAAAAP\/\/\/yH5BAEAAAAALAAAAAABAAEAAAIBRAA7\" media=\"(min-width: 1025px)\" \/>\n<img decoding=\"async\" src=\"data:image\/gif;base64,R0lGODlhAQABAIAAAAAAAP\/\/\/yH5BAEAAAAALAAAAAABAAEAAAIBRAA7\" data-ken-burns=\"false\" data-tablet-ken-burns=\"false\" data-mobile-ken-burns=\"false\" alt=\"\" data-depicter-src=\"https:\/\/www.ull.es\/grados\/ciencias-ambientales\/wp-content\/uploads\/sites\/44\/2025\/03\/DSC_0798.jpg\" data-object-fit=\"custom,custom,\" data-object-position=\"center top,,\" data-crop=\"{'focalPoint':{'x':0.5,'y':0.5},'mediaSize':{'width':1200,'height':675}}\" data-tablet-crop=\"{'focalPoint':{'x':0.5,'y':0.5},'mediaSize':{'width':1244.444444444444570763153024017810821533203125,'height':700}}\" data-mobile-crop=\"{'focalPoint':{'x':0.5,'y':0.5},'mediaSize':{'width':640,'height':360}}\" \/>\n<\/picture>\n\n\n<h1 id=\"depicter-1-element-5\" class=\"depicter-element depicter-layer depicter-1-element-5\" data-type=\"text\" data-wrap=\"true\" data-name=\"Text 2\" data-local-id=\"element-5\" data-offset=\"x:223px;y:149px;origin:tl\" data-tablet-offset=\"x:293px;y:293px;origin:tl\" data-mobile-offset=\"x:37px;y:-144px;origin:tl\" data-width=\"755px,589px,348px\" data-height=\"auto,auto,auto\" data-responsive-scale=\"true,,\">Grado en Ciencias Ambientales<\/h1>\n\n<div id=\"depicter-1-element-10\" class=\"depicter-element depicter-layer depicter-1-element-10\" data-type=\"shape\" data-wrap=\"true\" data-name=\"Shape 1\" data-local-id=\"element-10\" data-offset=\"x:223px;y:371px;origin:tl\" data-tablet-offset=\"x:293px;y:420px;origin:tl\" data-mobile-offset=\"x:37px;y:16px;origin:tl\" data-width=\"755px,433px,261px\" data-height=\"8px,8px,8px\" data-responsive-scale=\"true,,\"><\/div>\n<\/div>\n<\/div>\n<script>\n(window.depicterSetups = window.depicterSetups || []).push(function(){\n\tDepicter.basePath = 'https:\/\/www.ull.es\/grados\/ciencias-ambientales\/wp-content\/plugins\/depicter\/resources\/scripts\/player\/';\n\tconst dpPlayer = Depicter.setup('.depicter-1',\n\t\t{\"width\":[\"1200\",\"1024\",\"360\"],\"height\":[\"500\",\"700\",\"360\"],\"view\":\"basic\",\"keepAspectRatio\":true,\"preload\":0,\"layout\":\"fullwidth\",\"rtl\":false,\"initAfterAppear\":false,\"ajaxApiUrl\":\"https:\\\/\\\/www.ull.es\\\/grados\\\/ciencias-ambientales\\\/wp-admin\\\/admin-ajax.php\",\"mouseSwipe\":true,\"touchSwipe\":true,\"useWatermark\":false}\n\t);\n});\n<\/script><\/div><\/div><\/div>\n<\/div><\/div>\n\n\n\n<div class=\"wp-block-stackable-columns alignfull stk-block-columns stk--hide-mobile stk-block stk-ceecbdc stk-block-background\" data-block-id=\"ceecbdc\"><style>.stk-ceecbdc {background-color:#360060 !important;padding-top:35px !important;padding-right:0px !important;padding-bottom:2px !important;padding-left:0px !important;margin-top:-20px !important;margin-bottom:70px !important;}.stk-ceecbdc:before{background-color:#360060 !important;}<\/style><div class=\"stk-row stk-inner-blocks stk-block-content stk-content-align stk-ceecbdc-column alignfull\">\n<div class=\"wp-block-stackable-column stk-block-column stk-column stk-block stk-fc60a5d\" data-v=\"4\" data-block-id=\"fc60a5d\"><div class=\"stk-column-wrapper stk-block-column__content stk-container stk-fc60a5d-container stk--no-background stk--no-padding\"><div class=\"stk-block-content stk-inner-blocks stk-fc60a5d-inner-blocks\">\n<div class=\"wp-block-stackable-spacer stk-block-spacer stk--no-padding stk-block stk-a3a8a68\" data-block-id=\"a3a8a68\"><style>.stk-a3a8a68 {height:0px !important;}<\/style><\/div>\n<\/div><\/div><\/div>\n<\/div><\/div>\n\n\n\n<div class=\"wp-block-stackable-columns alignwide stk-block-columns stk-block stk-3627255\" data-block-id=\"3627255\"><style>.stk-3627255 {padding-right:16% !important;padding-left:16% !important;margin-bottom:18px !important;}<\/style><div class=\"stk-row stk-inner-blocks stk-block-content stk-content-align stk-3627255-column alignwide\">\n<div class=\"wp-block-stackable-column stk-block-column stk-column stk-block stk-81e665a\" data-v=\"4\" data-block-id=\"81e665a\"><div class=\"stk-column-wrapper stk-block-column__content stk-container stk-81e665a-container stk--no-background stk--no-padding\"><div class=\"stk-block-content stk-inner-blocks stk-81e665a-inner-blocks\">\n<div class=\"wp-block-stackable-heading stk-block-heading stk-block-heading--v2 stk-block stk-97878e6\" id=\"perfil-de-ingreso-y-egreso\" data-block-id=\"97878e6\"><style>.stk-97878e6 .stk-block-heading__text{color:#5c068c !important;}<\/style><h1 class=\"stk-block-heading__text has-text-color\">Perfil de ingreso y egreso<\/h1><\/div>\n\n\n\n<div class=\"wp-block-stackable-heading stk-block-heading stk-block-heading--v2 stk-block stk-c1637bd\" id=\"perfil-de-ingreso\" data-block-id=\"c1637bd\"><style>.stk-c1637bd .stk-block-heading__text{color:#5c068c !important;}<\/style><h2 class=\"stk-block-heading__text has-text-color\">Perfil de ingreso<\/h2><\/div>\n\n\n\n<p>Dado que no se exige ninguna formaci\u00f3n previa espec\u00edfica, el alumnado puede ser admitido en la titulaci\u00f3n de Grado en Ciencias Ambientales por la Universidad de La Laguna si re\u00fane los requisitos generales de acceso que establece la ley. No obstante, se considera muy recomendable haber adquirido formaci\u00f3n previa, adem\u00e1s de en biolog\u00eda y geolog\u00eda, en otras materias b\u00e1sicas como f\u00edsica, qu\u00edmica y matem\u00e1ticas. Asimismo, el alumnado debe tener conocimientos b\u00e1sicos de ingl\u00e9s y de inform\u00e1tica. Por otra parte son cualidades deseables del futuro estudiantado del t\u00edtulo propuesto, entre otras:<\/p>\n\n\n\n<ul class=\"wp-block-list\">\n<li>Inquietud y curiosidad por el medio ambiente y su problem\u00e1tica<\/li>\n\n\n\n<li>Inter\u00e9s tanto por la ciencia, como por otras disciplinas relacionadas con el medioambiente<\/li>\n\n\n\n<li>Capacidad de esfuerzo y de trabajo en grupo<\/li>\n\n\n\n<li>Capacidad de razonamiento y el esp\u00edritu cr\u00edtico<\/li>\n<\/ul>\n\n\n\n<div class=\"wp-block-stackable-heading stk-block-heading stk-block-heading--v2 stk-block stk-9feabc6\" id=\"perfil-de-egreso\" data-block-id=\"9feabc6\"><style>.stk-9feabc6 .stk-block-heading__text{color:#5c068c !important;}<\/style><h2 class=\"stk-block-heading__text has-text-color\">Perfil de egreso<\/h2><\/div>\n\n\n\n<p>Los egresados de la carrera de Ciencias Ambientales poseen una formaci\u00f3n interdisciplinaria que les permite insertarse en diversos campos laborales.<\/p>\n\n\n\n<p>Se describen a continuaci\u00f3n los diversos perfiles de egreso en base a la inserci\u00f3n laboral:<\/p>\n\n\n\n<p><strong>Perfil 1: Evaluaci\u00f3n Ambiental<\/strong><\/p>\n\n\n\n<p>Consultor\u00eda y Evaluaci\u00f3n de Impacto Ambiental: Realizaci\u00f3n de estudios de impacto ambiental y evaluaciones de riesgo.<\/p>\n\n\n\n<p>Evaluaci\u00f3n de Riesgos Naturales: An\u00e1lisis y gesti\u00f3n de riesgos asociados a desastres naturales.<\/p>\n\n\n\n<p><strong>Perfil 2: Gesti\u00f3n de Recursos Naturales<\/strong><\/p>\n\n\n\n<p>Conservaci\u00f3n de la Biodiversidad: Proyectos de conservaci\u00f3n y restauraci\u00f3n de ecosistemas.<\/p>\n\n\n\n<p>Manejo de \u00c1reas Naturales Protegidas: Formar parte de los equipos de administraci\u00f3n de parques nacionales y \u00e1reas protegidas.<\/p>\n\n\n\n<p><strong>Perfil 3: Tecnolog\u00eda y Gesti\u00f3n Ambiental<\/strong><\/p>\n\n\n\n<p>Tecnolog\u00eda Ambiental: Desarrollo e implementaci\u00f3n de tecnolog\u00edas para la gesti\u00f3n de la contaminaci\u00f3n.<\/p>\n\n\n\n<p>Gesti\u00f3n de Residuos: Desarrollo e implementaci\u00f3n de sistemas de gesti\u00f3n de residuos.<\/p>\n\n\n\n<p><strong>Perfil 4: Gesti\u00f3n Ambiental en Empresas e Instituciones<\/strong><\/p>\n\n\n\n<p>Sistemas de Gesti\u00f3n Ambiental: Implementaci\u00f3n de sistemas de gesti\u00f3n ambiental en empresas seg\u00fan normas internacionales, como la normativa ISO.<\/p>\n\n\n\n<p>Auditor\u00edas Ambientales: Realizaci\u00f3n de auditor\u00edas para empresas p\u00fablicas y privadas.<\/p>\n\n\n\n<p><strong>Perfil 5: Educaci\u00f3n y Sensibilizaci\u00f3n Ambiental<\/strong><\/p>\n\n\n\n<p>Educaci\u00f3n Ambiental: Desarrollo de programas educativos y campa\u00f1as de sensibilizaci\u00f3n.<\/p>\n\n\n\n<p>Comunicaci\u00f3n Ambiental: Producci\u00f3n de contenido para medios de comunicaci\u00f3n y plataformas digitales relacionados con la sostenibilidad.<\/p>\n\n\n\n<p><strong>Perfil 6: Investigaci\u00f3n y Desarrollo<\/strong><\/p>\n\n\n\n<p>Investigaci\u00f3n Cient\u00edfica: Realizaci\u00f3n de investigaciones en universidades o centros de investigaci\u00f3n.<\/p>\n\n\n\n<p><strong>Perfil 7: Pol\u00edticas y Gobernanza Ambiental<\/strong><\/p>\n\n\n\n<p>Participaci\u00f3n Ciudadana y Gobernanza: Favorecer procesos participativos y de gobernanza ambiental, as\u00ed como desarrollo de pol\u00edticas ambientales a nivel local, nacional o internacional.<\/p>\n\n\n\n<p><strong>Perfil 8: Consultor\u00eda y Asesor\u00eda Ambiental<\/strong><\/p>\n\n\n\n<p>Consultor\u00eda Ambiental: Asesor\u00eda a empresas e instituciones en la implementaci\u00f3n de pr\u00e1cticas sostenibles. A su vez, evaluaci\u00f3n y mitigaci\u00f3n de impactos mediante el desarrollo de estrategias de menor impacto ambiental.<\/p>\n\n\n\n<p><strong>Perfil 9: Gesti\u00f3n de Recursos H\u00eddricos<\/strong><\/p>\n\n\n\n<p>Planificaci\u00f3n y Gesti\u00f3n de Recursos H\u00eddricos: Desarrollo de proyectos de gesti\u00f3n sostenible del agua en sectores urbanos, agr\u00edcolas e industriales.<\/p>\n\n\n\n<p>Tratamiento de Aguas Residuales: Implementaci\u00f3n de sistemas de tratamiento de aguas residuales.<\/p>\n<\/div><\/div><\/div>\n<\/div><\/div>\n","protected":false},"excerpt":{"rendered":"<p>Perfil de ingreso y egreso Perfil de ingreso Dado que no se exige ninguna formaci\u00f3n previa espec\u00edfica, el alumnado puede ser admitido en la titulaci\u00f3n de Grado en Ciencias Ambientales por la Universidad de La Laguna si re\u00fane los requisitos generales de acceso que establece la ley. No obstante, se considera muy recomendable haber adquirido&#8230;<\/p>\n","protected":false},"author":1,"featured_media":0,"parent":252,"menu_order":1,"comment_status":"closed","ping_status":"closed","template":"templates\/template-frontpage.php","meta":{"footnotes":""},"class_list":["post-37","page","type-page","status-publish","hentry"],"_links":{"self":[{"href":"https:\/\/www.ull.es\/grados\/ciencias-ambientales\/wp-json\/wp\/v2\/pages\/37","targetHints":{"allow":["GET"]}}],"collection":[{"href":"https:\/\/www.ull.es\/grados\/ciencias-ambientales\/wp-json\/wp\/v2\/pages"}],"about":[{"href":"https:\/\/www.ull.es\/grados\/ciencias-ambientales\/wp-json\/wp\/v2\/types\/page"}],"author":[{"embeddable":true,"href":"https:\/\/www.ull.es\/grados\/ciencias-ambientales\/wp-json\/wp\/v2\/users\/1"}],"replies":[{"embeddable":true,"href":"https:\/\/www.ull.es\/grados\/ciencias-ambientales\/wp-json\/wp\/v2\/comments?post=37"}],"version-history":[{"count":25,"href":"https:\/\/www.ull.es\/grados\/ciencias-ambientales\/wp-json\/wp\/v2\/pages\/37\/revisions"}],"predecessor-version":[{"id":1624,"href":"https:\/\/www.ull.es\/grados\/ciencias-ambientales\/wp-json\/wp\/v2\/pages\/37\/revisions\/1624"}],"up":[{"embeddable":true,"href":"https:\/\/www.ull.es\/grados\/ciencias-ambientales\/wp-json\/wp\/v2\/pages\/252"}],"wp:attachment":[{"href":"https:\/\/www.ull.es\/grados\/ciencias-ambientales\/wp-json\/wp\/v2\/media?parent=37"}],"curies":[{"name":"wp","href":"https:\/\/api.w.org\/{rel}","templated":true}]}}