{"id":34,"date":"2017-06-28T12:52:52","date_gmt":"2017-06-28T12:52:52","guid":{"rendered":"http:\/\/www.ull.es\/masteres\/desarrollo-y-gestion-de-recursos-humanos\/?page_id=24"},"modified":"2025-12-12T09:38:53","modified_gmt":"2025-12-12T09:38:53","slug":"estructura-del-plan-de-estudios","status":"publish","type":"page","link":"https:\/\/www.ull.es\/grados\/conservacion-restauracion-bienes-culturales\/en\/plan-de-estudios\/estructura-del-plan-de-estudios\/","title":{"rendered":"Curriculum structure"},"content":{"rendered":"\n<div class=\"wp-block-stackable-columns alignfull stk-block-columns stk-block stk-8657999\" data-block-id=\"8657999\"><style>.stk-8657999 {padding-bottom:0px !important;margin-top:-30px !important;margin-bottom:0px !important;}@media screen and (max-width: 767px){.stk-8657999 {margin-top:-10% !important;}}<\/style><div class=\"stk-row stk-inner-blocks stk-block-content stk-content-align stk-8657999-column alignfull\">\n<div class=\"wp-block-stackable-column stk-block-column stk-column stk-block stk-914f03e\" data-v=\"4\" data-block-id=\"914f03e\"><div class=\"stk-column-wrapper stk-block-column__content stk-container stk-914f03e-container stk--no-background stk--no-padding\"><div class=\"stk-block-content stk-inner-blocks stk-914f03e-inner-blocks\"><style id=\"depicter-1-inline-pre-css\">\n\n.depicter-1:not(.depicter-ready){\n\theight:500px;\n}\n\n\/***** Tablet *****\/\n@media screen and (max-width: 1024px){\n\n.depicter-1:not(.depicter-ready){\n\theight:700px;\n}\n\n}\n\/***** Mobile *****\/\n@media screen and (max-width: 767px){\n\n.depicter-1:not(.depicter-ready){\n\theight:360px;\n}\n\n}\n<\/style>\n<div id=\"depicter-1\" class=\"depicter depicter-document depicter-revert depicter-1 depicter-layout-fullwidth\">\n\n<div class=\"depicter-loading-container depicter-loading dotFlashing-dark\"><div class=\"depicter-loading-dark depicter-dot-flashing\">\n   <span><\/span>\n   <span><\/span>\n   <span><\/span>\n<\/div>\n<\/div>\n<div id=\"depicter-1-section-1\" class=\"depicter-section depicter-1-section-1\" data-name=\"Section 1\" data-type=\"section\" data-local-id=\"section-1\">\n<picture class=\"depicter-bg\">\n<source data-depicter-srcset=\"https:\/\/www.ull.es\/grados\/conservacion-restauracion-bienes-culturales\/wp-content\/uploads\/sites\/2\/2025\/03\/Slider_Conservacion-768x248.jpg, https:\/\/www.ull.es\/grados\/conservacion-restauracion-bienes-culturales\/wp-content\/uploads\/sites\/2\/2025\/03\/Slider_Conservacion.jpg 2x\" srcset=\"data:image\/gif;base64,R0lGODlhAQABAIAAAAAAAP\/\/\/yH5BAEAAAAALAAAAAABAAEAAAIBRAA7\" media=\"(max-width: 1024px)\" \/>\n\n<source data-depicter-srcset=\"https:\/\/www.ull.es\/grados\/conservacion-restauracion-bienes-culturales\/wp-content\/uploads\/sites\/2\/2025\/03\/Slider_Conservacion.jpg, https:\/\/www.ull.es\/grados\/conservacion-restauracion-bienes-culturales\/wp-content\/uploads\/sites\/2\/2025\/03\/Slider_Conservacion-1920x620.jpg 2x\" srcset=\"data:image\/gif;base64,R0lGODlhAQABAIAAAAAAAP\/\/\/yH5BAEAAAAALAAAAAABAAEAAAIBRAA7\" media=\"(min-width: 1025px)\" \/>\n<img decoding=\"async\" src=\"data:image\/gif;base64,R0lGODlhAQABAIAAAAAAAP\/\/\/yH5BAEAAAAALAAAAAABAAEAAAIBRAA7\" data-ken-burns=\"false\" data-tablet-ken-burns=\"false\" data-mobile-ken-burns=\"false\" alt=\"\" data-depicter-src=\"https:\/\/www.ull.es\/grados\/conservacion-restauracion-bienes-culturales\/wp-content\/uploads\/sites\/2\/2025\/03\/Slider_Conservacion.jpg\" data-object-fit=\"custom,custom,\" data-object-position=\"center top,,\" data-crop=\"{'focalPoint':{'x':0.5,'y':0.5},'mediaSize':{'width':1548.387096774193423698307015001773834228515625,'height':499.99999999999994315658113919198513031005859375}}\" data-tablet-crop=\"{'focalPoint':{'x':0.5,'y':0.5},'mediaSize':{'width':2167.7419354838712024502456188201904296875,'height':700.0000000000001136868377216160297393798828125}}\" data-mobile-crop=\"{'focalPoint':{'x':0.5,'y':0.5},'mediaSize':{'width':1114.8387096774195015314035117626190185546875,'height':360}}\" \/>\n<\/picture>\n\n\n<h1 id=\"depicter-1-element-5\" class=\"depicter-element depicter-layer depicter-1-element-5\" data-type=\"text\" data-wrap=\"true\" data-name=\"Text 2\" data-local-id=\"element-5\" data-offset=\"x:58px;y:115px;origin:tl\" data-tablet-offset=\"x:218px;y:264px;origin:tl\" data-mobile-offset=\"x:6px;y:-136px;origin:tl\" data-width=\"1027px,589px,348px\" data-height=\"auto,auto,auto\" data-responsive-scale=\"true,,\">Grado en Conservaci\u00f3n y Restauraci\u00f3n de Bienes Culturales<\/h1>\n\n<div id=\"depicter-1-element-10\" class=\"depicter-element depicter-layer depicter-1-element-10\" data-type=\"shape\" data-wrap=\"true\" data-name=\"Shape 1\" data-local-id=\"element-10\" data-offset=\"x:58px;y:385px;origin:tl\" data-tablet-offset=\"x:218px;y:443px;origin:tl\" data-mobile-offset=\"x:6px;y:77px;origin:tl\" data-width=\"968px,555px,348px\" data-height=\"8px,8px,8px\" data-responsive-scale=\"true,,\"><\/div>\n<\/div>\n<\/div>\n<script>\n(window.depicterSetups = window.depicterSetups || []).push(function(){\n\tDepicter.basePath = 'https:\/\/www.ull.es\/grados\/conservacion-restauracion-bienes-culturales\/wp-content\/plugins\/depicter\/resources\/scripts\/player\/';\n\tconst dpPlayer = Depicter.setup('.depicter-1',\n\t\t{\"width\":[\"1200\",\"1024\",\"360\"],\"height\":[\"500\",\"700\",\"360\"],\"view\":\"basic\",\"keepAspectRatio\":true,\"preload\":0,\"layout\":\"fullwidth\",\"rtl\":false,\"initAfterAppear\":false,\"ajaxApiUrl\":\"https:\\\/\\\/www.ull.es\\\/grados\\\/conservacion-restauracion-bienes-culturales\\\/wp-admin\\\/admin-ajax.php\",\"mouseSwipe\":true,\"touchSwipe\":true,\"useWatermark\":false}\n\t);\n});\n<\/script><\/div><\/div><\/div>\n<\/div><\/div>\n\n\n\n<div class=\"wp-block-stackable-columns alignfull stk-block-columns stk--hide-mobile stk-block stk-ceecbdc stk-block-background\" data-block-id=\"ceecbdc\"><style>.stk-ceecbdc {background-color:#360060 !important;padding-top:35px !important;padding-right:0px !important;padding-bottom:2px !important;padding-left:0px !important;margin-top:-20px !important;margin-bottom:70px !important;}.stk-ceecbdc:before{background-color:#360060 !important;}<\/style><div class=\"stk-row stk-inner-blocks stk-block-content stk-content-align stk-ceecbdc-column alignfull\">\n<div class=\"wp-block-stackable-column stk-block-column stk-column stk-block stk-fc60a5d\" data-v=\"4\" data-block-id=\"fc60a5d\"><div class=\"stk-column-wrapper stk-block-column__content stk-container stk-fc60a5d-container stk--no-background stk--no-padding\"><div class=\"stk-block-content stk-inner-blocks stk-fc60a5d-inner-blocks\">\n<div class=\"wp-block-stackable-spacer stk-block-spacer stk--no-padding stk-block stk-a3a8a68\" data-block-id=\"a3a8a68\"><style>.stk-a3a8a68 {height:0px !important;}<\/style><\/div>\n<\/div><\/div><\/div>\n<\/div><\/div>\n\n\n\n<div class=\"wp-block-stackable-columns stk-block-columns stk-block stk-8b59b96\" data-block-id=\"8b59b96\"><style>.stk-8b59b96 .stk--block-align-8b59b96{align-items:flex-start !important;}.stk-8b59b96 {margin-top:25px !important;}.stk-8b59b96-column{--stk-columns-spacing:0px !important;--stk-column-gap:50px !important;}@media screen and (max-width: 767px){.stk-8b59b96-column{row-gap:var(--stk--preset--spacing--60, 2.25rem) !important;}}<\/style><div class=\"stk-row stk-inner-blocks stk--block-align-8b59b96 stk-block-content stk-content-align stk-8b59b96-column\">\n<div class=\"wp-block-stackable-column stk-block-column stk-column stk-block stk-dbb7e15\" data-v=\"4\" data-block-id=\"dbb7e15\"><div class=\"stk-column-wrapper stk-block-column__content stk-container stk-dbb7e15-container stk--no-background stk--no-padding\"><div class=\"stk-block-content stk-inner-blocks stk-dbb7e15-inner-blocks\">\n<div class=\"wp-block-stackable-heading stk-block-heading stk-block-heading--v2 stk-block stk-689c258\" id=\"estructura-del-plan-de-estudios\" data-block-id=\"689c258\"><style>.stk-689c258 .stk-block-heading__text{color:#5c068c !important;}<\/style><h1 class=\"stk-block-heading__text has-text-color\">Estructura del Plan de estudios<\/h1><\/div>\n\n\n\n<div class=\"wp-block-stackable-text stk-block-text stk-block stk-c757f6a\" data-block-id=\"c757f6a\"><p class=\"stk-block-text__text\">La planificaci\u00f3n de las ense\u00f1anzas del t\u00edtulo de Graduado en Conservaci\u00f3n y Restauraci\u00f3n de Bienes Culturales supone la vertebraci\u00f3n de contenidos, sistemas y metodolog\u00edas que hacen posible la adquisici\u00f3n de los conocimientos, capacidades, habilidades y destrezas b\u00e1sicas necesarias para que los graduados en conservaci\u00f3n y restauraci\u00f3n de bienes culturales puedan desarrollar el cometido fundamental que define la profesi\u00f3n. Dicho cometido no es otro que la preservaci\u00f3n de los bienes culturales, que consiste en el examen y el diagn\u00f3stico de los mismos, en su conservaci\u00f3n preventiva y curativa, en su restauraci\u00f3n as\u00ed como en su documentaci\u00f3n, seg\u00fan se especifica en el perfil profesional definido en el Libro Blanco de la titulaci\u00f3n.<\/p><\/div>\n\n\n\n<p>El plan de estudios elaborado en base al marco normativo para la ordenaci\u00f3n y verificaci\u00f3n de las ense\u00f1anzas universitarias oficiales \u2013el Real Decreto 1393\/2007\u2013 (modificado por R.D. 861\/2010), y las directrices desarrolladas por la Universidad de La Laguna, est\u00e1 estructurado en las siguientes materias:<\/p>\n\n\n\n<div class=\"wp-block-stackable-spacer stk-block-spacer stk--no-padding stk-block stk-7352001\" data-block-id=\"7352001\"><\/div>\n\n\n\n<style>\n.hoverable {\n  transition: transform 0.3s, box-shadow 0.3s;\n  cursor: pointer;\n}\n.hoverable:hover {\n  transform: scale(1.02);\n  box-shadow: 0 0.5rem 1rem rgba(0,0,0,0.25);\n  \/* No background-color change to keep original color *\/\n}\n<\/style>\n<table border=\"0\" width=\"78%\">\n<tbody>\n<tr>\n<th colspan=\"2\">Distribuci\u00f3n del plan de estudios por tipo de materia<\/th>\n<\/tr>\n<tr>\n<td class=\"th1\" width=\"25%\"><strong>Tipo de Materia\n<\/strong><\/td>\n<td class=\"th1\" width=\"75%\"><strong>Cr\u00e9ditos<\/strong><\/td>\n<\/tr>\n<tr>\n<td class=\"td1\">Formaci\u00f3n b\u00e1sica<\/td>\n<td class=\"td1\">60<\/td>\n<\/tr>\n<tr>\n<td class=\"td2\">Obligatorias<\/td>\n<td class=\"td2\">126<\/td>\n<\/tr>\n<tr>\n<td class=\"td1\">Optativas<\/td>\n<td class=\"td1\">24<\/td>\n<\/tr>\n<tr>\n<td class=\"td2\">Pr\u00e1cticas en empresas<\/td>\n<td class=\"td2\">12<\/td>\n<\/tr>\n<tr>\n<td class=\"td1\">Trabajo Fin de Grado<\/td>\n<td class=\"td1\">18<\/td>\n<\/tr>\n<tr>\n<td>TOTAL<\/td>\n<td>240<\/td>\n<\/tr>\n<\/tbody>\n<\/table>\n\n\n\n<div class=\"wp-block-stackable-text stk-block-text stk-block stk-a77cfcb\" data-block-id=\"a77cfcb\"><p class=\"stk-block-text__text\">El plan de estudios se estructura en ocho m\u00f3dulos: Formaci\u00f3n B\u00e1sica 1; Conservaci\u00f3n y Restauraci\u00f3n 1; Materiales, T\u00e9cnicas y Procedimientos; Examen, Diagn\u00f3stico y Documentaci\u00f3n; Conservaci\u00f3n y Restauraci\u00f3n 2; Materias optativas; Trabajo de Fin de Grado; y Pr\u00e1cticas en Empresas.<\/p><\/div>\n\n\n\n<style>\n\/* Efectos hover globales *\/\ntable td, table th {\n  transition: transform 0.2s, box-shadow 0.2s;\n}\ntable td:hover, table th:hover {\n  transform: scale(1.02);\n  box-shadow: 0 0.75rem 1.5rem rgba(0,0,0,0.15);\n}\n\/* Estilo general de tabla *\/\ntable {\n  border-collapse: separate;\n  border-spacing: 0;\n  width: 100%;\n  box-shadow: 0 0.5rem 1rem rgba(0,0,0,0.15);\n  border-radius: 1.5rem;\n  overflow: hidden;\n  font-family: 'Segoe UI', Tahoma, Geneva, Verdana, sans-serif;\n  margin-bottom: 2rem;\n}\ntable th, table td {\n  border: 1px solid #dee2e6;\n  padding: 10px 12px;\n  vertical-align: middle;\n  text-align: center;\n}\ntable th {\n  background-color: #360060;\n  color: #fff;\n  font-weight: bold;\n}\ntr:nth-child(even) td {\n  background-color: #f8f8fc;\n}\n.th1 {\n  background-color: #490a79 !important;\n  color: #fff !important;\n  font-weight: bold;\n}\n.th2 {\n  background-color: #5C068C !important;\n  color: #fff !important;\n  font-weight: bold;\n}\n.td1 {\n  background-color: #ffffff;\n}\n.td2 {\n  background-color: #f8f8fc;\n}\n<\/style>\n<table border=\"0\" cellspacing=\"0\" cellpadding=\"0\">\n<tbody>\n<tr>\n<th class=\"th3\" colspan=\"3\">Primer cuatrimestre<\/th>\n<th class=\"th3\" colspan=\"2\">Segundo cuatrimestre<\/th>\n<\/tr>\n<tr>\n<th>Asignatura<\/th>\n<td><\/td>\n<th>Cr\u00e9ditos<\/th>\n<th>Asignatura<\/th>\n<th>Cr\u00e9ditos<\/th>\n<\/tr>\n<tr>\n<th class=\"th1\" colspan=\"5\">Primer curso<\/th>\n<\/tr>\n<tr>\n<td class=\"td1\">T\u00e9cnicas de Expresi\u00f3n en Idioma Moderno<\/td>\n<td><\/td>\n<td class=\"td1\">6<\/td>\n<td class=\"td1\">Antropolog\u00eda Cultural<\/td>\n<td class=\"td1\">6<\/td>\n<\/tr>\n<tr>\n<td class=\"td2\">Escultura<\/td>\n<td><\/td>\n<td class=\"td2\">6<\/td>\n<td class=\"td2\">Introducci\u00f3n a la Historia<\/td>\n<td class=\"td2\">6<\/td>\n<\/tr>\n<tr>\n<td class=\"td1\">Introducci\u00f3n a la Historia del Arte<\/td>\n<td><\/td>\n<td class=\"td1\">6<\/td>\n<td class=\"td1\">Introducci\u00f3n a los Problemas Filos\u00f3ficos<\/td>\n<td class=\"td1\">6<\/td>\n<\/tr>\n<tr>\n<td class=\"td2\">Pintura<\/td>\n<td><\/td>\n<td class=\"td2\">6<\/td>\n<td class=\"td2\">Cultura visual y creaci\u00f3n art\u00edstica contempor\u00e1nea<\/td>\n<td class=\"td2\">6<\/td>\n<\/tr>\n<tr>\n<td class=\"td1\">Dibujo<\/td>\n<td><\/td>\n<td class=\"td1\">6<\/td>\n<td class=\"td1\">Fotograf\u00eda<\/td>\n<td class=\"td1\">6<\/td>\n<\/tr>\n<tr>\n<th class=\"th1\" colspan=\"5\">Segundo curso<\/th>\n<\/tr>\n<tr>\n<td class=\"td2\">Ordenaci\u00f3n Jur\u00eddico-administrativa de los bienes culturales<\/td>\n<td><\/td>\n<td class=\"td2\">6<\/td>\n<td class=\"td2\">Conservaci\u00f3n y restauraci\u00f3n de pintura de caballete I<\/td>\n<td class=\"td2\">6<\/td>\n<\/tr>\n<tr>\n<td class=\"td1\">T\u00e9cnicas de dibujo sobre papel y su conservaci\u00f3n<\/td>\n<td><\/td>\n<td class=\"td1\">6<\/td>\n<td class=\"td1\">Conservaci\u00f3n y restauraci\u00f3n de escultura I<\/td>\n<td class=\"td1\">6<\/td>\n<\/tr>\n<tr>\n<td class=\"td2\">Naturaleza de los materiales<\/td>\n<td><\/td>\n<td class=\"td2\">6<\/td>\n<td class=\"td2\">Factores de deterioro<\/td>\n<td class=\"td2\">6<\/td>\n<\/tr>\n<tr>\n<td class=\"td1\">Materiales, t\u00e9cnicas y procedimientos I\n(Escultura)<\/td>\n<td><\/td>\n<td class=\"td1\">6<\/td>\n<td class=\"td1\">Materiales, t\u00e9cnicas y procedimientos II (Pintura)<\/td>\n<td class=\"td1\">6<\/td>\n<\/tr>\n<tr>\n<td class=\"td2\">Catalogaci\u00f3n y documentaci\u00f3n hist\u00f3rica de los bienes culturales<\/td>\n<td><\/td>\n<td class=\"td2\">6<\/td>\n<td class=\"td2\">T\u00e9cnicas fotogr\u00e1ficas de documentaci\u00f3n<\/td>\n<td class=\"td2\">6<\/td>\n<\/tr>\n<tr>\n<th class=\"th1\" colspan=\"5\">Tercer curso<\/th>\n<\/tr>\n<tr>\n<td class=\"td1\">Conservaci\u00f3n y restauraci\u00f3n de pintura de caballete II<\/td>\n<td><\/td>\n<td class=\"td1\">6<\/td>\n<td class=\"td1\">Conservaci\u00f3n y restauraci\u00f3n de pintura de caballete III<\/td>\n<td class=\"td1\">6<\/td>\n<\/tr>\n<tr>\n<td class=\"td2\">Conservaci\u00f3n y restauraci\u00f3n de escultura II<\/td>\n<td><\/td>\n<td class=\"td2\">6<\/td>\n<td class=\"td2\">Seguridad y salud<\/td>\n<td class=\"td2\">6<\/td>\n<\/tr>\n<tr>\n<td class=\"td1\">Conservaci\u00f3n y restauraci\u00f3n de material p\u00e9treo<\/td>\n<td><\/td>\n<td class=\"td1\">6<\/td>\n<td class=\"td1\">Conservaci\u00f3n y restauraci\u00f3n de arte contempor\u00e1neo<\/td>\n<td class=\"td1\">6<\/td>\n<\/tr>\n<tr>\n<td class=\"td2\">Materiales, t\u00e9cnicas y procedimientos III (Pintura)<\/td>\n<td><\/td>\n<td class=\"td2\">6<\/td>\n<td class=\"td2\">Materiales, t\u00e9cnicas y procedimientos IV (Escultura)<\/td>\n<td class=\"td2\">6<\/td>\n<\/tr>\n<tr>\n<td class=\"td2\">T\u00e9cnicas anal\u00edticas<\/td>\n<td><\/td>\n<td class=\"td2\">6<\/td>\n<td class=\"td2\">Conservaci\u00f3n preventiva de los bienes culturales<\/td>\n<td class=\"td2\">6<\/td>\n<\/tr>\n<tr>\n<th class=\"th1\" colspan=\"5\">Cuarto curso<\/th>\n<\/tr>\n<tr>\n<td class=\"td1\">Conservaci\u00f3n y restauraci\u00f3n de retablos<\/td>\n<td><\/td>\n<td class=\"td1\">6<\/td>\n<td class=\"td1\">Trabajo Fin de Grado<\/td>\n<td class=\"td1\">18<\/td>\n<\/tr>\n<tr>\n<td class=\"td2\">Optativa<\/td>\n<td><\/td>\n<td class=\"td2\">6<\/td>\n<td class=\"td2\">Practicum<\/td>\n<td class=\"td2\">12<\/td>\n<\/tr>\n<tr>\n<td class=\"td1\">Optativa<\/td>\n<td><\/td>\n<td class=\"td1\">6<\/td>\n<td class=\"td1\"><\/td>\n<td class=\"td1\"><\/td>\n<\/tr>\n<tr>\n<td class=\"td2\">Optativa<\/td>\n<td><\/td>\n<td class=\"td2\">6<\/td>\n<td class=\"td2\"><\/td>\n<td class=\"td2\"><\/td>\n<\/tr>\n<tr>\n<td class=\"td2\">Optativa<\/td>\n<td><\/td>\n<td class=\"td2\">6<\/td>\n<td class=\"td2\"><\/td>\n<td class=\"td2\"><\/td>\n<\/tr>\n<tr>\n<th class=\"th1\" colspan=\"5\">Optativas<\/th>\n<\/tr>\n<tr>\n<td class=\"td1\">Iconograf\u00eda<\/td>\n<td><\/td>\n<td class=\"td1\">6<\/td>\n<td class=\"td1\"><\/td>\n<td class=\"td1\"><\/td>\n<\/tr>\n<tr>\n<td class=\"td2\">Dibujo cient\u00edfico<\/td>\n<td><\/td>\n<td class=\"td2\">6<\/td>\n<td class=\"td2\"><\/td>\n<td class=\"td2\"><\/td>\n<\/tr>\n<tr>\n<td class=\"td1\">Arte contempor\u00e1neo<\/td>\n<td><\/td>\n<td class=\"td1\">6<\/td>\n<td class=\"td1\"><\/td>\n<td class=\"td1\"><\/td>\n<\/tr>\n<tr>\n<td class=\"td2\">Pintura mural<\/td>\n<td><\/td>\n<td class=\"td2\">6<\/td>\n<td class=\"td2\"><\/td>\n<td class=\"td2\"><\/td>\n<\/tr>\n<tr>\n<td class=\"td2\">Introducci\u00f3n a la conservaci\u00f3n y restauraci\u00f3n arqueol\u00f3gica<\/td>\n<td><\/td>\n<td class=\"td2\">6<\/td>\n<td class=\"td2\"><\/td>\n<td class=\"td2\"><\/td>\n<\/tr>\n<tr>\n<td class=\"td2\">Museolog\u00eda<\/td>\n<td><\/td>\n<td class=\"td2\">6<\/td>\n<td class=\"td2\"><\/td>\n<td class=\"td2\"><\/td>\n<\/tr>\n<tr>\n<td class=\"td2\">Digitalizado tridimensional y patrimonio<\/td>\n<td><\/td>\n<td class=\"td2\">6<\/td>\n<td class=\"td2\"><\/td>\n<td class=\"td2\"><\/td>\n<\/tr>\n<tr>\n<td class=\"td2\">Patrimonio cultural de Canarias<\/td>\n<td><\/td>\n<td class=\"td2\">6<\/td>\n<td class=\"td2\"><\/td>\n<td class=\"td2\"><\/td>\n<\/tr>\n<\/tbody>\n<\/table>\n<\/div><\/div><\/div>\n<\/div><\/div>\n","protected":false},"excerpt":{"rendered":"<p>Curriculum Structure The curriculum planning for the Graduate Degree in Conservation and Restoration of Cultural Assets involves the structuring of content, systems, and methodologies that enable the acquisition of the basic knowledge, capabilities, skills, and abilities required for graduates in the conservation and restoration of cultural assets to\u2026<\/p>","protected":false},"author":1,"featured_media":0,"parent":270,"menu_order":0,"comment_status":"closed","ping_status":"closed","template":"templates\/template-frontpage.php","meta":{"footnotes":""},"class_list":["post-34","page","type-page","status-publish","hentry"],"_links":{"self":[{"href":"https:\/\/www.ull.es\/grados\/conservacion-restauracion-bienes-culturales\/en\/wp-json\/wp\/v2\/pages\/34","targetHints":{"allow":["GET"]}}],"collection":[{"href":"https:\/\/www.ull.es\/grados\/conservacion-restauracion-bienes-culturales\/en\/wp-json\/wp\/v2\/pages"}],"about":[{"href":"https:\/\/www.ull.es\/grados\/conservacion-restauracion-bienes-culturales\/en\/wp-json\/wp\/v2\/types\/page"}],"author":[{"embeddable":true,"href":"https:\/\/www.ull.es\/grados\/conservacion-restauracion-bienes-culturales\/en\/wp-json\/wp\/v2\/users\/1"}],"replies":[{"embeddable":true,"href":"https:\/\/www.ull.es\/grados\/conservacion-restauracion-bienes-culturales\/en\/wp-json\/wp\/v2\/comments?post=34"}],"version-history":[{"count":76,"href":"https:\/\/www.ull.es\/grados\/conservacion-restauracion-bienes-culturales\/en\/wp-json\/wp\/v2\/pages\/34\/revisions"}],"predecessor-version":[{"id":1389,"href":"https:\/\/www.ull.es\/grados\/conservacion-restauracion-bienes-culturales\/en\/wp-json\/wp\/v2\/pages\/34\/revisions\/1389"}],"up":[{"embeddable":true,"href":"https:\/\/www.ull.es\/grados\/conservacion-restauracion-bienes-culturales\/en\/wp-json\/wp\/v2\/pages\/270"}],"wp:attachment":[{"href":"https:\/\/www.ull.es\/grados\/conservacion-restauracion-bienes-culturales\/en\/wp-json\/wp\/v2\/media?parent=34"}],"curies":[{"name":"wp","href":"https:\/\/api.w.org\/{rel}","templated":true}]}}